{"id":999415,"date":"2026-04-28T16:11:59","date_gmt":"2026-04-28T14:11:59","guid":{"rendered":"https:\/\/stilanddesign.se\/?post_type=product&#038;p=999415"},"modified":"2026-04-28T16:11:24","modified_gmt":"2026-04-28T14:11:24","slug":"cool-tunika-med-volanger-kras-runt-halsen-6","status":"publish","type":"product","link":"https:\/\/stilanddesign.se\/en\/product\/cool-tunika-med-volanger-kras-runt-halsen-6\/","title":{"rendered":"Cool tunic with ruffles\/frills around the neck!"},"content":{"rendered":"<h1 class=\"alt-font\"><strong>Cool tunic with ruffles\/frills around the neck!<\/strong><\/h1>\n<p>Is elastic around the neck so you can also wear the tunic like a single-breasted blouse<\/p>\n<p><strong>Measure:<\/strong><\/p>\n<p><strong>S\/M<\/strong><\/p>\n<p>Armpit to armpit circumference: approx. 112 cm<\/p>\n<p>Length shaft<span style=\"font-size: 14.4px;\">and down: approx. 67 cm<\/span><\/p>\n<p style=\"font-size: 14.4px;\"><strong>L\/XL<\/strong><\/p>\n<p style=\"font-size: 14.4px;\">Armpit to armpit circumference: approx. 120 cm<\/p>\n<p style=\"font-size: 14.4px;\">Length from shoulder to bottom: approx. 68 cm<\/p>\n<p style=\"font-size: 14.4px;\">S\/M &amp; L\/XL, more large than small in size.<\/p>\n<table class=\"t1054qxn\" style=\"font-size: 14.4px;\">\n<tbody>\n<tr>\n<th>Paint<\/th>\n<td>Light Beige<\/td>\n<\/tr>\n<tr>\n<th>Washing instructions<\/th>\n<td>30 degrees<\/td>\n<\/tr>\n<tr>\n<th>Stretchy<\/th>\n<td>\n<div>Yes<\/div>\n<\/td>\n<\/tr>\n<tr>\n<th>Material<\/th>\n<td>100% Polyester<\/td>\n<\/tr>\n<\/tbody>\n<\/table>","protected":false},"excerpt":{"rendered":"<h1 class=\"alt-font\"><strong>Cool tunic with ruffles\/frills around the neck!<\/strong><\/h1>\n<p>Is elastic around the neck so you can also wear the tunic like a single-breasted blouse<\/p>\n<p><strong>Measure:<\/strong><\/p>\n<p><strong>S\/M<\/strong><\/p>\n<p>Armpit to armpit circumference: approx. 112 cm<\/p>\n<p>Length shaft<span style=\"font-size: 14.4px;\">and down: approx. 67 cm<\/span><\/p>\n<p style=\"font-size: 14.4px;\"><strong>L\/XL<\/strong><\/p>\n<p style=\"font-size: 14.4px;\">Armpit to armpit circumference: approx. 120 cm<\/p>\n<p style=\"font-size: 14.4px;\">Length from shoulder to bottom: approx. 68 cm<\/p>\n<p style=\"font-size: 14.4px;\">S\/M &amp; L\/XL, more large than small in size.<\/p>\n<table class=\"t1054qxn\" style=\"font-size: 14.4px;\">\n<tbody>\n<tr>\n<th>Paint<\/th>\n<td>Light Beige<\/td>\n<\/tr>\n<tr>\n<th>Washing instructions<\/th>\n<td>30 degrees<\/td>\n<\/tr>\n<tr>\n<th>Stretchy<\/th>\n<td>\n<div>Yes<\/div>\n<\/td>\n<\/tr>\n<tr>\n<th>Material<\/th>\n<td>100% Polyester<\/td>\n<\/tr>\n<\/tbody>\n<\/table>","protected":false},"featured_media":999510,"comment_status":"closed","ping_status":"closed","template":"","meta":[],"product_brand":[],"product_cat":[211,217,225],"product_tag":[],"class_list":{"0":"post-999415","1":"product","2":"type-product","3":"status-publish","4":"has-post-thumbnail","6":"product_cat-blusar","7":"product_cat-produktnyheter","8":"product_cat-tunikor","10":"first","11":"instock","12":"taxable","13":"shipping-taxable","14":"purchasable","15":"product-type-variable"},"yoast_head":"<!-- This site is optimized with the Yoast SEO Premium plugin v27.4 (Yoast SEO v27.4) - https:\/\/yoast.com\/product\/yoast-seo-premium-wordpress\/ -->\n<title>Cool tunika med volanger\/kr\u00e5s runt halsen! - Stil &amp; Design<\/title>\n<meta name=\"robots\" content=\"index, follow, max-snippet:-1, max-image-preview:large, max-video-preview:-1\" \/>\n<link rel=\"canonical\" href=\"https:\/\/stilanddesign.se\/en\/product\/cool-tunika-med-volanger-kras-runt-halsen-6\/\" \/>\n<meta property=\"og:locale\" content=\"en_US\" \/>\n<meta property=\"og:type\" content=\"article\" \/>\n<meta property=\"og:title\" content=\"Cool tunika med volanger\/kr\u00e5s runt halsen!\" \/>\n<meta property=\"og:description\" content=\"Cool tunika med volanger\/kr\u00e5s runt halsen! \u00c4r res\u00e5r runt halsen s\u00e5 man kan \u00e4ven ha tunikan likt en singoalla blus  M\u00e5tt:  S\/M  Armh\u00e5la till armh\u00e5la omkrets: ca 112 cm  L\u00e4ngd axeloch ner: ca 67 cm L\/XL Armh\u00e5la till armh\u00e5la omkrets: ca 120 cm L\u00e4ngd axel och ner: ca 68 cm S\/M &amp; L\/XL, mer stor \u00e4n liten i storleken.     F\u00e4rg Ljus Beige   Tv\u00e4ttr\u00e5d 30 grader   Stretchig  Ja   Material 100% Polyester\" \/>\n<meta property=\"og:url\" content=\"https:\/\/stilanddesign.se\/en\/product\/cool-tunika-med-volanger-kras-runt-halsen-6\/\" \/>\n<meta property=\"og:site_name\" content=\"Stil &amp; Design\" \/>\n<meta property=\"og:image\" content=\"https:\/\/stilanddesign.se\/wp-content\/uploads\/2024\/11\/3-scaled-1.jpg\" \/>\n\t<meta property=\"og:image:width\" content=\"1568\" \/>\n\t<meta property=\"og:image:height\" content=\"2560\" \/>\n\t<meta property=\"og:image:type\" content=\"image\/jpeg\" \/>\n<meta name=\"twitter:card\" content=\"summary_large_image\" \/>\n<meta name=\"twitter:label1\" content=\"Est. reading time\" \/>\n\t<meta name=\"twitter:data1\" content=\"1 minute\" \/>\n<script type=\"application\/ld+json\" class=\"yoast-schema-graph\">{\"@context\":\"https:\\\/\\\/schema.org\",\"@graph\":[{\"@type\":\"WebPage\",\"@id\":\"https:\\\/\\\/stilanddesign.se\\\/produkt\\\/cool-tunika-med-volanger-kras-runt-halsen-6\\\/\",\"url\":\"https:\\\/\\\/stilanddesign.se\\\/produkt\\\/cool-tunika-med-volanger-kras-runt-halsen-6\\\/\",\"name\":\"Cool tunika med volanger\\\/kr\u00e5s runt halsen! - Stil &amp; Design\",\"isPartOf\":{\"@id\":\"https:\\\/\\\/stilanddesign.se\\\/#website\"},\"primaryImageOfPage\":{\"@id\":\"https:\\\/\\\/stilanddesign.se\\\/produkt\\\/cool-tunika-med-volanger-kras-runt-halsen-6\\\/#primaryimage\"},\"image\":{\"@id\":\"https:\\\/\\\/stilanddesign.se\\\/produkt\\\/cool-tunika-med-volanger-kras-runt-halsen-6\\\/#primaryimage\"},\"thumbnailUrl\":\"https:\\\/\\\/stilanddesign.se\\\/wp-content\\\/uploads\\\/2024\\\/11\\\/3-scaled-1.jpg\",\"datePublished\":\"2026-04-28T14:11:59+00:00\",\"breadcrumb\":{\"@id\":\"https:\\\/\\\/stilanddesign.se\\\/produkt\\\/cool-tunika-med-volanger-kras-runt-halsen-6\\\/#breadcrumb\"},\"inLanguage\":\"en-US\",\"potentialAction\":[{\"@type\":\"ReadAction\",\"target\":[\"https:\\\/\\\/stilanddesign.se\\\/produkt\\\/cool-tunika-med-volanger-kras-runt-halsen-6\\\/\"]}]},{\"@type\":\"ImageObject\",\"inLanguage\":\"en-US\",\"@id\":\"https:\\\/\\\/stilanddesign.se\\\/produkt\\\/cool-tunika-med-volanger-kras-runt-halsen-6\\\/#primaryimage\",\"url\":\"https:\\\/\\\/stilanddesign.se\\\/wp-content\\\/uploads\\\/2024\\\/11\\\/3-scaled-1.jpg\",\"contentUrl\":\"https:\\\/\\\/stilanddesign.se\\\/wp-content\\\/uploads\\\/2024\\\/11\\\/3-scaled-1.jpg\",\"width\":1568,\"height\":2560},{\"@type\":\"BreadcrumbList\",\"@id\":\"https:\\\/\\\/stilanddesign.se\\\/produkt\\\/cool-tunika-med-volanger-kras-runt-halsen-6\\\/#breadcrumb\",\"itemListElement\":[{\"@type\":\"ListItem\",\"position\":1,\"name\":\"Hem\",\"item\":\"https:\\\/\\\/stilanddesign.se\\\/\"},{\"@type\":\"ListItem\",\"position\":2,\"name\":\"Butiken\",\"item\":\"https:\\\/\\\/stilanddesign.se\\\/butiken\\\/\"},{\"@type\":\"ListItem\",\"position\":3,\"name\":\"Cool tunika med volanger\\\/kr\u00e5s runt halsen!\"}]},{\"@type\":\"WebSite\",\"@id\":\"https:\\\/\\\/stilanddesign.se\\\/#website\",\"url\":\"https:\\\/\\\/stilanddesign.se\\\/\",\"name\":\"Stil &amp; Design\",\"description\":\"F\u00f6r oss som \u00e4lskar mode!\",\"publisher\":{\"@id\":\"https:\\\/\\\/stilanddesign.se\\\/#organization\"},\"potentialAction\":[{\"@type\":\"SearchAction\",\"target\":{\"@type\":\"EntryPoint\",\"urlTemplate\":\"https:\\\/\\\/stilanddesign.se\\\/?s={search_term_string}\"},\"query-input\":{\"@type\":\"PropertyValueSpecification\",\"valueRequired\":true,\"valueName\":\"search_term_string\"}}],\"inLanguage\":\"en-US\"},{\"@type\":\"Organization\",\"@id\":\"https:\\\/\\\/stilanddesign.se\\\/#organization\",\"name\":\"Stil &amp; Design\",\"url\":\"https:\\\/\\\/stilanddesign.se\\\/\",\"logo\":{\"@type\":\"ImageObject\",\"inLanguage\":\"en-US\",\"@id\":\"https:\\\/\\\/stilanddesign.se\\\/#\\\/schema\\\/logo\\\/image\\\/\",\"url\":\"https:\\\/\\\/stilanddesign.se\\\/wp-content\\\/uploads\\\/2023\\\/12\\\/output-onlinepngtools-e1727784413220.png\",\"contentUrl\":\"https:\\\/\\\/stilanddesign.se\\\/wp-content\\\/uploads\\\/2023\\\/12\\\/output-onlinepngtools-e1727784413220.png\",\"width\":519,\"height\":135,\"caption\":\"Stil &amp; Design\"},\"image\":{\"@id\":\"https:\\\/\\\/stilanddesign.se\\\/#\\\/schema\\\/logo\\\/image\\\/\"}}]}<\/script>\n<!-- \/ Yoast SEO Premium plugin. -->","yoast_head_json":{"title":"Cool tunika med volanger\/kr\u00e5s runt halsen! - Stil &amp; Design","robots":{"index":"index","follow":"follow","max-snippet":"max-snippet:-1","max-image-preview":"max-image-preview:large","max-video-preview":"max-video-preview:-1"},"canonical":"https:\/\/stilanddesign.se\/en\/product\/cool-tunika-med-volanger-kras-runt-halsen-6\/","og_locale":"en_US","og_type":"article","og_title":"Cool tunika med volanger\/kr\u00e5s runt halsen!","og_description":"Cool tunika med volanger\/kr\u00e5s runt halsen! \u00c4r res\u00e5r runt halsen s\u00e5 man kan \u00e4ven ha tunikan likt en singoalla blus  M\u00e5tt:  S\/M  Armh\u00e5la till armh\u00e5la omkrets: ca 112 cm  L\u00e4ngd axeloch ner: ca 67 cm L\/XL Armh\u00e5la till armh\u00e5la omkrets: ca 120 cm L\u00e4ngd axel och ner: ca 68 cm S\/M &amp; L\/XL, mer stor \u00e4n liten i storleken.     F\u00e4rg Ljus Beige   Tv\u00e4ttr\u00e5d 30 grader   Stretchig  Ja   Material 100% Polyester","og_url":"https:\/\/stilanddesign.se\/en\/product\/cool-tunika-med-volanger-kras-runt-halsen-6\/","og_site_name":"Stil &amp; Design","og_image":[{"width":1568,"height":2560,"url":"https:\/\/stilanddesign.se\/wp-content\/uploads\/2024\/11\/3-scaled-1.jpg","type":"image\/jpeg"}],"twitter_card":"summary_large_image","twitter_misc":{"Est. reading time":"1 minute"},"schema":{"@context":"https:\/\/schema.org","@graph":[{"@type":"WebPage","@id":"https:\/\/stilanddesign.se\/produkt\/cool-tunika-med-volanger-kras-runt-halsen-6\/","url":"https:\/\/stilanddesign.se\/produkt\/cool-tunika-med-volanger-kras-runt-halsen-6\/","name":"Cool tunika med volanger\/kr\u00e5s runt halsen! - Stil &amp; Design","isPartOf":{"@id":"https:\/\/stilanddesign.se\/#website"},"primaryImageOfPage":{"@id":"https:\/\/stilanddesign.se\/produkt\/cool-tunika-med-volanger-kras-runt-halsen-6\/#primaryimage"},"image":{"@id":"https:\/\/stilanddesign.se\/produkt\/cool-tunika-med-volanger-kras-runt-halsen-6\/#primaryimage"},"thumbnailUrl":"https:\/\/stilanddesign.se\/wp-content\/uploads\/2024\/11\/3-scaled-1.jpg","datePublished":"2026-04-28T14:11:59+00:00","breadcrumb":{"@id":"https:\/\/stilanddesign.se\/produkt\/cool-tunika-med-volanger-kras-runt-halsen-6\/#breadcrumb"},"inLanguage":"en-US","potentialAction":[{"@type":"ReadAction","target":["https:\/\/stilanddesign.se\/produkt\/cool-tunika-med-volanger-kras-runt-halsen-6\/"]}]},{"@type":"ImageObject","inLanguage":"en-US","@id":"https:\/\/stilanddesign.se\/produkt\/cool-tunika-med-volanger-kras-runt-halsen-6\/#primaryimage","url":"https:\/\/stilanddesign.se\/wp-content\/uploads\/2024\/11\/3-scaled-1.jpg","contentUrl":"https:\/\/stilanddesign.se\/wp-content\/uploads\/2024\/11\/3-scaled-1.jpg","width":1568,"height":2560},{"@type":"BreadcrumbList","@id":"https:\/\/stilanddesign.se\/produkt\/cool-tunika-med-volanger-kras-runt-halsen-6\/#breadcrumb","itemListElement":[{"@type":"ListItem","position":1,"name":"Hem","item":"https:\/\/stilanddesign.se\/"},{"@type":"ListItem","position":2,"name":"Butiken","item":"https:\/\/stilanddesign.se\/butiken\/"},{"@type":"ListItem","position":3,"name":"Cool tunika med volanger\/kr\u00e5s runt halsen!"}]},{"@type":"WebSite","@id":"https:\/\/stilanddesign.se\/#website","url":"https:\/\/stilanddesign.se\/","name":"Style &amp; Design","description":"For those of us who love fashion!","publisher":{"@id":"https:\/\/stilanddesign.se\/#organization"},"potentialAction":[{"@type":"SearchAction","target":{"@type":"EntryPoint","urlTemplate":"https:\/\/stilanddesign.se\/?s={search_term_string}"},"query-input":{"@type":"PropertyValueSpecification","valueRequired":true,"valueName":"search_term_string"}}],"inLanguage":"en-US"},{"@type":"Organization","@id":"https:\/\/stilanddesign.se\/#organization","name":"Style &amp; Design","url":"https:\/\/stilanddesign.se\/","logo":{"@type":"ImageObject","inLanguage":"en-US","@id":"https:\/\/stilanddesign.se\/#\/schema\/logo\/image\/","url":"https:\/\/stilanddesign.se\/wp-content\/uploads\/2023\/12\/output-onlinepngtools-e1727784413220.png","contentUrl":"https:\/\/stilanddesign.se\/wp-content\/uploads\/2023\/12\/output-onlinepngtools-e1727784413220.png","width":519,"height":135,"caption":"Stil &amp; Design"},"image":{"@id":"https:\/\/stilanddesign.se\/#\/schema\/logo\/image\/"}}]}},"_links":{"self":[{"href":"https:\/\/stilanddesign.se\/en\/wp-json\/wp\/v2\/product\/999415","targetHints":{"allow":["GET"]}}],"collection":[{"href":"https:\/\/stilanddesign.se\/en\/wp-json\/wp\/v2\/product"}],"about":[{"href":"https:\/\/stilanddesign.se\/en\/wp-json\/wp\/v2\/types\/product"}],"replies":[{"embeddable":true,"href":"https:\/\/stilanddesign.se\/en\/wp-json\/wp\/v2\/comments?post=999415"}],"wp:featuredmedia":[{"embeddable":true,"href":"https:\/\/stilanddesign.se\/en\/wp-json\/wp\/v2\/media\/999510"}],"wp:attachment":[{"href":"https:\/\/stilanddesign.se\/en\/wp-json\/wp\/v2\/media?parent=999415"}],"wp:term":[{"taxonomy":"product_brand","embeddable":true,"href":"https:\/\/stilanddesign.se\/en\/wp-json\/wp\/v2\/product_brand?post=999415"},{"taxonomy":"product_cat","embeddable":true,"href":"https:\/\/stilanddesign.se\/en\/wp-json\/wp\/v2\/product_cat?post=999415"},{"taxonomy":"product_tag","embeddable":true,"href":"https:\/\/stilanddesign.se\/en\/wp-json\/wp\/v2\/product_tag?post=999415"}],"curies":[{"name":"wp","href":"https:\/\/api.w.org\/{rel}","templated":true}]}}