{"id":999411,"date":"2024-11-08T16:18:57","date_gmt":"2024-11-08T15:18:57","guid":{"rendered":"https:\/\/stilanddesign.se\/?post_type=product&#038;p=999411"},"modified":"2024-11-08T16:23:15","modified_gmt":"2024-11-08T15:23:15","slug":"snygg-blus-f-sisters-point-3","status":"publish","type":"product","link":"https:\/\/stilanddesign.se\/en\/product\/snygg-blus-f-sisters-point-3\/","title":{"rendered":"Stylish blouse from Sisters Point!"},"content":{"rendered":"<h1 class=\"alt-font\"><strong>Stylish blouse from Sisters Point!<\/strong><\/h1>\n<p>Uppdatera din garderob med en feminin touch och b\u00e4ra denna underbara rosa blus fr\u00e5n Sisters Point! Den \u00e4r perfekt f\u00f6r att skapa en trendig och stilfull look.<\/p>\n<p>&nbsp;<\/p>\n<p>Denna blus har en elegant och smickrande passform som framh\u00e4ver din femininitet. Den \u00e4r tillverkad i en mjuk och bekv\u00e4m materialblandning som g\u00f6r att du kan k\u00e4nna dig b\u00e5de snygg och bekv\u00e4m hela dagen. Den rosa f\u00e4rgen ger blusen en romantisk och f\u00f6rtrollande k\u00e4nsla, och den kommer definitivt att f\u00e5 dig att sticka ut i m\u00e4ngden.<\/p>\n<p>Blusen har fina detaljer som en knappsl\u00e5 framtill och en Volang krage, vilket ger den en sofistikerad touch. Du kan enkelt styla den f\u00f6r b\u00e5de vardags- och festliga tillf\u00e4llen. Kombinera den med ett par jeans eller en kjol f\u00f6r en avslappnad look, eller kl\u00e4 upp den med byxor och klackar f\u00f6r en mer formell outfit.<\/p>\n<p>L\u00e5t din personlighet lysa igenom med denna fantastiska rosa blus fr\u00e5n Sisters Point!<\/p>\n<div id=\"color\">Color Pink Paisley<\/div>\n<div id=\"material\">Material100% Polyester<\/div>","protected":false},"excerpt":{"rendered":"<h1 class=\"alt-font\"><strong>Stylish blouse from Sisters Point!<\/strong><\/h1>\n<p>Uppdatera din garderob med en feminin touch och b\u00e4ra denna underbara rosa blus fr\u00e5n Sisters Point! Den \u00e4r perfekt f\u00f6r att skapa en trendig och stilfull look.<\/p>\n<p>&nbsp;<\/p>\n<p>Denna blus har en elegant och smickrande passform som framh\u00e4ver din femininitet. Den \u00e4r tillverkad i en mjuk och bekv\u00e4m materialblandning som g\u00f6r att du kan k\u00e4nna dig b\u00e5de snygg och bekv\u00e4m hela dagen. Den rosa f\u00e4rgen ger blusen en romantisk och f\u00f6rtrollande k\u00e4nsla, och den kommer definitivt att f\u00e5 dig att sticka ut i m\u00e4ngden.<\/p>\n<p>Blusen har fina detaljer som en knappsl\u00e5 framtill och en Volang krage, vilket ger den en sofistikerad touch. Du kan enkelt styla den f\u00f6r b\u00e5de vardags- och festliga tillf\u00e4llen. Kombinera den med ett par jeans eller en kjol f\u00f6r en avslappnad look, eller kl\u00e4 upp den med byxor och klackar f\u00f6r en mer formell outfit.<\/p>\n<p>L\u00e5t din personlighet lysa igenom med denna fantastiska rosa blus fr\u00e5n Sisters Point!<\/p>\n<div id=\"color\">Color Pink Paisley<\/div>\n<div id=\"material\">Material100% Polyester<\/div>","protected":false},"featured_media":999491,"comment_status":"closed","ping_status":"closed","template":"","meta":[],"product_brand":[],"product_cat":[211],"product_tag":[],"class_list":{"0":"post-999411","1":"product","2":"type-product","3":"status-publish","4":"has-post-thumbnail","6":"product_cat-blusar","8":"first","9":"outofstock","10":"taxable","11":"shipping-taxable","12":"purchasable","13":"product-type-variable"},"yoast_head":"<!-- This site is optimized with the Yoast SEO Premium plugin v27.4 (Yoast SEO v27.5) - https:\/\/yoast.com\/product\/yoast-seo-premium-wordpress\/ -->\n<title>Snygg blus f Sisters Point! - Stil &amp; Design<\/title>\n<meta name=\"robots\" content=\"index, follow, max-snippet:-1, max-image-preview:large, max-video-preview:-1\" \/>\n<link rel=\"canonical\" href=\"https:\/\/stilanddesign.se\/en\/product\/snygg-blus-f-sisters-point-3\/\" \/>\n<meta property=\"og:locale\" content=\"en_US\" \/>\n<meta property=\"og:type\" content=\"article\" \/>\n<meta property=\"og:title\" content=\"Snygg blus f Sisters Point!\" \/>\n<meta property=\"og:description\" content=\"Snygg blus f Sisters Point! Uppdatera din garderob med en feminin touch och b\u00e4ra denna underbara rosa blus fr\u00e5n Sisters Point! Den \u00e4r perfekt f\u00f6r att skapa en trendig och stilfull look.  &nbsp;  Denna blus har en elegant och smickrande passform som framh\u00e4ver din femininitet. Den \u00e4r tillverkad i en mjuk och bekv\u00e4m materialblandning som g\u00f6r att du kan k\u00e4nna dig b\u00e5de snygg och bekv\u00e4m hela dagen. Den rosa f\u00e4rgen ger blusen en romantisk och f\u00f6rtrollande k\u00e4nsla, och den kommer definitivt att f\u00e5 dig att sticka ut i m\u00e4ngden.  Blusen har fina detaljer som en knappsl\u00e5 framtill och en Volang krage, vilket ger den en sofistikerad touch. Du kan enkelt styla den f\u00f6r b\u00e5de vardags- och festliga tillf\u00e4llen. Kombinera den med ett par jeans eller en kjol f\u00f6r en avslappnad look, eller kl\u00e4 upp den med byxor och klackar f\u00f6r en mer formell outfit.  L\u00e5t din personlighet lysa igenom med denna fantastiska rosa blus fr\u00e5n Sisters Point! F\u00e4rg Rosa Paisley Material100% Polyester\" \/>\n<meta property=\"og:url\" content=\"https:\/\/stilanddesign.se\/en\/product\/snygg-blus-f-sisters-point-3\/\" \/>\n<meta property=\"og:site_name\" content=\"Stil &amp; Design\" \/>\n<meta property=\"article:modified_time\" content=\"2024-11-08T15:23:15+00:00\" \/>\n<meta property=\"og:image\" content=\"https:\/\/stilanddesign.se\/wp-content\/uploads\/2024\/11\/10-got-it.ss_450x650c.jpg\" \/>\n\t<meta property=\"og:image:width\" content=\"450\" \/>\n\t<meta property=\"og:image:height\" content=\"650\" \/>\n\t<meta property=\"og:image:type\" content=\"image\/jpeg\" \/>\n<meta name=\"twitter:card\" content=\"summary_large_image\" \/>\n<meta name=\"twitter:label1\" content=\"Est. reading time\" \/>\n\t<meta name=\"twitter:data1\" content=\"2 minutes\" \/>\n<script type=\"application\/ld+json\" class=\"yoast-schema-graph\">{\"@context\":\"https:\\\/\\\/schema.org\",\"@graph\":[{\"@type\":\"WebPage\",\"@id\":\"https:\\\/\\\/stilanddesign.se\\\/produkt\\\/snygg-blus-f-sisters-point-3\\\/\",\"url\":\"https:\\\/\\\/stilanddesign.se\\\/produkt\\\/snygg-blus-f-sisters-point-3\\\/\",\"name\":\"Snygg blus f Sisters Point! - Stil &amp; Design\",\"isPartOf\":{\"@id\":\"https:\\\/\\\/stilanddesign.se\\\/#website\"},\"primaryImageOfPage\":{\"@id\":\"https:\\\/\\\/stilanddesign.se\\\/produkt\\\/snygg-blus-f-sisters-point-3\\\/#primaryimage\"},\"image\":{\"@id\":\"https:\\\/\\\/stilanddesign.se\\\/produkt\\\/snygg-blus-f-sisters-point-3\\\/#primaryimage\"},\"thumbnailUrl\":\"https:\\\/\\\/stilanddesign.se\\\/wp-content\\\/uploads\\\/2024\\\/11\\\/10-got-it.ss_450x650c.jpg\",\"datePublished\":\"2024-11-08T15:18:57+00:00\",\"dateModified\":\"2024-11-08T15:23:15+00:00\",\"breadcrumb\":{\"@id\":\"https:\\\/\\\/stilanddesign.se\\\/produkt\\\/snygg-blus-f-sisters-point-3\\\/#breadcrumb\"},\"inLanguage\":\"en-US\",\"potentialAction\":[{\"@type\":\"ReadAction\",\"target\":[\"https:\\\/\\\/stilanddesign.se\\\/produkt\\\/snygg-blus-f-sisters-point-3\\\/\"]}]},{\"@type\":\"ImageObject\",\"inLanguage\":\"en-US\",\"@id\":\"https:\\\/\\\/stilanddesign.se\\\/produkt\\\/snygg-blus-f-sisters-point-3\\\/#primaryimage\",\"url\":\"https:\\\/\\\/stilanddesign.se\\\/wp-content\\\/uploads\\\/2024\\\/11\\\/10-got-it.ss_450x650c.jpg\",\"contentUrl\":\"https:\\\/\\\/stilanddesign.se\\\/wp-content\\\/uploads\\\/2024\\\/11\\\/10-got-it.ss_450x650c.jpg\",\"width\":450,\"height\":650},{\"@type\":\"BreadcrumbList\",\"@id\":\"https:\\\/\\\/stilanddesign.se\\\/produkt\\\/snygg-blus-f-sisters-point-3\\\/#breadcrumb\",\"itemListElement\":[{\"@type\":\"ListItem\",\"position\":1,\"name\":\"Hem\",\"item\":\"https:\\\/\\\/stilanddesign.se\\\/\"},{\"@type\":\"ListItem\",\"position\":2,\"name\":\"Butiken\",\"item\":\"https:\\\/\\\/stilanddesign.se\\\/butiken\\\/\"},{\"@type\":\"ListItem\",\"position\":3,\"name\":\"Snygg blus f Sisters Point!\"}]},{\"@type\":\"WebSite\",\"@id\":\"https:\\\/\\\/stilanddesign.se\\\/#website\",\"url\":\"https:\\\/\\\/stilanddesign.se\\\/\",\"name\":\"Stil &amp; Design\",\"description\":\"F\u00f6r oss som \u00e4lskar mode!\",\"publisher\":{\"@id\":\"https:\\\/\\\/stilanddesign.se\\\/#organization\"},\"potentialAction\":[{\"@type\":\"SearchAction\",\"target\":{\"@type\":\"EntryPoint\",\"urlTemplate\":\"https:\\\/\\\/stilanddesign.se\\\/?s={search_term_string}\"},\"query-input\":{\"@type\":\"PropertyValueSpecification\",\"valueRequired\":true,\"valueName\":\"search_term_string\"}}],\"inLanguage\":\"en-US\"},{\"@type\":\"Organization\",\"@id\":\"https:\\\/\\\/stilanddesign.se\\\/#organization\",\"name\":\"Stil &amp; Design\",\"url\":\"https:\\\/\\\/stilanddesign.se\\\/\",\"logo\":{\"@type\":\"ImageObject\",\"inLanguage\":\"en-US\",\"@id\":\"https:\\\/\\\/stilanddesign.se\\\/#\\\/schema\\\/logo\\\/image\\\/\",\"url\":\"https:\\\/\\\/stilanddesign.se\\\/wp-content\\\/uploads\\\/2023\\\/12\\\/output-onlinepngtools-e1727784413220.png\",\"contentUrl\":\"https:\\\/\\\/stilanddesign.se\\\/wp-content\\\/uploads\\\/2023\\\/12\\\/output-onlinepngtools-e1727784413220.png\",\"width\":519,\"height\":135,\"caption\":\"Stil &amp; Design\"},\"image\":{\"@id\":\"https:\\\/\\\/stilanddesign.se\\\/#\\\/schema\\\/logo\\\/image\\\/\"}}]}<\/script>\n<!-- \/ Yoast SEO Premium plugin. -->","yoast_head_json":{"title":"Snygg blus f Sisters Point! - Stil &amp; Design","robots":{"index":"index","follow":"follow","max-snippet":"max-snippet:-1","max-image-preview":"max-image-preview:large","max-video-preview":"max-video-preview:-1"},"canonical":"https:\/\/stilanddesign.se\/en\/product\/snygg-blus-f-sisters-point-3\/","og_locale":"en_US","og_type":"article","og_title":"Snygg blus f Sisters Point!","og_description":"Snygg blus f Sisters Point! Uppdatera din garderob med en feminin touch och b\u00e4ra denna underbara rosa blus fr\u00e5n Sisters Point! Den \u00e4r perfekt f\u00f6r att skapa en trendig och stilfull look.  &nbsp;  Denna blus har en elegant och smickrande passform som framh\u00e4ver din femininitet. Den \u00e4r tillverkad i en mjuk och bekv\u00e4m materialblandning som g\u00f6r att du kan k\u00e4nna dig b\u00e5de snygg och bekv\u00e4m hela dagen. Den rosa f\u00e4rgen ger blusen en romantisk och f\u00f6rtrollande k\u00e4nsla, och den kommer definitivt att f\u00e5 dig att sticka ut i m\u00e4ngden.  Blusen har fina detaljer som en knappsl\u00e5 framtill och en Volang krage, vilket ger den en sofistikerad touch. Du kan enkelt styla den f\u00f6r b\u00e5de vardags- och festliga tillf\u00e4llen. Kombinera den med ett par jeans eller en kjol f\u00f6r en avslappnad look, eller kl\u00e4 upp den med byxor och klackar f\u00f6r en mer formell outfit.  L\u00e5t din personlighet lysa igenom med denna fantastiska rosa blus fr\u00e5n Sisters Point! F\u00e4rg Rosa Paisley Material100% Polyester","og_url":"https:\/\/stilanddesign.se\/en\/product\/snygg-blus-f-sisters-point-3\/","og_site_name":"Stil &amp; Design","article_modified_time":"2024-11-08T15:23:15+00:00","og_image":[{"width":450,"height":650,"url":"https:\/\/stilanddesign.se\/wp-content\/uploads\/2024\/11\/10-got-it.ss_450x650c.jpg","type":"image\/jpeg"}],"twitter_card":"summary_large_image","twitter_misc":{"Est. reading time":"2 minutes"},"schema":{"@context":"https:\/\/schema.org","@graph":[{"@type":"WebPage","@id":"https:\/\/stilanddesign.se\/produkt\/snygg-blus-f-sisters-point-3\/","url":"https:\/\/stilanddesign.se\/produkt\/snygg-blus-f-sisters-point-3\/","name":"Snygg blus f Sisters Point! - Stil &amp; Design","isPartOf":{"@id":"https:\/\/stilanddesign.se\/#website"},"primaryImageOfPage":{"@id":"https:\/\/stilanddesign.se\/produkt\/snygg-blus-f-sisters-point-3\/#primaryimage"},"image":{"@id":"https:\/\/stilanddesign.se\/produkt\/snygg-blus-f-sisters-point-3\/#primaryimage"},"thumbnailUrl":"https:\/\/stilanddesign.se\/wp-content\/uploads\/2024\/11\/10-got-it.ss_450x650c.jpg","datePublished":"2024-11-08T15:18:57+00:00","dateModified":"2024-11-08T15:23:15+00:00","breadcrumb":{"@id":"https:\/\/stilanddesign.se\/produkt\/snygg-blus-f-sisters-point-3\/#breadcrumb"},"inLanguage":"en-US","potentialAction":[{"@type":"ReadAction","target":["https:\/\/stilanddesign.se\/produkt\/snygg-blus-f-sisters-point-3\/"]}]},{"@type":"ImageObject","inLanguage":"en-US","@id":"https:\/\/stilanddesign.se\/produkt\/snygg-blus-f-sisters-point-3\/#primaryimage","url":"https:\/\/stilanddesign.se\/wp-content\/uploads\/2024\/11\/10-got-it.ss_450x650c.jpg","contentUrl":"https:\/\/stilanddesign.se\/wp-content\/uploads\/2024\/11\/10-got-it.ss_450x650c.jpg","width":450,"height":650},{"@type":"BreadcrumbList","@id":"https:\/\/stilanddesign.se\/produkt\/snygg-blus-f-sisters-point-3\/#breadcrumb","itemListElement":[{"@type":"ListItem","position":1,"name":"Hem","item":"https:\/\/stilanddesign.se\/"},{"@type":"ListItem","position":2,"name":"Butiken","item":"https:\/\/stilanddesign.se\/butiken\/"},{"@type":"ListItem","position":3,"name":"Snygg blus f Sisters Point!"}]},{"@type":"WebSite","@id":"https:\/\/stilanddesign.se\/#website","url":"https:\/\/stilanddesign.se\/","name":"Style &amp; Design","description":"For those of us who love fashion!","publisher":{"@id":"https:\/\/stilanddesign.se\/#organization"},"potentialAction":[{"@type":"SearchAction","target":{"@type":"EntryPoint","urlTemplate":"https:\/\/stilanddesign.se\/?s={search_term_string}"},"query-input":{"@type":"PropertyValueSpecification","valueRequired":true,"valueName":"search_term_string"}}],"inLanguage":"en-US"},{"@type":"Organization","@id":"https:\/\/stilanddesign.se\/#organization","name":"Style &amp; Design","url":"https:\/\/stilanddesign.se\/","logo":{"@type":"ImageObject","inLanguage":"en-US","@id":"https:\/\/stilanddesign.se\/#\/schema\/logo\/image\/","url":"https:\/\/stilanddesign.se\/wp-content\/uploads\/2023\/12\/output-onlinepngtools-e1727784413220.png","contentUrl":"https:\/\/stilanddesign.se\/wp-content\/uploads\/2023\/12\/output-onlinepngtools-e1727784413220.png","width":519,"height":135,"caption":"Stil &amp; Design"},"image":{"@id":"https:\/\/stilanddesign.se\/#\/schema\/logo\/image\/"}}]}},"_links":{"self":[{"href":"https:\/\/stilanddesign.se\/en\/wp-json\/wp\/v2\/product\/999411","targetHints":{"allow":["GET"]}}],"collection":[{"href":"https:\/\/stilanddesign.se\/en\/wp-json\/wp\/v2\/product"}],"about":[{"href":"https:\/\/stilanddesign.se\/en\/wp-json\/wp\/v2\/types\/product"}],"replies":[{"embeddable":true,"href":"https:\/\/stilanddesign.se\/en\/wp-json\/wp\/v2\/comments?post=999411"}],"wp:featuredmedia":[{"embeddable":true,"href":"https:\/\/stilanddesign.se\/en\/wp-json\/wp\/v2\/media\/999491"}],"wp:attachment":[{"href":"https:\/\/stilanddesign.se\/en\/wp-json\/wp\/v2\/media?parent=999411"}],"wp:term":[{"taxonomy":"product_brand","embeddable":true,"href":"https:\/\/stilanddesign.se\/en\/wp-json\/wp\/v2\/product_brand?post=999411"},{"taxonomy":"product_cat","embeddable":true,"href":"https:\/\/stilanddesign.se\/en\/wp-json\/wp\/v2\/product_cat?post=999411"},{"taxonomy":"product_tag","embeddable":true,"href":"https:\/\/stilanddesign.se\/en\/wp-json\/wp\/v2\/product_tag?post=999411"}],"curies":[{"name":"wp","href":"https:\/\/api.w.org\/{rel}","templated":true}]}}