{"id":999410,"date":"2024-11-08T16:18:57","date_gmt":"2024-11-08T15:18:57","guid":{"rendered":"https:\/\/stilanddesign.se\/?post_type=product&#038;p=999410"},"modified":"2024-11-08T16:23:15","modified_gmt":"2024-11-08T15:23:15","slug":"snygg-blus-f-marta-du-chateau-7","status":"publish","type":"product","link":"https:\/\/stilanddesign.se\/en\/product\/snygg-blus-f-marta-du-chateau-7\/","title":{"rendered":"Stylish blouse from Marta Du Chateau!"},"content":{"rendered":"<h1 class=\"alt-font\"><strong>Stylish blouse from Marta Du Chateau!<\/strong><\/h1>\n<p>\u201dWant to add a little glamour to your wardrobe? Discover our latest collection of stylish blouses from Marta Du Chateau! These blouses are created with carefully selected materials and designed with a perfect balance between style and comfort. With unique details and trendy patterns, these blouses will give you a sophisticated and elegant look no matter the occasion. Whether you are going to the office, out for a romantic dinner or just want to feel extra chic in everyday life, a blouse from Marta Du Chateau will become your new favorite piece. Explore our collection today and let these stylish blouses take your style to new heights!\u201d<\/p>\n<p><strong>Description:<\/strong><br \/>\nMaterial: 100% Viskos.<\/p>\n<p>S\/M<br \/>\nBr\u00f6st: 116cm.<br \/>\nL\u00e4ngd: 70 cm.<\/p>\n<p>L\/XL<br \/>\nBr\u00f6st: 118 cm.<br \/>\nL\u00e4ngd: 74 cm.<\/p>","protected":false},"excerpt":{"rendered":"<h1 class=\"alt-font\"><strong>Stylish blouse from Marta Du Chateau!<\/strong><\/h1>\n<p>\u201dWant to add a little glamour to your wardrobe? Discover our latest collection of stylish blouses from Marta Du Chateau! These blouses are created with carefully selected materials and designed with a perfect balance between style and comfort. With unique details and trendy patterns, these blouses will give you a sophisticated and elegant look no matter the occasion. Whether you are going to the office, out for a romantic dinner or just want to feel extra chic in everyday life, a blouse from Marta Du Chateau will become your new favorite piece. Explore our collection today and let these stylish blouses take your style to new heights!\u201d<\/p>\n<p><strong>Description:<\/strong><br \/>\nMaterial: 100% Viskos.<\/p>\n<p>S\/M<br \/>\nBr\u00f6st: 116cm.<br \/>\nL\u00e4ngd: 70 cm.<\/p>\n<p>L\/XL<br \/>\nBr\u00f6st: 118 cm.<br \/>\nL\u00e4ngd: 74 cm.<\/p>","protected":false},"featured_media":999488,"comment_status":"closed","ping_status":"closed","template":"","meta":[],"product_brand":[],"product_cat":[211],"product_tag":[],"class_list":{"0":"post-999410","1":"product","2":"type-product","3":"status-publish","4":"has-post-thumbnail","6":"product_cat-blusar","8":"first","9":"outofstock","10":"taxable","11":"shipping-taxable","12":"purchasable","13":"product-type-variable"},"yoast_head":"<!-- This site is optimized with the Yoast SEO Premium plugin v27.4 (Yoast SEO v27.5) - https:\/\/yoast.com\/product\/yoast-seo-premium-wordpress\/ -->\n<title>Snygg blus f Marta Du Chateau! - Stil &amp; Design<\/title>\n<meta name=\"robots\" content=\"index, follow, max-snippet:-1, max-image-preview:large, max-video-preview:-1\" \/>\n<link rel=\"canonical\" href=\"https:\/\/stilanddesign.se\/en\/product\/snygg-blus-f-marta-du-chateau-7\/\" \/>\n<meta property=\"og:locale\" content=\"en_US\" \/>\n<meta property=\"og:type\" content=\"article\" \/>\n<meta property=\"og:title\" content=\"Snygg blus f Marta Du Chateau!\" \/>\n<meta property=\"og:description\" content=\"Snygg blus f Marta Du Chateau! &quot;Vill du addera lite glamour till din garderob? Uppt\u00e4ck v\u00e5r senaste kollektion av snygga blusar fr\u00e5n Marta Du Chateau! Dessa blusar \u00e4r skapade med omsorgsfullt utvalda material och designade med en perfekt balans mellan stil och komfort. Med unika detaljer och trendiga m\u00f6nster kommer dessa blusar att ge dig en sofistikerad och elegant look oavsett tillf\u00e4lle. Oavsett om du ska p\u00e5 kontoret, ut p\u00e5 en romantisk middag eller bara vill k\u00e4nna dig extra chic i vardagen, s\u00e5 kommer en blus fr\u00e5n Marta Du Chateau att bli ditt nya favoritplagg. Utforska v\u00e5r kollektion idag och l\u00e5t dessa snygga blusar ta din stil till nya h\u00f6jder!&quot;  Beskrivning: Material: 100% Viskos.  S\/M Br\u00f6st: 116cm. L\u00e4ngd: 70 cm.  L\/XL Br\u00f6st: 118 cm. L\u00e4ngd: 74 cm.\" \/>\n<meta property=\"og:url\" content=\"https:\/\/stilanddesign.se\/en\/product\/snygg-blus-f-marta-du-chateau-7\/\" \/>\n<meta property=\"og:site_name\" content=\"Stil &amp; Design\" \/>\n<meta property=\"article:modified_time\" content=\"2024-11-08T15:23:15+00:00\" \/>\n<meta property=\"og:image\" content=\"https:\/\/stilanddesign.se\/wp-content\/uploads\/2024\/11\/1024x1024-a8c01f33dd3501e5eacdf039a138f761.jpg\" \/>\n\t<meta property=\"og:image:width\" content=\"1024\" \/>\n\t<meta property=\"og:image:height\" content=\"1024\" \/>\n\t<meta property=\"og:image:type\" content=\"image\/jpeg\" \/>\n<meta name=\"twitter:card\" content=\"summary_large_image\" \/>\n<meta name=\"twitter:label1\" content=\"Est. reading time\" \/>\n\t<meta name=\"twitter:data1\" content=\"1 minute\" \/>\n<script type=\"application\/ld+json\" class=\"yoast-schema-graph\">{\"@context\":\"https:\\\/\\\/schema.org\",\"@graph\":[{\"@type\":\"WebPage\",\"@id\":\"https:\\\/\\\/stilanddesign.se\\\/produkt\\\/snygg-blus-f-marta-du-chateau-7\\\/\",\"url\":\"https:\\\/\\\/stilanddesign.se\\\/produkt\\\/snygg-blus-f-marta-du-chateau-7\\\/\",\"name\":\"Snygg blus f Marta Du Chateau! - Stil &amp; Design\",\"isPartOf\":{\"@id\":\"https:\\\/\\\/stilanddesign.se\\\/#website\"},\"primaryImageOfPage\":{\"@id\":\"https:\\\/\\\/stilanddesign.se\\\/produkt\\\/snygg-blus-f-marta-du-chateau-7\\\/#primaryimage\"},\"image\":{\"@id\":\"https:\\\/\\\/stilanddesign.se\\\/produkt\\\/snygg-blus-f-marta-du-chateau-7\\\/#primaryimage\"},\"thumbnailUrl\":\"https:\\\/\\\/stilanddesign.se\\\/wp-content\\\/uploads\\\/2024\\\/11\\\/1024x1024-a8c01f33dd3501e5eacdf039a138f761.jpg\",\"datePublished\":\"2024-11-08T15:18:57+00:00\",\"dateModified\":\"2024-11-08T15:23:15+00:00\",\"breadcrumb\":{\"@id\":\"https:\\\/\\\/stilanddesign.se\\\/produkt\\\/snygg-blus-f-marta-du-chateau-7\\\/#breadcrumb\"},\"inLanguage\":\"en-US\",\"potentialAction\":[{\"@type\":\"ReadAction\",\"target\":[\"https:\\\/\\\/stilanddesign.se\\\/produkt\\\/snygg-blus-f-marta-du-chateau-7\\\/\"]}]},{\"@type\":\"ImageObject\",\"inLanguage\":\"en-US\",\"@id\":\"https:\\\/\\\/stilanddesign.se\\\/produkt\\\/snygg-blus-f-marta-du-chateau-7\\\/#primaryimage\",\"url\":\"https:\\\/\\\/stilanddesign.se\\\/wp-content\\\/uploads\\\/2024\\\/11\\\/1024x1024-a8c01f33dd3501e5eacdf039a138f761.jpg\",\"contentUrl\":\"https:\\\/\\\/stilanddesign.se\\\/wp-content\\\/uploads\\\/2024\\\/11\\\/1024x1024-a8c01f33dd3501e5eacdf039a138f761.jpg\",\"width\":1024,\"height\":1024},{\"@type\":\"BreadcrumbList\",\"@id\":\"https:\\\/\\\/stilanddesign.se\\\/produkt\\\/snygg-blus-f-marta-du-chateau-7\\\/#breadcrumb\",\"itemListElement\":[{\"@type\":\"ListItem\",\"position\":1,\"name\":\"Hem\",\"item\":\"https:\\\/\\\/stilanddesign.se\\\/\"},{\"@type\":\"ListItem\",\"position\":2,\"name\":\"Butiken\",\"item\":\"https:\\\/\\\/stilanddesign.se\\\/butiken\\\/\"},{\"@type\":\"ListItem\",\"position\":3,\"name\":\"Snygg blus f Marta Du Chateau!\"}]},{\"@type\":\"WebSite\",\"@id\":\"https:\\\/\\\/stilanddesign.se\\\/#website\",\"url\":\"https:\\\/\\\/stilanddesign.se\\\/\",\"name\":\"Stil &amp; Design\",\"description\":\"F\u00f6r oss som \u00e4lskar mode!\",\"publisher\":{\"@id\":\"https:\\\/\\\/stilanddesign.se\\\/#organization\"},\"potentialAction\":[{\"@type\":\"SearchAction\",\"target\":{\"@type\":\"EntryPoint\",\"urlTemplate\":\"https:\\\/\\\/stilanddesign.se\\\/?s={search_term_string}\"},\"query-input\":{\"@type\":\"PropertyValueSpecification\",\"valueRequired\":true,\"valueName\":\"search_term_string\"}}],\"inLanguage\":\"en-US\"},{\"@type\":\"Organization\",\"@id\":\"https:\\\/\\\/stilanddesign.se\\\/#organization\",\"name\":\"Stil &amp; Design\",\"url\":\"https:\\\/\\\/stilanddesign.se\\\/\",\"logo\":{\"@type\":\"ImageObject\",\"inLanguage\":\"en-US\",\"@id\":\"https:\\\/\\\/stilanddesign.se\\\/#\\\/schema\\\/logo\\\/image\\\/\",\"url\":\"https:\\\/\\\/stilanddesign.se\\\/wp-content\\\/uploads\\\/2023\\\/12\\\/output-onlinepngtools-e1727784413220.png\",\"contentUrl\":\"https:\\\/\\\/stilanddesign.se\\\/wp-content\\\/uploads\\\/2023\\\/12\\\/output-onlinepngtools-e1727784413220.png\",\"width\":519,\"height\":135,\"caption\":\"Stil &amp; Design\"},\"image\":{\"@id\":\"https:\\\/\\\/stilanddesign.se\\\/#\\\/schema\\\/logo\\\/image\\\/\"}}]}<\/script>\n<!-- \/ Yoast SEO Premium plugin. -->","yoast_head_json":{"title":"Snygg blus f Marta Du Chateau! - Stil &amp; Design","robots":{"index":"index","follow":"follow","max-snippet":"max-snippet:-1","max-image-preview":"max-image-preview:large","max-video-preview":"max-video-preview:-1"},"canonical":"https:\/\/stilanddesign.se\/en\/product\/snygg-blus-f-marta-du-chateau-7\/","og_locale":"en_US","og_type":"article","og_title":"Snygg blus f Marta Du Chateau!","og_description":"Snygg blus f Marta Du Chateau! \"Vill du addera lite glamour till din garderob? Uppt\u00e4ck v\u00e5r senaste kollektion av snygga blusar fr\u00e5n Marta Du Chateau! Dessa blusar \u00e4r skapade med omsorgsfullt utvalda material och designade med en perfekt balans mellan stil och komfort. Med unika detaljer och trendiga m\u00f6nster kommer dessa blusar att ge dig en sofistikerad och elegant look oavsett tillf\u00e4lle. Oavsett om du ska p\u00e5 kontoret, ut p\u00e5 en romantisk middag eller bara vill k\u00e4nna dig extra chic i vardagen, s\u00e5 kommer en blus fr\u00e5n Marta Du Chateau att bli ditt nya favoritplagg. Utforska v\u00e5r kollektion idag och l\u00e5t dessa snygga blusar ta din stil till nya h\u00f6jder!\"  Beskrivning: Material: 100% Viskos.  S\/M Br\u00f6st: 116cm. L\u00e4ngd: 70 cm.  L\/XL Br\u00f6st: 118 cm. L\u00e4ngd: 74 cm.","og_url":"https:\/\/stilanddesign.se\/en\/product\/snygg-blus-f-marta-du-chateau-7\/","og_site_name":"Stil &amp; Design","article_modified_time":"2024-11-08T15:23:15+00:00","og_image":[{"width":1024,"height":1024,"url":"https:\/\/stilanddesign.se\/wp-content\/uploads\/2024\/11\/1024x1024-a8c01f33dd3501e5eacdf039a138f761.jpg","type":"image\/jpeg"}],"twitter_card":"summary_large_image","twitter_misc":{"Est. reading time":"1 minute"},"schema":{"@context":"https:\/\/schema.org","@graph":[{"@type":"WebPage","@id":"https:\/\/stilanddesign.se\/produkt\/snygg-blus-f-marta-du-chateau-7\/","url":"https:\/\/stilanddesign.se\/produkt\/snygg-blus-f-marta-du-chateau-7\/","name":"Snygg blus f Marta Du Chateau! - Stil &amp; Design","isPartOf":{"@id":"https:\/\/stilanddesign.se\/#website"},"primaryImageOfPage":{"@id":"https:\/\/stilanddesign.se\/produkt\/snygg-blus-f-marta-du-chateau-7\/#primaryimage"},"image":{"@id":"https:\/\/stilanddesign.se\/produkt\/snygg-blus-f-marta-du-chateau-7\/#primaryimage"},"thumbnailUrl":"https:\/\/stilanddesign.se\/wp-content\/uploads\/2024\/11\/1024x1024-a8c01f33dd3501e5eacdf039a138f761.jpg","datePublished":"2024-11-08T15:18:57+00:00","dateModified":"2024-11-08T15:23:15+00:00","breadcrumb":{"@id":"https:\/\/stilanddesign.se\/produkt\/snygg-blus-f-marta-du-chateau-7\/#breadcrumb"},"inLanguage":"en-US","potentialAction":[{"@type":"ReadAction","target":["https:\/\/stilanddesign.se\/produkt\/snygg-blus-f-marta-du-chateau-7\/"]}]},{"@type":"ImageObject","inLanguage":"en-US","@id":"https:\/\/stilanddesign.se\/produkt\/snygg-blus-f-marta-du-chateau-7\/#primaryimage","url":"https:\/\/stilanddesign.se\/wp-content\/uploads\/2024\/11\/1024x1024-a8c01f33dd3501e5eacdf039a138f761.jpg","contentUrl":"https:\/\/stilanddesign.se\/wp-content\/uploads\/2024\/11\/1024x1024-a8c01f33dd3501e5eacdf039a138f761.jpg","width":1024,"height":1024},{"@type":"BreadcrumbList","@id":"https:\/\/stilanddesign.se\/produkt\/snygg-blus-f-marta-du-chateau-7\/#breadcrumb","itemListElement":[{"@type":"ListItem","position":1,"name":"Hem","item":"https:\/\/stilanddesign.se\/"},{"@type":"ListItem","position":2,"name":"Butiken","item":"https:\/\/stilanddesign.se\/butiken\/"},{"@type":"ListItem","position":3,"name":"Snygg blus f Marta Du Chateau!"}]},{"@type":"WebSite","@id":"https:\/\/stilanddesign.se\/#website","url":"https:\/\/stilanddesign.se\/","name":"Style &amp; Design","description":"For those of us who love fashion!","publisher":{"@id":"https:\/\/stilanddesign.se\/#organization"},"potentialAction":[{"@type":"SearchAction","target":{"@type":"EntryPoint","urlTemplate":"https:\/\/stilanddesign.se\/?s={search_term_string}"},"query-input":{"@type":"PropertyValueSpecification","valueRequired":true,"valueName":"search_term_string"}}],"inLanguage":"en-US"},{"@type":"Organization","@id":"https:\/\/stilanddesign.se\/#organization","name":"Style &amp; Design","url":"https:\/\/stilanddesign.se\/","logo":{"@type":"ImageObject","inLanguage":"en-US","@id":"https:\/\/stilanddesign.se\/#\/schema\/logo\/image\/","url":"https:\/\/stilanddesign.se\/wp-content\/uploads\/2023\/12\/output-onlinepngtools-e1727784413220.png","contentUrl":"https:\/\/stilanddesign.se\/wp-content\/uploads\/2023\/12\/output-onlinepngtools-e1727784413220.png","width":519,"height":135,"caption":"Stil &amp; Design"},"image":{"@id":"https:\/\/stilanddesign.se\/#\/schema\/logo\/image\/"}}]}},"_links":{"self":[{"href":"https:\/\/stilanddesign.se\/en\/wp-json\/wp\/v2\/product\/999410","targetHints":{"allow":["GET"]}}],"collection":[{"href":"https:\/\/stilanddesign.se\/en\/wp-json\/wp\/v2\/product"}],"about":[{"href":"https:\/\/stilanddesign.se\/en\/wp-json\/wp\/v2\/types\/product"}],"replies":[{"embeddable":true,"href":"https:\/\/stilanddesign.se\/en\/wp-json\/wp\/v2\/comments?post=999410"}],"wp:featuredmedia":[{"embeddable":true,"href":"https:\/\/stilanddesign.se\/en\/wp-json\/wp\/v2\/media\/999488"}],"wp:attachment":[{"href":"https:\/\/stilanddesign.se\/en\/wp-json\/wp\/v2\/media?parent=999410"}],"wp:term":[{"taxonomy":"product_brand","embeddable":true,"href":"https:\/\/stilanddesign.se\/en\/wp-json\/wp\/v2\/product_brand?post=999410"},{"taxonomy":"product_cat","embeddable":true,"href":"https:\/\/stilanddesign.se\/en\/wp-json\/wp\/v2\/product_cat?post=999410"},{"taxonomy":"product_tag","embeddable":true,"href":"https:\/\/stilanddesign.se\/en\/wp-json\/wp\/v2\/product_tag?post=999410"}],"curies":[{"name":"wp","href":"https:\/\/api.w.org\/{rel}","templated":true}]}}