{"id":999155,"date":"2024-11-08T16:16:14","date_gmt":"2024-11-08T15:16:14","guid":{"rendered":"https:\/\/stilanddesign.se\/?post_type=product&#038;p=999155"},"modified":"2024-11-08T16:18:22","modified_gmt":"2024-11-08T15:18:22","slug":"snygg-brodererad-blus-f-marta-du-chateau","status":"publish","type":"product","link":"https:\/\/stilanddesign.se\/en\/product\/snygg-brodererad-blus-f-marta-du-chateau\/","title":{"rendered":"Stylish embroidered blouse by Marta Du Chateau!"},"content":{"rendered":"<h1 class=\"alt-font\"><strong>Stylish embroidered blouse by Marta Du Chateau!<\/strong><\/h1>\n<p>Fin brodererad blus med volang.<\/p>\n<p>S\/M<br \/>\nBystvidd: ca. 106 cm.<br \/>\nL\u00e4ngd: ca. 61 cm.<\/p>\n<p>L\/XL<br \/>\nBystvidd: ca. 112 cm.<br \/>\nL\u00e4ngd: ca.61 cm.<\/p>\n<p>Material: 100% Viskos<\/p>\n<p>Washing instructions<\/p>\n<p>30g<\/p>","protected":false},"excerpt":{"rendered":"<h1 class=\"alt-font\"><strong>Stylish embroidered blouse by Marta Du Chateau!<\/strong><\/h1>\n<p>Fin brodererad blus med volang.<\/p>\n<p>S\/M<br \/>\nBystvidd: ca. 106 cm.<br \/>\nL\u00e4ngd: ca. 61 cm.<\/p>\n<p>L\/XL<br \/>\nBystvidd: ca. 112 cm.<br \/>\nL\u00e4ngd: ca.61 cm.<\/p>\n<p>Material: 100% Viskos<\/p>\n<p>Washing instructions<\/p>\n<p>30g<\/p>","protected":false},"featured_media":999221,"comment_status":"closed","ping_status":"closed","template":"","meta":[],"product_brand":[],"product_cat":[211],"product_tag":[],"class_list":{"0":"post-999155","1":"product","2":"type-product","3":"status-publish","4":"has-post-thumbnail","6":"product_cat-blusar","8":"first","9":"outofstock","10":"taxable","11":"shipping-taxable","12":"purchasable","13":"product-type-variable"},"yoast_head":"<!-- This site is optimized with the Yoast SEO Premium plugin v27.4 (Yoast SEO v27.5) - https:\/\/yoast.com\/product\/yoast-seo-premium-wordpress\/ -->\n<title>Snygg brodererad blus f Marta Du Chateau! - Stil &amp; Design<\/title>\n<meta name=\"robots\" content=\"index, follow, max-snippet:-1, max-image-preview:large, max-video-preview:-1\" \/>\n<link rel=\"canonical\" href=\"https:\/\/stilanddesign.se\/en\/product\/snygg-brodererad-blus-f-marta-du-chateau\/\" \/>\n<meta property=\"og:locale\" content=\"en_US\" \/>\n<meta property=\"og:type\" content=\"article\" \/>\n<meta property=\"og:title\" content=\"Snygg brodererad blus f Marta Du Chateau!\" \/>\n<meta property=\"og:description\" content=\"Snygg brodererad blus f Marta Du Chateau! Fin brodererad blus med volang.  S\/M Bystvidd: ca. 106 cm. L\u00e4ngd: ca. 61 cm.  L\/XL Bystvidd: ca. 112 cm. L\u00e4ngd: ca.61 cm.  Material: 100% Viskos  Tv\u00e4ttr\u00e5d  30g\" \/>\n<meta property=\"og:url\" content=\"https:\/\/stilanddesign.se\/en\/product\/snygg-brodererad-blus-f-marta-du-chateau\/\" \/>\n<meta property=\"og:site_name\" content=\"Stil &amp; Design\" \/>\n<meta property=\"article:modified_time\" content=\"2024-11-08T15:18:22+00:00\" \/>\n<meta property=\"og:image\" content=\"https:\/\/stilanddesign.se\/wp-content\/uploads\/2024\/11\/Marta_du_chateau_dam_blus_Mdcleonora_5711-Blouse-5711.-Jeans_1800x1800.webp\" \/>\n\t<meta property=\"og:image:width\" content=\"1024\" \/>\n\t<meta property=\"og:image:height\" content=\"1024\" \/>\n\t<meta property=\"og:image:type\" content=\"image\/webp\" \/>\n<meta name=\"twitter:card\" content=\"summary_large_image\" \/>\n<meta name=\"twitter:label1\" content=\"Est. reading time\" \/>\n\t<meta name=\"twitter:data1\" content=\"1 minute\" \/>\n<script type=\"application\/ld+json\" class=\"yoast-schema-graph\">{\"@context\":\"https:\\\/\\\/schema.org\",\"@graph\":[{\"@type\":\"WebPage\",\"@id\":\"https:\\\/\\\/stilanddesign.se\\\/produkt\\\/snygg-brodererad-blus-f-marta-du-chateau\\\/\",\"url\":\"https:\\\/\\\/stilanddesign.se\\\/produkt\\\/snygg-brodererad-blus-f-marta-du-chateau\\\/\",\"name\":\"Snygg brodererad blus f Marta Du Chateau! - Stil &amp; Design\",\"isPartOf\":{\"@id\":\"https:\\\/\\\/stilanddesign.se\\\/#website\"},\"primaryImageOfPage\":{\"@id\":\"https:\\\/\\\/stilanddesign.se\\\/produkt\\\/snygg-brodererad-blus-f-marta-du-chateau\\\/#primaryimage\"},\"image\":{\"@id\":\"https:\\\/\\\/stilanddesign.se\\\/produkt\\\/snygg-brodererad-blus-f-marta-du-chateau\\\/#primaryimage\"},\"thumbnailUrl\":\"https:\\\/\\\/stilanddesign.se\\\/wp-content\\\/uploads\\\/2024\\\/11\\\/Marta_du_chateau_dam_blus_Mdcleonora_5711-Blouse-5711.-Jeans_1800x1800.webp\",\"datePublished\":\"2024-11-08T15:16:14+00:00\",\"dateModified\":\"2024-11-08T15:18:22+00:00\",\"breadcrumb\":{\"@id\":\"https:\\\/\\\/stilanddesign.se\\\/produkt\\\/snygg-brodererad-blus-f-marta-du-chateau\\\/#breadcrumb\"},\"inLanguage\":\"en-US\",\"potentialAction\":[{\"@type\":\"ReadAction\",\"target\":[\"https:\\\/\\\/stilanddesign.se\\\/produkt\\\/snygg-brodererad-blus-f-marta-du-chateau\\\/\"]}]},{\"@type\":\"ImageObject\",\"inLanguage\":\"en-US\",\"@id\":\"https:\\\/\\\/stilanddesign.se\\\/produkt\\\/snygg-brodererad-blus-f-marta-du-chateau\\\/#primaryimage\",\"url\":\"https:\\\/\\\/stilanddesign.se\\\/wp-content\\\/uploads\\\/2024\\\/11\\\/Marta_du_chateau_dam_blus_Mdcleonora_5711-Blouse-5711.-Jeans_1800x1800.webp\",\"contentUrl\":\"https:\\\/\\\/stilanddesign.se\\\/wp-content\\\/uploads\\\/2024\\\/11\\\/Marta_du_chateau_dam_blus_Mdcleonora_5711-Blouse-5711.-Jeans_1800x1800.webp\",\"width\":1024,\"height\":1024},{\"@type\":\"BreadcrumbList\",\"@id\":\"https:\\\/\\\/stilanddesign.se\\\/produkt\\\/snygg-brodererad-blus-f-marta-du-chateau\\\/#breadcrumb\",\"itemListElement\":[{\"@type\":\"ListItem\",\"position\":1,\"name\":\"Hem\",\"item\":\"https:\\\/\\\/stilanddesign.se\\\/\"},{\"@type\":\"ListItem\",\"position\":2,\"name\":\"Butiken\",\"item\":\"https:\\\/\\\/stilanddesign.se\\\/butiken\\\/\"},{\"@type\":\"ListItem\",\"position\":3,\"name\":\"Snygg brodererad blus f Marta Du Chateau!\"}]},{\"@type\":\"WebSite\",\"@id\":\"https:\\\/\\\/stilanddesign.se\\\/#website\",\"url\":\"https:\\\/\\\/stilanddesign.se\\\/\",\"name\":\"Stil &amp; Design\",\"description\":\"F\u00f6r oss som \u00e4lskar mode!\",\"publisher\":{\"@id\":\"https:\\\/\\\/stilanddesign.se\\\/#organization\"},\"potentialAction\":[{\"@type\":\"SearchAction\",\"target\":{\"@type\":\"EntryPoint\",\"urlTemplate\":\"https:\\\/\\\/stilanddesign.se\\\/?s={search_term_string}\"},\"query-input\":{\"@type\":\"PropertyValueSpecification\",\"valueRequired\":true,\"valueName\":\"search_term_string\"}}],\"inLanguage\":\"en-US\"},{\"@type\":\"Organization\",\"@id\":\"https:\\\/\\\/stilanddesign.se\\\/#organization\",\"name\":\"Stil &amp; Design\",\"url\":\"https:\\\/\\\/stilanddesign.se\\\/\",\"logo\":{\"@type\":\"ImageObject\",\"inLanguage\":\"en-US\",\"@id\":\"https:\\\/\\\/stilanddesign.se\\\/#\\\/schema\\\/logo\\\/image\\\/\",\"url\":\"https:\\\/\\\/stilanddesign.se\\\/wp-content\\\/uploads\\\/2023\\\/12\\\/output-onlinepngtools-e1727784413220.png\",\"contentUrl\":\"https:\\\/\\\/stilanddesign.se\\\/wp-content\\\/uploads\\\/2023\\\/12\\\/output-onlinepngtools-e1727784413220.png\",\"width\":519,\"height\":135,\"caption\":\"Stil &amp; Design\"},\"image\":{\"@id\":\"https:\\\/\\\/stilanddesign.se\\\/#\\\/schema\\\/logo\\\/image\\\/\"}}]}<\/script>\n<!-- \/ Yoast SEO Premium plugin. -->","yoast_head_json":{"title":"Snygg brodererad blus f Marta Du Chateau! - Stil &amp; Design","robots":{"index":"index","follow":"follow","max-snippet":"max-snippet:-1","max-image-preview":"max-image-preview:large","max-video-preview":"max-video-preview:-1"},"canonical":"https:\/\/stilanddesign.se\/en\/product\/snygg-brodererad-blus-f-marta-du-chateau\/","og_locale":"en_US","og_type":"article","og_title":"Snygg brodererad blus f Marta Du Chateau!","og_description":"Snygg brodererad blus f Marta Du Chateau! Fin brodererad blus med volang.  S\/M Bystvidd: ca. 106 cm. L\u00e4ngd: ca. 61 cm.  L\/XL Bystvidd: ca. 112 cm. L\u00e4ngd: ca.61 cm.  Material: 100% Viskos  Tv\u00e4ttr\u00e5d  30g","og_url":"https:\/\/stilanddesign.se\/en\/product\/snygg-brodererad-blus-f-marta-du-chateau\/","og_site_name":"Stil &amp; Design","article_modified_time":"2024-11-08T15:18:22+00:00","og_image":[{"width":1024,"height":1024,"url":"https:\/\/stilanddesign.se\/wp-content\/uploads\/2024\/11\/Marta_du_chateau_dam_blus_Mdcleonora_5711-Blouse-5711.-Jeans_1800x1800.webp","type":"image\/webp"}],"twitter_card":"summary_large_image","twitter_misc":{"Est. reading time":"1 minute"},"schema":{"@context":"https:\/\/schema.org","@graph":[{"@type":"WebPage","@id":"https:\/\/stilanddesign.se\/produkt\/snygg-brodererad-blus-f-marta-du-chateau\/","url":"https:\/\/stilanddesign.se\/produkt\/snygg-brodererad-blus-f-marta-du-chateau\/","name":"Snygg brodererad blus f Marta Du Chateau! - Stil &amp; Design","isPartOf":{"@id":"https:\/\/stilanddesign.se\/#website"},"primaryImageOfPage":{"@id":"https:\/\/stilanddesign.se\/produkt\/snygg-brodererad-blus-f-marta-du-chateau\/#primaryimage"},"image":{"@id":"https:\/\/stilanddesign.se\/produkt\/snygg-brodererad-blus-f-marta-du-chateau\/#primaryimage"},"thumbnailUrl":"https:\/\/stilanddesign.se\/wp-content\/uploads\/2024\/11\/Marta_du_chateau_dam_blus_Mdcleonora_5711-Blouse-5711.-Jeans_1800x1800.webp","datePublished":"2024-11-08T15:16:14+00:00","dateModified":"2024-11-08T15:18:22+00:00","breadcrumb":{"@id":"https:\/\/stilanddesign.se\/produkt\/snygg-brodererad-blus-f-marta-du-chateau\/#breadcrumb"},"inLanguage":"en-US","potentialAction":[{"@type":"ReadAction","target":["https:\/\/stilanddesign.se\/produkt\/snygg-brodererad-blus-f-marta-du-chateau\/"]}]},{"@type":"ImageObject","inLanguage":"en-US","@id":"https:\/\/stilanddesign.se\/produkt\/snygg-brodererad-blus-f-marta-du-chateau\/#primaryimage","url":"https:\/\/stilanddesign.se\/wp-content\/uploads\/2024\/11\/Marta_du_chateau_dam_blus_Mdcleonora_5711-Blouse-5711.-Jeans_1800x1800.webp","contentUrl":"https:\/\/stilanddesign.se\/wp-content\/uploads\/2024\/11\/Marta_du_chateau_dam_blus_Mdcleonora_5711-Blouse-5711.-Jeans_1800x1800.webp","width":1024,"height":1024},{"@type":"BreadcrumbList","@id":"https:\/\/stilanddesign.se\/produkt\/snygg-brodererad-blus-f-marta-du-chateau\/#breadcrumb","itemListElement":[{"@type":"ListItem","position":1,"name":"Hem","item":"https:\/\/stilanddesign.se\/"},{"@type":"ListItem","position":2,"name":"Butiken","item":"https:\/\/stilanddesign.se\/butiken\/"},{"@type":"ListItem","position":3,"name":"Snygg brodererad blus f Marta Du Chateau!"}]},{"@type":"WebSite","@id":"https:\/\/stilanddesign.se\/#website","url":"https:\/\/stilanddesign.se\/","name":"Style &amp; Design","description":"For those of us who love fashion!","publisher":{"@id":"https:\/\/stilanddesign.se\/#organization"},"potentialAction":[{"@type":"SearchAction","target":{"@type":"EntryPoint","urlTemplate":"https:\/\/stilanddesign.se\/?s={search_term_string}"},"query-input":{"@type":"PropertyValueSpecification","valueRequired":true,"valueName":"search_term_string"}}],"inLanguage":"en-US"},{"@type":"Organization","@id":"https:\/\/stilanddesign.se\/#organization","name":"Style &amp; Design","url":"https:\/\/stilanddesign.se\/","logo":{"@type":"ImageObject","inLanguage":"en-US","@id":"https:\/\/stilanddesign.se\/#\/schema\/logo\/image\/","url":"https:\/\/stilanddesign.se\/wp-content\/uploads\/2023\/12\/output-onlinepngtools-e1727784413220.png","contentUrl":"https:\/\/stilanddesign.se\/wp-content\/uploads\/2023\/12\/output-onlinepngtools-e1727784413220.png","width":519,"height":135,"caption":"Stil &amp; Design"},"image":{"@id":"https:\/\/stilanddesign.se\/#\/schema\/logo\/image\/"}}]}},"_links":{"self":[{"href":"https:\/\/stilanddesign.se\/en\/wp-json\/wp\/v2\/product\/999155","targetHints":{"allow":["GET"]}}],"collection":[{"href":"https:\/\/stilanddesign.se\/en\/wp-json\/wp\/v2\/product"}],"about":[{"href":"https:\/\/stilanddesign.se\/en\/wp-json\/wp\/v2\/types\/product"}],"replies":[{"embeddable":true,"href":"https:\/\/stilanddesign.se\/en\/wp-json\/wp\/v2\/comments?post=999155"}],"wp:featuredmedia":[{"embeddable":true,"href":"https:\/\/stilanddesign.se\/en\/wp-json\/wp\/v2\/media\/999221"}],"wp:attachment":[{"href":"https:\/\/stilanddesign.se\/en\/wp-json\/wp\/v2\/media?parent=999155"}],"wp:term":[{"taxonomy":"product_brand","embeddable":true,"href":"https:\/\/stilanddesign.se\/en\/wp-json\/wp\/v2\/product_brand?post=999155"},{"taxonomy":"product_cat","embeddable":true,"href":"https:\/\/stilanddesign.se\/en\/wp-json\/wp\/v2\/product_cat?post=999155"},{"taxonomy":"product_tag","embeddable":true,"href":"https:\/\/stilanddesign.se\/en\/wp-json\/wp\/v2\/product_tag?post=999155"}],"curies":[{"name":"wp","href":"https:\/\/api.w.org\/{rel}","templated":true}]}}