{"id":998846,"date":"2024-11-08T16:12:41","date_gmt":"2024-11-08T15:12:41","guid":{"rendered":"https:\/\/stilanddesign.se\/?post_type=product&#038;p=998846"},"modified":"2024-11-08T16:15:25","modified_gmt":"2024-11-08T15:15:25","slug":"harlig-blus-f-marta-du-chateau-m-guld-brodyr-2","status":"publish","type":"product","link":"https:\/\/stilanddesign.se\/en\/product\/harlig-blus-f-marta-du-chateau-m-guld-brodyr-2\/","title":{"rendered":"Lovely blouse from Marta Du Chateau with gold embroidery!"},"content":{"rendered":"<h1 class=\"alt-font\"><strong>Lovely blouse from Marta Du Chateau with gold embroidery!<\/strong><\/h1>\n<p>H\u00e4rlig blus med guldigt broderi.<\/p>\n<p>Material: 100% Bomull<\/p>","protected":false},"excerpt":{"rendered":"<h1 class=\"alt-font\"><strong>Lovely blouse from Marta Du Chateau with gold embroidery!<\/strong><\/h1>\n<p>H\u00e4rlig blus med guldigt broderi.<\/p>\n<p>Material: 100% Bomull<\/p>","protected":false},"featured_media":998941,"comment_status":"closed","ping_status":"closed","template":"","meta":[],"product_brand":[],"product_cat":[211],"product_tag":[],"class_list":{"0":"post-998846","1":"product","2":"type-product","3":"status-publish","4":"has-post-thumbnail","6":"product_cat-blusar","8":"first","9":"outofstock","10":"taxable","11":"shipping-taxable","12":"purchasable","13":"product-type-variable"},"yoast_head":"<!-- This site is optimized with the Yoast SEO Premium plugin v27.1 (Yoast SEO v27.4) - https:\/\/yoast.com\/product\/yoast-seo-premium-wordpress\/ -->\n<title>H\u00e4rlig blus f Marta Du Chateau m guld brodyr! - Stil &amp; Design<\/title>\n<meta name=\"robots\" content=\"index, follow, max-snippet:-1, max-image-preview:large, max-video-preview:-1\" \/>\n<link rel=\"canonical\" href=\"https:\/\/stilanddesign.se\/en\/product\/harlig-blus-f-marta-du-chateau-m-guld-brodyr-2\/\" \/>\n<meta property=\"og:locale\" content=\"en_US\" \/>\n<meta property=\"og:type\" content=\"article\" \/>\n<meta property=\"og:title\" content=\"H\u00e4rlig blus f Marta Du Chateau m guld brodyr!\" \/>\n<meta property=\"og:description\" content=\"H\u00e4rlig blus f Marta Du Chateau m guld brodyr! H\u00e4rlig blus med guldigt broderi.  Material: 100% Bomull\" \/>\n<meta property=\"og:url\" content=\"https:\/\/stilanddesign.se\/en\/product\/harlig-blus-f-marta-du-chateau-m-guld-brodyr-2\/\" \/>\n<meta property=\"og:site_name\" content=\"Stil &amp; Design\" \/>\n<meta property=\"article:modified_time\" content=\"2024-11-08T15:15:25+00:00\" \/>\n<meta property=\"og:image\" content=\"https:\/\/stilanddesign.se\/wp-content\/uploads\/2024\/11\/7-1-scaled-1.jpg\" \/>\n\t<meta property=\"og:image:width\" content=\"1107\" \/>\n\t<meta property=\"og:image:height\" content=\"2560\" \/>\n\t<meta property=\"og:image:type\" content=\"image\/jpeg\" \/>\n<meta name=\"twitter:card\" content=\"summary_large_image\" \/>\n<meta name=\"twitter:label1\" content=\"Est. reading time\" \/>\n\t<meta name=\"twitter:data1\" content=\"1 minute\" \/>\n<script type=\"application\/ld+json\" class=\"yoast-schema-graph\">{\"@context\":\"https:\\\/\\\/schema.org\",\"@graph\":[{\"@type\":\"WebPage\",\"@id\":\"https:\\\/\\\/stilanddesign.se\\\/produkt\\\/harlig-blus-f-marta-du-chateau-m-guld-brodyr-2\\\/\",\"url\":\"https:\\\/\\\/stilanddesign.se\\\/produkt\\\/harlig-blus-f-marta-du-chateau-m-guld-brodyr-2\\\/\",\"name\":\"H\u00e4rlig blus f Marta Du Chateau m guld brodyr! - Stil &amp; Design\",\"isPartOf\":{\"@id\":\"https:\\\/\\\/stilanddesign.se\\\/#website\"},\"primaryImageOfPage\":{\"@id\":\"https:\\\/\\\/stilanddesign.se\\\/produkt\\\/harlig-blus-f-marta-du-chateau-m-guld-brodyr-2\\\/#primaryimage\"},\"image\":{\"@id\":\"https:\\\/\\\/stilanddesign.se\\\/produkt\\\/harlig-blus-f-marta-du-chateau-m-guld-brodyr-2\\\/#primaryimage\"},\"thumbnailUrl\":\"https:\\\/\\\/stilanddesign.se\\\/wp-content\\\/uploads\\\/2024\\\/11\\\/7-1-scaled-1.jpg\",\"datePublished\":\"2024-11-08T15:12:41+00:00\",\"dateModified\":\"2024-11-08T15:15:25+00:00\",\"breadcrumb\":{\"@id\":\"https:\\\/\\\/stilanddesign.se\\\/produkt\\\/harlig-blus-f-marta-du-chateau-m-guld-brodyr-2\\\/#breadcrumb\"},\"inLanguage\":\"en-US\",\"potentialAction\":[{\"@type\":\"ReadAction\",\"target\":[\"https:\\\/\\\/stilanddesign.se\\\/produkt\\\/harlig-blus-f-marta-du-chateau-m-guld-brodyr-2\\\/\"]}]},{\"@type\":\"ImageObject\",\"inLanguage\":\"en-US\",\"@id\":\"https:\\\/\\\/stilanddesign.se\\\/produkt\\\/harlig-blus-f-marta-du-chateau-m-guld-brodyr-2\\\/#primaryimage\",\"url\":\"https:\\\/\\\/stilanddesign.se\\\/wp-content\\\/uploads\\\/2024\\\/11\\\/7-1-scaled-1.jpg\",\"contentUrl\":\"https:\\\/\\\/stilanddesign.se\\\/wp-content\\\/uploads\\\/2024\\\/11\\\/7-1-scaled-1.jpg\",\"width\":1107,\"height\":2560},{\"@type\":\"BreadcrumbList\",\"@id\":\"https:\\\/\\\/stilanddesign.se\\\/produkt\\\/harlig-blus-f-marta-du-chateau-m-guld-brodyr-2\\\/#breadcrumb\",\"itemListElement\":[{\"@type\":\"ListItem\",\"position\":1,\"name\":\"Hem\",\"item\":\"https:\\\/\\\/stilanddesign.se\\\/\"},{\"@type\":\"ListItem\",\"position\":2,\"name\":\"Butiken\",\"item\":\"https:\\\/\\\/stilanddesign.se\\\/butiken\\\/\"},{\"@type\":\"ListItem\",\"position\":3,\"name\":\"H\u00e4rlig blus f Marta Du Chateau m guld brodyr!\"}]},{\"@type\":\"WebSite\",\"@id\":\"https:\\\/\\\/stilanddesign.se\\\/#website\",\"url\":\"https:\\\/\\\/stilanddesign.se\\\/\",\"name\":\"Stil &amp; Design\",\"description\":\"F\u00f6r oss som \u00e4lskar mode!\",\"publisher\":{\"@id\":\"https:\\\/\\\/stilanddesign.se\\\/#organization\"},\"potentialAction\":[{\"@type\":\"SearchAction\",\"target\":{\"@type\":\"EntryPoint\",\"urlTemplate\":\"https:\\\/\\\/stilanddesign.se\\\/?s={search_term_string}\"},\"query-input\":{\"@type\":\"PropertyValueSpecification\",\"valueRequired\":true,\"valueName\":\"search_term_string\"}}],\"inLanguage\":\"en-US\"},{\"@type\":\"Organization\",\"@id\":\"https:\\\/\\\/stilanddesign.se\\\/#organization\",\"name\":\"Stil &amp; Design\",\"url\":\"https:\\\/\\\/stilanddesign.se\\\/\",\"logo\":{\"@type\":\"ImageObject\",\"inLanguage\":\"en-US\",\"@id\":\"https:\\\/\\\/stilanddesign.se\\\/#\\\/schema\\\/logo\\\/image\\\/\",\"url\":\"https:\\\/\\\/stilanddesign.se\\\/wp-content\\\/uploads\\\/2023\\\/12\\\/output-onlinepngtools-e1727784413220.png\",\"contentUrl\":\"https:\\\/\\\/stilanddesign.se\\\/wp-content\\\/uploads\\\/2023\\\/12\\\/output-onlinepngtools-e1727784413220.png\",\"width\":519,\"height\":135,\"caption\":\"Stil &amp; Design\"},\"image\":{\"@id\":\"https:\\\/\\\/stilanddesign.se\\\/#\\\/schema\\\/logo\\\/image\\\/\"}}]}<\/script>\n<!-- \/ Yoast SEO Premium plugin. -->","yoast_head_json":{"title":"H\u00e4rlig blus f Marta Du Chateau m guld brodyr! - Stil &amp; Design","robots":{"index":"index","follow":"follow","max-snippet":"max-snippet:-1","max-image-preview":"max-image-preview:large","max-video-preview":"max-video-preview:-1"},"canonical":"https:\/\/stilanddesign.se\/en\/product\/harlig-blus-f-marta-du-chateau-m-guld-brodyr-2\/","og_locale":"en_US","og_type":"article","og_title":"H\u00e4rlig blus f Marta Du Chateau m guld brodyr!","og_description":"H\u00e4rlig blus f Marta Du Chateau m guld brodyr! H\u00e4rlig blus med guldigt broderi.  Material: 100% Bomull","og_url":"https:\/\/stilanddesign.se\/en\/product\/harlig-blus-f-marta-du-chateau-m-guld-brodyr-2\/","og_site_name":"Stil &amp; Design","article_modified_time":"2024-11-08T15:15:25+00:00","og_image":[{"width":1107,"height":2560,"url":"https:\/\/stilanddesign.se\/wp-content\/uploads\/2024\/11\/7-1-scaled-1.jpg","type":"image\/jpeg"}],"twitter_card":"summary_large_image","twitter_misc":{"Est. reading time":"1 minute"},"schema":{"@context":"https:\/\/schema.org","@graph":[{"@type":"WebPage","@id":"https:\/\/stilanddesign.se\/produkt\/harlig-blus-f-marta-du-chateau-m-guld-brodyr-2\/","url":"https:\/\/stilanddesign.se\/produkt\/harlig-blus-f-marta-du-chateau-m-guld-brodyr-2\/","name":"H\u00e4rlig blus f Marta Du Chateau m guld brodyr! - Stil &amp; Design","isPartOf":{"@id":"https:\/\/stilanddesign.se\/#website"},"primaryImageOfPage":{"@id":"https:\/\/stilanddesign.se\/produkt\/harlig-blus-f-marta-du-chateau-m-guld-brodyr-2\/#primaryimage"},"image":{"@id":"https:\/\/stilanddesign.se\/produkt\/harlig-blus-f-marta-du-chateau-m-guld-brodyr-2\/#primaryimage"},"thumbnailUrl":"https:\/\/stilanddesign.se\/wp-content\/uploads\/2024\/11\/7-1-scaled-1.jpg","datePublished":"2024-11-08T15:12:41+00:00","dateModified":"2024-11-08T15:15:25+00:00","breadcrumb":{"@id":"https:\/\/stilanddesign.se\/produkt\/harlig-blus-f-marta-du-chateau-m-guld-brodyr-2\/#breadcrumb"},"inLanguage":"en-US","potentialAction":[{"@type":"ReadAction","target":["https:\/\/stilanddesign.se\/produkt\/harlig-blus-f-marta-du-chateau-m-guld-brodyr-2\/"]}]},{"@type":"ImageObject","inLanguage":"en-US","@id":"https:\/\/stilanddesign.se\/produkt\/harlig-blus-f-marta-du-chateau-m-guld-brodyr-2\/#primaryimage","url":"https:\/\/stilanddesign.se\/wp-content\/uploads\/2024\/11\/7-1-scaled-1.jpg","contentUrl":"https:\/\/stilanddesign.se\/wp-content\/uploads\/2024\/11\/7-1-scaled-1.jpg","width":1107,"height":2560},{"@type":"BreadcrumbList","@id":"https:\/\/stilanddesign.se\/produkt\/harlig-blus-f-marta-du-chateau-m-guld-brodyr-2\/#breadcrumb","itemListElement":[{"@type":"ListItem","position":1,"name":"Hem","item":"https:\/\/stilanddesign.se\/"},{"@type":"ListItem","position":2,"name":"Butiken","item":"https:\/\/stilanddesign.se\/butiken\/"},{"@type":"ListItem","position":3,"name":"H\u00e4rlig blus f Marta Du Chateau m guld brodyr!"}]},{"@type":"WebSite","@id":"https:\/\/stilanddesign.se\/#website","url":"https:\/\/stilanddesign.se\/","name":"Style &amp; Design","description":"For those of us who love fashion!","publisher":{"@id":"https:\/\/stilanddesign.se\/#organization"},"potentialAction":[{"@type":"SearchAction","target":{"@type":"EntryPoint","urlTemplate":"https:\/\/stilanddesign.se\/?s={search_term_string}"},"query-input":{"@type":"PropertyValueSpecification","valueRequired":true,"valueName":"search_term_string"}}],"inLanguage":"en-US"},{"@type":"Organization","@id":"https:\/\/stilanddesign.se\/#organization","name":"Style &amp; Design","url":"https:\/\/stilanddesign.se\/","logo":{"@type":"ImageObject","inLanguage":"en-US","@id":"https:\/\/stilanddesign.se\/#\/schema\/logo\/image\/","url":"https:\/\/stilanddesign.se\/wp-content\/uploads\/2023\/12\/output-onlinepngtools-e1727784413220.png","contentUrl":"https:\/\/stilanddesign.se\/wp-content\/uploads\/2023\/12\/output-onlinepngtools-e1727784413220.png","width":519,"height":135,"caption":"Stil &amp; Design"},"image":{"@id":"https:\/\/stilanddesign.se\/#\/schema\/logo\/image\/"}}]}},"_links":{"self":[{"href":"https:\/\/stilanddesign.se\/en\/wp-json\/wp\/v2\/product\/998846","targetHints":{"allow":["GET"]}}],"collection":[{"href":"https:\/\/stilanddesign.se\/en\/wp-json\/wp\/v2\/product"}],"about":[{"href":"https:\/\/stilanddesign.se\/en\/wp-json\/wp\/v2\/types\/product"}],"replies":[{"embeddable":true,"href":"https:\/\/stilanddesign.se\/en\/wp-json\/wp\/v2\/comments?post=998846"}],"wp:featuredmedia":[{"embeddable":true,"href":"https:\/\/stilanddesign.se\/en\/wp-json\/wp\/v2\/media\/998941"}],"wp:attachment":[{"href":"https:\/\/stilanddesign.se\/en\/wp-json\/wp\/v2\/media?parent=998846"}],"wp:term":[{"taxonomy":"product_brand","embeddable":true,"href":"https:\/\/stilanddesign.se\/en\/wp-json\/wp\/v2\/product_brand?post=998846"},{"taxonomy":"product_cat","embeddable":true,"href":"https:\/\/stilanddesign.se\/en\/wp-json\/wp\/v2\/product_cat?post=998846"},{"taxonomy":"product_tag","embeddable":true,"href":"https:\/\/stilanddesign.se\/en\/wp-json\/wp\/v2\/product_tag?post=998846"}],"curies":[{"name":"wp","href":"https:\/\/api.w.org\/{rel}","templated":true}]}}