{"id":998818,"date":"2026-03-26T13:22:18","date_gmt":"2026-03-26T12:22:18","guid":{"rendered":"https:\/\/stilanddesign.se\/?post_type=product&#038;p=998818"},"modified":"2026-03-31T17:10:01","modified_gmt":"2026-03-31T15:10:01","slug":"tuff-skjorta-chica-london-%f0%9f%96%a4%e2%9c%a8","status":"publish","type":"product","link":"https:\/\/stilanddesign.se\/en\/product\/tuff-skjorta-chica-london-%f0%9f%96%a4%e2%9c%a8\/","title":{"rendered":"Tough shirt \u2013 Chica London \ud83d\udda4\u2728"},"content":{"rendered":"<p data-start=\"0\" data-end=\"242\"><strong data-start=\"0\" data-end=\"31\">Tough shirt \u2013 Chica London<\/strong> \ud83d\udda4\u2728<br data-start=\"35\" data-end=\"38\" \/>A stylish and easy-to-style shirt with a cool, relaxed look \ud83d\ude0d It has <strong data-start=\"110\" data-end=\"128\">elastic on the sleeve<\/strong> which gives a nice detail and makes it extra comfortable to wear \u2013 perfect for jeans, suit pants or leggings \ud83d\udc56\ud83d\udcab<\/p>\n<p data-start=\"244\" data-end=\"323\">\u2705 Elastic detail on the sleeve<br data-start=\"266\" data-end=\"269\" \/>\u2705 Relaxed fit \u2013 easy to style up or down<\/p>\n<p data-start=\"325\" data-end=\"462\" data-is-last-node=\"\" data-is-only-node=\"\">\ud83d\udccc <strong data-start=\"328\" data-end=\"340\">Size:<\/strong> One size (fits approx. <strong data-start=\"361\" data-end=\"378\">XS\/34 \u2013 XL\/42<\/strong>)<br data-start=\"379\" data-end=\"382\" \/>\ud83d\udcd0 <strong data-start=\"385\" data-end=\"415\">Armpit\u2013armpit (circumference):<\/strong> about 124 cm<br data-start=\"425\" data-end=\"428\" \/>\ud83d\udccf <strong data-start=\"431\" data-end=\"441\">Length:<\/strong> approx. 67 cm (from shoulder)<\/p>","protected":false},"excerpt":{"rendered":"<p data-start=\"0\" data-end=\"242\"><strong data-start=\"0\" data-end=\"31\">Tough shirt \u2013 Chica London<\/strong> \ud83d\udda4\u2728<br data-start=\"35\" data-end=\"38\" \/>A stylish and easy-to-style shirt with a cool, relaxed look \ud83d\ude0d It has <strong data-start=\"110\" data-end=\"128\">elastic on the sleeve<\/strong> which gives a nice detail and makes it extra comfortable to wear \u2013 perfect for jeans, suit pants or leggings \ud83d\udc56\ud83d\udcab<\/p>\n<p data-start=\"244\" data-end=\"323\">\u2705 Elastic detail on the sleeve<br data-start=\"266\" data-end=\"269\" \/>\u2705 Relaxed fit \u2013 easy to style up or down<\/p>\n<p data-start=\"325\" data-end=\"462\" data-is-last-node=\"\" data-is-only-node=\"\">\ud83d\udccc <strong data-start=\"328\" data-end=\"340\">Size:<\/strong> One size (fits approx. <strong data-start=\"361\" data-end=\"378\">XS\/34 \u2013 XL\/42<\/strong>)<br data-start=\"379\" data-end=\"382\" \/>\ud83d\udcd0 <strong data-start=\"385\" data-end=\"415\">Armpit\u2013armpit (circumference):<\/strong> about 124 cm<br data-start=\"425\" data-end=\"428\" \/>\ud83d\udccf <strong data-start=\"431\" data-end=\"441\">Length:<\/strong> approx. 67 cm (from shoulder)<\/p>","protected":false},"featured_media":998892,"comment_status":"closed","ping_status":"closed","template":"","meta":[],"product_brand":[],"product_cat":[211],"product_tag":[],"class_list":{"0":"post-998818","1":"product","2":"type-product","3":"status-publish","4":"has-post-thumbnail","6":"product_cat-blusar","8":"first","9":"instock","10":"taxable","11":"shipping-taxable","12":"purchasable","13":"product-type-variable"},"yoast_head":"<!-- This site is optimized with the Yoast SEO Premium plugin v27.4 (Yoast SEO v27.4) - https:\/\/yoast.com\/product\/yoast-seo-premium-wordpress\/ -->\n<title>Tuff skjorta \u2013 Chica London \ud83d\udda4\u2728 - Stil &amp; Design<\/title>\n<meta name=\"robots\" content=\"index, follow, max-snippet:-1, max-image-preview:large, max-video-preview:-1\" \/>\n<link rel=\"canonical\" href=\"https:\/\/stilanddesign.se\/en\/product\/tuff-skjorta-chica-london-\ud83d\udda4\u2728\/\" \/>\n<meta property=\"og:locale\" content=\"en_US\" \/>\n<meta property=\"og:type\" content=\"article\" \/>\n<meta property=\"og:title\" content=\"Tuff skjorta \u2013 Chica London \ud83d\udda4\u2728\" \/>\n<meta property=\"og:description\" content=\"Tuff skjorta \u2013 Chica London \ud83d\udda4\u2728En snygg och l\u00e4ttstylad skjorta med en cool, avslappnad look \ud83d\ude0d Den har res\u00e5r p\u00e5 \u00e4rmen som ger en fin detalj och g\u00f6r den extra bekv\u00e4m att b\u00e4ra \u2013 perfekt b\u00e5de till jeans, kostymbyxa eller leggings \ud83d\udc56\ud83d\udcab \u2705 Res\u00e5rdetalj p\u00e5 \u00e4rmen\u2705 Avslappnad passform \u2013 l\u00e4tt att styla upp eller ner \ud83d\udccc Storlek: One size (passar ca XS\/34 \u2013 XL\/42)\ud83d\udcd0 Armh\u00e5la\u2013armh\u00e5la (omkrets): ca 124 cm\ud83d\udccf L\u00e4ngd: ca 67 cm (fr\u00e5n axel)\" \/>\n<meta property=\"og:url\" content=\"https:\/\/stilanddesign.se\/en\/product\/tuff-skjorta-chica-london-\ud83d\udda4\u2728\/\" \/>\n<meta property=\"og:site_name\" content=\"Stil &amp; Design\" \/>\n<meta property=\"article:modified_time\" content=\"2026-03-31T15:10:01+00:00\" \/>\n<meta property=\"og:image\" content=\"https:\/\/stilanddesign.se\/wp-content\/uploads\/2024\/11\/FR2-scaled-1.jpg\" \/>\n\t<meta property=\"og:image:width\" content=\"1405\" \/>\n\t<meta property=\"og:image:height\" content=\"2560\" \/>\n\t<meta property=\"og:image:type\" content=\"image\/jpeg\" \/>\n<meta name=\"twitter:card\" content=\"summary_large_image\" \/>\n<meta name=\"twitter:label1\" content=\"Est. reading time\" \/>\n\t<meta name=\"twitter:data1\" content=\"1 minute\" \/>\n<script type=\"application\/ld+json\" class=\"yoast-schema-graph\">{\"@context\":\"https:\\\/\\\/schema.org\",\"@graph\":[{\"@type\":\"WebPage\",\"@id\":\"https:\\\/\\\/stilanddesign.se\\\/produkt\\\/tuff-skjorta-chica-london-%f0%9f%96%a4%e2%9c%a8\\\/\",\"url\":\"https:\\\/\\\/stilanddesign.se\\\/produkt\\\/tuff-skjorta-chica-london-%f0%9f%96%a4%e2%9c%a8\\\/\",\"name\":\"Tuff skjorta \u2013 Chica London \ud83d\udda4\u2728 - Stil &amp; Design\",\"isPartOf\":{\"@id\":\"https:\\\/\\\/stilanddesign.se\\\/#website\"},\"primaryImageOfPage\":{\"@id\":\"https:\\\/\\\/stilanddesign.se\\\/produkt\\\/tuff-skjorta-chica-london-%f0%9f%96%a4%e2%9c%a8\\\/#primaryimage\"},\"image\":{\"@id\":\"https:\\\/\\\/stilanddesign.se\\\/produkt\\\/tuff-skjorta-chica-london-%f0%9f%96%a4%e2%9c%a8\\\/#primaryimage\"},\"thumbnailUrl\":\"https:\\\/\\\/stilanddesign.se\\\/wp-content\\\/uploads\\\/2024\\\/11\\\/FR2-scaled-1.jpg\",\"datePublished\":\"2026-03-26T12:22:18+00:00\",\"dateModified\":\"2026-03-31T15:10:01+00:00\",\"breadcrumb\":{\"@id\":\"https:\\\/\\\/stilanddesign.se\\\/produkt\\\/tuff-skjorta-chica-london-%f0%9f%96%a4%e2%9c%a8\\\/#breadcrumb\"},\"inLanguage\":\"en-US\",\"potentialAction\":[{\"@type\":\"ReadAction\",\"target\":[\"https:\\\/\\\/stilanddesign.se\\\/produkt\\\/tuff-skjorta-chica-london-%f0%9f%96%a4%e2%9c%a8\\\/\"]}]},{\"@type\":\"ImageObject\",\"inLanguage\":\"en-US\",\"@id\":\"https:\\\/\\\/stilanddesign.se\\\/produkt\\\/tuff-skjorta-chica-london-%f0%9f%96%a4%e2%9c%a8\\\/#primaryimage\",\"url\":\"https:\\\/\\\/stilanddesign.se\\\/wp-content\\\/uploads\\\/2024\\\/11\\\/FR2-scaled-1.jpg\",\"contentUrl\":\"https:\\\/\\\/stilanddesign.se\\\/wp-content\\\/uploads\\\/2024\\\/11\\\/FR2-scaled-1.jpg\",\"width\":1405,\"height\":2560},{\"@type\":\"BreadcrumbList\",\"@id\":\"https:\\\/\\\/stilanddesign.se\\\/produkt\\\/tuff-skjorta-chica-london-%f0%9f%96%a4%e2%9c%a8\\\/#breadcrumb\",\"itemListElement\":[{\"@type\":\"ListItem\",\"position\":1,\"name\":\"Hem\",\"item\":\"https:\\\/\\\/stilanddesign.se\\\/\"},{\"@type\":\"ListItem\",\"position\":2,\"name\":\"Butiken\",\"item\":\"https:\\\/\\\/stilanddesign.se\\\/butiken\\\/\"},{\"@type\":\"ListItem\",\"position\":3,\"name\":\"Tuff skjorta \u2013 Chica London \ud83d\udda4\u2728\"}]},{\"@type\":\"WebSite\",\"@id\":\"https:\\\/\\\/stilanddesign.se\\\/#website\",\"url\":\"https:\\\/\\\/stilanddesign.se\\\/\",\"name\":\"Stil &amp; Design\",\"description\":\"F\u00f6r oss som \u00e4lskar mode!\",\"publisher\":{\"@id\":\"https:\\\/\\\/stilanddesign.se\\\/#organization\"},\"potentialAction\":[{\"@type\":\"SearchAction\",\"target\":{\"@type\":\"EntryPoint\",\"urlTemplate\":\"https:\\\/\\\/stilanddesign.se\\\/?s={search_term_string}\"},\"query-input\":{\"@type\":\"PropertyValueSpecification\",\"valueRequired\":true,\"valueName\":\"search_term_string\"}}],\"inLanguage\":\"en-US\"},{\"@type\":\"Organization\",\"@id\":\"https:\\\/\\\/stilanddesign.se\\\/#organization\",\"name\":\"Stil &amp; Design\",\"url\":\"https:\\\/\\\/stilanddesign.se\\\/\",\"logo\":{\"@type\":\"ImageObject\",\"inLanguage\":\"en-US\",\"@id\":\"https:\\\/\\\/stilanddesign.se\\\/#\\\/schema\\\/logo\\\/image\\\/\",\"url\":\"https:\\\/\\\/stilanddesign.se\\\/wp-content\\\/uploads\\\/2023\\\/12\\\/output-onlinepngtools-e1727784413220.png\",\"contentUrl\":\"https:\\\/\\\/stilanddesign.se\\\/wp-content\\\/uploads\\\/2023\\\/12\\\/output-onlinepngtools-e1727784413220.png\",\"width\":519,\"height\":135,\"caption\":\"Stil &amp; Design\"},\"image\":{\"@id\":\"https:\\\/\\\/stilanddesign.se\\\/#\\\/schema\\\/logo\\\/image\\\/\"}}]}<\/script>\n<!-- \/ Yoast SEO Premium plugin. -->","yoast_head_json":{"title":"Tuff skjorta \u2013 Chica London \ud83d\udda4\u2728 - Stil &amp; Design","robots":{"index":"index","follow":"follow","max-snippet":"max-snippet:-1","max-image-preview":"max-image-preview:large","max-video-preview":"max-video-preview:-1"},"canonical":"https:\/\/stilanddesign.se\/en\/product\/tuff-skjorta-chica-london-\ud83d\udda4\u2728\/","og_locale":"en_US","og_type":"article","og_title":"Tuff skjorta \u2013 Chica London \ud83d\udda4\u2728","og_description":"Tuff skjorta \u2013 Chica London \ud83d\udda4\u2728En snygg och l\u00e4ttstylad skjorta med en cool, avslappnad look \ud83d\ude0d Den har res\u00e5r p\u00e5 \u00e4rmen som ger en fin detalj och g\u00f6r den extra bekv\u00e4m att b\u00e4ra \u2013 perfekt b\u00e5de till jeans, kostymbyxa eller leggings \ud83d\udc56\ud83d\udcab \u2705 Res\u00e5rdetalj p\u00e5 \u00e4rmen\u2705 Avslappnad passform \u2013 l\u00e4tt att styla upp eller ner \ud83d\udccc Storlek: One size (passar ca XS\/34 \u2013 XL\/42)\ud83d\udcd0 Armh\u00e5la\u2013armh\u00e5la (omkrets): ca 124 cm\ud83d\udccf L\u00e4ngd: ca 67 cm (fr\u00e5n axel)","og_url":"https:\/\/stilanddesign.se\/en\/product\/tuff-skjorta-chica-london-\ud83d\udda4\u2728\/","og_site_name":"Stil &amp; Design","article_modified_time":"2026-03-31T15:10:01+00:00","og_image":[{"width":1405,"height":2560,"url":"https:\/\/stilanddesign.se\/wp-content\/uploads\/2024\/11\/FR2-scaled-1.jpg","type":"image\/jpeg"}],"twitter_card":"summary_large_image","twitter_misc":{"Est. reading time":"1 minute"},"schema":{"@context":"https:\/\/schema.org","@graph":[{"@type":"WebPage","@id":"https:\/\/stilanddesign.se\/produkt\/tuff-skjorta-chica-london-%f0%9f%96%a4%e2%9c%a8\/","url":"https:\/\/stilanddesign.se\/produkt\/tuff-skjorta-chica-london-%f0%9f%96%a4%e2%9c%a8\/","name":"Tuff skjorta \u2013 Chica London \ud83d\udda4\u2728 - Stil &amp; Design","isPartOf":{"@id":"https:\/\/stilanddesign.se\/#website"},"primaryImageOfPage":{"@id":"https:\/\/stilanddesign.se\/produkt\/tuff-skjorta-chica-london-%f0%9f%96%a4%e2%9c%a8\/#primaryimage"},"image":{"@id":"https:\/\/stilanddesign.se\/produkt\/tuff-skjorta-chica-london-%f0%9f%96%a4%e2%9c%a8\/#primaryimage"},"thumbnailUrl":"https:\/\/stilanddesign.se\/wp-content\/uploads\/2024\/11\/FR2-scaled-1.jpg","datePublished":"2026-03-26T12:22:18+00:00","dateModified":"2026-03-31T15:10:01+00:00","breadcrumb":{"@id":"https:\/\/stilanddesign.se\/produkt\/tuff-skjorta-chica-london-%f0%9f%96%a4%e2%9c%a8\/#breadcrumb"},"inLanguage":"en-US","potentialAction":[{"@type":"ReadAction","target":["https:\/\/stilanddesign.se\/produkt\/tuff-skjorta-chica-london-%f0%9f%96%a4%e2%9c%a8\/"]}]},{"@type":"ImageObject","inLanguage":"en-US","@id":"https:\/\/stilanddesign.se\/produkt\/tuff-skjorta-chica-london-%f0%9f%96%a4%e2%9c%a8\/#primaryimage","url":"https:\/\/stilanddesign.se\/wp-content\/uploads\/2024\/11\/FR2-scaled-1.jpg","contentUrl":"https:\/\/stilanddesign.se\/wp-content\/uploads\/2024\/11\/FR2-scaled-1.jpg","width":1405,"height":2560},{"@type":"BreadcrumbList","@id":"https:\/\/stilanddesign.se\/produkt\/tuff-skjorta-chica-london-%f0%9f%96%a4%e2%9c%a8\/#breadcrumb","itemListElement":[{"@type":"ListItem","position":1,"name":"Hem","item":"https:\/\/stilanddesign.se\/"},{"@type":"ListItem","position":2,"name":"Butiken","item":"https:\/\/stilanddesign.se\/butiken\/"},{"@type":"ListItem","position":3,"name":"Tuff skjorta \u2013 Chica London \ud83d\udda4\u2728"}]},{"@type":"WebSite","@id":"https:\/\/stilanddesign.se\/#website","url":"https:\/\/stilanddesign.se\/","name":"Style &amp; Design","description":"For those of us who love fashion!","publisher":{"@id":"https:\/\/stilanddesign.se\/#organization"},"potentialAction":[{"@type":"SearchAction","target":{"@type":"EntryPoint","urlTemplate":"https:\/\/stilanddesign.se\/?s={search_term_string}"},"query-input":{"@type":"PropertyValueSpecification","valueRequired":true,"valueName":"search_term_string"}}],"inLanguage":"en-US"},{"@type":"Organization","@id":"https:\/\/stilanddesign.se\/#organization","name":"Style &amp; Design","url":"https:\/\/stilanddesign.se\/","logo":{"@type":"ImageObject","inLanguage":"en-US","@id":"https:\/\/stilanddesign.se\/#\/schema\/logo\/image\/","url":"https:\/\/stilanddesign.se\/wp-content\/uploads\/2023\/12\/output-onlinepngtools-e1727784413220.png","contentUrl":"https:\/\/stilanddesign.se\/wp-content\/uploads\/2023\/12\/output-onlinepngtools-e1727784413220.png","width":519,"height":135,"caption":"Stil &amp; Design"},"image":{"@id":"https:\/\/stilanddesign.se\/#\/schema\/logo\/image\/"}}]}},"_links":{"self":[{"href":"https:\/\/stilanddesign.se\/en\/wp-json\/wp\/v2\/product\/998818","targetHints":{"allow":["GET"]}}],"collection":[{"href":"https:\/\/stilanddesign.se\/en\/wp-json\/wp\/v2\/product"}],"about":[{"href":"https:\/\/stilanddesign.se\/en\/wp-json\/wp\/v2\/types\/product"}],"replies":[{"embeddable":true,"href":"https:\/\/stilanddesign.se\/en\/wp-json\/wp\/v2\/comments?post=998818"}],"wp:featuredmedia":[{"embeddable":true,"href":"https:\/\/stilanddesign.se\/en\/wp-json\/wp\/v2\/media\/998892"}],"wp:attachment":[{"href":"https:\/\/stilanddesign.se\/en\/wp-json\/wp\/v2\/media?parent=998818"}],"wp:term":[{"taxonomy":"product_brand","embeddable":true,"href":"https:\/\/stilanddesign.se\/en\/wp-json\/wp\/v2\/product_brand?post=998818"},{"taxonomy":"product_cat","embeddable":true,"href":"https:\/\/stilanddesign.se\/en\/wp-json\/wp\/v2\/product_cat?post=998818"},{"taxonomy":"product_tag","embeddable":true,"href":"https:\/\/stilanddesign.se\/en\/wp-json\/wp\/v2\/product_tag?post=998818"}],"curies":[{"name":"wp","href":"https:\/\/api.w.org\/{rel}","templated":true}]}}