{"id":998810,"date":"2024-11-08T16:12:17","date_gmt":"2024-11-08T15:12:17","guid":{"rendered":"https:\/\/stilanddesign.se\/?post_type=product&#038;p=998810"},"modified":"2024-11-08T18:53:44","modified_gmt":"2024-11-08T17:53:44","slug":"leomonstrad-skjorta-i-blatt","status":"publish","type":"product","link":"https:\/\/stilanddesign.se\/en\/product\/leomonstrad-skjorta-i-blatt\/","title":{"rendered":"Leopard-print shirt in blue"},"content":{"rendered":"<div>\n<p><span class=\"productname\">SALOME SHIRT COBOLT BLUE\/BLACK<\/span><\/p>\n<div class=\"shortdescription\">\n<p>Stylish shirt in a trendy enlarged leopard pattern in such a lovely blue color. Effective quality in satin mixed with chiffon. Slightly looser fit that is longer at the back than the front, and rounded at the sides. Regular shirt collar with covered buttons all the way to the front. Yoke at the back, cut at the bust and full-length sleeves that end with high cuffs with two buttons.<\/p>\n<\/div>\n<div class=\"clear\"><\/div>\n<div class=\"price\"><span class=\"productPrice\">599 SEK<\/span><\/div>\n<\/div>\n<p>&nbsp;<\/p>","protected":false},"excerpt":{"rendered":"<div>\n<p><span class=\"productname\">SALOME SHIRT COBOLT BLUE\/BLACK<\/span><\/p>\n<div class=\"shortdescription\">\n<p>Stylish shirt in a trendy enlarged leopard pattern in such a lovely blue color. Effective quality in satin mixed with chiffon. Slightly looser fit that is longer at the back than the front, and rounded at the sides. Regular shirt collar with covered buttons all the way to the front. Yoke at the back, cut at the bust and full-length sleeves that end with high cuffs with two buttons.<\/p>\n<\/div>\n<div class=\"clear\"><\/div>\n<div class=\"price\"><span class=\"productPrice\">599 SEK<\/span><\/div>\n<\/div>\n<p>&nbsp;<\/p>","protected":false},"featured_media":998862,"comment_status":"closed","ping_status":"closed","template":"","meta":[],"product_brand":[],"product_cat":[211,214],"product_tag":[],"class_list":{"0":"post-998810","1":"product","2":"type-product","3":"status-publish","4":"has-post-thumbnail","6":"product_cat-blusar","7":"product_cat-skjorta-langskjorta","9":"first","10":"outofstock","11":"taxable","12":"shipping-taxable","13":"purchasable","14":"product-type-variable"},"yoast_head":"<!-- This site is optimized with the Yoast SEO Premium plugin v27.4 (Yoast SEO v27.5) - https:\/\/yoast.com\/product\/yoast-seo-premium-wordpress\/ -->\n<title>Leom\u00f6nstrad skjorta i bl\u00e5tt - Stil &amp; Design<\/title>\n<meta name=\"robots\" content=\"index, follow, max-snippet:-1, max-image-preview:large, max-video-preview:-1\" \/>\n<link rel=\"canonical\" href=\"https:\/\/stilanddesign.se\/en\/product\/leomonstrad-skjorta-i-blatt\/\" \/>\n<meta property=\"og:locale\" content=\"en_US\" \/>\n<meta property=\"og:type\" content=\"article\" \/>\n<meta property=\"og:title\" content=\"Leom\u00f6nstrad skjorta i bl\u00e5tt\" \/>\n<meta property=\"og:description\" content=\"SALOME SHIRT COBOLT BLUE\/BLACK   Snygg skjorta i trendigt uppf\u00f6rstorat leopardm\u00f6nster i s\u00e5\u00e5 h\u00e4rlig bl\u00e5 f\u00e4rg. Effektfull kvalitet i satin blandat med chiffon. Lite ledigare passform som \u00e4r l\u00e4ngre bak \u00e4n fram, samt rundad i sidorna. Vanlig skjortkrage med kn\u00e4ppning med kl\u00e4dda knappar hela v\u00e4gen fram. Ok bak, insnitt vid byst och hell\u00e5ng \u00e4rm som avslutas med h\u00f6ga manschetter med tv\u00e5 knappar.    599 SEK  &nbsp;\" \/>\n<meta property=\"og:url\" content=\"https:\/\/stilanddesign.se\/en\/product\/leomonstrad-skjorta-i-blatt\/\" \/>\n<meta property=\"og:site_name\" content=\"Stil &amp; Design\" \/>\n<meta property=\"article:modified_time\" content=\"2024-11-08T17:53:44+00:00\" \/>\n<meta property=\"og:image\" content=\"https:\/\/stilanddesign.se\/wp-content\/uploads\/2024\/11\/CA2-scaled-1.jpg\" \/>\n\t<meta property=\"og:image:width\" content=\"1300\" \/>\n\t<meta property=\"og:image:height\" content=\"2560\" \/>\n\t<meta property=\"og:image:type\" content=\"image\/jpeg\" \/>\n<meta name=\"twitter:card\" content=\"summary_large_image\" \/>\n<meta name=\"twitter:label1\" content=\"Est. reading time\" \/>\n\t<meta name=\"twitter:data1\" content=\"1 minute\" \/>\n<script type=\"application\/ld+json\" class=\"yoast-schema-graph\">{\"@context\":\"https:\\\/\\\/schema.org\",\"@graph\":[{\"@type\":\"WebPage\",\"@id\":\"https:\\\/\\\/stilanddesign.se\\\/produkt\\\/leomonstrad-skjorta-i-blatt\\\/\",\"url\":\"https:\\\/\\\/stilanddesign.se\\\/produkt\\\/leomonstrad-skjorta-i-blatt\\\/\",\"name\":\"Leom\u00f6nstrad skjorta i bl\u00e5tt - Stil &amp; Design\",\"isPartOf\":{\"@id\":\"https:\\\/\\\/stilanddesign.se\\\/#website\"},\"primaryImageOfPage\":{\"@id\":\"https:\\\/\\\/stilanddesign.se\\\/produkt\\\/leomonstrad-skjorta-i-blatt\\\/#primaryimage\"},\"image\":{\"@id\":\"https:\\\/\\\/stilanddesign.se\\\/produkt\\\/leomonstrad-skjorta-i-blatt\\\/#primaryimage\"},\"thumbnailUrl\":\"https:\\\/\\\/stilanddesign.se\\\/wp-content\\\/uploads\\\/2024\\\/11\\\/CA2-scaled-1.jpg\",\"datePublished\":\"2024-11-08T15:12:17+00:00\",\"dateModified\":\"2024-11-08T17:53:44+00:00\",\"breadcrumb\":{\"@id\":\"https:\\\/\\\/stilanddesign.se\\\/produkt\\\/leomonstrad-skjorta-i-blatt\\\/#breadcrumb\"},\"inLanguage\":\"en-US\",\"potentialAction\":[{\"@type\":\"ReadAction\",\"target\":[\"https:\\\/\\\/stilanddesign.se\\\/produkt\\\/leomonstrad-skjorta-i-blatt\\\/\"]}]},{\"@type\":\"ImageObject\",\"inLanguage\":\"en-US\",\"@id\":\"https:\\\/\\\/stilanddesign.se\\\/produkt\\\/leomonstrad-skjorta-i-blatt\\\/#primaryimage\",\"url\":\"https:\\\/\\\/stilanddesign.se\\\/wp-content\\\/uploads\\\/2024\\\/11\\\/CA2-scaled-1.jpg\",\"contentUrl\":\"https:\\\/\\\/stilanddesign.se\\\/wp-content\\\/uploads\\\/2024\\\/11\\\/CA2-scaled-1.jpg\",\"width\":1300,\"height\":2560},{\"@type\":\"BreadcrumbList\",\"@id\":\"https:\\\/\\\/stilanddesign.se\\\/produkt\\\/leomonstrad-skjorta-i-blatt\\\/#breadcrumb\",\"itemListElement\":[{\"@type\":\"ListItem\",\"position\":1,\"name\":\"Hem\",\"item\":\"https:\\\/\\\/stilanddesign.se\\\/\"},{\"@type\":\"ListItem\",\"position\":2,\"name\":\"Butiken\",\"item\":\"https:\\\/\\\/stilanddesign.se\\\/butiken\\\/\"},{\"@type\":\"ListItem\",\"position\":3,\"name\":\"Leom\u00f6nstrad skjorta i bl\u00e5tt\"}]},{\"@type\":\"WebSite\",\"@id\":\"https:\\\/\\\/stilanddesign.se\\\/#website\",\"url\":\"https:\\\/\\\/stilanddesign.se\\\/\",\"name\":\"Stil &amp; Design\",\"description\":\"F\u00f6r oss som \u00e4lskar mode!\",\"publisher\":{\"@id\":\"https:\\\/\\\/stilanddesign.se\\\/#organization\"},\"potentialAction\":[{\"@type\":\"SearchAction\",\"target\":{\"@type\":\"EntryPoint\",\"urlTemplate\":\"https:\\\/\\\/stilanddesign.se\\\/?s={search_term_string}\"},\"query-input\":{\"@type\":\"PropertyValueSpecification\",\"valueRequired\":true,\"valueName\":\"search_term_string\"}}],\"inLanguage\":\"en-US\"},{\"@type\":\"Organization\",\"@id\":\"https:\\\/\\\/stilanddesign.se\\\/#organization\",\"name\":\"Stil &amp; Design\",\"url\":\"https:\\\/\\\/stilanddesign.se\\\/\",\"logo\":{\"@type\":\"ImageObject\",\"inLanguage\":\"en-US\",\"@id\":\"https:\\\/\\\/stilanddesign.se\\\/#\\\/schema\\\/logo\\\/image\\\/\",\"url\":\"https:\\\/\\\/stilanddesign.se\\\/wp-content\\\/uploads\\\/2023\\\/12\\\/output-onlinepngtools-e1727784413220.png\",\"contentUrl\":\"https:\\\/\\\/stilanddesign.se\\\/wp-content\\\/uploads\\\/2023\\\/12\\\/output-onlinepngtools-e1727784413220.png\",\"width\":519,\"height\":135,\"caption\":\"Stil &amp; Design\"},\"image\":{\"@id\":\"https:\\\/\\\/stilanddesign.se\\\/#\\\/schema\\\/logo\\\/image\\\/\"}}]}<\/script>\n<!-- \/ Yoast SEO Premium plugin. -->","yoast_head_json":{"title":"Leom\u00f6nstrad skjorta i bl\u00e5tt - Stil &amp; Design","robots":{"index":"index","follow":"follow","max-snippet":"max-snippet:-1","max-image-preview":"max-image-preview:large","max-video-preview":"max-video-preview:-1"},"canonical":"https:\/\/stilanddesign.se\/en\/product\/leomonstrad-skjorta-i-blatt\/","og_locale":"en_US","og_type":"article","og_title":"Leom\u00f6nstrad skjorta i bl\u00e5tt","og_description":"SALOME SHIRT COBOLT BLUE\/BLACK   Snygg skjorta i trendigt uppf\u00f6rstorat leopardm\u00f6nster i s\u00e5\u00e5 h\u00e4rlig bl\u00e5 f\u00e4rg. Effektfull kvalitet i satin blandat med chiffon. Lite ledigare passform som \u00e4r l\u00e4ngre bak \u00e4n fram, samt rundad i sidorna. Vanlig skjortkrage med kn\u00e4ppning med kl\u00e4dda knappar hela v\u00e4gen fram. Ok bak, insnitt vid byst och hell\u00e5ng \u00e4rm som avslutas med h\u00f6ga manschetter med tv\u00e5 knappar.    599 SEK  &nbsp;","og_url":"https:\/\/stilanddesign.se\/en\/product\/leomonstrad-skjorta-i-blatt\/","og_site_name":"Stil &amp; Design","article_modified_time":"2024-11-08T17:53:44+00:00","og_image":[{"width":1300,"height":2560,"url":"https:\/\/stilanddesign.se\/wp-content\/uploads\/2024\/11\/CA2-scaled-1.jpg","type":"image\/jpeg"}],"twitter_card":"summary_large_image","twitter_misc":{"Est. reading time":"1 minute"},"schema":{"@context":"https:\/\/schema.org","@graph":[{"@type":"WebPage","@id":"https:\/\/stilanddesign.se\/produkt\/leomonstrad-skjorta-i-blatt\/","url":"https:\/\/stilanddesign.se\/produkt\/leomonstrad-skjorta-i-blatt\/","name":"Leom\u00f6nstrad skjorta i bl\u00e5tt - Stil &amp; Design","isPartOf":{"@id":"https:\/\/stilanddesign.se\/#website"},"primaryImageOfPage":{"@id":"https:\/\/stilanddesign.se\/produkt\/leomonstrad-skjorta-i-blatt\/#primaryimage"},"image":{"@id":"https:\/\/stilanddesign.se\/produkt\/leomonstrad-skjorta-i-blatt\/#primaryimage"},"thumbnailUrl":"https:\/\/stilanddesign.se\/wp-content\/uploads\/2024\/11\/CA2-scaled-1.jpg","datePublished":"2024-11-08T15:12:17+00:00","dateModified":"2024-11-08T17:53:44+00:00","breadcrumb":{"@id":"https:\/\/stilanddesign.se\/produkt\/leomonstrad-skjorta-i-blatt\/#breadcrumb"},"inLanguage":"en-US","potentialAction":[{"@type":"ReadAction","target":["https:\/\/stilanddesign.se\/produkt\/leomonstrad-skjorta-i-blatt\/"]}]},{"@type":"ImageObject","inLanguage":"en-US","@id":"https:\/\/stilanddesign.se\/produkt\/leomonstrad-skjorta-i-blatt\/#primaryimage","url":"https:\/\/stilanddesign.se\/wp-content\/uploads\/2024\/11\/CA2-scaled-1.jpg","contentUrl":"https:\/\/stilanddesign.se\/wp-content\/uploads\/2024\/11\/CA2-scaled-1.jpg","width":1300,"height":2560},{"@type":"BreadcrumbList","@id":"https:\/\/stilanddesign.se\/produkt\/leomonstrad-skjorta-i-blatt\/#breadcrumb","itemListElement":[{"@type":"ListItem","position":1,"name":"Hem","item":"https:\/\/stilanddesign.se\/"},{"@type":"ListItem","position":2,"name":"Butiken","item":"https:\/\/stilanddesign.se\/butiken\/"},{"@type":"ListItem","position":3,"name":"Leom\u00f6nstrad skjorta i bl\u00e5tt"}]},{"@type":"WebSite","@id":"https:\/\/stilanddesign.se\/#website","url":"https:\/\/stilanddesign.se\/","name":"Style &amp; Design","description":"For those of us who love fashion!","publisher":{"@id":"https:\/\/stilanddesign.se\/#organization"},"potentialAction":[{"@type":"SearchAction","target":{"@type":"EntryPoint","urlTemplate":"https:\/\/stilanddesign.se\/?s={search_term_string}"},"query-input":{"@type":"PropertyValueSpecification","valueRequired":true,"valueName":"search_term_string"}}],"inLanguage":"en-US"},{"@type":"Organization","@id":"https:\/\/stilanddesign.se\/#organization","name":"Style &amp; Design","url":"https:\/\/stilanddesign.se\/","logo":{"@type":"ImageObject","inLanguage":"en-US","@id":"https:\/\/stilanddesign.se\/#\/schema\/logo\/image\/","url":"https:\/\/stilanddesign.se\/wp-content\/uploads\/2023\/12\/output-onlinepngtools-e1727784413220.png","contentUrl":"https:\/\/stilanddesign.se\/wp-content\/uploads\/2023\/12\/output-onlinepngtools-e1727784413220.png","width":519,"height":135,"caption":"Stil &amp; Design"},"image":{"@id":"https:\/\/stilanddesign.se\/#\/schema\/logo\/image\/"}}]}},"_links":{"self":[{"href":"https:\/\/stilanddesign.se\/en\/wp-json\/wp\/v2\/product\/998810","targetHints":{"allow":["GET"]}}],"collection":[{"href":"https:\/\/stilanddesign.se\/en\/wp-json\/wp\/v2\/product"}],"about":[{"href":"https:\/\/stilanddesign.se\/en\/wp-json\/wp\/v2\/types\/product"}],"replies":[{"embeddable":true,"href":"https:\/\/stilanddesign.se\/en\/wp-json\/wp\/v2\/comments?post=998810"}],"wp:featuredmedia":[{"embeddable":true,"href":"https:\/\/stilanddesign.se\/en\/wp-json\/wp\/v2\/media\/998862"}],"wp:attachment":[{"href":"https:\/\/stilanddesign.se\/en\/wp-json\/wp\/v2\/media?parent=998810"}],"wp:term":[{"taxonomy":"product_brand","embeddable":true,"href":"https:\/\/stilanddesign.se\/en\/wp-json\/wp\/v2\/product_brand?post=998810"},{"taxonomy":"product_cat","embeddable":true,"href":"https:\/\/stilanddesign.se\/en\/wp-json\/wp\/v2\/product_cat?post=998810"},{"taxonomy":"product_tag","embeddable":true,"href":"https:\/\/stilanddesign.se\/en\/wp-json\/wp\/v2\/product_tag?post=998810"}],"curies":[{"name":"wp","href":"https:\/\/api.w.org\/{rel}","templated":true}]}}