{"id":998628,"date":"2024-11-08T16:10:06","date_gmt":"2024-11-08T15:10:06","guid":{"rendered":"https:\/\/stilanddesign.se\/?post_type=product&#038;p=998628"},"modified":"2024-11-08T16:12:13","modified_gmt":"2024-11-08T15:12:13","slug":"fantastiskt-skon-blus-i-100-bomull-linne-look-2","status":"publish","type":"product","link":"https:\/\/stilanddesign.se\/en\/product\/fantastiskt-skon-blus-i-100-bomull-linne-look-2\/","title":{"rendered":"Fantastically comfortable blouse in 100% cotton &amp; linen look!"},"content":{"rendered":"<h1 class=\"alt-font\">Fantastically comfortable blouse in 100% cotton &amp; linen look!<\/h1>\n<p>Denna blus \u00e4r V-ringad och kn\u00e4pps med 3 knappar, ficka p\u00e5 v-br\u00f6st och \u00e4rm med knappsl\u00e5.<\/p>\n<p>Nedrullad \u00e4rm g\u00e5r f\u00f6rbi armb\u00e5gen. Blusen \u00e4r onesize och en rymlig modell.<\/p>\n<p>Material<\/p>\n<p>100% cotton<\/p>\n<p>Washing instructions<\/p>\n<p>30g<\/p>","protected":false},"excerpt":{"rendered":"<h1 class=\"alt-font\">Fantastically comfortable blouse in 100% cotton &amp; linen look!<\/h1>\n<p>Denna blus \u00e4r V-ringad och kn\u00e4pps med 3 knappar, ficka p\u00e5 v-br\u00f6st och \u00e4rm med knappsl\u00e5.<\/p>\n<p>Nedrullad \u00e4rm g\u00e5r f\u00f6rbi armb\u00e5gen. Blusen \u00e4r onesize och en rymlig modell.<\/p>\n<p>Material<\/p>\n<p>100% cotton<\/p>\n<p>Washing instructions<\/p>\n<p>30g<\/p>","protected":false},"featured_media":998698,"comment_status":"closed","ping_status":"closed","template":"","meta":[],"product_brand":[],"product_cat":[211],"product_tag":[],"class_list":{"0":"post-998628","1":"product","2":"type-product","3":"status-publish","4":"has-post-thumbnail","6":"product_cat-blusar","8":"first","9":"outofstock","10":"taxable","11":"shipping-taxable","12":"purchasable","13":"product-type-variable"},"yoast_head":"<!-- This site is optimized with the Yoast SEO Premium plugin v27.1 (Yoast SEO v27.4) - https:\/\/yoast.com\/product\/yoast-seo-premium-wordpress\/ -->\n<title>Fantastiskt sk\u00f6n blus i 100% bomull &amp; linne look! - Stil &amp; Design<\/title>\n<meta name=\"robots\" content=\"index, follow, max-snippet:-1, max-image-preview:large, max-video-preview:-1\" \/>\n<link rel=\"canonical\" href=\"https:\/\/stilanddesign.se\/en\/product\/fantastiskt-skon-blus-i-100-bomull-linne-look-2\/\" \/>\n<meta property=\"og:locale\" content=\"en_US\" \/>\n<meta property=\"og:type\" content=\"article\" \/>\n<meta property=\"og:title\" content=\"Fantastiskt sk\u00f6n blus i 100% bomull &amp; linne look!\" \/>\n<meta property=\"og:description\" content=\"Fantastiskt sk\u00f6n blus i 100% bomull &amp; linne look! Denna blus \u00e4r V-ringad och kn\u00e4pps med 3 knappar, ficka p\u00e5 v-br\u00f6st och \u00e4rm med knappsl\u00e5.  Nedrullad \u00e4rm g\u00e5r f\u00f6rbi armb\u00e5gen. Blusen \u00e4r onesize och en rymlig modell.  Material  100% bomull  Tv\u00e4ttr\u00e5d  30g\" \/>\n<meta property=\"og:url\" content=\"https:\/\/stilanddesign.se\/en\/product\/fantastiskt-skon-blus-i-100-bomull-linne-look-2\/\" \/>\n<meta property=\"og:site_name\" content=\"Stil &amp; Design\" \/>\n<meta property=\"article:modified_time\" content=\"2024-11-08T15:12:13+00:00\" \/>\n<meta property=\"og:image\" content=\"https:\/\/stilanddesign.se\/wp-content\/uploads\/2024\/11\/image00516.jpeg\" \/>\n\t<meta property=\"og:image:width\" content=\"1537\" \/>\n\t<meta property=\"og:image:height\" content=\"2049\" \/>\n\t<meta property=\"og:image:type\" content=\"image\/jpeg\" \/>\n<meta name=\"twitter:card\" content=\"summary_large_image\" \/>\n<meta name=\"twitter:label1\" content=\"Est. reading time\" \/>\n\t<meta name=\"twitter:data1\" content=\"1 minute\" \/>\n<script type=\"application\/ld+json\" class=\"yoast-schema-graph\">{\"@context\":\"https:\\\/\\\/schema.org\",\"@graph\":[{\"@type\":\"WebPage\",\"@id\":\"https:\\\/\\\/stilanddesign.se\\\/produkt\\\/fantastiskt-skon-blus-i-100-bomull-linne-look-2\\\/\",\"url\":\"https:\\\/\\\/stilanddesign.se\\\/produkt\\\/fantastiskt-skon-blus-i-100-bomull-linne-look-2\\\/\",\"name\":\"Fantastiskt sk\u00f6n blus i 100% bomull & linne look! - Stil &amp; Design\",\"isPartOf\":{\"@id\":\"https:\\\/\\\/stilanddesign.se\\\/#website\"},\"primaryImageOfPage\":{\"@id\":\"https:\\\/\\\/stilanddesign.se\\\/produkt\\\/fantastiskt-skon-blus-i-100-bomull-linne-look-2\\\/#primaryimage\"},\"image\":{\"@id\":\"https:\\\/\\\/stilanddesign.se\\\/produkt\\\/fantastiskt-skon-blus-i-100-bomull-linne-look-2\\\/#primaryimage\"},\"thumbnailUrl\":\"https:\\\/\\\/stilanddesign.se\\\/wp-content\\\/uploads\\\/2024\\\/11\\\/image00516.jpeg\",\"datePublished\":\"2024-11-08T15:10:06+00:00\",\"dateModified\":\"2024-11-08T15:12:13+00:00\",\"breadcrumb\":{\"@id\":\"https:\\\/\\\/stilanddesign.se\\\/produkt\\\/fantastiskt-skon-blus-i-100-bomull-linne-look-2\\\/#breadcrumb\"},\"inLanguage\":\"en-US\",\"potentialAction\":[{\"@type\":\"ReadAction\",\"target\":[\"https:\\\/\\\/stilanddesign.se\\\/produkt\\\/fantastiskt-skon-blus-i-100-bomull-linne-look-2\\\/\"]}]},{\"@type\":\"ImageObject\",\"inLanguage\":\"en-US\",\"@id\":\"https:\\\/\\\/stilanddesign.se\\\/produkt\\\/fantastiskt-skon-blus-i-100-bomull-linne-look-2\\\/#primaryimage\",\"url\":\"https:\\\/\\\/stilanddesign.se\\\/wp-content\\\/uploads\\\/2024\\\/11\\\/image00516.jpeg\",\"contentUrl\":\"https:\\\/\\\/stilanddesign.se\\\/wp-content\\\/uploads\\\/2024\\\/11\\\/image00516.jpeg\",\"width\":1537,\"height\":2049},{\"@type\":\"BreadcrumbList\",\"@id\":\"https:\\\/\\\/stilanddesign.se\\\/produkt\\\/fantastiskt-skon-blus-i-100-bomull-linne-look-2\\\/#breadcrumb\",\"itemListElement\":[{\"@type\":\"ListItem\",\"position\":1,\"name\":\"Hem\",\"item\":\"https:\\\/\\\/stilanddesign.se\\\/\"},{\"@type\":\"ListItem\",\"position\":2,\"name\":\"Butiken\",\"item\":\"https:\\\/\\\/stilanddesign.se\\\/butiken\\\/\"},{\"@type\":\"ListItem\",\"position\":3,\"name\":\"Fantastiskt sk\u00f6n blus i 100% bomull &#038; linne look!\"}]},{\"@type\":\"WebSite\",\"@id\":\"https:\\\/\\\/stilanddesign.se\\\/#website\",\"url\":\"https:\\\/\\\/stilanddesign.se\\\/\",\"name\":\"Stil &amp; Design\",\"description\":\"F\u00f6r oss som \u00e4lskar mode!\",\"publisher\":{\"@id\":\"https:\\\/\\\/stilanddesign.se\\\/#organization\"},\"potentialAction\":[{\"@type\":\"SearchAction\",\"target\":{\"@type\":\"EntryPoint\",\"urlTemplate\":\"https:\\\/\\\/stilanddesign.se\\\/?s={search_term_string}\"},\"query-input\":{\"@type\":\"PropertyValueSpecification\",\"valueRequired\":true,\"valueName\":\"search_term_string\"}}],\"inLanguage\":\"en-US\"},{\"@type\":\"Organization\",\"@id\":\"https:\\\/\\\/stilanddesign.se\\\/#organization\",\"name\":\"Stil &amp; Design\",\"url\":\"https:\\\/\\\/stilanddesign.se\\\/\",\"logo\":{\"@type\":\"ImageObject\",\"inLanguage\":\"en-US\",\"@id\":\"https:\\\/\\\/stilanddesign.se\\\/#\\\/schema\\\/logo\\\/image\\\/\",\"url\":\"https:\\\/\\\/stilanddesign.se\\\/wp-content\\\/uploads\\\/2023\\\/12\\\/output-onlinepngtools-e1727784413220.png\",\"contentUrl\":\"https:\\\/\\\/stilanddesign.se\\\/wp-content\\\/uploads\\\/2023\\\/12\\\/output-onlinepngtools-e1727784413220.png\",\"width\":519,\"height\":135,\"caption\":\"Stil &amp; Design\"},\"image\":{\"@id\":\"https:\\\/\\\/stilanddesign.se\\\/#\\\/schema\\\/logo\\\/image\\\/\"}}]}<\/script>\n<!-- \/ Yoast SEO Premium plugin. -->","yoast_head_json":{"title":"Fantastiskt sk\u00f6n blus i 100% bomull & linne look! - Stil &amp; Design","robots":{"index":"index","follow":"follow","max-snippet":"max-snippet:-1","max-image-preview":"max-image-preview:large","max-video-preview":"max-video-preview:-1"},"canonical":"https:\/\/stilanddesign.se\/en\/product\/fantastiskt-skon-blus-i-100-bomull-linne-look-2\/","og_locale":"en_US","og_type":"article","og_title":"Fantastiskt sk\u00f6n blus i 100% bomull & linne look!","og_description":"Fantastiskt sk\u00f6n blus i 100% bomull &amp; linne look! Denna blus \u00e4r V-ringad och kn\u00e4pps med 3 knappar, ficka p\u00e5 v-br\u00f6st och \u00e4rm med knappsl\u00e5.  Nedrullad \u00e4rm g\u00e5r f\u00f6rbi armb\u00e5gen. Blusen \u00e4r onesize och en rymlig modell.  Material  100% bomull  Tv\u00e4ttr\u00e5d  30g","og_url":"https:\/\/stilanddesign.se\/en\/product\/fantastiskt-skon-blus-i-100-bomull-linne-look-2\/","og_site_name":"Stil &amp; Design","article_modified_time":"2024-11-08T15:12:13+00:00","og_image":[{"width":1537,"height":2049,"url":"https:\/\/stilanddesign.se\/wp-content\/uploads\/2024\/11\/image00516.jpeg","type":"image\/jpeg"}],"twitter_card":"summary_large_image","twitter_misc":{"Est. reading time":"1 minute"},"schema":{"@context":"https:\/\/schema.org","@graph":[{"@type":"WebPage","@id":"https:\/\/stilanddesign.se\/produkt\/fantastiskt-skon-blus-i-100-bomull-linne-look-2\/","url":"https:\/\/stilanddesign.se\/produkt\/fantastiskt-skon-blus-i-100-bomull-linne-look-2\/","name":"Fantastiskt sk\u00f6n blus i 100% bomull & linne look! - Stil &amp; Design","isPartOf":{"@id":"https:\/\/stilanddesign.se\/#website"},"primaryImageOfPage":{"@id":"https:\/\/stilanddesign.se\/produkt\/fantastiskt-skon-blus-i-100-bomull-linne-look-2\/#primaryimage"},"image":{"@id":"https:\/\/stilanddesign.se\/produkt\/fantastiskt-skon-blus-i-100-bomull-linne-look-2\/#primaryimage"},"thumbnailUrl":"https:\/\/stilanddesign.se\/wp-content\/uploads\/2024\/11\/image00516.jpeg","datePublished":"2024-11-08T15:10:06+00:00","dateModified":"2024-11-08T15:12:13+00:00","breadcrumb":{"@id":"https:\/\/stilanddesign.se\/produkt\/fantastiskt-skon-blus-i-100-bomull-linne-look-2\/#breadcrumb"},"inLanguage":"en-US","potentialAction":[{"@type":"ReadAction","target":["https:\/\/stilanddesign.se\/produkt\/fantastiskt-skon-blus-i-100-bomull-linne-look-2\/"]}]},{"@type":"ImageObject","inLanguage":"en-US","@id":"https:\/\/stilanddesign.se\/produkt\/fantastiskt-skon-blus-i-100-bomull-linne-look-2\/#primaryimage","url":"https:\/\/stilanddesign.se\/wp-content\/uploads\/2024\/11\/image00516.jpeg","contentUrl":"https:\/\/stilanddesign.se\/wp-content\/uploads\/2024\/11\/image00516.jpeg","width":1537,"height":2049},{"@type":"BreadcrumbList","@id":"https:\/\/stilanddesign.se\/produkt\/fantastiskt-skon-blus-i-100-bomull-linne-look-2\/#breadcrumb","itemListElement":[{"@type":"ListItem","position":1,"name":"Hem","item":"https:\/\/stilanddesign.se\/"},{"@type":"ListItem","position":2,"name":"Butiken","item":"https:\/\/stilanddesign.se\/butiken\/"},{"@type":"ListItem","position":3,"name":"Fantastiskt sk\u00f6n blus i 100% bomull &#038; linne look!"}]},{"@type":"WebSite","@id":"https:\/\/stilanddesign.se\/#website","url":"https:\/\/stilanddesign.se\/","name":"Style &amp; Design","description":"For those of us who love fashion!","publisher":{"@id":"https:\/\/stilanddesign.se\/#organization"},"potentialAction":[{"@type":"SearchAction","target":{"@type":"EntryPoint","urlTemplate":"https:\/\/stilanddesign.se\/?s={search_term_string}"},"query-input":{"@type":"PropertyValueSpecification","valueRequired":true,"valueName":"search_term_string"}}],"inLanguage":"en-US"},{"@type":"Organization","@id":"https:\/\/stilanddesign.se\/#organization","name":"Style &amp; Design","url":"https:\/\/stilanddesign.se\/","logo":{"@type":"ImageObject","inLanguage":"en-US","@id":"https:\/\/stilanddesign.se\/#\/schema\/logo\/image\/","url":"https:\/\/stilanddesign.se\/wp-content\/uploads\/2023\/12\/output-onlinepngtools-e1727784413220.png","contentUrl":"https:\/\/stilanddesign.se\/wp-content\/uploads\/2023\/12\/output-onlinepngtools-e1727784413220.png","width":519,"height":135,"caption":"Stil &amp; Design"},"image":{"@id":"https:\/\/stilanddesign.se\/#\/schema\/logo\/image\/"}}]}},"_links":{"self":[{"href":"https:\/\/stilanddesign.se\/en\/wp-json\/wp\/v2\/product\/998628","targetHints":{"allow":["GET"]}}],"collection":[{"href":"https:\/\/stilanddesign.se\/en\/wp-json\/wp\/v2\/product"}],"about":[{"href":"https:\/\/stilanddesign.se\/en\/wp-json\/wp\/v2\/types\/product"}],"replies":[{"embeddable":true,"href":"https:\/\/stilanddesign.se\/en\/wp-json\/wp\/v2\/comments?post=998628"}],"wp:featuredmedia":[{"embeddable":true,"href":"https:\/\/stilanddesign.se\/en\/wp-json\/wp\/v2\/media\/998698"}],"wp:attachment":[{"href":"https:\/\/stilanddesign.se\/en\/wp-json\/wp\/v2\/media?parent=998628"}],"wp:term":[{"taxonomy":"product_brand","embeddable":true,"href":"https:\/\/stilanddesign.se\/en\/wp-json\/wp\/v2\/product_brand?post=998628"},{"taxonomy":"product_cat","embeddable":true,"href":"https:\/\/stilanddesign.se\/en\/wp-json\/wp\/v2\/product_cat?post=998628"},{"taxonomy":"product_tag","embeddable":true,"href":"https:\/\/stilanddesign.se\/en\/wp-json\/wp\/v2\/product_tag?post=998628"}],"curies":[{"name":"wp","href":"https:\/\/api.w.org\/{rel}","templated":true}]}}