{"id":998560,"date":"2024-11-08T16:08:41","date_gmt":"2024-11-08T15:08:41","guid":{"rendered":"https:\/\/stilanddesign.se\/?post_type=product&#038;p=998560"},"modified":"2024-11-08T16:11:28","modified_gmt":"2024-11-08T15:11:28","slug":"magiskt-fin-blus-2","status":"publish","type":"product","link":"https:\/\/stilanddesign.se\/en\/product\/magiskt-fin-blus-2\/","title":{"rendered":"Magically beautiful blouse!"},"content":{"rendered":"<h1 class=\"alt-font\"><strong>Magically beautiful blouse!<\/strong><\/h1>\n<p>This blouse is absolutely magical, it has smocking at the cuffs and sewn pleats in the back that make it fall wonderfully nicely. Light quality that makes it feel extra luxurious.<\/p>\n<p>The blouse is longer at the back and it is V-neck.<\/p>\n<p>Material<\/p>\n<p>100% polyester<\/p>\n<p>Washing instructions<\/p>\n<p>30g<\/p>","protected":false},"excerpt":{"rendered":"<h1 class=\"alt-font\"><strong>Magically beautiful blouse!<\/strong><\/h1>\n<p>This blouse is absolutely magical, it has smocking at the cuffs and sewn pleats in the back that make it fall wonderfully nicely. Light quality that makes it feel extra luxurious.<\/p>\n<p>The blouse is longer at the back and it is V-neck.<\/p>\n<p>Material<\/p>\n<p>100% polyester<\/p>\n<p>Washing instructions<\/p>\n<p>30g<\/p>","protected":false},"featured_media":998614,"comment_status":"closed","ping_status":"closed","template":"","meta":[],"product_brand":[],"product_cat":[211],"product_tag":[],"class_list":{"0":"post-998560","1":"product","2":"type-product","3":"status-publish","4":"has-post-thumbnail","6":"product_cat-blusar","8":"first","9":"outofstock","10":"taxable","11":"shipping-taxable","12":"purchasable","13":"product-type-variable"},"yoast_head":"<!-- This site is optimized with the Yoast SEO Premium plugin v27.4 (Yoast SEO v27.5) - https:\/\/yoast.com\/product\/yoast-seo-premium-wordpress\/ -->\n<title>Magiskt fin blus! - Stil &amp; Design<\/title>\n<meta name=\"robots\" content=\"index, follow, max-snippet:-1, max-image-preview:large, max-video-preview:-1\" \/>\n<link rel=\"canonical\" href=\"https:\/\/stilanddesign.se\/en\/product\/magiskt-fin-blus-2\/\" \/>\n<meta property=\"og:locale\" content=\"en_US\" \/>\n<meta property=\"og:type\" content=\"article\" \/>\n<meta property=\"og:title\" content=\"Magiskt fin blus!\" \/>\n<meta property=\"og:description\" content=\"Magiskt fin blus! Denna blus \u00e4r helt magiskt, den har smock i \u00e4rmslut och sydda veck i ryggen som g\u00f6r att den faller fantastiskt fint. L\u00e4tt kvalite som g\u00f6r att den k\u00e4nns extra lyxig.  Blusen \u00e4r l\u00e4ngre bak och den \u00e4r V-rngad.  Material  100% polyester  Tv\u00e4ttr\u00e5d  30g\" \/>\n<meta property=\"og:url\" content=\"https:\/\/stilanddesign.se\/en\/product\/magiskt-fin-blus-2\/\" \/>\n<meta property=\"og:site_name\" content=\"Stil &amp; Design\" \/>\n<meta property=\"article:modified_time\" content=\"2024-11-08T15:11:28+00:00\" \/>\n<meta property=\"og:image\" content=\"https:\/\/stilanddesign.se\/wp-content\/uploads\/2024\/11\/Blus34-scaled-1.jpg\" \/>\n\t<meta property=\"og:image:width\" content=\"1721\" \/>\n\t<meta property=\"og:image:height\" content=\"2560\" \/>\n\t<meta property=\"og:image:type\" content=\"image\/jpeg\" \/>\n<meta name=\"twitter:card\" content=\"summary_large_image\" \/>\n<meta name=\"twitter:label1\" content=\"Est. reading time\" \/>\n\t<meta name=\"twitter:data1\" content=\"1 minute\" \/>\n<script type=\"application\/ld+json\" class=\"yoast-schema-graph\">{\"@context\":\"https:\\\/\\\/schema.org\",\"@graph\":[{\"@type\":\"WebPage\",\"@id\":\"https:\\\/\\\/stilanddesign.se\\\/produkt\\\/magiskt-fin-blus-2\\\/\",\"url\":\"https:\\\/\\\/stilanddesign.se\\\/produkt\\\/magiskt-fin-blus-2\\\/\",\"name\":\"Magiskt fin blus! - Stil &amp; Design\",\"isPartOf\":{\"@id\":\"https:\\\/\\\/stilanddesign.se\\\/#website\"},\"primaryImageOfPage\":{\"@id\":\"https:\\\/\\\/stilanddesign.se\\\/produkt\\\/magiskt-fin-blus-2\\\/#primaryimage\"},\"image\":{\"@id\":\"https:\\\/\\\/stilanddesign.se\\\/produkt\\\/magiskt-fin-blus-2\\\/#primaryimage\"},\"thumbnailUrl\":\"https:\\\/\\\/stilanddesign.se\\\/wp-content\\\/uploads\\\/2024\\\/11\\\/Blus34-scaled-1.jpg\",\"datePublished\":\"2024-11-08T15:08:41+00:00\",\"dateModified\":\"2024-11-08T15:11:28+00:00\",\"breadcrumb\":{\"@id\":\"https:\\\/\\\/stilanddesign.se\\\/produkt\\\/magiskt-fin-blus-2\\\/#breadcrumb\"},\"inLanguage\":\"en-US\",\"potentialAction\":[{\"@type\":\"ReadAction\",\"target\":[\"https:\\\/\\\/stilanddesign.se\\\/produkt\\\/magiskt-fin-blus-2\\\/\"]}]},{\"@type\":\"ImageObject\",\"inLanguage\":\"en-US\",\"@id\":\"https:\\\/\\\/stilanddesign.se\\\/produkt\\\/magiskt-fin-blus-2\\\/#primaryimage\",\"url\":\"https:\\\/\\\/stilanddesign.se\\\/wp-content\\\/uploads\\\/2024\\\/11\\\/Blus34-scaled-1.jpg\",\"contentUrl\":\"https:\\\/\\\/stilanddesign.se\\\/wp-content\\\/uploads\\\/2024\\\/11\\\/Blus34-scaled-1.jpg\",\"width\":1721,\"height\":2560},{\"@type\":\"BreadcrumbList\",\"@id\":\"https:\\\/\\\/stilanddesign.se\\\/produkt\\\/magiskt-fin-blus-2\\\/#breadcrumb\",\"itemListElement\":[{\"@type\":\"ListItem\",\"position\":1,\"name\":\"Hem\",\"item\":\"https:\\\/\\\/stilanddesign.se\\\/\"},{\"@type\":\"ListItem\",\"position\":2,\"name\":\"Butiken\",\"item\":\"https:\\\/\\\/stilanddesign.se\\\/butiken\\\/\"},{\"@type\":\"ListItem\",\"position\":3,\"name\":\"Magiskt fin blus!\"}]},{\"@type\":\"WebSite\",\"@id\":\"https:\\\/\\\/stilanddesign.se\\\/#website\",\"url\":\"https:\\\/\\\/stilanddesign.se\\\/\",\"name\":\"Stil &amp; Design\",\"description\":\"F\u00f6r oss som \u00e4lskar mode!\",\"publisher\":{\"@id\":\"https:\\\/\\\/stilanddesign.se\\\/#organization\"},\"potentialAction\":[{\"@type\":\"SearchAction\",\"target\":{\"@type\":\"EntryPoint\",\"urlTemplate\":\"https:\\\/\\\/stilanddesign.se\\\/?s={search_term_string}\"},\"query-input\":{\"@type\":\"PropertyValueSpecification\",\"valueRequired\":true,\"valueName\":\"search_term_string\"}}],\"inLanguage\":\"en-US\"},{\"@type\":\"Organization\",\"@id\":\"https:\\\/\\\/stilanddesign.se\\\/#organization\",\"name\":\"Stil &amp; Design\",\"url\":\"https:\\\/\\\/stilanddesign.se\\\/\",\"logo\":{\"@type\":\"ImageObject\",\"inLanguage\":\"en-US\",\"@id\":\"https:\\\/\\\/stilanddesign.se\\\/#\\\/schema\\\/logo\\\/image\\\/\",\"url\":\"https:\\\/\\\/stilanddesign.se\\\/wp-content\\\/uploads\\\/2023\\\/12\\\/output-onlinepngtools-e1727784413220.png\",\"contentUrl\":\"https:\\\/\\\/stilanddesign.se\\\/wp-content\\\/uploads\\\/2023\\\/12\\\/output-onlinepngtools-e1727784413220.png\",\"width\":519,\"height\":135,\"caption\":\"Stil &amp; Design\"},\"image\":{\"@id\":\"https:\\\/\\\/stilanddesign.se\\\/#\\\/schema\\\/logo\\\/image\\\/\"}}]}<\/script>\n<!-- \/ Yoast SEO Premium plugin. -->","yoast_head_json":{"title":"Magically beautiful blouse! - Style &amp; Design","robots":{"index":"index","follow":"follow","max-snippet":"max-snippet:-1","max-image-preview":"max-image-preview:large","max-video-preview":"max-video-preview:-1"},"canonical":"https:\/\/stilanddesign.se\/en\/product\/magiskt-fin-blus-2\/","og_locale":"en_US","og_type":"article","og_title":"Magiskt fin blus!","og_description":"Magiskt fin blus! Denna blus \u00e4r helt magiskt, den har smock i \u00e4rmslut och sydda veck i ryggen som g\u00f6r att den faller fantastiskt fint. L\u00e4tt kvalite som g\u00f6r att den k\u00e4nns extra lyxig.  Blusen \u00e4r l\u00e4ngre bak och den \u00e4r V-rngad.  Material  100% polyester  Tv\u00e4ttr\u00e5d  30g","og_url":"https:\/\/stilanddesign.se\/en\/product\/magiskt-fin-blus-2\/","og_site_name":"Stil &amp; Design","article_modified_time":"2024-11-08T15:11:28+00:00","og_image":[{"width":1721,"height":2560,"url":"https:\/\/stilanddesign.se\/wp-content\/uploads\/2024\/11\/Blus34-scaled-1.jpg","type":"image\/jpeg"}],"twitter_card":"summary_large_image","twitter_misc":{"Est. reading time":"1 minute"},"schema":{"@context":"https:\/\/schema.org","@graph":[{"@type":"WebPage","@id":"https:\/\/stilanddesign.se\/produkt\/magiskt-fin-blus-2\/","url":"https:\/\/stilanddesign.se\/produkt\/magiskt-fin-blus-2\/","name":"Magically beautiful blouse! - Style &amp; Design","isPartOf":{"@id":"https:\/\/stilanddesign.se\/#website"},"primaryImageOfPage":{"@id":"https:\/\/stilanddesign.se\/produkt\/magiskt-fin-blus-2\/#primaryimage"},"image":{"@id":"https:\/\/stilanddesign.se\/produkt\/magiskt-fin-blus-2\/#primaryimage"},"thumbnailUrl":"https:\/\/stilanddesign.se\/wp-content\/uploads\/2024\/11\/Blus34-scaled-1.jpg","datePublished":"2024-11-08T15:08:41+00:00","dateModified":"2024-11-08T15:11:28+00:00","breadcrumb":{"@id":"https:\/\/stilanddesign.se\/produkt\/magiskt-fin-blus-2\/#breadcrumb"},"inLanguage":"en-US","potentialAction":[{"@type":"ReadAction","target":["https:\/\/stilanddesign.se\/produkt\/magiskt-fin-blus-2\/"]}]},{"@type":"ImageObject","inLanguage":"en-US","@id":"https:\/\/stilanddesign.se\/produkt\/magiskt-fin-blus-2\/#primaryimage","url":"https:\/\/stilanddesign.se\/wp-content\/uploads\/2024\/11\/Blus34-scaled-1.jpg","contentUrl":"https:\/\/stilanddesign.se\/wp-content\/uploads\/2024\/11\/Blus34-scaled-1.jpg","width":1721,"height":2560},{"@type":"BreadcrumbList","@id":"https:\/\/stilanddesign.se\/produkt\/magiskt-fin-blus-2\/#breadcrumb","itemListElement":[{"@type":"ListItem","position":1,"name":"Hem","item":"https:\/\/stilanddesign.se\/"},{"@type":"ListItem","position":2,"name":"Butiken","item":"https:\/\/stilanddesign.se\/butiken\/"},{"@type":"ListItem","position":3,"name":"Magiskt fin blus!"}]},{"@type":"WebSite","@id":"https:\/\/stilanddesign.se\/#website","url":"https:\/\/stilanddesign.se\/","name":"Style &amp; Design","description":"For those of us who love fashion!","publisher":{"@id":"https:\/\/stilanddesign.se\/#organization"},"potentialAction":[{"@type":"SearchAction","target":{"@type":"EntryPoint","urlTemplate":"https:\/\/stilanddesign.se\/?s={search_term_string}"},"query-input":{"@type":"PropertyValueSpecification","valueRequired":true,"valueName":"search_term_string"}}],"inLanguage":"en-US"},{"@type":"Organization","@id":"https:\/\/stilanddesign.se\/#organization","name":"Style &amp; Design","url":"https:\/\/stilanddesign.se\/","logo":{"@type":"ImageObject","inLanguage":"en-US","@id":"https:\/\/stilanddesign.se\/#\/schema\/logo\/image\/","url":"https:\/\/stilanddesign.se\/wp-content\/uploads\/2023\/12\/output-onlinepngtools-e1727784413220.png","contentUrl":"https:\/\/stilanddesign.se\/wp-content\/uploads\/2023\/12\/output-onlinepngtools-e1727784413220.png","width":519,"height":135,"caption":"Stil &amp; Design"},"image":{"@id":"https:\/\/stilanddesign.se\/#\/schema\/logo\/image\/"}}]}},"_links":{"self":[{"href":"https:\/\/stilanddesign.se\/en\/wp-json\/wp\/v2\/product\/998560","targetHints":{"allow":["GET"]}}],"collection":[{"href":"https:\/\/stilanddesign.se\/en\/wp-json\/wp\/v2\/product"}],"about":[{"href":"https:\/\/stilanddesign.se\/en\/wp-json\/wp\/v2\/types\/product"}],"replies":[{"embeddable":true,"href":"https:\/\/stilanddesign.se\/en\/wp-json\/wp\/v2\/comments?post=998560"}],"wp:featuredmedia":[{"embeddable":true,"href":"https:\/\/stilanddesign.se\/en\/wp-json\/wp\/v2\/media\/998614"}],"wp:attachment":[{"href":"https:\/\/stilanddesign.se\/en\/wp-json\/wp\/v2\/media?parent=998560"}],"wp:term":[{"taxonomy":"product_brand","embeddable":true,"href":"https:\/\/stilanddesign.se\/en\/wp-json\/wp\/v2\/product_brand?post=998560"},{"taxonomy":"product_cat","embeddable":true,"href":"https:\/\/stilanddesign.se\/en\/wp-json\/wp\/v2\/product_cat?post=998560"},{"taxonomy":"product_tag","embeddable":true,"href":"https:\/\/stilanddesign.se\/en\/wp-json\/wp\/v2\/product_tag?post=998560"}],"curies":[{"name":"wp","href":"https:\/\/api.w.org\/{rel}","templated":true}]}}