{"id":998368,"date":"2024-11-08T16:06:29","date_gmt":"2024-11-08T15:06:29","guid":{"rendered":"https:\/\/stilanddesign.se\/?post_type=product&#038;p=998368"},"modified":"2024-11-08T16:09:03","modified_gmt":"2024-11-08T15:09:03","slug":"glittrig-blus-rod","status":"publish","type":"product","link":"https:\/\/stilanddesign.se\/en\/product\/glittrig-blus-rod\/","title":{"rendered":"Glittery blouse \u2013 RED"},"content":{"rendered":"<h1 data-testid=\"product-title\">Glittery blouse \u2013 Red<\/h1>\n<p>Vacker blus med glitterstenar p\u00e5!<\/p>\n<p>Blusen \u00e4r svagt genomskinlig och har knappar<\/p>\n<p><strong>Dimensions of the sizes:<\/strong><\/p>\n<p><strong>S\/36<\/strong><\/p>\n<p>\u2022 Armh\u00e5la till armh\u00e5la omkrets: ca 102 cm.<\/p>\n<p>\u2022 L\u00e4ngd, axel och ner: ca 63 cm.<\/p>\n<p><strong>M\/38<\/strong><\/p>\n<p>\u2022 Armh\u00e5la till armh\u00e5la omkrets: ca 104 cm.<\/p>\n<p>\u2022 L\u00e4ngd, axel och ner: ca 64 cm<\/p>\n<p><strong>L\/40<\/strong><\/p>\n<p>\u2022 Armh\u00e5la till armh\u00e5la omkrets: ca 110 cm.<\/p>\n<p>\u2022 L\u00e4ngd, axel och ner: Ca 64 cm<\/p>\n<p>&#8212;&#8212;&#8212;&#8212;&#8212;&#8212;&#8212;&#8212;&#8212;&#8212;&#8212;&#8212;&#8212;&#8212;&#8212;&#8212;&#8212;&#8212;&#8212;&#8212;&#8212;&#8212;&#8212;&#8212;<\/p>\n<p>Modellen b\u00e4r S\/36 och \u00e4r ca 167 cm l\u00e5ng.<\/p>\n<p>Blusen \u00e4r mer liten \u00e4n stor i storleken.<\/p>\n<table class=\"t1054qxn\">\n<tbody>\n<tr>\n<th>Paint<\/th>\n<td>RED<\/td>\n<\/tr>\n<tr>\n<th>Washing instructions<\/th>\n<td>30 Degrees<\/td>\n<\/tr>\n<tr>\n<th>Stretchy<\/th>\n<td>\n<div>No<\/div>\n<\/td>\n<\/tr>\n<tr>\n<th>Material<\/th>\n<td>100 % Polyester<\/td>\n<\/tr>\n<tr>\n<th>Size<\/th>\n<td>S\/36 \u2013 L\/40 The blouse is more small than large in size<\/td>\n<\/tr>\n<\/tbody>\n<\/table>\n<p>&nbsp;<\/p>","protected":false},"excerpt":{"rendered":"<h1 data-testid=\"product-title\">Glittery blouse \u2013 Red<\/h1>\n<p>Vacker blus med glitterstenar p\u00e5!<\/p>\n<p>Blusen \u00e4r svagt genomskinlig och har knappar<\/p>\n<p><strong>Dimensions of the sizes:<\/strong><\/p>\n<p><strong>S\/36<\/strong><\/p>\n<p>\u2022 Armh\u00e5la till armh\u00e5la omkrets: ca 102 cm.<\/p>\n<p>\u2022 L\u00e4ngd, axel och ner: ca 63 cm.<\/p>\n<p><strong>M\/38<\/strong><\/p>\n<p>\u2022 Armh\u00e5la till armh\u00e5la omkrets: ca 104 cm.<\/p>\n<p>\u2022 L\u00e4ngd, axel och ner: ca 64 cm<\/p>\n<p><strong>L\/40<\/strong><\/p>\n<p>\u2022 Armh\u00e5la till armh\u00e5la omkrets: ca 110 cm.<\/p>\n<p>\u2022 L\u00e4ngd, axel och ner: Ca 64 cm<\/p>\n<p>&#8212;&#8212;&#8212;&#8212;&#8212;&#8212;&#8212;&#8212;&#8212;&#8212;&#8212;&#8212;&#8212;&#8212;&#8212;&#8212;&#8212;&#8212;&#8212;&#8212;&#8212;&#8212;&#8212;&#8212;<\/p>\n<p>Modellen b\u00e4r S\/36 och \u00e4r ca 167 cm l\u00e5ng.<\/p>\n<p>Blusen \u00e4r mer liten \u00e4n stor i storleken.<\/p>\n<table class=\"t1054qxn\">\n<tbody>\n<tr>\n<th>Paint<\/th>\n<td>RED<\/td>\n<\/tr>\n<tr>\n<th>Washing instructions<\/th>\n<td>30 Degrees<\/td>\n<\/tr>\n<tr>\n<th>Stretchy<\/th>\n<td>\n<div>No<\/div>\n<\/td>\n<\/tr>\n<tr>\n<th>Material<\/th>\n<td>100 % Polyester<\/td>\n<\/tr>\n<tr>\n<th>Size<\/th>\n<td>S\/36 \u2013 L\/40 The blouse is more small than large in size<\/td>\n<\/tr>\n<\/tbody>\n<\/table>","protected":false},"featured_media":998442,"comment_status":"closed","ping_status":"closed","template":"","meta":[],"product_brand":[],"product_cat":[211],"product_tag":[],"class_list":{"0":"post-998368","1":"product","2":"type-product","3":"status-publish","4":"has-post-thumbnail","6":"product_cat-blusar","8":"first","9":"outofstock","10":"taxable","11":"shipping-taxable","12":"purchasable","13":"product-type-variable"},"yoast_head":"<!-- This site is optimized with the Yoast SEO Premium plugin v27.4 (Yoast SEO v27.5) - https:\/\/yoast.com\/product\/yoast-seo-premium-wordpress\/ -->\n<title>Glittrig blus - R\u00d6D - Stil &amp; Design<\/title>\n<meta name=\"robots\" content=\"index, follow, max-snippet:-1, max-image-preview:large, max-video-preview:-1\" \/>\n<link rel=\"canonical\" href=\"https:\/\/stilanddesign.se\/en\/product\/glittrig-blus-rod\/\" \/>\n<meta property=\"og:locale\" content=\"en_US\" \/>\n<meta property=\"og:type\" content=\"article\" \/>\n<meta property=\"og:title\" content=\"Glittrig blus - R\u00d6D\" \/>\n<meta property=\"og:description\" content=\"Glittrig blus - R\u00f6d Vacker blus med glitterstenar p\u00e5!  Blusen \u00e4r svagt genomskinlig och har knappar  M\u00e5tt p\u00e5 storlekarna:  S\/36  \u2022 Armh\u00e5la till armh\u00e5la omkrets: ca 102 cm.  \u2022 L\u00e4ngd, axel och ner: ca 63 cm.  M\/38  \u2022 Armh\u00e5la till armh\u00e5la omkrets: ca 104 cm.  \u2022 L\u00e4ngd, axel och ner: ca 64 cm  L\/40  \u2022 Armh\u00e5la till armh\u00e5la omkrets: ca 110 cm.  \u2022 L\u00e4ngd, axel och ner: Ca 64 cm  ------------------------------------------------------------------------  Modellen b\u00e4r S\/36 och \u00e4r ca 167 cm l\u00e5ng.  Blusen \u00e4r mer liten \u00e4n stor i storleken.    F\u00e4rg R\u00f6d   Tv\u00e4ttr\u00e5d 30 Grader   Stretchig  Nej   Material 100 % Polyster   Storlek S\/36 - L\/40 Blusen \u00e4r mer liten \u00e4n stor i storleken\" \/>\n<meta property=\"og:url\" content=\"https:\/\/stilanddesign.se\/en\/product\/glittrig-blus-rod\/\" \/>\n<meta property=\"og:site_name\" content=\"Stil &amp; Design\" \/>\n<meta property=\"article:modified_time\" content=\"2024-11-08T15:09:03+00:00\" \/>\n<meta property=\"og:image\" content=\"https:\/\/stilanddesign.se\/wp-content\/uploads\/2024\/11\/Strasstop11-scaled-1.jpg\" \/>\n\t<meta property=\"og:image:width\" content=\"1072\" \/>\n\t<meta property=\"og:image:height\" content=\"2560\" \/>\n\t<meta property=\"og:image:type\" content=\"image\/jpeg\" \/>\n<meta name=\"twitter:card\" content=\"summary_large_image\" \/>\n<meta name=\"twitter:label1\" content=\"Est. reading time\" \/>\n\t<meta name=\"twitter:data1\" content=\"1 minute\" \/>\n<script type=\"application\/ld+json\" class=\"yoast-schema-graph\">{\"@context\":\"https:\\\/\\\/schema.org\",\"@graph\":[{\"@type\":\"WebPage\",\"@id\":\"https:\\\/\\\/stilanddesign.se\\\/produkt\\\/glittrig-blus-rod\\\/\",\"url\":\"https:\\\/\\\/stilanddesign.se\\\/produkt\\\/glittrig-blus-rod\\\/\",\"name\":\"Glittrig blus - R\u00d6D - Stil &amp; Design\",\"isPartOf\":{\"@id\":\"https:\\\/\\\/stilanddesign.se\\\/#website\"},\"primaryImageOfPage\":{\"@id\":\"https:\\\/\\\/stilanddesign.se\\\/produkt\\\/glittrig-blus-rod\\\/#primaryimage\"},\"image\":{\"@id\":\"https:\\\/\\\/stilanddesign.se\\\/produkt\\\/glittrig-blus-rod\\\/#primaryimage\"},\"thumbnailUrl\":\"https:\\\/\\\/stilanddesign.se\\\/wp-content\\\/uploads\\\/2024\\\/11\\\/Strasstop11-scaled-1.jpg\",\"datePublished\":\"2024-11-08T15:06:29+00:00\",\"dateModified\":\"2024-11-08T15:09:03+00:00\",\"breadcrumb\":{\"@id\":\"https:\\\/\\\/stilanddesign.se\\\/produkt\\\/glittrig-blus-rod\\\/#breadcrumb\"},\"inLanguage\":\"en-US\",\"potentialAction\":[{\"@type\":\"ReadAction\",\"target\":[\"https:\\\/\\\/stilanddesign.se\\\/produkt\\\/glittrig-blus-rod\\\/\"]}]},{\"@type\":\"ImageObject\",\"inLanguage\":\"en-US\",\"@id\":\"https:\\\/\\\/stilanddesign.se\\\/produkt\\\/glittrig-blus-rod\\\/#primaryimage\",\"url\":\"https:\\\/\\\/stilanddesign.se\\\/wp-content\\\/uploads\\\/2024\\\/11\\\/Strasstop11-scaled-1.jpg\",\"contentUrl\":\"https:\\\/\\\/stilanddesign.se\\\/wp-content\\\/uploads\\\/2024\\\/11\\\/Strasstop11-scaled-1.jpg\",\"width\":1072,\"height\":2560},{\"@type\":\"BreadcrumbList\",\"@id\":\"https:\\\/\\\/stilanddesign.se\\\/produkt\\\/glittrig-blus-rod\\\/#breadcrumb\",\"itemListElement\":[{\"@type\":\"ListItem\",\"position\":1,\"name\":\"Hem\",\"item\":\"https:\\\/\\\/stilanddesign.se\\\/\"},{\"@type\":\"ListItem\",\"position\":2,\"name\":\"Butiken\",\"item\":\"https:\\\/\\\/stilanddesign.se\\\/butiken\\\/\"},{\"@type\":\"ListItem\",\"position\":3,\"name\":\"Glittrig blus &#8211; R\u00d6D\"}]},{\"@type\":\"WebSite\",\"@id\":\"https:\\\/\\\/stilanddesign.se\\\/#website\",\"url\":\"https:\\\/\\\/stilanddesign.se\\\/\",\"name\":\"Stil &amp; Design\",\"description\":\"F\u00f6r oss som \u00e4lskar mode!\",\"publisher\":{\"@id\":\"https:\\\/\\\/stilanddesign.se\\\/#organization\"},\"potentialAction\":[{\"@type\":\"SearchAction\",\"target\":{\"@type\":\"EntryPoint\",\"urlTemplate\":\"https:\\\/\\\/stilanddesign.se\\\/?s={search_term_string}\"},\"query-input\":{\"@type\":\"PropertyValueSpecification\",\"valueRequired\":true,\"valueName\":\"search_term_string\"}}],\"inLanguage\":\"en-US\"},{\"@type\":\"Organization\",\"@id\":\"https:\\\/\\\/stilanddesign.se\\\/#organization\",\"name\":\"Stil &amp; Design\",\"url\":\"https:\\\/\\\/stilanddesign.se\\\/\",\"logo\":{\"@type\":\"ImageObject\",\"inLanguage\":\"en-US\",\"@id\":\"https:\\\/\\\/stilanddesign.se\\\/#\\\/schema\\\/logo\\\/image\\\/\",\"url\":\"https:\\\/\\\/stilanddesign.se\\\/wp-content\\\/uploads\\\/2023\\\/12\\\/output-onlinepngtools-e1727784413220.png\",\"contentUrl\":\"https:\\\/\\\/stilanddesign.se\\\/wp-content\\\/uploads\\\/2023\\\/12\\\/output-onlinepngtools-e1727784413220.png\",\"width\":519,\"height\":135,\"caption\":\"Stil &amp; Design\"},\"image\":{\"@id\":\"https:\\\/\\\/stilanddesign.se\\\/#\\\/schema\\\/logo\\\/image\\\/\"}}]}<\/script>\n<!-- \/ Yoast SEO Premium plugin. -->","yoast_head_json":{"title":"Glittrig blus - R\u00d6D - Stil &amp; Design","robots":{"index":"index","follow":"follow","max-snippet":"max-snippet:-1","max-image-preview":"max-image-preview:large","max-video-preview":"max-video-preview:-1"},"canonical":"https:\/\/stilanddesign.se\/en\/product\/glittrig-blus-rod\/","og_locale":"en_US","og_type":"article","og_title":"Glittrig blus - R\u00d6D","og_description":"Glittrig blus - R\u00f6d Vacker blus med glitterstenar p\u00e5!  Blusen \u00e4r svagt genomskinlig och har knappar  M\u00e5tt p\u00e5 storlekarna:  S\/36  \u2022 Armh\u00e5la till armh\u00e5la omkrets: ca 102 cm.  \u2022 L\u00e4ngd, axel och ner: ca 63 cm.  M\/38  \u2022 Armh\u00e5la till armh\u00e5la omkrets: ca 104 cm.  \u2022 L\u00e4ngd, axel och ner: ca 64 cm  L\/40  \u2022 Armh\u00e5la till armh\u00e5la omkrets: ca 110 cm.  \u2022 L\u00e4ngd, axel och ner: Ca 64 cm  ------------------------------------------------------------------------  Modellen b\u00e4r S\/36 och \u00e4r ca 167 cm l\u00e5ng.  Blusen \u00e4r mer liten \u00e4n stor i storleken.    F\u00e4rg R\u00f6d   Tv\u00e4ttr\u00e5d 30 Grader   Stretchig  Nej   Material 100 % Polyster   Storlek S\/36 - L\/40 Blusen \u00e4r mer liten \u00e4n stor i storleken","og_url":"https:\/\/stilanddesign.se\/en\/product\/glittrig-blus-rod\/","og_site_name":"Stil &amp; Design","article_modified_time":"2024-11-08T15:09:03+00:00","og_image":[{"width":1072,"height":2560,"url":"https:\/\/stilanddesign.se\/wp-content\/uploads\/2024\/11\/Strasstop11-scaled-1.jpg","type":"image\/jpeg"}],"twitter_card":"summary_large_image","twitter_misc":{"Est. reading time":"1 minute"},"schema":{"@context":"https:\/\/schema.org","@graph":[{"@type":"WebPage","@id":"https:\/\/stilanddesign.se\/produkt\/glittrig-blus-rod\/","url":"https:\/\/stilanddesign.se\/produkt\/glittrig-blus-rod\/","name":"Glittrig blus - R\u00d6D - Stil &amp; Design","isPartOf":{"@id":"https:\/\/stilanddesign.se\/#website"},"primaryImageOfPage":{"@id":"https:\/\/stilanddesign.se\/produkt\/glittrig-blus-rod\/#primaryimage"},"image":{"@id":"https:\/\/stilanddesign.se\/produkt\/glittrig-blus-rod\/#primaryimage"},"thumbnailUrl":"https:\/\/stilanddesign.se\/wp-content\/uploads\/2024\/11\/Strasstop11-scaled-1.jpg","datePublished":"2024-11-08T15:06:29+00:00","dateModified":"2024-11-08T15:09:03+00:00","breadcrumb":{"@id":"https:\/\/stilanddesign.se\/produkt\/glittrig-blus-rod\/#breadcrumb"},"inLanguage":"en-US","potentialAction":[{"@type":"ReadAction","target":["https:\/\/stilanddesign.se\/produkt\/glittrig-blus-rod\/"]}]},{"@type":"ImageObject","inLanguage":"en-US","@id":"https:\/\/stilanddesign.se\/produkt\/glittrig-blus-rod\/#primaryimage","url":"https:\/\/stilanddesign.se\/wp-content\/uploads\/2024\/11\/Strasstop11-scaled-1.jpg","contentUrl":"https:\/\/stilanddesign.se\/wp-content\/uploads\/2024\/11\/Strasstop11-scaled-1.jpg","width":1072,"height":2560},{"@type":"BreadcrumbList","@id":"https:\/\/stilanddesign.se\/produkt\/glittrig-blus-rod\/#breadcrumb","itemListElement":[{"@type":"ListItem","position":1,"name":"Hem","item":"https:\/\/stilanddesign.se\/"},{"@type":"ListItem","position":2,"name":"Butiken","item":"https:\/\/stilanddesign.se\/butiken\/"},{"@type":"ListItem","position":3,"name":"Glittrig blus &#8211; R\u00d6D"}]},{"@type":"WebSite","@id":"https:\/\/stilanddesign.se\/#website","url":"https:\/\/stilanddesign.se\/","name":"Style &amp; Design","description":"For those of us who love fashion!","publisher":{"@id":"https:\/\/stilanddesign.se\/#organization"},"potentialAction":[{"@type":"SearchAction","target":{"@type":"EntryPoint","urlTemplate":"https:\/\/stilanddesign.se\/?s={search_term_string}"},"query-input":{"@type":"PropertyValueSpecification","valueRequired":true,"valueName":"search_term_string"}}],"inLanguage":"en-US"},{"@type":"Organization","@id":"https:\/\/stilanddesign.se\/#organization","name":"Style &amp; Design","url":"https:\/\/stilanddesign.se\/","logo":{"@type":"ImageObject","inLanguage":"en-US","@id":"https:\/\/stilanddesign.se\/#\/schema\/logo\/image\/","url":"https:\/\/stilanddesign.se\/wp-content\/uploads\/2023\/12\/output-onlinepngtools-e1727784413220.png","contentUrl":"https:\/\/stilanddesign.se\/wp-content\/uploads\/2023\/12\/output-onlinepngtools-e1727784413220.png","width":519,"height":135,"caption":"Stil &amp; Design"},"image":{"@id":"https:\/\/stilanddesign.se\/#\/schema\/logo\/image\/"}}]}},"_links":{"self":[{"href":"https:\/\/stilanddesign.se\/en\/wp-json\/wp\/v2\/product\/998368","targetHints":{"allow":["GET"]}}],"collection":[{"href":"https:\/\/stilanddesign.se\/en\/wp-json\/wp\/v2\/product"}],"about":[{"href":"https:\/\/stilanddesign.se\/en\/wp-json\/wp\/v2\/types\/product"}],"replies":[{"embeddable":true,"href":"https:\/\/stilanddesign.se\/en\/wp-json\/wp\/v2\/comments?post=998368"}],"wp:featuredmedia":[{"embeddable":true,"href":"https:\/\/stilanddesign.se\/en\/wp-json\/wp\/v2\/media\/998442"}],"wp:attachment":[{"href":"https:\/\/stilanddesign.se\/en\/wp-json\/wp\/v2\/media?parent=998368"}],"wp:term":[{"taxonomy":"product_brand","embeddable":true,"href":"https:\/\/stilanddesign.se\/en\/wp-json\/wp\/v2\/product_brand?post=998368"},{"taxonomy":"product_cat","embeddable":true,"href":"https:\/\/stilanddesign.se\/en\/wp-json\/wp\/v2\/product_cat?post=998368"},{"taxonomy":"product_tag","embeddable":true,"href":"https:\/\/stilanddesign.se\/en\/wp-json\/wp\/v2\/product_tag?post=998368"}],"curies":[{"name":"wp","href":"https:\/\/api.w.org\/{rel}","templated":true}]}}