{"id":998076,"date":"2024-11-08T16:03:22","date_gmt":"2024-11-08T15:03:22","guid":{"rendered":"https:\/\/stilanddesign.se\/?post_type=product&#038;p=998076"},"modified":"2024-11-08T18:47:15","modified_gmt":"2024-11-08T17:47:15","slug":"svart-omlottblus-i-satin","status":"publish","type":"product","link":"https:\/\/stilanddesign.se\/en\/product\/svart-omlottblus-i-satin\/","title":{"rendered":"Black satin wrap blouse"},"content":{"rendered":"<p><span class=\"productname\">CHLOE WRAP BLOUSE BLACK<\/span><\/p>\n<div class=\"shortdescription\">\n<p class=\"p1\"><span class=\"s1\">Chloe is a super luxurious wrap blouse in a fine and heavy satin quality. The sleeves of the blouse are slightly wider with a gather on the shoulder, and high cuffs at the cuffs with four covered buttons. Lapels with double fabric along the entire neckline give a well-dressed look. Wide, fine ribbons that tie elegantly at the side. Chloe is trendy and modern but at the same time timeless. Suitable for both everyday and party wear.<\/span><\/p>\n<p class=\"p1\"><span class=\"s1\">-Measures 64 cm from shoulder to hem in size M.<\/span><\/p>\n<p class=\"p1\"><span class=\"s1\">-100% Polly satin <\/span><\/p>\n<\/div>\n<div class=\"clear\"><\/div>\n<div class=\"price\"><span class=\"productPrice\">699 SEK<\/span><\/div>","protected":false},"excerpt":{"rendered":"<p><span class=\"productname\">CHLOE WRAP BLOUSE BLACK<\/span><\/p>\n<div class=\"shortdescription\">\n<p class=\"p1\"><span class=\"s1\">Chloe is a super luxurious wrap blouse in a fine and heavy satin quality. The sleeves of the blouse are slightly wider with a gather on the shoulder, and high cuffs at the cuffs with four covered buttons. Lapels with double fabric along the entire neckline give a well-dressed look. Wide, fine ribbons that tie elegantly at the side. Chloe is trendy and modern but at the same time timeless. Suitable for both everyday and party wear.<\/span><\/p>\n<p class=\"p1\"><span class=\"s1\">-Measures 64 cm from shoulder to hem in size M.<\/span><\/p>\n<p class=\"p1\"><span class=\"s1\">-100% Polly satin <\/span><\/p>\n<\/div>\n<div class=\"clear\"><\/div>\n<div class=\"price\"><span class=\"productPrice\">699 SEK<\/span><\/div>","protected":false},"featured_media":998079,"comment_status":"closed","ping_status":"closed","template":"","meta":[],"product_brand":[],"product_cat":[211,225],"product_tag":[],"class_list":{"0":"post-998076","1":"product","2":"type-product","3":"status-publish","4":"has-post-thumbnail","6":"product_cat-blusar","7":"product_cat-tunikor","9":"first","10":"outofstock","11":"taxable","12":"shipping-taxable","13":"purchasable","14":"product-type-variable"},"yoast_head":"<!-- This site is optimized with the Yoast SEO Premium plugin v27.4 (Yoast SEO v27.5) - https:\/\/yoast.com\/product\/yoast-seo-premium-wordpress\/ -->\n<title>Svart omlottblus i satin - Stil &amp; Design<\/title>\n<meta name=\"robots\" content=\"index, follow, max-snippet:-1, max-image-preview:large, max-video-preview:-1\" \/>\n<link rel=\"canonical\" href=\"https:\/\/stilanddesign.se\/en\/product\/svart-omlottblus-i-satin\/\" \/>\n<meta property=\"og:locale\" content=\"en_US\" \/>\n<meta property=\"og:type\" content=\"article\" \/>\n<meta property=\"og:title\" content=\"Svart omlottblus i satin\" \/>\n<meta property=\"og:description\" content=\"CHLOE WRAP BLOUSE BLACK  Chloe \u00e4r en superlyxig omlottblus i en fin och tung satin-kvalit\u00e9. Blusens \u00e4rmar \u00e4r n\u00e5got vidare med rynk p\u00e5 axeln, samt h\u00f6ga manshetter vid \u00e4rmslut med fyra kl\u00e4dda knappar. Kavajslag med dubbelt tyg l\u00e4ngs hela urringningen ger en v\u00e4lkl\u00e4dd look. Breda fina band som knyts elegant i sidan. Chloe \u00e4r trendig och modern men samtidigt tidl\u00f6s. Passar b\u00e5de till b\u00e5de vardags och fest. -M\u00e4ter 64 cm fr\u00e5n axel till nederkant i storlek M. -100% Pollysatin     699 SEK\" \/>\n<meta property=\"og:url\" content=\"https:\/\/stilanddesign.se\/en\/product\/svart-omlottblus-i-satin\/\" \/>\n<meta property=\"og:site_name\" content=\"Stil &amp; Design\" \/>\n<meta property=\"article:modified_time\" content=\"2024-11-08T17:47:15+00:00\" \/>\n<meta property=\"og:image\" content=\"https:\/\/stilanddesign.se\/wp-content\/uploads\/2024\/11\/6655443322.jpeg\" \/>\n\t<meta property=\"og:image:width\" content=\"300\" \/>\n\t<meta property=\"og:image:height\" content=\"450\" \/>\n\t<meta property=\"og:image:type\" content=\"image\/jpeg\" \/>\n<meta name=\"twitter:card\" content=\"summary_large_image\" \/>\n<meta name=\"twitter:label1\" content=\"Est. reading time\" \/>\n\t<meta name=\"twitter:data1\" content=\"1 minute\" \/>\n<script type=\"application\/ld+json\" class=\"yoast-schema-graph\">{\"@context\":\"https:\\\/\\\/schema.org\",\"@graph\":[{\"@type\":\"WebPage\",\"@id\":\"https:\\\/\\\/stilanddesign.se\\\/produkt\\\/svart-omlottblus-i-satin\\\/\",\"url\":\"https:\\\/\\\/stilanddesign.se\\\/produkt\\\/svart-omlottblus-i-satin\\\/\",\"name\":\"Svart omlottblus i satin - Stil &amp; Design\",\"isPartOf\":{\"@id\":\"https:\\\/\\\/stilanddesign.se\\\/#website\"},\"primaryImageOfPage\":{\"@id\":\"https:\\\/\\\/stilanddesign.se\\\/produkt\\\/svart-omlottblus-i-satin\\\/#primaryimage\"},\"image\":{\"@id\":\"https:\\\/\\\/stilanddesign.se\\\/produkt\\\/svart-omlottblus-i-satin\\\/#primaryimage\"},\"thumbnailUrl\":\"https:\\\/\\\/stilanddesign.se\\\/wp-content\\\/uploads\\\/2024\\\/11\\\/6655443322.jpeg\",\"datePublished\":\"2024-11-08T15:03:22+00:00\",\"dateModified\":\"2024-11-08T17:47:15+00:00\",\"breadcrumb\":{\"@id\":\"https:\\\/\\\/stilanddesign.se\\\/produkt\\\/svart-omlottblus-i-satin\\\/#breadcrumb\"},\"inLanguage\":\"en-US\",\"potentialAction\":[{\"@type\":\"ReadAction\",\"target\":[\"https:\\\/\\\/stilanddesign.se\\\/produkt\\\/svart-omlottblus-i-satin\\\/\"]}]},{\"@type\":\"ImageObject\",\"inLanguage\":\"en-US\",\"@id\":\"https:\\\/\\\/stilanddesign.se\\\/produkt\\\/svart-omlottblus-i-satin\\\/#primaryimage\",\"url\":\"https:\\\/\\\/stilanddesign.se\\\/wp-content\\\/uploads\\\/2024\\\/11\\\/6655443322.jpeg\",\"contentUrl\":\"https:\\\/\\\/stilanddesign.se\\\/wp-content\\\/uploads\\\/2024\\\/11\\\/6655443322.jpeg\",\"width\":300,\"height\":450},{\"@type\":\"BreadcrumbList\",\"@id\":\"https:\\\/\\\/stilanddesign.se\\\/produkt\\\/svart-omlottblus-i-satin\\\/#breadcrumb\",\"itemListElement\":[{\"@type\":\"ListItem\",\"position\":1,\"name\":\"Hem\",\"item\":\"https:\\\/\\\/stilanddesign.se\\\/\"},{\"@type\":\"ListItem\",\"position\":2,\"name\":\"Butiken\",\"item\":\"https:\\\/\\\/stilanddesign.se\\\/butiken\\\/\"},{\"@type\":\"ListItem\",\"position\":3,\"name\":\"Svart omlottblus i satin\"}]},{\"@type\":\"WebSite\",\"@id\":\"https:\\\/\\\/stilanddesign.se\\\/#website\",\"url\":\"https:\\\/\\\/stilanddesign.se\\\/\",\"name\":\"Stil &amp; Design\",\"description\":\"F\u00f6r oss som \u00e4lskar mode!\",\"publisher\":{\"@id\":\"https:\\\/\\\/stilanddesign.se\\\/#organization\"},\"potentialAction\":[{\"@type\":\"SearchAction\",\"target\":{\"@type\":\"EntryPoint\",\"urlTemplate\":\"https:\\\/\\\/stilanddesign.se\\\/?s={search_term_string}\"},\"query-input\":{\"@type\":\"PropertyValueSpecification\",\"valueRequired\":true,\"valueName\":\"search_term_string\"}}],\"inLanguage\":\"en-US\"},{\"@type\":\"Organization\",\"@id\":\"https:\\\/\\\/stilanddesign.se\\\/#organization\",\"name\":\"Stil &amp; Design\",\"url\":\"https:\\\/\\\/stilanddesign.se\\\/\",\"logo\":{\"@type\":\"ImageObject\",\"inLanguage\":\"en-US\",\"@id\":\"https:\\\/\\\/stilanddesign.se\\\/#\\\/schema\\\/logo\\\/image\\\/\",\"url\":\"https:\\\/\\\/stilanddesign.se\\\/wp-content\\\/uploads\\\/2023\\\/12\\\/output-onlinepngtools-e1727784413220.png\",\"contentUrl\":\"https:\\\/\\\/stilanddesign.se\\\/wp-content\\\/uploads\\\/2023\\\/12\\\/output-onlinepngtools-e1727784413220.png\",\"width\":519,\"height\":135,\"caption\":\"Stil &amp; Design\"},\"image\":{\"@id\":\"https:\\\/\\\/stilanddesign.se\\\/#\\\/schema\\\/logo\\\/image\\\/\"}}]}<\/script>\n<!-- \/ Yoast SEO Premium plugin. -->","yoast_head_json":{"title":"Svart omlottblus i satin - Stil &amp; Design","robots":{"index":"index","follow":"follow","max-snippet":"max-snippet:-1","max-image-preview":"max-image-preview:large","max-video-preview":"max-video-preview:-1"},"canonical":"https:\/\/stilanddesign.se\/en\/product\/svart-omlottblus-i-satin\/","og_locale":"en_US","og_type":"article","og_title":"Svart omlottblus i satin","og_description":"CHLOE WRAP BLOUSE BLACK  Chloe \u00e4r en superlyxig omlottblus i en fin och tung satin-kvalit\u00e9. Blusens \u00e4rmar \u00e4r n\u00e5got vidare med rynk p\u00e5 axeln, samt h\u00f6ga manshetter vid \u00e4rmslut med fyra kl\u00e4dda knappar. Kavajslag med dubbelt tyg l\u00e4ngs hela urringningen ger en v\u00e4lkl\u00e4dd look. Breda fina band som knyts elegant i sidan. Chloe \u00e4r trendig och modern men samtidigt tidl\u00f6s. Passar b\u00e5de till b\u00e5de vardags och fest. -M\u00e4ter 64 cm fr\u00e5n axel till nederkant i storlek M. -100% Pollysatin     699 SEK","og_url":"https:\/\/stilanddesign.se\/en\/product\/svart-omlottblus-i-satin\/","og_site_name":"Stil &amp; Design","article_modified_time":"2024-11-08T17:47:15+00:00","og_image":[{"width":300,"height":450,"url":"https:\/\/stilanddesign.se\/wp-content\/uploads\/2024\/11\/6655443322.jpeg","type":"image\/jpeg"}],"twitter_card":"summary_large_image","twitter_misc":{"Est. reading time":"1 minute"},"schema":{"@context":"https:\/\/schema.org","@graph":[{"@type":"WebPage","@id":"https:\/\/stilanddesign.se\/produkt\/svart-omlottblus-i-satin\/","url":"https:\/\/stilanddesign.se\/produkt\/svart-omlottblus-i-satin\/","name":"Svart omlottblus i satin - Stil &amp; Design","isPartOf":{"@id":"https:\/\/stilanddesign.se\/#website"},"primaryImageOfPage":{"@id":"https:\/\/stilanddesign.se\/produkt\/svart-omlottblus-i-satin\/#primaryimage"},"image":{"@id":"https:\/\/stilanddesign.se\/produkt\/svart-omlottblus-i-satin\/#primaryimage"},"thumbnailUrl":"https:\/\/stilanddesign.se\/wp-content\/uploads\/2024\/11\/6655443322.jpeg","datePublished":"2024-11-08T15:03:22+00:00","dateModified":"2024-11-08T17:47:15+00:00","breadcrumb":{"@id":"https:\/\/stilanddesign.se\/produkt\/svart-omlottblus-i-satin\/#breadcrumb"},"inLanguage":"en-US","potentialAction":[{"@type":"ReadAction","target":["https:\/\/stilanddesign.se\/produkt\/svart-omlottblus-i-satin\/"]}]},{"@type":"ImageObject","inLanguage":"en-US","@id":"https:\/\/stilanddesign.se\/produkt\/svart-omlottblus-i-satin\/#primaryimage","url":"https:\/\/stilanddesign.se\/wp-content\/uploads\/2024\/11\/6655443322.jpeg","contentUrl":"https:\/\/stilanddesign.se\/wp-content\/uploads\/2024\/11\/6655443322.jpeg","width":300,"height":450},{"@type":"BreadcrumbList","@id":"https:\/\/stilanddesign.se\/produkt\/svart-omlottblus-i-satin\/#breadcrumb","itemListElement":[{"@type":"ListItem","position":1,"name":"Hem","item":"https:\/\/stilanddesign.se\/"},{"@type":"ListItem","position":2,"name":"Butiken","item":"https:\/\/stilanddesign.se\/butiken\/"},{"@type":"ListItem","position":3,"name":"Svart omlottblus i satin"}]},{"@type":"WebSite","@id":"https:\/\/stilanddesign.se\/#website","url":"https:\/\/stilanddesign.se\/","name":"Style &amp; Design","description":"For those of us who love fashion!","publisher":{"@id":"https:\/\/stilanddesign.se\/#organization"},"potentialAction":[{"@type":"SearchAction","target":{"@type":"EntryPoint","urlTemplate":"https:\/\/stilanddesign.se\/?s={search_term_string}"},"query-input":{"@type":"PropertyValueSpecification","valueRequired":true,"valueName":"search_term_string"}}],"inLanguage":"en-US"},{"@type":"Organization","@id":"https:\/\/stilanddesign.se\/#organization","name":"Style &amp; Design","url":"https:\/\/stilanddesign.se\/","logo":{"@type":"ImageObject","inLanguage":"en-US","@id":"https:\/\/stilanddesign.se\/#\/schema\/logo\/image\/","url":"https:\/\/stilanddesign.se\/wp-content\/uploads\/2023\/12\/output-onlinepngtools-e1727784413220.png","contentUrl":"https:\/\/stilanddesign.se\/wp-content\/uploads\/2023\/12\/output-onlinepngtools-e1727784413220.png","width":519,"height":135,"caption":"Stil &amp; Design"},"image":{"@id":"https:\/\/stilanddesign.se\/#\/schema\/logo\/image\/"}}]}},"_links":{"self":[{"href":"https:\/\/stilanddesign.se\/en\/wp-json\/wp\/v2\/product\/998076","targetHints":{"allow":["GET"]}}],"collection":[{"href":"https:\/\/stilanddesign.se\/en\/wp-json\/wp\/v2\/product"}],"about":[{"href":"https:\/\/stilanddesign.se\/en\/wp-json\/wp\/v2\/types\/product"}],"replies":[{"embeddable":true,"href":"https:\/\/stilanddesign.se\/en\/wp-json\/wp\/v2\/comments?post=998076"}],"wp:featuredmedia":[{"embeddable":true,"href":"https:\/\/stilanddesign.se\/en\/wp-json\/wp\/v2\/media\/998079"}],"wp:attachment":[{"href":"https:\/\/stilanddesign.se\/en\/wp-json\/wp\/v2\/media?parent=998076"}],"wp:term":[{"taxonomy":"product_brand","embeddable":true,"href":"https:\/\/stilanddesign.se\/en\/wp-json\/wp\/v2\/product_brand?post=998076"},{"taxonomy":"product_cat","embeddable":true,"href":"https:\/\/stilanddesign.se\/en\/wp-json\/wp\/v2\/product_cat?post=998076"},{"taxonomy":"product_tag","embeddable":true,"href":"https:\/\/stilanddesign.se\/en\/wp-json\/wp\/v2\/product_tag?post=998076"}],"curies":[{"name":"wp","href":"https:\/\/api.w.org\/{rel}","templated":true}]}}