{"id":998075,"date":"2024-11-08T16:03:21","date_gmt":"2024-11-08T15:03:21","guid":{"rendered":"https:\/\/stilanddesign.se\/?post_type=product&#038;p=998075"},"modified":"2024-11-08T16:04:42","modified_gmt":"2024-11-08T15:04:42","slug":"rockig-blus-i-gront-batikmonster","status":"publish","type":"product","link":"https:\/\/stilanddesign.se\/en\/product\/rockig-blus-i-gront-batikmonster\/","title":{"rendered":"Rockabilly blouse in green batik pattern"},"content":{"rendered":"<div class=\"price\">\n<p><span class=\"productname\">NIRVANA BLOUSE JADE GREEN\/ASPHALT<\/span><\/p>\n<div class=\"shortdescription\">\n<p class=\"p1\"><span class=\"s1\">We just love the pattern on the Nirvana Blouse! Stylish and rocking batik pattern in Asfalt printed on the green bottom. The blouse model has a loose fit with sleeves that end with ruffles on each sleeve. Nirvana has a slight V-neck around the neck and around the stand-up collar there is a pretty ruffle - such a nice detail!<\/span><\/p>\n<p class=\"p1\"><span class=\"s1\">-Measures 66 cm from shoulder to hem in size M.<\/span><\/p>\n<p class=\"p1\"><span class=\"s1\">-100% Polysatin<\/span><\/p>\n<\/div>\n<div class=\"clear\"><\/div>\n<div class=\"price\"><span class=\"productPrice\">699 SEK<\/span><\/div>\n<\/div>\n<p>&nbsp;<\/p>\n<p>&nbsp;<\/p>","protected":false},"excerpt":{"rendered":"<div class=\"price\">\n<p><span class=\"productname\">NIRVANA BLOUSE JADE GREEN\/ASPHALT<\/span><\/p>\n<div class=\"shortdescription\">\n<p class=\"p1\"><span class=\"s1\">We just love the pattern on the Nirvana Blouse! Stylish and rocking batik pattern in Asfalt printed on the green bottom. The blouse model has a loose fit with sleeves that end with ruffles on each sleeve. Nirvana has a slight V-neck around the neck and around the stand-up collar there is a pretty ruffle - such a nice detail!<\/span><\/p>\n<p class=\"p1\"><span class=\"s1\">-Measures 66 cm from shoulder to hem in size M.<\/span><\/p>\n<p class=\"p1\"><span class=\"s1\">-100% Polysatin<\/span><\/p>\n<\/div>\n<div class=\"clear\"><\/div>\n<div class=\"price\"><span class=\"productPrice\">699 SEK<\/span><\/div>\n<\/div>\n<p>&nbsp;<\/p>","protected":false},"featured_media":997502,"comment_status":"closed","ping_status":"closed","template":"","meta":[],"product_brand":[],"product_cat":[211],"product_tag":[],"class_list":{"0":"post-998075","1":"product","2":"type-product","3":"status-publish","4":"has-post-thumbnail","6":"product_cat-blusar","8":"first","9":"outofstock","10":"taxable","11":"shipping-taxable","12":"purchasable","13":"product-type-variable"},"yoast_head":"<!-- This site is optimized with the Yoast SEO Premium plugin v27.4 (Yoast SEO v27.5) - https:\/\/yoast.com\/product\/yoast-seo-premium-wordpress\/ -->\n<title>Rockig blus i gr\u00f6nt batikm\u00f6nster - Stil &amp; Design<\/title>\n<meta name=\"description\" content=\"H\u00e4rliga bl\u00e5jeans med ljusa slitningar\" \/>\n<meta name=\"robots\" content=\"index, follow, max-snippet:-1, max-image-preview:large, max-video-preview:-1\" \/>\n<link rel=\"canonical\" href=\"https:\/\/stilanddesign.se\/en\/product\/rockig-blus-i-gront-batikmonster\/\" \/>\n<meta property=\"og:locale\" content=\"en_US\" \/>\n<meta property=\"og:type\" content=\"article\" \/>\n<meta property=\"og:title\" content=\"Rockig blus i gr\u00f6nt batikm\u00f6nster\" \/>\n<meta property=\"og:description\" content=\"H\u00e4rliga bl\u00e5jeans med ljusa slitningar\" \/>\n<meta property=\"og:url\" content=\"https:\/\/stilanddesign.se\/en\/product\/rockig-blus-i-gront-batikmonster\/\" \/>\n<meta property=\"og:site_name\" content=\"Stil &amp; Design\" \/>\n<meta property=\"article:modified_time\" content=\"2024-11-08T15:04:42+00:00\" \/>\n<meta property=\"og:image\" content=\"https:\/\/stilanddesign.se\/wp-content\/uploads\/2024\/11\/123321123.jpeg\" \/>\n\t<meta property=\"og:image:width\" content=\"300\" \/>\n\t<meta property=\"og:image:height\" content=\"450\" \/>\n\t<meta property=\"og:image:type\" content=\"image\/jpeg\" \/>\n<meta name=\"twitter:card\" content=\"summary_large_image\" \/>\n<meta name=\"twitter:label1\" content=\"Est. reading time\" \/>\n\t<meta name=\"twitter:data1\" content=\"1 minute\" \/>\n<script type=\"application\/ld+json\" class=\"yoast-schema-graph\">{\"@context\":\"https:\\\/\\\/schema.org\",\"@graph\":[{\"@type\":\"WebPage\",\"@id\":\"https:\\\/\\\/stilanddesign.se\\\/produkt\\\/rockig-blus-i-gront-batikmonster\\\/\",\"url\":\"https:\\\/\\\/stilanddesign.se\\\/produkt\\\/rockig-blus-i-gront-batikmonster\\\/\",\"name\":\"Rockig blus i gr\u00f6nt batikm\u00f6nster - Stil &amp; Design\",\"isPartOf\":{\"@id\":\"https:\\\/\\\/stilanddesign.se\\\/#website\"},\"primaryImageOfPage\":{\"@id\":\"https:\\\/\\\/stilanddesign.se\\\/produkt\\\/rockig-blus-i-gront-batikmonster\\\/#primaryimage\"},\"image\":{\"@id\":\"https:\\\/\\\/stilanddesign.se\\\/produkt\\\/rockig-blus-i-gront-batikmonster\\\/#primaryimage\"},\"thumbnailUrl\":\"https:\\\/\\\/stilanddesign.se\\\/wp-content\\\/uploads\\\/2024\\\/11\\\/123321123.jpeg\",\"datePublished\":\"2024-11-08T15:03:21+00:00\",\"dateModified\":\"2024-11-08T15:04:42+00:00\",\"description\":\"H\u00e4rliga bl\u00e5jeans med ljusa slitningar\",\"breadcrumb\":{\"@id\":\"https:\\\/\\\/stilanddesign.se\\\/produkt\\\/rockig-blus-i-gront-batikmonster\\\/#breadcrumb\"},\"inLanguage\":\"en-US\",\"potentialAction\":[{\"@type\":\"ReadAction\",\"target\":[\"https:\\\/\\\/stilanddesign.se\\\/produkt\\\/rockig-blus-i-gront-batikmonster\\\/\"]}]},{\"@type\":\"ImageObject\",\"inLanguage\":\"en-US\",\"@id\":\"https:\\\/\\\/stilanddesign.se\\\/produkt\\\/rockig-blus-i-gront-batikmonster\\\/#primaryimage\",\"url\":\"https:\\\/\\\/stilanddesign.se\\\/wp-content\\\/uploads\\\/2024\\\/11\\\/123321123.jpeg\",\"contentUrl\":\"https:\\\/\\\/stilanddesign.se\\\/wp-content\\\/uploads\\\/2024\\\/11\\\/123321123.jpeg\",\"width\":300,\"height\":450},{\"@type\":\"BreadcrumbList\",\"@id\":\"https:\\\/\\\/stilanddesign.se\\\/produkt\\\/rockig-blus-i-gront-batikmonster\\\/#breadcrumb\",\"itemListElement\":[{\"@type\":\"ListItem\",\"position\":1,\"name\":\"Hem\",\"item\":\"https:\\\/\\\/stilanddesign.se\\\/\"},{\"@type\":\"ListItem\",\"position\":2,\"name\":\"Butiken\",\"item\":\"https:\\\/\\\/stilanddesign.se\\\/butiken\\\/\"},{\"@type\":\"ListItem\",\"position\":3,\"name\":\"Rockig blus i gr\u00f6nt batikm\u00f6nster\"}]},{\"@type\":\"WebSite\",\"@id\":\"https:\\\/\\\/stilanddesign.se\\\/#website\",\"url\":\"https:\\\/\\\/stilanddesign.se\\\/\",\"name\":\"Stil &amp; Design\",\"description\":\"F\u00f6r oss som \u00e4lskar mode!\",\"publisher\":{\"@id\":\"https:\\\/\\\/stilanddesign.se\\\/#organization\"},\"potentialAction\":[{\"@type\":\"SearchAction\",\"target\":{\"@type\":\"EntryPoint\",\"urlTemplate\":\"https:\\\/\\\/stilanddesign.se\\\/?s={search_term_string}\"},\"query-input\":{\"@type\":\"PropertyValueSpecification\",\"valueRequired\":true,\"valueName\":\"search_term_string\"}}],\"inLanguage\":\"en-US\"},{\"@type\":\"Organization\",\"@id\":\"https:\\\/\\\/stilanddesign.se\\\/#organization\",\"name\":\"Stil &amp; Design\",\"url\":\"https:\\\/\\\/stilanddesign.se\\\/\",\"logo\":{\"@type\":\"ImageObject\",\"inLanguage\":\"en-US\",\"@id\":\"https:\\\/\\\/stilanddesign.se\\\/#\\\/schema\\\/logo\\\/image\\\/\",\"url\":\"https:\\\/\\\/stilanddesign.se\\\/wp-content\\\/uploads\\\/2023\\\/12\\\/output-onlinepngtools-e1727784413220.png\",\"contentUrl\":\"https:\\\/\\\/stilanddesign.se\\\/wp-content\\\/uploads\\\/2023\\\/12\\\/output-onlinepngtools-e1727784413220.png\",\"width\":519,\"height\":135,\"caption\":\"Stil &amp; Design\"},\"image\":{\"@id\":\"https:\\\/\\\/stilanddesign.se\\\/#\\\/schema\\\/logo\\\/image\\\/\"}}]}<\/script>\n<!-- \/ Yoast SEO Premium plugin. -->","yoast_head_json":{"title":"Rockig blus i gr\u00f6nt batikm\u00f6nster - Stil &amp; Design","description":"Lovely blue jeans with light abrasions","robots":{"index":"index","follow":"follow","max-snippet":"max-snippet:-1","max-image-preview":"max-image-preview:large","max-video-preview":"max-video-preview:-1"},"canonical":"https:\/\/stilanddesign.se\/en\/product\/rockig-blus-i-gront-batikmonster\/","og_locale":"en_US","og_type":"article","og_title":"Rockig blus i gr\u00f6nt batikm\u00f6nster","og_description":"H\u00e4rliga bl\u00e5jeans med ljusa slitningar","og_url":"https:\/\/stilanddesign.se\/en\/product\/rockig-blus-i-gront-batikmonster\/","og_site_name":"Stil &amp; Design","article_modified_time":"2024-11-08T15:04:42+00:00","og_image":[{"width":300,"height":450,"url":"https:\/\/stilanddesign.se\/wp-content\/uploads\/2024\/11\/123321123.jpeg","type":"image\/jpeg"}],"twitter_card":"summary_large_image","twitter_misc":{"Est. reading time":"1 minute"},"schema":{"@context":"https:\/\/schema.org","@graph":[{"@type":"WebPage","@id":"https:\/\/stilanddesign.se\/produkt\/rockig-blus-i-gront-batikmonster\/","url":"https:\/\/stilanddesign.se\/produkt\/rockig-blus-i-gront-batikmonster\/","name":"Rockig blus i gr\u00f6nt batikm\u00f6nster - Stil &amp; Design","isPartOf":{"@id":"https:\/\/stilanddesign.se\/#website"},"primaryImageOfPage":{"@id":"https:\/\/stilanddesign.se\/produkt\/rockig-blus-i-gront-batikmonster\/#primaryimage"},"image":{"@id":"https:\/\/stilanddesign.se\/produkt\/rockig-blus-i-gront-batikmonster\/#primaryimage"},"thumbnailUrl":"https:\/\/stilanddesign.se\/wp-content\/uploads\/2024\/11\/123321123.jpeg","datePublished":"2024-11-08T15:03:21+00:00","dateModified":"2024-11-08T15:04:42+00:00","description":"Lovely blue jeans with light abrasions","breadcrumb":{"@id":"https:\/\/stilanddesign.se\/produkt\/rockig-blus-i-gront-batikmonster\/#breadcrumb"},"inLanguage":"en-US","potentialAction":[{"@type":"ReadAction","target":["https:\/\/stilanddesign.se\/produkt\/rockig-blus-i-gront-batikmonster\/"]}]},{"@type":"ImageObject","inLanguage":"en-US","@id":"https:\/\/stilanddesign.se\/produkt\/rockig-blus-i-gront-batikmonster\/#primaryimage","url":"https:\/\/stilanddesign.se\/wp-content\/uploads\/2024\/11\/123321123.jpeg","contentUrl":"https:\/\/stilanddesign.se\/wp-content\/uploads\/2024\/11\/123321123.jpeg","width":300,"height":450},{"@type":"BreadcrumbList","@id":"https:\/\/stilanddesign.se\/produkt\/rockig-blus-i-gront-batikmonster\/#breadcrumb","itemListElement":[{"@type":"ListItem","position":1,"name":"Hem","item":"https:\/\/stilanddesign.se\/"},{"@type":"ListItem","position":2,"name":"Butiken","item":"https:\/\/stilanddesign.se\/butiken\/"},{"@type":"ListItem","position":3,"name":"Rockig blus i gr\u00f6nt batikm\u00f6nster"}]},{"@type":"WebSite","@id":"https:\/\/stilanddesign.se\/#website","url":"https:\/\/stilanddesign.se\/","name":"Style &amp; Design","description":"For those of us who love fashion!","publisher":{"@id":"https:\/\/stilanddesign.se\/#organization"},"potentialAction":[{"@type":"SearchAction","target":{"@type":"EntryPoint","urlTemplate":"https:\/\/stilanddesign.se\/?s={search_term_string}"},"query-input":{"@type":"PropertyValueSpecification","valueRequired":true,"valueName":"search_term_string"}}],"inLanguage":"en-US"},{"@type":"Organization","@id":"https:\/\/stilanddesign.se\/#organization","name":"Style &amp; Design","url":"https:\/\/stilanddesign.se\/","logo":{"@type":"ImageObject","inLanguage":"en-US","@id":"https:\/\/stilanddesign.se\/#\/schema\/logo\/image\/","url":"https:\/\/stilanddesign.se\/wp-content\/uploads\/2023\/12\/output-onlinepngtools-e1727784413220.png","contentUrl":"https:\/\/stilanddesign.se\/wp-content\/uploads\/2023\/12\/output-onlinepngtools-e1727784413220.png","width":519,"height":135,"caption":"Stil &amp; Design"},"image":{"@id":"https:\/\/stilanddesign.se\/#\/schema\/logo\/image\/"}}]}},"_links":{"self":[{"href":"https:\/\/stilanddesign.se\/en\/wp-json\/wp\/v2\/product\/998075","targetHints":{"allow":["GET"]}}],"collection":[{"href":"https:\/\/stilanddesign.se\/en\/wp-json\/wp\/v2\/product"}],"about":[{"href":"https:\/\/stilanddesign.se\/en\/wp-json\/wp\/v2\/types\/product"}],"replies":[{"embeddable":true,"href":"https:\/\/stilanddesign.se\/en\/wp-json\/wp\/v2\/comments?post=998075"}],"wp:featuredmedia":[{"embeddable":true,"href":"https:\/\/stilanddesign.se\/en\/wp-json\/wp\/v2\/media\/997502"}],"wp:attachment":[{"href":"https:\/\/stilanddesign.se\/en\/wp-json\/wp\/v2\/media?parent=998075"}],"wp:term":[{"taxonomy":"product_brand","embeddable":true,"href":"https:\/\/stilanddesign.se\/en\/wp-json\/wp\/v2\/product_brand?post=998075"},{"taxonomy":"product_cat","embeddable":true,"href":"https:\/\/stilanddesign.se\/en\/wp-json\/wp\/v2\/product_cat?post=998075"},{"taxonomy":"product_tag","embeddable":true,"href":"https:\/\/stilanddesign.se\/en\/wp-json\/wp\/v2\/product_tag?post=998075"}],"curies":[{"name":"wp","href":"https:\/\/api.w.org\/{rel}","templated":true}]}}