{"id":997394,"date":"2024-11-08T10:38:12","date_gmt":"2024-11-08T09:38:12","guid":{"rendered":"https:\/\/stilanddesign.se\/?post_type=product&#038;p=997394"},"modified":"2024-11-08T18:47:06","modified_gmt":"2024-11-08T17:47:06","slug":"volangkjol","status":"publish","type":"product","link":"https:\/\/stilanddesign.se\/en\/product\/volangkjol\/","title":{"rendered":"Ruffle skirt"},"content":{"rendered":"<h1 class=\"alt-font\">Ruffle skirt<\/h1>\n<p>&nbsp;<\/p>\n<p>Mysig stretchig volangkjol som passar till de flesta tillf\u00e4llen ( en m\u00e5ste ha kjol). Ankell\u00e5ng cool kjol som \u00e4r v\u00e4ldigt fin med en v\u00e4st eller en gosig stickad tr\u00f6ja till. Snyggt med ett par grova k\u00e4ngor till som \u201dtuffar till\u201d den lite romantiska looken. Passar \u00e4ven med sneakers eller flip-flop till v\u00e5r och sommar.VI\u00a0 \u00e4lskar verkligen denna kjolen<\/p>\n<p>Material<\/p>\n<p>66% Bomull, 34% Viscose<\/p>\n<p>Washing instructions<\/p>\n<p>Tv\u00e4tt 30 g<\/p>\n<p>&nbsp;<\/p>","protected":false},"excerpt":{"rendered":"<h1 class=\"alt-font\">Ruffle skirt<\/h1>\n<p>&nbsp;<\/p>\n<p>Mysig stretchig volangkjol som passar till de flesta tillf\u00e4llen ( en m\u00e5ste ha kjol). Ankell\u00e5ng cool kjol som \u00e4r v\u00e4ldigt fin med en v\u00e4st eller en gosig stickad tr\u00f6ja till. Snyggt med ett par grova k\u00e4ngor till som \u201dtuffar till\u201d den lite romantiska looken. Passar \u00e4ven med sneakers eller flip-flop till v\u00e5r och sommar.VI\u00a0 \u00e4lskar verkligen denna kjolen<\/p>\n<p>Material<\/p>\n<p>66% Bomull, 34% Viscose<\/p>\n<p>Washing instructions<\/p>\n<p>Tv\u00e4tt 30 g<\/p>","protected":false},"featured_media":997423,"comment_status":"closed","ping_status":"closed","template":"","meta":[],"product_brand":[],"product_cat":[221],"product_tag":[],"class_list":{"0":"post-997394","1":"product","2":"type-product","3":"status-publish","4":"has-post-thumbnail","6":"product_cat-kjolar","8":"first","9":"outofstock","10":"taxable","11":"shipping-taxable","12":"purchasable","13":"product-type-variable"},"yoast_head":"<!-- This site is optimized with the Yoast SEO Premium plugin v27.4 (Yoast SEO v27.5) - https:\/\/yoast.com\/product\/yoast-seo-premium-wordpress\/ -->\n<title>Volangkjol - Stil &amp; Design<\/title>\n<meta name=\"robots\" content=\"index, follow, max-snippet:-1, max-image-preview:large, max-video-preview:-1\" \/>\n<link rel=\"canonical\" href=\"https:\/\/stilanddesign.se\/en\/product\/volangkjol\/\" \/>\n<meta property=\"og:locale\" content=\"en_US\" \/>\n<meta property=\"og:type\" content=\"article\" \/>\n<meta property=\"og:title\" content=\"Volangkjol\" \/>\n<meta property=\"og:description\" content=\"Volangkjol &nbsp;  Mysig stretchig volangkjol som passar till de flesta tillf\u00e4llen ( en m\u00e5ste ha kjol). Ankell\u00e5ng cool kjol som \u00e4r v\u00e4ldigt fin med en v\u00e4st eller en gosig stickad tr\u00f6ja till. Snyggt med ett par grova k\u00e4ngor till som \u201dtuffar till\u201d den lite romantiska looken. Passar \u00e4ven med sneakers eller flip-flop till v\u00e5r och sommar.VI\u00a0 \u00e4lskar verkligen denna kjolen  Material  66% Bomull, 34% Viscose  Tv\u00e4ttr\u00e5d  Tv\u00e4tt 30 g\" \/>\n<meta property=\"og:url\" content=\"https:\/\/stilanddesign.se\/en\/product\/volangkjol\/\" \/>\n<meta property=\"og:site_name\" content=\"Stil &amp; Design\" \/>\n<meta property=\"article:modified_time\" content=\"2024-11-08T17:47:06+00:00\" \/>\n<meta property=\"og:image\" content=\"https:\/\/stilanddesign.se\/wp-content\/uploads\/2024\/11\/Volang-T-F.jpg\" \/>\n\t<meta property=\"og:image:width\" content=\"413\" \/>\n\t<meta property=\"og:image:height\" content=\"640\" \/>\n\t<meta property=\"og:image:type\" content=\"image\/jpeg\" \/>\n<meta name=\"twitter:card\" content=\"summary_large_image\" \/>\n<meta name=\"twitter:label1\" content=\"Est. reading time\" \/>\n\t<meta name=\"twitter:data1\" content=\"1 minute\" \/>\n<script type=\"application\/ld+json\" class=\"yoast-schema-graph\">{\"@context\":\"https:\\\/\\\/schema.org\",\"@graph\":[{\"@type\":\"WebPage\",\"@id\":\"https:\\\/\\\/stilanddesign.se\\\/produkt\\\/volangkjol\\\/\",\"url\":\"https:\\\/\\\/stilanddesign.se\\\/produkt\\\/volangkjol\\\/\",\"name\":\"Volangkjol - Stil &amp; Design\",\"isPartOf\":{\"@id\":\"https:\\\/\\\/stilanddesign.se\\\/#website\"},\"primaryImageOfPage\":{\"@id\":\"https:\\\/\\\/stilanddesign.se\\\/produkt\\\/volangkjol\\\/#primaryimage\"},\"image\":{\"@id\":\"https:\\\/\\\/stilanddesign.se\\\/produkt\\\/volangkjol\\\/#primaryimage\"},\"thumbnailUrl\":\"https:\\\/\\\/stilanddesign.se\\\/wp-content\\\/uploads\\\/2024\\\/11\\\/Volang-T-F.jpg\",\"datePublished\":\"2024-11-08T09:38:12+00:00\",\"dateModified\":\"2024-11-08T17:47:06+00:00\",\"breadcrumb\":{\"@id\":\"https:\\\/\\\/stilanddesign.se\\\/produkt\\\/volangkjol\\\/#breadcrumb\"},\"inLanguage\":\"en-US\",\"potentialAction\":[{\"@type\":\"ReadAction\",\"target\":[\"https:\\\/\\\/stilanddesign.se\\\/produkt\\\/volangkjol\\\/\"]}]},{\"@type\":\"ImageObject\",\"inLanguage\":\"en-US\",\"@id\":\"https:\\\/\\\/stilanddesign.se\\\/produkt\\\/volangkjol\\\/#primaryimage\",\"url\":\"https:\\\/\\\/stilanddesign.se\\\/wp-content\\\/uploads\\\/2024\\\/11\\\/Volang-T-F.jpg\",\"contentUrl\":\"https:\\\/\\\/stilanddesign.se\\\/wp-content\\\/uploads\\\/2024\\\/11\\\/Volang-T-F.jpg\",\"width\":413,\"height\":640},{\"@type\":\"BreadcrumbList\",\"@id\":\"https:\\\/\\\/stilanddesign.se\\\/produkt\\\/volangkjol\\\/#breadcrumb\",\"itemListElement\":[{\"@type\":\"ListItem\",\"position\":1,\"name\":\"Hem\",\"item\":\"https:\\\/\\\/stilanddesign.se\\\/\"},{\"@type\":\"ListItem\",\"position\":2,\"name\":\"Butiken\",\"item\":\"https:\\\/\\\/stilanddesign.se\\\/butiken\\\/\"},{\"@type\":\"ListItem\",\"position\":3,\"name\":\"Volangkjol\"}]},{\"@type\":\"WebSite\",\"@id\":\"https:\\\/\\\/stilanddesign.se\\\/#website\",\"url\":\"https:\\\/\\\/stilanddesign.se\\\/\",\"name\":\"Stil &amp; Design\",\"description\":\"F\u00f6r oss som \u00e4lskar mode!\",\"publisher\":{\"@id\":\"https:\\\/\\\/stilanddesign.se\\\/#organization\"},\"potentialAction\":[{\"@type\":\"SearchAction\",\"target\":{\"@type\":\"EntryPoint\",\"urlTemplate\":\"https:\\\/\\\/stilanddesign.se\\\/?s={search_term_string}\"},\"query-input\":{\"@type\":\"PropertyValueSpecification\",\"valueRequired\":true,\"valueName\":\"search_term_string\"}}],\"inLanguage\":\"en-US\"},{\"@type\":\"Organization\",\"@id\":\"https:\\\/\\\/stilanddesign.se\\\/#organization\",\"name\":\"Stil &amp; Design\",\"url\":\"https:\\\/\\\/stilanddesign.se\\\/\",\"logo\":{\"@type\":\"ImageObject\",\"inLanguage\":\"en-US\",\"@id\":\"https:\\\/\\\/stilanddesign.se\\\/#\\\/schema\\\/logo\\\/image\\\/\",\"url\":\"https:\\\/\\\/stilanddesign.se\\\/wp-content\\\/uploads\\\/2023\\\/12\\\/output-onlinepngtools-e1727784413220.png\",\"contentUrl\":\"https:\\\/\\\/stilanddesign.se\\\/wp-content\\\/uploads\\\/2023\\\/12\\\/output-onlinepngtools-e1727784413220.png\",\"width\":519,\"height\":135,\"caption\":\"Stil &amp; Design\"},\"image\":{\"@id\":\"https:\\\/\\\/stilanddesign.se\\\/#\\\/schema\\\/logo\\\/image\\\/\"}}]}<\/script>\n<!-- \/ Yoast SEO Premium plugin. -->","yoast_head_json":{"title":"Volangkjol - Stil &amp; Design","robots":{"index":"index","follow":"follow","max-snippet":"max-snippet:-1","max-image-preview":"max-image-preview:large","max-video-preview":"max-video-preview:-1"},"canonical":"https:\/\/stilanddesign.se\/en\/product\/volangkjol\/","og_locale":"en_US","og_type":"article","og_title":"Volangkjol","og_description":"Volangkjol &nbsp;  Mysig stretchig volangkjol som passar till de flesta tillf\u00e4llen ( en m\u00e5ste ha kjol). Ankell\u00e5ng cool kjol som \u00e4r v\u00e4ldigt fin med en v\u00e4st eller en gosig stickad tr\u00f6ja till. Snyggt med ett par grova k\u00e4ngor till som \u201dtuffar till\u201d den lite romantiska looken. Passar \u00e4ven med sneakers eller flip-flop till v\u00e5r och sommar.VI\u00a0 \u00e4lskar verkligen denna kjolen  Material  66% Bomull, 34% Viscose  Tv\u00e4ttr\u00e5d  Tv\u00e4tt 30 g","og_url":"https:\/\/stilanddesign.se\/en\/product\/volangkjol\/","og_site_name":"Stil &amp; Design","article_modified_time":"2024-11-08T17:47:06+00:00","og_image":[{"width":413,"height":640,"url":"https:\/\/stilanddesign.se\/wp-content\/uploads\/2024\/11\/Volang-T-F.jpg","type":"image\/jpeg"}],"twitter_card":"summary_large_image","twitter_misc":{"Est. reading time":"1 minute"},"schema":{"@context":"https:\/\/schema.org","@graph":[{"@type":"WebPage","@id":"https:\/\/stilanddesign.se\/produkt\/volangkjol\/","url":"https:\/\/stilanddesign.se\/produkt\/volangkjol\/","name":"Volangkjol - Stil &amp; Design","isPartOf":{"@id":"https:\/\/stilanddesign.se\/#website"},"primaryImageOfPage":{"@id":"https:\/\/stilanddesign.se\/produkt\/volangkjol\/#primaryimage"},"image":{"@id":"https:\/\/stilanddesign.se\/produkt\/volangkjol\/#primaryimage"},"thumbnailUrl":"https:\/\/stilanddesign.se\/wp-content\/uploads\/2024\/11\/Volang-T-F.jpg","datePublished":"2024-11-08T09:38:12+00:00","dateModified":"2024-11-08T17:47:06+00:00","breadcrumb":{"@id":"https:\/\/stilanddesign.se\/produkt\/volangkjol\/#breadcrumb"},"inLanguage":"en-US","potentialAction":[{"@type":"ReadAction","target":["https:\/\/stilanddesign.se\/produkt\/volangkjol\/"]}]},{"@type":"ImageObject","inLanguage":"en-US","@id":"https:\/\/stilanddesign.se\/produkt\/volangkjol\/#primaryimage","url":"https:\/\/stilanddesign.se\/wp-content\/uploads\/2024\/11\/Volang-T-F.jpg","contentUrl":"https:\/\/stilanddesign.se\/wp-content\/uploads\/2024\/11\/Volang-T-F.jpg","width":413,"height":640},{"@type":"BreadcrumbList","@id":"https:\/\/stilanddesign.se\/produkt\/volangkjol\/#breadcrumb","itemListElement":[{"@type":"ListItem","position":1,"name":"Hem","item":"https:\/\/stilanddesign.se\/"},{"@type":"ListItem","position":2,"name":"Butiken","item":"https:\/\/stilanddesign.se\/butiken\/"},{"@type":"ListItem","position":3,"name":"Volangkjol"}]},{"@type":"WebSite","@id":"https:\/\/stilanddesign.se\/#website","url":"https:\/\/stilanddesign.se\/","name":"Style &amp; Design","description":"For those of us who love fashion!","publisher":{"@id":"https:\/\/stilanddesign.se\/#organization"},"potentialAction":[{"@type":"SearchAction","target":{"@type":"EntryPoint","urlTemplate":"https:\/\/stilanddesign.se\/?s={search_term_string}"},"query-input":{"@type":"PropertyValueSpecification","valueRequired":true,"valueName":"search_term_string"}}],"inLanguage":"en-US"},{"@type":"Organization","@id":"https:\/\/stilanddesign.se\/#organization","name":"Style &amp; Design","url":"https:\/\/stilanddesign.se\/","logo":{"@type":"ImageObject","inLanguage":"en-US","@id":"https:\/\/stilanddesign.se\/#\/schema\/logo\/image\/","url":"https:\/\/stilanddesign.se\/wp-content\/uploads\/2023\/12\/output-onlinepngtools-e1727784413220.png","contentUrl":"https:\/\/stilanddesign.se\/wp-content\/uploads\/2023\/12\/output-onlinepngtools-e1727784413220.png","width":519,"height":135,"caption":"Stil &amp; Design"},"image":{"@id":"https:\/\/stilanddesign.se\/#\/schema\/logo\/image\/"}}]}},"_links":{"self":[{"href":"https:\/\/stilanddesign.se\/en\/wp-json\/wp\/v2\/product\/997394","targetHints":{"allow":["GET"]}}],"collection":[{"href":"https:\/\/stilanddesign.se\/en\/wp-json\/wp\/v2\/product"}],"about":[{"href":"https:\/\/stilanddesign.se\/en\/wp-json\/wp\/v2\/types\/product"}],"replies":[{"embeddable":true,"href":"https:\/\/stilanddesign.se\/en\/wp-json\/wp\/v2\/comments?post=997394"}],"wp:featuredmedia":[{"embeddable":true,"href":"https:\/\/stilanddesign.se\/en\/wp-json\/wp\/v2\/media\/997423"}],"wp:attachment":[{"href":"https:\/\/stilanddesign.se\/en\/wp-json\/wp\/v2\/media?parent=997394"}],"wp:term":[{"taxonomy":"product_brand","embeddable":true,"href":"https:\/\/stilanddesign.se\/en\/wp-json\/wp\/v2\/product_brand?post=997394"},{"taxonomy":"product_cat","embeddable":true,"href":"https:\/\/stilanddesign.se\/en\/wp-json\/wp\/v2\/product_cat?post=997394"},{"taxonomy":"product_tag","embeddable":true,"href":"https:\/\/stilanddesign.se\/en\/wp-json\/wp\/v2\/product_tag?post=997394"}],"curies":[{"name":"wp","href":"https:\/\/api.w.org\/{rel}","templated":true}]}}