{"id":997357,"date":"2024-11-08T10:38:01","date_gmt":"2024-11-08T09:38:01","guid":{"rendered":"https:\/\/stilanddesign.se\/?post_type=product&#038;p=997357"},"modified":"2024-11-08T18:46:56","modified_gmt":"2024-11-08T17:46:56","slug":"svart-jeanskjol","status":"publish","type":"product","link":"https:\/\/stilanddesign.se\/en\/product\/svart-jeanskjol\/","title":{"rendered":"Black denim skirt"},"content":{"rendered":"<p>Fin svart jeanskjol i mjukt stretchigt material<\/p>\n<p>Kjolen har linning fram i midjan med h\u00e4llor och res\u00e5r bak i midjan<\/p>\n<p>2 front pockets<\/p>\n<p>Har ett sprund framtill l\u00e4ngs ner som \u00e4r : 25 cm<\/p>\n<p>L\u00e4ngd fr\u00e5n midjan och ner \u00e4r: 74 cm<\/p>\n<p>Normal med stretch<\/p>\n<p>Material: 95% bomull 5% elastan<\/p>\n<p>Washing instructions: 30 degrees<\/p>","protected":false},"excerpt":{"rendered":"<p>Fin svart jeanskjol i mjukt stretchigt material<\/p>\n<p>Kjolen har linning fram i midjan med h\u00e4llor och res\u00e5r bak i midjan<\/p>\n<p>2 front pockets<\/p>\n<p>Har ett sprund framtill l\u00e4ngs ner som \u00e4r : 25 cm<\/p>\n<p>L\u00e4ngd fr\u00e5n midjan och ner \u00e4r: 74 cm<\/p>\n<p>Normal med stretch<\/p>\n<p>Material: 95% bomull 5% elastan<\/p>\n<p>Washing instructions: 30 degrees<\/p>","protected":false},"featured_media":997386,"comment_status":"closed","ping_status":"closed","template":"","meta":[],"product_brand":[],"product_cat":[221],"product_tag":[],"class_list":{"0":"post-997357","1":"product","2":"type-product","3":"status-publish","4":"has-post-thumbnail","6":"product_cat-kjolar","8":"first","9":"outofstock","10":"taxable","11":"shipping-taxable","12":"purchasable","13":"product-type-variable"},"yoast_head":"<!-- This site is optimized with the Yoast SEO Premium plugin v27.1 (Yoast SEO v27.4) - https:\/\/yoast.com\/product\/yoast-seo-premium-wordpress\/ -->\n<title>Svart jeanskjol - Stil &amp; Design<\/title>\n<meta name=\"description\" content=\"Mysig och stilren finstickad tr\u00f6ja!M\u00e5tt:S\/M\u2022 Armh\u00e5la till armh\u00e5la omkrets: ca 116 cm, kan stretchas till ca 186 cm.\u2022 L\u00e4ngd axel och ner: ca 60 cm.L\/XL\u2022 Armh\u00e5la till armh\u00e5la omkrets: ca 120 cm, kan stretchas till ca 188 cm.\u2022 L\u00e4ngd axel och ner: ca 60 cm.------------------------------------------------------------------------S\/M &amp; L\/XL, mer stor \u00e4n liten i storleken.SpecifikationerF\u00e4rg TaupeTv\u00e4ttr\u00e5d Handtv\u00e4ttStretchig JaMaterial 55% Polyamide, 45% ViskosStorlek S\/M &amp; L\/XL, mer stor \u00e4n liten i storleken\" \/>\n<meta name=\"robots\" content=\"index, follow, max-snippet:-1, max-image-preview:large, max-video-preview:-1\" \/>\n<link rel=\"canonical\" href=\"https:\/\/stilanddesign.se\/en\/product\/svart-jeanskjol\/\" \/>\n<meta property=\"og:locale\" content=\"en_US\" \/>\n<meta property=\"og:type\" content=\"article\" \/>\n<meta property=\"og:title\" content=\"Svart jeanskjol\" \/>\n<meta property=\"og:description\" content=\"Mysig och stilren finstickad tr\u00f6ja!M\u00e5tt:S\/M\u2022 Armh\u00e5la till armh\u00e5la omkrets: ca 116 cm, kan stretchas till ca 186 cm.\u2022 L\u00e4ngd axel och ner: ca 60 cm.L\/XL\u2022 Armh\u00e5la till armh\u00e5la omkrets: ca 120 cm, kan stretchas till ca 188 cm.\u2022 L\u00e4ngd axel och ner: ca 60 cm.------------------------------------------------------------------------S\/M &amp; L\/XL, mer stor \u00e4n liten i storleken.SpecifikationerF\u00e4rg TaupeTv\u00e4ttr\u00e5d Handtv\u00e4ttStretchig JaMaterial 55% Polyamide, 45% ViskosStorlek S\/M &amp; L\/XL, mer stor \u00e4n liten i storleken\" \/>\n<meta property=\"og:url\" content=\"https:\/\/stilanddesign.se\/en\/product\/svart-jeanskjol\/\" \/>\n<meta property=\"og:site_name\" content=\"Stil &amp; Design\" \/>\n<meta property=\"article:modified_time\" content=\"2024-11-08T17:46:56+00:00\" \/>\n<meta property=\"og:image\" content=\"https:\/\/stilanddesign.se\/wp-content\/uploads\/2024\/11\/770945321.jpg\" \/>\n\t<meta property=\"og:image:width\" content=\"480\" \/>\n\t<meta property=\"og:image:height\" content=\"640\" \/>\n\t<meta property=\"og:image:type\" content=\"image\/jpeg\" \/>\n<meta name=\"twitter:card\" content=\"summary_large_image\" \/>\n<meta name=\"twitter:label1\" content=\"Est. reading time\" \/>\n\t<meta name=\"twitter:data1\" content=\"1 minute\" \/>\n<script type=\"application\/ld+json\" class=\"yoast-schema-graph\">{\"@context\":\"https:\\\/\\\/schema.org\",\"@graph\":[{\"@type\":\"WebPage\",\"@id\":\"https:\\\/\\\/stilanddesign.se\\\/produkt\\\/svart-jeanskjol\\\/\",\"url\":\"https:\\\/\\\/stilanddesign.se\\\/produkt\\\/svart-jeanskjol\\\/\",\"name\":\"Svart jeanskjol - Stil &amp; Design\",\"isPartOf\":{\"@id\":\"https:\\\/\\\/stilanddesign.se\\\/#website\"},\"primaryImageOfPage\":{\"@id\":\"https:\\\/\\\/stilanddesign.se\\\/produkt\\\/svart-jeanskjol\\\/#primaryimage\"},\"image\":{\"@id\":\"https:\\\/\\\/stilanddesign.se\\\/produkt\\\/svart-jeanskjol\\\/#primaryimage\"},\"thumbnailUrl\":\"https:\\\/\\\/stilanddesign.se\\\/wp-content\\\/uploads\\\/2024\\\/11\\\/770945321.jpg\",\"datePublished\":\"2024-11-08T09:38:01+00:00\",\"dateModified\":\"2024-11-08T17:46:56+00:00\",\"description\":\"Mysig och stilren finstickad tr\u00f6ja!M\u00e5tt:S\\\/M\u2022 Armh\u00e5la till armh\u00e5la omkrets: ca 116 cm, kan stretchas till ca 186 cm.\u2022 L\u00e4ngd axel och ner: ca 60 cm.L\\\/XL\u2022 Armh\u00e5la till armh\u00e5la omkrets: ca 120 cm, kan stretchas till ca 188 cm.\u2022 L\u00e4ngd axel och ner: ca 60 cm.------------------------------------------------------------------------S\\\/M &amp; L\\\/XL, mer stor \u00e4n liten i storleken.SpecifikationerF\u00e4rg TaupeTv\u00e4ttr\u00e5d Handtv\u00e4ttStretchig JaMaterial 55% Polyamide, 45% ViskosStorlek S\\\/M &amp; L\\\/XL, mer stor \u00e4n liten i storleken\",\"breadcrumb\":{\"@id\":\"https:\\\/\\\/stilanddesign.se\\\/produkt\\\/svart-jeanskjol\\\/#breadcrumb\"},\"inLanguage\":\"en-US\",\"potentialAction\":[{\"@type\":\"ReadAction\",\"target\":[\"https:\\\/\\\/stilanddesign.se\\\/produkt\\\/svart-jeanskjol\\\/\"]}]},{\"@type\":\"ImageObject\",\"inLanguage\":\"en-US\",\"@id\":\"https:\\\/\\\/stilanddesign.se\\\/produkt\\\/svart-jeanskjol\\\/#primaryimage\",\"url\":\"https:\\\/\\\/stilanddesign.se\\\/wp-content\\\/uploads\\\/2024\\\/11\\\/770945321.jpg\",\"contentUrl\":\"https:\\\/\\\/stilanddesign.se\\\/wp-content\\\/uploads\\\/2024\\\/11\\\/770945321.jpg\",\"width\":480,\"height\":640},{\"@type\":\"BreadcrumbList\",\"@id\":\"https:\\\/\\\/stilanddesign.se\\\/produkt\\\/svart-jeanskjol\\\/#breadcrumb\",\"itemListElement\":[{\"@type\":\"ListItem\",\"position\":1,\"name\":\"Hem\",\"item\":\"https:\\\/\\\/stilanddesign.se\\\/\"},{\"@type\":\"ListItem\",\"position\":2,\"name\":\"Butiken\",\"item\":\"https:\\\/\\\/stilanddesign.se\\\/butiken\\\/\"},{\"@type\":\"ListItem\",\"position\":3,\"name\":\"Svart jeanskjol\"}]},{\"@type\":\"WebSite\",\"@id\":\"https:\\\/\\\/stilanddesign.se\\\/#website\",\"url\":\"https:\\\/\\\/stilanddesign.se\\\/\",\"name\":\"Stil &amp; Design\",\"description\":\"F\u00f6r oss som \u00e4lskar mode!\",\"publisher\":{\"@id\":\"https:\\\/\\\/stilanddesign.se\\\/#organization\"},\"potentialAction\":[{\"@type\":\"SearchAction\",\"target\":{\"@type\":\"EntryPoint\",\"urlTemplate\":\"https:\\\/\\\/stilanddesign.se\\\/?s={search_term_string}\"},\"query-input\":{\"@type\":\"PropertyValueSpecification\",\"valueRequired\":true,\"valueName\":\"search_term_string\"}}],\"inLanguage\":\"en-US\"},{\"@type\":\"Organization\",\"@id\":\"https:\\\/\\\/stilanddesign.se\\\/#organization\",\"name\":\"Stil &amp; Design\",\"url\":\"https:\\\/\\\/stilanddesign.se\\\/\",\"logo\":{\"@type\":\"ImageObject\",\"inLanguage\":\"en-US\",\"@id\":\"https:\\\/\\\/stilanddesign.se\\\/#\\\/schema\\\/logo\\\/image\\\/\",\"url\":\"https:\\\/\\\/stilanddesign.se\\\/wp-content\\\/uploads\\\/2023\\\/12\\\/output-onlinepngtools-e1727784413220.png\",\"contentUrl\":\"https:\\\/\\\/stilanddesign.se\\\/wp-content\\\/uploads\\\/2023\\\/12\\\/output-onlinepngtools-e1727784413220.png\",\"width\":519,\"height\":135,\"caption\":\"Stil &amp; Design\"},\"image\":{\"@id\":\"https:\\\/\\\/stilanddesign.se\\\/#\\\/schema\\\/logo\\\/image\\\/\"}}]}<\/script>\n<!-- \/ Yoast SEO Premium plugin. -->","yoast_head_json":{"title":"Svart jeanskjol - Stil &amp; Design","description":"Mysig och stilren finstickad tr\u00f6ja!M\u00e5tt:S\/M\u2022 Armh\u00e5la till armh\u00e5la omkrets: ca 116 cm, kan stretchas till ca 186 cm.\u2022 L\u00e4ngd axel och ner: ca 60 cm.L\/XL\u2022 Armh\u00e5la till armh\u00e5la omkrets: ca 120 cm, kan stretchas till ca 188 cm.\u2022 L\u00e4ngd axel och ner: ca 60 cm.------------------------------------------------------------------------S\/M &amp; L\/XL, mer stor \u00e4n liten i storleken.SpecifikationerF\u00e4rg TaupeTv\u00e4ttr\u00e5d Handtv\u00e4ttStretchig JaMaterial 55% Polyamide, 45% ViskosStorlek S\/M &amp; L\/XL, mer stor \u00e4n liten i storleken","robots":{"index":"index","follow":"follow","max-snippet":"max-snippet:-1","max-image-preview":"max-image-preview:large","max-video-preview":"max-video-preview:-1"},"canonical":"https:\/\/stilanddesign.se\/en\/product\/svart-jeanskjol\/","og_locale":"en_US","og_type":"article","og_title":"Svart jeanskjol","og_description":"Mysig och stilren finstickad tr\u00f6ja!M\u00e5tt:S\/M\u2022 Armh\u00e5la till armh\u00e5la omkrets: ca 116 cm, kan stretchas till ca 186 cm.\u2022 L\u00e4ngd axel och ner: ca 60 cm.L\/XL\u2022 Armh\u00e5la till armh\u00e5la omkrets: ca 120 cm, kan stretchas till ca 188 cm.\u2022 L\u00e4ngd axel och ner: ca 60 cm.------------------------------------------------------------------------S\/M &amp; L\/XL, mer stor \u00e4n liten i storleken.SpecifikationerF\u00e4rg TaupeTv\u00e4ttr\u00e5d Handtv\u00e4ttStretchig JaMaterial 55% Polyamide, 45% ViskosStorlek S\/M &amp; L\/XL, mer stor \u00e4n liten i storleken","og_url":"https:\/\/stilanddesign.se\/en\/product\/svart-jeanskjol\/","og_site_name":"Stil &amp; Design","article_modified_time":"2024-11-08T17:46:56+00:00","og_image":[{"width":480,"height":640,"url":"https:\/\/stilanddesign.se\/wp-content\/uploads\/2024\/11\/770945321.jpg","type":"image\/jpeg"}],"twitter_card":"summary_large_image","twitter_misc":{"Est. reading time":"1 minute"},"schema":{"@context":"https:\/\/schema.org","@graph":[{"@type":"WebPage","@id":"https:\/\/stilanddesign.se\/produkt\/svart-jeanskjol\/","url":"https:\/\/stilanddesign.se\/produkt\/svart-jeanskjol\/","name":"Svart jeanskjol - Stil &amp; Design","isPartOf":{"@id":"https:\/\/stilanddesign.se\/#website"},"primaryImageOfPage":{"@id":"https:\/\/stilanddesign.se\/produkt\/svart-jeanskjol\/#primaryimage"},"image":{"@id":"https:\/\/stilanddesign.se\/produkt\/svart-jeanskjol\/#primaryimage"},"thumbnailUrl":"https:\/\/stilanddesign.se\/wp-content\/uploads\/2024\/11\/770945321.jpg","datePublished":"2024-11-08T09:38:01+00:00","dateModified":"2024-11-08T17:46:56+00:00","description":"Mysig och stilren finstickad tr\u00f6ja!M\u00e5tt:S\/M\u2022 Armh\u00e5la till armh\u00e5la omkrets: ca 116 cm, kan stretchas till ca 186 cm.\u2022 L\u00e4ngd axel och ner: ca 60 cm.L\/XL\u2022 Armh\u00e5la till armh\u00e5la omkrets: ca 120 cm, kan stretchas till ca 188 cm.\u2022 L\u00e4ngd axel och ner: ca 60 cm.------------------------------------------------------------------------S\/M &amp; L\/XL, mer stor \u00e4n liten i storleken.SpecifikationerF\u00e4rg TaupeTv\u00e4ttr\u00e5d Handtv\u00e4ttStretchig JaMaterial 55% Polyamide, 45% ViskosStorlek S\/M &amp; L\/XL, mer stor \u00e4n liten i storleken","breadcrumb":{"@id":"https:\/\/stilanddesign.se\/produkt\/svart-jeanskjol\/#breadcrumb"},"inLanguage":"en-US","potentialAction":[{"@type":"ReadAction","target":["https:\/\/stilanddesign.se\/produkt\/svart-jeanskjol\/"]}]},{"@type":"ImageObject","inLanguage":"en-US","@id":"https:\/\/stilanddesign.se\/produkt\/svart-jeanskjol\/#primaryimage","url":"https:\/\/stilanddesign.se\/wp-content\/uploads\/2024\/11\/770945321.jpg","contentUrl":"https:\/\/stilanddesign.se\/wp-content\/uploads\/2024\/11\/770945321.jpg","width":480,"height":640},{"@type":"BreadcrumbList","@id":"https:\/\/stilanddesign.se\/produkt\/svart-jeanskjol\/#breadcrumb","itemListElement":[{"@type":"ListItem","position":1,"name":"Hem","item":"https:\/\/stilanddesign.se\/"},{"@type":"ListItem","position":2,"name":"Butiken","item":"https:\/\/stilanddesign.se\/butiken\/"},{"@type":"ListItem","position":3,"name":"Svart jeanskjol"}]},{"@type":"WebSite","@id":"https:\/\/stilanddesign.se\/#website","url":"https:\/\/stilanddesign.se\/","name":"Style &amp; Design","description":"For those of us who love fashion!","publisher":{"@id":"https:\/\/stilanddesign.se\/#organization"},"potentialAction":[{"@type":"SearchAction","target":{"@type":"EntryPoint","urlTemplate":"https:\/\/stilanddesign.se\/?s={search_term_string}"},"query-input":{"@type":"PropertyValueSpecification","valueRequired":true,"valueName":"search_term_string"}}],"inLanguage":"en-US"},{"@type":"Organization","@id":"https:\/\/stilanddesign.se\/#organization","name":"Style &amp; Design","url":"https:\/\/stilanddesign.se\/","logo":{"@type":"ImageObject","inLanguage":"en-US","@id":"https:\/\/stilanddesign.se\/#\/schema\/logo\/image\/","url":"https:\/\/stilanddesign.se\/wp-content\/uploads\/2023\/12\/output-onlinepngtools-e1727784413220.png","contentUrl":"https:\/\/stilanddesign.se\/wp-content\/uploads\/2023\/12\/output-onlinepngtools-e1727784413220.png","width":519,"height":135,"caption":"Stil &amp; Design"},"image":{"@id":"https:\/\/stilanddesign.se\/#\/schema\/logo\/image\/"}}]}},"_links":{"self":[{"href":"https:\/\/stilanddesign.se\/en\/wp-json\/wp\/v2\/product\/997357","targetHints":{"allow":["GET"]}}],"collection":[{"href":"https:\/\/stilanddesign.se\/en\/wp-json\/wp\/v2\/product"}],"about":[{"href":"https:\/\/stilanddesign.se\/en\/wp-json\/wp\/v2\/types\/product"}],"replies":[{"embeddable":true,"href":"https:\/\/stilanddesign.se\/en\/wp-json\/wp\/v2\/comments?post=997357"}],"wp:featuredmedia":[{"embeddable":true,"href":"https:\/\/stilanddesign.se\/en\/wp-json\/wp\/v2\/media\/997386"}],"wp:attachment":[{"href":"https:\/\/stilanddesign.se\/en\/wp-json\/wp\/v2\/media?parent=997357"}],"wp:term":[{"taxonomy":"product_brand","embeddable":true,"href":"https:\/\/stilanddesign.se\/en\/wp-json\/wp\/v2\/product_brand?post=997357"},{"taxonomy":"product_cat","embeddable":true,"href":"https:\/\/stilanddesign.se\/en\/wp-json\/wp\/v2\/product_cat?post=997357"},{"taxonomy":"product_tag","embeddable":true,"href":"https:\/\/stilanddesign.se\/en\/wp-json\/wp\/v2\/product_tag?post=997357"}],"curies":[{"name":"wp","href":"https:\/\/api.w.org\/{rel}","templated":true}]}}