{"id":997345,"date":"2024-11-08T10:38:00","date_gmt":"2024-11-08T09:38:00","guid":{"rendered":"https:\/\/stilanddesign.se\/?post_type=product&#038;p=997345"},"modified":"2024-11-08T18:19:54","modified_gmt":"2024-11-08T17:19:54","slug":"beige-ribbstickad-troja","status":"publish","type":"product","link":"https:\/\/stilanddesign.se\/en\/product\/beige-ribbstickad-troja\/","title":{"rendered":"Beige ribbed sweater"},"content":{"rendered":"<p>Cozy and stylish fine knitted sweater!<\/p>\n<p><strong style=\"font-size: 14.4px;\">Measure:<\/strong><\/p>\n<p><strong>S\/M<\/strong><\/p>\n<p>\u2022 Armh\u00e5la till armh\u00e5la omkrets: ca 116 cm, kan stretchas till ca 186 cm.<\/p>\n<p>\u2022 L\u00e4ngd axel och ner: ca 60 cm.<\/p>\n<p><strong>L\/XL<\/strong><\/p>\n<p>\u2022 Armh\u00e5la till armh\u00e5la omkrets: ca 120 cm, kan stretchas till ca 188 cm.<\/p>\n<p>\u2022 L\u00e4ngd axel och ner: ca 60 cm.<\/p>\n<p>&#8212;&#8212;&#8212;&#8212;&#8212;&#8212;&#8212;&#8212;&#8212;&#8212;&#8212;&#8212;&#8212;&#8212;&#8212;&#8212;&#8212;&#8212;&#8212;&#8212;&#8212;&#8212;&#8212;&#8212;<\/p>\n<p>S\/M &amp; L\/XL, more large than small in size.<\/p>\n<h2 class=\"s1s3479f\">Specifications<\/h2>\n<div class=\"rah-static rah-static--height-auto\" aria-hidden=\"false\">\n<div>\n<table class=\"t1054qxn\">\n<tbody>\n<tr>\n<th>Paint<\/th>\n<td>Beige<\/td>\n<\/tr>\n<tr>\n<th>Washing instructions<\/th>\n<td>Handwash<\/td>\n<\/tr>\n<tr>\n<th>Stretchy<\/th>\n<td>\n<div>Yes<\/div>\n<\/td>\n<\/tr>\n<tr>\n<th>Material<\/th>\n<td>55% Polyamide, 45% Viscose<\/td>\n<\/tr>\n<tr>\n<th>Size<\/th>\n<td>S\/M &amp; L\/XL, more large than small in size<\/td>\n<\/tr>\n<\/tbody>\n<\/table>\n<\/div>\n<\/div>","protected":false},"excerpt":{"rendered":"<h2>Mysig och stilren finstickad tr\u00f6ja!<\/h2>\n<p><strong>Measure:<\/strong><\/p>\n<p><strong>S\/M<\/strong><\/p>\n<p>\u2022 Armh\u00e5la till armh\u00e5la omkrets: ca 116 cm, kan stretchas till ca 186 cm.<\/p>\n<p>\u2022 L\u00e4ngd axel och ner: ca 60 cm.<\/p>\n<p><strong>L\/XL<\/strong><\/p>\n<p>\u2022 Armh\u00e5la till armh\u00e5la omkrets: ca 120 cm, kan stretchas till ca 188 cm.<\/p>\n<p>\u2022 L\u00e4ngd axel och ner: ca 60 cm.<\/p>\n<p>&#8212;&#8212;&#8212;&#8212;&#8212;&#8212;&#8212;&#8212;&#8212;&#8212;&#8212;&#8212;&#8212;&#8212;&#8212;&#8212;&#8212;&#8212;&#8212;&#8212;&#8212;&#8212;&#8212;&#8212;<\/p>\n<p>S\/M &amp; L\/XL, more large than small in size.<\/p>\n<h2 class=\"s1s3479f\">Specifications<\/h2>\n<div class=\"rah-static rah-static--height-auto\" aria-hidden=\"false\">\n<div>\n<table class=\"t1054qxn\">\n<tbody>\n<tr>\n<th>Paint<\/th>\n<td>Beige<\/td>\n<\/tr>\n<tr>\n<th>Washing instructions<\/th>\n<td>Handwash<\/td>\n<\/tr>\n<tr>\n<th>Stretchy<\/th>\n<td>\n<div>Yes<\/div>\n<\/td>\n<\/tr>\n<tr>\n<th>Material<\/th>\n<td>55% Polyamide, 45% Viscose<\/td>\n<\/tr>\n<tr>\n<th>Size<\/th>\n<td>S\/M &amp; L\/XL, more large than small in size<\/td>\n<\/tr>\n<\/tbody>\n<\/table>\n<\/div>\n<\/div>","protected":false},"featured_media":997373,"comment_status":"closed","ping_status":"closed","template":"","meta":[],"product_brand":[],"product_cat":[223],"product_tag":[],"class_list":{"0":"post-997345","1":"product","2":"type-product","3":"status-publish","4":"has-post-thumbnail","6":"product_cat-stickade-trojor","8":"first","9":"outofstock","10":"taxable","11":"shipping-taxable","12":"purchasable","13":"product-type-variable"},"yoast_head":"<!-- This site is optimized with the Yoast SEO Premium plugin v27.4 (Yoast SEO v27.5) - https:\/\/yoast.com\/product\/yoast-seo-premium-wordpress\/ -->\n<title>Beige ribbstickad tr\u00f6ja - Stil &amp; Design<\/title>\n<meta name=\"description\" content=\"Mysig och stilren finstickad tr\u00f6ja!M\u00e5tt:S\/M\u2022 Armh\u00e5la till armh\u00e5la omkrets: ca 116 cm, kan stretchas till ca 186 cm.\u2022 L\u00e4ngd axel och ner: ca 60 cm.L\/XL\u2022 Armh\u00e5la till armh\u00e5la omkrets: ca 120 cm, kan stretchas till ca 188 cm.\u2022 L\u00e4ngd axel och ner: ca 60 cm.------------------------------------------------------------------------S\/M &amp; L\/XL, mer stor \u00e4n liten i storleken.SpecifikationerF\u00e4rg TaupeTv\u00e4ttr\u00e5d Handtv\u00e4ttStretchig JaMaterial 55% Polyamide, 45% ViskosStorlek S\/M &amp; L\/XL, mer stor \u00e4n liten i storleken\" \/>\n<meta name=\"robots\" content=\"index, follow, max-snippet:-1, max-image-preview:large, max-video-preview:-1\" \/>\n<link rel=\"canonical\" href=\"https:\/\/stilanddesign.se\/en\/product\/beige-ribbstickad-troja\/\" \/>\n<meta property=\"og:locale\" content=\"en_US\" \/>\n<meta property=\"og:type\" content=\"article\" \/>\n<meta property=\"og:title\" content=\"Beige ribbstickad tr\u00f6ja\" \/>\n<meta property=\"og:description\" content=\"Mysig och stilren finstickad tr\u00f6ja!M\u00e5tt:S\/M\u2022 Armh\u00e5la till armh\u00e5la omkrets: ca 116 cm, kan stretchas till ca 186 cm.\u2022 L\u00e4ngd axel och ner: ca 60 cm.L\/XL\u2022 Armh\u00e5la till armh\u00e5la omkrets: ca 120 cm, kan stretchas till ca 188 cm.\u2022 L\u00e4ngd axel och ner: ca 60 cm.------------------------------------------------------------------------S\/M &amp; L\/XL, mer stor \u00e4n liten i storleken.SpecifikationerF\u00e4rg TaupeTv\u00e4ttr\u00e5d Handtv\u00e4ttStretchig JaMaterial 55% Polyamide, 45% ViskosStorlek S\/M &amp; L\/XL, mer stor \u00e4n liten i storleken\" \/>\n<meta property=\"og:url\" content=\"https:\/\/stilanddesign.se\/en\/product\/beige-ribbstickad-troja\/\" \/>\n<meta property=\"og:site_name\" content=\"Stil &amp; Design\" \/>\n<meta property=\"article:modified_time\" content=\"2024-11-08T17:19:54+00:00\" \/>\n<meta property=\"og:image\" content=\"https:\/\/stilanddesign.se\/wp-content\/uploads\/2024\/11\/4433227.jpg\" \/>\n\t<meta property=\"og:image:width\" content=\"401\" \/>\n\t<meta property=\"og:image:height\" content=\"640\" \/>\n\t<meta property=\"og:image:type\" content=\"image\/jpeg\" \/>\n<meta name=\"twitter:card\" content=\"summary_large_image\" \/>\n<meta name=\"twitter:label1\" content=\"Est. reading time\" \/>\n\t<meta name=\"twitter:data1\" content=\"1 minute\" \/>\n<script type=\"application\/ld+json\" class=\"yoast-schema-graph\">{\"@context\":\"https:\\\/\\\/schema.org\",\"@graph\":[{\"@type\":\"WebPage\",\"@id\":\"https:\\\/\\\/stilanddesign.se\\\/produkt\\\/beige-ribbstickad-troja\\\/\",\"url\":\"https:\\\/\\\/stilanddesign.se\\\/produkt\\\/beige-ribbstickad-troja\\\/\",\"name\":\"Beige ribbstickad tr\u00f6ja - Stil &amp; Design\",\"isPartOf\":{\"@id\":\"https:\\\/\\\/stilanddesign.se\\\/#website\"},\"primaryImageOfPage\":{\"@id\":\"https:\\\/\\\/stilanddesign.se\\\/produkt\\\/beige-ribbstickad-troja\\\/#primaryimage\"},\"image\":{\"@id\":\"https:\\\/\\\/stilanddesign.se\\\/produkt\\\/beige-ribbstickad-troja\\\/#primaryimage\"},\"thumbnailUrl\":\"https:\\\/\\\/stilanddesign.se\\\/wp-content\\\/uploads\\\/2024\\\/11\\\/4433227.jpg\",\"datePublished\":\"2024-11-08T09:38:00+00:00\",\"dateModified\":\"2024-11-08T17:19:54+00:00\",\"description\":\"Mysig och stilren finstickad tr\u00f6ja!M\u00e5tt:S\\\/M\u2022 Armh\u00e5la till armh\u00e5la omkrets: ca 116 cm, kan stretchas till ca 186 cm.\u2022 L\u00e4ngd axel och ner: ca 60 cm.L\\\/XL\u2022 Armh\u00e5la till armh\u00e5la omkrets: ca 120 cm, kan stretchas till ca 188 cm.\u2022 L\u00e4ngd axel och ner: ca 60 cm.------------------------------------------------------------------------S\\\/M &amp; L\\\/XL, mer stor \u00e4n liten i storleken.SpecifikationerF\u00e4rg TaupeTv\u00e4ttr\u00e5d Handtv\u00e4ttStretchig JaMaterial 55% Polyamide, 45% ViskosStorlek S\\\/M &amp; L\\\/XL, mer stor \u00e4n liten i storleken\",\"breadcrumb\":{\"@id\":\"https:\\\/\\\/stilanddesign.se\\\/produkt\\\/beige-ribbstickad-troja\\\/#breadcrumb\"},\"inLanguage\":\"en-US\",\"potentialAction\":[{\"@type\":\"ReadAction\",\"target\":[\"https:\\\/\\\/stilanddesign.se\\\/produkt\\\/beige-ribbstickad-troja\\\/\"]}]},{\"@type\":\"ImageObject\",\"inLanguage\":\"en-US\",\"@id\":\"https:\\\/\\\/stilanddesign.se\\\/produkt\\\/beige-ribbstickad-troja\\\/#primaryimage\",\"url\":\"https:\\\/\\\/stilanddesign.se\\\/wp-content\\\/uploads\\\/2024\\\/11\\\/4433227.jpg\",\"contentUrl\":\"https:\\\/\\\/stilanddesign.se\\\/wp-content\\\/uploads\\\/2024\\\/11\\\/4433227.jpg\",\"width\":401,\"height\":640},{\"@type\":\"BreadcrumbList\",\"@id\":\"https:\\\/\\\/stilanddesign.se\\\/produkt\\\/beige-ribbstickad-troja\\\/#breadcrumb\",\"itemListElement\":[{\"@type\":\"ListItem\",\"position\":1,\"name\":\"Hem\",\"item\":\"https:\\\/\\\/stilanddesign.se\\\/\"},{\"@type\":\"ListItem\",\"position\":2,\"name\":\"Butiken\",\"item\":\"https:\\\/\\\/stilanddesign.se\\\/butiken\\\/\"},{\"@type\":\"ListItem\",\"position\":3,\"name\":\"Beige ribbstickad tr\u00f6ja\"}]},{\"@type\":\"WebSite\",\"@id\":\"https:\\\/\\\/stilanddesign.se\\\/#website\",\"url\":\"https:\\\/\\\/stilanddesign.se\\\/\",\"name\":\"Stil &amp; Design\",\"description\":\"F\u00f6r oss som \u00e4lskar mode!\",\"publisher\":{\"@id\":\"https:\\\/\\\/stilanddesign.se\\\/#organization\"},\"potentialAction\":[{\"@type\":\"SearchAction\",\"target\":{\"@type\":\"EntryPoint\",\"urlTemplate\":\"https:\\\/\\\/stilanddesign.se\\\/?s={search_term_string}\"},\"query-input\":{\"@type\":\"PropertyValueSpecification\",\"valueRequired\":true,\"valueName\":\"search_term_string\"}}],\"inLanguage\":\"en-US\"},{\"@type\":\"Organization\",\"@id\":\"https:\\\/\\\/stilanddesign.se\\\/#organization\",\"name\":\"Stil &amp; Design\",\"url\":\"https:\\\/\\\/stilanddesign.se\\\/\",\"logo\":{\"@type\":\"ImageObject\",\"inLanguage\":\"en-US\",\"@id\":\"https:\\\/\\\/stilanddesign.se\\\/#\\\/schema\\\/logo\\\/image\\\/\",\"url\":\"https:\\\/\\\/stilanddesign.se\\\/wp-content\\\/uploads\\\/2023\\\/12\\\/output-onlinepngtools-e1727784413220.png\",\"contentUrl\":\"https:\\\/\\\/stilanddesign.se\\\/wp-content\\\/uploads\\\/2023\\\/12\\\/output-onlinepngtools-e1727784413220.png\",\"width\":519,\"height\":135,\"caption\":\"Stil &amp; Design\"},\"image\":{\"@id\":\"https:\\\/\\\/stilanddesign.se\\\/#\\\/schema\\\/logo\\\/image\\\/\"}}]}<\/script>\n<!-- \/ Yoast SEO Premium plugin. -->","yoast_head_json":{"title":"Beige ribbstickad tr\u00f6ja - Stil &amp; Design","description":"Mysig och stilren finstickad tr\u00f6ja!M\u00e5tt:S\/M\u2022 Armh\u00e5la till armh\u00e5la omkrets: ca 116 cm, kan stretchas till ca 186 cm.\u2022 L\u00e4ngd axel och ner: ca 60 cm.L\/XL\u2022 Armh\u00e5la till armh\u00e5la omkrets: ca 120 cm, kan stretchas till ca 188 cm.\u2022 L\u00e4ngd axel och ner: ca 60 cm.------------------------------------------------------------------------S\/M &amp; L\/XL, mer stor \u00e4n liten i storleken.SpecifikationerF\u00e4rg TaupeTv\u00e4ttr\u00e5d Handtv\u00e4ttStretchig JaMaterial 55% Polyamide, 45% ViskosStorlek S\/M &amp; L\/XL, mer stor \u00e4n liten i storleken","robots":{"index":"index","follow":"follow","max-snippet":"max-snippet:-1","max-image-preview":"max-image-preview:large","max-video-preview":"max-video-preview:-1"},"canonical":"https:\/\/stilanddesign.se\/en\/product\/beige-ribbstickad-troja\/","og_locale":"en_US","og_type":"article","og_title":"Beige ribbstickad tr\u00f6ja","og_description":"Mysig och stilren finstickad tr\u00f6ja!M\u00e5tt:S\/M\u2022 Armh\u00e5la till armh\u00e5la omkrets: ca 116 cm, kan stretchas till ca 186 cm.\u2022 L\u00e4ngd axel och ner: ca 60 cm.L\/XL\u2022 Armh\u00e5la till armh\u00e5la omkrets: ca 120 cm, kan stretchas till ca 188 cm.\u2022 L\u00e4ngd axel och ner: ca 60 cm.------------------------------------------------------------------------S\/M &amp; L\/XL, mer stor \u00e4n liten i storleken.SpecifikationerF\u00e4rg TaupeTv\u00e4ttr\u00e5d Handtv\u00e4ttStretchig JaMaterial 55% Polyamide, 45% ViskosStorlek S\/M &amp; L\/XL, mer stor \u00e4n liten i storleken","og_url":"https:\/\/stilanddesign.se\/en\/product\/beige-ribbstickad-troja\/","og_site_name":"Stil &amp; Design","article_modified_time":"2024-11-08T17:19:54+00:00","og_image":[{"width":401,"height":640,"url":"https:\/\/stilanddesign.se\/wp-content\/uploads\/2024\/11\/4433227.jpg","type":"image\/jpeg"}],"twitter_card":"summary_large_image","twitter_misc":{"Est. reading time":"1 minute"},"schema":{"@context":"https:\/\/schema.org","@graph":[{"@type":"WebPage","@id":"https:\/\/stilanddesign.se\/produkt\/beige-ribbstickad-troja\/","url":"https:\/\/stilanddesign.se\/produkt\/beige-ribbstickad-troja\/","name":"Beige ribbstickad tr\u00f6ja - Stil &amp; Design","isPartOf":{"@id":"https:\/\/stilanddesign.se\/#website"},"primaryImageOfPage":{"@id":"https:\/\/stilanddesign.se\/produkt\/beige-ribbstickad-troja\/#primaryimage"},"image":{"@id":"https:\/\/stilanddesign.se\/produkt\/beige-ribbstickad-troja\/#primaryimage"},"thumbnailUrl":"https:\/\/stilanddesign.se\/wp-content\/uploads\/2024\/11\/4433227.jpg","datePublished":"2024-11-08T09:38:00+00:00","dateModified":"2024-11-08T17:19:54+00:00","description":"Mysig och stilren finstickad tr\u00f6ja!M\u00e5tt:S\/M\u2022 Armh\u00e5la till armh\u00e5la omkrets: ca 116 cm, kan stretchas till ca 186 cm.\u2022 L\u00e4ngd axel och ner: ca 60 cm.L\/XL\u2022 Armh\u00e5la till armh\u00e5la omkrets: ca 120 cm, kan stretchas till ca 188 cm.\u2022 L\u00e4ngd axel och ner: ca 60 cm.------------------------------------------------------------------------S\/M &amp; L\/XL, mer stor \u00e4n liten i storleken.SpecifikationerF\u00e4rg TaupeTv\u00e4ttr\u00e5d Handtv\u00e4ttStretchig JaMaterial 55% Polyamide, 45% ViskosStorlek S\/M &amp; L\/XL, mer stor \u00e4n liten i storleken","breadcrumb":{"@id":"https:\/\/stilanddesign.se\/produkt\/beige-ribbstickad-troja\/#breadcrumb"},"inLanguage":"en-US","potentialAction":[{"@type":"ReadAction","target":["https:\/\/stilanddesign.se\/produkt\/beige-ribbstickad-troja\/"]}]},{"@type":"ImageObject","inLanguage":"en-US","@id":"https:\/\/stilanddesign.se\/produkt\/beige-ribbstickad-troja\/#primaryimage","url":"https:\/\/stilanddesign.se\/wp-content\/uploads\/2024\/11\/4433227.jpg","contentUrl":"https:\/\/stilanddesign.se\/wp-content\/uploads\/2024\/11\/4433227.jpg","width":401,"height":640},{"@type":"BreadcrumbList","@id":"https:\/\/stilanddesign.se\/produkt\/beige-ribbstickad-troja\/#breadcrumb","itemListElement":[{"@type":"ListItem","position":1,"name":"Hem","item":"https:\/\/stilanddesign.se\/"},{"@type":"ListItem","position":2,"name":"Butiken","item":"https:\/\/stilanddesign.se\/butiken\/"},{"@type":"ListItem","position":3,"name":"Beige ribbstickad tr\u00f6ja"}]},{"@type":"WebSite","@id":"https:\/\/stilanddesign.se\/#website","url":"https:\/\/stilanddesign.se\/","name":"Style &amp; Design","description":"For those of us who love fashion!","publisher":{"@id":"https:\/\/stilanddesign.se\/#organization"},"potentialAction":[{"@type":"SearchAction","target":{"@type":"EntryPoint","urlTemplate":"https:\/\/stilanddesign.se\/?s={search_term_string}"},"query-input":{"@type":"PropertyValueSpecification","valueRequired":true,"valueName":"search_term_string"}}],"inLanguage":"en-US"},{"@type":"Organization","@id":"https:\/\/stilanddesign.se\/#organization","name":"Style &amp; Design","url":"https:\/\/stilanddesign.se\/","logo":{"@type":"ImageObject","inLanguage":"en-US","@id":"https:\/\/stilanddesign.se\/#\/schema\/logo\/image\/","url":"https:\/\/stilanddesign.se\/wp-content\/uploads\/2023\/12\/output-onlinepngtools-e1727784413220.png","contentUrl":"https:\/\/stilanddesign.se\/wp-content\/uploads\/2023\/12\/output-onlinepngtools-e1727784413220.png","width":519,"height":135,"caption":"Stil &amp; Design"},"image":{"@id":"https:\/\/stilanddesign.se\/#\/schema\/logo\/image\/"}}]}},"_links":{"self":[{"href":"https:\/\/stilanddesign.se\/en\/wp-json\/wp\/v2\/product\/997345","targetHints":{"allow":["GET"]}}],"collection":[{"href":"https:\/\/stilanddesign.se\/en\/wp-json\/wp\/v2\/product"}],"about":[{"href":"https:\/\/stilanddesign.se\/en\/wp-json\/wp\/v2\/types\/product"}],"replies":[{"embeddable":true,"href":"https:\/\/stilanddesign.se\/en\/wp-json\/wp\/v2\/comments?post=997345"}],"wp:featuredmedia":[{"embeddable":true,"href":"https:\/\/stilanddesign.se\/en\/wp-json\/wp\/v2\/media\/997373"}],"wp:attachment":[{"href":"https:\/\/stilanddesign.se\/en\/wp-json\/wp\/v2\/media?parent=997345"}],"wp:term":[{"taxonomy":"product_brand","embeddable":true,"href":"https:\/\/stilanddesign.se\/en\/wp-json\/wp\/v2\/product_brand?post=997345"},{"taxonomy":"product_cat","embeddable":true,"href":"https:\/\/stilanddesign.se\/en\/wp-json\/wp\/v2\/product_cat?post=997345"},{"taxonomy":"product_tag","embeddable":true,"href":"https:\/\/stilanddesign.se\/en\/wp-json\/wp\/v2\/product_tag?post=997345"}],"curies":[{"name":"wp","href":"https:\/\/api.w.org\/{rel}","templated":true}]}}