{"id":997307,"date":"2026-01-08T13:32:42","date_gmt":"2026-01-08T12:32:42","guid":{"rendered":"https:\/\/stilanddesign.se\/?post_type=product&#038;p=997307"},"modified":"2026-02-06T17:22:48","modified_gmt":"2026-02-06T16:22:48","slug":"svarta-vaxade-jeans-med-fracka-knappar","status":"publish","type":"product","link":"https:\/\/stilanddesign.se\/en\/product\/svarta-vaxade-jeans-med-fracka-knappar\/","title":{"rendered":"Black waxed jeans with cheeky buttons"},"content":{"rendered":"<p data-start=\"88\" data-end=\"276\"><strong data-start=\"88\" data-end=\"135\">Black waxed jeans with sassy buttons \ud83d\udda4\ud83d\udc56<\/strong><br data-start=\"135\" data-end=\"138\" \/>Trendy and stylish waxed jeans in classic black. A model that combines attitude with comfort - perfect for both everyday life and parties \u2728<\/p>\n<p data-start=\"278\" data-end=\"389\">\ud83d\udc56 <strong data-start=\"281\" data-end=\"294\">Details:<\/strong><br data-start=\"294\" data-end=\"297\" \/>\u2022 2 front pockets<br data-start=\"312\" data-end=\"315\" \/>\u2022 2 back pockets with decorative star \u2b50<br data-start=\"353\" data-end=\"356\" \/>\u2022 Fastens with 5 buttons in the fly<\/p>\n<p data-start=\"391\" data-end=\"465\">\ud83d\udccf <strong data-start=\"394\" data-end=\"403\">Measure:<\/strong><br data-start=\"403\" data-end=\"406\" \/>\u2022 Inside leg length: approx. 73 cm<br data-start=\"431\" data-end=\"434\" \/>\u2022 Length from waist: approx. 99 cm<\/p>\n<p data-start=\"467\" data-end=\"558\">\ud83d\udda4 <strong data-start=\"470\" data-end=\"483\">Fit:<\/strong><br data-start=\"483\" data-end=\"486\" \/>\u2022 Spacious in size<br data-start=\"507\" data-end=\"510\" \/>\u2022 Lots of stretch for a comfortable and flexible fit<\/p>\n<p data-start=\"560\" data-end=\"610\">\ud83e\uddf5 <strong data-start=\"563\" data-end=\"576\">Material:<\/strong><br data-start=\"576\" data-end=\"579\" \/>\u2022 97 % cotton<br data-start=\"592\" data-end=\"595\" \/>\u2022 3 % elastane<\/p>\n<p data-start=\"612\" data-end=\"674\">\ud83e\uddfa <strong data-start=\"615\" data-end=\"628\">Washing instructions:<\/strong><br data-start=\"628\" data-end=\"631\" \/>\u2022 30 degrees<br data-start=\"642\" data-end=\"645\" \/>\u2022 NOTE: Do not use fabric softener.<\/p>\n<p data-start=\"676\" data-end=\"743\" data-is-last-node=\"\" data-is-only-node=\"\">A pair of timeless, cool jeans that will elevate any outfit \ud83d\udd25\u2728<\/p>\n<p>&nbsp;<\/p>","protected":false},"excerpt":{"rendered":"<p data-start=\"88\" data-end=\"276\"><strong data-start=\"88\" data-end=\"135\">Black waxed jeans with sassy buttons \ud83d\udda4\ud83d\udc56<\/strong><br data-start=\"135\" data-end=\"138\" \/>Trendy and stylish waxed jeans in classic black. A model that combines attitude with comfort - perfect for both everyday life and parties \u2728<\/p>\n<p data-start=\"278\" data-end=\"389\">\ud83d\udc56 <strong data-start=\"281\" data-end=\"294\">Details:<\/strong><br data-start=\"294\" data-end=\"297\" \/>\u2022 2 front pockets<br data-start=\"312\" data-end=\"315\" \/>\u2022 2 back pockets with decorative star \u2b50<br data-start=\"353\" data-end=\"356\" \/>\u2022 Fastens with 5 buttons in the fly<\/p>\n<p data-start=\"391\" data-end=\"465\">\ud83d\udccf <strong data-start=\"394\" data-end=\"403\">Measure:<\/strong><br data-start=\"403\" data-end=\"406\" \/>\u2022 Inside leg length: approx. 73 cm<br data-start=\"431\" data-end=\"434\" \/>\u2022 Length from waist: approx. 99 cm<\/p>\n<p data-start=\"467\" data-end=\"558\">\ud83d\udda4 <strong data-start=\"470\" data-end=\"483\">Fit:<\/strong><br data-start=\"483\" data-end=\"486\" \/>\u2022 Spacious in size<br data-start=\"507\" data-end=\"510\" \/>\u2022 Lots of stretch for a comfortable and flexible fit<\/p>\n<p data-start=\"560\" data-end=\"610\">\ud83e\uddf5 <strong data-start=\"563\" data-end=\"576\">Material:<\/strong><br data-start=\"576\" data-end=\"579\" \/>\u2022 97 % cotton<br data-start=\"592\" data-end=\"595\" \/>\u2022 3 % elastane<\/p>\n<p data-start=\"612\" data-end=\"674\">\ud83e\uddfa <strong data-start=\"615\" data-end=\"628\">Washing instructions:<\/strong><br data-start=\"628\" data-end=\"631\" \/>\u2022 30 degrees<br data-start=\"642\" data-end=\"645\" \/>\u2022 NOTE: Do not use fabric softener.<\/p>\n<p data-start=\"676\" data-end=\"743\" data-is-last-node=\"\" data-is-only-node=\"\">A pair of timeless, cool jeans that will elevate any outfit \ud83d\udd25\u2728<\/p>","protected":false},"featured_media":997332,"comment_status":"closed","ping_status":"closed","template":"","meta":[],"product_brand":[],"product_cat":[209],"product_tag":[],"class_list":{"0":"post-997307","1":"product","2":"type-product","3":"status-publish","4":"has-post-thumbnail","6":"product_cat-reaprodukter","8":"first","9":"outofstock","10":"taxable","11":"shipping-taxable","12":"product-type-variable"},"yoast_head":"<!-- This site is optimized with the Yoast SEO Premium plugin v27.4 (Yoast SEO v27.5) - https:\/\/yoast.com\/product\/yoast-seo-premium-wordpress\/ -->\n<title>Svarta vaxade jeans med fr\u00e4cka knappar - Stil &amp; Design<\/title>\n<meta name=\"description\" content=\"H\u00e4rliga bl\u00e5jeans med ljusa slitningar\" \/>\n<meta name=\"robots\" content=\"index, follow, max-snippet:-1, max-image-preview:large, max-video-preview:-1\" \/>\n<link rel=\"canonical\" href=\"https:\/\/stilanddesign.se\/en\/product\/svarta-vaxade-jeans-med-fracka-knappar\/\" \/>\n<meta property=\"og:locale\" content=\"en_US\" \/>\n<meta property=\"og:type\" content=\"article\" \/>\n<meta property=\"og:title\" content=\"Svarta vaxade jeans med fr\u00e4cka knappar\" \/>\n<meta property=\"og:description\" content=\"H\u00e4rliga bl\u00e5jeans med ljusa slitningar\" \/>\n<meta property=\"og:url\" content=\"https:\/\/stilanddesign.se\/en\/product\/svarta-vaxade-jeans-med-fracka-knappar\/\" \/>\n<meta property=\"og:site_name\" content=\"Stil &amp; Design\" \/>\n<meta property=\"article:modified_time\" content=\"2026-02-06T16:22:48+00:00\" \/>\n<meta property=\"og:image\" content=\"https:\/\/stilanddesign.se\/wp-content\/uploads\/2024\/11\/88996665.jpg\" \/>\n\t<meta property=\"og:image:width\" content=\"503\" \/>\n\t<meta property=\"og:image:height\" content=\"640\" \/>\n\t<meta property=\"og:image:type\" content=\"image\/jpeg\" \/>\n<meta name=\"twitter:card\" content=\"summary_large_image\" \/>\n<meta name=\"twitter:label1\" content=\"Est. reading time\" \/>\n\t<meta name=\"twitter:data1\" content=\"1 minute\" \/>\n<script type=\"application\/ld+json\" class=\"yoast-schema-graph\">{\"@context\":\"https:\\\/\\\/schema.org\",\"@graph\":[{\"@type\":\"WebPage\",\"@id\":\"https:\\\/\\\/stilanddesign.se\\\/produkt\\\/svarta-vaxade-jeans-med-fracka-knappar\\\/\",\"url\":\"https:\\\/\\\/stilanddesign.se\\\/produkt\\\/svarta-vaxade-jeans-med-fracka-knappar\\\/\",\"name\":\"Svarta vaxade jeans med fr\u00e4cka knappar - Stil &amp; Design\",\"isPartOf\":{\"@id\":\"https:\\\/\\\/stilanddesign.se\\\/#website\"},\"primaryImageOfPage\":{\"@id\":\"https:\\\/\\\/stilanddesign.se\\\/produkt\\\/svarta-vaxade-jeans-med-fracka-knappar\\\/#primaryimage\"},\"image\":{\"@id\":\"https:\\\/\\\/stilanddesign.se\\\/produkt\\\/svarta-vaxade-jeans-med-fracka-knappar\\\/#primaryimage\"},\"thumbnailUrl\":\"https:\\\/\\\/stilanddesign.se\\\/wp-content\\\/uploads\\\/2024\\\/11\\\/88996665.jpg\",\"datePublished\":\"2026-01-08T12:32:42+00:00\",\"dateModified\":\"2026-02-06T16:22:48+00:00\",\"description\":\"H\u00e4rliga bl\u00e5jeans med ljusa slitningar\",\"breadcrumb\":{\"@id\":\"https:\\\/\\\/stilanddesign.se\\\/produkt\\\/svarta-vaxade-jeans-med-fracka-knappar\\\/#breadcrumb\"},\"inLanguage\":\"en-US\",\"potentialAction\":[{\"@type\":\"ReadAction\",\"target\":[\"https:\\\/\\\/stilanddesign.se\\\/produkt\\\/svarta-vaxade-jeans-med-fracka-knappar\\\/\"]}]},{\"@type\":\"ImageObject\",\"inLanguage\":\"en-US\",\"@id\":\"https:\\\/\\\/stilanddesign.se\\\/produkt\\\/svarta-vaxade-jeans-med-fracka-knappar\\\/#primaryimage\",\"url\":\"https:\\\/\\\/stilanddesign.se\\\/wp-content\\\/uploads\\\/2024\\\/11\\\/88996665.jpg\",\"contentUrl\":\"https:\\\/\\\/stilanddesign.se\\\/wp-content\\\/uploads\\\/2024\\\/11\\\/88996665.jpg\",\"width\":503,\"height\":640},{\"@type\":\"BreadcrumbList\",\"@id\":\"https:\\\/\\\/stilanddesign.se\\\/produkt\\\/svarta-vaxade-jeans-med-fracka-knappar\\\/#breadcrumb\",\"itemListElement\":[{\"@type\":\"ListItem\",\"position\":1,\"name\":\"Hem\",\"item\":\"https:\\\/\\\/stilanddesign.se\\\/\"},{\"@type\":\"ListItem\",\"position\":2,\"name\":\"Butiken\",\"item\":\"https:\\\/\\\/stilanddesign.se\\\/butiken\\\/\"},{\"@type\":\"ListItem\",\"position\":3,\"name\":\"Svarta vaxade jeans med fr\u00e4cka knappar\"}]},{\"@type\":\"WebSite\",\"@id\":\"https:\\\/\\\/stilanddesign.se\\\/#website\",\"url\":\"https:\\\/\\\/stilanddesign.se\\\/\",\"name\":\"Stil &amp; Design\",\"description\":\"F\u00f6r oss som \u00e4lskar mode!\",\"publisher\":{\"@id\":\"https:\\\/\\\/stilanddesign.se\\\/#organization\"},\"potentialAction\":[{\"@type\":\"SearchAction\",\"target\":{\"@type\":\"EntryPoint\",\"urlTemplate\":\"https:\\\/\\\/stilanddesign.se\\\/?s={search_term_string}\"},\"query-input\":{\"@type\":\"PropertyValueSpecification\",\"valueRequired\":true,\"valueName\":\"search_term_string\"}}],\"inLanguage\":\"en-US\"},{\"@type\":\"Organization\",\"@id\":\"https:\\\/\\\/stilanddesign.se\\\/#organization\",\"name\":\"Stil &amp; Design\",\"url\":\"https:\\\/\\\/stilanddesign.se\\\/\",\"logo\":{\"@type\":\"ImageObject\",\"inLanguage\":\"en-US\",\"@id\":\"https:\\\/\\\/stilanddesign.se\\\/#\\\/schema\\\/logo\\\/image\\\/\",\"url\":\"https:\\\/\\\/stilanddesign.se\\\/wp-content\\\/uploads\\\/2023\\\/12\\\/output-onlinepngtools-e1727784413220.png\",\"contentUrl\":\"https:\\\/\\\/stilanddesign.se\\\/wp-content\\\/uploads\\\/2023\\\/12\\\/output-onlinepngtools-e1727784413220.png\",\"width\":519,\"height\":135,\"caption\":\"Stil &amp; Design\"},\"image\":{\"@id\":\"https:\\\/\\\/stilanddesign.se\\\/#\\\/schema\\\/logo\\\/image\\\/\"}}]}<\/script>\n<!-- \/ Yoast SEO Premium plugin. -->","yoast_head_json":{"title":"Svarta vaxade jeans med fr\u00e4cka knappar - Stil &amp; Design","description":"Lovely blue jeans with light abrasions","robots":{"index":"index","follow":"follow","max-snippet":"max-snippet:-1","max-image-preview":"max-image-preview:large","max-video-preview":"max-video-preview:-1"},"canonical":"https:\/\/stilanddesign.se\/en\/product\/svarta-vaxade-jeans-med-fracka-knappar\/","og_locale":"en_US","og_type":"article","og_title":"Svarta vaxade jeans med fr\u00e4cka knappar","og_description":"H\u00e4rliga bl\u00e5jeans med ljusa slitningar","og_url":"https:\/\/stilanddesign.se\/en\/product\/svarta-vaxade-jeans-med-fracka-knappar\/","og_site_name":"Stil &amp; Design","article_modified_time":"2026-02-06T16:22:48+00:00","og_image":[{"width":503,"height":640,"url":"https:\/\/stilanddesign.se\/wp-content\/uploads\/2024\/11\/88996665.jpg","type":"image\/jpeg"}],"twitter_card":"summary_large_image","twitter_misc":{"Est. reading time":"1 minute"},"schema":{"@context":"https:\/\/schema.org","@graph":[{"@type":"WebPage","@id":"https:\/\/stilanddesign.se\/produkt\/svarta-vaxade-jeans-med-fracka-knappar\/","url":"https:\/\/stilanddesign.se\/produkt\/svarta-vaxade-jeans-med-fracka-knappar\/","name":"Svarta vaxade jeans med fr\u00e4cka knappar - Stil &amp; Design","isPartOf":{"@id":"https:\/\/stilanddesign.se\/#website"},"primaryImageOfPage":{"@id":"https:\/\/stilanddesign.se\/produkt\/svarta-vaxade-jeans-med-fracka-knappar\/#primaryimage"},"image":{"@id":"https:\/\/stilanddesign.se\/produkt\/svarta-vaxade-jeans-med-fracka-knappar\/#primaryimage"},"thumbnailUrl":"https:\/\/stilanddesign.se\/wp-content\/uploads\/2024\/11\/88996665.jpg","datePublished":"2026-01-08T12:32:42+00:00","dateModified":"2026-02-06T16:22:48+00:00","description":"Lovely blue jeans with light abrasions","breadcrumb":{"@id":"https:\/\/stilanddesign.se\/produkt\/svarta-vaxade-jeans-med-fracka-knappar\/#breadcrumb"},"inLanguage":"en-US","potentialAction":[{"@type":"ReadAction","target":["https:\/\/stilanddesign.se\/produkt\/svarta-vaxade-jeans-med-fracka-knappar\/"]}]},{"@type":"ImageObject","inLanguage":"en-US","@id":"https:\/\/stilanddesign.se\/produkt\/svarta-vaxade-jeans-med-fracka-knappar\/#primaryimage","url":"https:\/\/stilanddesign.se\/wp-content\/uploads\/2024\/11\/88996665.jpg","contentUrl":"https:\/\/stilanddesign.se\/wp-content\/uploads\/2024\/11\/88996665.jpg","width":503,"height":640},{"@type":"BreadcrumbList","@id":"https:\/\/stilanddesign.se\/produkt\/svarta-vaxade-jeans-med-fracka-knappar\/#breadcrumb","itemListElement":[{"@type":"ListItem","position":1,"name":"Hem","item":"https:\/\/stilanddesign.se\/"},{"@type":"ListItem","position":2,"name":"Butiken","item":"https:\/\/stilanddesign.se\/butiken\/"},{"@type":"ListItem","position":3,"name":"Svarta vaxade jeans med fr\u00e4cka knappar"}]},{"@type":"WebSite","@id":"https:\/\/stilanddesign.se\/#website","url":"https:\/\/stilanddesign.se\/","name":"Style &amp; Design","description":"For those of us who love fashion!","publisher":{"@id":"https:\/\/stilanddesign.se\/#organization"},"potentialAction":[{"@type":"SearchAction","target":{"@type":"EntryPoint","urlTemplate":"https:\/\/stilanddesign.se\/?s={search_term_string}"},"query-input":{"@type":"PropertyValueSpecification","valueRequired":true,"valueName":"search_term_string"}}],"inLanguage":"en-US"},{"@type":"Organization","@id":"https:\/\/stilanddesign.se\/#organization","name":"Style &amp; Design","url":"https:\/\/stilanddesign.se\/","logo":{"@type":"ImageObject","inLanguage":"en-US","@id":"https:\/\/stilanddesign.se\/#\/schema\/logo\/image\/","url":"https:\/\/stilanddesign.se\/wp-content\/uploads\/2023\/12\/output-onlinepngtools-e1727784413220.png","contentUrl":"https:\/\/stilanddesign.se\/wp-content\/uploads\/2023\/12\/output-onlinepngtools-e1727784413220.png","width":519,"height":135,"caption":"Stil &amp; Design"},"image":{"@id":"https:\/\/stilanddesign.se\/#\/schema\/logo\/image\/"}}]}},"_links":{"self":[{"href":"https:\/\/stilanddesign.se\/en\/wp-json\/wp\/v2\/product\/997307","targetHints":{"allow":["GET"]}}],"collection":[{"href":"https:\/\/stilanddesign.se\/en\/wp-json\/wp\/v2\/product"}],"about":[{"href":"https:\/\/stilanddesign.se\/en\/wp-json\/wp\/v2\/types\/product"}],"replies":[{"embeddable":true,"href":"https:\/\/stilanddesign.se\/en\/wp-json\/wp\/v2\/comments?post=997307"}],"wp:featuredmedia":[{"embeddable":true,"href":"https:\/\/stilanddesign.se\/en\/wp-json\/wp\/v2\/media\/997332"}],"wp:attachment":[{"href":"https:\/\/stilanddesign.se\/en\/wp-json\/wp\/v2\/media?parent=997307"}],"wp:term":[{"taxonomy":"product_brand","embeddable":true,"href":"https:\/\/stilanddesign.se\/en\/wp-json\/wp\/v2\/product_brand?post=997307"},{"taxonomy":"product_cat","embeddable":true,"href":"https:\/\/stilanddesign.se\/en\/wp-json\/wp\/v2\/product_cat?post=997307"},{"taxonomy":"product_tag","embeddable":true,"href":"https:\/\/stilanddesign.se\/en\/wp-json\/wp\/v2\/product_tag?post=997307"}],"curies":[{"name":"wp","href":"https:\/\/api.w.org\/{rel}","templated":true}]}}