{"id":996581,"date":"2024-11-08T10:33:00","date_gmt":"2024-11-08T09:33:00","guid":{"rendered":"https:\/\/stilanddesign.se\/?post_type=product&#038;p=996581"},"modified":"2024-11-08T18:45:50","modified_gmt":"2024-11-08T17:45:50","slug":"harlig-satinklanning-i-gratt-och-champagne","status":"publish","type":"product","link":"https:\/\/stilanddesign.se\/en\/product\/harlig-satinklanning-i-gratt-och-champagne\/","title":{"rendered":"Beautiful satin dress in gray and champagne"},"content":{"rendered":"<div class=\"price\">\n<p><span class=\"productname\">EMBRACE DRESS GRAPHITE\/CINNAMON\/CHAMPAGNE<\/span><\/p>\n<div class=\"shortdescription\">\n<p class=\"p1\"><span class=\"s1\">Trendy dress with many alternative uses in a unique pattern in soft tones. The garment is made of luxurious satin, which gives the fabric a fantastic luster. Loose fit with a v-shaped neckline at the front with counter pleats. Full-length sleeves that end with cuffs and covered buttons. A super nice detail is the wide tie that you either tie at the top of the neck or a little further down the neckline. Another nice option if you want more shape in the dress is to put the belt around the waist. Just as nice for everyday wear as for a party. Another nice detail is that you can roll up the arms and fasten the sleeve with a ribbon and a button - it&#039;s a completely different look!<\/span><\/p>\n<p class=\"p1\"><span class=\"s1\">-Measures 111 cm from shoulder to hem in size M.<\/span><\/p>\n<p class=\"p1\"><span class=\"s1\">-100% polysatin<\/span><\/p>\n<\/div>\n<div class=\"clear\"><\/div>\n<div class=\"price\"><span class=\"productPrice\">799 SEK<\/span><\/div>\n<\/div>\n<div class=\"clear\"><\/div>\n<div class=\"price\"><\/div>\n<p>&nbsp;<\/p>\n<p>&nbsp;<\/p>","protected":false},"excerpt":{"rendered":"<div class=\"price\">\n<p><span class=\"productname\">EMBRACE DRESS GRAPHITE\/CINNAMON\/CHAMPAGNE<\/span><\/p>\n<div class=\"shortdescription\">\n<p class=\"p1\"><span class=\"s1\">Trendy dress with many alternative uses in a unique pattern in soft tones. The garment is made of luxurious satin, which gives the fabric a fantastic luster. Loose fit with a v-shaped neckline at the front with counter pleats. Full-length sleeves that end with cuffs and covered buttons. A super nice detail is the wide tie that you either tie at the top of the neck or a little further down the neckline. Another nice option if you want more shape in the dress is to put the belt around the waist. Just as nice for everyday wear as for a party. Another nice detail is that you can roll up the arms and fasten the sleeve with a ribbon and a button - it&#039;s a completely different look!<\/span><\/p>\n<p class=\"p1\"><span class=\"s1\">-Measures 111 cm from shoulder to hem in size M.<\/span><\/p>\n<p class=\"p1\"><span class=\"s1\">-100% polysatin<\/span><\/p>\n<\/div>\n<div class=\"clear\"><\/div>\n<div class=\"price\"><span class=\"productPrice\">799 SEK<\/span><\/div>\n<\/div>\n<div class=\"clear\"><\/div>","protected":false},"featured_media":996604,"comment_status":"closed","ping_status":"closed","template":"","meta":[],"product_brand":[],"product_cat":[215,209,214],"product_tag":[],"class_list":{"0":"post-996581","1":"product","2":"type-product","3":"status-publish","4":"has-post-thumbnail","6":"product_cat-klanningar","7":"product_cat-reaprodukter","8":"product_cat-skjorta-langskjorta","10":"first","11":"outofstock","12":"taxable","13":"shipping-taxable","14":"purchasable","15":"product-type-variable"},"yoast_head":"<!-- This site is optimized with the Yoast SEO Premium plugin v27.4 (Yoast SEO v27.5) - https:\/\/yoast.com\/product\/yoast-seo-premium-wordpress\/ -->\n<title>H\u00e4rlig satinkl\u00e4nning i gr\u00e5tt och champagne - Stil &amp; Design<\/title>\n<meta name=\"description\" content=\"H\u00e4rliga bl\u00e5jeans med ljusa slitningar\" \/>\n<meta name=\"robots\" content=\"index, follow, max-snippet:-1, max-image-preview:large, max-video-preview:-1\" \/>\n<link rel=\"canonical\" href=\"https:\/\/stilanddesign.se\/en\/product\/harlig-satinklanning-i-gratt-och-champagne\/\" \/>\n<meta property=\"og:locale\" content=\"en_US\" \/>\n<meta property=\"og:type\" content=\"article\" \/>\n<meta property=\"og:title\" content=\"H\u00e4rlig satinkl\u00e4nning i gr\u00e5tt och champagne\" \/>\n<meta property=\"og:description\" content=\"H\u00e4rliga bl\u00e5jeans med ljusa slitningar\" \/>\n<meta property=\"og:url\" content=\"https:\/\/stilanddesign.se\/en\/product\/harlig-satinklanning-i-gratt-och-champagne\/\" \/>\n<meta property=\"og:site_name\" content=\"Stil &amp; Design\" \/>\n<meta property=\"article:modified_time\" content=\"2024-11-08T17:45:50+00:00\" \/>\n<meta property=\"og:image\" content=\"https:\/\/stilanddesign.se\/wp-content\/uploads\/2024\/11\/6677.jpeg\" \/>\n\t<meta property=\"og:image:width\" content=\"300\" \/>\n\t<meta property=\"og:image:height\" content=\"450\" \/>\n\t<meta property=\"og:image:type\" content=\"image\/jpeg\" \/>\n<meta name=\"twitter:card\" content=\"summary_large_image\" \/>\n<meta name=\"twitter:label1\" content=\"Est. reading time\" \/>\n\t<meta name=\"twitter:data1\" content=\"1 minute\" \/>\n<script type=\"application\/ld+json\" class=\"yoast-schema-graph\">{\"@context\":\"https:\\\/\\\/schema.org\",\"@graph\":[{\"@type\":\"WebPage\",\"@id\":\"https:\\\/\\\/stilanddesign.se\\\/produkt\\\/harlig-satinklanning-i-gratt-och-champagne\\\/\",\"url\":\"https:\\\/\\\/stilanddesign.se\\\/produkt\\\/harlig-satinklanning-i-gratt-och-champagne\\\/\",\"name\":\"H\u00e4rlig satinkl\u00e4nning i gr\u00e5tt och champagne - Stil &amp; Design\",\"isPartOf\":{\"@id\":\"https:\\\/\\\/stilanddesign.se\\\/#website\"},\"primaryImageOfPage\":{\"@id\":\"https:\\\/\\\/stilanddesign.se\\\/produkt\\\/harlig-satinklanning-i-gratt-och-champagne\\\/#primaryimage\"},\"image\":{\"@id\":\"https:\\\/\\\/stilanddesign.se\\\/produkt\\\/harlig-satinklanning-i-gratt-och-champagne\\\/#primaryimage\"},\"thumbnailUrl\":\"https:\\\/\\\/stilanddesign.se\\\/wp-content\\\/uploads\\\/2024\\\/11\\\/6677.jpeg\",\"datePublished\":\"2024-11-08T09:33:00+00:00\",\"dateModified\":\"2024-11-08T17:45:50+00:00\",\"description\":\"H\u00e4rliga bl\u00e5jeans med ljusa slitningar\",\"breadcrumb\":{\"@id\":\"https:\\\/\\\/stilanddesign.se\\\/produkt\\\/harlig-satinklanning-i-gratt-och-champagne\\\/#breadcrumb\"},\"inLanguage\":\"en-US\",\"potentialAction\":[{\"@type\":\"ReadAction\",\"target\":[\"https:\\\/\\\/stilanddesign.se\\\/produkt\\\/harlig-satinklanning-i-gratt-och-champagne\\\/\"]}]},{\"@type\":\"ImageObject\",\"inLanguage\":\"en-US\",\"@id\":\"https:\\\/\\\/stilanddesign.se\\\/produkt\\\/harlig-satinklanning-i-gratt-och-champagne\\\/#primaryimage\",\"url\":\"https:\\\/\\\/stilanddesign.se\\\/wp-content\\\/uploads\\\/2024\\\/11\\\/6677.jpeg\",\"contentUrl\":\"https:\\\/\\\/stilanddesign.se\\\/wp-content\\\/uploads\\\/2024\\\/11\\\/6677.jpeg\",\"width\":300,\"height\":450},{\"@type\":\"BreadcrumbList\",\"@id\":\"https:\\\/\\\/stilanddesign.se\\\/produkt\\\/harlig-satinklanning-i-gratt-och-champagne\\\/#breadcrumb\",\"itemListElement\":[{\"@type\":\"ListItem\",\"position\":1,\"name\":\"Hem\",\"item\":\"https:\\\/\\\/stilanddesign.se\\\/\"},{\"@type\":\"ListItem\",\"position\":2,\"name\":\"Butiken\",\"item\":\"https:\\\/\\\/stilanddesign.se\\\/butiken\\\/\"},{\"@type\":\"ListItem\",\"position\":3,\"name\":\"H\u00e4rlig satinkl\u00e4nning i gr\u00e5tt och champagne\"}]},{\"@type\":\"WebSite\",\"@id\":\"https:\\\/\\\/stilanddesign.se\\\/#website\",\"url\":\"https:\\\/\\\/stilanddesign.se\\\/\",\"name\":\"Stil &amp; Design\",\"description\":\"F\u00f6r oss som \u00e4lskar mode!\",\"publisher\":{\"@id\":\"https:\\\/\\\/stilanddesign.se\\\/#organization\"},\"potentialAction\":[{\"@type\":\"SearchAction\",\"target\":{\"@type\":\"EntryPoint\",\"urlTemplate\":\"https:\\\/\\\/stilanddesign.se\\\/?s={search_term_string}\"},\"query-input\":{\"@type\":\"PropertyValueSpecification\",\"valueRequired\":true,\"valueName\":\"search_term_string\"}}],\"inLanguage\":\"en-US\"},{\"@type\":\"Organization\",\"@id\":\"https:\\\/\\\/stilanddesign.se\\\/#organization\",\"name\":\"Stil &amp; Design\",\"url\":\"https:\\\/\\\/stilanddesign.se\\\/\",\"logo\":{\"@type\":\"ImageObject\",\"inLanguage\":\"en-US\",\"@id\":\"https:\\\/\\\/stilanddesign.se\\\/#\\\/schema\\\/logo\\\/image\\\/\",\"url\":\"https:\\\/\\\/stilanddesign.se\\\/wp-content\\\/uploads\\\/2023\\\/12\\\/output-onlinepngtools-e1727784413220.png\",\"contentUrl\":\"https:\\\/\\\/stilanddesign.se\\\/wp-content\\\/uploads\\\/2023\\\/12\\\/output-onlinepngtools-e1727784413220.png\",\"width\":519,\"height\":135,\"caption\":\"Stil &amp; Design\"},\"image\":{\"@id\":\"https:\\\/\\\/stilanddesign.se\\\/#\\\/schema\\\/logo\\\/image\\\/\"}}]}<\/script>\n<!-- \/ Yoast SEO Premium plugin. -->","yoast_head_json":{"title":"H\u00e4rlig satinkl\u00e4nning i gr\u00e5tt och champagne - Stil &amp; Design","description":"Lovely blue jeans with light abrasions","robots":{"index":"index","follow":"follow","max-snippet":"max-snippet:-1","max-image-preview":"max-image-preview:large","max-video-preview":"max-video-preview:-1"},"canonical":"https:\/\/stilanddesign.se\/en\/product\/harlig-satinklanning-i-gratt-och-champagne\/","og_locale":"en_US","og_type":"article","og_title":"H\u00e4rlig satinkl\u00e4nning i gr\u00e5tt och champagne","og_description":"H\u00e4rliga bl\u00e5jeans med ljusa slitningar","og_url":"https:\/\/stilanddesign.se\/en\/product\/harlig-satinklanning-i-gratt-och-champagne\/","og_site_name":"Stil &amp; Design","article_modified_time":"2024-11-08T17:45:50+00:00","og_image":[{"width":300,"height":450,"url":"https:\/\/stilanddesign.se\/wp-content\/uploads\/2024\/11\/6677.jpeg","type":"image\/jpeg"}],"twitter_card":"summary_large_image","twitter_misc":{"Est. reading time":"1 minute"},"schema":{"@context":"https:\/\/schema.org","@graph":[{"@type":"WebPage","@id":"https:\/\/stilanddesign.se\/produkt\/harlig-satinklanning-i-gratt-och-champagne\/","url":"https:\/\/stilanddesign.se\/produkt\/harlig-satinklanning-i-gratt-och-champagne\/","name":"H\u00e4rlig satinkl\u00e4nning i gr\u00e5tt och champagne - Stil &amp; Design","isPartOf":{"@id":"https:\/\/stilanddesign.se\/#website"},"primaryImageOfPage":{"@id":"https:\/\/stilanddesign.se\/produkt\/harlig-satinklanning-i-gratt-och-champagne\/#primaryimage"},"image":{"@id":"https:\/\/stilanddesign.se\/produkt\/harlig-satinklanning-i-gratt-och-champagne\/#primaryimage"},"thumbnailUrl":"https:\/\/stilanddesign.se\/wp-content\/uploads\/2024\/11\/6677.jpeg","datePublished":"2024-11-08T09:33:00+00:00","dateModified":"2024-11-08T17:45:50+00:00","description":"Lovely blue jeans with light abrasions","breadcrumb":{"@id":"https:\/\/stilanddesign.se\/produkt\/harlig-satinklanning-i-gratt-och-champagne\/#breadcrumb"},"inLanguage":"en-US","potentialAction":[{"@type":"ReadAction","target":["https:\/\/stilanddesign.se\/produkt\/harlig-satinklanning-i-gratt-och-champagne\/"]}]},{"@type":"ImageObject","inLanguage":"en-US","@id":"https:\/\/stilanddesign.se\/produkt\/harlig-satinklanning-i-gratt-och-champagne\/#primaryimage","url":"https:\/\/stilanddesign.se\/wp-content\/uploads\/2024\/11\/6677.jpeg","contentUrl":"https:\/\/stilanddesign.se\/wp-content\/uploads\/2024\/11\/6677.jpeg","width":300,"height":450},{"@type":"BreadcrumbList","@id":"https:\/\/stilanddesign.se\/produkt\/harlig-satinklanning-i-gratt-och-champagne\/#breadcrumb","itemListElement":[{"@type":"ListItem","position":1,"name":"Hem","item":"https:\/\/stilanddesign.se\/"},{"@type":"ListItem","position":2,"name":"Butiken","item":"https:\/\/stilanddesign.se\/butiken\/"},{"@type":"ListItem","position":3,"name":"H\u00e4rlig satinkl\u00e4nning i gr\u00e5tt och champagne"}]},{"@type":"WebSite","@id":"https:\/\/stilanddesign.se\/#website","url":"https:\/\/stilanddesign.se\/","name":"Style &amp; Design","description":"For those of us who love fashion!","publisher":{"@id":"https:\/\/stilanddesign.se\/#organization"},"potentialAction":[{"@type":"SearchAction","target":{"@type":"EntryPoint","urlTemplate":"https:\/\/stilanddesign.se\/?s={search_term_string}"},"query-input":{"@type":"PropertyValueSpecification","valueRequired":true,"valueName":"search_term_string"}}],"inLanguage":"en-US"},{"@type":"Organization","@id":"https:\/\/stilanddesign.se\/#organization","name":"Style &amp; Design","url":"https:\/\/stilanddesign.se\/","logo":{"@type":"ImageObject","inLanguage":"en-US","@id":"https:\/\/stilanddesign.se\/#\/schema\/logo\/image\/","url":"https:\/\/stilanddesign.se\/wp-content\/uploads\/2023\/12\/output-onlinepngtools-e1727784413220.png","contentUrl":"https:\/\/stilanddesign.se\/wp-content\/uploads\/2023\/12\/output-onlinepngtools-e1727784413220.png","width":519,"height":135,"caption":"Stil &amp; Design"},"image":{"@id":"https:\/\/stilanddesign.se\/#\/schema\/logo\/image\/"}}]}},"_links":{"self":[{"href":"https:\/\/stilanddesign.se\/en\/wp-json\/wp\/v2\/product\/996581","targetHints":{"allow":["GET"]}}],"collection":[{"href":"https:\/\/stilanddesign.se\/en\/wp-json\/wp\/v2\/product"}],"about":[{"href":"https:\/\/stilanddesign.se\/en\/wp-json\/wp\/v2\/types\/product"}],"replies":[{"embeddable":true,"href":"https:\/\/stilanddesign.se\/en\/wp-json\/wp\/v2\/comments?post=996581"}],"wp:featuredmedia":[{"embeddable":true,"href":"https:\/\/stilanddesign.se\/en\/wp-json\/wp\/v2\/media\/996604"}],"wp:attachment":[{"href":"https:\/\/stilanddesign.se\/en\/wp-json\/wp\/v2\/media?parent=996581"}],"wp:term":[{"taxonomy":"product_brand","embeddable":true,"href":"https:\/\/stilanddesign.se\/en\/wp-json\/wp\/v2\/product_brand?post=996581"},{"taxonomy":"product_cat","embeddable":true,"href":"https:\/\/stilanddesign.se\/en\/wp-json\/wp\/v2\/product_cat?post=996581"},{"taxonomy":"product_tag","embeddable":true,"href":"https:\/\/stilanddesign.se\/en\/wp-json\/wp\/v2\/product_tag?post=996581"}],"curies":[{"name":"wp","href":"https:\/\/api.w.org\/{rel}","templated":true}]}}