{"id":996546,"date":"2024-11-08T10:32:48","date_gmt":"2024-11-08T09:32:48","guid":{"rendered":"https:\/\/stilanddesign.se\/?post_type=product&#038;p=996546"},"modified":"2024-11-08T18:19:18","modified_gmt":"2024-11-08T17:19:18","slug":"finstickad-troja-i-harligt-material-vit","status":"publish","type":"product","link":"https:\/\/stilanddesign.se\/en\/product\/finstickad-troja-i-harligt-material-vit\/","title":{"rendered":"Finely knitted sweater in lovely material White"},"content":{"rendered":"<h3>Product description<br \/>\nSupermjuk tr\u00f6ja i finstickat material!<br \/>\nMeasure:<br \/>\nS\/M<br \/>\n\u2022 Armh\u00e5la till armh\u00e5la omkrets: ca 114 cm, kan stretchas till ca 170 cm<br \/>\n\u2022 L\u00e4ngd, axel och ner: ca 66 cm<br \/>\nL\/XL<br \/>\n\u2022 Armh\u00e5la till armh\u00e5la omkrets: ca 116 cm, kan stretchas till ca 176 cm<br \/>\n\u2022 L\u00e4ngd, axel och ner: ca 68 cm<\/h3>\n<p>Specifications<br \/>\nF\u00e4rg Stone<br \/>\nTv\u00e4ttr\u00e5d 40 grader<br \/>\nStretchig Ja<br \/>\nMaterial 50% Viskos, 28% Polyester, 22% Nylon<br \/>\nStorlek S\/M &amp; L\/XL, mer stor \u00e4n liten i storleken<\/p>","protected":false},"excerpt":{"rendered":"<h1><strong>Product description<br \/>\nSupermjuk tr\u00f6ja i finstickat material!<br \/>\n<\/strong>Measure:<br \/>\nS\/M<br \/>\n\u2022 Armh\u00e5la till armh\u00e5la omkrets: ca 114 cm, kan stretchas till ca 170 cm<br \/>\n\u2022 L\u00e4ngd, axel och ner: ca 66 cm<br \/>\nL\/XL<br \/>\n\u2022 Armh\u00e5la till armh\u00e5la omkrets: ca 116 cm, kan stretchas till ca 176 cm<br \/>\n\u2022 L\u00e4ngd, axel och ner: ca 68 cm<\/h1>\n<p>Specifications<br \/>\nF\u00e4rg Stone<br \/>\nTv\u00e4ttr\u00e5d 40 grader<br \/>\nStretchig Ja<br \/>\nMaterial 50% Viskos, 28% Polyester, 22% Nylon<br \/>\nStorlek S\/M &amp; L\/XL, mer stor \u00e4n liten i storleken<\/p>","protected":false},"featured_media":996558,"comment_status":"closed","ping_status":"closed","template":"","meta":[],"product_brand":[],"product_cat":[223],"product_tag":[],"class_list":{"0":"post-996546","1":"product","2":"type-product","3":"status-publish","4":"has-post-thumbnail","6":"product_cat-stickade-trojor","8":"first","9":"outofstock","10":"taxable","11":"shipping-taxable","12":"purchasable","13":"product-type-variable"},"yoast_head":"<!-- This site is optimized with the Yoast SEO Premium plugin v27.1 (Yoast SEO v27.4) - https:\/\/yoast.com\/product\/yoast-seo-premium-wordpress\/ -->\n<title>Finstickad tr\u00f6ja i h\u00e4rligt material Vit - Stil &amp; Design<\/title>\n<meta name=\"description\" content=\"ProduktbeskrivningSupermjuk tr\u00f6ja i finstickat material!M\u00e5tt:S\/M\u2022 Armh\u00e5la till armh\u00e5la omkrets: ca 114 cm, kan stretchas till ca 170 cm\u2022 L\u00e4ngd, axel och ner: ca 66 cmL\/XL\u2022 Armh\u00e5la till armh\u00e5la omkrets: ca 116 cm, kan stretchas till ca 176 cm\u2022 L\u00e4ngd, axel och ner: ca 68 cmSpecifikationerF\u00e4rg StoneTv\u00e4ttr\u00e5d 40 graderStretchig JaMaterial 50% Viskos, 28% Polyester, 22% NylonStorlek S\/M &amp; L\/XL, mer stor \u00e4n liten i storleken\" \/>\n<meta name=\"robots\" content=\"index, follow, max-snippet:-1, max-image-preview:large, max-video-preview:-1\" \/>\n<link rel=\"canonical\" href=\"https:\/\/stilanddesign.se\/en\/product\/finstickad-troja-i-harligt-material-vit\/\" \/>\n<meta property=\"og:locale\" content=\"en_US\" \/>\n<meta property=\"og:type\" content=\"article\" \/>\n<meta property=\"og:title\" content=\"Finstickad tr\u00f6ja i h\u00e4rligt material Vit\" \/>\n<meta property=\"og:description\" content=\"ProduktbeskrivningSupermjuk tr\u00f6ja i finstickat material!M\u00e5tt:S\/M\u2022 Armh\u00e5la till armh\u00e5la omkrets: ca 114 cm, kan stretchas till ca 170 cm\u2022 L\u00e4ngd, axel och ner: ca 66 cmL\/XL\u2022 Armh\u00e5la till armh\u00e5la omkrets: ca 116 cm, kan stretchas till ca 176 cm\u2022 L\u00e4ngd, axel och ner: ca 68 cmSpecifikationerF\u00e4rg StoneTv\u00e4ttr\u00e5d 40 graderStretchig JaMaterial 50% Viskos, 28% Polyester, 22% NylonStorlek S\/M &amp; L\/XL, mer stor \u00e4n liten i storleken\" \/>\n<meta property=\"og:url\" content=\"https:\/\/stilanddesign.se\/en\/product\/finstickad-troja-i-harligt-material-vit\/\" \/>\n<meta property=\"og:site_name\" content=\"Stil &amp; Design\" \/>\n<meta property=\"article:modified_time\" content=\"2024-11-08T17:19:18+00:00\" \/>\n<meta property=\"og:image\" content=\"https:\/\/stilanddesign.se\/wp-content\/uploads\/2024\/11\/Troja-Vit.jpg\" \/>\n\t<meta property=\"og:image:width\" content=\"480\" \/>\n\t<meta property=\"og:image:height\" content=\"640\" \/>\n\t<meta property=\"og:image:type\" content=\"image\/jpeg\" \/>\n<meta name=\"twitter:card\" content=\"summary_large_image\" \/>\n<meta name=\"twitter:label1\" content=\"Est. reading time\" \/>\n\t<meta name=\"twitter:data1\" content=\"1 minute\" \/>\n<script type=\"application\/ld+json\" class=\"yoast-schema-graph\">{\"@context\":\"https:\\\/\\\/schema.org\",\"@graph\":[{\"@type\":\"WebPage\",\"@id\":\"https:\\\/\\\/stilanddesign.se\\\/produkt\\\/finstickad-troja-i-harligt-material-vit\\\/\",\"url\":\"https:\\\/\\\/stilanddesign.se\\\/produkt\\\/finstickad-troja-i-harligt-material-vit\\\/\",\"name\":\"Finstickad tr\u00f6ja i h\u00e4rligt material Vit - Stil &amp; Design\",\"isPartOf\":{\"@id\":\"https:\\\/\\\/stilanddesign.se\\\/#website\"},\"primaryImageOfPage\":{\"@id\":\"https:\\\/\\\/stilanddesign.se\\\/produkt\\\/finstickad-troja-i-harligt-material-vit\\\/#primaryimage\"},\"image\":{\"@id\":\"https:\\\/\\\/stilanddesign.se\\\/produkt\\\/finstickad-troja-i-harligt-material-vit\\\/#primaryimage\"},\"thumbnailUrl\":\"https:\\\/\\\/stilanddesign.se\\\/wp-content\\\/uploads\\\/2024\\\/11\\\/Troja-Vit.jpg\",\"datePublished\":\"2024-11-08T09:32:48+00:00\",\"dateModified\":\"2024-11-08T17:19:18+00:00\",\"description\":\"ProduktbeskrivningSupermjuk tr\u00f6ja i finstickat material!M\u00e5tt:S\\\/M\u2022 Armh\u00e5la till armh\u00e5la omkrets: ca 114 cm, kan stretchas till ca 170 cm\u2022 L\u00e4ngd, axel och ner: ca 66 cmL\\\/XL\u2022 Armh\u00e5la till armh\u00e5la omkrets: ca 116 cm, kan stretchas till ca 176 cm\u2022 L\u00e4ngd, axel och ner: ca 68 cmSpecifikationerF\u00e4rg StoneTv\u00e4ttr\u00e5d 40 graderStretchig JaMaterial 50% Viskos, 28% Polyester, 22% NylonStorlek S\\\/M &amp; L\\\/XL, mer stor \u00e4n liten i storleken\",\"breadcrumb\":{\"@id\":\"https:\\\/\\\/stilanddesign.se\\\/produkt\\\/finstickad-troja-i-harligt-material-vit\\\/#breadcrumb\"},\"inLanguage\":\"en-US\",\"potentialAction\":[{\"@type\":\"ReadAction\",\"target\":[\"https:\\\/\\\/stilanddesign.se\\\/produkt\\\/finstickad-troja-i-harligt-material-vit\\\/\"]}]},{\"@type\":\"ImageObject\",\"inLanguage\":\"en-US\",\"@id\":\"https:\\\/\\\/stilanddesign.se\\\/produkt\\\/finstickad-troja-i-harligt-material-vit\\\/#primaryimage\",\"url\":\"https:\\\/\\\/stilanddesign.se\\\/wp-content\\\/uploads\\\/2024\\\/11\\\/Troja-Vit.jpg\",\"contentUrl\":\"https:\\\/\\\/stilanddesign.se\\\/wp-content\\\/uploads\\\/2024\\\/11\\\/Troja-Vit.jpg\",\"width\":480,\"height\":640},{\"@type\":\"BreadcrumbList\",\"@id\":\"https:\\\/\\\/stilanddesign.se\\\/produkt\\\/finstickad-troja-i-harligt-material-vit\\\/#breadcrumb\",\"itemListElement\":[{\"@type\":\"ListItem\",\"position\":1,\"name\":\"Hem\",\"item\":\"https:\\\/\\\/stilanddesign.se\\\/\"},{\"@type\":\"ListItem\",\"position\":2,\"name\":\"Butiken\",\"item\":\"https:\\\/\\\/stilanddesign.se\\\/butiken\\\/\"},{\"@type\":\"ListItem\",\"position\":3,\"name\":\"Finstickad tr\u00f6ja i h\u00e4rligt material Vit\"}]},{\"@type\":\"WebSite\",\"@id\":\"https:\\\/\\\/stilanddesign.se\\\/#website\",\"url\":\"https:\\\/\\\/stilanddesign.se\\\/\",\"name\":\"Stil &amp; Design\",\"description\":\"F\u00f6r oss som \u00e4lskar mode!\",\"publisher\":{\"@id\":\"https:\\\/\\\/stilanddesign.se\\\/#organization\"},\"potentialAction\":[{\"@type\":\"SearchAction\",\"target\":{\"@type\":\"EntryPoint\",\"urlTemplate\":\"https:\\\/\\\/stilanddesign.se\\\/?s={search_term_string}\"},\"query-input\":{\"@type\":\"PropertyValueSpecification\",\"valueRequired\":true,\"valueName\":\"search_term_string\"}}],\"inLanguage\":\"en-US\"},{\"@type\":\"Organization\",\"@id\":\"https:\\\/\\\/stilanddesign.se\\\/#organization\",\"name\":\"Stil &amp; Design\",\"url\":\"https:\\\/\\\/stilanddesign.se\\\/\",\"logo\":{\"@type\":\"ImageObject\",\"inLanguage\":\"en-US\",\"@id\":\"https:\\\/\\\/stilanddesign.se\\\/#\\\/schema\\\/logo\\\/image\\\/\",\"url\":\"https:\\\/\\\/stilanddesign.se\\\/wp-content\\\/uploads\\\/2023\\\/12\\\/output-onlinepngtools-e1727784413220.png\",\"contentUrl\":\"https:\\\/\\\/stilanddesign.se\\\/wp-content\\\/uploads\\\/2023\\\/12\\\/output-onlinepngtools-e1727784413220.png\",\"width\":519,\"height\":135,\"caption\":\"Stil &amp; Design\"},\"image\":{\"@id\":\"https:\\\/\\\/stilanddesign.se\\\/#\\\/schema\\\/logo\\\/image\\\/\"}}]}<\/script>\n<!-- \/ Yoast SEO Premium plugin. -->","yoast_head_json":{"title":"Finstickad tr\u00f6ja i h\u00e4rligt material Vit - Stil &amp; Design","description":"ProduktbeskrivningSupermjuk tr\u00f6ja i finstickat material!M\u00e5tt:S\/M\u2022 Armh\u00e5la till armh\u00e5la omkrets: ca 114 cm, kan stretchas till ca 170 cm\u2022 L\u00e4ngd, axel och ner: ca 66 cmL\/XL\u2022 Armh\u00e5la till armh\u00e5la omkrets: ca 116 cm, kan stretchas till ca 176 cm\u2022 L\u00e4ngd, axel och ner: ca 68 cmSpecifikationerF\u00e4rg StoneTv\u00e4ttr\u00e5d 40 graderStretchig JaMaterial 50% Viskos, 28% Polyester, 22% NylonStorlek S\/M &amp; L\/XL, mer stor \u00e4n liten i storleken","robots":{"index":"index","follow":"follow","max-snippet":"max-snippet:-1","max-image-preview":"max-image-preview:large","max-video-preview":"max-video-preview:-1"},"canonical":"https:\/\/stilanddesign.se\/en\/product\/finstickad-troja-i-harligt-material-vit\/","og_locale":"en_US","og_type":"article","og_title":"Finstickad tr\u00f6ja i h\u00e4rligt material Vit","og_description":"ProduktbeskrivningSupermjuk tr\u00f6ja i finstickat material!M\u00e5tt:S\/M\u2022 Armh\u00e5la till armh\u00e5la omkrets: ca 114 cm, kan stretchas till ca 170 cm\u2022 L\u00e4ngd, axel och ner: ca 66 cmL\/XL\u2022 Armh\u00e5la till armh\u00e5la omkrets: ca 116 cm, kan stretchas till ca 176 cm\u2022 L\u00e4ngd, axel och ner: ca 68 cmSpecifikationerF\u00e4rg StoneTv\u00e4ttr\u00e5d 40 graderStretchig JaMaterial 50% Viskos, 28% Polyester, 22% NylonStorlek S\/M &amp; L\/XL, mer stor \u00e4n liten i storleken","og_url":"https:\/\/stilanddesign.se\/en\/product\/finstickad-troja-i-harligt-material-vit\/","og_site_name":"Stil &amp; Design","article_modified_time":"2024-11-08T17:19:18+00:00","og_image":[{"width":480,"height":640,"url":"https:\/\/stilanddesign.se\/wp-content\/uploads\/2024\/11\/Troja-Vit.jpg","type":"image\/jpeg"}],"twitter_card":"summary_large_image","twitter_misc":{"Est. reading time":"1 minute"},"schema":{"@context":"https:\/\/schema.org","@graph":[{"@type":"WebPage","@id":"https:\/\/stilanddesign.se\/produkt\/finstickad-troja-i-harligt-material-vit\/","url":"https:\/\/stilanddesign.se\/produkt\/finstickad-troja-i-harligt-material-vit\/","name":"Finstickad tr\u00f6ja i h\u00e4rligt material Vit - Stil &amp; Design","isPartOf":{"@id":"https:\/\/stilanddesign.se\/#website"},"primaryImageOfPage":{"@id":"https:\/\/stilanddesign.se\/produkt\/finstickad-troja-i-harligt-material-vit\/#primaryimage"},"image":{"@id":"https:\/\/stilanddesign.se\/produkt\/finstickad-troja-i-harligt-material-vit\/#primaryimage"},"thumbnailUrl":"https:\/\/stilanddesign.se\/wp-content\/uploads\/2024\/11\/Troja-Vit.jpg","datePublished":"2024-11-08T09:32:48+00:00","dateModified":"2024-11-08T17:19:18+00:00","description":"ProduktbeskrivningSupermjuk tr\u00f6ja i finstickat material!M\u00e5tt:S\/M\u2022 Armh\u00e5la till armh\u00e5la omkrets: ca 114 cm, kan stretchas till ca 170 cm\u2022 L\u00e4ngd, axel och ner: ca 66 cmL\/XL\u2022 Armh\u00e5la till armh\u00e5la omkrets: ca 116 cm, kan stretchas till ca 176 cm\u2022 L\u00e4ngd, axel och ner: ca 68 cmSpecifikationerF\u00e4rg StoneTv\u00e4ttr\u00e5d 40 graderStretchig JaMaterial 50% Viskos, 28% Polyester, 22% NylonStorlek S\/M &amp; L\/XL, mer stor \u00e4n liten i storleken","breadcrumb":{"@id":"https:\/\/stilanddesign.se\/produkt\/finstickad-troja-i-harligt-material-vit\/#breadcrumb"},"inLanguage":"en-US","potentialAction":[{"@type":"ReadAction","target":["https:\/\/stilanddesign.se\/produkt\/finstickad-troja-i-harligt-material-vit\/"]}]},{"@type":"ImageObject","inLanguage":"en-US","@id":"https:\/\/stilanddesign.se\/produkt\/finstickad-troja-i-harligt-material-vit\/#primaryimage","url":"https:\/\/stilanddesign.se\/wp-content\/uploads\/2024\/11\/Troja-Vit.jpg","contentUrl":"https:\/\/stilanddesign.se\/wp-content\/uploads\/2024\/11\/Troja-Vit.jpg","width":480,"height":640},{"@type":"BreadcrumbList","@id":"https:\/\/stilanddesign.se\/produkt\/finstickad-troja-i-harligt-material-vit\/#breadcrumb","itemListElement":[{"@type":"ListItem","position":1,"name":"Hem","item":"https:\/\/stilanddesign.se\/"},{"@type":"ListItem","position":2,"name":"Butiken","item":"https:\/\/stilanddesign.se\/butiken\/"},{"@type":"ListItem","position":3,"name":"Finstickad tr\u00f6ja i h\u00e4rligt material Vit"}]},{"@type":"WebSite","@id":"https:\/\/stilanddesign.se\/#website","url":"https:\/\/stilanddesign.se\/","name":"Style &amp; Design","description":"For those of us who love fashion!","publisher":{"@id":"https:\/\/stilanddesign.se\/#organization"},"potentialAction":[{"@type":"SearchAction","target":{"@type":"EntryPoint","urlTemplate":"https:\/\/stilanddesign.se\/?s={search_term_string}"},"query-input":{"@type":"PropertyValueSpecification","valueRequired":true,"valueName":"search_term_string"}}],"inLanguage":"en-US"},{"@type":"Organization","@id":"https:\/\/stilanddesign.se\/#organization","name":"Style &amp; Design","url":"https:\/\/stilanddesign.se\/","logo":{"@type":"ImageObject","inLanguage":"en-US","@id":"https:\/\/stilanddesign.se\/#\/schema\/logo\/image\/","url":"https:\/\/stilanddesign.se\/wp-content\/uploads\/2023\/12\/output-onlinepngtools-e1727784413220.png","contentUrl":"https:\/\/stilanddesign.se\/wp-content\/uploads\/2023\/12\/output-onlinepngtools-e1727784413220.png","width":519,"height":135,"caption":"Stil &amp; Design"},"image":{"@id":"https:\/\/stilanddesign.se\/#\/schema\/logo\/image\/"}}]}},"_links":{"self":[{"href":"https:\/\/stilanddesign.se\/en\/wp-json\/wp\/v2\/product\/996546","targetHints":{"allow":["GET"]}}],"collection":[{"href":"https:\/\/stilanddesign.se\/en\/wp-json\/wp\/v2\/product"}],"about":[{"href":"https:\/\/stilanddesign.se\/en\/wp-json\/wp\/v2\/types\/product"}],"replies":[{"embeddable":true,"href":"https:\/\/stilanddesign.se\/en\/wp-json\/wp\/v2\/comments?post=996546"}],"wp:featuredmedia":[{"embeddable":true,"href":"https:\/\/stilanddesign.se\/en\/wp-json\/wp\/v2\/media\/996558"}],"wp:attachment":[{"href":"https:\/\/stilanddesign.se\/en\/wp-json\/wp\/v2\/media?parent=996546"}],"wp:term":[{"taxonomy":"product_brand","embeddable":true,"href":"https:\/\/stilanddesign.se\/en\/wp-json\/wp\/v2\/product_brand?post=996546"},{"taxonomy":"product_cat","embeddable":true,"href":"https:\/\/stilanddesign.se\/en\/wp-json\/wp\/v2\/product_cat?post=996546"},{"taxonomy":"product_tag","embeddable":true,"href":"https:\/\/stilanddesign.se\/en\/wp-json\/wp\/v2\/product_tag?post=996546"}],"curies":[{"name":"wp","href":"https:\/\/api.w.org\/{rel}","templated":true}]}}