{"id":996518,"date":"2024-11-08T10:32:45","date_gmt":"2024-11-08T09:32:45","guid":{"rendered":"https:\/\/stilanddesign.se\/?post_type=product&#038;p=996518"},"modified":"2024-11-08T18:19:18","modified_gmt":"2024-11-08T17:19:18","slug":"jessica-topp-satin-armar-svart","status":"publish","type":"product","link":"https:\/\/stilanddesign.se\/en\/product\/jessica-topp-satin-armar-svart\/","title":{"rendered":"Jessica top-Satin sleeves-Black"},"content":{"rendered":"<h2 class=\"s1s3479f\">Product description<\/h2>\n<div class=\"rah-static rah-static--height-auto\" aria-hidden=\"false\">\n<div>\n<article class=\"d1asp6wy\">Nice top with satin sleeves and small ruffle details! The front and back are made of fine knitted material, the sleeves are not stretchy.<strong>Measure:<\/strong><strong>S\/36<\/strong>\u2022 Armpit to armpit circumference: approx. 96 cm, can be stretched to approx. 148 cm\u2022 Length, shoulder to bottom: approx. 58 cm<strong>M\/38<\/strong>\u2022 Armpit to armpit circumference: approx. 100 cm, can be stretched to approx. 150 cm\u2022 Length, shoulder to bottom: approx. 59 cm<\/p>\n<p><strong>L\/40<\/strong><\/p>\n<p>\u2022 Armh\u00e5la till armh\u00e5la omkrets: ca 102 cm, kan stretchas till ca 154 cm<\/p>\n<p>\u2022 L\u00e4ngd, axel och ner: ca 61 cm<\/p>\n<h2 class=\"s1s3479f\">Specifications<\/h2>\n<div class=\"rah-static rah-static--height-auto\" aria-hidden=\"false\">\n<div>\n<table class=\"t1054qxn\">\n<tbody>\n<tr>\n<th>Paint<\/th>\n<td>Black<\/td>\n<\/tr>\n<tr>\n<th>Washing instructions<\/th>\n<td>40 degrees<\/td>\n<\/tr>\n<tr>\n<th>Stretchy<\/th>\n<td>\n<div>Yes<\/div>\n<\/td>\n<\/tr>\n<tr>\n<th>Material<\/th>\n<td>Top: 70% Viscose, 30% Polyester Sleeves: 100% Polyester<\/td>\n<\/tr>\n<tr>\n<th>Size<\/th>\n<td>S\/36 \u2013 L\/40, normal size<\/td>\n<\/tr>\n<\/tbody>\n<\/table>\n<\/div>\n<\/div>\n<\/article>\n<\/div>\n<\/div>","protected":false},"excerpt":{"rendered":"<h2 class=\"s1s3479f\">Product description<\/h2>\n<div class=\"rah-static rah-static--height-auto\" aria-hidden=\"false\">\n<div>\n<h2 class=\"d1asp6wy\"><strong>Finstickad topp med satin\u00e4rmar och sm\u00e5 volang detaljer!<\/strong><\/h2>\n<p>Fram och bakstycket \u00e4r i finstickat material, \u00e4rmarna \u00e4r inte stretchiga.<\/p>\n<p><strong>Measure:<\/strong><\/p>\n<p><strong>S\/36<\/strong><\/p>\n<p>\u2022 Armh\u00e5la till armh\u00e5la omkrets: ca 96 cm, kan stretchas till ca 148 cm<\/p>\n<p>\u2022 L\u00e4ngd, axel och ner: ca 58 cm<\/p>\n<p><strong>M\/38<\/strong><\/p>\n<p>\u2022 Armh\u00e5la till armh\u00e5la omkrets: ca 100 cm, kan stretchas till ca 150 cm<\/p>\n<p>\u2022 L\u00e4ngd, axel och ner: ca 59 cm<\/p>\n<p><strong>L\/40<\/strong><\/p>\n<p>\u2022 Armh\u00e5la till armh\u00e5la omkrets: ca 102 cm, kan stretchas till ca 154 cm<\/p>\n<p>\u2022 L\u00e4ngd, axel och ner: ca 61 cm<\/p>\n<table class=\"t1054qxn\">\n<tbody>\n<tr>\n<th>Paint<\/th>\n<td>Black<\/td>\n<\/tr>\n<tr>\n<th>Washing instructions<\/th>\n<td>40 degrees<\/td>\n<\/tr>\n<tr>\n<th>Stretchy<\/th>\n<td>\n<div>Yes<\/div>\n<\/td>\n<\/tr>\n<tr>\n<th>Material<\/th>\n<td>Top: 70% Viscose, 30% Polyester Sleeves: 100% Polyester<\/td>\n<\/tr>\n<tr>\n<th>Size<\/th>\n<td>S\/36 \u2013 L\/40, normal size<\/td>\n<\/tr>\n<\/tbody>\n<\/table>\n<\/div>\n<\/div>","protected":false},"featured_media":996547,"comment_status":"closed","ping_status":"closed","template":"","meta":[],"product_brand":[],"product_cat":[223],"product_tag":[],"class_list":{"0":"post-996518","1":"product","2":"type-product","3":"status-publish","4":"has-post-thumbnail","6":"product_cat-stickade-trojor","8":"first","9":"outofstock","10":"taxable","11":"shipping-taxable","12":"purchasable","13":"product-type-variable"},"yoast_head":"<!-- This site is optimized with the Yoast SEO Premium plugin v27.4 (Yoast SEO v27.5) - https:\/\/yoast.com\/product\/yoast-seo-premium-wordpress\/ -->\n<title>Jessica topp-Satin \u00e4rmar-Svart - Stil &amp; Design<\/title>\n<meta name=\"description\" content=\"ProduktbeskrivningFin topp med satin\u00e4rmar och sm\u00e5 volang detaljer!Fram och bakstycket \u00e4r i finstickat material, \u00e4rmarna \u00e4r inte stretchiga.M\u00e5tt:S\/36\u2022 Armh\u00e5la till armh\u00e5la omkrets: ca 96 cm, kan stretchas till ca 148 cm\u2022 L\u00e4ngd, axel och ner: ca 58 cmM\/38\u2022 Armh\u00e5la till armh\u00e5la omkrets: ca 100 cm, kan stretchas till ca 150 cm\u2022 L\u00e4ngd, axel och ner: ca 59 cmL\/40\u2022 Armh\u00e5la till armh\u00e5la omkrets: ca 102 cm, kan stretchas till ca 154 cm\u2022 L\u00e4ngd, axel och ner: ca 61 cm %\" \/>\n<meta name=\"robots\" content=\"index, follow, max-snippet:-1, max-image-preview:large, max-video-preview:-1\" \/>\n<link rel=\"canonical\" href=\"https:\/\/stilanddesign.se\/en\/product\/jessica-topp-satin-armar-svart\/\" \/>\n<meta property=\"og:locale\" content=\"en_US\" \/>\n<meta property=\"og:type\" content=\"article\" \/>\n<meta property=\"og:title\" content=\"Jessica topp-Satin \u00e4rmar-Svart\" \/>\n<meta property=\"og:description\" content=\"ProduktbeskrivningFin topp med satin\u00e4rmar och sm\u00e5 volang detaljer!Fram och bakstycket \u00e4r i finstickat material, \u00e4rmarna \u00e4r inte stretchiga.M\u00e5tt:S\/36\u2022 Armh\u00e5la till armh\u00e5la omkrets: ca 96 cm, kan stretchas till ca 148 cm\u2022 L\u00e4ngd, axel och ner: ca 58 cmM\/38\u2022 Armh\u00e5la till armh\u00e5la omkrets: ca 100 cm, kan stretchas till ca 150 cm\u2022 L\u00e4ngd, axel och ner: ca 59 cmL\/40\u2022 Armh\u00e5la till armh\u00e5la omkrets: ca 102 cm, kan stretchas till ca 154 cm\u2022 L\u00e4ngd, axel och ner: ca 61 cm %\" \/>\n<meta property=\"og:url\" content=\"https:\/\/stilanddesign.se\/en\/product\/jessica-topp-satin-armar-svart\/\" \/>\n<meta property=\"og:site_name\" content=\"Stil &amp; Design\" \/>\n<meta property=\"article:modified_time\" content=\"2024-11-08T17:19:18+00:00\" \/>\n<meta property=\"og:image\" content=\"https:\/\/stilanddesign.se\/wp-content\/uploads\/2024\/11\/Satintopp.jpg\" \/>\n\t<meta property=\"og:image:width\" content=\"349\" \/>\n\t<meta property=\"og:image:height\" content=\"640\" \/>\n\t<meta property=\"og:image:type\" content=\"image\/jpeg\" \/>\n<meta name=\"twitter:card\" content=\"summary_large_image\" \/>\n<meta name=\"twitter:label1\" content=\"Est. reading time\" \/>\n\t<meta name=\"twitter:data1\" content=\"1 minute\" \/>\n<script type=\"application\/ld+json\" class=\"yoast-schema-graph\">{\"@context\":\"https:\\\/\\\/schema.org\",\"@graph\":[{\"@type\":\"WebPage\",\"@id\":\"https:\\\/\\\/stilanddesign.se\\\/produkt\\\/jessica-topp-satin-armar-svart\\\/\",\"url\":\"https:\\\/\\\/stilanddesign.se\\\/produkt\\\/jessica-topp-satin-armar-svart\\\/\",\"name\":\"Jessica topp-Satin \u00e4rmar-Svart - Stil &amp; Design\",\"isPartOf\":{\"@id\":\"https:\\\/\\\/stilanddesign.se\\\/#website\"},\"primaryImageOfPage\":{\"@id\":\"https:\\\/\\\/stilanddesign.se\\\/produkt\\\/jessica-topp-satin-armar-svart\\\/#primaryimage\"},\"image\":{\"@id\":\"https:\\\/\\\/stilanddesign.se\\\/produkt\\\/jessica-topp-satin-armar-svart\\\/#primaryimage\"},\"thumbnailUrl\":\"https:\\\/\\\/stilanddesign.se\\\/wp-content\\\/uploads\\\/2024\\\/11\\\/Satintopp.jpg\",\"datePublished\":\"2024-11-08T09:32:45+00:00\",\"dateModified\":\"2024-11-08T17:19:18+00:00\",\"description\":\"ProduktbeskrivningFin topp med satin\u00e4rmar och sm\u00e5 volang detaljer!Fram och bakstycket \u00e4r i finstickat material, \u00e4rmarna \u00e4r inte stretchiga.M\u00e5tt:S\\\/36\u2022 Armh\u00e5la till armh\u00e5la omkrets: ca 96 cm, kan stretchas till ca 148 cm\u2022 L\u00e4ngd, axel och ner: ca 58 cmM\\\/38\u2022 Armh\u00e5la till armh\u00e5la omkrets: ca 100 cm, kan stretchas till ca 150 cm\u2022 L\u00e4ngd, axel och ner: ca 59 cmL\\\/40\u2022 Armh\u00e5la till armh\u00e5la omkrets: ca 102 cm, kan stretchas till ca 154 cm\u2022 L\u00e4ngd, axel och ner: ca 61 cm %\",\"breadcrumb\":{\"@id\":\"https:\\\/\\\/stilanddesign.se\\\/produkt\\\/jessica-topp-satin-armar-svart\\\/#breadcrumb\"},\"inLanguage\":\"en-US\",\"potentialAction\":[{\"@type\":\"ReadAction\",\"target\":[\"https:\\\/\\\/stilanddesign.se\\\/produkt\\\/jessica-topp-satin-armar-svart\\\/\"]}]},{\"@type\":\"ImageObject\",\"inLanguage\":\"en-US\",\"@id\":\"https:\\\/\\\/stilanddesign.se\\\/produkt\\\/jessica-topp-satin-armar-svart\\\/#primaryimage\",\"url\":\"https:\\\/\\\/stilanddesign.se\\\/wp-content\\\/uploads\\\/2024\\\/11\\\/Satintopp.jpg\",\"contentUrl\":\"https:\\\/\\\/stilanddesign.se\\\/wp-content\\\/uploads\\\/2024\\\/11\\\/Satintopp.jpg\",\"width\":349,\"height\":640},{\"@type\":\"BreadcrumbList\",\"@id\":\"https:\\\/\\\/stilanddesign.se\\\/produkt\\\/jessica-topp-satin-armar-svart\\\/#breadcrumb\",\"itemListElement\":[{\"@type\":\"ListItem\",\"position\":1,\"name\":\"Hem\",\"item\":\"https:\\\/\\\/stilanddesign.se\\\/\"},{\"@type\":\"ListItem\",\"position\":2,\"name\":\"Butiken\",\"item\":\"https:\\\/\\\/stilanddesign.se\\\/butiken\\\/\"},{\"@type\":\"ListItem\",\"position\":3,\"name\":\"Jessica topp-Satin \u00e4rmar-Svart\"}]},{\"@type\":\"WebSite\",\"@id\":\"https:\\\/\\\/stilanddesign.se\\\/#website\",\"url\":\"https:\\\/\\\/stilanddesign.se\\\/\",\"name\":\"Stil &amp; Design\",\"description\":\"F\u00f6r oss som \u00e4lskar mode!\",\"publisher\":{\"@id\":\"https:\\\/\\\/stilanddesign.se\\\/#organization\"},\"potentialAction\":[{\"@type\":\"SearchAction\",\"target\":{\"@type\":\"EntryPoint\",\"urlTemplate\":\"https:\\\/\\\/stilanddesign.se\\\/?s={search_term_string}\"},\"query-input\":{\"@type\":\"PropertyValueSpecification\",\"valueRequired\":true,\"valueName\":\"search_term_string\"}}],\"inLanguage\":\"en-US\"},{\"@type\":\"Organization\",\"@id\":\"https:\\\/\\\/stilanddesign.se\\\/#organization\",\"name\":\"Stil &amp; Design\",\"url\":\"https:\\\/\\\/stilanddesign.se\\\/\",\"logo\":{\"@type\":\"ImageObject\",\"inLanguage\":\"en-US\",\"@id\":\"https:\\\/\\\/stilanddesign.se\\\/#\\\/schema\\\/logo\\\/image\\\/\",\"url\":\"https:\\\/\\\/stilanddesign.se\\\/wp-content\\\/uploads\\\/2023\\\/12\\\/output-onlinepngtools-e1727784413220.png\",\"contentUrl\":\"https:\\\/\\\/stilanddesign.se\\\/wp-content\\\/uploads\\\/2023\\\/12\\\/output-onlinepngtools-e1727784413220.png\",\"width\":519,\"height\":135,\"caption\":\"Stil &amp; Design\"},\"image\":{\"@id\":\"https:\\\/\\\/stilanddesign.se\\\/#\\\/schema\\\/logo\\\/image\\\/\"}}]}<\/script>\n<!-- \/ Yoast SEO Premium plugin. -->","yoast_head_json":{"title":"Jessica topp-Satin \u00e4rmar-Svart - Stil &amp; Design","description":"ProduktbeskrivningFin topp med satin\u00e4rmar och sm\u00e5 volang detaljer!Fram och bakstycket \u00e4r i finstickat material, \u00e4rmarna \u00e4r inte stretchiga.M\u00e5tt:S\/36\u2022 Armh\u00e5la till armh\u00e5la omkrets: ca 96 cm, kan stretchas till ca 148 cm\u2022 L\u00e4ngd, axel och ner: ca 58 cmM\/38\u2022 Armh\u00e5la till armh\u00e5la omkrets: ca 100 cm, kan stretchas till ca 150 cm\u2022 L\u00e4ngd, axel och ner: ca 59 cmL\/40\u2022 Armh\u00e5la till armh\u00e5la omkrets: ca 102 cm, kan stretchas till ca 154 cm\u2022 L\u00e4ngd, axel och ner: ca 61 cm %","robots":{"index":"index","follow":"follow","max-snippet":"max-snippet:-1","max-image-preview":"max-image-preview:large","max-video-preview":"max-video-preview:-1"},"canonical":"https:\/\/stilanddesign.se\/en\/product\/jessica-topp-satin-armar-svart\/","og_locale":"en_US","og_type":"article","og_title":"Jessica topp-Satin \u00e4rmar-Svart","og_description":"ProduktbeskrivningFin topp med satin\u00e4rmar och sm\u00e5 volang detaljer!Fram och bakstycket \u00e4r i finstickat material, \u00e4rmarna \u00e4r inte stretchiga.M\u00e5tt:S\/36\u2022 Armh\u00e5la till armh\u00e5la omkrets: ca 96 cm, kan stretchas till ca 148 cm\u2022 L\u00e4ngd, axel och ner: ca 58 cmM\/38\u2022 Armh\u00e5la till armh\u00e5la omkrets: ca 100 cm, kan stretchas till ca 150 cm\u2022 L\u00e4ngd, axel och ner: ca 59 cmL\/40\u2022 Armh\u00e5la till armh\u00e5la omkrets: ca 102 cm, kan stretchas till ca 154 cm\u2022 L\u00e4ngd, axel och ner: ca 61 cm %","og_url":"https:\/\/stilanddesign.se\/en\/product\/jessica-topp-satin-armar-svart\/","og_site_name":"Stil &amp; Design","article_modified_time":"2024-11-08T17:19:18+00:00","og_image":[{"width":349,"height":640,"url":"https:\/\/stilanddesign.se\/wp-content\/uploads\/2024\/11\/Satintopp.jpg","type":"image\/jpeg"}],"twitter_card":"summary_large_image","twitter_misc":{"Est. reading time":"1 minute"},"schema":{"@context":"https:\/\/schema.org","@graph":[{"@type":"WebPage","@id":"https:\/\/stilanddesign.se\/produkt\/jessica-topp-satin-armar-svart\/","url":"https:\/\/stilanddesign.se\/produkt\/jessica-topp-satin-armar-svart\/","name":"Jessica topp-Satin \u00e4rmar-Svart - Stil &amp; Design","isPartOf":{"@id":"https:\/\/stilanddesign.se\/#website"},"primaryImageOfPage":{"@id":"https:\/\/stilanddesign.se\/produkt\/jessica-topp-satin-armar-svart\/#primaryimage"},"image":{"@id":"https:\/\/stilanddesign.se\/produkt\/jessica-topp-satin-armar-svart\/#primaryimage"},"thumbnailUrl":"https:\/\/stilanddesign.se\/wp-content\/uploads\/2024\/11\/Satintopp.jpg","datePublished":"2024-11-08T09:32:45+00:00","dateModified":"2024-11-08T17:19:18+00:00","description":"ProduktbeskrivningFin topp med satin\u00e4rmar och sm\u00e5 volang detaljer!Fram och bakstycket \u00e4r i finstickat material, \u00e4rmarna \u00e4r inte stretchiga.M\u00e5tt:S\/36\u2022 Armh\u00e5la till armh\u00e5la omkrets: ca 96 cm, kan stretchas till ca 148 cm\u2022 L\u00e4ngd, axel och ner: ca 58 cmM\/38\u2022 Armh\u00e5la till armh\u00e5la omkrets: ca 100 cm, kan stretchas till ca 150 cm\u2022 L\u00e4ngd, axel och ner: ca 59 cmL\/40\u2022 Armh\u00e5la till armh\u00e5la omkrets: ca 102 cm, kan stretchas till ca 154 cm\u2022 L\u00e4ngd, axel och ner: ca 61 cm %","breadcrumb":{"@id":"https:\/\/stilanddesign.se\/produkt\/jessica-topp-satin-armar-svart\/#breadcrumb"},"inLanguage":"en-US","potentialAction":[{"@type":"ReadAction","target":["https:\/\/stilanddesign.se\/produkt\/jessica-topp-satin-armar-svart\/"]}]},{"@type":"ImageObject","inLanguage":"en-US","@id":"https:\/\/stilanddesign.se\/produkt\/jessica-topp-satin-armar-svart\/#primaryimage","url":"https:\/\/stilanddesign.se\/wp-content\/uploads\/2024\/11\/Satintopp.jpg","contentUrl":"https:\/\/stilanddesign.se\/wp-content\/uploads\/2024\/11\/Satintopp.jpg","width":349,"height":640},{"@type":"BreadcrumbList","@id":"https:\/\/stilanddesign.se\/produkt\/jessica-topp-satin-armar-svart\/#breadcrumb","itemListElement":[{"@type":"ListItem","position":1,"name":"Hem","item":"https:\/\/stilanddesign.se\/"},{"@type":"ListItem","position":2,"name":"Butiken","item":"https:\/\/stilanddesign.se\/butiken\/"},{"@type":"ListItem","position":3,"name":"Jessica topp-Satin \u00e4rmar-Svart"}]},{"@type":"WebSite","@id":"https:\/\/stilanddesign.se\/#website","url":"https:\/\/stilanddesign.se\/","name":"Style &amp; Design","description":"For those of us who love fashion!","publisher":{"@id":"https:\/\/stilanddesign.se\/#organization"},"potentialAction":[{"@type":"SearchAction","target":{"@type":"EntryPoint","urlTemplate":"https:\/\/stilanddesign.se\/?s={search_term_string}"},"query-input":{"@type":"PropertyValueSpecification","valueRequired":true,"valueName":"search_term_string"}}],"inLanguage":"en-US"},{"@type":"Organization","@id":"https:\/\/stilanddesign.se\/#organization","name":"Style &amp; Design","url":"https:\/\/stilanddesign.se\/","logo":{"@type":"ImageObject","inLanguage":"en-US","@id":"https:\/\/stilanddesign.se\/#\/schema\/logo\/image\/","url":"https:\/\/stilanddesign.se\/wp-content\/uploads\/2023\/12\/output-onlinepngtools-e1727784413220.png","contentUrl":"https:\/\/stilanddesign.se\/wp-content\/uploads\/2023\/12\/output-onlinepngtools-e1727784413220.png","width":519,"height":135,"caption":"Stil &amp; Design"},"image":{"@id":"https:\/\/stilanddesign.se\/#\/schema\/logo\/image\/"}}]}},"_links":{"self":[{"href":"https:\/\/stilanddesign.se\/en\/wp-json\/wp\/v2\/product\/996518","targetHints":{"allow":["GET"]}}],"collection":[{"href":"https:\/\/stilanddesign.se\/en\/wp-json\/wp\/v2\/product"}],"about":[{"href":"https:\/\/stilanddesign.se\/en\/wp-json\/wp\/v2\/types\/product"}],"replies":[{"embeddable":true,"href":"https:\/\/stilanddesign.se\/en\/wp-json\/wp\/v2\/comments?post=996518"}],"wp:featuredmedia":[{"embeddable":true,"href":"https:\/\/stilanddesign.se\/en\/wp-json\/wp\/v2\/media\/996547"}],"wp:attachment":[{"href":"https:\/\/stilanddesign.se\/en\/wp-json\/wp\/v2\/media?parent=996518"}],"wp:term":[{"taxonomy":"product_brand","embeddable":true,"href":"https:\/\/stilanddesign.se\/en\/wp-json\/wp\/v2\/product_brand?post=996518"},{"taxonomy":"product_cat","embeddable":true,"href":"https:\/\/stilanddesign.se\/en\/wp-json\/wp\/v2\/product_cat?post=996518"},{"taxonomy":"product_tag","embeddable":true,"href":"https:\/\/stilanddesign.se\/en\/wp-json\/wp\/v2\/product_tag?post=996518"}],"curies":[{"name":"wp","href":"https:\/\/api.w.org\/{rel}","templated":true}]}}