{"id":996498,"date":"2024-11-08T10:32:35","date_gmt":"2024-11-08T09:32:35","guid":{"rendered":"https:\/\/stilanddesign.se\/?post_type=product&#038;p=996498"},"modified":"2024-11-08T18:19:18","modified_gmt":"2024-11-08T17:19:18","slug":"oversize-troja-bling-fickor-svart","status":"publish","type":"product","link":"https:\/\/stilanddesign.se\/en\/product\/oversize-troja-bling-fickor-svart\/","title":{"rendered":"Oversize sweater \u2013 Bling pockets \u2013 Black"},"content":{"rendered":"<h2 class=\"s1s3479f\">Product description<\/h2>\n<div class=\"rah-static rah-static--height-auto\" aria-hidden=\"false\">\n<div>\n<article class=\"d1asp6wy\">Cool, nice knitted, oversize sweater with bling-decorated pockets up front! The sweater has a polo collar and cuffed sleeves.<strong>Size measurements:<\/strong><strong>S\/M<\/strong>\u2022 Armpit to armpit circumference: approx. 160 cm \u2022 Length from shoulder to bottom: approx. 66 cm<strong>L\/XL<\/strong>\u2022 Armpit to armpit circumference: approx. 168 cm \u2022 Length from shoulder to bottom: approx. 71 cm<\/article>\n<\/div>\n<\/div>\n<h2 class=\"s1s3479f\">Specifications<\/h2>\n<div class=\"rah-static rah-static--height-auto\" aria-hidden=\"false\">\n<div>\n<table class=\"t1054qxn\">\n<tbody>\n<tr>\n<th>Paint<\/th>\n<td>Black<\/td>\n<\/tr>\n<tr>\n<th>Washing instructions<\/th>\n<td>40 degrees<\/td>\n<\/tr>\n<tr>\n<th>Stretchy<\/th>\n<td>\n<div>Yes<\/div>\n<\/td>\n<\/tr>\n<tr>\n<th>Material<\/th>\n<td>50% Viscose, 28% Polyester, 22% Nylon<\/td>\n<\/tr>\n<tr>\n<th>Size<\/th>\n<td>S\/M &amp; L\/XL, large in size<\/td>\n<\/tr>\n<\/tbody>\n<\/table>\n<\/div>\n<\/div>\n<p>&nbsp;<\/p>","protected":false},"excerpt":{"rendered":"<h2 class=\"s1s3479f\">Product description<\/h2>\n<h2 class=\"s1s3479f\">H\u00e4ftig finstickad, oversize tr\u00f6ja med bling-dekorerade fickor framtill!Tr\u00f6jan har en polokrage och mudd \u00e4rmar.<\/h2>\n<p>&nbsp;<\/p>\n<div class=\"rah-static rah-static--height-auto\" aria-hidden=\"false\">\n<article class=\"d1asp6wy\">Size measurements:<\/article>\n<article><\/article>\n<article class=\"d1asp6wy\"><strong>S\/M<\/strong>\u2022 Armpit to armpit circumference: approx. 160 cm \u2022 Length from shoulder to bottom: approx. 66 cm<strong>L\/XL<\/strong>\u2022 Armpit to armpit circumference: approx. 168 cm \u2022 Length from shoulder to bottom: approx. 71 cm<\/article>\n<\/div>\n<h2 class=\"s1s3479f\">Specifications<\/h2>\n<div class=\"rah-static rah-static--height-auto\" aria-hidden=\"false\">\n<div>\n<table class=\"t1054qxn\">\n<tbody>\n<tr>\n<th>Paint<\/th>\n<td>Black<\/td>\n<\/tr>\n<tr>\n<th>Washing instructions<\/th>\n<td>40 degrees<\/td>\n<\/tr>\n<tr>\n<th>Stretchy<\/th>\n<td>\n<div>Yes<\/div>\n<\/td>\n<\/tr>\n<tr>\n<th>Material<\/th>\n<td>50% Viscose, 28% Polyester, 22% Nylon<\/td>\n<\/tr>\n<tr>\n<th>Size<\/th>\n<td>S\/M &amp; L\/XL, large in size<\/td>\n<\/tr>\n<\/tbody>\n<\/table>\n<\/div>\n<\/div>\n<p>&nbsp;<\/p>","protected":false},"featured_media":996515,"comment_status":"closed","ping_status":"closed","template":"","meta":[],"product_brand":[],"product_cat":[223],"product_tag":[],"class_list":{"0":"post-996498","1":"product","2":"type-product","3":"status-publish","4":"has-post-thumbnail","6":"product_cat-stickade-trojor","8":"first","9":"outofstock","10":"taxable","11":"shipping-taxable","12":"purchasable","13":"product-type-variable"},"yoast_head":"<!-- This site is optimized with the Yoast SEO Premium plugin v27.1 (Yoast SEO v27.4) - https:\/\/yoast.com\/product\/yoast-seo-premium-wordpress\/ -->\n<title>Oversize tr\u00f6ja - Bling fickor - Svart - Stil &amp; Design<\/title>\n<meta name=\"description\" content=\"SpecifikationerF\u00e4rg SvartTv\u00e4ttr\u00e5d 40 graderStretchig JaMaterial 50% Viskos, 28% Polyester, 22% NylonStorlek S\/M &amp; L\/XL, stor i storleken\" \/>\n<meta name=\"robots\" content=\"index, follow, max-snippet:-1, max-image-preview:large, max-video-preview:-1\" \/>\n<link rel=\"canonical\" href=\"https:\/\/stilanddesign.se\/en\/product\/oversize-troja-bling-fickor-svart\/\" \/>\n<meta property=\"og:locale\" content=\"en_US\" \/>\n<meta property=\"og:type\" content=\"article\" \/>\n<meta property=\"og:title\" content=\"Oversize tr\u00f6ja - Bling fickor - Svart\" \/>\n<meta property=\"og:description\" content=\"SpecifikationerF\u00e4rg SvartTv\u00e4ttr\u00e5d 40 graderStretchig JaMaterial 50% Viskos, 28% Polyester, 22% NylonStorlek S\/M &amp; L\/XL, stor i storleken\" \/>\n<meta property=\"og:url\" content=\"https:\/\/stilanddesign.se\/en\/product\/oversize-troja-bling-fickor-svart\/\" \/>\n<meta property=\"og:site_name\" content=\"Stil &amp; Design\" \/>\n<meta property=\"article:modified_time\" content=\"2024-11-08T17:19:18+00:00\" \/>\n<meta property=\"og:image\" content=\"https:\/\/stilanddesign.se\/wp-content\/uploads\/2024\/11\/Stickad-troja-med-bling.jpg\" \/>\n\t<meta property=\"og:image:width\" content=\"397\" \/>\n\t<meta property=\"og:image:height\" content=\"640\" \/>\n\t<meta property=\"og:image:type\" content=\"image\/jpeg\" \/>\n<meta name=\"twitter:card\" content=\"summary_large_image\" \/>\n<meta name=\"twitter:label1\" content=\"Est. reading time\" \/>\n\t<meta name=\"twitter:data1\" content=\"1 minute\" \/>\n<script type=\"application\/ld+json\" class=\"yoast-schema-graph\">{\"@context\":\"https:\\\/\\\/schema.org\",\"@graph\":[{\"@type\":\"WebPage\",\"@id\":\"https:\\\/\\\/stilanddesign.se\\\/produkt\\\/oversize-troja-bling-fickor-svart\\\/\",\"url\":\"https:\\\/\\\/stilanddesign.se\\\/produkt\\\/oversize-troja-bling-fickor-svart\\\/\",\"name\":\"Oversize tr\u00f6ja - Bling fickor - Svart - Stil &amp; Design\",\"isPartOf\":{\"@id\":\"https:\\\/\\\/stilanddesign.se\\\/#website\"},\"primaryImageOfPage\":{\"@id\":\"https:\\\/\\\/stilanddesign.se\\\/produkt\\\/oversize-troja-bling-fickor-svart\\\/#primaryimage\"},\"image\":{\"@id\":\"https:\\\/\\\/stilanddesign.se\\\/produkt\\\/oversize-troja-bling-fickor-svart\\\/#primaryimage\"},\"thumbnailUrl\":\"https:\\\/\\\/stilanddesign.se\\\/wp-content\\\/uploads\\\/2024\\\/11\\\/Stickad-troja-med-bling.jpg\",\"datePublished\":\"2024-11-08T09:32:35+00:00\",\"dateModified\":\"2024-11-08T17:19:18+00:00\",\"description\":\"SpecifikationerF\u00e4rg SvartTv\u00e4ttr\u00e5d 40 graderStretchig JaMaterial 50% Viskos, 28% Polyester, 22% NylonStorlek S\\\/M &amp; L\\\/XL, stor i storleken\",\"breadcrumb\":{\"@id\":\"https:\\\/\\\/stilanddesign.se\\\/produkt\\\/oversize-troja-bling-fickor-svart\\\/#breadcrumb\"},\"inLanguage\":\"en-US\",\"potentialAction\":[{\"@type\":\"ReadAction\",\"target\":[\"https:\\\/\\\/stilanddesign.se\\\/produkt\\\/oversize-troja-bling-fickor-svart\\\/\"]}]},{\"@type\":\"ImageObject\",\"inLanguage\":\"en-US\",\"@id\":\"https:\\\/\\\/stilanddesign.se\\\/produkt\\\/oversize-troja-bling-fickor-svart\\\/#primaryimage\",\"url\":\"https:\\\/\\\/stilanddesign.se\\\/wp-content\\\/uploads\\\/2024\\\/11\\\/Stickad-troja-med-bling.jpg\",\"contentUrl\":\"https:\\\/\\\/stilanddesign.se\\\/wp-content\\\/uploads\\\/2024\\\/11\\\/Stickad-troja-med-bling.jpg\",\"width\":397,\"height\":640},{\"@type\":\"BreadcrumbList\",\"@id\":\"https:\\\/\\\/stilanddesign.se\\\/produkt\\\/oversize-troja-bling-fickor-svart\\\/#breadcrumb\",\"itemListElement\":[{\"@type\":\"ListItem\",\"position\":1,\"name\":\"Hem\",\"item\":\"https:\\\/\\\/stilanddesign.se\\\/\"},{\"@type\":\"ListItem\",\"position\":2,\"name\":\"Butiken\",\"item\":\"https:\\\/\\\/stilanddesign.se\\\/butiken\\\/\"},{\"@type\":\"ListItem\",\"position\":3,\"name\":\"Oversize tr\u00f6ja &#8211; Bling fickor &#8211; Svart\"}]},{\"@type\":\"WebSite\",\"@id\":\"https:\\\/\\\/stilanddesign.se\\\/#website\",\"url\":\"https:\\\/\\\/stilanddesign.se\\\/\",\"name\":\"Stil &amp; Design\",\"description\":\"F\u00f6r oss som \u00e4lskar mode!\",\"publisher\":{\"@id\":\"https:\\\/\\\/stilanddesign.se\\\/#organization\"},\"potentialAction\":[{\"@type\":\"SearchAction\",\"target\":{\"@type\":\"EntryPoint\",\"urlTemplate\":\"https:\\\/\\\/stilanddesign.se\\\/?s={search_term_string}\"},\"query-input\":{\"@type\":\"PropertyValueSpecification\",\"valueRequired\":true,\"valueName\":\"search_term_string\"}}],\"inLanguage\":\"en-US\"},{\"@type\":\"Organization\",\"@id\":\"https:\\\/\\\/stilanddesign.se\\\/#organization\",\"name\":\"Stil &amp; Design\",\"url\":\"https:\\\/\\\/stilanddesign.se\\\/\",\"logo\":{\"@type\":\"ImageObject\",\"inLanguage\":\"en-US\",\"@id\":\"https:\\\/\\\/stilanddesign.se\\\/#\\\/schema\\\/logo\\\/image\\\/\",\"url\":\"https:\\\/\\\/stilanddesign.se\\\/wp-content\\\/uploads\\\/2023\\\/12\\\/output-onlinepngtools-e1727784413220.png\",\"contentUrl\":\"https:\\\/\\\/stilanddesign.se\\\/wp-content\\\/uploads\\\/2023\\\/12\\\/output-onlinepngtools-e1727784413220.png\",\"width\":519,\"height\":135,\"caption\":\"Stil &amp; Design\"},\"image\":{\"@id\":\"https:\\\/\\\/stilanddesign.se\\\/#\\\/schema\\\/logo\\\/image\\\/\"}}]}<\/script>\n<!-- \/ Yoast SEO Premium plugin. -->","yoast_head_json":{"title":"Oversize tr\u00f6ja - Bling fickor - Svart - Stil &amp; Design","description":"SpecifikationerF\u00e4rg SvartTv\u00e4ttr\u00e5d 40 graderStretchig JaMaterial 50% Viskos, 28% Polyester, 22% NylonStorlek S\/M &amp; L\/XL, stor i storleken","robots":{"index":"index","follow":"follow","max-snippet":"max-snippet:-1","max-image-preview":"max-image-preview:large","max-video-preview":"max-video-preview:-1"},"canonical":"https:\/\/stilanddesign.se\/en\/product\/oversize-troja-bling-fickor-svart\/","og_locale":"en_US","og_type":"article","og_title":"Oversize tr\u00f6ja - Bling fickor - Svart","og_description":"SpecifikationerF\u00e4rg SvartTv\u00e4ttr\u00e5d 40 graderStretchig JaMaterial 50% Viskos, 28% Polyester, 22% NylonStorlek S\/M &amp; L\/XL, stor i storleken","og_url":"https:\/\/stilanddesign.se\/en\/product\/oversize-troja-bling-fickor-svart\/","og_site_name":"Stil &amp; Design","article_modified_time":"2024-11-08T17:19:18+00:00","og_image":[{"width":397,"height":640,"url":"https:\/\/stilanddesign.se\/wp-content\/uploads\/2024\/11\/Stickad-troja-med-bling.jpg","type":"image\/jpeg"}],"twitter_card":"summary_large_image","twitter_misc":{"Est. reading time":"1 minute"},"schema":{"@context":"https:\/\/schema.org","@graph":[{"@type":"WebPage","@id":"https:\/\/stilanddesign.se\/produkt\/oversize-troja-bling-fickor-svart\/","url":"https:\/\/stilanddesign.se\/produkt\/oversize-troja-bling-fickor-svart\/","name":"Oversize tr\u00f6ja - Bling fickor - Svart - Stil &amp; Design","isPartOf":{"@id":"https:\/\/stilanddesign.se\/#website"},"primaryImageOfPage":{"@id":"https:\/\/stilanddesign.se\/produkt\/oversize-troja-bling-fickor-svart\/#primaryimage"},"image":{"@id":"https:\/\/stilanddesign.se\/produkt\/oversize-troja-bling-fickor-svart\/#primaryimage"},"thumbnailUrl":"https:\/\/stilanddesign.se\/wp-content\/uploads\/2024\/11\/Stickad-troja-med-bling.jpg","datePublished":"2024-11-08T09:32:35+00:00","dateModified":"2024-11-08T17:19:18+00:00","description":"SpecifikationerF\u00e4rg SvartTv\u00e4ttr\u00e5d 40 graderStretchig JaMaterial 50% Viskos, 28% Polyester, 22% NylonStorlek S\/M &amp; L\/XL, stor i storleken","breadcrumb":{"@id":"https:\/\/stilanddesign.se\/produkt\/oversize-troja-bling-fickor-svart\/#breadcrumb"},"inLanguage":"en-US","potentialAction":[{"@type":"ReadAction","target":["https:\/\/stilanddesign.se\/produkt\/oversize-troja-bling-fickor-svart\/"]}]},{"@type":"ImageObject","inLanguage":"en-US","@id":"https:\/\/stilanddesign.se\/produkt\/oversize-troja-bling-fickor-svart\/#primaryimage","url":"https:\/\/stilanddesign.se\/wp-content\/uploads\/2024\/11\/Stickad-troja-med-bling.jpg","contentUrl":"https:\/\/stilanddesign.se\/wp-content\/uploads\/2024\/11\/Stickad-troja-med-bling.jpg","width":397,"height":640},{"@type":"BreadcrumbList","@id":"https:\/\/stilanddesign.se\/produkt\/oversize-troja-bling-fickor-svart\/#breadcrumb","itemListElement":[{"@type":"ListItem","position":1,"name":"Hem","item":"https:\/\/stilanddesign.se\/"},{"@type":"ListItem","position":2,"name":"Butiken","item":"https:\/\/stilanddesign.se\/butiken\/"},{"@type":"ListItem","position":3,"name":"Oversize tr\u00f6ja &#8211; Bling fickor &#8211; Svart"}]},{"@type":"WebSite","@id":"https:\/\/stilanddesign.se\/#website","url":"https:\/\/stilanddesign.se\/","name":"Style &amp; Design","description":"For those of us who love fashion!","publisher":{"@id":"https:\/\/stilanddesign.se\/#organization"},"potentialAction":[{"@type":"SearchAction","target":{"@type":"EntryPoint","urlTemplate":"https:\/\/stilanddesign.se\/?s={search_term_string}"},"query-input":{"@type":"PropertyValueSpecification","valueRequired":true,"valueName":"search_term_string"}}],"inLanguage":"en-US"},{"@type":"Organization","@id":"https:\/\/stilanddesign.se\/#organization","name":"Style &amp; Design","url":"https:\/\/stilanddesign.se\/","logo":{"@type":"ImageObject","inLanguage":"en-US","@id":"https:\/\/stilanddesign.se\/#\/schema\/logo\/image\/","url":"https:\/\/stilanddesign.se\/wp-content\/uploads\/2023\/12\/output-onlinepngtools-e1727784413220.png","contentUrl":"https:\/\/stilanddesign.se\/wp-content\/uploads\/2023\/12\/output-onlinepngtools-e1727784413220.png","width":519,"height":135,"caption":"Stil &amp; Design"},"image":{"@id":"https:\/\/stilanddesign.se\/#\/schema\/logo\/image\/"}}]}},"_links":{"self":[{"href":"https:\/\/stilanddesign.se\/en\/wp-json\/wp\/v2\/product\/996498","targetHints":{"allow":["GET"]}}],"collection":[{"href":"https:\/\/stilanddesign.se\/en\/wp-json\/wp\/v2\/product"}],"about":[{"href":"https:\/\/stilanddesign.se\/en\/wp-json\/wp\/v2\/types\/product"}],"replies":[{"embeddable":true,"href":"https:\/\/stilanddesign.se\/en\/wp-json\/wp\/v2\/comments?post=996498"}],"wp:featuredmedia":[{"embeddable":true,"href":"https:\/\/stilanddesign.se\/en\/wp-json\/wp\/v2\/media\/996515"}],"wp:attachment":[{"href":"https:\/\/stilanddesign.se\/en\/wp-json\/wp\/v2\/media?parent=996498"}],"wp:term":[{"taxonomy":"product_brand","embeddable":true,"href":"https:\/\/stilanddesign.se\/en\/wp-json\/wp\/v2\/product_brand?post=996498"},{"taxonomy":"product_cat","embeddable":true,"href":"https:\/\/stilanddesign.se\/en\/wp-json\/wp\/v2\/product_cat?post=996498"},{"taxonomy":"product_tag","embeddable":true,"href":"https:\/\/stilanddesign.se\/en\/wp-json\/wp\/v2\/product_tag?post=996498"}],"curies":[{"name":"wp","href":"https:\/\/api.w.org\/{rel}","templated":true}]}}