{"id":996123,"date":"2026-04-20T13:24:18","date_gmt":"2026-04-20T11:24:18","guid":{"rendered":"https:\/\/stilanddesign.se\/?post_type=product&#038;p=996123"},"modified":"2026-04-20T14:04:03","modified_gmt":"2026-04-20T12:04:03","slug":"%f0%9f%a4%8d-glestickad-troja-stilren-luftig-favorit-%e2%9c%a8","status":"publish","type":"product","link":"https:\/\/stilanddesign.se\/en\/product\/%f0%9f%a4%8d-glestickad-troja-stilren-luftig-favorit-%e2%9c%a8\/","title":{"rendered":"\ud83e\udd0d Loose knit sweater \u2013 stylish &amp; airy favorite \u2728"},"content":{"rendered":"<p data-start=\"0\" data-end=\"54\">\ud83e\udd0d <strong data-start=\"3\" data-end=\"50\">Glestickad tr\u00f6ja \u2013 stilren &amp; luftig favorit<\/strong> \u2728<\/p>\n<p data-start=\"56\" data-end=\"260\">\ud83c\udf3f Vit f\u00e4rg som passar till allt<br data-start=\"88\" data-end=\"91\" \/>\ud83d\udcab L\u00e4tt V-ringning i halsen<br data-start=\"118\" data-end=\"121\" \/>\ud83d\udc5a 3\/4 l\u00e5ng pingvin\u00e4rm f\u00f6r ett snyggt fall<br data-start=\"163\" data-end=\"166\" \/>\u2728 Grovstickad mudd nertill<br data-start=\"192\" data-end=\"195\" data-is-only-node=\"\" \/>\ud83d\udcd0 Kortare framtill f\u00f6r en modern silhuett<br data-start=\"237\" data-end=\"240\" \/>\ud83d\udc4c Regular fit<\/p>\n<p data-start=\"262\" data-end=\"283\">\ud83d\udccf Normal in size<\/p>\n<p data-start=\"285\" data-end=\"310\">\ud83e\uddf5 Material: 100% acrylic<\/p>\n<p data-start=\"312\" data-end=\"399\">\ud83d\udc56 <strong data-start=\"315\" data-end=\"331\">Styling tips:<\/strong> Matcha med jeans eller kjol f\u00f6r en avslappnad men stilren look \ud83d\udc95<\/p>\n<p data-start=\"401\" data-end=\"467\" data-is-last-node=\"\" data-is-only-node=\"\">\ud83d\udc96 En perfekt tr\u00f6ja f\u00f6r lager-p\u00e5-lager och svala sommarkv\u00e4llar \ud83e\udd0d\u2728<\/p>","protected":false},"excerpt":{"rendered":"<p data-start=\"0\" data-end=\"54\">\ud83e\udd0d <strong data-start=\"3\" data-end=\"50\">Glestickad tr\u00f6ja \u2013 stilren &amp; luftig favorit<\/strong> \u2728<\/p>\n<p data-start=\"56\" data-end=\"260\">\ud83c\udf3f Vit f\u00e4rg som passar till allt<br data-start=\"88\" data-end=\"91\" \/>\ud83d\udcab L\u00e4tt V-ringning i halsen<br data-start=\"118\" data-end=\"121\" \/>\ud83d\udc5a 3\/4 l\u00e5ng pingvin\u00e4rm f\u00f6r ett snyggt fall<br data-start=\"163\" data-end=\"166\" \/>\u2728 Grovstickad mudd nertill<br data-start=\"192\" data-end=\"195\" data-is-only-node=\"\" \/>\ud83d\udcd0 Kortare framtill f\u00f6r en modern silhuett<br data-start=\"237\" data-end=\"240\" \/>\ud83d\udc4c Regular fit<\/p>\n<p data-start=\"262\" data-end=\"283\">\ud83d\udccf Normal in size<\/p>\n<p data-start=\"285\" data-end=\"310\">\ud83e\uddf5 Material: 100% acrylic<\/p>\n<p data-start=\"312\" data-end=\"399\">\ud83d\udc56 <strong data-start=\"315\" data-end=\"331\">Styling tips:<\/strong> Matcha med jeans eller kjol f\u00f6r en avslappnad men stilren look \ud83d\udc95<\/p>\n<p data-start=\"401\" data-end=\"467\" data-is-last-node=\"\" data-is-only-node=\"\">\ud83d\udc96 En perfekt tr\u00f6ja f\u00f6r lager-p\u00e5-lager och svala sommarkv\u00e4llar \ud83e\udd0d\u2728<\/p>","protected":false},"featured_media":996147,"comment_status":"closed","ping_status":"closed","template":"","meta":[],"product_brand":[],"product_cat":[217,223],"product_tag":[],"class_list":{"0":"post-996123","1":"product","2":"type-product","3":"status-publish","4":"has-post-thumbnail","6":"product_cat-produktnyheter","7":"product_cat-stickade-trojor","9":"first","10":"instock","11":"taxable","12":"shipping-taxable","13":"purchasable","14":"product-type-variable"},"yoast_head":"<!-- This site is optimized with the Yoast SEO Premium plugin v27.4 (Yoast SEO v27.4) - https:\/\/yoast.com\/product\/yoast-seo-premium-wordpress\/ -->\n<title>\ud83e\udd0d Glestickad tr\u00f6ja \u2013 stilren &amp; luftig favorit \u2728 - Stil &amp; Design<\/title>\n<meta name=\"description\" content=\"H\u00e4rliga bl\u00e5jeans med ljusa slitningar\" \/>\n<meta name=\"robots\" content=\"index, follow, max-snippet:-1, max-image-preview:large, max-video-preview:-1\" \/>\n<link rel=\"canonical\" href=\"https:\/\/stilanddesign.se\/en\/product\/\ud83e\udd0d-glestickad-troja-stilren-luftig-favorit-\u2728\/\" \/>\n<meta property=\"og:locale\" content=\"en_US\" \/>\n<meta property=\"og:type\" content=\"article\" \/>\n<meta property=\"og:title\" content=\"\ud83e\udd0d Glestickad tr\u00f6ja \u2013 stilren &amp; luftig favorit \u2728\" \/>\n<meta property=\"og:description\" content=\"H\u00e4rliga bl\u00e5jeans med ljusa slitningar\" \/>\n<meta property=\"og:url\" content=\"https:\/\/stilanddesign.se\/en\/product\/\ud83e\udd0d-glestickad-troja-stilren-luftig-favorit-\u2728\/\" \/>\n<meta property=\"og:site_name\" content=\"Stil &amp; Design\" \/>\n<meta property=\"article:modified_time\" content=\"2026-04-20T12:04:03+00:00\" \/>\n<meta property=\"og:image\" content=\"https:\/\/stilanddesign.se\/wp-content\/uploads\/2024\/11\/1515-rotated-1.jpg\" \/>\n\t<meta property=\"og:image:width\" content=\"480\" \/>\n\t<meta property=\"og:image:height\" content=\"640\" \/>\n\t<meta property=\"og:image:type\" content=\"image\/jpeg\" \/>\n<meta name=\"twitter:card\" content=\"summary_large_image\" \/>\n<meta name=\"twitter:label1\" content=\"Est. reading time\" \/>\n\t<meta name=\"twitter:data1\" content=\"1 minute\" \/>\n<script type=\"application\/ld+json\" class=\"yoast-schema-graph\">{\"@context\":\"https:\\\/\\\/schema.org\",\"@graph\":[{\"@type\":\"WebPage\",\"@id\":\"https:\\\/\\\/stilanddesign.se\\\/produkt\\\/%f0%9f%a4%8d-glestickad-troja-stilren-luftig-favorit-%e2%9c%a8\\\/\",\"url\":\"https:\\\/\\\/stilanddesign.se\\\/produkt\\\/%f0%9f%a4%8d-glestickad-troja-stilren-luftig-favorit-%e2%9c%a8\\\/\",\"name\":\"\ud83e\udd0d Glestickad tr\u00f6ja \u2013 stilren & luftig favorit \u2728 - Stil &amp; Design\",\"isPartOf\":{\"@id\":\"https:\\\/\\\/stilanddesign.se\\\/#website\"},\"primaryImageOfPage\":{\"@id\":\"https:\\\/\\\/stilanddesign.se\\\/produkt\\\/%f0%9f%a4%8d-glestickad-troja-stilren-luftig-favorit-%e2%9c%a8\\\/#primaryimage\"},\"image\":{\"@id\":\"https:\\\/\\\/stilanddesign.se\\\/produkt\\\/%f0%9f%a4%8d-glestickad-troja-stilren-luftig-favorit-%e2%9c%a8\\\/#primaryimage\"},\"thumbnailUrl\":\"https:\\\/\\\/stilanddesign.se\\\/wp-content\\\/uploads\\\/2024\\\/11\\\/1515-rotated-1.jpg\",\"datePublished\":\"2026-04-20T11:24:18+00:00\",\"dateModified\":\"2026-04-20T12:04:03+00:00\",\"description\":\"H\u00e4rliga bl\u00e5jeans med ljusa slitningar\",\"breadcrumb\":{\"@id\":\"https:\\\/\\\/stilanddesign.se\\\/produkt\\\/%f0%9f%a4%8d-glestickad-troja-stilren-luftig-favorit-%e2%9c%a8\\\/#breadcrumb\"},\"inLanguage\":\"en-US\",\"potentialAction\":[{\"@type\":\"ReadAction\",\"target\":[\"https:\\\/\\\/stilanddesign.se\\\/produkt\\\/%f0%9f%a4%8d-glestickad-troja-stilren-luftig-favorit-%e2%9c%a8\\\/\"]}]},{\"@type\":\"ImageObject\",\"inLanguage\":\"en-US\",\"@id\":\"https:\\\/\\\/stilanddesign.se\\\/produkt\\\/%f0%9f%a4%8d-glestickad-troja-stilren-luftig-favorit-%e2%9c%a8\\\/#primaryimage\",\"url\":\"https:\\\/\\\/stilanddesign.se\\\/wp-content\\\/uploads\\\/2024\\\/11\\\/1515-rotated-1.jpg\",\"contentUrl\":\"https:\\\/\\\/stilanddesign.se\\\/wp-content\\\/uploads\\\/2024\\\/11\\\/1515-rotated-1.jpg\",\"width\":480,\"height\":640},{\"@type\":\"BreadcrumbList\",\"@id\":\"https:\\\/\\\/stilanddesign.se\\\/produkt\\\/%f0%9f%a4%8d-glestickad-troja-stilren-luftig-favorit-%e2%9c%a8\\\/#breadcrumb\",\"itemListElement\":[{\"@type\":\"ListItem\",\"position\":1,\"name\":\"Hem\",\"item\":\"https:\\\/\\\/stilanddesign.se\\\/\"},{\"@type\":\"ListItem\",\"position\":2,\"name\":\"Butiken\",\"item\":\"https:\\\/\\\/stilanddesign.se\\\/butiken\\\/\"},{\"@type\":\"ListItem\",\"position\":3,\"name\":\"\ud83e\udd0d Glestickad tr\u00f6ja \u2013 stilren &#038; luftig favorit \u2728\"}]},{\"@type\":\"WebSite\",\"@id\":\"https:\\\/\\\/stilanddesign.se\\\/#website\",\"url\":\"https:\\\/\\\/stilanddesign.se\\\/\",\"name\":\"Stil &amp; Design\",\"description\":\"F\u00f6r oss som \u00e4lskar mode!\",\"publisher\":{\"@id\":\"https:\\\/\\\/stilanddesign.se\\\/#organization\"},\"potentialAction\":[{\"@type\":\"SearchAction\",\"target\":{\"@type\":\"EntryPoint\",\"urlTemplate\":\"https:\\\/\\\/stilanddesign.se\\\/?s={search_term_string}\"},\"query-input\":{\"@type\":\"PropertyValueSpecification\",\"valueRequired\":true,\"valueName\":\"search_term_string\"}}],\"inLanguage\":\"en-US\"},{\"@type\":\"Organization\",\"@id\":\"https:\\\/\\\/stilanddesign.se\\\/#organization\",\"name\":\"Stil &amp; Design\",\"url\":\"https:\\\/\\\/stilanddesign.se\\\/\",\"logo\":{\"@type\":\"ImageObject\",\"inLanguage\":\"en-US\",\"@id\":\"https:\\\/\\\/stilanddesign.se\\\/#\\\/schema\\\/logo\\\/image\\\/\",\"url\":\"https:\\\/\\\/stilanddesign.se\\\/wp-content\\\/uploads\\\/2023\\\/12\\\/output-onlinepngtools-e1727784413220.png\",\"contentUrl\":\"https:\\\/\\\/stilanddesign.se\\\/wp-content\\\/uploads\\\/2023\\\/12\\\/output-onlinepngtools-e1727784413220.png\",\"width\":519,\"height\":135,\"caption\":\"Stil &amp; Design\"},\"image\":{\"@id\":\"https:\\\/\\\/stilanddesign.se\\\/#\\\/schema\\\/logo\\\/image\\\/\"}}]}<\/script>\n<!-- \/ Yoast SEO Premium plugin. -->","yoast_head_json":{"title":"\ud83e\udd0d Glestickad tr\u00f6ja \u2013 stilren & luftig favorit \u2728 - Stil &amp; Design","description":"H\u00e4rliga bl\u00e5jeans med ljusa slitningar","robots":{"index":"index","follow":"follow","max-snippet":"max-snippet:-1","max-image-preview":"max-image-preview:large","max-video-preview":"max-video-preview:-1"},"canonical":"https:\/\/stilanddesign.se\/en\/product\/\ud83e\udd0d-glestickad-troja-stilren-luftig-favorit-\u2728\/","og_locale":"en_US","og_type":"article","og_title":"\ud83e\udd0d Glestickad tr\u00f6ja \u2013 stilren & luftig favorit \u2728","og_description":"H\u00e4rliga bl\u00e5jeans med ljusa slitningar","og_url":"https:\/\/stilanddesign.se\/en\/product\/\ud83e\udd0d-glestickad-troja-stilren-luftig-favorit-\u2728\/","og_site_name":"Stil &amp; Design","article_modified_time":"2026-04-20T12:04:03+00:00","og_image":[{"width":480,"height":640,"url":"https:\/\/stilanddesign.se\/wp-content\/uploads\/2024\/11\/1515-rotated-1.jpg","type":"image\/jpeg"}],"twitter_card":"summary_large_image","twitter_misc":{"Est. reading time":"1 minute"},"schema":{"@context":"https:\/\/schema.org","@graph":[{"@type":"WebPage","@id":"https:\/\/stilanddesign.se\/produkt\/%f0%9f%a4%8d-glestickad-troja-stilren-luftig-favorit-%e2%9c%a8\/","url":"https:\/\/stilanddesign.se\/produkt\/%f0%9f%a4%8d-glestickad-troja-stilren-luftig-favorit-%e2%9c%a8\/","name":"\ud83e\udd0d Glestickad tr\u00f6ja \u2013 stilren & luftig favorit \u2728 - Stil &amp; Design","isPartOf":{"@id":"https:\/\/stilanddesign.se\/#website"},"primaryImageOfPage":{"@id":"https:\/\/stilanddesign.se\/produkt\/%f0%9f%a4%8d-glestickad-troja-stilren-luftig-favorit-%e2%9c%a8\/#primaryimage"},"image":{"@id":"https:\/\/stilanddesign.se\/produkt\/%f0%9f%a4%8d-glestickad-troja-stilren-luftig-favorit-%e2%9c%a8\/#primaryimage"},"thumbnailUrl":"https:\/\/stilanddesign.se\/wp-content\/uploads\/2024\/11\/1515-rotated-1.jpg","datePublished":"2026-04-20T11:24:18+00:00","dateModified":"2026-04-20T12:04:03+00:00","description":"H\u00e4rliga bl\u00e5jeans med ljusa slitningar","breadcrumb":{"@id":"https:\/\/stilanddesign.se\/produkt\/%f0%9f%a4%8d-glestickad-troja-stilren-luftig-favorit-%e2%9c%a8\/#breadcrumb"},"inLanguage":"en-US","potentialAction":[{"@type":"ReadAction","target":["https:\/\/stilanddesign.se\/produkt\/%f0%9f%a4%8d-glestickad-troja-stilren-luftig-favorit-%e2%9c%a8\/"]}]},{"@type":"ImageObject","inLanguage":"en-US","@id":"https:\/\/stilanddesign.se\/produkt\/%f0%9f%a4%8d-glestickad-troja-stilren-luftig-favorit-%e2%9c%a8\/#primaryimage","url":"https:\/\/stilanddesign.se\/wp-content\/uploads\/2024\/11\/1515-rotated-1.jpg","contentUrl":"https:\/\/stilanddesign.se\/wp-content\/uploads\/2024\/11\/1515-rotated-1.jpg","width":480,"height":640},{"@type":"BreadcrumbList","@id":"https:\/\/stilanddesign.se\/produkt\/%f0%9f%a4%8d-glestickad-troja-stilren-luftig-favorit-%e2%9c%a8\/#breadcrumb","itemListElement":[{"@type":"ListItem","position":1,"name":"Hem","item":"https:\/\/stilanddesign.se\/"},{"@type":"ListItem","position":2,"name":"Butiken","item":"https:\/\/stilanddesign.se\/butiken\/"},{"@type":"ListItem","position":3,"name":"\ud83e\udd0d Glestickad tr\u00f6ja \u2013 stilren &#038; luftig favorit \u2728"}]},{"@type":"WebSite","@id":"https:\/\/stilanddesign.se\/#website","url":"https:\/\/stilanddesign.se\/","name":"Style &amp; Design","description":"For those of us who love fashion!","publisher":{"@id":"https:\/\/stilanddesign.se\/#organization"},"potentialAction":[{"@type":"SearchAction","target":{"@type":"EntryPoint","urlTemplate":"https:\/\/stilanddesign.se\/?s={search_term_string}"},"query-input":{"@type":"PropertyValueSpecification","valueRequired":true,"valueName":"search_term_string"}}],"inLanguage":"en-US"},{"@type":"Organization","@id":"https:\/\/stilanddesign.se\/#organization","name":"Style &amp; Design","url":"https:\/\/stilanddesign.se\/","logo":{"@type":"ImageObject","inLanguage":"en-US","@id":"https:\/\/stilanddesign.se\/#\/schema\/logo\/image\/","url":"https:\/\/stilanddesign.se\/wp-content\/uploads\/2023\/12\/output-onlinepngtools-e1727784413220.png","contentUrl":"https:\/\/stilanddesign.se\/wp-content\/uploads\/2023\/12\/output-onlinepngtools-e1727784413220.png","width":519,"height":135,"caption":"Stil &amp; Design"},"image":{"@id":"https:\/\/stilanddesign.se\/#\/schema\/logo\/image\/"}}]}},"_links":{"self":[{"href":"https:\/\/stilanddesign.se\/en\/wp-json\/wp\/v2\/product\/996123","targetHints":{"allow":["GET"]}}],"collection":[{"href":"https:\/\/stilanddesign.se\/en\/wp-json\/wp\/v2\/product"}],"about":[{"href":"https:\/\/stilanddesign.se\/en\/wp-json\/wp\/v2\/types\/product"}],"replies":[{"embeddable":true,"href":"https:\/\/stilanddesign.se\/en\/wp-json\/wp\/v2\/comments?post=996123"}],"wp:featuredmedia":[{"embeddable":true,"href":"https:\/\/stilanddesign.se\/en\/wp-json\/wp\/v2\/media\/996147"}],"wp:attachment":[{"href":"https:\/\/stilanddesign.se\/en\/wp-json\/wp\/v2\/media?parent=996123"}],"wp:term":[{"taxonomy":"product_brand","embeddable":true,"href":"https:\/\/stilanddesign.se\/en\/wp-json\/wp\/v2\/product_brand?post=996123"},{"taxonomy":"product_cat","embeddable":true,"href":"https:\/\/stilanddesign.se\/en\/wp-json\/wp\/v2\/product_cat?post=996123"},{"taxonomy":"product_tag","embeddable":true,"href":"https:\/\/stilanddesign.se\/en\/wp-json\/wp\/v2\/product_tag?post=996123"}],"curies":[{"name":"wp","href":"https:\/\/api.w.org\/{rel}","templated":true}]}}