{"id":991599,"date":"2024-11-08T09:11:47","date_gmt":"2024-11-08T08:11:47","guid":{"rendered":"https:\/\/stilanddesign.se\/?post_type=product&#038;p=991599"},"modified":"2024-11-08T17:29:25","modified_gmt":"2024-11-08T16:29:25","slug":"fin-batikmonstrad-klanning-i-henna-rose","status":"publish","type":"product","link":"https:\/\/stilanddesign.se\/en\/product\/fin-batikmonstrad-klanning-i-henna-rose\/","title":{"rendered":"Beautiful batik patterned dress in Henna Rose"},"content":{"rendered":"<p><span class=\"productname\">HAVANA DRESS HENNA ROSE\/ASPHALT\/SAND<\/span><\/p>\n<div class=\"shortdescription\">\n<p class=\"p1\"><span class=\"s1\">Check out the pattern on this treat! We absolutely love the burnt tones of this Henna Rose, Asphalt and Sand toned dress, where a beautiful wedge-shaped pattern is interspersed with a trendy batik pattern. The model has a sewn-in wrap over the bust with wide sleeves and slightly larger armholes that go all the way down to the cut-off with soft elastic at the waist. At waist height there are also ribbons with tassels on both sides, which can be tied either in the front, back or on either side. The skirt part is slightly longer and the dress has high slits on both sides. <\/span><\/p>\n<p class=\"p1\"><span class=\"s1\">\u2013 100% viscose.<\/span><\/p>\n<p class=\"p1\"><span class=\"s1\">\u2013 Measures 130 cm front and back from the shoulder in size M.<\/span><\/p>\n<p class=\"p1\"><span class=\"s1\">\u2013 The model is 171 cm tall and is wearing size S.<\/span><\/p>\n<\/div>","protected":false},"excerpt":{"rendered":"<p><span class=\"productname\">HAVANA DRESS HENNA ROSE\/ASPHALT\/SAND<\/span><\/p>\n<div class=\"shortdescription\">\n<p class=\"p1\"><span class=\"s1\">Check out the pattern on this treat! We absolutely love the burnt tones of this Henna Rose, Asphalt and Sand toned dress, where a beautiful wedge-shaped pattern is interspersed with a trendy batik pattern. The model has a sewn-in wrap over the bust with wide sleeves and slightly larger armholes that go all the way down to the cut-off with soft elastic at the waist. At waist height there are also ribbons with tassels on both sides, which can be tied either in the front, back or on either side. The skirt part is slightly longer and the dress has high slits on both sides. <\/span><\/p>\n<p class=\"p1\"><span class=\"s1\">\u2013 100% viscose.<\/span><\/p>\n<p class=\"p1\"><span class=\"s1\">\u2013 Measures 130 cm front and back from the shoulder in size M.<\/span><\/p>\n<p class=\"p1\"><span class=\"s1\">\u2013 The model is 171 cm tall and is wearing size S.<\/span><\/p>\n<\/div>","protected":false},"featured_media":991626,"comment_status":"closed","ping_status":"closed","template":"","meta":[],"product_brand":[],"product_cat":[215],"product_tag":[],"class_list":{"0":"post-991599","1":"product","2":"type-product","3":"status-publish","4":"has-post-thumbnail","6":"product_cat-klanningar","8":"first","9":"outofstock","10":"taxable","11":"shipping-taxable","12":"purchasable","13":"product-type-variable"},"yoast_head":"<!-- This site is optimized with the Yoast SEO Premium plugin v27.4 (Yoast SEO v27.5) - https:\/\/yoast.com\/product\/yoast-seo-premium-wordpress\/ -->\n<title>Fin batikm\u00f6nstrad kl\u00e4nning i Henna Rose - Stil &amp; Design<\/title>\n<meta name=\"description\" content=\"H\u00e4rliga bl\u00e5jeans med ljusa slitningar\" \/>\n<meta name=\"robots\" content=\"index, follow, max-snippet:-1, max-image-preview:large, max-video-preview:-1\" \/>\n<link rel=\"canonical\" href=\"https:\/\/stilanddesign.se\/en\/product\/fin-batikmonstrad-klanning-i-henna-rose\/\" \/>\n<meta property=\"og:locale\" content=\"en_US\" \/>\n<meta property=\"og:type\" content=\"article\" \/>\n<meta property=\"og:title\" content=\"Fin batikm\u00f6nstrad kl\u00e4nning i Henna Rose\" \/>\n<meta property=\"og:description\" content=\"H\u00e4rliga bl\u00e5jeans med ljusa slitningar\" \/>\n<meta property=\"og:url\" content=\"https:\/\/stilanddesign.se\/en\/product\/fin-batikmonstrad-klanning-i-henna-rose\/\" \/>\n<meta property=\"og:site_name\" content=\"Stil &amp; Design\" \/>\n<meta property=\"article:modified_time\" content=\"2024-11-08T16:29:25+00:00\" \/>\n<meta property=\"og:image\" content=\"https:\/\/stilanddesign.se\/wp-content\/uploads\/2024\/11\/695.jpeg\" \/>\n\t<meta property=\"og:image:width\" content=\"300\" \/>\n\t<meta property=\"og:image:height\" content=\"450\" \/>\n\t<meta property=\"og:image:type\" content=\"image\/jpeg\" \/>\n<meta name=\"twitter:card\" content=\"summary_large_image\" \/>\n<meta name=\"twitter:label1\" content=\"Est. reading time\" \/>\n\t<meta name=\"twitter:data1\" content=\"1 minute\" \/>\n<script type=\"application\/ld+json\" class=\"yoast-schema-graph\">{\"@context\":\"https:\\\/\\\/schema.org\",\"@graph\":[{\"@type\":\"WebPage\",\"@id\":\"https:\\\/\\\/stilanddesign.se\\\/produkt\\\/fin-batikmonstrad-klanning-i-henna-rose\\\/\",\"url\":\"https:\\\/\\\/stilanddesign.se\\\/produkt\\\/fin-batikmonstrad-klanning-i-henna-rose\\\/\",\"name\":\"Fin batikm\u00f6nstrad kl\u00e4nning i Henna Rose - Stil &amp; Design\",\"isPartOf\":{\"@id\":\"https:\\\/\\\/stilanddesign.se\\\/#website\"},\"primaryImageOfPage\":{\"@id\":\"https:\\\/\\\/stilanddesign.se\\\/produkt\\\/fin-batikmonstrad-klanning-i-henna-rose\\\/#primaryimage\"},\"image\":{\"@id\":\"https:\\\/\\\/stilanddesign.se\\\/produkt\\\/fin-batikmonstrad-klanning-i-henna-rose\\\/#primaryimage\"},\"thumbnailUrl\":\"https:\\\/\\\/stilanddesign.se\\\/wp-content\\\/uploads\\\/2024\\\/11\\\/695.jpeg\",\"datePublished\":\"2024-11-08T08:11:47+00:00\",\"dateModified\":\"2024-11-08T16:29:25+00:00\",\"description\":\"H\u00e4rliga bl\u00e5jeans med ljusa slitningar\",\"breadcrumb\":{\"@id\":\"https:\\\/\\\/stilanddesign.se\\\/produkt\\\/fin-batikmonstrad-klanning-i-henna-rose\\\/#breadcrumb\"},\"inLanguage\":\"en-US\",\"potentialAction\":[{\"@type\":\"ReadAction\",\"target\":[\"https:\\\/\\\/stilanddesign.se\\\/produkt\\\/fin-batikmonstrad-klanning-i-henna-rose\\\/\"]}]},{\"@type\":\"ImageObject\",\"inLanguage\":\"en-US\",\"@id\":\"https:\\\/\\\/stilanddesign.se\\\/produkt\\\/fin-batikmonstrad-klanning-i-henna-rose\\\/#primaryimage\",\"url\":\"https:\\\/\\\/stilanddesign.se\\\/wp-content\\\/uploads\\\/2024\\\/11\\\/695.jpeg\",\"contentUrl\":\"https:\\\/\\\/stilanddesign.se\\\/wp-content\\\/uploads\\\/2024\\\/11\\\/695.jpeg\",\"width\":300,\"height\":450},{\"@type\":\"BreadcrumbList\",\"@id\":\"https:\\\/\\\/stilanddesign.se\\\/produkt\\\/fin-batikmonstrad-klanning-i-henna-rose\\\/#breadcrumb\",\"itemListElement\":[{\"@type\":\"ListItem\",\"position\":1,\"name\":\"Hem\",\"item\":\"https:\\\/\\\/stilanddesign.se\\\/\"},{\"@type\":\"ListItem\",\"position\":2,\"name\":\"Butiken\",\"item\":\"https:\\\/\\\/stilanddesign.se\\\/butiken\\\/\"},{\"@type\":\"ListItem\",\"position\":3,\"name\":\"Fin batikm\u00f6nstrad kl\u00e4nning i Henna Rose\"}]},{\"@type\":\"WebSite\",\"@id\":\"https:\\\/\\\/stilanddesign.se\\\/#website\",\"url\":\"https:\\\/\\\/stilanddesign.se\\\/\",\"name\":\"Stil &amp; Design\",\"description\":\"F\u00f6r oss som \u00e4lskar mode!\",\"publisher\":{\"@id\":\"https:\\\/\\\/stilanddesign.se\\\/#organization\"},\"potentialAction\":[{\"@type\":\"SearchAction\",\"target\":{\"@type\":\"EntryPoint\",\"urlTemplate\":\"https:\\\/\\\/stilanddesign.se\\\/?s={search_term_string}\"},\"query-input\":{\"@type\":\"PropertyValueSpecification\",\"valueRequired\":true,\"valueName\":\"search_term_string\"}}],\"inLanguage\":\"en-US\"},{\"@type\":\"Organization\",\"@id\":\"https:\\\/\\\/stilanddesign.se\\\/#organization\",\"name\":\"Stil &amp; Design\",\"url\":\"https:\\\/\\\/stilanddesign.se\\\/\",\"logo\":{\"@type\":\"ImageObject\",\"inLanguage\":\"en-US\",\"@id\":\"https:\\\/\\\/stilanddesign.se\\\/#\\\/schema\\\/logo\\\/image\\\/\",\"url\":\"https:\\\/\\\/stilanddesign.se\\\/wp-content\\\/uploads\\\/2023\\\/12\\\/output-onlinepngtools-e1727784413220.png\",\"contentUrl\":\"https:\\\/\\\/stilanddesign.se\\\/wp-content\\\/uploads\\\/2023\\\/12\\\/output-onlinepngtools-e1727784413220.png\",\"width\":519,\"height\":135,\"caption\":\"Stil &amp; Design\"},\"image\":{\"@id\":\"https:\\\/\\\/stilanddesign.se\\\/#\\\/schema\\\/logo\\\/image\\\/\"}}]}<\/script>\n<!-- \/ Yoast SEO Premium plugin. -->","yoast_head_json":{"title":"Fin batikm\u00f6nstrad kl\u00e4nning i Henna Rose - Stil &amp; Design","description":"Lovely blue jeans with light abrasions","robots":{"index":"index","follow":"follow","max-snippet":"max-snippet:-1","max-image-preview":"max-image-preview:large","max-video-preview":"max-video-preview:-1"},"canonical":"https:\/\/stilanddesign.se\/en\/product\/fin-batikmonstrad-klanning-i-henna-rose\/","og_locale":"en_US","og_type":"article","og_title":"Fin batikm\u00f6nstrad kl\u00e4nning i Henna Rose","og_description":"H\u00e4rliga bl\u00e5jeans med ljusa slitningar","og_url":"https:\/\/stilanddesign.se\/en\/product\/fin-batikmonstrad-klanning-i-henna-rose\/","og_site_name":"Stil &amp; Design","article_modified_time":"2024-11-08T16:29:25+00:00","og_image":[{"width":300,"height":450,"url":"https:\/\/stilanddesign.se\/wp-content\/uploads\/2024\/11\/695.jpeg","type":"image\/jpeg"}],"twitter_card":"summary_large_image","twitter_misc":{"Est. reading time":"1 minute"},"schema":{"@context":"https:\/\/schema.org","@graph":[{"@type":"WebPage","@id":"https:\/\/stilanddesign.se\/produkt\/fin-batikmonstrad-klanning-i-henna-rose\/","url":"https:\/\/stilanddesign.se\/produkt\/fin-batikmonstrad-klanning-i-henna-rose\/","name":"Fin batikm\u00f6nstrad kl\u00e4nning i Henna Rose - Stil &amp; Design","isPartOf":{"@id":"https:\/\/stilanddesign.se\/#website"},"primaryImageOfPage":{"@id":"https:\/\/stilanddesign.se\/produkt\/fin-batikmonstrad-klanning-i-henna-rose\/#primaryimage"},"image":{"@id":"https:\/\/stilanddesign.se\/produkt\/fin-batikmonstrad-klanning-i-henna-rose\/#primaryimage"},"thumbnailUrl":"https:\/\/stilanddesign.se\/wp-content\/uploads\/2024\/11\/695.jpeg","datePublished":"2024-11-08T08:11:47+00:00","dateModified":"2024-11-08T16:29:25+00:00","description":"Lovely blue jeans with light abrasions","breadcrumb":{"@id":"https:\/\/stilanddesign.se\/produkt\/fin-batikmonstrad-klanning-i-henna-rose\/#breadcrumb"},"inLanguage":"en-US","potentialAction":[{"@type":"ReadAction","target":["https:\/\/stilanddesign.se\/produkt\/fin-batikmonstrad-klanning-i-henna-rose\/"]}]},{"@type":"ImageObject","inLanguage":"en-US","@id":"https:\/\/stilanddesign.se\/produkt\/fin-batikmonstrad-klanning-i-henna-rose\/#primaryimage","url":"https:\/\/stilanddesign.se\/wp-content\/uploads\/2024\/11\/695.jpeg","contentUrl":"https:\/\/stilanddesign.se\/wp-content\/uploads\/2024\/11\/695.jpeg","width":300,"height":450},{"@type":"BreadcrumbList","@id":"https:\/\/stilanddesign.se\/produkt\/fin-batikmonstrad-klanning-i-henna-rose\/#breadcrumb","itemListElement":[{"@type":"ListItem","position":1,"name":"Hem","item":"https:\/\/stilanddesign.se\/"},{"@type":"ListItem","position":2,"name":"Butiken","item":"https:\/\/stilanddesign.se\/butiken\/"},{"@type":"ListItem","position":3,"name":"Fin batikm\u00f6nstrad kl\u00e4nning i Henna Rose"}]},{"@type":"WebSite","@id":"https:\/\/stilanddesign.se\/#website","url":"https:\/\/stilanddesign.se\/","name":"Style &amp; Design","description":"For those of us who love fashion!","publisher":{"@id":"https:\/\/stilanddesign.se\/#organization"},"potentialAction":[{"@type":"SearchAction","target":{"@type":"EntryPoint","urlTemplate":"https:\/\/stilanddesign.se\/?s={search_term_string}"},"query-input":{"@type":"PropertyValueSpecification","valueRequired":true,"valueName":"search_term_string"}}],"inLanguage":"en-US"},{"@type":"Organization","@id":"https:\/\/stilanddesign.se\/#organization","name":"Style &amp; Design","url":"https:\/\/stilanddesign.se\/","logo":{"@type":"ImageObject","inLanguage":"en-US","@id":"https:\/\/stilanddesign.se\/#\/schema\/logo\/image\/","url":"https:\/\/stilanddesign.se\/wp-content\/uploads\/2023\/12\/output-onlinepngtools-e1727784413220.png","contentUrl":"https:\/\/stilanddesign.se\/wp-content\/uploads\/2023\/12\/output-onlinepngtools-e1727784413220.png","width":519,"height":135,"caption":"Stil &amp; Design"},"image":{"@id":"https:\/\/stilanddesign.se\/#\/schema\/logo\/image\/"}}]}},"_links":{"self":[{"href":"https:\/\/stilanddesign.se\/en\/wp-json\/wp\/v2\/product\/991599","targetHints":{"allow":["GET"]}}],"collection":[{"href":"https:\/\/stilanddesign.se\/en\/wp-json\/wp\/v2\/product"}],"about":[{"href":"https:\/\/stilanddesign.se\/en\/wp-json\/wp\/v2\/types\/product"}],"replies":[{"embeddable":true,"href":"https:\/\/stilanddesign.se\/en\/wp-json\/wp\/v2\/comments?post=991599"}],"wp:featuredmedia":[{"embeddable":true,"href":"https:\/\/stilanddesign.se\/en\/wp-json\/wp\/v2\/media\/991626"}],"wp:attachment":[{"href":"https:\/\/stilanddesign.se\/en\/wp-json\/wp\/v2\/media?parent=991599"}],"wp:term":[{"taxonomy":"product_brand","embeddable":true,"href":"https:\/\/stilanddesign.se\/en\/wp-json\/wp\/v2\/product_brand?post=991599"},{"taxonomy":"product_cat","embeddable":true,"href":"https:\/\/stilanddesign.se\/en\/wp-json\/wp\/v2\/product_cat?post=991599"},{"taxonomy":"product_tag","embeddable":true,"href":"https:\/\/stilanddesign.se\/en\/wp-json\/wp\/v2\/product_tag?post=991599"}],"curies":[{"name":"wp","href":"https:\/\/api.w.org\/{rel}","templated":true}]}}