{"id":1077866,"date":"2026-05-15T16:10:35","date_gmt":"2026-05-15T14:10:35","guid":{"rendered":"https:\/\/stilanddesign.se\/?post_type=product&#038;p=1077866"},"modified":"2026-05-16T11:37:04","modified_gmt":"2026-05-16T09:37:04","slug":"%e2%9c%a8-virkad-topp-i-cremevitt-och-blatt","status":"publish","type":"product","link":"https:\/\/stilanddesign.se\/en\/product\/%e2%9c%a8-virkad-topp-i-cremevitt-och-blatt\/","title":{"rendered":"\u2728 Crochet top in cream white and blue"},"content":{"rendered":"<div class=\"text-base my-auto mx-auto pb-10 [--thread-content-margin:--spacing(4)] @w-sm\/main:[--thread-content-margin:--spacing(6)] @w-lg\/main:[--thread-content-margin:--spacing(16)] px-(--thread-content-margin)\">\n<div class=\"[--thread-content-max-width:40rem] @w-lg\/main:[--thread-content-max-width:48rem] mx-auto max-w-(--thread-content-max-width) flex-1 group\/turn-messages focus-visible:outline-hidden relative flex w-full min-w-0 flex-col agent-turn\" tabindex=\"-1\">\n<div class=\"flex max-w-full flex-col grow\">\n<div class=\"min-h-8 text-message relative flex w-full flex-col items-end gap-2 text-start break-words whitespace-normal [.text-message+&amp;]:mt-1\" dir=\"auto\" data-message-author-role=\"assistant\" data-message-id=\"287af6fa-bd09-40ba-9bc7-8745fccac916\" data-message-model-slug=\"gpt-5-2\">\n<div class=\"flex w-full flex-col gap-1 empty:hidden first:pt-[1px]\">\n<div class=\"markdown prose dark:prose-invert w-full break-words light markdown-new-styling\">\n<p data-start=\"0\" data-end=\"39\"><strong data-start=\"0\" data-end=\"39\">\u2728 Virkad topp i cremevitt och bl\u00e5tt<\/strong><\/p>\n<p data-start=\"41\" data-end=\"423\">\ud83d\udc99 Charmig virkad topp i cremevitt och bl\u00e5tt med romantisk k\u00e4nsla<br data-start=\"106\" data-end=\"109\" \/>\ud83d\udc5a V-ringad modell som ger ett fint och feminint uttryck<br data-start=\"165\" data-end=\"168\" \/>\u2728 3\/4 l\u00e5ng pingvin\u00e4rm f\u00f6r en luftig och avslappnad passform<br data-start=\"227\" data-end=\"230\" \/>\ud83c\udf3f Vackra virkade detaljer som ger toppen en unik och somrig look<br data-start=\"295\" data-end=\"298\" \/>\u2600\ufe0f Perfekt att matcha med jeans, shorts eller kjol f\u00f6r en stilren outfit<br data-start=\"370\" data-end=\"373\" \/>\ud83d\udcab Ett riktigt blickf\u00e5ng till sommarens garderob<\/p>\n<p data-start=\"425\" data-end=\"514\">\ud83d\udccf <strong data-start=\"428\" data-end=\"440\">Storlek:<\/strong> One Size<br data-start=\"449\" data-end=\"452\" \/>\ud83d\udcd0 Bystm\u00e5tt: ca 66 cm<br data-start=\"473\" data-end=\"476\" data-is-only-node=\"\" \/>\ud83d\udcd0 L\u00e4ngd fr\u00e5n axel och ner: ca 57 cm<\/p>\n<p data-start=\"516\" data-end=\"579\" data-is-last-node=\"\" data-is-only-node=\"\">\ud83e\uddf5 <strong data-start=\"519\" data-end=\"532\">Material:<\/strong> 66% bomull, 34% polyester<br data-start=\"558\" data-end=\"561\" \/>\ud83e\udee7 <strong data-start=\"564\" data-end=\"574\" data-is-only-node=\"\">Tv\u00e4tt:<\/strong> 30\u00b0C<\/p>\n<\/div>\n<\/div>\n<\/div>\n<\/div>\n<\/div>\n<\/div>\n","protected":false},"excerpt":{"rendered":"<p data-start=\"0\" data-end=\"39\"><strong data-start=\"0\" data-end=\"39\">\u2728 Crochet top in cream white and blue<\/strong><\/p>\n<p data-start=\"41\" data-end=\"423\">\ud83d\udc99 Charming crochet top in cream white and blue with a romantic feel<br data-start=\"106\" data-end=\"109\" \/>\ud83d\udc5a V-neck model that gives a nice and feminine look<br data-start=\"165\" data-end=\"168\" \/>\u2728 3\/4-length penguin sleeves for an airy and relaxed fit<br data-start=\"227\" data-end=\"230\" \/>\ud83c\udf3f Beautiful crochet details that give the top a unique and summery look<br data-start=\"295\" data-end=\"298\" \/>\u2600\ufe0f Perfect to match with jeans, shorts or a skirt for a stylish outfit<br data-start=\"370\" data-end=\"373\" \/>\ud83d\udcab A real eye-catcher for your summer wardrobe<\/p>\n<p data-start=\"425\" data-end=\"514\">\ud83d\udccf <strong data-start=\"428\" data-end=\"440\">Size:<\/strong> One Size<br data-start=\"449\" data-end=\"452\" \/>\ud83d\udcd0 Bust measurement: approx. 66 cm<br data-start=\"473\" data-end=\"476\" data-is-only-node=\"\" \/>\ud83d\udcd0 Length from shoulder to bottom: approx. 57 cm<\/p>\n<p data-start=\"516\" data-end=\"579\" data-is-last-node=\"\" data-is-only-node=\"\">\ud83e\uddf5 <strong data-start=\"519\" data-end=\"532\">Material:<\/strong> 66% cotton, 34% polyester<br data-start=\"558\" data-end=\"561\" \/>\ud83e\udee7 <strong data-start=\"564\" data-end=\"574\" data-is-only-node=\"\">Laundry:<\/strong> 30\u00b0C<\/p>","protected":false},"featured_media":1077863,"comment_status":"closed","ping_status":"closed","template":"","meta":[],"product_brand":[],"product_cat":[226,217,223],"product_tag":[],"class_list":{"0":"post-1077866","1":"product","2":"type-product","3":"status-publish","4":"has-post-thumbnail","6":"product_cat-koftor-stickade-koftor","7":"product_cat-produktnyheter","8":"product_cat-stickade-trojor","10":"first","11":"instock","12":"taxable","13":"shipping-taxable","14":"purchasable","15":"product-type-variable"},"yoast_head":"<!-- This site is optimized with the Yoast SEO Premium plugin v27.4 (Yoast SEO v27.6) - https:\/\/yoast.com\/product\/yoast-seo-premium-wordpress\/ -->\n<title>\u2728 Virkad topp i cremevitt och bl\u00e5tt - Stil &amp; Design<\/title>\n<meta name=\"robots\" content=\"index, follow, max-snippet:-1, max-image-preview:large, max-video-preview:-1\" \/>\n<link rel=\"canonical\" href=\"https:\/\/stilanddesign.se\/en\/product\/\u2728-virkad-topp-i-cremevitt-och-blatt\/\" \/>\n<meta property=\"og:locale\" content=\"en_US\" \/>\n<meta property=\"og:type\" content=\"article\" \/>\n<meta property=\"og:title\" content=\"\u2728 Virkad topp i cremevitt och bl\u00e5tt\" \/>\n<meta property=\"og:description\" content=\"\u2728 Virkad topp i cremevitt och bl\u00e5tt \ud83d\udc99 Charmig virkad topp i cremevitt och bl\u00e5tt med romantisk k\u00e4nsla\ud83d\udc5a V-ringad modell som ger ett fint och feminint uttryck\u2728 3\/4 l\u00e5ng pingvin\u00e4rm f\u00f6r en luftig och avslappnad passform\ud83c\udf3f Vackra virkade detaljer som ger toppen en unik och somrig look\u2600\ufe0f Perfekt att matcha med jeans, shorts eller kjol f\u00f6r en stilren outfit\ud83d\udcab Ett riktigt blickf\u00e5ng till sommarens garderob \ud83d\udccf Storlek: One Size\ud83d\udcd0 Bystm\u00e5tt: ca 66 cm\ud83d\udcd0 L\u00e4ngd fr\u00e5n axel och ner: ca 57 cm \ud83e\uddf5 Material: 66% bomull, 34% polyester\ud83e\udee7 Tv\u00e4tt: 30\u00b0C\" \/>\n<meta property=\"og:url\" content=\"https:\/\/stilanddesign.se\/en\/product\/\u2728-virkad-topp-i-cremevitt-och-blatt\/\" \/>\n<meta property=\"og:site_name\" content=\"Stil &amp; Design\" \/>\n<meta property=\"article:modified_time\" content=\"2026-05-16T09:37:04+00:00\" \/>\n<meta property=\"og:image\" content=\"https:\/\/stilanddesign.se\/wp-content\/uploads\/2026\/05\/85858977777.jpg\" \/>\n\t<meta property=\"og:image:width\" content=\"400\" \/>\n\t<meta property=\"og:image:height\" content=\"400\" \/>\n\t<meta property=\"og:image:type\" content=\"image\/jpeg\" \/>\n<meta name=\"twitter:card\" content=\"summary_large_image\" \/>\n<meta name=\"twitter:label1\" content=\"Est. reading time\" \/>\n\t<meta name=\"twitter:data1\" content=\"1 minute\" \/>\n<script type=\"application\/ld+json\" class=\"yoast-schema-graph\">{\"@context\":\"https:\\\/\\\/schema.org\",\"@graph\":[{\"@type\":\"WebPage\",\"@id\":\"https:\\\/\\\/stilanddesign.se\\\/produkt\\\/%e2%9c%a8-virkad-topp-i-cremevitt-och-blatt\\\/\",\"url\":\"https:\\\/\\\/stilanddesign.se\\\/produkt\\\/%e2%9c%a8-virkad-topp-i-cremevitt-och-blatt\\\/\",\"name\":\"\u2728 Virkad topp i cremevitt och bl\u00e5tt - Stil &amp; Design\",\"isPartOf\":{\"@id\":\"https:\\\/\\\/stilanddesign.se\\\/#website\"},\"primaryImageOfPage\":{\"@id\":\"https:\\\/\\\/stilanddesign.se\\\/produkt\\\/%e2%9c%a8-virkad-topp-i-cremevitt-och-blatt\\\/#primaryimage\"},\"image\":{\"@id\":\"https:\\\/\\\/stilanddesign.se\\\/produkt\\\/%e2%9c%a8-virkad-topp-i-cremevitt-och-blatt\\\/#primaryimage\"},\"thumbnailUrl\":\"https:\\\/\\\/stilanddesign.se\\\/wp-content\\\/uploads\\\/2026\\\/05\\\/85858977777.jpg\",\"datePublished\":\"2026-05-15T14:10:35+00:00\",\"dateModified\":\"2026-05-16T09:37:04+00:00\",\"breadcrumb\":{\"@id\":\"https:\\\/\\\/stilanddesign.se\\\/produkt\\\/%e2%9c%a8-virkad-topp-i-cremevitt-och-blatt\\\/#breadcrumb\"},\"inLanguage\":\"en-US\",\"potentialAction\":[{\"@type\":\"ReadAction\",\"target\":[\"https:\\\/\\\/stilanddesign.se\\\/produkt\\\/%e2%9c%a8-virkad-topp-i-cremevitt-och-blatt\\\/\"]}]},{\"@type\":\"ImageObject\",\"inLanguage\":\"en-US\",\"@id\":\"https:\\\/\\\/stilanddesign.se\\\/produkt\\\/%e2%9c%a8-virkad-topp-i-cremevitt-och-blatt\\\/#primaryimage\",\"url\":\"https:\\\/\\\/stilanddesign.se\\\/wp-content\\\/uploads\\\/2026\\\/05\\\/85858977777.jpg\",\"contentUrl\":\"https:\\\/\\\/stilanddesign.se\\\/wp-content\\\/uploads\\\/2026\\\/05\\\/85858977777.jpg\",\"width\":400,\"height\":400,\"caption\":\"Virkad topp i cremevit och bl\u00e5\"},{\"@type\":\"BreadcrumbList\",\"@id\":\"https:\\\/\\\/stilanddesign.se\\\/produkt\\\/%e2%9c%a8-virkad-topp-i-cremevitt-och-blatt\\\/#breadcrumb\",\"itemListElement\":[{\"@type\":\"ListItem\",\"position\":1,\"name\":\"Hem\",\"item\":\"https:\\\/\\\/stilanddesign.se\\\/\"},{\"@type\":\"ListItem\",\"position\":2,\"name\":\"Butiken\",\"item\":\"https:\\\/\\\/stilanddesign.se\\\/butiken\\\/\"},{\"@type\":\"ListItem\",\"position\":3,\"name\":\"\u2728 Virkad topp i cremevitt och bl\u00e5tt\"}]},{\"@type\":\"WebSite\",\"@id\":\"https:\\\/\\\/stilanddesign.se\\\/#website\",\"url\":\"https:\\\/\\\/stilanddesign.se\\\/\",\"name\":\"Stil &amp; Design\",\"description\":\"F\u00f6r oss som \u00e4lskar mode!\",\"publisher\":{\"@id\":\"https:\\\/\\\/stilanddesign.se\\\/#organization\"},\"potentialAction\":[{\"@type\":\"SearchAction\",\"target\":{\"@type\":\"EntryPoint\",\"urlTemplate\":\"https:\\\/\\\/stilanddesign.se\\\/?s={search_term_string}\"},\"query-input\":{\"@type\":\"PropertyValueSpecification\",\"valueRequired\":true,\"valueName\":\"search_term_string\"}}],\"inLanguage\":\"en-US\"},{\"@type\":\"Organization\",\"@id\":\"https:\\\/\\\/stilanddesign.se\\\/#organization\",\"name\":\"Stil &amp; Design\",\"url\":\"https:\\\/\\\/stilanddesign.se\\\/\",\"logo\":{\"@type\":\"ImageObject\",\"inLanguage\":\"en-US\",\"@id\":\"https:\\\/\\\/stilanddesign.se\\\/#\\\/schema\\\/logo\\\/image\\\/\",\"url\":\"https:\\\/\\\/stilanddesign.se\\\/wp-content\\\/uploads\\\/2023\\\/12\\\/output-onlinepngtools-e1727784413220.png\",\"contentUrl\":\"https:\\\/\\\/stilanddesign.se\\\/wp-content\\\/uploads\\\/2023\\\/12\\\/output-onlinepngtools-e1727784413220.png\",\"width\":519,\"height\":135,\"caption\":\"Stil &amp; Design\"},\"image\":{\"@id\":\"https:\\\/\\\/stilanddesign.se\\\/#\\\/schema\\\/logo\\\/image\\\/\"}}]}<\/script>\n<!-- \/ Yoast SEO Premium plugin. -->","yoast_head_json":{"title":"\u2728 Virkad topp i cremevitt och bl\u00e5tt - Stil &amp; Design","robots":{"index":"index","follow":"follow","max-snippet":"max-snippet:-1","max-image-preview":"max-image-preview:large","max-video-preview":"max-video-preview:-1"},"canonical":"https:\/\/stilanddesign.se\/en\/product\/\u2728-virkad-topp-i-cremevitt-och-blatt\/","og_locale":"en_US","og_type":"article","og_title":"\u2728 Virkad topp i cremevitt och bl\u00e5tt","og_description":"\u2728 Virkad topp i cremevitt och bl\u00e5tt \ud83d\udc99 Charmig virkad topp i cremevitt och bl\u00e5tt med romantisk k\u00e4nsla\ud83d\udc5a V-ringad modell som ger ett fint och feminint uttryck\u2728 3\/4 l\u00e5ng pingvin\u00e4rm f\u00f6r en luftig och avslappnad passform\ud83c\udf3f Vackra virkade detaljer som ger toppen en unik och somrig look\u2600\ufe0f Perfekt att matcha med jeans, shorts eller kjol f\u00f6r en stilren outfit\ud83d\udcab Ett riktigt blickf\u00e5ng till sommarens garderob \ud83d\udccf Storlek: One Size\ud83d\udcd0 Bystm\u00e5tt: ca 66 cm\ud83d\udcd0 L\u00e4ngd fr\u00e5n axel och ner: ca 57 cm \ud83e\uddf5 Material: 66% bomull, 34% polyester\ud83e\udee7 Tv\u00e4tt: 30\u00b0C","og_url":"https:\/\/stilanddesign.se\/en\/product\/\u2728-virkad-topp-i-cremevitt-och-blatt\/","og_site_name":"Stil &amp; Design","article_modified_time":"2026-05-16T09:37:04+00:00","og_image":[{"width":400,"height":400,"url":"https:\/\/stilanddesign.se\/wp-content\/uploads\/2026\/05\/85858977777.jpg","type":"image\/jpeg"}],"twitter_card":"summary_large_image","twitter_misc":{"Est. reading time":"1 minute"},"schema":{"@context":"https:\/\/schema.org","@graph":[{"@type":"WebPage","@id":"https:\/\/stilanddesign.se\/produkt\/%e2%9c%a8-virkad-topp-i-cremevitt-och-blatt\/","url":"https:\/\/stilanddesign.se\/produkt\/%e2%9c%a8-virkad-topp-i-cremevitt-och-blatt\/","name":"\u2728 Virkad topp i cremevitt och bl\u00e5tt - Stil &amp; Design","isPartOf":{"@id":"https:\/\/stilanddesign.se\/#website"},"primaryImageOfPage":{"@id":"https:\/\/stilanddesign.se\/produkt\/%e2%9c%a8-virkad-topp-i-cremevitt-och-blatt\/#primaryimage"},"image":{"@id":"https:\/\/stilanddesign.se\/produkt\/%e2%9c%a8-virkad-topp-i-cremevitt-och-blatt\/#primaryimage"},"thumbnailUrl":"https:\/\/stilanddesign.se\/wp-content\/uploads\/2026\/05\/85858977777.jpg","datePublished":"2026-05-15T14:10:35+00:00","dateModified":"2026-05-16T09:37:04+00:00","breadcrumb":{"@id":"https:\/\/stilanddesign.se\/produkt\/%e2%9c%a8-virkad-topp-i-cremevitt-och-blatt\/#breadcrumb"},"inLanguage":"en-US","potentialAction":[{"@type":"ReadAction","target":["https:\/\/stilanddesign.se\/produkt\/%e2%9c%a8-virkad-topp-i-cremevitt-och-blatt\/"]}]},{"@type":"ImageObject","inLanguage":"en-US","@id":"https:\/\/stilanddesign.se\/produkt\/%e2%9c%a8-virkad-topp-i-cremevitt-och-blatt\/#primaryimage","url":"https:\/\/stilanddesign.se\/wp-content\/uploads\/2026\/05\/85858977777.jpg","contentUrl":"https:\/\/stilanddesign.se\/wp-content\/uploads\/2026\/05\/85858977777.jpg","width":400,"height":400,"caption":"Virkad topp i cremevit och bl\u00e5"},{"@type":"BreadcrumbList","@id":"https:\/\/stilanddesign.se\/produkt\/%e2%9c%a8-virkad-topp-i-cremevitt-och-blatt\/#breadcrumb","itemListElement":[{"@type":"ListItem","position":1,"name":"Hem","item":"https:\/\/stilanddesign.se\/"},{"@type":"ListItem","position":2,"name":"Butiken","item":"https:\/\/stilanddesign.se\/butiken\/"},{"@type":"ListItem","position":3,"name":"\u2728 Virkad topp i cremevitt och bl\u00e5tt"}]},{"@type":"WebSite","@id":"https:\/\/stilanddesign.se\/#website","url":"https:\/\/stilanddesign.se\/","name":"Style &amp; Design","description":"For those of us who love fashion!","publisher":{"@id":"https:\/\/stilanddesign.se\/#organization"},"potentialAction":[{"@type":"SearchAction","target":{"@type":"EntryPoint","urlTemplate":"https:\/\/stilanddesign.se\/?s={search_term_string}"},"query-input":{"@type":"PropertyValueSpecification","valueRequired":true,"valueName":"search_term_string"}}],"inLanguage":"en-US"},{"@type":"Organization","@id":"https:\/\/stilanddesign.se\/#organization","name":"Style &amp; Design","url":"https:\/\/stilanddesign.se\/","logo":{"@type":"ImageObject","inLanguage":"en-US","@id":"https:\/\/stilanddesign.se\/#\/schema\/logo\/image\/","url":"https:\/\/stilanddesign.se\/wp-content\/uploads\/2023\/12\/output-onlinepngtools-e1727784413220.png","contentUrl":"https:\/\/stilanddesign.se\/wp-content\/uploads\/2023\/12\/output-onlinepngtools-e1727784413220.png","width":519,"height":135,"caption":"Stil &amp; Design"},"image":{"@id":"https:\/\/stilanddesign.se\/#\/schema\/logo\/image\/"}}]}},"_links":{"self":[{"href":"https:\/\/stilanddesign.se\/en\/wp-json\/wp\/v2\/product\/1077866","targetHints":{"allow":["GET"]}}],"collection":[{"href":"https:\/\/stilanddesign.se\/en\/wp-json\/wp\/v2\/product"}],"about":[{"href":"https:\/\/stilanddesign.se\/en\/wp-json\/wp\/v2\/types\/product"}],"replies":[{"embeddable":true,"href":"https:\/\/stilanddesign.se\/en\/wp-json\/wp\/v2\/comments?post=1077866"}],"wp:featuredmedia":[{"embeddable":true,"href":"https:\/\/stilanddesign.se\/en\/wp-json\/wp\/v2\/media\/1077863"}],"wp:attachment":[{"href":"https:\/\/stilanddesign.se\/en\/wp-json\/wp\/v2\/media?parent=1077866"}],"wp:term":[{"taxonomy":"product_brand","embeddable":true,"href":"https:\/\/stilanddesign.se\/en\/wp-json\/wp\/v2\/product_brand?post=1077866"},{"taxonomy":"product_cat","embeddable":true,"href":"https:\/\/stilanddesign.se\/en\/wp-json\/wp\/v2\/product_cat?post=1077866"},{"taxonomy":"product_tag","embeddable":true,"href":"https:\/\/stilanddesign.se\/en\/wp-json\/wp\/v2\/product_tag?post=1077866"}],"curies":[{"name":"wp","href":"https:\/\/api.w.org\/{rel}","templated":true}]}}