{"id":1077689,"date":"2026-05-13T12:47:43","date_gmt":"2026-05-13T10:47:43","guid":{"rendered":"https:\/\/stilanddesign.se\/?post_type=product&#038;p=1077689"},"modified":"2026-05-13T12:47:44","modified_gmt":"2026-05-13T10:47:44","slug":"%e2%9c%a8-flare-jeans-med-brodyr-caramell-fashion","status":"publish","type":"product","link":"https:\/\/stilanddesign.se\/en\/product\/%e2%9c%a8-flare-jeans-med-brodyr-caramell-fashion\/","title":{"rendered":"\u2728 Flare jeans with embroidery \u2013 Caramell Fashion"},"content":{"rendered":"<p data-start=\"0\" data-end=\"47\"><strong data-start=\"0\" data-end=\"47\">\u2728 Flare jeans with embroidery \u2013 Caramell Fashion<\/strong><\/p>\n<p data-start=\"49\" data-end=\"426\">\ud83c\udf3c Stylish flare jeans with feminine embroidery details<br data-start=\"98\" data-end=\"101\" \/>\ud83d\udc56 Trendy flared model that gives a flattering silhouette<br data-start=\"158\" data-end=\"161\" \/>\u2728 Stretchy and comfortable quality for a perfect fit all day long<br data-start=\"224\" data-end=\"227\" \/>\ud83d\udc5c Classic jeans model with front and back pockets<br data-start=\"274\" data-end=\"277\" \/>\u2600\ufe0f Easy to style with tops, blouses and knitwear for a modern and feminine look<br data-start=\"358\" data-end=\"361\" \/>\ud83d\udcab A pair of jeans that combines trend and comfort in the best way<\/p>\n<p data-start=\"428\" data-end=\"466\">\ud83d\udccf <strong data-start=\"431\" data-end=\"445\">Sizes:<\/strong> 34, 36, 38, 40, 42<\/p>\n<p data-start=\"468\" data-end=\"543\" data-is-last-node=\"\" data-is-only-node=\"\">\ud83e\uddf5 <strong data-start=\"471\" data-end=\"484\">Material:<\/strong> 70% cotton, 28% polyester, 2% elastane<br data-start=\"522\" data-end=\"525\" \/>\ud83e\udee7 <strong data-start=\"528\" data-end=\"538\" data-is-only-node=\"\">Laundry:<\/strong> 30\u00b0C<\/p>","protected":false},"excerpt":{"rendered":"<p data-start=\"0\" data-end=\"47\"><strong data-start=\"0\" data-end=\"47\">\u2728 Flare jeans with embroidery \u2013 Caramell Fashion<\/strong><\/p>\n<p data-start=\"49\" data-end=\"426\">\ud83c\udf3c Stylish flare jeans with feminine embroidery details<br data-start=\"98\" data-end=\"101\" \/>\ud83d\udc56 Trendy flared model that gives a flattering silhouette<br data-start=\"158\" data-end=\"161\" \/>\u2728 Stretchy and comfortable quality for a perfect fit all day long<br data-start=\"224\" data-end=\"227\" \/>\ud83d\udc5c Classic jeans model with front and back pockets<br data-start=\"274\" data-end=\"277\" \/>\u2600\ufe0f Easy to style with tops, blouses and knitwear for a modern and feminine look<br data-start=\"358\" data-end=\"361\" \/>\ud83d\udcab A pair of jeans that combines trend and comfort in the best way<\/p>\n<p data-start=\"428\" data-end=\"466\">\ud83d\udccf <strong data-start=\"431\" data-end=\"445\">Sizes:<\/strong> 34, 36, 38, 40, 42<\/p>\n<p data-start=\"468\" data-end=\"543\" data-is-last-node=\"\" data-is-only-node=\"\">\ud83e\uddf5 <strong data-start=\"471\" data-end=\"484\">Material:<\/strong> 70% cotton, 28% polyester, 2% elastane<br data-start=\"522\" data-end=\"525\" \/>\ud83e\udee7 <strong data-start=\"528\" data-end=\"538\" data-is-only-node=\"\">Laundry:<\/strong> 30\u00b0C<\/p>","protected":false},"featured_media":1077688,"comment_status":"closed","ping_status":"closed","template":"","meta":[],"product_brand":[],"product_cat":[208,217],"product_tag":[],"class_list":{"0":"post-1077689","1":"product","2":"type-product","3":"status-publish","4":"has-post-thumbnail","6":"product_cat-jeans","7":"product_cat-produktnyheter","9":"first","10":"instock","11":"taxable","12":"shipping-taxable","13":"purchasable","14":"product-type-variable"},"yoast_head":"<!-- This site is optimized with the Yoast SEO Premium plugin v27.4 (Yoast SEO v27.6) - https:\/\/yoast.com\/product\/yoast-seo-premium-wordpress\/ -->\n<title>\u2728 Flare jeans med brodyr \u2013 Caramell Fashion - Stil &amp; Design<\/title>\n<meta name=\"robots\" content=\"index, follow, max-snippet:-1, max-image-preview:large, max-video-preview:-1\" \/>\n<link rel=\"canonical\" href=\"https:\/\/stilanddesign.se\/en\/product\/\u2728-flare-jeans-med-brodyr-caramell-fashion\/\" \/>\n<meta property=\"og:locale\" content=\"en_US\" \/>\n<meta property=\"og:type\" content=\"article\" \/>\n<meta property=\"og:title\" content=\"\u2728 Flare jeans med brodyr \u2013 Caramell Fashion\" \/>\n<meta property=\"og:description\" content=\"\u2728 Flare jeans med brodyr \u2013 Caramell Fashion \ud83c\udf3c Snygga flare jeans med feminina brodyrdetaljer\ud83d\udc56 Trendig utsv\u00e4ngd modell som ger en smickrande silhuett\u2728 Stretchig och bekv\u00e4m kvalitet f\u00f6r perfekt passform hela dagen\ud83d\udc5c Klassisk jeansmodell med fickor fram och bak\u2600\ufe0f L\u00e4tta att styla med b\u00e5de topp, blus och stickat f\u00f6r en modern och feminin look\ud83d\udcab Ett par jeans som kombinerar trend och komfort p\u00e5 b\u00e4sta s\u00e4tt \ud83d\udccf Storlekar: 34, 36, 38, 40, 42 \ud83e\uddf5 Material: 70% bomull, 28% polyester, 2% elastan\ud83e\udee7 Tv\u00e4tt: 30\u00b0C\" \/>\n<meta property=\"og:url\" content=\"https:\/\/stilanddesign.se\/en\/product\/\u2728-flare-jeans-med-brodyr-caramell-fashion\/\" \/>\n<meta property=\"og:site_name\" content=\"Stil &amp; Design\" \/>\n<meta property=\"article:modified_time\" content=\"2026-05-13T10:47:44+00:00\" \/>\n<meta property=\"og:image\" content=\"https:\/\/stilanddesign.se\/wp-content\/uploads\/2026\/05\/Y6922C.jpg\" \/>\n\t<meta property=\"og:image:width\" content=\"576\" \/>\n\t<meta property=\"og:image:height\" content=\"622\" \/>\n\t<meta property=\"og:image:type\" content=\"image\/jpeg\" \/>\n<meta name=\"twitter:card\" content=\"summary_large_image\" \/>\n<meta name=\"twitter:label1\" content=\"Est. reading time\" \/>\n\t<meta name=\"twitter:data1\" content=\"1 minute\" \/>\n<script type=\"application\/ld+json\" class=\"yoast-schema-graph\">{\"@context\":\"https:\\\/\\\/schema.org\",\"@graph\":[{\"@type\":\"WebPage\",\"@id\":\"https:\\\/\\\/stilanddesign.se\\\/produkt\\\/%e2%9c%a8-flare-jeans-med-brodyr-caramell-fashion\\\/\",\"url\":\"https:\\\/\\\/stilanddesign.se\\\/produkt\\\/%e2%9c%a8-flare-jeans-med-brodyr-caramell-fashion\\\/\",\"name\":\"\u2728 Flare jeans med brodyr \u2013 Caramell Fashion - Stil &amp; Design\",\"isPartOf\":{\"@id\":\"https:\\\/\\\/stilanddesign.se\\\/#website\"},\"primaryImageOfPage\":{\"@id\":\"https:\\\/\\\/stilanddesign.se\\\/produkt\\\/%e2%9c%a8-flare-jeans-med-brodyr-caramell-fashion\\\/#primaryimage\"},\"image\":{\"@id\":\"https:\\\/\\\/stilanddesign.se\\\/produkt\\\/%e2%9c%a8-flare-jeans-med-brodyr-caramell-fashion\\\/#primaryimage\"},\"thumbnailUrl\":\"https:\\\/\\\/stilanddesign.se\\\/wp-content\\\/uploads\\\/2026\\\/05\\\/Y6922C.jpg\",\"datePublished\":\"2026-05-13T10:47:43+00:00\",\"dateModified\":\"2026-05-13T10:47:44+00:00\",\"breadcrumb\":{\"@id\":\"https:\\\/\\\/stilanddesign.se\\\/produkt\\\/%e2%9c%a8-flare-jeans-med-brodyr-caramell-fashion\\\/#breadcrumb\"},\"inLanguage\":\"en-US\",\"potentialAction\":[{\"@type\":\"ReadAction\",\"target\":[\"https:\\\/\\\/stilanddesign.se\\\/produkt\\\/%e2%9c%a8-flare-jeans-med-brodyr-caramell-fashion\\\/\"]}]},{\"@type\":\"ImageObject\",\"inLanguage\":\"en-US\",\"@id\":\"https:\\\/\\\/stilanddesign.se\\\/produkt\\\/%e2%9c%a8-flare-jeans-med-brodyr-caramell-fashion\\\/#primaryimage\",\"url\":\"https:\\\/\\\/stilanddesign.se\\\/wp-content\\\/uploads\\\/2026\\\/05\\\/Y6922C.jpg\",\"contentUrl\":\"https:\\\/\\\/stilanddesign.se\\\/wp-content\\\/uploads\\\/2026\\\/05\\\/Y6922C.jpg\",\"width\":576,\"height\":622},{\"@type\":\"BreadcrumbList\",\"@id\":\"https:\\\/\\\/stilanddesign.se\\\/produkt\\\/%e2%9c%a8-flare-jeans-med-brodyr-caramell-fashion\\\/#breadcrumb\",\"itemListElement\":[{\"@type\":\"ListItem\",\"position\":1,\"name\":\"Hem\",\"item\":\"https:\\\/\\\/stilanddesign.se\\\/\"},{\"@type\":\"ListItem\",\"position\":2,\"name\":\"Butiken\",\"item\":\"https:\\\/\\\/stilanddesign.se\\\/butiken\\\/\"},{\"@type\":\"ListItem\",\"position\":3,\"name\":\"\u2728 Flare jeans med brodyr \u2013 Caramell Fashion\"}]},{\"@type\":\"WebSite\",\"@id\":\"https:\\\/\\\/stilanddesign.se\\\/#website\",\"url\":\"https:\\\/\\\/stilanddesign.se\\\/\",\"name\":\"Stil &amp; Design\",\"description\":\"F\u00f6r oss som \u00e4lskar mode!\",\"publisher\":{\"@id\":\"https:\\\/\\\/stilanddesign.se\\\/#organization\"},\"potentialAction\":[{\"@type\":\"SearchAction\",\"target\":{\"@type\":\"EntryPoint\",\"urlTemplate\":\"https:\\\/\\\/stilanddesign.se\\\/?s={search_term_string}\"},\"query-input\":{\"@type\":\"PropertyValueSpecification\",\"valueRequired\":true,\"valueName\":\"search_term_string\"}}],\"inLanguage\":\"en-US\"},{\"@type\":\"Organization\",\"@id\":\"https:\\\/\\\/stilanddesign.se\\\/#organization\",\"name\":\"Stil &amp; Design\",\"url\":\"https:\\\/\\\/stilanddesign.se\\\/\",\"logo\":{\"@type\":\"ImageObject\",\"inLanguage\":\"en-US\",\"@id\":\"https:\\\/\\\/stilanddesign.se\\\/#\\\/schema\\\/logo\\\/image\\\/\",\"url\":\"https:\\\/\\\/stilanddesign.se\\\/wp-content\\\/uploads\\\/2023\\\/12\\\/output-onlinepngtools-e1727784413220.png\",\"contentUrl\":\"https:\\\/\\\/stilanddesign.se\\\/wp-content\\\/uploads\\\/2023\\\/12\\\/output-onlinepngtools-e1727784413220.png\",\"width\":519,\"height\":135,\"caption\":\"Stil &amp; Design\"},\"image\":{\"@id\":\"https:\\\/\\\/stilanddesign.se\\\/#\\\/schema\\\/logo\\\/image\\\/\"}}]}<\/script>\n<!-- \/ Yoast SEO Premium plugin. -->","yoast_head_json":{"title":"\u2728 Flare jeans med brodyr \u2013 Caramell Fashion - Stil &amp; Design","robots":{"index":"index","follow":"follow","max-snippet":"max-snippet:-1","max-image-preview":"max-image-preview:large","max-video-preview":"max-video-preview:-1"},"canonical":"https:\/\/stilanddesign.se\/en\/product\/\u2728-flare-jeans-med-brodyr-caramell-fashion\/","og_locale":"en_US","og_type":"article","og_title":"\u2728 Flare jeans med brodyr \u2013 Caramell Fashion","og_description":"\u2728 Flare jeans med brodyr \u2013 Caramell Fashion \ud83c\udf3c Snygga flare jeans med feminina brodyrdetaljer\ud83d\udc56 Trendig utsv\u00e4ngd modell som ger en smickrande silhuett\u2728 Stretchig och bekv\u00e4m kvalitet f\u00f6r perfekt passform hela dagen\ud83d\udc5c Klassisk jeansmodell med fickor fram och bak\u2600\ufe0f L\u00e4tta att styla med b\u00e5de topp, blus och stickat f\u00f6r en modern och feminin look\ud83d\udcab Ett par jeans som kombinerar trend och komfort p\u00e5 b\u00e4sta s\u00e4tt \ud83d\udccf Storlekar: 34, 36, 38, 40, 42 \ud83e\uddf5 Material: 70% bomull, 28% polyester, 2% elastan\ud83e\udee7 Tv\u00e4tt: 30\u00b0C","og_url":"https:\/\/stilanddesign.se\/en\/product\/\u2728-flare-jeans-med-brodyr-caramell-fashion\/","og_site_name":"Stil &amp; Design","article_modified_time":"2026-05-13T10:47:44+00:00","og_image":[{"width":576,"height":622,"url":"https:\/\/stilanddesign.se\/wp-content\/uploads\/2026\/05\/Y6922C.jpg","type":"image\/jpeg"}],"twitter_card":"summary_large_image","twitter_misc":{"Est. reading time":"1 minute"},"schema":{"@context":"https:\/\/schema.org","@graph":[{"@type":"WebPage","@id":"https:\/\/stilanddesign.se\/produkt\/%e2%9c%a8-flare-jeans-med-brodyr-caramell-fashion\/","url":"https:\/\/stilanddesign.se\/produkt\/%e2%9c%a8-flare-jeans-med-brodyr-caramell-fashion\/","name":"\u2728 Flare jeans med brodyr \u2013 Caramell Fashion - Stil &amp; Design","isPartOf":{"@id":"https:\/\/stilanddesign.se\/#website"},"primaryImageOfPage":{"@id":"https:\/\/stilanddesign.se\/produkt\/%e2%9c%a8-flare-jeans-med-brodyr-caramell-fashion\/#primaryimage"},"image":{"@id":"https:\/\/stilanddesign.se\/produkt\/%e2%9c%a8-flare-jeans-med-brodyr-caramell-fashion\/#primaryimage"},"thumbnailUrl":"https:\/\/stilanddesign.se\/wp-content\/uploads\/2026\/05\/Y6922C.jpg","datePublished":"2026-05-13T10:47:43+00:00","dateModified":"2026-05-13T10:47:44+00:00","breadcrumb":{"@id":"https:\/\/stilanddesign.se\/produkt\/%e2%9c%a8-flare-jeans-med-brodyr-caramell-fashion\/#breadcrumb"},"inLanguage":"en-US","potentialAction":[{"@type":"ReadAction","target":["https:\/\/stilanddesign.se\/produkt\/%e2%9c%a8-flare-jeans-med-brodyr-caramell-fashion\/"]}]},{"@type":"ImageObject","inLanguage":"en-US","@id":"https:\/\/stilanddesign.se\/produkt\/%e2%9c%a8-flare-jeans-med-brodyr-caramell-fashion\/#primaryimage","url":"https:\/\/stilanddesign.se\/wp-content\/uploads\/2026\/05\/Y6922C.jpg","contentUrl":"https:\/\/stilanddesign.se\/wp-content\/uploads\/2026\/05\/Y6922C.jpg","width":576,"height":622},{"@type":"BreadcrumbList","@id":"https:\/\/stilanddesign.se\/produkt\/%e2%9c%a8-flare-jeans-med-brodyr-caramell-fashion\/#breadcrumb","itemListElement":[{"@type":"ListItem","position":1,"name":"Hem","item":"https:\/\/stilanddesign.se\/"},{"@type":"ListItem","position":2,"name":"Butiken","item":"https:\/\/stilanddesign.se\/butiken\/"},{"@type":"ListItem","position":3,"name":"\u2728 Flare jeans med brodyr \u2013 Caramell Fashion"}]},{"@type":"WebSite","@id":"https:\/\/stilanddesign.se\/#website","url":"https:\/\/stilanddesign.se\/","name":"Style &amp; Design","description":"For those of us who love fashion!","publisher":{"@id":"https:\/\/stilanddesign.se\/#organization"},"potentialAction":[{"@type":"SearchAction","target":{"@type":"EntryPoint","urlTemplate":"https:\/\/stilanddesign.se\/?s={search_term_string}"},"query-input":{"@type":"PropertyValueSpecification","valueRequired":true,"valueName":"search_term_string"}}],"inLanguage":"en-US"},{"@type":"Organization","@id":"https:\/\/stilanddesign.se\/#organization","name":"Style &amp; Design","url":"https:\/\/stilanddesign.se\/","logo":{"@type":"ImageObject","inLanguage":"en-US","@id":"https:\/\/stilanddesign.se\/#\/schema\/logo\/image\/","url":"https:\/\/stilanddesign.se\/wp-content\/uploads\/2023\/12\/output-onlinepngtools-e1727784413220.png","contentUrl":"https:\/\/stilanddesign.se\/wp-content\/uploads\/2023\/12\/output-onlinepngtools-e1727784413220.png","width":519,"height":135,"caption":"Stil &amp; Design"},"image":{"@id":"https:\/\/stilanddesign.se\/#\/schema\/logo\/image\/"}}]}},"_links":{"self":[{"href":"https:\/\/stilanddesign.se\/en\/wp-json\/wp\/v2\/product\/1077689","targetHints":{"allow":["GET"]}}],"collection":[{"href":"https:\/\/stilanddesign.se\/en\/wp-json\/wp\/v2\/product"}],"about":[{"href":"https:\/\/stilanddesign.se\/en\/wp-json\/wp\/v2\/types\/product"}],"replies":[{"embeddable":true,"href":"https:\/\/stilanddesign.se\/en\/wp-json\/wp\/v2\/comments?post=1077689"}],"wp:featuredmedia":[{"embeddable":true,"href":"https:\/\/stilanddesign.se\/en\/wp-json\/wp\/v2\/media\/1077688"}],"wp:attachment":[{"href":"https:\/\/stilanddesign.se\/en\/wp-json\/wp\/v2\/media?parent=1077689"}],"wp:term":[{"taxonomy":"product_brand","embeddable":true,"href":"https:\/\/stilanddesign.se\/en\/wp-json\/wp\/v2\/product_brand?post=1077689"},{"taxonomy":"product_cat","embeddable":true,"href":"https:\/\/stilanddesign.se\/en\/wp-json\/wp\/v2\/product_cat?post=1077689"},{"taxonomy":"product_tag","embeddable":true,"href":"https:\/\/stilanddesign.se\/en\/wp-json\/wp\/v2\/product_tag?post=1077689"}],"curies":[{"name":"wp","href":"https:\/\/api.w.org\/{rel}","templated":true}]}}