{"id":1077650,"date":"2026-05-13T09:40:00","date_gmt":"2026-05-13T07:40:00","guid":{"rendered":"https:\/\/stilanddesign.se\/?post_type=product&#038;p=1077650"},"modified":"2026-05-13T13:12:48","modified_gmt":"2026-05-13T11:12:48","slug":"%e2%9c%a8-jeans-med-broderade-blommor-caramell-fashion","status":"publish","type":"product","link":"https:\/\/stilanddesign.se\/en\/product\/%e2%9c%a8-jeans-med-broderade-blommor-caramell-fashion\/","title":{"rendered":"\u2728 Jeans with embroidered flowers \u2013 Caramell Fashion"},"content":{"rendered":"<p data-start=\"0\" data-end=\"52\"><strong data-start=\"0\" data-end=\"52\">\u2728 Jeans with embroidered flowers \u2013 Caramell Fashion<\/strong><\/p>\n<p data-start=\"54\" data-end=\"446\">\ud83c\udf3c Trendy jeans with small embroidered flowers that give a playful and feminine feel<br data-start=\"135\" data-end=\"138\" \/>\ud83d\udc56 Straight and relaxed model with a nice fit<br data-start=\"180\" data-end=\"183\" \/>\u2728 Stretchy and comfortable quality for a comfortable fit all day long<br data-start=\"243\" data-end=\"246\" \/>\ud83d\udc5c Classic five-pocket model with button and zipper<br data-start=\"296\" data-end=\"299\" \/>\u2600\ufe0f Perfect to match with tops, blouses and knitwear for a stylish everyday look<br data-start=\"378\" data-end=\"381\" \/>\ud83d\udcab A pair of jeans that really stand out in a stylish way<\/p>\n<p data-start=\"448\" data-end=\"524\">\ud83d\udccf <strong data-start=\"451\" data-end=\"465\">Sizes:<\/strong> 34, 36, 38, 40, 42<br data-start=\"484\" data-end=\"487\" \/>\ud83d\udcd0 Inside leg length size 38: approx. 67 cm<\/p>\n<p data-start=\"526\" data-end=\"586\" data-is-last-node=\"\" data-is-only-node=\"\">\ud83e\uddf5 <strong data-start=\"529\" data-end=\"542\">Material:<\/strong> 97% cotton, 3% elastane<br data-start=\"565\" data-end=\"568\" \/>\ud83e\udee7 <strong data-start=\"571\" data-end=\"581\" data-is-only-node=\"\">Laundry:<\/strong> 30\u00b0C<\/p>","protected":false},"excerpt":{"rendered":"<p data-start=\"0\" data-end=\"52\"><strong data-start=\"0\" data-end=\"52\">\u2728 Jeans with embroidered flowers \u2013 Caramell Fashion<\/strong><\/p>\n<p data-start=\"54\" data-end=\"446\">\ud83c\udf3c Trendy jeans with small embroidered flowers that give a playful and feminine feel<br data-start=\"135\" data-end=\"138\" \/>\ud83d\udc56 Straight and relaxed model with a nice fit<br data-start=\"180\" data-end=\"183\" \/>\u2728 Stretchy and comfortable quality for a comfortable fit all day long<br data-start=\"243\" data-end=\"246\" \/>\ud83d\udc5c Classic five-pocket model with button and zipper<br data-start=\"296\" data-end=\"299\" \/>\u2600\ufe0f Perfect to match with tops, blouses and knitwear for a stylish everyday look<br data-start=\"378\" data-end=\"381\" \/>\ud83d\udcab A pair of jeans that really stand out in a stylish way<\/p>\n<p data-start=\"448\" data-end=\"524\">\ud83d\udccf <strong data-start=\"451\" data-end=\"465\">Sizes:<\/strong> 34, 36, 38, 40, 42<br data-start=\"484\" data-end=\"487\" \/>\ud83d\udcd0 Inside leg length size 38: approx. 67 cm<\/p>\n<p data-start=\"526\" data-end=\"586\" data-is-last-node=\"\" data-is-only-node=\"\">\ud83e\uddf5 <strong data-start=\"529\" data-end=\"542\">Material:<\/strong> 97% cotton, 3% elastane<br data-start=\"565\" data-end=\"568\" \/>\ud83e\udee7 <strong data-start=\"571\" data-end=\"581\" data-is-only-node=\"\">Laundry:<\/strong> 30\u00b0C<\/p>","protected":false},"featured_media":1077656,"comment_status":"closed","ping_status":"closed","template":"","meta":[],"product_brand":[],"product_cat":[208,217],"product_tag":[],"class_list":{"0":"post-1077650","1":"product","2":"type-product","3":"status-publish","4":"has-post-thumbnail","6":"product_cat-jeans","7":"product_cat-produktnyheter","9":"first","10":"instock","11":"taxable","12":"shipping-taxable","13":"purchasable","14":"product-type-variable"},"yoast_head":"<!-- This site is optimized with the Yoast SEO Premium plugin v27.4 (Yoast SEO v27.6) - https:\/\/yoast.com\/product\/yoast-seo-premium-wordpress\/ -->\n<title>\u2728 Jeans med broderade blommor \u2013 Caramell Fashion - Stil &amp; Design<\/title>\n<meta name=\"robots\" content=\"index, follow, max-snippet:-1, max-image-preview:large, max-video-preview:-1\" \/>\n<link rel=\"canonical\" href=\"https:\/\/stilanddesign.se\/en\/product\/\u2728-jeans-med-broderade-blommor-caramell-fashion\/\" \/>\n<meta property=\"og:locale\" content=\"en_US\" \/>\n<meta property=\"og:type\" content=\"article\" \/>\n<meta property=\"og:title\" content=\"\u2728 Jeans med broderade blommor \u2013 Caramell Fashion\" \/>\n<meta property=\"og:description\" content=\"\u2728 Jeans med broderade blommor \u2013 Caramell Fashion \ud83c\udf3c Trendiga jeans med sm\u00e5 broderade blommor som ger en lekfull och feminin k\u00e4nsla\ud83d\udc56 Rak och avslappnad modell med fint fall\u2728 Stretchig och bekv\u00e4m kvalitet f\u00f6r sk\u00f6n passform hela dagen\ud83d\udc5c Klassisk femficksmodell med knapp och dragkedja\u2600\ufe0f Perfekta att matcha med b\u00e5de topp, blus och stickat f\u00f6r en snygg vardagslook\ud83d\udcab Ett par jeans som verkligen sticker ut p\u00e5 ett stilfullt s\u00e4tt \ud83d\udccf Storlekar: 34, 36, 38, 40, 42\ud83d\udcd0 Innerbensl\u00e4ngd strl 38: ca 67 cm \ud83e\uddf5 Material: 97% bomull, 3% elastan\ud83e\udee7 Tv\u00e4tt: 30\u00b0C\" \/>\n<meta property=\"og:url\" content=\"https:\/\/stilanddesign.se\/en\/product\/\u2728-jeans-med-broderade-blommor-caramell-fashion\/\" \/>\n<meta property=\"og:site_name\" content=\"Stil &amp; Design\" \/>\n<meta property=\"article:modified_time\" content=\"2026-05-13T11:12:48+00:00\" \/>\n<meta property=\"og:image\" content=\"https:\/\/stilanddesign.se\/wp-content\/uploads\/2026\/05\/IMG_9044-scaled.jpeg\" \/>\n\t<meta property=\"og:image:width\" content=\"1920\" \/>\n\t<meta property=\"og:image:height\" content=\"2560\" \/>\n\t<meta property=\"og:image:type\" content=\"image\/jpeg\" \/>\n<meta name=\"twitter:card\" content=\"summary_large_image\" \/>\n<meta name=\"twitter:label1\" content=\"Est. reading time\" \/>\n\t<meta name=\"twitter:data1\" content=\"1 minute\" \/>\n<script type=\"application\/ld+json\" class=\"yoast-schema-graph\">{\"@context\":\"https:\\\/\\\/schema.org\",\"@graph\":[{\"@type\":\"WebPage\",\"@id\":\"https:\\\/\\\/stilanddesign.se\\\/produkt\\\/%e2%9c%a8-jeans-med-broderade-blommor-caramell-fashion\\\/\",\"url\":\"https:\\\/\\\/stilanddesign.se\\\/produkt\\\/%e2%9c%a8-jeans-med-broderade-blommor-caramell-fashion\\\/\",\"name\":\"\u2728 Jeans med broderade blommor \u2013 Caramell Fashion - Stil &amp; Design\",\"isPartOf\":{\"@id\":\"https:\\\/\\\/stilanddesign.se\\\/#website\"},\"primaryImageOfPage\":{\"@id\":\"https:\\\/\\\/stilanddesign.se\\\/produkt\\\/%e2%9c%a8-jeans-med-broderade-blommor-caramell-fashion\\\/#primaryimage\"},\"image\":{\"@id\":\"https:\\\/\\\/stilanddesign.se\\\/produkt\\\/%e2%9c%a8-jeans-med-broderade-blommor-caramell-fashion\\\/#primaryimage\"},\"thumbnailUrl\":\"https:\\\/\\\/stilanddesign.se\\\/wp-content\\\/uploads\\\/2026\\\/05\\\/IMG_9044-scaled.jpeg\",\"datePublished\":\"2026-05-13T07:40:00+00:00\",\"dateModified\":\"2026-05-13T11:12:48+00:00\",\"breadcrumb\":{\"@id\":\"https:\\\/\\\/stilanddesign.se\\\/produkt\\\/%e2%9c%a8-jeans-med-broderade-blommor-caramell-fashion\\\/#breadcrumb\"},\"inLanguage\":\"en-US\",\"potentialAction\":[{\"@type\":\"ReadAction\",\"target\":[\"https:\\\/\\\/stilanddesign.se\\\/produkt\\\/%e2%9c%a8-jeans-med-broderade-blommor-caramell-fashion\\\/\"]}]},{\"@type\":\"ImageObject\",\"inLanguage\":\"en-US\",\"@id\":\"https:\\\/\\\/stilanddesign.se\\\/produkt\\\/%e2%9c%a8-jeans-med-broderade-blommor-caramell-fashion\\\/#primaryimage\",\"url\":\"https:\\\/\\\/stilanddesign.se\\\/wp-content\\\/uploads\\\/2026\\\/05\\\/IMG_9044-scaled.jpeg\",\"contentUrl\":\"https:\\\/\\\/stilanddesign.se\\\/wp-content\\\/uploads\\\/2026\\\/05\\\/IMG_9044-scaled.jpeg\",\"width\":1920,\"height\":2560},{\"@type\":\"BreadcrumbList\",\"@id\":\"https:\\\/\\\/stilanddesign.se\\\/produkt\\\/%e2%9c%a8-jeans-med-broderade-blommor-caramell-fashion\\\/#breadcrumb\",\"itemListElement\":[{\"@type\":\"ListItem\",\"position\":1,\"name\":\"Hem\",\"item\":\"https:\\\/\\\/stilanddesign.se\\\/\"},{\"@type\":\"ListItem\",\"position\":2,\"name\":\"Butiken\",\"item\":\"https:\\\/\\\/stilanddesign.se\\\/butiken\\\/\"},{\"@type\":\"ListItem\",\"position\":3,\"name\":\"\u2728 Jeans med broderade blommor \u2013 Caramell Fashion\"}]},{\"@type\":\"WebSite\",\"@id\":\"https:\\\/\\\/stilanddesign.se\\\/#website\",\"url\":\"https:\\\/\\\/stilanddesign.se\\\/\",\"name\":\"Stil &amp; Design\",\"description\":\"F\u00f6r oss som \u00e4lskar mode!\",\"publisher\":{\"@id\":\"https:\\\/\\\/stilanddesign.se\\\/#organization\"},\"potentialAction\":[{\"@type\":\"SearchAction\",\"target\":{\"@type\":\"EntryPoint\",\"urlTemplate\":\"https:\\\/\\\/stilanddesign.se\\\/?s={search_term_string}\"},\"query-input\":{\"@type\":\"PropertyValueSpecification\",\"valueRequired\":true,\"valueName\":\"search_term_string\"}}],\"inLanguage\":\"en-US\"},{\"@type\":\"Organization\",\"@id\":\"https:\\\/\\\/stilanddesign.se\\\/#organization\",\"name\":\"Stil &amp; Design\",\"url\":\"https:\\\/\\\/stilanddesign.se\\\/\",\"logo\":{\"@type\":\"ImageObject\",\"inLanguage\":\"en-US\",\"@id\":\"https:\\\/\\\/stilanddesign.se\\\/#\\\/schema\\\/logo\\\/image\\\/\",\"url\":\"https:\\\/\\\/stilanddesign.se\\\/wp-content\\\/uploads\\\/2023\\\/12\\\/output-onlinepngtools-e1727784413220.png\",\"contentUrl\":\"https:\\\/\\\/stilanddesign.se\\\/wp-content\\\/uploads\\\/2023\\\/12\\\/output-onlinepngtools-e1727784413220.png\",\"width\":519,\"height\":135,\"caption\":\"Stil &amp; Design\"},\"image\":{\"@id\":\"https:\\\/\\\/stilanddesign.se\\\/#\\\/schema\\\/logo\\\/image\\\/\"}}]}<\/script>\n<!-- \/ Yoast SEO Premium plugin. -->","yoast_head_json":{"title":"\u2728 Jeans med broderade blommor \u2013 Caramell Fashion - Stil &amp; Design","robots":{"index":"index","follow":"follow","max-snippet":"max-snippet:-1","max-image-preview":"max-image-preview:large","max-video-preview":"max-video-preview:-1"},"canonical":"https:\/\/stilanddesign.se\/en\/product\/\u2728-jeans-med-broderade-blommor-caramell-fashion\/","og_locale":"en_US","og_type":"article","og_title":"\u2728 Jeans med broderade blommor \u2013 Caramell Fashion","og_description":"\u2728 Jeans med broderade blommor \u2013 Caramell Fashion \ud83c\udf3c Trendiga jeans med sm\u00e5 broderade blommor som ger en lekfull och feminin k\u00e4nsla\ud83d\udc56 Rak och avslappnad modell med fint fall\u2728 Stretchig och bekv\u00e4m kvalitet f\u00f6r sk\u00f6n passform hela dagen\ud83d\udc5c Klassisk femficksmodell med knapp och dragkedja\u2600\ufe0f Perfekta att matcha med b\u00e5de topp, blus och stickat f\u00f6r en snygg vardagslook\ud83d\udcab Ett par jeans som verkligen sticker ut p\u00e5 ett stilfullt s\u00e4tt \ud83d\udccf Storlekar: 34, 36, 38, 40, 42\ud83d\udcd0 Innerbensl\u00e4ngd strl 38: ca 67 cm \ud83e\uddf5 Material: 97% bomull, 3% elastan\ud83e\udee7 Tv\u00e4tt: 30\u00b0C","og_url":"https:\/\/stilanddesign.se\/en\/product\/\u2728-jeans-med-broderade-blommor-caramell-fashion\/","og_site_name":"Stil &amp; Design","article_modified_time":"2026-05-13T11:12:48+00:00","og_image":[{"width":1920,"height":2560,"url":"https:\/\/stilanddesign.se\/wp-content\/uploads\/2026\/05\/IMG_9044-scaled.jpeg","type":"image\/jpeg"}],"twitter_card":"summary_large_image","twitter_misc":{"Est. reading time":"1 minute"},"schema":{"@context":"https:\/\/schema.org","@graph":[{"@type":"WebPage","@id":"https:\/\/stilanddesign.se\/produkt\/%e2%9c%a8-jeans-med-broderade-blommor-caramell-fashion\/","url":"https:\/\/stilanddesign.se\/produkt\/%e2%9c%a8-jeans-med-broderade-blommor-caramell-fashion\/","name":"\u2728 Jeans med broderade blommor \u2013 Caramell Fashion - Stil &amp; Design","isPartOf":{"@id":"https:\/\/stilanddesign.se\/#website"},"primaryImageOfPage":{"@id":"https:\/\/stilanddesign.se\/produkt\/%e2%9c%a8-jeans-med-broderade-blommor-caramell-fashion\/#primaryimage"},"image":{"@id":"https:\/\/stilanddesign.se\/produkt\/%e2%9c%a8-jeans-med-broderade-blommor-caramell-fashion\/#primaryimage"},"thumbnailUrl":"https:\/\/stilanddesign.se\/wp-content\/uploads\/2026\/05\/IMG_9044-scaled.jpeg","datePublished":"2026-05-13T07:40:00+00:00","dateModified":"2026-05-13T11:12:48+00:00","breadcrumb":{"@id":"https:\/\/stilanddesign.se\/produkt\/%e2%9c%a8-jeans-med-broderade-blommor-caramell-fashion\/#breadcrumb"},"inLanguage":"en-US","potentialAction":[{"@type":"ReadAction","target":["https:\/\/stilanddesign.se\/produkt\/%e2%9c%a8-jeans-med-broderade-blommor-caramell-fashion\/"]}]},{"@type":"ImageObject","inLanguage":"en-US","@id":"https:\/\/stilanddesign.se\/produkt\/%e2%9c%a8-jeans-med-broderade-blommor-caramell-fashion\/#primaryimage","url":"https:\/\/stilanddesign.se\/wp-content\/uploads\/2026\/05\/IMG_9044-scaled.jpeg","contentUrl":"https:\/\/stilanddesign.se\/wp-content\/uploads\/2026\/05\/IMG_9044-scaled.jpeg","width":1920,"height":2560},{"@type":"BreadcrumbList","@id":"https:\/\/stilanddesign.se\/produkt\/%e2%9c%a8-jeans-med-broderade-blommor-caramell-fashion\/#breadcrumb","itemListElement":[{"@type":"ListItem","position":1,"name":"Hem","item":"https:\/\/stilanddesign.se\/"},{"@type":"ListItem","position":2,"name":"Butiken","item":"https:\/\/stilanddesign.se\/butiken\/"},{"@type":"ListItem","position":3,"name":"\u2728 Jeans med broderade blommor \u2013 Caramell Fashion"}]},{"@type":"WebSite","@id":"https:\/\/stilanddesign.se\/#website","url":"https:\/\/stilanddesign.se\/","name":"Style &amp; Design","description":"For those of us who love fashion!","publisher":{"@id":"https:\/\/stilanddesign.se\/#organization"},"potentialAction":[{"@type":"SearchAction","target":{"@type":"EntryPoint","urlTemplate":"https:\/\/stilanddesign.se\/?s={search_term_string}"},"query-input":{"@type":"PropertyValueSpecification","valueRequired":true,"valueName":"search_term_string"}}],"inLanguage":"en-US"},{"@type":"Organization","@id":"https:\/\/stilanddesign.se\/#organization","name":"Style &amp; Design","url":"https:\/\/stilanddesign.se\/","logo":{"@type":"ImageObject","inLanguage":"en-US","@id":"https:\/\/stilanddesign.se\/#\/schema\/logo\/image\/","url":"https:\/\/stilanddesign.se\/wp-content\/uploads\/2023\/12\/output-onlinepngtools-e1727784413220.png","contentUrl":"https:\/\/stilanddesign.se\/wp-content\/uploads\/2023\/12\/output-onlinepngtools-e1727784413220.png","width":519,"height":135,"caption":"Stil &amp; Design"},"image":{"@id":"https:\/\/stilanddesign.se\/#\/schema\/logo\/image\/"}}]}},"_links":{"self":[{"href":"https:\/\/stilanddesign.se\/en\/wp-json\/wp\/v2\/product\/1077650","targetHints":{"allow":["GET"]}}],"collection":[{"href":"https:\/\/stilanddesign.se\/en\/wp-json\/wp\/v2\/product"}],"about":[{"href":"https:\/\/stilanddesign.se\/en\/wp-json\/wp\/v2\/types\/product"}],"replies":[{"embeddable":true,"href":"https:\/\/stilanddesign.se\/en\/wp-json\/wp\/v2\/comments?post=1077650"}],"wp:featuredmedia":[{"embeddable":true,"href":"https:\/\/stilanddesign.se\/en\/wp-json\/wp\/v2\/media\/1077656"}],"wp:attachment":[{"href":"https:\/\/stilanddesign.se\/en\/wp-json\/wp\/v2\/media?parent=1077650"}],"wp:term":[{"taxonomy":"product_brand","embeddable":true,"href":"https:\/\/stilanddesign.se\/en\/wp-json\/wp\/v2\/product_brand?post=1077650"},{"taxonomy":"product_cat","embeddable":true,"href":"https:\/\/stilanddesign.se\/en\/wp-json\/wp\/v2\/product_cat?post=1077650"},{"taxonomy":"product_tag","embeddable":true,"href":"https:\/\/stilanddesign.se\/en\/wp-json\/wp\/v2\/product_tag?post=1077650"}],"curies":[{"name":"wp","href":"https:\/\/api.w.org\/{rel}","templated":true}]}}