{"id":1077640,"date":"2026-05-13T08:33:46","date_gmt":"2026-05-13T06:33:46","guid":{"rendered":"https:\/\/stilanddesign.se\/?post_type=product&#038;p=1077640"},"modified":"2026-05-13T08:38:34","modified_gmt":"2026-05-13T06:38:34","slug":"glansiga-magiska-byxor-i-beige","status":"publish","type":"product","link":"https:\/\/stilanddesign.se\/en\/product\/glansiga-magiska-byxor-i-beige\/","title":{"rendered":"Shiny magic pants in beige"},"content":{"rendered":"<h1>Glansiga stretchbyxor<\/h1>\n<div class=\"tws-article-description--text-container\">\n<div>\n<p class=\"tws-article-description--article-number\">Art.nr:\u00a0Ilma Beige<\/p>\n<div class=\"tws-article-description--text-container\">\n<div class=\"tws-article-description--text\">Ilma \u00e4r superstretchig, bekv\u00e4m och har en subtil glans som lyfter varje look. Perfekt f\u00f6r b\u00e5de vardag och kv\u00e4ll \u2013 ett nyckelplagg du enkelt stylar upp eller ner.<\/div>\n<div>Material: 75% viskos, 20% nylon, 5% elastic Storlek: Onesize, passar 36-44 Modellen \u00e4r 171 cm l\u00e5ng<\/div>\n<\/div>\n<\/div>\n<\/div>","protected":false},"excerpt":{"rendered":"<h1 class=\"\">Glansiga stretchbyxor<\/h1>\n<div class=\"tws-article-description--text-container\">\n<div>\n<p class=\"tws-article-description--article-number\">Art.nr:\u00a0Ilma Beige<\/p>\n<div class=\"tws-article-description--text-container\">\n<div class=\"tws-article-description--text\">Ilma \u00e4r superstretchig, bekv\u00e4m och har en subtil glans som lyfter varje look. Perfekt f\u00f6r b\u00e5de vardag och kv\u00e4ll \u2013 ett nyckelplagg du enkelt stylar upp eller ner.<\/div>\n<div>Material: 75% viskos, 20% nylon, 5% elastic Storlek: Onesize, passar 36-44 Modellen \u00e4r 171 cm l\u00e5ng<\/div>\n<\/div>\n<\/div>\n<\/div>","protected":false},"featured_media":1077604,"comment_status":"closed","ping_status":"closed","template":"","meta":[],"product_brand":[],"product_cat":[203,217],"product_tag":[],"class_list":{"0":"post-1077640","1":"product","2":"type-product","3":"status-publish","4":"has-post-thumbnail","6":"product_cat-byxor","7":"product_cat-produktnyheter","9":"first","10":"instock","11":"taxable","12":"shipping-taxable","13":"purchasable","14":"product-type-variable"},"yoast_head":"<!-- This site is optimized with the Yoast SEO Premium plugin v27.4 (Yoast SEO v27.6) - https:\/\/yoast.com\/product\/yoast-seo-premium-wordpress\/ -->\n<title>Glansiga magiska byxor i beige - Stil &amp; Design<\/title>\n<meta name=\"robots\" content=\"index, follow, max-snippet:-1, max-image-preview:large, max-video-preview:-1\" \/>\n<link rel=\"canonical\" href=\"https:\/\/stilanddesign.se\/en\/product\/glansiga-magiska-byxor-i-beige\/\" \/>\n<meta property=\"og:locale\" content=\"en_US\" \/>\n<meta property=\"og:type\" content=\"article\" \/>\n<meta property=\"og:title\" content=\"Glansiga magiska byxor i beige\" \/>\n<meta property=\"og:description\" content=\"Glansiga stretchbyxor   Art.nr:\u00a0Ilma Beige   Ilma \u00e4r superstretchig, bekv\u00e4m och har en subtil glans som lyfter varje look. Perfekt f\u00f6r b\u00e5de vardag och kv\u00e4ll \u2013 ett nyckelplagg du enkelt stylar upp eller ner. Material: 75% viskos, 20% nylon, 5% elastic Storlek: Onesize, passar 36-44 Modellen \u00e4r 171 cm l\u00e5ng\" \/>\n<meta property=\"og:url\" content=\"https:\/\/stilanddesign.se\/en\/product\/glansiga-magiska-byxor-i-beige\/\" \/>\n<meta property=\"og:site_name\" content=\"Stil &amp; Design\" \/>\n<meta property=\"article:modified_time\" content=\"2026-05-13T06:38:34+00:00\" \/>\n<meta name=\"twitter:card\" content=\"summary_large_image\" \/>\n<meta name=\"twitter:label1\" content=\"Est. reading time\" \/>\n\t<meta name=\"twitter:data1\" content=\"1 minute\" \/>\n<script type=\"application\/ld+json\" class=\"yoast-schema-graph\">{\"@context\":\"https:\\\/\\\/schema.org\",\"@graph\":[{\"@type\":\"WebPage\",\"@id\":\"https:\\\/\\\/stilanddesign.se\\\/produkt\\\/glansiga-magiska-byxor-i-beige\\\/\",\"url\":\"https:\\\/\\\/stilanddesign.se\\\/produkt\\\/glansiga-magiska-byxor-i-beige\\\/\",\"name\":\"Glansiga magiska byxor i beige - Stil &amp; Design\",\"isPartOf\":{\"@id\":\"https:\\\/\\\/stilanddesign.se\\\/#website\"},\"primaryImageOfPage\":{\"@id\":\"https:\\\/\\\/stilanddesign.se\\\/produkt\\\/glansiga-magiska-byxor-i-beige\\\/#primaryimage\"},\"image\":{\"@id\":\"https:\\\/\\\/stilanddesign.se\\\/produkt\\\/glansiga-magiska-byxor-i-beige\\\/#primaryimage\"},\"thumbnailUrl\":\"https:\\\/\\\/stilanddesign.se\\\/wp-content\\\/uploads\\\/2026\\\/05\\\/858585978888.avif\",\"datePublished\":\"2026-05-13T06:33:46+00:00\",\"dateModified\":\"2026-05-13T06:38:34+00:00\",\"breadcrumb\":{\"@id\":\"https:\\\/\\\/stilanddesign.se\\\/produkt\\\/glansiga-magiska-byxor-i-beige\\\/#breadcrumb\"},\"inLanguage\":\"en-US\",\"potentialAction\":[{\"@type\":\"ReadAction\",\"target\":[\"https:\\\/\\\/stilanddesign.se\\\/produkt\\\/glansiga-magiska-byxor-i-beige\\\/\"]}]},{\"@type\":\"ImageObject\",\"inLanguage\":\"en-US\",\"@id\":\"https:\\\/\\\/stilanddesign.se\\\/produkt\\\/glansiga-magiska-byxor-i-beige\\\/#primaryimage\",\"url\":\"https:\\\/\\\/stilanddesign.se\\\/wp-content\\\/uploads\\\/2026\\\/05\\\/858585978888.avif\",\"contentUrl\":\"https:\\\/\\\/stilanddesign.se\\\/wp-content\\\/uploads\\\/2026\\\/05\\\/858585978888.avif\",\"width\":1440,\"height\":1920,\"caption\":\"Magiska byxor i glansig beige\"},{\"@type\":\"BreadcrumbList\",\"@id\":\"https:\\\/\\\/stilanddesign.se\\\/produkt\\\/glansiga-magiska-byxor-i-beige\\\/#breadcrumb\",\"itemListElement\":[{\"@type\":\"ListItem\",\"position\":1,\"name\":\"Hem\",\"item\":\"https:\\\/\\\/stilanddesign.se\\\/\"},{\"@type\":\"ListItem\",\"position\":2,\"name\":\"Butiken\",\"item\":\"https:\\\/\\\/stilanddesign.se\\\/butiken\\\/\"},{\"@type\":\"ListItem\",\"position\":3,\"name\":\"Glansiga magiska byxor i beige\"}]},{\"@type\":\"WebSite\",\"@id\":\"https:\\\/\\\/stilanddesign.se\\\/#website\",\"url\":\"https:\\\/\\\/stilanddesign.se\\\/\",\"name\":\"Stil &amp; Design\",\"description\":\"F\u00f6r oss som \u00e4lskar mode!\",\"publisher\":{\"@id\":\"https:\\\/\\\/stilanddesign.se\\\/#organization\"},\"potentialAction\":[{\"@type\":\"SearchAction\",\"target\":{\"@type\":\"EntryPoint\",\"urlTemplate\":\"https:\\\/\\\/stilanddesign.se\\\/?s={search_term_string}\"},\"query-input\":{\"@type\":\"PropertyValueSpecification\",\"valueRequired\":true,\"valueName\":\"search_term_string\"}}],\"inLanguage\":\"en-US\"},{\"@type\":\"Organization\",\"@id\":\"https:\\\/\\\/stilanddesign.se\\\/#organization\",\"name\":\"Stil &amp; Design\",\"url\":\"https:\\\/\\\/stilanddesign.se\\\/\",\"logo\":{\"@type\":\"ImageObject\",\"inLanguage\":\"en-US\",\"@id\":\"https:\\\/\\\/stilanddesign.se\\\/#\\\/schema\\\/logo\\\/image\\\/\",\"url\":\"https:\\\/\\\/stilanddesign.se\\\/wp-content\\\/uploads\\\/2023\\\/12\\\/output-onlinepngtools-e1727784413220.png\",\"contentUrl\":\"https:\\\/\\\/stilanddesign.se\\\/wp-content\\\/uploads\\\/2023\\\/12\\\/output-onlinepngtools-e1727784413220.png\",\"width\":519,\"height\":135,\"caption\":\"Stil &amp; Design\"},\"image\":{\"@id\":\"https:\\\/\\\/stilanddesign.se\\\/#\\\/schema\\\/logo\\\/image\\\/\"}}]}<\/script>\n<!-- \/ Yoast SEO Premium plugin. -->","yoast_head_json":{"title":"Glansiga magiska byxor i beige - Stil &amp; Design","robots":{"index":"index","follow":"follow","max-snippet":"max-snippet:-1","max-image-preview":"max-image-preview:large","max-video-preview":"max-video-preview:-1"},"canonical":"https:\/\/stilanddesign.se\/en\/product\/glansiga-magiska-byxor-i-beige\/","og_locale":"en_US","og_type":"article","og_title":"Glansiga magiska byxor i beige","og_description":"Glansiga stretchbyxor   Art.nr:\u00a0Ilma Beige   Ilma \u00e4r superstretchig, bekv\u00e4m och har en subtil glans som lyfter varje look. Perfekt f\u00f6r b\u00e5de vardag och kv\u00e4ll \u2013 ett nyckelplagg du enkelt stylar upp eller ner. Material: 75% viskos, 20% nylon, 5% elastic Storlek: Onesize, passar 36-44 Modellen \u00e4r 171 cm l\u00e5ng","og_url":"https:\/\/stilanddesign.se\/en\/product\/glansiga-magiska-byxor-i-beige\/","og_site_name":"Stil &amp; Design","article_modified_time":"2026-05-13T06:38:34+00:00","twitter_card":"summary_large_image","twitter_misc":{"Est. reading time":"1 minute"},"schema":{"@context":"https:\/\/schema.org","@graph":[{"@type":"WebPage","@id":"https:\/\/stilanddesign.se\/produkt\/glansiga-magiska-byxor-i-beige\/","url":"https:\/\/stilanddesign.se\/produkt\/glansiga-magiska-byxor-i-beige\/","name":"Glansiga magiska byxor i beige - Stil &amp; Design","isPartOf":{"@id":"https:\/\/stilanddesign.se\/#website"},"primaryImageOfPage":{"@id":"https:\/\/stilanddesign.se\/produkt\/glansiga-magiska-byxor-i-beige\/#primaryimage"},"image":{"@id":"https:\/\/stilanddesign.se\/produkt\/glansiga-magiska-byxor-i-beige\/#primaryimage"},"thumbnailUrl":"https:\/\/stilanddesign.se\/wp-content\/uploads\/2026\/05\/858585978888.avif","datePublished":"2026-05-13T06:33:46+00:00","dateModified":"2026-05-13T06:38:34+00:00","breadcrumb":{"@id":"https:\/\/stilanddesign.se\/produkt\/glansiga-magiska-byxor-i-beige\/#breadcrumb"},"inLanguage":"en-US","potentialAction":[{"@type":"ReadAction","target":["https:\/\/stilanddesign.se\/produkt\/glansiga-magiska-byxor-i-beige\/"]}]},{"@type":"ImageObject","inLanguage":"en-US","@id":"https:\/\/stilanddesign.se\/produkt\/glansiga-magiska-byxor-i-beige\/#primaryimage","url":"https:\/\/stilanddesign.se\/wp-content\/uploads\/2026\/05\/858585978888.avif","contentUrl":"https:\/\/stilanddesign.se\/wp-content\/uploads\/2026\/05\/858585978888.avif","width":1440,"height":1920,"caption":"Magiska byxor i glansig beige"},{"@type":"BreadcrumbList","@id":"https:\/\/stilanddesign.se\/produkt\/glansiga-magiska-byxor-i-beige\/#breadcrumb","itemListElement":[{"@type":"ListItem","position":1,"name":"Hem","item":"https:\/\/stilanddesign.se\/"},{"@type":"ListItem","position":2,"name":"Butiken","item":"https:\/\/stilanddesign.se\/butiken\/"},{"@type":"ListItem","position":3,"name":"Glansiga magiska byxor i beige"}]},{"@type":"WebSite","@id":"https:\/\/stilanddesign.se\/#website","url":"https:\/\/stilanddesign.se\/","name":"Style &amp; Design","description":"For those of us who love fashion!","publisher":{"@id":"https:\/\/stilanddesign.se\/#organization"},"potentialAction":[{"@type":"SearchAction","target":{"@type":"EntryPoint","urlTemplate":"https:\/\/stilanddesign.se\/?s={search_term_string}"},"query-input":{"@type":"PropertyValueSpecification","valueRequired":true,"valueName":"search_term_string"}}],"inLanguage":"en-US"},{"@type":"Organization","@id":"https:\/\/stilanddesign.se\/#organization","name":"Style &amp; Design","url":"https:\/\/stilanddesign.se\/","logo":{"@type":"ImageObject","inLanguage":"en-US","@id":"https:\/\/stilanddesign.se\/#\/schema\/logo\/image\/","url":"https:\/\/stilanddesign.se\/wp-content\/uploads\/2023\/12\/output-onlinepngtools-e1727784413220.png","contentUrl":"https:\/\/stilanddesign.se\/wp-content\/uploads\/2023\/12\/output-onlinepngtools-e1727784413220.png","width":519,"height":135,"caption":"Stil &amp; Design"},"image":{"@id":"https:\/\/stilanddesign.se\/#\/schema\/logo\/image\/"}}]}},"_links":{"self":[{"href":"https:\/\/stilanddesign.se\/en\/wp-json\/wp\/v2\/product\/1077640","targetHints":{"allow":["GET"]}}],"collection":[{"href":"https:\/\/stilanddesign.se\/en\/wp-json\/wp\/v2\/product"}],"about":[{"href":"https:\/\/stilanddesign.se\/en\/wp-json\/wp\/v2\/types\/product"}],"replies":[{"embeddable":true,"href":"https:\/\/stilanddesign.se\/en\/wp-json\/wp\/v2\/comments?post=1077640"}],"wp:featuredmedia":[{"embeddable":true,"href":"https:\/\/stilanddesign.se\/en\/wp-json\/wp\/v2\/media\/1077604"}],"wp:attachment":[{"href":"https:\/\/stilanddesign.se\/en\/wp-json\/wp\/v2\/media?parent=1077640"}],"wp:term":[{"taxonomy":"product_brand","embeddable":true,"href":"https:\/\/stilanddesign.se\/en\/wp-json\/wp\/v2\/product_brand?post=1077640"},{"taxonomy":"product_cat","embeddable":true,"href":"https:\/\/stilanddesign.se\/en\/wp-json\/wp\/v2\/product_cat?post=1077640"},{"taxonomy":"product_tag","embeddable":true,"href":"https:\/\/stilanddesign.se\/en\/wp-json\/wp\/v2\/product_tag?post=1077640"}],"curies":[{"name":"wp","href":"https:\/\/api.w.org\/{rel}","templated":true}]}}