{"id":1077597,"date":"2026-05-12T15:52:42","date_gmt":"2026-05-12T13:52:42","guid":{"rendered":"https:\/\/stilanddesign.se\/?post_type=product&#038;p=1077597"},"modified":"2026-05-12T16:04:25","modified_gmt":"2026-05-12T14:04:25","slug":"tropisk-monstrad-skjorta","status":"publish","type":"product","link":"https:\/\/stilanddesign.se\/en\/product\/tropisk-monstrad-skjorta\/","title":{"rendered":"Tropical patterned shirt"},"content":{"rendered":"<h1>Tropical patterned shirt<\/h1>\n<p class=\"tws-article-description--article-number\">Art.no: Carro White<\/p>\n<div class=\"tws-article-description--text-container\">\n<div class=\"tws-article-description--text\">Carro is a casual and airy shirt with a playful tropical pattern that instantly gives you a holiday feeling. The oversized fit is relaxed and comfortable, while the short sleeves make it perfect for warm days. The buttons at the front give a classic shirt feel, but the overall look is relaxed and easy to wear \u2013 just as nice with pants as over a top.<\/div>\n<div>\n<div>Material: 50% viscose, 30% polyester, 20% linen Size: Onesize, fits 34-46 Bust: 80 cm<\/div>\n<\/div>\n<\/div>","protected":false},"excerpt":{"rendered":"<h1 class=\"\">Tropical patterned shirt<\/h1>\n<p class=\"tws-article-description--article-number\">Art.no: Carro White<\/p>\n<div class=\"tws-article-description--text-container\">\n<div class=\"tws-article-description--text\">Carro is a casual and airy shirt with a playful tropical pattern that instantly gives you a holiday feeling. The oversized fit is relaxed and comfortable, while the short sleeves make it perfect for warm days. The buttons at the front give a classic shirt feel, but the overall look is relaxed and easy to wear \u2013 just as nice with pants as over a top.<\/div>\n<div>\n<div>Material: 50% viscose, 30% polyester, 20% linen Size: Onesize, fits 34-46 Bust: 80 cm<\/div>\n<\/div>\n<\/div>","protected":false},"featured_media":1077593,"comment_status":"closed","ping_status":"closed","template":"","meta":[],"product_brand":[],"product_cat":[211,217,214],"product_tag":[],"class_list":{"0":"post-1077597","1":"product","2":"type-product","3":"status-publish","4":"has-post-thumbnail","6":"product_cat-blusar","7":"product_cat-produktnyheter","8":"product_cat-skjorta-langskjorta","10":"first","11":"instock","12":"taxable","13":"shipping-taxable","14":"purchasable","15":"product-type-variable"},"yoast_head":"<!-- This site is optimized with the Yoast SEO Premium plugin v27.4 (Yoast SEO v27.6) - https:\/\/yoast.com\/product\/yoast-seo-premium-wordpress\/ -->\n<title>Tropisk m\u00f6nstrad skjorta - Stil &amp; Design<\/title>\n<meta name=\"robots\" content=\"index, follow, max-snippet:-1, max-image-preview:large, max-video-preview:-1\" \/>\n<link rel=\"canonical\" href=\"https:\/\/stilanddesign.se\/en\/product\/tropisk-monstrad-skjorta\/\" \/>\n<meta property=\"og:locale\" content=\"en_US\" \/>\n<meta property=\"og:type\" content=\"article\" \/>\n<meta property=\"og:title\" content=\"Tropisk m\u00f6nstrad skjorta\" \/>\n<meta property=\"og:description\" content=\"Tropiskt m\u00f6nstrad skjorta Art.nr:\u00a0Carro White   Carro \u00e4r en avslappnad och luftig skjorta med ett lekfullt tropiskt m\u00f6nster som direkt ger semesterk\u00e4nsla. Den oversize passformen faller ledigt och bekv\u00e4mt, medan den korta \u00e4rmen g\u00f6r den perfekt f\u00f6r varma dagar. Knapparna framtill ger en klassisk skjortk\u00e4nsla, men helheten \u00e4r avslappnad och l\u00e4tt att b\u00e4ra \u2013 lika fin till byxor som \u00f6ver en topp.  Material: 50% viskos, 30% polyester, 20% lin Storlek: Onesize, passar 34-46 Bystm\u00e5tt: 80 cm\" \/>\n<meta property=\"og:url\" content=\"https:\/\/stilanddesign.se\/en\/product\/tropisk-monstrad-skjorta\/\" \/>\n<meta property=\"og:site_name\" content=\"Stil &amp; Design\" \/>\n<meta property=\"article:modified_time\" content=\"2026-05-12T14:04:25+00:00\" \/>\n<meta name=\"twitter:card\" content=\"summary_large_image\" \/>\n<meta name=\"twitter:label1\" content=\"Est. reading time\" \/>\n\t<meta name=\"twitter:data1\" content=\"1 minute\" \/>\n<script type=\"application\/ld+json\" class=\"yoast-schema-graph\">{\"@context\":\"https:\\\/\\\/schema.org\",\"@graph\":[{\"@type\":\"WebPage\",\"@id\":\"https:\\\/\\\/stilanddesign.se\\\/produkt\\\/tropisk-monstrad-skjorta\\\/\",\"url\":\"https:\\\/\\\/stilanddesign.se\\\/produkt\\\/tropisk-monstrad-skjorta\\\/\",\"name\":\"Tropisk m\u00f6nstrad skjorta - Stil &amp; Design\",\"isPartOf\":{\"@id\":\"https:\\\/\\\/stilanddesign.se\\\/#website\"},\"primaryImageOfPage\":{\"@id\":\"https:\\\/\\\/stilanddesign.se\\\/produkt\\\/tropisk-monstrad-skjorta\\\/#primaryimage\"},\"image\":{\"@id\":\"https:\\\/\\\/stilanddesign.se\\\/produkt\\\/tropisk-monstrad-skjorta\\\/#primaryimage\"},\"thumbnailUrl\":\"https:\\\/\\\/stilanddesign.se\\\/wp-content\\\/uploads\\\/2026\\\/05\\\/858597455555.avif\",\"datePublished\":\"2026-05-12T13:52:42+00:00\",\"dateModified\":\"2026-05-12T14:04:25+00:00\",\"breadcrumb\":{\"@id\":\"https:\\\/\\\/stilanddesign.se\\\/produkt\\\/tropisk-monstrad-skjorta\\\/#breadcrumb\"},\"inLanguage\":\"en-US\",\"potentialAction\":[{\"@type\":\"ReadAction\",\"target\":[\"https:\\\/\\\/stilanddesign.se\\\/produkt\\\/tropisk-monstrad-skjorta\\\/\"]}]},{\"@type\":\"ImageObject\",\"inLanguage\":\"en-US\",\"@id\":\"https:\\\/\\\/stilanddesign.se\\\/produkt\\\/tropisk-monstrad-skjorta\\\/#primaryimage\",\"url\":\"https:\\\/\\\/stilanddesign.se\\\/wp-content\\\/uploads\\\/2026\\\/05\\\/858597455555.avif\",\"contentUrl\":\"https:\\\/\\\/stilanddesign.se\\\/wp-content\\\/uploads\\\/2026\\\/05\\\/858597455555.avif\",\"width\":1440,\"height\":1920,\"caption\":\"Tropisk m\u00f6nstrad skjorta\"},{\"@type\":\"BreadcrumbList\",\"@id\":\"https:\\\/\\\/stilanddesign.se\\\/produkt\\\/tropisk-monstrad-skjorta\\\/#breadcrumb\",\"itemListElement\":[{\"@type\":\"ListItem\",\"position\":1,\"name\":\"Hem\",\"item\":\"https:\\\/\\\/stilanddesign.se\\\/\"},{\"@type\":\"ListItem\",\"position\":2,\"name\":\"Butiken\",\"item\":\"https:\\\/\\\/stilanddesign.se\\\/butiken\\\/\"},{\"@type\":\"ListItem\",\"position\":3,\"name\":\"Tropisk m\u00f6nstrad skjorta\"}]},{\"@type\":\"WebSite\",\"@id\":\"https:\\\/\\\/stilanddesign.se\\\/#website\",\"url\":\"https:\\\/\\\/stilanddesign.se\\\/\",\"name\":\"Stil &amp; Design\",\"description\":\"F\u00f6r oss som \u00e4lskar mode!\",\"publisher\":{\"@id\":\"https:\\\/\\\/stilanddesign.se\\\/#organization\"},\"potentialAction\":[{\"@type\":\"SearchAction\",\"target\":{\"@type\":\"EntryPoint\",\"urlTemplate\":\"https:\\\/\\\/stilanddesign.se\\\/?s={search_term_string}\"},\"query-input\":{\"@type\":\"PropertyValueSpecification\",\"valueRequired\":true,\"valueName\":\"search_term_string\"}}],\"inLanguage\":\"en-US\"},{\"@type\":\"Organization\",\"@id\":\"https:\\\/\\\/stilanddesign.se\\\/#organization\",\"name\":\"Stil &amp; Design\",\"url\":\"https:\\\/\\\/stilanddesign.se\\\/\",\"logo\":{\"@type\":\"ImageObject\",\"inLanguage\":\"en-US\",\"@id\":\"https:\\\/\\\/stilanddesign.se\\\/#\\\/schema\\\/logo\\\/image\\\/\",\"url\":\"https:\\\/\\\/stilanddesign.se\\\/wp-content\\\/uploads\\\/2023\\\/12\\\/output-onlinepngtools-e1727784413220.png\",\"contentUrl\":\"https:\\\/\\\/stilanddesign.se\\\/wp-content\\\/uploads\\\/2023\\\/12\\\/output-onlinepngtools-e1727784413220.png\",\"width\":519,\"height\":135,\"caption\":\"Stil &amp; Design\"},\"image\":{\"@id\":\"https:\\\/\\\/stilanddesign.se\\\/#\\\/schema\\\/logo\\\/image\\\/\"}}]}<\/script>\n<!-- \/ Yoast SEO Premium plugin. -->","yoast_head_json":{"title":"Tropisk m\u00f6nstrad skjorta - Stil &amp; Design","robots":{"index":"index","follow":"follow","max-snippet":"max-snippet:-1","max-image-preview":"max-image-preview:large","max-video-preview":"max-video-preview:-1"},"canonical":"https:\/\/stilanddesign.se\/en\/product\/tropisk-monstrad-skjorta\/","og_locale":"en_US","og_type":"article","og_title":"Tropisk m\u00f6nstrad skjorta","og_description":"Tropiskt m\u00f6nstrad skjorta Art.nr:\u00a0Carro White   Carro \u00e4r en avslappnad och luftig skjorta med ett lekfullt tropiskt m\u00f6nster som direkt ger semesterk\u00e4nsla. Den oversize passformen faller ledigt och bekv\u00e4mt, medan den korta \u00e4rmen g\u00f6r den perfekt f\u00f6r varma dagar. Knapparna framtill ger en klassisk skjortk\u00e4nsla, men helheten \u00e4r avslappnad och l\u00e4tt att b\u00e4ra \u2013 lika fin till byxor som \u00f6ver en topp.  Material: 50% viskos, 30% polyester, 20% lin Storlek: Onesize, passar 34-46 Bystm\u00e5tt: 80 cm","og_url":"https:\/\/stilanddesign.se\/en\/product\/tropisk-monstrad-skjorta\/","og_site_name":"Stil &amp; Design","article_modified_time":"2026-05-12T14:04:25+00:00","twitter_card":"summary_large_image","twitter_misc":{"Est. reading time":"1 minute"},"schema":{"@context":"https:\/\/schema.org","@graph":[{"@type":"WebPage","@id":"https:\/\/stilanddesign.se\/produkt\/tropisk-monstrad-skjorta\/","url":"https:\/\/stilanddesign.se\/produkt\/tropisk-monstrad-skjorta\/","name":"Tropisk m\u00f6nstrad skjorta - Stil &amp; Design","isPartOf":{"@id":"https:\/\/stilanddesign.se\/#website"},"primaryImageOfPage":{"@id":"https:\/\/stilanddesign.se\/produkt\/tropisk-monstrad-skjorta\/#primaryimage"},"image":{"@id":"https:\/\/stilanddesign.se\/produkt\/tropisk-monstrad-skjorta\/#primaryimage"},"thumbnailUrl":"https:\/\/stilanddesign.se\/wp-content\/uploads\/2026\/05\/858597455555.avif","datePublished":"2026-05-12T13:52:42+00:00","dateModified":"2026-05-12T14:04:25+00:00","breadcrumb":{"@id":"https:\/\/stilanddesign.se\/produkt\/tropisk-monstrad-skjorta\/#breadcrumb"},"inLanguage":"en-US","potentialAction":[{"@type":"ReadAction","target":["https:\/\/stilanddesign.se\/produkt\/tropisk-monstrad-skjorta\/"]}]},{"@type":"ImageObject","inLanguage":"en-US","@id":"https:\/\/stilanddesign.se\/produkt\/tropisk-monstrad-skjorta\/#primaryimage","url":"https:\/\/stilanddesign.se\/wp-content\/uploads\/2026\/05\/858597455555.avif","contentUrl":"https:\/\/stilanddesign.se\/wp-content\/uploads\/2026\/05\/858597455555.avif","width":1440,"height":1920,"caption":"Tropisk m\u00f6nstrad skjorta"},{"@type":"BreadcrumbList","@id":"https:\/\/stilanddesign.se\/produkt\/tropisk-monstrad-skjorta\/#breadcrumb","itemListElement":[{"@type":"ListItem","position":1,"name":"Hem","item":"https:\/\/stilanddesign.se\/"},{"@type":"ListItem","position":2,"name":"Butiken","item":"https:\/\/stilanddesign.se\/butiken\/"},{"@type":"ListItem","position":3,"name":"Tropisk m\u00f6nstrad skjorta"}]},{"@type":"WebSite","@id":"https:\/\/stilanddesign.se\/#website","url":"https:\/\/stilanddesign.se\/","name":"Style &amp; Design","description":"For those of us who love fashion!","publisher":{"@id":"https:\/\/stilanddesign.se\/#organization"},"potentialAction":[{"@type":"SearchAction","target":{"@type":"EntryPoint","urlTemplate":"https:\/\/stilanddesign.se\/?s={search_term_string}"},"query-input":{"@type":"PropertyValueSpecification","valueRequired":true,"valueName":"search_term_string"}}],"inLanguage":"en-US"},{"@type":"Organization","@id":"https:\/\/stilanddesign.se\/#organization","name":"Style &amp; Design","url":"https:\/\/stilanddesign.se\/","logo":{"@type":"ImageObject","inLanguage":"en-US","@id":"https:\/\/stilanddesign.se\/#\/schema\/logo\/image\/","url":"https:\/\/stilanddesign.se\/wp-content\/uploads\/2023\/12\/output-onlinepngtools-e1727784413220.png","contentUrl":"https:\/\/stilanddesign.se\/wp-content\/uploads\/2023\/12\/output-onlinepngtools-e1727784413220.png","width":519,"height":135,"caption":"Stil &amp; Design"},"image":{"@id":"https:\/\/stilanddesign.se\/#\/schema\/logo\/image\/"}}]}},"_links":{"self":[{"href":"https:\/\/stilanddesign.se\/en\/wp-json\/wp\/v2\/product\/1077597","targetHints":{"allow":["GET"]}}],"collection":[{"href":"https:\/\/stilanddesign.se\/en\/wp-json\/wp\/v2\/product"}],"about":[{"href":"https:\/\/stilanddesign.se\/en\/wp-json\/wp\/v2\/types\/product"}],"replies":[{"embeddable":true,"href":"https:\/\/stilanddesign.se\/en\/wp-json\/wp\/v2\/comments?post=1077597"}],"wp:featuredmedia":[{"embeddable":true,"href":"https:\/\/stilanddesign.se\/en\/wp-json\/wp\/v2\/media\/1077593"}],"wp:attachment":[{"href":"https:\/\/stilanddesign.se\/en\/wp-json\/wp\/v2\/media?parent=1077597"}],"wp:term":[{"taxonomy":"product_brand","embeddable":true,"href":"https:\/\/stilanddesign.se\/en\/wp-json\/wp\/v2\/product_brand?post=1077597"},{"taxonomy":"product_cat","embeddable":true,"href":"https:\/\/stilanddesign.se\/en\/wp-json\/wp\/v2\/product_cat?post=1077597"},{"taxonomy":"product_tag","embeddable":true,"href":"https:\/\/stilanddesign.se\/en\/wp-json\/wp\/v2\/product_tag?post=1077597"}],"curies":[{"name":"wp","href":"https:\/\/api.w.org\/{rel}","templated":true}]}}