{"id":1077503,"date":"2026-05-11T16:39:28","date_gmt":"2026-05-11T14:39:28","guid":{"rendered":"https:\/\/stilanddesign.se\/?post_type=product&#038;p=1077503"},"modified":"2026-05-11T16:42:05","modified_gmt":"2026-05-11T14:42:05","slug":"vida-bomullsbyxor-i-gult","status":"publish","type":"product","link":"https:\/\/stilanddesign.se\/en\/product\/vida-bomullsbyxor-i-gult\/","title":{"rendered":"Wide cotton trousers in yellow"},"content":{"rendered":"<h1>Wide cotton pants<\/h1>\n<p class=\"tws-article-description--article-number\">Art.no: Unni Yellow<\/p>\n<div class=\"tws-article-description--text-container\">\n<div class=\"tws-article-description--text\">Unni is a pair of wide cotton trousers with a relaxed and stylish feel. Elastic and lacing in the waistband provide a flexible and comfortable fit, while front pockets add functionality. The fine structure of the fabric gives a lively expression - perfect for a simple, chic style.<\/div>\n<div>\n<div>Material: 100% cotton Info: Pockets Size: Onesize, fits 34-44 The model is 166 cm tall<\/div>\n<div><\/div>\n<\/div>\n<\/div>","protected":false},"excerpt":{"rendered":"<h1 class=\"\">Wide cotton pants<\/h1>\n<p class=\"tws-article-description--article-number\">Art.no: Unni Yellow<\/p>\n<div class=\"tws-article-description--text-container\">\n<div class=\"tws-article-description--text\">Unni is a pair of wide cotton trousers with a relaxed and stylish feel. Elastic and lacing in the waistband provide a flexible and comfortable fit, while front pockets add functionality. The fine structure of the fabric gives a lively expression - perfect for a simple, chic style.<\/div>\n<div>\n<div>Material: 100% cotton Info: Pockets Size: Onesize, fits 34-44 The model is 166 cm tall<\/div>\n<div><\/div>\n<\/div>\n<\/div>","protected":false},"featured_media":1077498,"comment_status":"closed","ping_status":"closed","template":"","meta":[],"product_brand":[],"product_cat":[203,217],"product_tag":[],"class_list":{"0":"post-1077503","1":"product","2":"type-product","3":"status-publish","4":"has-post-thumbnail","6":"product_cat-byxor","7":"product_cat-produktnyheter","9":"first","10":"instock","11":"taxable","12":"shipping-taxable","13":"purchasable","14":"product-type-variable"},"yoast_head":"<!-- This site is optimized with the Yoast SEO Premium plugin v27.4 (Yoast SEO v27.5) - https:\/\/yoast.com\/product\/yoast-seo-premium-wordpress\/ -->\n<title>Vida bomullsbyxor i gult - Stil &amp; Design<\/title>\n<meta name=\"robots\" content=\"index, follow, max-snippet:-1, max-image-preview:large, max-video-preview:-1\" \/>\n<link rel=\"canonical\" href=\"https:\/\/stilanddesign.se\/en\/product\/vida-bomullsbyxor-i-gult\/\" \/>\n<meta property=\"og:locale\" content=\"en_US\" \/>\n<meta property=\"og:type\" content=\"article\" \/>\n<meta property=\"og:title\" content=\"Vida bomullsbyxor i gult\" \/>\n<meta property=\"og:description\" content=\"Vida bomullsbyxor Art.nr: Unni Gul   Unni \u00e4r ett par vida bomullsbyxor med en avslappnad och stilren k\u00e4nsla. Res\u00e5r och sn\u00f6rning i linningen ger en flexibel och bekv\u00e4m passform, medan fickor framtill adderar funktion. Den fina strukturen i tyget ger ett levande uttryck \u2013 perfekta f\u00f6r en enkel, chic stil.  Material: 100% bomull Info: Fickor Storlek: Onesize, passar 34-44 Modellen \u00e4r 166 cm l\u00e5ng\" \/>\n<meta property=\"og:url\" content=\"https:\/\/stilanddesign.se\/en\/product\/vida-bomullsbyxor-i-gult\/\" \/>\n<meta property=\"og:site_name\" content=\"Stil &amp; Design\" \/>\n<meta property=\"article:modified_time\" content=\"2026-05-11T14:42:05+00:00\" \/>\n<meta name=\"twitter:card\" content=\"summary_large_image\" \/>\n<meta name=\"twitter:label1\" content=\"Est. reading time\" \/>\n\t<meta name=\"twitter:data1\" content=\"1 minute\" \/>\n<script type=\"application\/ld+json\" class=\"yoast-schema-graph\">{\"@context\":\"https:\\\/\\\/schema.org\",\"@graph\":[{\"@type\":\"WebPage\",\"@id\":\"https:\\\/\\\/stilanddesign.se\\\/produkt\\\/vida-bomullsbyxor-i-gult\\\/\",\"url\":\"https:\\\/\\\/stilanddesign.se\\\/produkt\\\/vida-bomullsbyxor-i-gult\\\/\",\"name\":\"Vida bomullsbyxor i gult - Stil &amp; Design\",\"isPartOf\":{\"@id\":\"https:\\\/\\\/stilanddesign.se\\\/#website\"},\"primaryImageOfPage\":{\"@id\":\"https:\\\/\\\/stilanddesign.se\\\/produkt\\\/vida-bomullsbyxor-i-gult\\\/#primaryimage\"},\"image\":{\"@id\":\"https:\\\/\\\/stilanddesign.se\\\/produkt\\\/vida-bomullsbyxor-i-gult\\\/#primaryimage\"},\"thumbnailUrl\":\"https:\\\/\\\/stilanddesign.se\\\/wp-content\\\/uploads\\\/2026\\\/05\\\/8585847777.avif\",\"datePublished\":\"2026-05-11T14:39:28+00:00\",\"dateModified\":\"2026-05-11T14:42:05+00:00\",\"breadcrumb\":{\"@id\":\"https:\\\/\\\/stilanddesign.se\\\/produkt\\\/vida-bomullsbyxor-i-gult\\\/#breadcrumb\"},\"inLanguage\":\"en-US\",\"potentialAction\":[{\"@type\":\"ReadAction\",\"target\":[\"https:\\\/\\\/stilanddesign.se\\\/produkt\\\/vida-bomullsbyxor-i-gult\\\/\"]}]},{\"@type\":\"ImageObject\",\"inLanguage\":\"en-US\",\"@id\":\"https:\\\/\\\/stilanddesign.se\\\/produkt\\\/vida-bomullsbyxor-i-gult\\\/#primaryimage\",\"url\":\"https:\\\/\\\/stilanddesign.se\\\/wp-content\\\/uploads\\\/2026\\\/05\\\/8585847777.avif\",\"contentUrl\":\"https:\\\/\\\/stilanddesign.se\\\/wp-content\\\/uploads\\\/2026\\\/05\\\/8585847777.avif\",\"width\":1180,\"height\":1569},{\"@type\":\"BreadcrumbList\",\"@id\":\"https:\\\/\\\/stilanddesign.se\\\/produkt\\\/vida-bomullsbyxor-i-gult\\\/#breadcrumb\",\"itemListElement\":[{\"@type\":\"ListItem\",\"position\":1,\"name\":\"Hem\",\"item\":\"https:\\\/\\\/stilanddesign.se\\\/\"},{\"@type\":\"ListItem\",\"position\":2,\"name\":\"Butiken\",\"item\":\"https:\\\/\\\/stilanddesign.se\\\/butiken\\\/\"},{\"@type\":\"ListItem\",\"position\":3,\"name\":\"Vida bomullsbyxor i gult\"}]},{\"@type\":\"WebSite\",\"@id\":\"https:\\\/\\\/stilanddesign.se\\\/#website\",\"url\":\"https:\\\/\\\/stilanddesign.se\\\/\",\"name\":\"Stil &amp; Design\",\"description\":\"F\u00f6r oss som \u00e4lskar mode!\",\"publisher\":{\"@id\":\"https:\\\/\\\/stilanddesign.se\\\/#organization\"},\"potentialAction\":[{\"@type\":\"SearchAction\",\"target\":{\"@type\":\"EntryPoint\",\"urlTemplate\":\"https:\\\/\\\/stilanddesign.se\\\/?s={search_term_string}\"},\"query-input\":{\"@type\":\"PropertyValueSpecification\",\"valueRequired\":true,\"valueName\":\"search_term_string\"}}],\"inLanguage\":\"en-US\"},{\"@type\":\"Organization\",\"@id\":\"https:\\\/\\\/stilanddesign.se\\\/#organization\",\"name\":\"Stil &amp; Design\",\"url\":\"https:\\\/\\\/stilanddesign.se\\\/\",\"logo\":{\"@type\":\"ImageObject\",\"inLanguage\":\"en-US\",\"@id\":\"https:\\\/\\\/stilanddesign.se\\\/#\\\/schema\\\/logo\\\/image\\\/\",\"url\":\"https:\\\/\\\/stilanddesign.se\\\/wp-content\\\/uploads\\\/2023\\\/12\\\/output-onlinepngtools-e1727784413220.png\",\"contentUrl\":\"https:\\\/\\\/stilanddesign.se\\\/wp-content\\\/uploads\\\/2023\\\/12\\\/output-onlinepngtools-e1727784413220.png\",\"width\":519,\"height\":135,\"caption\":\"Stil &amp; Design\"},\"image\":{\"@id\":\"https:\\\/\\\/stilanddesign.se\\\/#\\\/schema\\\/logo\\\/image\\\/\"}}]}<\/script>\n<!-- \/ Yoast SEO Premium plugin. -->","yoast_head_json":{"title":"Vida bomullsbyxor i gult - Stil &amp; Design","robots":{"index":"index","follow":"follow","max-snippet":"max-snippet:-1","max-image-preview":"max-image-preview:large","max-video-preview":"max-video-preview:-1"},"canonical":"https:\/\/stilanddesign.se\/en\/product\/vida-bomullsbyxor-i-gult\/","og_locale":"en_US","og_type":"article","og_title":"Vida bomullsbyxor i gult","og_description":"Vida bomullsbyxor Art.nr: Unni Gul   Unni \u00e4r ett par vida bomullsbyxor med en avslappnad och stilren k\u00e4nsla. Res\u00e5r och sn\u00f6rning i linningen ger en flexibel och bekv\u00e4m passform, medan fickor framtill adderar funktion. Den fina strukturen i tyget ger ett levande uttryck \u2013 perfekta f\u00f6r en enkel, chic stil.  Material: 100% bomull Info: Fickor Storlek: Onesize, passar 34-44 Modellen \u00e4r 166 cm l\u00e5ng","og_url":"https:\/\/stilanddesign.se\/en\/product\/vida-bomullsbyxor-i-gult\/","og_site_name":"Stil &amp; Design","article_modified_time":"2026-05-11T14:42:05+00:00","twitter_card":"summary_large_image","twitter_misc":{"Est. reading time":"1 minute"},"schema":{"@context":"https:\/\/schema.org","@graph":[{"@type":"WebPage","@id":"https:\/\/stilanddesign.se\/produkt\/vida-bomullsbyxor-i-gult\/","url":"https:\/\/stilanddesign.se\/produkt\/vida-bomullsbyxor-i-gult\/","name":"Vida bomullsbyxor i gult - Stil &amp; Design","isPartOf":{"@id":"https:\/\/stilanddesign.se\/#website"},"primaryImageOfPage":{"@id":"https:\/\/stilanddesign.se\/produkt\/vida-bomullsbyxor-i-gult\/#primaryimage"},"image":{"@id":"https:\/\/stilanddesign.se\/produkt\/vida-bomullsbyxor-i-gult\/#primaryimage"},"thumbnailUrl":"https:\/\/stilanddesign.se\/wp-content\/uploads\/2026\/05\/8585847777.avif","datePublished":"2026-05-11T14:39:28+00:00","dateModified":"2026-05-11T14:42:05+00:00","breadcrumb":{"@id":"https:\/\/stilanddesign.se\/produkt\/vida-bomullsbyxor-i-gult\/#breadcrumb"},"inLanguage":"en-US","potentialAction":[{"@type":"ReadAction","target":["https:\/\/stilanddesign.se\/produkt\/vida-bomullsbyxor-i-gult\/"]}]},{"@type":"ImageObject","inLanguage":"en-US","@id":"https:\/\/stilanddesign.se\/produkt\/vida-bomullsbyxor-i-gult\/#primaryimage","url":"https:\/\/stilanddesign.se\/wp-content\/uploads\/2026\/05\/8585847777.avif","contentUrl":"https:\/\/stilanddesign.se\/wp-content\/uploads\/2026\/05\/8585847777.avif","width":1180,"height":1569},{"@type":"BreadcrumbList","@id":"https:\/\/stilanddesign.se\/produkt\/vida-bomullsbyxor-i-gult\/#breadcrumb","itemListElement":[{"@type":"ListItem","position":1,"name":"Hem","item":"https:\/\/stilanddesign.se\/"},{"@type":"ListItem","position":2,"name":"Butiken","item":"https:\/\/stilanddesign.se\/butiken\/"},{"@type":"ListItem","position":3,"name":"Vida bomullsbyxor i gult"}]},{"@type":"WebSite","@id":"https:\/\/stilanddesign.se\/#website","url":"https:\/\/stilanddesign.se\/","name":"Style &amp; Design","description":"For those of us who love fashion!","publisher":{"@id":"https:\/\/stilanddesign.se\/#organization"},"potentialAction":[{"@type":"SearchAction","target":{"@type":"EntryPoint","urlTemplate":"https:\/\/stilanddesign.se\/?s={search_term_string}"},"query-input":{"@type":"PropertyValueSpecification","valueRequired":true,"valueName":"search_term_string"}}],"inLanguage":"en-US"},{"@type":"Organization","@id":"https:\/\/stilanddesign.se\/#organization","name":"Style &amp; Design","url":"https:\/\/stilanddesign.se\/","logo":{"@type":"ImageObject","inLanguage":"en-US","@id":"https:\/\/stilanddesign.se\/#\/schema\/logo\/image\/","url":"https:\/\/stilanddesign.se\/wp-content\/uploads\/2023\/12\/output-onlinepngtools-e1727784413220.png","contentUrl":"https:\/\/stilanddesign.se\/wp-content\/uploads\/2023\/12\/output-onlinepngtools-e1727784413220.png","width":519,"height":135,"caption":"Stil &amp; Design"},"image":{"@id":"https:\/\/stilanddesign.se\/#\/schema\/logo\/image\/"}}]}},"_links":{"self":[{"href":"https:\/\/stilanddesign.se\/en\/wp-json\/wp\/v2\/product\/1077503","targetHints":{"allow":["GET"]}}],"collection":[{"href":"https:\/\/stilanddesign.se\/en\/wp-json\/wp\/v2\/product"}],"about":[{"href":"https:\/\/stilanddesign.se\/en\/wp-json\/wp\/v2\/types\/product"}],"replies":[{"embeddable":true,"href":"https:\/\/stilanddesign.se\/en\/wp-json\/wp\/v2\/comments?post=1077503"}],"wp:featuredmedia":[{"embeddable":true,"href":"https:\/\/stilanddesign.se\/en\/wp-json\/wp\/v2\/media\/1077498"}],"wp:attachment":[{"href":"https:\/\/stilanddesign.se\/en\/wp-json\/wp\/v2\/media?parent=1077503"}],"wp:term":[{"taxonomy":"product_brand","embeddable":true,"href":"https:\/\/stilanddesign.se\/en\/wp-json\/wp\/v2\/product_brand?post=1077503"},{"taxonomy":"product_cat","embeddable":true,"href":"https:\/\/stilanddesign.se\/en\/wp-json\/wp\/v2\/product_cat?post=1077503"},{"taxonomy":"product_tag","embeddable":true,"href":"https:\/\/stilanddesign.se\/en\/wp-json\/wp\/v2\/product_tag?post=1077503"}],"curies":[{"name":"wp","href":"https:\/\/api.w.org\/{rel}","templated":true}]}}