{"id":1077480,"date":"2026-05-11T16:00:08","date_gmt":"2026-05-11T14:00:08","guid":{"rendered":"https:\/\/stilanddesign.se\/?post_type=product&#038;p=1077480"},"modified":"2026-05-11T18:24:17","modified_gmt":"2026-05-11T16:24:17","slug":"frack-monstrad-skjortklanning-i-bomull","status":"publish","type":"product","link":"https:\/\/stilanddesign.se\/en\/product\/frack-monstrad-skjortklanning-i-bomull\/","title":{"rendered":"Cheeky patterned cotton shirt dress"},"content":{"rendered":"<h1>Cotton shirt dress<\/h1>\n<p class=\"tws-article-description--article-number\">Art.no: Linn Multi<\/p>\n<div class=\"tws-article-description--text-container\">\n<div class=\"tws-article-description--text\">Linn is an airy and easy-to-wear shirt dress with a vibrant, summery pattern that immediately catches the eye. The soft cotton gives a cool and comfortable feel, perfect for warm days. The buttons at the front and chest pockets give a classic, relaxed style, while the sleeves can be rolled up and fastened with a ribbon and buttons. Wear it as a dress or open for a more casual layered look.<\/div>\n<div>\n<div>Material: 100% cotton Size: Onesize, fits 34-44 Bust: 60 cm The model is 171 cm tall<\/div>\n<\/div>\n<\/div>","protected":false},"excerpt":{"rendered":"<h1 class=\"\">Cotton shirt dress<\/h1>\n<p class=\"tws-article-description--article-number\">Art.no: Linn Multi<\/p>\n<div class=\"tws-article-description--text-container\">\n<div class=\"tws-article-description--text\">Linn is an airy and easy-to-wear shirt dress with a vibrant, summery pattern that immediately catches the eye. The soft cotton gives a cool and comfortable feel, perfect for warm days. The buttons at the front and chest pockets give a classic, relaxed style, while the sleeves can be rolled up and fastened with a ribbon and buttons. Wear it as a dress or open for a more casual layered look.<\/div>\n<div>\n<div>Material: 100% cotton Size: Onesize, fits 34-44 Bust: 60 cm The model is 171 cm tall<\/div>\n<\/div>\n<\/div>","protected":false},"featured_media":1077476,"comment_status":"closed","ping_status":"closed","template":"","meta":[],"product_brand":[],"product_cat":[215,217,214],"product_tag":[],"class_list":{"0":"post-1077480","1":"product","2":"type-product","3":"status-publish","4":"has-post-thumbnail","6":"product_cat-klanningar","7":"product_cat-produktnyheter","8":"product_cat-skjorta-langskjorta","10":"first","11":"instock","12":"taxable","13":"shipping-taxable","14":"purchasable","15":"product-type-variable"},"yoast_head":"<!-- This site is optimized with the Yoast SEO Premium plugin v27.4 (Yoast SEO v27.5) - https:\/\/yoast.com\/product\/yoast-seo-premium-wordpress\/ -->\n<title>Fr\u00e4ck m\u00f6nstrad skjortkl\u00e4nning i bomull - Stil &amp; Design<\/title>\n<meta name=\"robots\" content=\"index, follow, max-snippet:-1, max-image-preview:large, max-video-preview:-1\" \/>\n<link rel=\"canonical\" href=\"https:\/\/stilanddesign.se\/en\/product\/frack-monstrad-skjortklanning-i-bomull\/\" \/>\n<meta property=\"og:locale\" content=\"en_US\" \/>\n<meta property=\"og:type\" content=\"article\" \/>\n<meta property=\"og:title\" content=\"Fr\u00e4ck m\u00f6nstrad skjortkl\u00e4nning i bomull\" \/>\n<meta property=\"og:description\" content=\"Skjortkl\u00e4nning i bomull Art.nr:\u00a0Linn Multi   Linn \u00e4r en luftig och l\u00e4ttburen skjortkl\u00e4nning med ett levande, somrigt m\u00f6nster som direkt f\u00e5ngar blicken. Den mjuka bomullen ger en sval och behaglig k\u00e4nsla, perfekt f\u00f6r varma dagar. Knapparna framtill och br\u00f6stfickorna ger en klassisk, avslappnad stil, medan \u00e4rmarna kan rullas upp och f\u00e4stas med slejf och knappar. B\u00e4r den som kl\u00e4nning eller \u00f6ppen f\u00f6r en mer avslappnad lager-p\u00e5-lager look.  Material: 100% bomull Storlek: Onesize, passar 34-44 Bystm\u00e5tt: 60 cm Modellen \u00e4r 171 cm l\u00e5ng\" \/>\n<meta property=\"og:url\" content=\"https:\/\/stilanddesign.se\/en\/product\/frack-monstrad-skjortklanning-i-bomull\/\" \/>\n<meta property=\"og:site_name\" content=\"Stil &amp; Design\" \/>\n<meta property=\"article:modified_time\" content=\"2026-05-11T16:24:17+00:00\" \/>\n<meta name=\"twitter:card\" content=\"summary_large_image\" \/>\n<meta name=\"twitter:label1\" content=\"Est. reading time\" \/>\n\t<meta name=\"twitter:data1\" content=\"1 minute\" \/>\n<script type=\"application\/ld+json\" class=\"yoast-schema-graph\">{\"@context\":\"https:\\\/\\\/schema.org\",\"@graph\":[{\"@type\":\"WebPage\",\"@id\":\"https:\\\/\\\/stilanddesign.se\\\/produkt\\\/frack-monstrad-skjortklanning-i-bomull\\\/\",\"url\":\"https:\\\/\\\/stilanddesign.se\\\/produkt\\\/frack-monstrad-skjortklanning-i-bomull\\\/\",\"name\":\"Fr\u00e4ck m\u00f6nstrad skjortkl\u00e4nning i bomull - Stil &amp; Design\",\"isPartOf\":{\"@id\":\"https:\\\/\\\/stilanddesign.se\\\/#website\"},\"primaryImageOfPage\":{\"@id\":\"https:\\\/\\\/stilanddesign.se\\\/produkt\\\/frack-monstrad-skjortklanning-i-bomull\\\/#primaryimage\"},\"image\":{\"@id\":\"https:\\\/\\\/stilanddesign.se\\\/produkt\\\/frack-monstrad-skjortklanning-i-bomull\\\/#primaryimage\"},\"thumbnailUrl\":\"https:\\\/\\\/stilanddesign.se\\\/wp-content\\\/uploads\\\/2026\\\/05\\\/85858444.avif\",\"datePublished\":\"2026-05-11T14:00:08+00:00\",\"dateModified\":\"2026-05-11T16:24:17+00:00\",\"breadcrumb\":{\"@id\":\"https:\\\/\\\/stilanddesign.se\\\/produkt\\\/frack-monstrad-skjortklanning-i-bomull\\\/#breadcrumb\"},\"inLanguage\":\"en-US\",\"potentialAction\":[{\"@type\":\"ReadAction\",\"target\":[\"https:\\\/\\\/stilanddesign.se\\\/produkt\\\/frack-monstrad-skjortklanning-i-bomull\\\/\"]}]},{\"@type\":\"ImageObject\",\"inLanguage\":\"en-US\",\"@id\":\"https:\\\/\\\/stilanddesign.se\\\/produkt\\\/frack-monstrad-skjortklanning-i-bomull\\\/#primaryimage\",\"url\":\"https:\\\/\\\/stilanddesign.se\\\/wp-content\\\/uploads\\\/2026\\\/05\\\/85858444.avif\",\"contentUrl\":\"https:\\\/\\\/stilanddesign.se\\\/wp-content\\\/uploads\\\/2026\\\/05\\\/85858444.avif\",\"width\":1440,\"height\":1920,\"caption\":\"Fr\u00e4ck m\u00f6nstrad skjortkl\u00e4nning\"},{\"@type\":\"BreadcrumbList\",\"@id\":\"https:\\\/\\\/stilanddesign.se\\\/produkt\\\/frack-monstrad-skjortklanning-i-bomull\\\/#breadcrumb\",\"itemListElement\":[{\"@type\":\"ListItem\",\"position\":1,\"name\":\"Hem\",\"item\":\"https:\\\/\\\/stilanddesign.se\\\/\"},{\"@type\":\"ListItem\",\"position\":2,\"name\":\"Butiken\",\"item\":\"https:\\\/\\\/stilanddesign.se\\\/butiken\\\/\"},{\"@type\":\"ListItem\",\"position\":3,\"name\":\"Fr\u00e4ck m\u00f6nstrad skjortkl\u00e4nning i bomull\"}]},{\"@type\":\"WebSite\",\"@id\":\"https:\\\/\\\/stilanddesign.se\\\/#website\",\"url\":\"https:\\\/\\\/stilanddesign.se\\\/\",\"name\":\"Stil &amp; Design\",\"description\":\"F\u00f6r oss som \u00e4lskar mode!\",\"publisher\":{\"@id\":\"https:\\\/\\\/stilanddesign.se\\\/#organization\"},\"potentialAction\":[{\"@type\":\"SearchAction\",\"target\":{\"@type\":\"EntryPoint\",\"urlTemplate\":\"https:\\\/\\\/stilanddesign.se\\\/?s={search_term_string}\"},\"query-input\":{\"@type\":\"PropertyValueSpecification\",\"valueRequired\":true,\"valueName\":\"search_term_string\"}}],\"inLanguage\":\"en-US\"},{\"@type\":\"Organization\",\"@id\":\"https:\\\/\\\/stilanddesign.se\\\/#organization\",\"name\":\"Stil &amp; Design\",\"url\":\"https:\\\/\\\/stilanddesign.se\\\/\",\"logo\":{\"@type\":\"ImageObject\",\"inLanguage\":\"en-US\",\"@id\":\"https:\\\/\\\/stilanddesign.se\\\/#\\\/schema\\\/logo\\\/image\\\/\",\"url\":\"https:\\\/\\\/stilanddesign.se\\\/wp-content\\\/uploads\\\/2023\\\/12\\\/output-onlinepngtools-e1727784413220.png\",\"contentUrl\":\"https:\\\/\\\/stilanddesign.se\\\/wp-content\\\/uploads\\\/2023\\\/12\\\/output-onlinepngtools-e1727784413220.png\",\"width\":519,\"height\":135,\"caption\":\"Stil &amp; Design\"},\"image\":{\"@id\":\"https:\\\/\\\/stilanddesign.se\\\/#\\\/schema\\\/logo\\\/image\\\/\"}}]}<\/script>\n<!-- \/ Yoast SEO Premium plugin. -->","yoast_head_json":{"title":"Fr\u00e4ck m\u00f6nstrad skjortkl\u00e4nning i bomull - Stil &amp; Design","robots":{"index":"index","follow":"follow","max-snippet":"max-snippet:-1","max-image-preview":"max-image-preview:large","max-video-preview":"max-video-preview:-1"},"canonical":"https:\/\/stilanddesign.se\/en\/product\/frack-monstrad-skjortklanning-i-bomull\/","og_locale":"en_US","og_type":"article","og_title":"Fr\u00e4ck m\u00f6nstrad skjortkl\u00e4nning i bomull","og_description":"Skjortkl\u00e4nning i bomull Art.nr:\u00a0Linn Multi   Linn \u00e4r en luftig och l\u00e4ttburen skjortkl\u00e4nning med ett levande, somrigt m\u00f6nster som direkt f\u00e5ngar blicken. Den mjuka bomullen ger en sval och behaglig k\u00e4nsla, perfekt f\u00f6r varma dagar. Knapparna framtill och br\u00f6stfickorna ger en klassisk, avslappnad stil, medan \u00e4rmarna kan rullas upp och f\u00e4stas med slejf och knappar. B\u00e4r den som kl\u00e4nning eller \u00f6ppen f\u00f6r en mer avslappnad lager-p\u00e5-lager look.  Material: 100% bomull Storlek: Onesize, passar 34-44 Bystm\u00e5tt: 60 cm Modellen \u00e4r 171 cm l\u00e5ng","og_url":"https:\/\/stilanddesign.se\/en\/product\/frack-monstrad-skjortklanning-i-bomull\/","og_site_name":"Stil &amp; Design","article_modified_time":"2026-05-11T16:24:17+00:00","twitter_card":"summary_large_image","twitter_misc":{"Est. reading time":"1 minute"},"schema":{"@context":"https:\/\/schema.org","@graph":[{"@type":"WebPage","@id":"https:\/\/stilanddesign.se\/produkt\/frack-monstrad-skjortklanning-i-bomull\/","url":"https:\/\/stilanddesign.se\/produkt\/frack-monstrad-skjortklanning-i-bomull\/","name":"Fr\u00e4ck m\u00f6nstrad skjortkl\u00e4nning i bomull - Stil &amp; Design","isPartOf":{"@id":"https:\/\/stilanddesign.se\/#website"},"primaryImageOfPage":{"@id":"https:\/\/stilanddesign.se\/produkt\/frack-monstrad-skjortklanning-i-bomull\/#primaryimage"},"image":{"@id":"https:\/\/stilanddesign.se\/produkt\/frack-monstrad-skjortklanning-i-bomull\/#primaryimage"},"thumbnailUrl":"https:\/\/stilanddesign.se\/wp-content\/uploads\/2026\/05\/85858444.avif","datePublished":"2026-05-11T14:00:08+00:00","dateModified":"2026-05-11T16:24:17+00:00","breadcrumb":{"@id":"https:\/\/stilanddesign.se\/produkt\/frack-monstrad-skjortklanning-i-bomull\/#breadcrumb"},"inLanguage":"en-US","potentialAction":[{"@type":"ReadAction","target":["https:\/\/stilanddesign.se\/produkt\/frack-monstrad-skjortklanning-i-bomull\/"]}]},{"@type":"ImageObject","inLanguage":"en-US","@id":"https:\/\/stilanddesign.se\/produkt\/frack-monstrad-skjortklanning-i-bomull\/#primaryimage","url":"https:\/\/stilanddesign.se\/wp-content\/uploads\/2026\/05\/85858444.avif","contentUrl":"https:\/\/stilanddesign.se\/wp-content\/uploads\/2026\/05\/85858444.avif","width":1440,"height":1920,"caption":"Fr\u00e4ck m\u00f6nstrad skjortkl\u00e4nning"},{"@type":"BreadcrumbList","@id":"https:\/\/stilanddesign.se\/produkt\/frack-monstrad-skjortklanning-i-bomull\/#breadcrumb","itemListElement":[{"@type":"ListItem","position":1,"name":"Hem","item":"https:\/\/stilanddesign.se\/"},{"@type":"ListItem","position":2,"name":"Butiken","item":"https:\/\/stilanddesign.se\/butiken\/"},{"@type":"ListItem","position":3,"name":"Fr\u00e4ck m\u00f6nstrad skjortkl\u00e4nning i bomull"}]},{"@type":"WebSite","@id":"https:\/\/stilanddesign.se\/#website","url":"https:\/\/stilanddesign.se\/","name":"Style &amp; Design","description":"For those of us who love fashion!","publisher":{"@id":"https:\/\/stilanddesign.se\/#organization"},"potentialAction":[{"@type":"SearchAction","target":{"@type":"EntryPoint","urlTemplate":"https:\/\/stilanddesign.se\/?s={search_term_string}"},"query-input":{"@type":"PropertyValueSpecification","valueRequired":true,"valueName":"search_term_string"}}],"inLanguage":"en-US"},{"@type":"Organization","@id":"https:\/\/stilanddesign.se\/#organization","name":"Style &amp; Design","url":"https:\/\/stilanddesign.se\/","logo":{"@type":"ImageObject","inLanguage":"en-US","@id":"https:\/\/stilanddesign.se\/#\/schema\/logo\/image\/","url":"https:\/\/stilanddesign.se\/wp-content\/uploads\/2023\/12\/output-onlinepngtools-e1727784413220.png","contentUrl":"https:\/\/stilanddesign.se\/wp-content\/uploads\/2023\/12\/output-onlinepngtools-e1727784413220.png","width":519,"height":135,"caption":"Stil &amp; Design"},"image":{"@id":"https:\/\/stilanddesign.se\/#\/schema\/logo\/image\/"}}]}},"_links":{"self":[{"href":"https:\/\/stilanddesign.se\/en\/wp-json\/wp\/v2\/product\/1077480","targetHints":{"allow":["GET"]}}],"collection":[{"href":"https:\/\/stilanddesign.se\/en\/wp-json\/wp\/v2\/product"}],"about":[{"href":"https:\/\/stilanddesign.se\/en\/wp-json\/wp\/v2\/types\/product"}],"replies":[{"embeddable":true,"href":"https:\/\/stilanddesign.se\/en\/wp-json\/wp\/v2\/comments?post=1077480"}],"wp:featuredmedia":[{"embeddable":true,"href":"https:\/\/stilanddesign.se\/en\/wp-json\/wp\/v2\/media\/1077476"}],"wp:attachment":[{"href":"https:\/\/stilanddesign.se\/en\/wp-json\/wp\/v2\/media?parent=1077480"}],"wp:term":[{"taxonomy":"product_brand","embeddable":true,"href":"https:\/\/stilanddesign.se\/en\/wp-json\/wp\/v2\/product_brand?post=1077480"},{"taxonomy":"product_cat","embeddable":true,"href":"https:\/\/stilanddesign.se\/en\/wp-json\/wp\/v2\/product_cat?post=1077480"},{"taxonomy":"product_tag","embeddable":true,"href":"https:\/\/stilanddesign.se\/en\/wp-json\/wp\/v2\/product_tag?post=1077480"}],"curies":[{"name":"wp","href":"https:\/\/api.w.org\/{rel}","templated":true}]}}