{"id":1077218,"date":"2026-05-09T11:41:36","date_gmt":"2026-05-09T09:41:36","guid":{"rendered":"https:\/\/stilanddesign.se\/?post_type=product&#038;p=1077218"},"modified":"2026-05-11T07:50:16","modified_gmt":"2026-05-11T05:50:16","slug":"%e2%9c%a8-v-ringad-blus-med-brodyr","status":"publish","type":"product","link":"https:\/\/stilanddesign.se\/en\/product\/%e2%9c%a8-v-ringad-blus-med-brodyr\/","title":{"rendered":"\u2728 V-ringad blus med brodyr"},"content":{"rendered":"<div class=\"sum-top\">\n<div class=\"left\">\n<div class=\"title-and-wishlist\">\n<div class=\"title\">\n<p data-start=\"0\" data-end=\"30\"><strong data-start=\"0\" data-end=\"30\">\u2728 V-ringad blus med brodyr<\/strong><\/p>\n<p data-start=\"32\" data-end=\"357\">\ud83e\udd0d Feminin blus med vackra brodyrdetaljer<br data-start=\"73\" data-end=\"76\" \/>\u2728 Volang nertill och p\u00e5 \u00e4rmarna som ger en romantisk k\u00e4nsla<br data-start=\"135\" data-end=\"138\" \/>\ud83d\udc5a V-ringad modell med fint och luftigt fall<br data-start=\"182\" data-end=\"185\" \/>\ud83c\udf3f L\u00e4tt och bekv\u00e4m kvalitet som passar perfekt till b\u00e5de vardag och festligare tillf\u00e4llen<br data-start=\"274\" data-end=\"277\" \/>\ud83d\udc4c Enkel att matcha med jeans, kjol eller linnebyxor f\u00f6r en stilren sommarlook<\/p>\n<p data-start=\"359\" data-end=\"377\">\ud83c\udfa8 <strong data-start=\"362\" data-end=\"371\">Paint:<\/strong> White<\/p>\n<p data-start=\"379\" data-end=\"404\">\ud83d\udccf <strong data-start=\"382\" data-end=\"394\">Size:<\/strong> One size<\/p>\n<p data-start=\"406\" data-end=\"469\" data-is-last-node=\"\" data-is-only-node=\"\">\ud83e\uddf5 <strong data-start=\"409\" data-end=\"422\">Material:<\/strong> 85% bomull, 15% polyester<br data-start=\"448\" data-end=\"451\" \/>\ud83e\udee7 <strong data-start=\"454\" data-end=\"464\">Laundry:<\/strong> 30\u00b0C<\/p>\n<\/div>\n<\/div>\n<\/div>\n<\/div>\n<div class=\"sum-mid\"><\/div>","protected":false},"excerpt":{"rendered":"<div class=\"sum-top\">\n<div class=\"left\">\n<div class=\"title-and-wishlist\">\n<div class=\"title\">\n<p data-start=\"0\" data-end=\"30\"><strong data-start=\"0\" data-end=\"30\">\u2728 V-ringad blus med brodyr<\/strong><\/p>\n<p data-start=\"32\" data-end=\"357\">\ud83e\udd0d Feminin blus med vackra brodyrdetaljer<br data-start=\"73\" data-end=\"76\" \/>\u2728 Volang nertill och p\u00e5 \u00e4rmarna som ger en romantisk k\u00e4nsla<br data-start=\"135\" data-end=\"138\" \/>\ud83d\udc5a V-ringad modell med fint och luftigt fall<br data-start=\"182\" data-end=\"185\" \/>\ud83c\udf3f L\u00e4tt och bekv\u00e4m kvalitet som passar perfekt till b\u00e5de vardag och festligare tillf\u00e4llen<br data-start=\"274\" data-end=\"277\" \/>\ud83d\udc4c Enkel att matcha med jeans, kjol eller linnebyxor f\u00f6r en stilren sommarlook<\/p>\n<p data-start=\"359\" data-end=\"377\">\ud83c\udfa8 <strong data-start=\"362\" data-end=\"371\">Paint:<\/strong> White<\/p>\n<p data-start=\"379\" data-end=\"404\">\ud83d\udccf <strong data-start=\"382\" data-end=\"394\">Size:<\/strong> One size<\/p>\n<p data-start=\"406\" data-end=\"469\" data-is-last-node=\"\" data-is-only-node=\"\">\ud83e\uddf5 <strong data-start=\"409\" data-end=\"422\">Material:<\/strong> 85% bomull, 15% polyester<br data-start=\"448\" data-end=\"451\" \/>\ud83e\udee7 <strong data-start=\"454\" data-end=\"464\">Laundry:<\/strong> 30\u00b0C<\/p>\n<\/div>\n<\/div>\n<\/div>\n<\/div>\n<div class=\"sum-mid\"><\/div>","protected":false},"featured_media":1077209,"comment_status":"closed","ping_status":"closed","template":"","meta":[],"product_brand":[],"product_cat":[211,217],"product_tag":[],"class_list":{"0":"post-1077218","1":"product","2":"type-product","3":"status-publish","4":"has-post-thumbnail","6":"product_cat-blusar","7":"product_cat-produktnyheter","9":"first","10":"instock","11":"taxable","12":"shipping-taxable","13":"purchasable","14":"product-type-variable"},"yoast_head":"<!-- This site is optimized with the Yoast SEO Premium plugin v27.4 (Yoast SEO v27.5) - https:\/\/yoast.com\/product\/yoast-seo-premium-wordpress\/ -->\n<title>\u2728 V-ringad blus med brodyr - Stil &amp; Design<\/title>\n<meta name=\"robots\" content=\"index, follow, max-snippet:-1, max-image-preview:large, max-video-preview:-1\" \/>\n<link rel=\"canonical\" href=\"https:\/\/stilanddesign.se\/en\/product\/\u2728-v-ringad-blus-med-brodyr\/\" \/>\n<meta property=\"og:locale\" content=\"en_US\" \/>\n<meta property=\"og:type\" content=\"article\" \/>\n<meta property=\"og:title\" content=\"\u2728 V-ringad blus med brodyr\" \/>\n<meta property=\"og:description\" content=\"\u2728 V-ringad blus med brodyr \ud83e\udd0d Feminin blus med vackra brodyrdetaljer\u2728 Volang nertill och p\u00e5 \u00e4rmarna som ger en romantisk k\u00e4nsla\ud83d\udc5a V-ringad modell med fint och luftigt fall\ud83c\udf3f L\u00e4tt och bekv\u00e4m kvalitet som passar perfekt till b\u00e5de vardag och festligare tillf\u00e4llen\ud83d\udc4c Enkel att matcha med jeans, kjol eller linnebyxor f\u00f6r en stilren sommarlook \ud83c\udfa8 F\u00e4rg: Vit \ud83d\udccf Storlek: Onesize \ud83e\uddf5 Material: 85% bomull, 15% polyester\ud83e\udee7 Tv\u00e4tt: 30\u00b0C\" \/>\n<meta property=\"og:url\" content=\"https:\/\/stilanddesign.se\/en\/product\/\u2728-v-ringad-blus-med-brodyr\/\" \/>\n<meta property=\"og:site_name\" content=\"Stil &amp; Design\" \/>\n<meta property=\"article:modified_time\" content=\"2026-05-11T05:50:16+00:00\" \/>\n<meta property=\"og:image\" content=\"https:\/\/stilanddesign.se\/wp-content\/uploads\/2026\/05\/85858977777.jpeg\" \/>\n\t<meta property=\"og:image:width\" content=\"1440\" \/>\n\t<meta property=\"og:image:height\" content=\"1920\" \/>\n\t<meta property=\"og:image:type\" content=\"image\/jpeg\" \/>\n<meta name=\"twitter:card\" content=\"summary_large_image\" \/>\n<meta name=\"twitter:label1\" content=\"Est. reading time\" \/>\n\t<meta name=\"twitter:data1\" content=\"1 minute\" \/>\n<script type=\"application\/ld+json\" class=\"yoast-schema-graph\">{\"@context\":\"https:\\\/\\\/schema.org\",\"@graph\":[{\"@type\":\"WebPage\",\"@id\":\"https:\\\/\\\/stilanddesign.se\\\/produkt\\\/%e2%9c%a8-v-ringad-blus-med-brodyr\\\/\",\"url\":\"https:\\\/\\\/stilanddesign.se\\\/produkt\\\/%e2%9c%a8-v-ringad-blus-med-brodyr\\\/\",\"name\":\"\u2728 V-ringad blus med brodyr - Stil &amp; Design\",\"isPartOf\":{\"@id\":\"https:\\\/\\\/stilanddesign.se\\\/#website\"},\"primaryImageOfPage\":{\"@id\":\"https:\\\/\\\/stilanddesign.se\\\/produkt\\\/%e2%9c%a8-v-ringad-blus-med-brodyr\\\/#primaryimage\"},\"image\":{\"@id\":\"https:\\\/\\\/stilanddesign.se\\\/produkt\\\/%e2%9c%a8-v-ringad-blus-med-brodyr\\\/#primaryimage\"},\"thumbnailUrl\":\"https:\\\/\\\/stilanddesign.se\\\/wp-content\\\/uploads\\\/2026\\\/05\\\/85858977777.jpeg\",\"datePublished\":\"2026-05-09T09:41:36+00:00\",\"dateModified\":\"2026-05-11T05:50:16+00:00\",\"breadcrumb\":{\"@id\":\"https:\\\/\\\/stilanddesign.se\\\/produkt\\\/%e2%9c%a8-v-ringad-blus-med-brodyr\\\/#breadcrumb\"},\"inLanguage\":\"en-US\",\"potentialAction\":[{\"@type\":\"ReadAction\",\"target\":[\"https:\\\/\\\/stilanddesign.se\\\/produkt\\\/%e2%9c%a8-v-ringad-blus-med-brodyr\\\/\"]}]},{\"@type\":\"ImageObject\",\"inLanguage\":\"en-US\",\"@id\":\"https:\\\/\\\/stilanddesign.se\\\/produkt\\\/%e2%9c%a8-v-ringad-blus-med-brodyr\\\/#primaryimage\",\"url\":\"https:\\\/\\\/stilanddesign.se\\\/wp-content\\\/uploads\\\/2026\\\/05\\\/85858977777.jpeg\",\"contentUrl\":\"https:\\\/\\\/stilanddesign.se\\\/wp-content\\\/uploads\\\/2026\\\/05\\\/85858977777.jpeg\",\"width\":1440,\"height\":1920,\"caption\":\"V-ringad blus med brodyr och en skr \u00e4rm med volang\"},{\"@type\":\"BreadcrumbList\",\"@id\":\"https:\\\/\\\/stilanddesign.se\\\/produkt\\\/%e2%9c%a8-v-ringad-blus-med-brodyr\\\/#breadcrumb\",\"itemListElement\":[{\"@type\":\"ListItem\",\"position\":1,\"name\":\"Hem\",\"item\":\"https:\\\/\\\/stilanddesign.se\\\/\"},{\"@type\":\"ListItem\",\"position\":2,\"name\":\"Butiken\",\"item\":\"https:\\\/\\\/stilanddesign.se\\\/butiken\\\/\"},{\"@type\":\"ListItem\",\"position\":3,\"name\":\"\u2728 V-ringad blus med brodyr\"}]},{\"@type\":\"WebSite\",\"@id\":\"https:\\\/\\\/stilanddesign.se\\\/#website\",\"url\":\"https:\\\/\\\/stilanddesign.se\\\/\",\"name\":\"Stil &amp; Design\",\"description\":\"F\u00f6r oss som \u00e4lskar mode!\",\"publisher\":{\"@id\":\"https:\\\/\\\/stilanddesign.se\\\/#organization\"},\"potentialAction\":[{\"@type\":\"SearchAction\",\"target\":{\"@type\":\"EntryPoint\",\"urlTemplate\":\"https:\\\/\\\/stilanddesign.se\\\/?s={search_term_string}\"},\"query-input\":{\"@type\":\"PropertyValueSpecification\",\"valueRequired\":true,\"valueName\":\"search_term_string\"}}],\"inLanguage\":\"en-US\"},{\"@type\":\"Organization\",\"@id\":\"https:\\\/\\\/stilanddesign.se\\\/#organization\",\"name\":\"Stil &amp; Design\",\"url\":\"https:\\\/\\\/stilanddesign.se\\\/\",\"logo\":{\"@type\":\"ImageObject\",\"inLanguage\":\"en-US\",\"@id\":\"https:\\\/\\\/stilanddesign.se\\\/#\\\/schema\\\/logo\\\/image\\\/\",\"url\":\"https:\\\/\\\/stilanddesign.se\\\/wp-content\\\/uploads\\\/2023\\\/12\\\/output-onlinepngtools-e1727784413220.png\",\"contentUrl\":\"https:\\\/\\\/stilanddesign.se\\\/wp-content\\\/uploads\\\/2023\\\/12\\\/output-onlinepngtools-e1727784413220.png\",\"width\":519,\"height\":135,\"caption\":\"Stil &amp; Design\"},\"image\":{\"@id\":\"https:\\\/\\\/stilanddesign.se\\\/#\\\/schema\\\/logo\\\/image\\\/\"}}]}<\/script>\n<!-- \/ Yoast SEO Premium plugin. -->","yoast_head_json":{"title":"\u2728 V-ringad blus med brodyr - Stil &amp; Design","robots":{"index":"index","follow":"follow","max-snippet":"max-snippet:-1","max-image-preview":"max-image-preview:large","max-video-preview":"max-video-preview:-1"},"canonical":"https:\/\/stilanddesign.se\/en\/product\/\u2728-v-ringad-blus-med-brodyr\/","og_locale":"en_US","og_type":"article","og_title":"\u2728 V-ringad blus med brodyr","og_description":"\u2728 V-ringad blus med brodyr \ud83e\udd0d Feminin blus med vackra brodyrdetaljer\u2728 Volang nertill och p\u00e5 \u00e4rmarna som ger en romantisk k\u00e4nsla\ud83d\udc5a V-ringad modell med fint och luftigt fall\ud83c\udf3f L\u00e4tt och bekv\u00e4m kvalitet som passar perfekt till b\u00e5de vardag och festligare tillf\u00e4llen\ud83d\udc4c Enkel att matcha med jeans, kjol eller linnebyxor f\u00f6r en stilren sommarlook \ud83c\udfa8 F\u00e4rg: Vit \ud83d\udccf Storlek: Onesize \ud83e\uddf5 Material: 85% bomull, 15% polyester\ud83e\udee7 Tv\u00e4tt: 30\u00b0C","og_url":"https:\/\/stilanddesign.se\/en\/product\/\u2728-v-ringad-blus-med-brodyr\/","og_site_name":"Stil &amp; Design","article_modified_time":"2026-05-11T05:50:16+00:00","og_image":[{"width":1440,"height":1920,"url":"https:\/\/stilanddesign.se\/wp-content\/uploads\/2026\/05\/85858977777.jpeg","type":"image\/jpeg"}],"twitter_card":"summary_large_image","twitter_misc":{"Est. reading time":"1 minute"},"schema":{"@context":"https:\/\/schema.org","@graph":[{"@type":"WebPage","@id":"https:\/\/stilanddesign.se\/produkt\/%e2%9c%a8-v-ringad-blus-med-brodyr\/","url":"https:\/\/stilanddesign.se\/produkt\/%e2%9c%a8-v-ringad-blus-med-brodyr\/","name":"\u2728 V-ringad blus med brodyr - Stil &amp; Design","isPartOf":{"@id":"https:\/\/stilanddesign.se\/#website"},"primaryImageOfPage":{"@id":"https:\/\/stilanddesign.se\/produkt\/%e2%9c%a8-v-ringad-blus-med-brodyr\/#primaryimage"},"image":{"@id":"https:\/\/stilanddesign.se\/produkt\/%e2%9c%a8-v-ringad-blus-med-brodyr\/#primaryimage"},"thumbnailUrl":"https:\/\/stilanddesign.se\/wp-content\/uploads\/2026\/05\/85858977777.jpeg","datePublished":"2026-05-09T09:41:36+00:00","dateModified":"2026-05-11T05:50:16+00:00","breadcrumb":{"@id":"https:\/\/stilanddesign.se\/produkt\/%e2%9c%a8-v-ringad-blus-med-brodyr\/#breadcrumb"},"inLanguage":"en-US","potentialAction":[{"@type":"ReadAction","target":["https:\/\/stilanddesign.se\/produkt\/%e2%9c%a8-v-ringad-blus-med-brodyr\/"]}]},{"@type":"ImageObject","inLanguage":"en-US","@id":"https:\/\/stilanddesign.se\/produkt\/%e2%9c%a8-v-ringad-blus-med-brodyr\/#primaryimage","url":"https:\/\/stilanddesign.se\/wp-content\/uploads\/2026\/05\/85858977777.jpeg","contentUrl":"https:\/\/stilanddesign.se\/wp-content\/uploads\/2026\/05\/85858977777.jpeg","width":1440,"height":1920,"caption":"V-ringad blus med brodyr och en skr \u00e4rm med volang"},{"@type":"BreadcrumbList","@id":"https:\/\/stilanddesign.se\/produkt\/%e2%9c%a8-v-ringad-blus-med-brodyr\/#breadcrumb","itemListElement":[{"@type":"ListItem","position":1,"name":"Hem","item":"https:\/\/stilanddesign.se\/"},{"@type":"ListItem","position":2,"name":"Butiken","item":"https:\/\/stilanddesign.se\/butiken\/"},{"@type":"ListItem","position":3,"name":"\u2728 V-ringad blus med brodyr"}]},{"@type":"WebSite","@id":"https:\/\/stilanddesign.se\/#website","url":"https:\/\/stilanddesign.se\/","name":"Style &amp; Design","description":"For those of us who love fashion!","publisher":{"@id":"https:\/\/stilanddesign.se\/#organization"},"potentialAction":[{"@type":"SearchAction","target":{"@type":"EntryPoint","urlTemplate":"https:\/\/stilanddesign.se\/?s={search_term_string}"},"query-input":{"@type":"PropertyValueSpecification","valueRequired":true,"valueName":"search_term_string"}}],"inLanguage":"en-US"},{"@type":"Organization","@id":"https:\/\/stilanddesign.se\/#organization","name":"Style &amp; Design","url":"https:\/\/stilanddesign.se\/","logo":{"@type":"ImageObject","inLanguage":"en-US","@id":"https:\/\/stilanddesign.se\/#\/schema\/logo\/image\/","url":"https:\/\/stilanddesign.se\/wp-content\/uploads\/2023\/12\/output-onlinepngtools-e1727784413220.png","contentUrl":"https:\/\/stilanddesign.se\/wp-content\/uploads\/2023\/12\/output-onlinepngtools-e1727784413220.png","width":519,"height":135,"caption":"Stil &amp; Design"},"image":{"@id":"https:\/\/stilanddesign.se\/#\/schema\/logo\/image\/"}}]}},"_links":{"self":[{"href":"https:\/\/stilanddesign.se\/en\/wp-json\/wp\/v2\/product\/1077218","targetHints":{"allow":["GET"]}}],"collection":[{"href":"https:\/\/stilanddesign.se\/en\/wp-json\/wp\/v2\/product"}],"about":[{"href":"https:\/\/stilanddesign.se\/en\/wp-json\/wp\/v2\/types\/product"}],"replies":[{"embeddable":true,"href":"https:\/\/stilanddesign.se\/en\/wp-json\/wp\/v2\/comments?post=1077218"}],"wp:featuredmedia":[{"embeddable":true,"href":"https:\/\/stilanddesign.se\/en\/wp-json\/wp\/v2\/media\/1077209"}],"wp:attachment":[{"href":"https:\/\/stilanddesign.se\/en\/wp-json\/wp\/v2\/media?parent=1077218"}],"wp:term":[{"taxonomy":"product_brand","embeddable":true,"href":"https:\/\/stilanddesign.se\/en\/wp-json\/wp\/v2\/product_brand?post=1077218"},{"taxonomy":"product_cat","embeddable":true,"href":"https:\/\/stilanddesign.se\/en\/wp-json\/wp\/v2\/product_cat?post=1077218"},{"taxonomy":"product_tag","embeddable":true,"href":"https:\/\/stilanddesign.se\/en\/wp-json\/wp\/v2\/product_tag?post=1077218"}],"curies":[{"name":"wp","href":"https:\/\/api.w.org\/{rel}","templated":true}]}}