{"id":1077176,"date":"2026-05-09T09:51:26","date_gmt":"2026-05-09T07:51:26","guid":{"rendered":"https:\/\/stilanddesign.se\/?post_type=product&#038;p=1077176"},"modified":"2026-05-11T10:55:56","modified_gmt":"2026-05-11T08:55:56","slug":"%e2%9c%a8-monstrad-bomullstopp","status":"publish","type":"product","link":"https:\/\/stilanddesign.se\/en\/product\/%e2%9c%a8-monstrad-bomullstopp\/","title":{"rendered":"\u2728 M\u00f6nstrad bomullstopp"},"content":{"rendered":"<p data-start=\"0\" data-end=\"26\"><strong data-start=\"0\" data-end=\"26\">\u2728 M\u00f6nstrad bomullstopp<\/strong><\/p>\n<p data-start=\"28\" data-end=\"319\">\ud83c\udf38 H\u00e4rlig topp i mjuka bl\u00e5 toner med vackert blomm\u00f6nster<br data-start=\"84\" data-end=\"87\" \/>\ud83d\udc5a Avslappnad modell med fint och luftigt fall<br data-start=\"133\" data-end=\"136\" \/>\ud83c\udf3f Sk\u00f6n bomullskvalitet som k\u00e4nns sval och bekv\u00e4m<br data-start=\"185\" data-end=\"188\" \/>\u2600\ufe0f Perfekt att matcha med b\u00e5de jeans, kjol och sommarbyxor<br data-start=\"246\" data-end=\"249\" \/>\ud83d\udc4c Ett l\u00e4ttburet plagg som passar b\u00e5de vardag och lediga sommardagar<\/p>\n<p data-start=\"321\" data-end=\"339\">\ud83c\udfa8 <strong data-start=\"324\" data-end=\"333\">Paint:<\/strong> Blue<\/p>\n<p data-start=\"341\" data-end=\"366\">\ud83d\udccf <strong data-start=\"344\" data-end=\"356\">Size:<\/strong> One size<\/p>\n<p data-start=\"368\" data-end=\"417\" data-is-last-node=\"\" data-is-only-node=\"\">\ud83e\uddf5 <strong data-start=\"371\" data-end=\"384\">Material:<\/strong> 100% cotton<br data-start=\"396\" data-end=\"399\" \/>\ud83e\udee7 <strong data-start=\"402\" data-end=\"412\">Laundry:<\/strong> 30\u00b0C<\/p>\n<h1 class=\"product_title entry-title\"><\/h1>","protected":false},"excerpt":{"rendered":"<p data-start=\"0\" data-end=\"26\"><strong data-start=\"0\" data-end=\"26\">\u2728 M\u00f6nstrad bomullstopp<\/strong><\/p>\n<p data-start=\"28\" data-end=\"319\">\ud83c\udf38 H\u00e4rlig topp i mjuka bl\u00e5 toner med vackert blomm\u00f6nster<br data-start=\"84\" data-end=\"87\" \/>\ud83d\udc5a Avslappnad modell med fint och luftigt fall<br data-start=\"133\" data-end=\"136\" \/>\ud83c\udf3f Sk\u00f6n bomullskvalitet som k\u00e4nns sval och bekv\u00e4m<br data-start=\"185\" data-end=\"188\" \/>\u2600\ufe0f Perfekt att matcha med b\u00e5de jeans, kjol och sommarbyxor<br data-start=\"246\" data-end=\"249\" \/>\ud83d\udc4c Ett l\u00e4ttburet plagg som passar b\u00e5de vardag och lediga sommardagar<\/p>\n<p data-start=\"321\" data-end=\"339\">\ud83c\udfa8 <strong data-start=\"324\" data-end=\"333\">Paint:<\/strong> Blue<\/p>\n<p data-start=\"341\" data-end=\"366\">\ud83d\udccf <strong data-start=\"344\" data-end=\"356\">Size:<\/strong> One size<\/p>\n<p data-start=\"368\" data-end=\"417\" data-is-last-node=\"\" data-is-only-node=\"\">\ud83e\uddf5 <strong data-start=\"371\" data-end=\"384\">Material:<\/strong> 100% cotton<br data-start=\"396\" data-end=\"399\" \/>\ud83e\udee7 <strong data-start=\"402\" data-end=\"412\">Laundry:<\/strong> 30\u00b0C<\/p>\n<h1 class=\"product_title entry-title\"><\/h1>","protected":false},"featured_media":1077174,"comment_status":"closed","ping_status":"closed","template":"","meta":[],"product_brand":[],"product_cat":[211,217,222],"product_tag":[],"class_list":{"0":"post-1077176","1":"product","2":"type-product","3":"status-publish","4":"has-post-thumbnail","6":"product_cat-blusar","7":"product_cat-produktnyheter","8":"product_cat-toppar-tischor","10":"first","11":"instock","12":"taxable","13":"shipping-taxable","14":"purchasable","15":"product-type-variable"},"yoast_head":"<!-- This site is optimized with the Yoast SEO Premium plugin v27.4 (Yoast SEO v27.5) - https:\/\/yoast.com\/product\/yoast-seo-premium-wordpress\/ -->\n<title>\u2728 M\u00f6nstrad bomullstopp - Stil &amp; Design<\/title>\n<meta name=\"robots\" content=\"index, follow, max-snippet:-1, max-image-preview:large, max-video-preview:-1\" \/>\n<link rel=\"canonical\" href=\"https:\/\/stilanddesign.se\/en\/product\/\u2728-monstrad-bomullstopp\/\" \/>\n<meta property=\"og:locale\" content=\"en_US\" \/>\n<meta property=\"og:type\" content=\"article\" \/>\n<meta property=\"og:title\" content=\"\u2728 M\u00f6nstrad bomullstopp\" \/>\n<meta property=\"og:description\" content=\"\u2728 M\u00f6nstrad bomullstopp \ud83c\udf38 H\u00e4rlig topp i mjuka bl\u00e5 toner med vackert blomm\u00f6nster\ud83d\udc5a Avslappnad modell med fint och luftigt fall\ud83c\udf3f Sk\u00f6n bomullskvalitet som k\u00e4nns sval och bekv\u00e4m\u2600\ufe0f Perfekt att matcha med b\u00e5de jeans, kjol och sommarbyxor\ud83d\udc4c Ett l\u00e4ttburet plagg som passar b\u00e5de vardag och lediga sommardagar \ud83c\udfa8 F\u00e4rg: Bl\u00e5 \ud83d\udccf Storlek: Onesize \ud83e\uddf5 Material: 100% bomull\ud83e\udee7 Tv\u00e4tt: 30\u00b0C\" \/>\n<meta property=\"og:url\" content=\"https:\/\/stilanddesign.se\/en\/product\/\u2728-monstrad-bomullstopp\/\" \/>\n<meta property=\"og:site_name\" content=\"Stil &amp; Design\" \/>\n<meta property=\"article:modified_time\" content=\"2026-05-11T08:55:56+00:00\" \/>\n<meta property=\"og:image\" content=\"https:\/\/stilanddesign.se\/wp-content\/uploads\/2026\/05\/85854444.jpeg\" \/>\n\t<meta property=\"og:image:width\" content=\"1920\" \/>\n\t<meta property=\"og:image:height\" content=\"2560\" \/>\n\t<meta property=\"og:image:type\" content=\"image\/jpeg\" \/>\n<meta name=\"twitter:card\" content=\"summary_large_image\" \/>\n<meta name=\"twitter:label1\" content=\"Est. reading time\" \/>\n\t<meta name=\"twitter:data1\" content=\"1 minute\" \/>\n<script type=\"application\/ld+json\" class=\"yoast-schema-graph\">{\"@context\":\"https:\\\/\\\/schema.org\",\"@graph\":[{\"@type\":\"WebPage\",\"@id\":\"https:\\\/\\\/stilanddesign.se\\\/produkt\\\/%e2%9c%a8-monstrad-bomullstopp\\\/\",\"url\":\"https:\\\/\\\/stilanddesign.se\\\/produkt\\\/%e2%9c%a8-monstrad-bomullstopp\\\/\",\"name\":\"\u2728 M\u00f6nstrad bomullstopp - Stil &amp; Design\",\"isPartOf\":{\"@id\":\"https:\\\/\\\/stilanddesign.se\\\/#website\"},\"primaryImageOfPage\":{\"@id\":\"https:\\\/\\\/stilanddesign.se\\\/produkt\\\/%e2%9c%a8-monstrad-bomullstopp\\\/#primaryimage\"},\"image\":{\"@id\":\"https:\\\/\\\/stilanddesign.se\\\/produkt\\\/%e2%9c%a8-monstrad-bomullstopp\\\/#primaryimage\"},\"thumbnailUrl\":\"https:\\\/\\\/stilanddesign.se\\\/wp-content\\\/uploads\\\/2026\\\/05\\\/85854444.jpeg\",\"datePublished\":\"2026-05-09T07:51:26+00:00\",\"dateModified\":\"2026-05-11T08:55:56+00:00\",\"breadcrumb\":{\"@id\":\"https:\\\/\\\/stilanddesign.se\\\/produkt\\\/%e2%9c%a8-monstrad-bomullstopp\\\/#breadcrumb\"},\"inLanguage\":\"en-US\",\"potentialAction\":[{\"@type\":\"ReadAction\",\"target\":[\"https:\\\/\\\/stilanddesign.se\\\/produkt\\\/%e2%9c%a8-monstrad-bomullstopp\\\/\"]}]},{\"@type\":\"ImageObject\",\"inLanguage\":\"en-US\",\"@id\":\"https:\\\/\\\/stilanddesign.se\\\/produkt\\\/%e2%9c%a8-monstrad-bomullstopp\\\/#primaryimage\",\"url\":\"https:\\\/\\\/stilanddesign.se\\\/wp-content\\\/uploads\\\/2026\\\/05\\\/85854444.jpeg\",\"contentUrl\":\"https:\\\/\\\/stilanddesign.se\\\/wp-content\\\/uploads\\\/2026\\\/05\\\/85854444.jpeg\",\"width\":1920,\"height\":2560,\"caption\":\"Bl\u00e5m\u00f6nstrad bomullstopp\"},{\"@type\":\"BreadcrumbList\",\"@id\":\"https:\\\/\\\/stilanddesign.se\\\/produkt\\\/%e2%9c%a8-monstrad-bomullstopp\\\/#breadcrumb\",\"itemListElement\":[{\"@type\":\"ListItem\",\"position\":1,\"name\":\"Hem\",\"item\":\"https:\\\/\\\/stilanddesign.se\\\/\"},{\"@type\":\"ListItem\",\"position\":2,\"name\":\"Butiken\",\"item\":\"https:\\\/\\\/stilanddesign.se\\\/butiken\\\/\"},{\"@type\":\"ListItem\",\"position\":3,\"name\":\"\u2728 M\u00f6nstrad bomullstopp\"}]},{\"@type\":\"WebSite\",\"@id\":\"https:\\\/\\\/stilanddesign.se\\\/#website\",\"url\":\"https:\\\/\\\/stilanddesign.se\\\/\",\"name\":\"Stil &amp; Design\",\"description\":\"F\u00f6r oss som \u00e4lskar mode!\",\"publisher\":{\"@id\":\"https:\\\/\\\/stilanddesign.se\\\/#organization\"},\"potentialAction\":[{\"@type\":\"SearchAction\",\"target\":{\"@type\":\"EntryPoint\",\"urlTemplate\":\"https:\\\/\\\/stilanddesign.se\\\/?s={search_term_string}\"},\"query-input\":{\"@type\":\"PropertyValueSpecification\",\"valueRequired\":true,\"valueName\":\"search_term_string\"}}],\"inLanguage\":\"en-US\"},{\"@type\":\"Organization\",\"@id\":\"https:\\\/\\\/stilanddesign.se\\\/#organization\",\"name\":\"Stil &amp; Design\",\"url\":\"https:\\\/\\\/stilanddesign.se\\\/\",\"logo\":{\"@type\":\"ImageObject\",\"inLanguage\":\"en-US\",\"@id\":\"https:\\\/\\\/stilanddesign.se\\\/#\\\/schema\\\/logo\\\/image\\\/\",\"url\":\"https:\\\/\\\/stilanddesign.se\\\/wp-content\\\/uploads\\\/2023\\\/12\\\/output-onlinepngtools-e1727784413220.png\",\"contentUrl\":\"https:\\\/\\\/stilanddesign.se\\\/wp-content\\\/uploads\\\/2023\\\/12\\\/output-onlinepngtools-e1727784413220.png\",\"width\":519,\"height\":135,\"caption\":\"Stil &amp; Design\"},\"image\":{\"@id\":\"https:\\\/\\\/stilanddesign.se\\\/#\\\/schema\\\/logo\\\/image\\\/\"}}]}<\/script>\n<!-- \/ Yoast SEO Premium plugin. -->","yoast_head_json":{"title":"\u2728 M\u00f6nstrad bomullstopp - Stil &amp; Design","robots":{"index":"index","follow":"follow","max-snippet":"max-snippet:-1","max-image-preview":"max-image-preview:large","max-video-preview":"max-video-preview:-1"},"canonical":"https:\/\/stilanddesign.se\/en\/product\/\u2728-monstrad-bomullstopp\/","og_locale":"en_US","og_type":"article","og_title":"\u2728 M\u00f6nstrad bomullstopp","og_description":"\u2728 M\u00f6nstrad bomullstopp \ud83c\udf38 H\u00e4rlig topp i mjuka bl\u00e5 toner med vackert blomm\u00f6nster\ud83d\udc5a Avslappnad modell med fint och luftigt fall\ud83c\udf3f Sk\u00f6n bomullskvalitet som k\u00e4nns sval och bekv\u00e4m\u2600\ufe0f Perfekt att matcha med b\u00e5de jeans, kjol och sommarbyxor\ud83d\udc4c Ett l\u00e4ttburet plagg som passar b\u00e5de vardag och lediga sommardagar \ud83c\udfa8 F\u00e4rg: Bl\u00e5 \ud83d\udccf Storlek: Onesize \ud83e\uddf5 Material: 100% bomull\ud83e\udee7 Tv\u00e4tt: 30\u00b0C","og_url":"https:\/\/stilanddesign.se\/en\/product\/\u2728-monstrad-bomullstopp\/","og_site_name":"Stil &amp; Design","article_modified_time":"2026-05-11T08:55:56+00:00","og_image":[{"width":1920,"height":2560,"url":"https:\/\/stilanddesign.se\/wp-content\/uploads\/2026\/05\/85854444.jpeg","type":"image\/jpeg"}],"twitter_card":"summary_large_image","twitter_misc":{"Est. reading time":"1 minute"},"schema":{"@context":"https:\/\/schema.org","@graph":[{"@type":"WebPage","@id":"https:\/\/stilanddesign.se\/produkt\/%e2%9c%a8-monstrad-bomullstopp\/","url":"https:\/\/stilanddesign.se\/produkt\/%e2%9c%a8-monstrad-bomullstopp\/","name":"\u2728 M\u00f6nstrad bomullstopp - Stil &amp; Design","isPartOf":{"@id":"https:\/\/stilanddesign.se\/#website"},"primaryImageOfPage":{"@id":"https:\/\/stilanddesign.se\/produkt\/%e2%9c%a8-monstrad-bomullstopp\/#primaryimage"},"image":{"@id":"https:\/\/stilanddesign.se\/produkt\/%e2%9c%a8-monstrad-bomullstopp\/#primaryimage"},"thumbnailUrl":"https:\/\/stilanddesign.se\/wp-content\/uploads\/2026\/05\/85854444.jpeg","datePublished":"2026-05-09T07:51:26+00:00","dateModified":"2026-05-11T08:55:56+00:00","breadcrumb":{"@id":"https:\/\/stilanddesign.se\/produkt\/%e2%9c%a8-monstrad-bomullstopp\/#breadcrumb"},"inLanguage":"en-US","potentialAction":[{"@type":"ReadAction","target":["https:\/\/stilanddesign.se\/produkt\/%e2%9c%a8-monstrad-bomullstopp\/"]}]},{"@type":"ImageObject","inLanguage":"en-US","@id":"https:\/\/stilanddesign.se\/produkt\/%e2%9c%a8-monstrad-bomullstopp\/#primaryimage","url":"https:\/\/stilanddesign.se\/wp-content\/uploads\/2026\/05\/85854444.jpeg","contentUrl":"https:\/\/stilanddesign.se\/wp-content\/uploads\/2026\/05\/85854444.jpeg","width":1920,"height":2560,"caption":"Bl\u00e5m\u00f6nstrad bomullstopp"},{"@type":"BreadcrumbList","@id":"https:\/\/stilanddesign.se\/produkt\/%e2%9c%a8-monstrad-bomullstopp\/#breadcrumb","itemListElement":[{"@type":"ListItem","position":1,"name":"Hem","item":"https:\/\/stilanddesign.se\/"},{"@type":"ListItem","position":2,"name":"Butiken","item":"https:\/\/stilanddesign.se\/butiken\/"},{"@type":"ListItem","position":3,"name":"\u2728 M\u00f6nstrad bomullstopp"}]},{"@type":"WebSite","@id":"https:\/\/stilanddesign.se\/#website","url":"https:\/\/stilanddesign.se\/","name":"Style &amp; Design","description":"For those of us who love fashion!","publisher":{"@id":"https:\/\/stilanddesign.se\/#organization"},"potentialAction":[{"@type":"SearchAction","target":{"@type":"EntryPoint","urlTemplate":"https:\/\/stilanddesign.se\/?s={search_term_string}"},"query-input":{"@type":"PropertyValueSpecification","valueRequired":true,"valueName":"search_term_string"}}],"inLanguage":"en-US"},{"@type":"Organization","@id":"https:\/\/stilanddesign.se\/#organization","name":"Style &amp; Design","url":"https:\/\/stilanddesign.se\/","logo":{"@type":"ImageObject","inLanguage":"en-US","@id":"https:\/\/stilanddesign.se\/#\/schema\/logo\/image\/","url":"https:\/\/stilanddesign.se\/wp-content\/uploads\/2023\/12\/output-onlinepngtools-e1727784413220.png","contentUrl":"https:\/\/stilanddesign.se\/wp-content\/uploads\/2023\/12\/output-onlinepngtools-e1727784413220.png","width":519,"height":135,"caption":"Stil &amp; Design"},"image":{"@id":"https:\/\/stilanddesign.se\/#\/schema\/logo\/image\/"}}]}},"_links":{"self":[{"href":"https:\/\/stilanddesign.se\/en\/wp-json\/wp\/v2\/product\/1077176","targetHints":{"allow":["GET"]}}],"collection":[{"href":"https:\/\/stilanddesign.se\/en\/wp-json\/wp\/v2\/product"}],"about":[{"href":"https:\/\/stilanddesign.se\/en\/wp-json\/wp\/v2\/types\/product"}],"replies":[{"embeddable":true,"href":"https:\/\/stilanddesign.se\/en\/wp-json\/wp\/v2\/comments?post=1077176"}],"wp:featuredmedia":[{"embeddable":true,"href":"https:\/\/stilanddesign.se\/en\/wp-json\/wp\/v2\/media\/1077174"}],"wp:attachment":[{"href":"https:\/\/stilanddesign.se\/en\/wp-json\/wp\/v2\/media?parent=1077176"}],"wp:term":[{"taxonomy":"product_brand","embeddable":true,"href":"https:\/\/stilanddesign.se\/en\/wp-json\/wp\/v2\/product_brand?post=1077176"},{"taxonomy":"product_cat","embeddable":true,"href":"https:\/\/stilanddesign.se\/en\/wp-json\/wp\/v2\/product_cat?post=1077176"},{"taxonomy":"product_tag","embeddable":true,"href":"https:\/\/stilanddesign.se\/en\/wp-json\/wp\/v2\/product_tag?post=1077176"}],"curies":[{"name":"wp","href":"https:\/\/api.w.org\/{rel}","templated":true}]}}