{"id":1077075,"date":"2026-05-08T15:14:29","date_gmt":"2026-05-08T13:14:29","guid":{"rendered":"https:\/\/stilanddesign.se\/?post_type=product&#038;p=1077075"},"modified":"2026-05-08T23:24:16","modified_gmt":"2026-05-08T21:24:16","slug":"%e2%9c%a8-rundhalsad-linnetopp-med-brodyrarm-3","status":"publish","type":"product","link":"https:\/\/stilanddesign.se\/en\/product\/%e2%9c%a8-rundhalsad-linnetopp-med-brodyrarm-3\/","title":{"rendered":"\u2728 Round neck linen top with embroidered sleeves"},"content":{"rendered":"<p data-start=\"0\" data-end=\"40\"><strong data-start=\"0\" data-end=\"40\">\u2728 Round neck linen top with embroidered sleeves<\/strong><\/p>\n<p data-start=\"42\" data-end=\"324\">\ud83c\udf3f Stylish top in cool and airy linen quality<br data-start=\"90\" data-end=\"93\" \/>\u2728 Beautiful embroidery details on the sleeve ends that give a feminine feel<br data-start=\"157\" data-end=\"160\" \/>\ud83d\udc5a Round neck and relaxed fit for great comfort<br data-start=\"213\" data-end=\"216\" \/>\u2600\ufe0f Perfect to match with jeans, linen pants and skirts<br data-start=\"274\" data-end=\"277\" \/>\ud83d\udcab A timeless garment that is suitable for the whole summer<\/p>\n<p data-start=\"326\" data-end=\"346\">\ud83c\udfa8 <strong data-start=\"329\" data-end=\"338\">Paint:<\/strong> Beige<\/p>\n<p data-start=\"348\" data-end=\"373\">\ud83d\udccf <strong data-start=\"351\" data-end=\"363\">Size:<\/strong> One size<\/p>\n<p data-start=\"375\" data-end=\"423\" data-is-last-node=\"\" data-is-only-node=\"\">\ud83e\uddf5 <strong data-start=\"378\" data-end=\"391\">Material:<\/strong> 100% linen<br data-start=\"402\" data-end=\"405\" \/>\ud83e\udee7 <strong data-start=\"408\" data-end=\"418\">Laundry:<\/strong> 30\u00b0C<\/p>\n<h1 class=\"product_title entry-title\"><\/h1>","protected":false},"excerpt":{"rendered":"<p data-start=\"0\" data-end=\"40\"><strong data-start=\"0\" data-end=\"40\">\u2728 Round neck linen top with embroidered sleeves<\/strong><\/p>\n<p data-start=\"42\" data-end=\"324\">\ud83c\udf3f Stylish top in cool and airy linen quality<br data-start=\"90\" data-end=\"93\" \/>\u2728 Beautiful embroidery details on the sleeve ends that give a feminine feel<br data-start=\"157\" data-end=\"160\" \/>\ud83d\udc5a Round neck and relaxed fit for great comfort<br data-start=\"213\" data-end=\"216\" \/>\u2600\ufe0f Perfect to match with jeans, linen pants and skirts<br data-start=\"274\" data-end=\"277\" \/>\ud83d\udcab A timeless garment that is suitable for the whole summer<\/p>\n<p data-start=\"326\" data-end=\"346\">\ud83c\udfa8 <strong data-start=\"329\" data-end=\"338\">Paint:<\/strong> Beige<\/p>\n<p data-start=\"348\" data-end=\"373\">\ud83d\udccf <strong data-start=\"351\" data-end=\"363\">Size:<\/strong> One size<\/p>\n<p data-start=\"375\" data-end=\"423\" data-is-last-node=\"\" data-is-only-node=\"\">\ud83e\uddf5 <strong data-start=\"378\" data-end=\"391\">Material:<\/strong> 100% linen<br data-start=\"402\" data-end=\"405\" \/>\ud83e\udee7 <strong data-start=\"408\" data-end=\"418\">Laundry:<\/strong> 30\u00b0C<\/p>","protected":false},"featured_media":1077073,"comment_status":"closed","ping_status":"closed","template":"","meta":[],"product_brand":[],"product_cat":[211,217,222],"product_tag":[],"class_list":{"0":"post-1077075","1":"product","2":"type-product","3":"status-publish","4":"has-post-thumbnail","6":"product_cat-blusar","7":"product_cat-produktnyheter","8":"product_cat-toppar-tischor","10":"first","11":"instock","12":"taxable","13":"shipping-taxable","14":"purchasable","15":"product-type-variable"},"yoast_head":"<!-- This site is optimized with the Yoast SEO Premium plugin v27.4 (Yoast SEO v27.5) - https:\/\/yoast.com\/product\/yoast-seo-premium-wordpress\/ -->\n<title>\u2728 Rundhalsad linnetopp med brodyr\u00e4rm - Stil &amp; Design<\/title>\n<meta name=\"robots\" content=\"index, follow, max-snippet:-1, max-image-preview:large, max-video-preview:-1\" \/>\n<link rel=\"canonical\" href=\"https:\/\/stilanddesign.se\/en\/product\/\u2728-rundhalsad-linnetopp-med-brodyrarm-3\/\" \/>\n<meta property=\"og:locale\" content=\"en_US\" \/>\n<meta property=\"og:type\" content=\"article\" \/>\n<meta property=\"og:title\" content=\"\u2728 Rundhalsad linnetopp med brodyr\u00e4rm\" \/>\n<meta property=\"og:description\" content=\"\u2728 Rundhalsad linnetopp med brodyr\u00e4rm \ud83c\udf3f Stilren topp i sval och luftig linneskvalitet\u2728 Vackra brodyrdetaljer p\u00e5 \u00e4rmavsluten som ger en feminin k\u00e4nsla\ud83d\udc5a Rund hals och avslappnad passform f\u00f6r sk\u00f6n komfort\u2600\ufe0f Perfekt att matcha till b\u00e5de jeans, linnebyxor och kjol\ud83d\udcab Ett tidl\u00f6st plagg som passar hela sommaren \ud83c\udfa8 F\u00e4rg: Beige \ud83d\udccf Storlek: Onesize \ud83e\uddf5 Material: 100% linne\ud83e\udee7 Tv\u00e4tt: 30\u00b0C\" \/>\n<meta property=\"og:url\" content=\"https:\/\/stilanddesign.se\/en\/product\/\u2728-rundhalsad-linnetopp-med-brodyrarm-3\/\" \/>\n<meta property=\"og:site_name\" content=\"Stil &amp; Design\" \/>\n<meta property=\"article:modified_time\" content=\"2026-05-08T21:24:16+00:00\" \/>\n<meta property=\"og:image\" content=\"https:\/\/stilanddesign.se\/wp-content\/uploads\/2026\/05\/8585854444.jpeg\" \/>\n\t<meta property=\"og:image:width\" content=\"1920\" \/>\n\t<meta property=\"og:image:height\" content=\"2560\" \/>\n\t<meta property=\"og:image:type\" content=\"image\/jpeg\" \/>\n<meta name=\"twitter:card\" content=\"summary_large_image\" \/>\n<meta name=\"twitter:label1\" content=\"Est. reading time\" \/>\n\t<meta name=\"twitter:data1\" content=\"1 minute\" \/>\n<script type=\"application\/ld+json\" class=\"yoast-schema-graph\">{\"@context\":\"https:\\\/\\\/schema.org\",\"@graph\":[{\"@type\":\"WebPage\",\"@id\":\"https:\\\/\\\/stilanddesign.se\\\/produkt\\\/%e2%9c%a8-rundhalsad-linnetopp-med-brodyrarm-3\\\/\",\"url\":\"https:\\\/\\\/stilanddesign.se\\\/produkt\\\/%e2%9c%a8-rundhalsad-linnetopp-med-brodyrarm-3\\\/\",\"name\":\"\u2728 Rundhalsad linnetopp med brodyr\u00e4rm - Stil &amp; Design\",\"isPartOf\":{\"@id\":\"https:\\\/\\\/stilanddesign.se\\\/#website\"},\"primaryImageOfPage\":{\"@id\":\"https:\\\/\\\/stilanddesign.se\\\/produkt\\\/%e2%9c%a8-rundhalsad-linnetopp-med-brodyrarm-3\\\/#primaryimage\"},\"image\":{\"@id\":\"https:\\\/\\\/stilanddesign.se\\\/produkt\\\/%e2%9c%a8-rundhalsad-linnetopp-med-brodyrarm-3\\\/#primaryimage\"},\"thumbnailUrl\":\"https:\\\/\\\/stilanddesign.se\\\/wp-content\\\/uploads\\\/2026\\\/05\\\/8585854444.jpeg\",\"datePublished\":\"2026-05-08T13:14:29+00:00\",\"dateModified\":\"2026-05-08T21:24:16+00:00\",\"breadcrumb\":{\"@id\":\"https:\\\/\\\/stilanddesign.se\\\/produkt\\\/%e2%9c%a8-rundhalsad-linnetopp-med-brodyrarm-3\\\/#breadcrumb\"},\"inLanguage\":\"en-US\",\"potentialAction\":[{\"@type\":\"ReadAction\",\"target\":[\"https:\\\/\\\/stilanddesign.se\\\/produkt\\\/%e2%9c%a8-rundhalsad-linnetopp-med-brodyrarm-3\\\/\"]}]},{\"@type\":\"ImageObject\",\"inLanguage\":\"en-US\",\"@id\":\"https:\\\/\\\/stilanddesign.se\\\/produkt\\\/%e2%9c%a8-rundhalsad-linnetopp-med-brodyrarm-3\\\/#primaryimage\",\"url\":\"https:\\\/\\\/stilanddesign.se\\\/wp-content\\\/uploads\\\/2026\\\/05\\\/8585854444.jpeg\",\"contentUrl\":\"https:\\\/\\\/stilanddesign.se\\\/wp-content\\\/uploads\\\/2026\\\/05\\\/8585854444.jpeg\",\"width\":1920,\"height\":2560,\"caption\":\"Bege linnetopp med brodyr i \u00e4rmslut\"},{\"@type\":\"BreadcrumbList\",\"@id\":\"https:\\\/\\\/stilanddesign.se\\\/produkt\\\/%e2%9c%a8-rundhalsad-linnetopp-med-brodyrarm-3\\\/#breadcrumb\",\"itemListElement\":[{\"@type\":\"ListItem\",\"position\":1,\"name\":\"Hem\",\"item\":\"https:\\\/\\\/stilanddesign.se\\\/\"},{\"@type\":\"ListItem\",\"position\":2,\"name\":\"Butiken\",\"item\":\"https:\\\/\\\/stilanddesign.se\\\/butiken\\\/\"},{\"@type\":\"ListItem\",\"position\":3,\"name\":\"\u2728 Rundhalsad linnetopp med brodyr\u00e4rm\"}]},{\"@type\":\"WebSite\",\"@id\":\"https:\\\/\\\/stilanddesign.se\\\/#website\",\"url\":\"https:\\\/\\\/stilanddesign.se\\\/\",\"name\":\"Stil &amp; Design\",\"description\":\"F\u00f6r oss som \u00e4lskar mode!\",\"publisher\":{\"@id\":\"https:\\\/\\\/stilanddesign.se\\\/#organization\"},\"potentialAction\":[{\"@type\":\"SearchAction\",\"target\":{\"@type\":\"EntryPoint\",\"urlTemplate\":\"https:\\\/\\\/stilanddesign.se\\\/?s={search_term_string}\"},\"query-input\":{\"@type\":\"PropertyValueSpecification\",\"valueRequired\":true,\"valueName\":\"search_term_string\"}}],\"inLanguage\":\"en-US\"},{\"@type\":\"Organization\",\"@id\":\"https:\\\/\\\/stilanddesign.se\\\/#organization\",\"name\":\"Stil &amp; Design\",\"url\":\"https:\\\/\\\/stilanddesign.se\\\/\",\"logo\":{\"@type\":\"ImageObject\",\"inLanguage\":\"en-US\",\"@id\":\"https:\\\/\\\/stilanddesign.se\\\/#\\\/schema\\\/logo\\\/image\\\/\",\"url\":\"https:\\\/\\\/stilanddesign.se\\\/wp-content\\\/uploads\\\/2023\\\/12\\\/output-onlinepngtools-e1727784413220.png\",\"contentUrl\":\"https:\\\/\\\/stilanddesign.se\\\/wp-content\\\/uploads\\\/2023\\\/12\\\/output-onlinepngtools-e1727784413220.png\",\"width\":519,\"height\":135,\"caption\":\"Stil &amp; Design\"},\"image\":{\"@id\":\"https:\\\/\\\/stilanddesign.se\\\/#\\\/schema\\\/logo\\\/image\\\/\"}}]}<\/script>\n<!-- \/ Yoast SEO Premium plugin. -->","yoast_head_json":{"title":"\u2728 Rundhalsad linnetopp med brodyr\u00e4rm - Stil &amp; Design","robots":{"index":"index","follow":"follow","max-snippet":"max-snippet:-1","max-image-preview":"max-image-preview:large","max-video-preview":"max-video-preview:-1"},"canonical":"https:\/\/stilanddesign.se\/en\/product\/\u2728-rundhalsad-linnetopp-med-brodyrarm-3\/","og_locale":"en_US","og_type":"article","og_title":"\u2728 Rundhalsad linnetopp med brodyr\u00e4rm","og_description":"\u2728 Rundhalsad linnetopp med brodyr\u00e4rm \ud83c\udf3f Stilren topp i sval och luftig linneskvalitet\u2728 Vackra brodyrdetaljer p\u00e5 \u00e4rmavsluten som ger en feminin k\u00e4nsla\ud83d\udc5a Rund hals och avslappnad passform f\u00f6r sk\u00f6n komfort\u2600\ufe0f Perfekt att matcha till b\u00e5de jeans, linnebyxor och kjol\ud83d\udcab Ett tidl\u00f6st plagg som passar hela sommaren \ud83c\udfa8 F\u00e4rg: Beige \ud83d\udccf Storlek: Onesize \ud83e\uddf5 Material: 100% linne\ud83e\udee7 Tv\u00e4tt: 30\u00b0C","og_url":"https:\/\/stilanddesign.se\/en\/product\/\u2728-rundhalsad-linnetopp-med-brodyrarm-3\/","og_site_name":"Stil &amp; Design","article_modified_time":"2026-05-08T21:24:16+00:00","og_image":[{"width":1920,"height":2560,"url":"https:\/\/stilanddesign.se\/wp-content\/uploads\/2026\/05\/8585854444.jpeg","type":"image\/jpeg"}],"twitter_card":"summary_large_image","twitter_misc":{"Est. reading time":"1 minute"},"schema":{"@context":"https:\/\/schema.org","@graph":[{"@type":"WebPage","@id":"https:\/\/stilanddesign.se\/produkt\/%e2%9c%a8-rundhalsad-linnetopp-med-brodyrarm-3\/","url":"https:\/\/stilanddesign.se\/produkt\/%e2%9c%a8-rundhalsad-linnetopp-med-brodyrarm-3\/","name":"\u2728 Rundhalsad linnetopp med brodyr\u00e4rm - Stil &amp; Design","isPartOf":{"@id":"https:\/\/stilanddesign.se\/#website"},"primaryImageOfPage":{"@id":"https:\/\/stilanddesign.se\/produkt\/%e2%9c%a8-rundhalsad-linnetopp-med-brodyrarm-3\/#primaryimage"},"image":{"@id":"https:\/\/stilanddesign.se\/produkt\/%e2%9c%a8-rundhalsad-linnetopp-med-brodyrarm-3\/#primaryimage"},"thumbnailUrl":"https:\/\/stilanddesign.se\/wp-content\/uploads\/2026\/05\/8585854444.jpeg","datePublished":"2026-05-08T13:14:29+00:00","dateModified":"2026-05-08T21:24:16+00:00","breadcrumb":{"@id":"https:\/\/stilanddesign.se\/produkt\/%e2%9c%a8-rundhalsad-linnetopp-med-brodyrarm-3\/#breadcrumb"},"inLanguage":"en-US","potentialAction":[{"@type":"ReadAction","target":["https:\/\/stilanddesign.se\/produkt\/%e2%9c%a8-rundhalsad-linnetopp-med-brodyrarm-3\/"]}]},{"@type":"ImageObject","inLanguage":"en-US","@id":"https:\/\/stilanddesign.se\/produkt\/%e2%9c%a8-rundhalsad-linnetopp-med-brodyrarm-3\/#primaryimage","url":"https:\/\/stilanddesign.se\/wp-content\/uploads\/2026\/05\/8585854444.jpeg","contentUrl":"https:\/\/stilanddesign.se\/wp-content\/uploads\/2026\/05\/8585854444.jpeg","width":1920,"height":2560,"caption":"Bege linnetopp med brodyr i \u00e4rmslut"},{"@type":"BreadcrumbList","@id":"https:\/\/stilanddesign.se\/produkt\/%e2%9c%a8-rundhalsad-linnetopp-med-brodyrarm-3\/#breadcrumb","itemListElement":[{"@type":"ListItem","position":1,"name":"Hem","item":"https:\/\/stilanddesign.se\/"},{"@type":"ListItem","position":2,"name":"Butiken","item":"https:\/\/stilanddesign.se\/butiken\/"},{"@type":"ListItem","position":3,"name":"\u2728 Rundhalsad linnetopp med brodyr\u00e4rm"}]},{"@type":"WebSite","@id":"https:\/\/stilanddesign.se\/#website","url":"https:\/\/stilanddesign.se\/","name":"Style &amp; Design","description":"For those of us who love fashion!","publisher":{"@id":"https:\/\/stilanddesign.se\/#organization"},"potentialAction":[{"@type":"SearchAction","target":{"@type":"EntryPoint","urlTemplate":"https:\/\/stilanddesign.se\/?s={search_term_string}"},"query-input":{"@type":"PropertyValueSpecification","valueRequired":true,"valueName":"search_term_string"}}],"inLanguage":"en-US"},{"@type":"Organization","@id":"https:\/\/stilanddesign.se\/#organization","name":"Style &amp; Design","url":"https:\/\/stilanddesign.se\/","logo":{"@type":"ImageObject","inLanguage":"en-US","@id":"https:\/\/stilanddesign.se\/#\/schema\/logo\/image\/","url":"https:\/\/stilanddesign.se\/wp-content\/uploads\/2023\/12\/output-onlinepngtools-e1727784413220.png","contentUrl":"https:\/\/stilanddesign.se\/wp-content\/uploads\/2023\/12\/output-onlinepngtools-e1727784413220.png","width":519,"height":135,"caption":"Stil &amp; Design"},"image":{"@id":"https:\/\/stilanddesign.se\/#\/schema\/logo\/image\/"}}]}},"_links":{"self":[{"href":"https:\/\/stilanddesign.se\/en\/wp-json\/wp\/v2\/product\/1077075","targetHints":{"allow":["GET"]}}],"collection":[{"href":"https:\/\/stilanddesign.se\/en\/wp-json\/wp\/v2\/product"}],"about":[{"href":"https:\/\/stilanddesign.se\/en\/wp-json\/wp\/v2\/types\/product"}],"replies":[{"embeddable":true,"href":"https:\/\/stilanddesign.se\/en\/wp-json\/wp\/v2\/comments?post=1077075"}],"wp:featuredmedia":[{"embeddable":true,"href":"https:\/\/stilanddesign.se\/en\/wp-json\/wp\/v2\/media\/1077073"}],"wp:attachment":[{"href":"https:\/\/stilanddesign.se\/en\/wp-json\/wp\/v2\/media?parent=1077075"}],"wp:term":[{"taxonomy":"product_brand","embeddable":true,"href":"https:\/\/stilanddesign.se\/en\/wp-json\/wp\/v2\/product_brand?post=1077075"},{"taxonomy":"product_cat","embeddable":true,"href":"https:\/\/stilanddesign.se\/en\/wp-json\/wp\/v2\/product_cat?post=1077075"},{"taxonomy":"product_tag","embeddable":true,"href":"https:\/\/stilanddesign.se\/en\/wp-json\/wp\/v2\/product_tag?post=1077075"}],"curies":[{"name":"wp","href":"https:\/\/api.w.org\/{rel}","templated":true}]}}