{"id":1077070,"date":"2026-05-08T15:09:15","date_gmt":"2026-05-08T13:09:15","guid":{"rendered":"https:\/\/stilanddesign.se\/?post_type=product&#038;p=1077070"},"modified":"2026-05-08T23:28:03","modified_gmt":"2026-05-08T21:28:03","slug":"%e2%9c%a8-stretchig-byxa-med-blommonster-2","status":"publish","type":"product","link":"https:\/\/stilanddesign.se\/en\/product\/%e2%9c%a8-stretchig-byxa-med-blommonster-2\/","title":{"rendered":"\u2728 Stretchy trousers with floral pattern"},"content":{"rendered":"<p data-start=\"0\" data-end=\"36\"><strong data-start=\"0\" data-end=\"36\">\u2728 Stretchy trousers with floral pattern<\/strong><\/p>\n<p data-start=\"38\" data-end=\"388\">\ud83c\udf38 Patterned trousers in soft pink tones with floral details<br data-start=\"95\" data-end=\"98\" \/>\ud83c\udf3f Magically comfortable quality with lots of stretch<br data-start=\"141\" data-end=\"144\" \/>\ud83c\udf80 Drawstring and elastic at the waist for a flexible and comfortable fit<br data-start=\"206\" data-end=\"209\" \/>\ud83d\udc5c Practical side pockets<br data-start=\"236\" data-end=\"239\" \/>\ud83d\udc4c Spacious model that fits perfectly with both everyday and summer outfits<br data-start=\"313\" data-end=\"316\" \/>\ud83d\udcab A pair of pants that combines comfort and feminine style in the best way<\/p>\n<p data-start=\"390\" data-end=\"433\">\ud83d\udccf <strong data-start=\"393\" data-end=\"405\">Size:<\/strong> One size (fits approx. 34\u201342)<\/p>\n<p data-start=\"435\" data-end=\"506\" data-is-last-node=\"\" data-is-only-node=\"\">\ud83e\uddf5 <strong data-start=\"438\" data-end=\"451\">Material:<\/strong> 77% viscose, 20% nylon, 3% elastane<br data-start=\"485\" data-end=\"488\" \/>\ud83e\udee7 <strong data-start=\"491\" data-end=\"501\" data-is-only-node=\"\">Laundry:<\/strong> 30\u00b0C<\/p>","protected":false},"excerpt":{"rendered":"<p data-start=\"0\" data-end=\"36\"><strong data-start=\"0\" data-end=\"36\">\u2728 Stretchy trousers with floral pattern<\/strong><\/p>\n<p data-start=\"38\" data-end=\"388\">\ud83c\udf38 Patterned trousers in soft pink tones with floral details<br data-start=\"95\" data-end=\"98\" \/>\ud83c\udf3f Magically comfortable quality with lots of stretch<br data-start=\"141\" data-end=\"144\" \/>\ud83c\udf80 Drawstring and elastic at the waist for a flexible and comfortable fit<br data-start=\"206\" data-end=\"209\" \/>\ud83d\udc5c Practical side pockets<br data-start=\"236\" data-end=\"239\" \/>\ud83d\udc4c Spacious model that fits perfectly with both everyday and summer outfits<br data-start=\"313\" data-end=\"316\" \/>\ud83d\udcab A pair of pants that combines comfort and feminine style in the best way<\/p>\n<p data-start=\"390\" data-end=\"433\">\ud83d\udccf <strong data-start=\"393\" data-end=\"405\">Size:<\/strong> One size (fits approx. 34\u201342)<\/p>\n<p data-start=\"435\" data-end=\"506\" data-is-last-node=\"\" data-is-only-node=\"\">\ud83e\uddf5 <strong data-start=\"438\" data-end=\"451\">Material:<\/strong> 77% viscose, 20% nylon, 3% elastane<br data-start=\"485\" data-end=\"488\" \/>\ud83e\udee7 <strong data-start=\"491\" data-end=\"501\" data-is-only-node=\"\">Laundry:<\/strong> 30\u00b0C<\/p>\n<h1 class=\"product_title entry-title\"><span style=\"font-size: 16px;\">4-42<\/span><\/h1>","protected":false},"featured_media":1077069,"comment_status":"closed","ping_status":"closed","template":"","meta":[],"product_brand":[],"product_cat":[203,217],"product_tag":[],"class_list":{"0":"post-1077070","1":"product","2":"type-product","3":"status-publish","4":"has-post-thumbnail","6":"product_cat-byxor","7":"product_cat-produktnyheter","9":"first","10":"instock","11":"taxable","12":"shipping-taxable","13":"purchasable","14":"product-type-variable"},"yoast_head":"<!-- This site is optimized with the Yoast SEO Premium plugin v27.4 (Yoast SEO v27.5) - https:\/\/yoast.com\/product\/yoast-seo-premium-wordpress\/ -->\n<title>\u2728 Stretchig byxa med blomm\u00f6nster - Stil &amp; Design<\/title>\n<meta name=\"robots\" content=\"index, follow, max-snippet:-1, max-image-preview:large, max-video-preview:-1\" \/>\n<link rel=\"canonical\" href=\"https:\/\/stilanddesign.se\/en\/product\/\u2728-stretchig-byxa-med-blommonster-2\/\" \/>\n<meta property=\"og:locale\" content=\"en_US\" \/>\n<meta property=\"og:type\" content=\"article\" \/>\n<meta property=\"og:title\" content=\"\u2728 Stretchig byxa med blomm\u00f6nster\" \/>\n<meta property=\"og:description\" content=\"\u2728 Stretchig byxa med blomm\u00f6nster \ud83c\udf38 M\u00f6nstrad byxa i mjuka rosa toner med blommiga detaljer\ud83c\udf3f Magiskt sk\u00f6n kvalitet med mycket stretch\ud83c\udf80 Dragsko och res\u00e5r i midjan f\u00f6r flexibel och bekv\u00e4m passform\ud83d\udc5c Praktiska fickor i sidan\ud83d\udc4c Rymlig modell som passar perfekt till b\u00e5de vardag och sommarens outfits\ud83d\udcab Ett par byxor som kombinerar komfort och feminin stil p\u00e5 b\u00e4sta s\u00e4tt \ud83d\udccf Storlek: Onesize (passar ca 34\u201342) \ud83e\uddf5 Material: 77% viskos, 20% nylon, 3% elastan\ud83e\udee7 Tv\u00e4tt: 30\u00b0C  4-42\" \/>\n<meta property=\"og:url\" content=\"https:\/\/stilanddesign.se\/en\/product\/\u2728-stretchig-byxa-med-blommonster-2\/\" \/>\n<meta property=\"og:site_name\" content=\"Stil &amp; Design\" \/>\n<meta property=\"article:modified_time\" content=\"2026-05-08T21:28:03+00:00\" \/>\n<meta property=\"og:image\" content=\"https:\/\/stilanddesign.se\/wp-content\/uploads\/2026\/05\/8585877777.jpeg\" \/>\n\t<meta property=\"og:image:width\" content=\"1920\" \/>\n\t<meta property=\"og:image:height\" content=\"2560\" \/>\n\t<meta property=\"og:image:type\" content=\"image\/jpeg\" \/>\n<meta name=\"twitter:card\" content=\"summary_large_image\" \/>\n<meta name=\"twitter:label1\" content=\"Est. reading time\" \/>\n\t<meta name=\"twitter:data1\" content=\"1 minute\" \/>\n<script type=\"application\/ld+json\" class=\"yoast-schema-graph\">{\"@context\":\"https:\\\/\\\/schema.org\",\"@graph\":[{\"@type\":\"WebPage\",\"@id\":\"https:\\\/\\\/stilanddesign.se\\\/produkt\\\/%e2%9c%a8-stretchig-byxa-med-blommonster-2\\\/\",\"url\":\"https:\\\/\\\/stilanddesign.se\\\/produkt\\\/%e2%9c%a8-stretchig-byxa-med-blommonster-2\\\/\",\"name\":\"\u2728 Stretchig byxa med blomm\u00f6nster - Stil &amp; Design\",\"isPartOf\":{\"@id\":\"https:\\\/\\\/stilanddesign.se\\\/#website\"},\"primaryImageOfPage\":{\"@id\":\"https:\\\/\\\/stilanddesign.se\\\/produkt\\\/%e2%9c%a8-stretchig-byxa-med-blommonster-2\\\/#primaryimage\"},\"image\":{\"@id\":\"https:\\\/\\\/stilanddesign.se\\\/produkt\\\/%e2%9c%a8-stretchig-byxa-med-blommonster-2\\\/#primaryimage\"},\"thumbnailUrl\":\"https:\\\/\\\/stilanddesign.se\\\/wp-content\\\/uploads\\\/2026\\\/05\\\/8585877777.jpeg\",\"datePublished\":\"2026-05-08T13:09:15+00:00\",\"dateModified\":\"2026-05-08T21:28:03+00:00\",\"breadcrumb\":{\"@id\":\"https:\\\/\\\/stilanddesign.se\\\/produkt\\\/%e2%9c%a8-stretchig-byxa-med-blommonster-2\\\/#breadcrumb\"},\"inLanguage\":\"en-US\",\"potentialAction\":[{\"@type\":\"ReadAction\",\"target\":[\"https:\\\/\\\/stilanddesign.se\\\/produkt\\\/%e2%9c%a8-stretchig-byxa-med-blommonster-2\\\/\"]}]},{\"@type\":\"ImageObject\",\"inLanguage\":\"en-US\",\"@id\":\"https:\\\/\\\/stilanddesign.se\\\/produkt\\\/%e2%9c%a8-stretchig-byxa-med-blommonster-2\\\/#primaryimage\",\"url\":\"https:\\\/\\\/stilanddesign.se\\\/wp-content\\\/uploads\\\/2026\\\/05\\\/8585877777.jpeg\",\"contentUrl\":\"https:\\\/\\\/stilanddesign.se\\\/wp-content\\\/uploads\\\/2026\\\/05\\\/8585877777.jpeg\",\"width\":1920,\"height\":2560,\"caption\":\"Magiska byxor i blommig rosa\"},{\"@type\":\"BreadcrumbList\",\"@id\":\"https:\\\/\\\/stilanddesign.se\\\/produkt\\\/%e2%9c%a8-stretchig-byxa-med-blommonster-2\\\/#breadcrumb\",\"itemListElement\":[{\"@type\":\"ListItem\",\"position\":1,\"name\":\"Hem\",\"item\":\"https:\\\/\\\/stilanddesign.se\\\/\"},{\"@type\":\"ListItem\",\"position\":2,\"name\":\"Butiken\",\"item\":\"https:\\\/\\\/stilanddesign.se\\\/butiken\\\/\"},{\"@type\":\"ListItem\",\"position\":3,\"name\":\"\u2728 Stretchig byxa med blomm\u00f6nster\"}]},{\"@type\":\"WebSite\",\"@id\":\"https:\\\/\\\/stilanddesign.se\\\/#website\",\"url\":\"https:\\\/\\\/stilanddesign.se\\\/\",\"name\":\"Stil &amp; Design\",\"description\":\"F\u00f6r oss som \u00e4lskar mode!\",\"publisher\":{\"@id\":\"https:\\\/\\\/stilanddesign.se\\\/#organization\"},\"potentialAction\":[{\"@type\":\"SearchAction\",\"target\":{\"@type\":\"EntryPoint\",\"urlTemplate\":\"https:\\\/\\\/stilanddesign.se\\\/?s={search_term_string}\"},\"query-input\":{\"@type\":\"PropertyValueSpecification\",\"valueRequired\":true,\"valueName\":\"search_term_string\"}}],\"inLanguage\":\"en-US\"},{\"@type\":\"Organization\",\"@id\":\"https:\\\/\\\/stilanddesign.se\\\/#organization\",\"name\":\"Stil &amp; Design\",\"url\":\"https:\\\/\\\/stilanddesign.se\\\/\",\"logo\":{\"@type\":\"ImageObject\",\"inLanguage\":\"en-US\",\"@id\":\"https:\\\/\\\/stilanddesign.se\\\/#\\\/schema\\\/logo\\\/image\\\/\",\"url\":\"https:\\\/\\\/stilanddesign.se\\\/wp-content\\\/uploads\\\/2023\\\/12\\\/output-onlinepngtools-e1727784413220.png\",\"contentUrl\":\"https:\\\/\\\/stilanddesign.se\\\/wp-content\\\/uploads\\\/2023\\\/12\\\/output-onlinepngtools-e1727784413220.png\",\"width\":519,\"height\":135,\"caption\":\"Stil &amp; Design\"},\"image\":{\"@id\":\"https:\\\/\\\/stilanddesign.se\\\/#\\\/schema\\\/logo\\\/image\\\/\"}}]}<\/script>\n<!-- \/ Yoast SEO Premium plugin. -->","yoast_head_json":{"title":"\u2728 Stretchig byxa med blomm\u00f6nster - Stil &amp; Design","robots":{"index":"index","follow":"follow","max-snippet":"max-snippet:-1","max-image-preview":"max-image-preview:large","max-video-preview":"max-video-preview:-1"},"canonical":"https:\/\/stilanddesign.se\/en\/product\/\u2728-stretchig-byxa-med-blommonster-2\/","og_locale":"en_US","og_type":"article","og_title":"\u2728 Stretchig byxa med blomm\u00f6nster","og_description":"\u2728 Stretchig byxa med blomm\u00f6nster \ud83c\udf38 M\u00f6nstrad byxa i mjuka rosa toner med blommiga detaljer\ud83c\udf3f Magiskt sk\u00f6n kvalitet med mycket stretch\ud83c\udf80 Dragsko och res\u00e5r i midjan f\u00f6r flexibel och bekv\u00e4m passform\ud83d\udc5c Praktiska fickor i sidan\ud83d\udc4c Rymlig modell som passar perfekt till b\u00e5de vardag och sommarens outfits\ud83d\udcab Ett par byxor som kombinerar komfort och feminin stil p\u00e5 b\u00e4sta s\u00e4tt \ud83d\udccf Storlek: Onesize (passar ca 34\u201342) \ud83e\uddf5 Material: 77% viskos, 20% nylon, 3% elastan\ud83e\udee7 Tv\u00e4tt: 30\u00b0C  4-42","og_url":"https:\/\/stilanddesign.se\/en\/product\/\u2728-stretchig-byxa-med-blommonster-2\/","og_site_name":"Stil &amp; Design","article_modified_time":"2026-05-08T21:28:03+00:00","og_image":[{"width":1920,"height":2560,"url":"https:\/\/stilanddesign.se\/wp-content\/uploads\/2026\/05\/8585877777.jpeg","type":"image\/jpeg"}],"twitter_card":"summary_large_image","twitter_misc":{"Est. reading time":"1 minute"},"schema":{"@context":"https:\/\/schema.org","@graph":[{"@type":"WebPage","@id":"https:\/\/stilanddesign.se\/produkt\/%e2%9c%a8-stretchig-byxa-med-blommonster-2\/","url":"https:\/\/stilanddesign.se\/produkt\/%e2%9c%a8-stretchig-byxa-med-blommonster-2\/","name":"\u2728 Stretchig byxa med blomm\u00f6nster - Stil &amp; Design","isPartOf":{"@id":"https:\/\/stilanddesign.se\/#website"},"primaryImageOfPage":{"@id":"https:\/\/stilanddesign.se\/produkt\/%e2%9c%a8-stretchig-byxa-med-blommonster-2\/#primaryimage"},"image":{"@id":"https:\/\/stilanddesign.se\/produkt\/%e2%9c%a8-stretchig-byxa-med-blommonster-2\/#primaryimage"},"thumbnailUrl":"https:\/\/stilanddesign.se\/wp-content\/uploads\/2026\/05\/8585877777.jpeg","datePublished":"2026-05-08T13:09:15+00:00","dateModified":"2026-05-08T21:28:03+00:00","breadcrumb":{"@id":"https:\/\/stilanddesign.se\/produkt\/%e2%9c%a8-stretchig-byxa-med-blommonster-2\/#breadcrumb"},"inLanguage":"en-US","potentialAction":[{"@type":"ReadAction","target":["https:\/\/stilanddesign.se\/produkt\/%e2%9c%a8-stretchig-byxa-med-blommonster-2\/"]}]},{"@type":"ImageObject","inLanguage":"en-US","@id":"https:\/\/stilanddesign.se\/produkt\/%e2%9c%a8-stretchig-byxa-med-blommonster-2\/#primaryimage","url":"https:\/\/stilanddesign.se\/wp-content\/uploads\/2026\/05\/8585877777.jpeg","contentUrl":"https:\/\/stilanddesign.se\/wp-content\/uploads\/2026\/05\/8585877777.jpeg","width":1920,"height":2560,"caption":"Magiska byxor i blommig rosa"},{"@type":"BreadcrumbList","@id":"https:\/\/stilanddesign.se\/produkt\/%e2%9c%a8-stretchig-byxa-med-blommonster-2\/#breadcrumb","itemListElement":[{"@type":"ListItem","position":1,"name":"Hem","item":"https:\/\/stilanddesign.se\/"},{"@type":"ListItem","position":2,"name":"Butiken","item":"https:\/\/stilanddesign.se\/butiken\/"},{"@type":"ListItem","position":3,"name":"\u2728 Stretchig byxa med blomm\u00f6nster"}]},{"@type":"WebSite","@id":"https:\/\/stilanddesign.se\/#website","url":"https:\/\/stilanddesign.se\/","name":"Style &amp; Design","description":"For those of us who love fashion!","publisher":{"@id":"https:\/\/stilanddesign.se\/#organization"},"potentialAction":[{"@type":"SearchAction","target":{"@type":"EntryPoint","urlTemplate":"https:\/\/stilanddesign.se\/?s={search_term_string}"},"query-input":{"@type":"PropertyValueSpecification","valueRequired":true,"valueName":"search_term_string"}}],"inLanguage":"en-US"},{"@type":"Organization","@id":"https:\/\/stilanddesign.se\/#organization","name":"Style &amp; Design","url":"https:\/\/stilanddesign.se\/","logo":{"@type":"ImageObject","inLanguage":"en-US","@id":"https:\/\/stilanddesign.se\/#\/schema\/logo\/image\/","url":"https:\/\/stilanddesign.se\/wp-content\/uploads\/2023\/12\/output-onlinepngtools-e1727784413220.png","contentUrl":"https:\/\/stilanddesign.se\/wp-content\/uploads\/2023\/12\/output-onlinepngtools-e1727784413220.png","width":519,"height":135,"caption":"Stil &amp; Design"},"image":{"@id":"https:\/\/stilanddesign.se\/#\/schema\/logo\/image\/"}}]}},"_links":{"self":[{"href":"https:\/\/stilanddesign.se\/en\/wp-json\/wp\/v2\/product\/1077070","targetHints":{"allow":["GET"]}}],"collection":[{"href":"https:\/\/stilanddesign.se\/en\/wp-json\/wp\/v2\/product"}],"about":[{"href":"https:\/\/stilanddesign.se\/en\/wp-json\/wp\/v2\/types\/product"}],"replies":[{"embeddable":true,"href":"https:\/\/stilanddesign.se\/en\/wp-json\/wp\/v2\/comments?post=1077070"}],"wp:featuredmedia":[{"embeddable":true,"href":"https:\/\/stilanddesign.se\/en\/wp-json\/wp\/v2\/media\/1077069"}],"wp:attachment":[{"href":"https:\/\/stilanddesign.se\/en\/wp-json\/wp\/v2\/media?parent=1077070"}],"wp:term":[{"taxonomy":"product_brand","embeddable":true,"href":"https:\/\/stilanddesign.se\/en\/wp-json\/wp\/v2\/product_brand?post=1077070"},{"taxonomy":"product_cat","embeddable":true,"href":"https:\/\/stilanddesign.se\/en\/wp-json\/wp\/v2\/product_cat?post=1077070"},{"taxonomy":"product_tag","embeddable":true,"href":"https:\/\/stilanddesign.se\/en\/wp-json\/wp\/v2\/product_tag?post=1077070"}],"curies":[{"name":"wp","href":"https:\/\/api.w.org\/{rel}","templated":true}]}}