{"id":1077057,"date":"2026-05-08T14:44:39","date_gmt":"2026-05-08T12:44:39","guid":{"rendered":"https:\/\/stilanddesign.se\/?post_type=product&#038;p=1077057"},"modified":"2026-05-08T23:36:48","modified_gmt":"2026-05-08T21:36:48","slug":"%e2%9c%a8-bomullsjeansjacka-med-blommonster","status":"publish","type":"product","link":"https:\/\/stilanddesign.se\/en\/product\/%e2%9c%a8-bomullsjeansjacka-med-blommonster\/","title":{"rendered":"\u2728 Cotton denim jacket with floral pattern"},"content":{"rendered":"<p data-start=\"0\" data-end=\"39\"><strong data-start=\"0\" data-end=\"39\">\u2728 Cotton denim jacket with floral pattern<\/strong><\/p>\n<p data-start=\"41\" data-end=\"399\">\ud83c\udf38 Snygg jacka i beige toner med vackert blomm\u00f6nster<br data-start=\"93\" data-end=\"96\" \/>\ud83d\udc5a Klassisk jeansjackemodell med feminin touch<br data-start=\"142\" data-end=\"145\" \/>\ud83d\udc5c Br\u00f6stfickor framtill som ger b\u00e5de stil och funktion<br data-start=\"199\" data-end=\"202\" \/>\ud83c\udf80 Liten res\u00e5r nertill f\u00f6r en bekv\u00e4m och fin passform<br data-start=\"255\" data-end=\"258\" \/>\ud83c\udf3f Mjuk bomullskvalitet som passar perfekt \u00e5ret om<br data-start=\"308\" data-end=\"311\" \/>\ud83d\udc4c Perfekt att b\u00e4ra \u00f6ver topp, kl\u00e4nning eller linne f\u00f6r en avslappnad och trendig look<\/p>\n<p data-start=\"401\" data-end=\"421\">\ud83c\udfa8 <strong data-start=\"404\" data-end=\"413\">Paint:<\/strong> Beige<\/p>\n<p data-start=\"423\" data-end=\"448\">\ud83d\udccf <strong data-start=\"426\" data-end=\"438\">Size:<\/strong> One size<\/p>\n<p data-start=\"450\" data-end=\"499\" data-is-last-node=\"\" data-is-only-node=\"\">\ud83e\uddf5 <strong data-start=\"453\" data-end=\"466\">Material:<\/strong> 100% cotton<br data-start=\"478\" data-end=\"481\" \/>\ud83e\udee7 <strong data-start=\"484\" data-end=\"494\">Laundry:<\/strong> 30\u00b0C<\/p>\n<h1 class=\"product_title entry-title\"><\/h1>","protected":false},"excerpt":{"rendered":"<p data-start=\"0\" data-end=\"39\"><strong data-start=\"0\" data-end=\"39\">\u2728 Cotton denim jacket with floral pattern<\/strong><\/p>\n<p data-start=\"41\" data-end=\"399\">\ud83c\udf38 Snygg jacka i beige toner med vackert blomm\u00f6nster<br data-start=\"93\" data-end=\"96\" \/>\ud83d\udc5a Klassisk jeansjackemodell med feminin touch<br data-start=\"142\" data-end=\"145\" \/>\ud83d\udc5c Br\u00f6stfickor framtill som ger b\u00e5de stil och funktion<br data-start=\"199\" data-end=\"202\" \/>\ud83c\udf80 Liten res\u00e5r nertill f\u00f6r en bekv\u00e4m och fin passform<br data-start=\"255\" data-end=\"258\" \/>\ud83c\udf3f Mjuk bomullskvalitet som passar perfekt \u00e5ret om<br data-start=\"308\" data-end=\"311\" \/>\ud83d\udc4c Perfekt att b\u00e4ra \u00f6ver topp, kl\u00e4nning eller linne f\u00f6r en avslappnad och trendig look<\/p>\n<p data-start=\"401\" data-end=\"421\">\ud83c\udfa8 <strong data-start=\"404\" data-end=\"413\">Paint:<\/strong> Beige<\/p>\n<p data-start=\"423\" data-end=\"448\">\ud83d\udccf <strong data-start=\"426\" data-end=\"438\">Size:<\/strong> One size<\/p>\n<p data-start=\"450\" data-end=\"499\" data-is-last-node=\"\" data-is-only-node=\"\">\ud83e\uddf5 <strong data-start=\"453\" data-end=\"466\">Material:<\/strong> 100% cotton<br data-start=\"478\" data-end=\"481\" \/>\ud83e\udee7 <strong data-start=\"484\" data-end=\"494\">Laundry:<\/strong> 30\u00b0C<\/p>\n<h1 class=\"product_title entry-title\"><\/h1>","protected":false},"featured_media":1077055,"comment_status":"closed","ping_status":"closed","template":"","meta":[],"product_brand":[],"product_cat":[216,217],"product_tag":[],"class_list":{"0":"post-1077057","1":"product","2":"type-product","3":"status-publish","4":"has-post-thumbnail","6":"product_cat-jackor","7":"product_cat-produktnyheter","9":"first","10":"instock","11":"taxable","12":"shipping-taxable","13":"purchasable","14":"product-type-variable"},"yoast_head":"<!-- This site is optimized with the Yoast SEO Premium plugin v27.4 (Yoast SEO v27.5) - https:\/\/yoast.com\/product\/yoast-seo-premium-wordpress\/ -->\n<title>\u2728 Bomullsjeansjacka med blomm\u00f6nster - Stil &amp; Design<\/title>\n<meta name=\"robots\" content=\"index, follow, max-snippet:-1, max-image-preview:large, max-video-preview:-1\" \/>\n<link rel=\"canonical\" href=\"https:\/\/stilanddesign.se\/en\/product\/\u2728-bomullsjeansjacka-med-blommonster\/\" \/>\n<meta property=\"og:locale\" content=\"en_US\" \/>\n<meta property=\"og:type\" content=\"article\" \/>\n<meta property=\"og:title\" content=\"\u2728 Bomullsjeansjacka med blomm\u00f6nster\" \/>\n<meta property=\"og:description\" content=\"\u2728 Bomullsjeansjacka med blomm\u00f6nster \ud83c\udf38 Snygg jacka i beige toner med vackert blomm\u00f6nster\ud83d\udc5a Klassisk jeansjackemodell med feminin touch\ud83d\udc5c Br\u00f6stfickor framtill som ger b\u00e5de stil och funktion\ud83c\udf80 Liten res\u00e5r nertill f\u00f6r en bekv\u00e4m och fin passform\ud83c\udf3f Mjuk bomullskvalitet som passar perfekt \u00e5ret om\ud83d\udc4c Perfekt att b\u00e4ra \u00f6ver topp, kl\u00e4nning eller linne f\u00f6r en avslappnad och trendig look \ud83c\udfa8 F\u00e4rg: Beige \ud83d\udccf Storlek: Onesize \ud83e\uddf5 Material: 100% bomull\ud83e\udee7 Tv\u00e4tt: 30\u00b0C\" \/>\n<meta property=\"og:url\" content=\"https:\/\/stilanddesign.se\/en\/product\/\u2728-bomullsjeansjacka-med-blommonster\/\" \/>\n<meta property=\"og:site_name\" content=\"Stil &amp; Design\" \/>\n<meta property=\"article:modified_time\" content=\"2026-05-08T21:36:48+00:00\" \/>\n<meta property=\"og:image\" content=\"https:\/\/stilanddesign.se\/wp-content\/uploads\/2026\/05\/8585874777.jpeg\" \/>\n\t<meta property=\"og:image:width\" content=\"1920\" \/>\n\t<meta property=\"og:image:height\" content=\"2560\" \/>\n\t<meta property=\"og:image:type\" content=\"image\/jpeg\" \/>\n<meta name=\"twitter:card\" content=\"summary_large_image\" \/>\n<meta name=\"twitter:label1\" content=\"Est. reading time\" \/>\n\t<meta name=\"twitter:data1\" content=\"1 minute\" \/>\n<script type=\"application\/ld+json\" class=\"yoast-schema-graph\">{\"@context\":\"https:\\\/\\\/schema.org\",\"@graph\":[{\"@type\":\"WebPage\",\"@id\":\"https:\\\/\\\/stilanddesign.se\\\/produkt\\\/%e2%9c%a8-bomullsjeansjacka-med-blommonster\\\/\",\"url\":\"https:\\\/\\\/stilanddesign.se\\\/produkt\\\/%e2%9c%a8-bomullsjeansjacka-med-blommonster\\\/\",\"name\":\"\u2728 Bomullsjeansjacka med blomm\u00f6nster - Stil &amp; Design\",\"isPartOf\":{\"@id\":\"https:\\\/\\\/stilanddesign.se\\\/#website\"},\"primaryImageOfPage\":{\"@id\":\"https:\\\/\\\/stilanddesign.se\\\/produkt\\\/%e2%9c%a8-bomullsjeansjacka-med-blommonster\\\/#primaryimage\"},\"image\":{\"@id\":\"https:\\\/\\\/stilanddesign.se\\\/produkt\\\/%e2%9c%a8-bomullsjeansjacka-med-blommonster\\\/#primaryimage\"},\"thumbnailUrl\":\"https:\\\/\\\/stilanddesign.se\\\/wp-content\\\/uploads\\\/2026\\\/05\\\/8585874777.jpeg\",\"datePublished\":\"2026-05-08T12:44:39+00:00\",\"dateModified\":\"2026-05-08T21:36:48+00:00\",\"breadcrumb\":{\"@id\":\"https:\\\/\\\/stilanddesign.se\\\/produkt\\\/%e2%9c%a8-bomullsjeansjacka-med-blommonster\\\/#breadcrumb\"},\"inLanguage\":\"en-US\",\"potentialAction\":[{\"@type\":\"ReadAction\",\"target\":[\"https:\\\/\\\/stilanddesign.se\\\/produkt\\\/%e2%9c%a8-bomullsjeansjacka-med-blommonster\\\/\"]}]},{\"@type\":\"ImageObject\",\"inLanguage\":\"en-US\",\"@id\":\"https:\\\/\\\/stilanddesign.se\\\/produkt\\\/%e2%9c%a8-bomullsjeansjacka-med-blommonster\\\/#primaryimage\",\"url\":\"https:\\\/\\\/stilanddesign.se\\\/wp-content\\\/uploads\\\/2026\\\/05\\\/8585874777.jpeg\",\"contentUrl\":\"https:\\\/\\\/stilanddesign.se\\\/wp-content\\\/uploads\\\/2026\\\/05\\\/8585874777.jpeg\",\"width\":1920,\"height\":2560,\"caption\":\"Blommig bomullsjeansjacka i beige\"},{\"@type\":\"BreadcrumbList\",\"@id\":\"https:\\\/\\\/stilanddesign.se\\\/produkt\\\/%e2%9c%a8-bomullsjeansjacka-med-blommonster\\\/#breadcrumb\",\"itemListElement\":[{\"@type\":\"ListItem\",\"position\":1,\"name\":\"Hem\",\"item\":\"https:\\\/\\\/stilanddesign.se\\\/\"},{\"@type\":\"ListItem\",\"position\":2,\"name\":\"Butiken\",\"item\":\"https:\\\/\\\/stilanddesign.se\\\/butiken\\\/\"},{\"@type\":\"ListItem\",\"position\":3,\"name\":\"\u2728 Bomullsjeansjacka med blomm\u00f6nster\"}]},{\"@type\":\"WebSite\",\"@id\":\"https:\\\/\\\/stilanddesign.se\\\/#website\",\"url\":\"https:\\\/\\\/stilanddesign.se\\\/\",\"name\":\"Stil &amp; Design\",\"description\":\"F\u00f6r oss som \u00e4lskar mode!\",\"publisher\":{\"@id\":\"https:\\\/\\\/stilanddesign.se\\\/#organization\"},\"potentialAction\":[{\"@type\":\"SearchAction\",\"target\":{\"@type\":\"EntryPoint\",\"urlTemplate\":\"https:\\\/\\\/stilanddesign.se\\\/?s={search_term_string}\"},\"query-input\":{\"@type\":\"PropertyValueSpecification\",\"valueRequired\":true,\"valueName\":\"search_term_string\"}}],\"inLanguage\":\"en-US\"},{\"@type\":\"Organization\",\"@id\":\"https:\\\/\\\/stilanddesign.se\\\/#organization\",\"name\":\"Stil &amp; Design\",\"url\":\"https:\\\/\\\/stilanddesign.se\\\/\",\"logo\":{\"@type\":\"ImageObject\",\"inLanguage\":\"en-US\",\"@id\":\"https:\\\/\\\/stilanddesign.se\\\/#\\\/schema\\\/logo\\\/image\\\/\",\"url\":\"https:\\\/\\\/stilanddesign.se\\\/wp-content\\\/uploads\\\/2023\\\/12\\\/output-onlinepngtools-e1727784413220.png\",\"contentUrl\":\"https:\\\/\\\/stilanddesign.se\\\/wp-content\\\/uploads\\\/2023\\\/12\\\/output-onlinepngtools-e1727784413220.png\",\"width\":519,\"height\":135,\"caption\":\"Stil &amp; Design\"},\"image\":{\"@id\":\"https:\\\/\\\/stilanddesign.se\\\/#\\\/schema\\\/logo\\\/image\\\/\"}}]}<\/script>\n<!-- \/ Yoast SEO Premium plugin. -->","yoast_head_json":{"title":"\u2728 Bomullsjeansjacka med blomm\u00f6nster - Stil &amp; Design","robots":{"index":"index","follow":"follow","max-snippet":"max-snippet:-1","max-image-preview":"max-image-preview:large","max-video-preview":"max-video-preview:-1"},"canonical":"https:\/\/stilanddesign.se\/en\/product\/\u2728-bomullsjeansjacka-med-blommonster\/","og_locale":"en_US","og_type":"article","og_title":"\u2728 Bomullsjeansjacka med blomm\u00f6nster","og_description":"\u2728 Bomullsjeansjacka med blomm\u00f6nster \ud83c\udf38 Snygg jacka i beige toner med vackert blomm\u00f6nster\ud83d\udc5a Klassisk jeansjackemodell med feminin touch\ud83d\udc5c Br\u00f6stfickor framtill som ger b\u00e5de stil och funktion\ud83c\udf80 Liten res\u00e5r nertill f\u00f6r en bekv\u00e4m och fin passform\ud83c\udf3f Mjuk bomullskvalitet som passar perfekt \u00e5ret om\ud83d\udc4c Perfekt att b\u00e4ra \u00f6ver topp, kl\u00e4nning eller linne f\u00f6r en avslappnad och trendig look \ud83c\udfa8 F\u00e4rg: Beige \ud83d\udccf Storlek: Onesize \ud83e\uddf5 Material: 100% bomull\ud83e\udee7 Tv\u00e4tt: 30\u00b0C","og_url":"https:\/\/stilanddesign.se\/en\/product\/\u2728-bomullsjeansjacka-med-blommonster\/","og_site_name":"Stil &amp; Design","article_modified_time":"2026-05-08T21:36:48+00:00","og_image":[{"width":1920,"height":2560,"url":"https:\/\/stilanddesign.se\/wp-content\/uploads\/2026\/05\/8585874777.jpeg","type":"image\/jpeg"}],"twitter_card":"summary_large_image","twitter_misc":{"Est. reading time":"1 minute"},"schema":{"@context":"https:\/\/schema.org","@graph":[{"@type":"WebPage","@id":"https:\/\/stilanddesign.se\/produkt\/%e2%9c%a8-bomullsjeansjacka-med-blommonster\/","url":"https:\/\/stilanddesign.se\/produkt\/%e2%9c%a8-bomullsjeansjacka-med-blommonster\/","name":"\u2728 Bomullsjeansjacka med blomm\u00f6nster - Stil &amp; Design","isPartOf":{"@id":"https:\/\/stilanddesign.se\/#website"},"primaryImageOfPage":{"@id":"https:\/\/stilanddesign.se\/produkt\/%e2%9c%a8-bomullsjeansjacka-med-blommonster\/#primaryimage"},"image":{"@id":"https:\/\/stilanddesign.se\/produkt\/%e2%9c%a8-bomullsjeansjacka-med-blommonster\/#primaryimage"},"thumbnailUrl":"https:\/\/stilanddesign.se\/wp-content\/uploads\/2026\/05\/8585874777.jpeg","datePublished":"2026-05-08T12:44:39+00:00","dateModified":"2026-05-08T21:36:48+00:00","breadcrumb":{"@id":"https:\/\/stilanddesign.se\/produkt\/%e2%9c%a8-bomullsjeansjacka-med-blommonster\/#breadcrumb"},"inLanguage":"en-US","potentialAction":[{"@type":"ReadAction","target":["https:\/\/stilanddesign.se\/produkt\/%e2%9c%a8-bomullsjeansjacka-med-blommonster\/"]}]},{"@type":"ImageObject","inLanguage":"en-US","@id":"https:\/\/stilanddesign.se\/produkt\/%e2%9c%a8-bomullsjeansjacka-med-blommonster\/#primaryimage","url":"https:\/\/stilanddesign.se\/wp-content\/uploads\/2026\/05\/8585874777.jpeg","contentUrl":"https:\/\/stilanddesign.se\/wp-content\/uploads\/2026\/05\/8585874777.jpeg","width":1920,"height":2560,"caption":"Blommig bomullsjeansjacka i beige"},{"@type":"BreadcrumbList","@id":"https:\/\/stilanddesign.se\/produkt\/%e2%9c%a8-bomullsjeansjacka-med-blommonster\/#breadcrumb","itemListElement":[{"@type":"ListItem","position":1,"name":"Hem","item":"https:\/\/stilanddesign.se\/"},{"@type":"ListItem","position":2,"name":"Butiken","item":"https:\/\/stilanddesign.se\/butiken\/"},{"@type":"ListItem","position":3,"name":"\u2728 Bomullsjeansjacka med blomm\u00f6nster"}]},{"@type":"WebSite","@id":"https:\/\/stilanddesign.se\/#website","url":"https:\/\/stilanddesign.se\/","name":"Style &amp; Design","description":"For those of us who love fashion!","publisher":{"@id":"https:\/\/stilanddesign.se\/#organization"},"potentialAction":[{"@type":"SearchAction","target":{"@type":"EntryPoint","urlTemplate":"https:\/\/stilanddesign.se\/?s={search_term_string}"},"query-input":{"@type":"PropertyValueSpecification","valueRequired":true,"valueName":"search_term_string"}}],"inLanguage":"en-US"},{"@type":"Organization","@id":"https:\/\/stilanddesign.se\/#organization","name":"Style &amp; Design","url":"https:\/\/stilanddesign.se\/","logo":{"@type":"ImageObject","inLanguage":"en-US","@id":"https:\/\/stilanddesign.se\/#\/schema\/logo\/image\/","url":"https:\/\/stilanddesign.se\/wp-content\/uploads\/2023\/12\/output-onlinepngtools-e1727784413220.png","contentUrl":"https:\/\/stilanddesign.se\/wp-content\/uploads\/2023\/12\/output-onlinepngtools-e1727784413220.png","width":519,"height":135,"caption":"Stil &amp; Design"},"image":{"@id":"https:\/\/stilanddesign.se\/#\/schema\/logo\/image\/"}}]}},"_links":{"self":[{"href":"https:\/\/stilanddesign.se\/en\/wp-json\/wp\/v2\/product\/1077057","targetHints":{"allow":["GET"]}}],"collection":[{"href":"https:\/\/stilanddesign.se\/en\/wp-json\/wp\/v2\/product"}],"about":[{"href":"https:\/\/stilanddesign.se\/en\/wp-json\/wp\/v2\/types\/product"}],"replies":[{"embeddable":true,"href":"https:\/\/stilanddesign.se\/en\/wp-json\/wp\/v2\/comments?post=1077057"}],"wp:featuredmedia":[{"embeddable":true,"href":"https:\/\/stilanddesign.se\/en\/wp-json\/wp\/v2\/media\/1077055"}],"wp:attachment":[{"href":"https:\/\/stilanddesign.se\/en\/wp-json\/wp\/v2\/media?parent=1077057"}],"wp:term":[{"taxonomy":"product_brand","embeddable":true,"href":"https:\/\/stilanddesign.se\/en\/wp-json\/wp\/v2\/product_brand?post=1077057"},{"taxonomy":"product_cat","embeddable":true,"href":"https:\/\/stilanddesign.se\/en\/wp-json\/wp\/v2\/product_cat?post=1077057"},{"taxonomy":"product_tag","embeddable":true,"href":"https:\/\/stilanddesign.se\/en\/wp-json\/wp\/v2\/product_tag?post=1077057"}],"curies":[{"name":"wp","href":"https:\/\/api.w.org\/{rel}","templated":true}]}}