{"id":1076939,"date":"2026-05-08T08:42:59","date_gmt":"2026-05-08T06:42:59","guid":{"rendered":"https:\/\/stilanddesign.se\/?post_type=product&#038;p=1076939"},"modified":"2026-05-11T10:13:18","modified_gmt":"2026-05-11T08:13:18","slug":"%e2%9c%a8-mjuk-v-ringad-topp-med-volangarm-4","status":"publish","type":"product","link":"https:\/\/stilanddesign.se\/en\/product\/%e2%9c%a8-mjuk-v-ringad-topp-med-volangarm-4\/","title":{"rendered":"\u2728 Soft V-neck top with ruffle sleeves"},"content":{"rendered":"<p data-start=\"0\" data-end=\"38\"><strong data-start=\"0\" data-end=\"38\">\u2728 Soft V-neck top with ruffle sleeves<\/strong><\/p>\n<p data-start=\"40\" data-end=\"370\">\ud83d\udc9b Stilren och mjuk topp i sk\u00f6n bomullskvalitet<br data-start=\"87\" data-end=\"90\" \/>\ud83d\udc5a V-neck model with a relaxed fit<br data-start=\"132\" data-end=\"135\" \/>\u2728 Ruffle details on the cuffs that give a feminine feel<br data-start=\"190\" data-end=\"193\" \/>\ud83d\udc5c Decorative pocket on the front which is a nice detail<br data-start=\"243\" data-end=\"246\" \/>\ud83c\udf3f An easy-to-wear garment that goes perfectly with jeans, shorts and skirts<br data-start=\"320\" data-end=\"323\" \/>\u2600\ufe0f Perfect for a simple but stylish everyday look<\/p>\n<p data-start=\"372\" data-end=\"390\">\ud83c\udfa8 <strong data-start=\"375\" data-end=\"384\">Paint:<\/strong> Yellow<\/p>\n<p data-start=\"392\" data-end=\"417\">\ud83d\udccf <strong data-start=\"395\" data-end=\"407\">Size:<\/strong> One size<\/p>\n<p data-start=\"419\" data-end=\"468\" data-is-last-node=\"\" data-is-only-node=\"\">\ud83e\uddf5 <strong data-start=\"422\" data-end=\"435\">Material:<\/strong> 100% cotton<br data-start=\"447\" data-end=\"450\" \/>\ud83e\udee7 <strong data-start=\"453\" data-end=\"463\">Laundry:<\/strong> 30\u00b0C<\/p>","protected":false},"excerpt":{"rendered":"<p data-start=\"0\" data-end=\"38\"><strong data-start=\"0\" data-end=\"38\">\u2728 Soft V-neck top with ruffle sleeves<\/strong><\/p>\n<p data-start=\"40\" data-end=\"370\">\ud83d\udc9b Stilren och mjuk topp i sk\u00f6n bomullskvalitet<br data-start=\"87\" data-end=\"90\" \/>\ud83d\udc5a V-neck model with a relaxed fit<br data-start=\"132\" data-end=\"135\" \/>\u2728 Ruffle details on the cuffs that give a feminine feel<br data-start=\"190\" data-end=\"193\" \/>\ud83d\udc5c Decorative pocket on the front which is a nice detail<br data-start=\"243\" data-end=\"246\" \/>\ud83c\udf3f An easy-to-wear garment that goes perfectly with jeans, shorts and skirts<br data-start=\"320\" data-end=\"323\" \/>\u2600\ufe0f Perfect for a simple but stylish everyday look<\/p>\n<p data-start=\"372\" data-end=\"390\">\ud83c\udfa8 <strong data-start=\"375\" data-end=\"384\">Paint:<\/strong> Yellow<\/p>\n<p data-start=\"392\" data-end=\"417\">\ud83d\udccf <strong data-start=\"395\" data-end=\"407\">Size:<\/strong> One size<\/p>\n<p data-start=\"419\" data-end=\"468\" data-is-last-node=\"\" data-is-only-node=\"\">\ud83e\uddf5 <strong data-start=\"422\" data-end=\"435\">Material:<\/strong> 100% cotton<br data-start=\"447\" data-end=\"450\" \/>\ud83e\udee7 <strong data-start=\"453\" data-end=\"463\">Laundry:<\/strong> 30\u00b0C<\/p>\n<h1 class=\"product_title entry-title\"><\/h1>","protected":false},"featured_media":1076938,"comment_status":"closed","ping_status":"closed","template":"","meta":[],"product_brand":[],"product_cat":[217,222],"product_tag":[],"class_list":{"0":"post-1076939","1":"product","2":"type-product","3":"status-publish","4":"has-post-thumbnail","6":"product_cat-produktnyheter","7":"product_cat-toppar-tischor","9":"first","10":"instock","11":"taxable","12":"shipping-taxable","13":"purchasable","14":"product-type-variable"},"yoast_head":"<!-- This site is optimized with the Yoast SEO Premium plugin v27.4 (Yoast SEO v27.6) - https:\/\/yoast.com\/product\/yoast-seo-premium-wordpress\/ -->\n<title>\u2728 Mjuk V-ringad topp med volang\u00e4rm - Stil &amp; Design<\/title>\n<meta name=\"robots\" content=\"index, follow, max-snippet:-1, max-image-preview:large, max-video-preview:-1\" \/>\n<link rel=\"canonical\" href=\"https:\/\/stilanddesign.se\/en\/product\/\u2728-mjuk-v-ringad-topp-med-volangarm-4\/\" \/>\n<meta property=\"og:locale\" content=\"en_US\" \/>\n<meta property=\"og:type\" content=\"article\" \/>\n<meta property=\"og:title\" content=\"\u2728 Mjuk V-ringad topp med volang\u00e4rm\" \/>\n<meta property=\"og:description\" content=\"\u2728 Mjuk V-ringad topp med volang\u00e4rm \ud83d\udc9b Stilren och mjuk topp i sk\u00f6n bomullskvalitet\ud83d\udc5a V-ringad modell med avslappnad passform\u2728 Volangdetaljer p\u00e5 \u00e4rmsluten som ger en feminin k\u00e4nsla\ud83d\udc5c Dekorativ ficka framtill som blir en fin detalj\ud83c\udf3f Ett l\u00e4ttburet plagg som passar perfekt till b\u00e5de jeans, shorts och kjol\u2600\ufe0f Perfekt f\u00f6r en enkel men snygg vardagslook \ud83c\udfa8 F\u00e4rg: Gul \ud83d\udccf Storlek: Onesize \ud83e\uddf5 Material: 100% bomull\ud83e\udee7 Tv\u00e4tt: 30\u00b0C\" \/>\n<meta property=\"og:url\" content=\"https:\/\/stilanddesign.se\/en\/product\/\u2728-mjuk-v-ringad-topp-med-volangarm-4\/\" \/>\n<meta property=\"og:site_name\" content=\"Stil &amp; Design\" \/>\n<meta property=\"article:modified_time\" content=\"2026-05-11T08:13:18+00:00\" \/>\n<meta property=\"og:image\" content=\"https:\/\/stilanddesign.se\/wp-content\/uploads\/2026\/05\/8585897.jpeg\" \/>\n\t<meta property=\"og:image:width\" content=\"1920\" \/>\n\t<meta property=\"og:image:height\" content=\"2560\" \/>\n\t<meta property=\"og:image:type\" content=\"image\/jpeg\" \/>\n<meta name=\"twitter:card\" content=\"summary_large_image\" \/>\n<meta name=\"twitter:label1\" content=\"Est. reading time\" \/>\n\t<meta name=\"twitter:data1\" content=\"1 minute\" \/>\n<script type=\"application\/ld+json\" class=\"yoast-schema-graph\">{\"@context\":\"https:\\\/\\\/schema.org\",\"@graph\":[{\"@type\":\"WebPage\",\"@id\":\"https:\\\/\\\/stilanddesign.se\\\/produkt\\\/%e2%9c%a8-mjuk-v-ringad-topp-med-volangarm-4\\\/\",\"url\":\"https:\\\/\\\/stilanddesign.se\\\/produkt\\\/%e2%9c%a8-mjuk-v-ringad-topp-med-volangarm-4\\\/\",\"name\":\"\u2728 Mjuk V-ringad topp med volang\u00e4rm - Stil &amp; Design\",\"isPartOf\":{\"@id\":\"https:\\\/\\\/stilanddesign.se\\\/#website\"},\"primaryImageOfPage\":{\"@id\":\"https:\\\/\\\/stilanddesign.se\\\/produkt\\\/%e2%9c%a8-mjuk-v-ringad-topp-med-volangarm-4\\\/#primaryimage\"},\"image\":{\"@id\":\"https:\\\/\\\/stilanddesign.se\\\/produkt\\\/%e2%9c%a8-mjuk-v-ringad-topp-med-volangarm-4\\\/#primaryimage\"},\"thumbnailUrl\":\"https:\\\/\\\/stilanddesign.se\\\/wp-content\\\/uploads\\\/2026\\\/05\\\/8585897.jpeg\",\"datePublished\":\"2026-05-08T06:42:59+00:00\",\"dateModified\":\"2026-05-11T08:13:18+00:00\",\"breadcrumb\":{\"@id\":\"https:\\\/\\\/stilanddesign.se\\\/produkt\\\/%e2%9c%a8-mjuk-v-ringad-topp-med-volangarm-4\\\/#breadcrumb\"},\"inLanguage\":\"en-US\",\"potentialAction\":[{\"@type\":\"ReadAction\",\"target\":[\"https:\\\/\\\/stilanddesign.se\\\/produkt\\\/%e2%9c%a8-mjuk-v-ringad-topp-med-volangarm-4\\\/\"]}]},{\"@type\":\"ImageObject\",\"inLanguage\":\"en-US\",\"@id\":\"https:\\\/\\\/stilanddesign.se\\\/produkt\\\/%e2%9c%a8-mjuk-v-ringad-topp-med-volangarm-4\\\/#primaryimage\",\"url\":\"https:\\\/\\\/stilanddesign.se\\\/wp-content\\\/uploads\\\/2026\\\/05\\\/8585897.jpeg\",\"contentUrl\":\"https:\\\/\\\/stilanddesign.se\\\/wp-content\\\/uploads\\\/2026\\\/05\\\/8585897.jpeg\",\"width\":1920,\"height\":2560,\"caption\":\"Mjuk V-ringad bomullstopp i gult\"},{\"@type\":\"BreadcrumbList\",\"@id\":\"https:\\\/\\\/stilanddesign.se\\\/produkt\\\/%e2%9c%a8-mjuk-v-ringad-topp-med-volangarm-4\\\/#breadcrumb\",\"itemListElement\":[{\"@type\":\"ListItem\",\"position\":1,\"name\":\"Hem\",\"item\":\"https:\\\/\\\/stilanddesign.se\\\/\"},{\"@type\":\"ListItem\",\"position\":2,\"name\":\"Butiken\",\"item\":\"https:\\\/\\\/stilanddesign.se\\\/butiken\\\/\"},{\"@type\":\"ListItem\",\"position\":3,\"name\":\"\u2728 Mjuk V-ringad topp med volang\u00e4rm\"}]},{\"@type\":\"WebSite\",\"@id\":\"https:\\\/\\\/stilanddesign.se\\\/#website\",\"url\":\"https:\\\/\\\/stilanddesign.se\\\/\",\"name\":\"Stil &amp; Design\",\"description\":\"F\u00f6r oss som \u00e4lskar mode!\",\"publisher\":{\"@id\":\"https:\\\/\\\/stilanddesign.se\\\/#organization\"},\"potentialAction\":[{\"@type\":\"SearchAction\",\"target\":{\"@type\":\"EntryPoint\",\"urlTemplate\":\"https:\\\/\\\/stilanddesign.se\\\/?s={search_term_string}\"},\"query-input\":{\"@type\":\"PropertyValueSpecification\",\"valueRequired\":true,\"valueName\":\"search_term_string\"}}],\"inLanguage\":\"en-US\"},{\"@type\":\"Organization\",\"@id\":\"https:\\\/\\\/stilanddesign.se\\\/#organization\",\"name\":\"Stil &amp; Design\",\"url\":\"https:\\\/\\\/stilanddesign.se\\\/\",\"logo\":{\"@type\":\"ImageObject\",\"inLanguage\":\"en-US\",\"@id\":\"https:\\\/\\\/stilanddesign.se\\\/#\\\/schema\\\/logo\\\/image\\\/\",\"url\":\"https:\\\/\\\/stilanddesign.se\\\/wp-content\\\/uploads\\\/2023\\\/12\\\/output-onlinepngtools-e1727784413220.png\",\"contentUrl\":\"https:\\\/\\\/stilanddesign.se\\\/wp-content\\\/uploads\\\/2023\\\/12\\\/output-onlinepngtools-e1727784413220.png\",\"width\":519,\"height\":135,\"caption\":\"Stil &amp; Design\"},\"image\":{\"@id\":\"https:\\\/\\\/stilanddesign.se\\\/#\\\/schema\\\/logo\\\/image\\\/\"}}]}<\/script>\n<!-- \/ Yoast SEO Premium plugin. -->","yoast_head_json":{"title":"\u2728 Mjuk V-ringad topp med volang\u00e4rm - Stil &amp; Design","robots":{"index":"index","follow":"follow","max-snippet":"max-snippet:-1","max-image-preview":"max-image-preview:large","max-video-preview":"max-video-preview:-1"},"canonical":"https:\/\/stilanddesign.se\/en\/product\/\u2728-mjuk-v-ringad-topp-med-volangarm-4\/","og_locale":"en_US","og_type":"article","og_title":"\u2728 Mjuk V-ringad topp med volang\u00e4rm","og_description":"\u2728 Mjuk V-ringad topp med volang\u00e4rm \ud83d\udc9b Stilren och mjuk topp i sk\u00f6n bomullskvalitet\ud83d\udc5a V-ringad modell med avslappnad passform\u2728 Volangdetaljer p\u00e5 \u00e4rmsluten som ger en feminin k\u00e4nsla\ud83d\udc5c Dekorativ ficka framtill som blir en fin detalj\ud83c\udf3f Ett l\u00e4ttburet plagg som passar perfekt till b\u00e5de jeans, shorts och kjol\u2600\ufe0f Perfekt f\u00f6r en enkel men snygg vardagslook \ud83c\udfa8 F\u00e4rg: Gul \ud83d\udccf Storlek: Onesize \ud83e\uddf5 Material: 100% bomull\ud83e\udee7 Tv\u00e4tt: 30\u00b0C","og_url":"https:\/\/stilanddesign.se\/en\/product\/\u2728-mjuk-v-ringad-topp-med-volangarm-4\/","og_site_name":"Stil &amp; Design","article_modified_time":"2026-05-11T08:13:18+00:00","og_image":[{"width":1920,"height":2560,"url":"https:\/\/stilanddesign.se\/wp-content\/uploads\/2026\/05\/8585897.jpeg","type":"image\/jpeg"}],"twitter_card":"summary_large_image","twitter_misc":{"Est. reading time":"1 minute"},"schema":{"@context":"https:\/\/schema.org","@graph":[{"@type":"WebPage","@id":"https:\/\/stilanddesign.se\/produkt\/%e2%9c%a8-mjuk-v-ringad-topp-med-volangarm-4\/","url":"https:\/\/stilanddesign.se\/produkt\/%e2%9c%a8-mjuk-v-ringad-topp-med-volangarm-4\/","name":"\u2728 Mjuk V-ringad topp med volang\u00e4rm - Stil &amp; Design","isPartOf":{"@id":"https:\/\/stilanddesign.se\/#website"},"primaryImageOfPage":{"@id":"https:\/\/stilanddesign.se\/produkt\/%e2%9c%a8-mjuk-v-ringad-topp-med-volangarm-4\/#primaryimage"},"image":{"@id":"https:\/\/stilanddesign.se\/produkt\/%e2%9c%a8-mjuk-v-ringad-topp-med-volangarm-4\/#primaryimage"},"thumbnailUrl":"https:\/\/stilanddesign.se\/wp-content\/uploads\/2026\/05\/8585897.jpeg","datePublished":"2026-05-08T06:42:59+00:00","dateModified":"2026-05-11T08:13:18+00:00","breadcrumb":{"@id":"https:\/\/stilanddesign.se\/produkt\/%e2%9c%a8-mjuk-v-ringad-topp-med-volangarm-4\/#breadcrumb"},"inLanguage":"en-US","potentialAction":[{"@type":"ReadAction","target":["https:\/\/stilanddesign.se\/produkt\/%e2%9c%a8-mjuk-v-ringad-topp-med-volangarm-4\/"]}]},{"@type":"ImageObject","inLanguage":"en-US","@id":"https:\/\/stilanddesign.se\/produkt\/%e2%9c%a8-mjuk-v-ringad-topp-med-volangarm-4\/#primaryimage","url":"https:\/\/stilanddesign.se\/wp-content\/uploads\/2026\/05\/8585897.jpeg","contentUrl":"https:\/\/stilanddesign.se\/wp-content\/uploads\/2026\/05\/8585897.jpeg","width":1920,"height":2560,"caption":"Mjuk V-ringad bomullstopp i gult"},{"@type":"BreadcrumbList","@id":"https:\/\/stilanddesign.se\/produkt\/%e2%9c%a8-mjuk-v-ringad-topp-med-volangarm-4\/#breadcrumb","itemListElement":[{"@type":"ListItem","position":1,"name":"Hem","item":"https:\/\/stilanddesign.se\/"},{"@type":"ListItem","position":2,"name":"Butiken","item":"https:\/\/stilanddesign.se\/butiken\/"},{"@type":"ListItem","position":3,"name":"\u2728 Mjuk V-ringad topp med volang\u00e4rm"}]},{"@type":"WebSite","@id":"https:\/\/stilanddesign.se\/#website","url":"https:\/\/stilanddesign.se\/","name":"Style &amp; Design","description":"For those of us who love fashion!","publisher":{"@id":"https:\/\/stilanddesign.se\/#organization"},"potentialAction":[{"@type":"SearchAction","target":{"@type":"EntryPoint","urlTemplate":"https:\/\/stilanddesign.se\/?s={search_term_string}"},"query-input":{"@type":"PropertyValueSpecification","valueRequired":true,"valueName":"search_term_string"}}],"inLanguage":"en-US"},{"@type":"Organization","@id":"https:\/\/stilanddesign.se\/#organization","name":"Style &amp; Design","url":"https:\/\/stilanddesign.se\/","logo":{"@type":"ImageObject","inLanguage":"en-US","@id":"https:\/\/stilanddesign.se\/#\/schema\/logo\/image\/","url":"https:\/\/stilanddesign.se\/wp-content\/uploads\/2023\/12\/output-onlinepngtools-e1727784413220.png","contentUrl":"https:\/\/stilanddesign.se\/wp-content\/uploads\/2023\/12\/output-onlinepngtools-e1727784413220.png","width":519,"height":135,"caption":"Stil &amp; Design"},"image":{"@id":"https:\/\/stilanddesign.se\/#\/schema\/logo\/image\/"}}]}},"_links":{"self":[{"href":"https:\/\/stilanddesign.se\/en\/wp-json\/wp\/v2\/product\/1076939","targetHints":{"allow":["GET"]}}],"collection":[{"href":"https:\/\/stilanddesign.se\/en\/wp-json\/wp\/v2\/product"}],"about":[{"href":"https:\/\/stilanddesign.se\/en\/wp-json\/wp\/v2\/types\/product"}],"replies":[{"embeddable":true,"href":"https:\/\/stilanddesign.se\/en\/wp-json\/wp\/v2\/comments?post=1076939"}],"wp:featuredmedia":[{"embeddable":true,"href":"https:\/\/stilanddesign.se\/en\/wp-json\/wp\/v2\/media\/1076938"}],"wp:attachment":[{"href":"https:\/\/stilanddesign.se\/en\/wp-json\/wp\/v2\/media?parent=1076939"}],"wp:term":[{"taxonomy":"product_brand","embeddable":true,"href":"https:\/\/stilanddesign.se\/en\/wp-json\/wp\/v2\/product_brand?post=1076939"},{"taxonomy":"product_cat","embeddable":true,"href":"https:\/\/stilanddesign.se\/en\/wp-json\/wp\/v2\/product_cat?post=1076939"},{"taxonomy":"product_tag","embeddable":true,"href":"https:\/\/stilanddesign.se\/en\/wp-json\/wp\/v2\/product_tag?post=1076939"}],"curies":[{"name":"wp","href":"https:\/\/api.w.org\/{rel}","templated":true}]}}