{"id":1076932,"date":"2026-05-08T08:35:12","date_gmt":"2026-05-08T06:35:12","guid":{"rendered":"https:\/\/stilanddesign.se\/?post_type=product&#038;p=1076932"},"modified":"2026-05-15T12:05:16","modified_gmt":"2026-05-15T10:05:16","slug":"%e2%9c%a8-mjuk-v-ringad-topp-med-volangarm-5","status":"publish","type":"product","link":"https:\/\/stilanddesign.se\/en\/product\/%e2%9c%a8-mjuk-v-ringad-topp-med-volangarm-5\/","title":{"rendered":"\u2728 Soft V-neck top with ruffle sleeves"},"content":{"rendered":"<div class=\"\" data-turn-id-container=\"9ae9f5a4-6de3-4491-8883-3273cacf4404\" data-is-intersecting=\"true\">\n<div class=\"relative w-full overflow-visible\">\n<section class=\"text-token-text-primary w-full focus:outline-none [--shadow-height:45px] has-data-writing-block:pointer-events-none has-data-writing-block:-mt-(--shadow-height) has-data-writing-block:pt-(--shadow-height) [&amp;:has([data-writing-block])&gt;*]:pointer-events-auto R6Vx5W_threadScrollVars scroll-mb-[calc(var(--scroll-root-safe-area-inset-bottom,0px)+var(--thread-response-height))] scroll-mt-(--header-height)\" dir=\"auto\" data-turn-id=\"9ae9f5a4-6de3-4491-8883-3273cacf4404\" data-turn-id-container=\"9ae9f5a4-6de3-4491-8883-3273cacf4404\" data-testid=\"conversation-turn-701\" data-scroll-anchor=\"false\" data-turn=\"user\"><\/section>\n<div class=\"contents\"><strong data-start=\"0\" data-end=\"38\">\u2728 Mjuk V-ringad topp med volang\u00e4rm<\/strong><\/div>\n<\/div>\n<\/div>\n<div class=\"\" data-turn-id-container=\"request-69c67431-7e34-8333-9a36-98c4a980f78b-19\" data-is-intersecting=\"true\">\n<div class=\"relative w-full overflow-visible\">\n<section class=\"text-token-text-primary w-full focus:outline-none [--shadow-height:45px] has-data-writing-block:pointer-events-none has-data-writing-block:-mt-(--shadow-height) has-data-writing-block:pt-(--shadow-height) [&amp;:has([data-writing-block])&gt;*]:pointer-events-auto R6Vx5W_threadScrollVars scroll-mb-[calc(var(--scroll-root-safe-area-inset-bottom,0px)+var(--thread-response-height))] scroll-mt-[calc(var(--header-height)+min(200px,max(70px,20svh)))]\" dir=\"auto\" data-turn-id=\"request-69c67431-7e34-8333-9a36-98c4a980f78b-19\" data-turn-id-container=\"request-69c67431-7e34-8333-9a36-98c4a980f78b-19\" data-testid=\"conversation-turn-702\" data-scroll-anchor=\"false\" data-turn=\"assistant\">\n<div class=\"text-base my-auto mx-auto pb-10 [--thread-content-margin:var(--thread-content-margin-xs,calc(var(--spacing)*4))] @w-sm\/main:[--thread-content-margin:var(--thread-content-margin-sm,calc(var(--spacing)*6))] @w-lg\/main:[--thread-content-margin:var(--thread-content-margin-lg,calc(var(--spacing)*16))] px-(--thread-content-margin)\">\n<div class=\"[--thread-content-max-width:40rem] @w-lg\/main:[--thread-content-max-width:48rem] mx-auto max-w-(--thread-content-max-width) flex-1 group\/turn-messages focus-visible:outline-hidden relative flex w-full min-w-0 flex-col agent-turn\">\n<div class=\"flex max-w-full flex-col gap-4 grow\">\n<div class=\"min-h-8 text-message relative flex w-full flex-col items-end gap-2 text-start break-words whitespace-normal outline-none keyboard-focused:focus-ring [.text-message+&amp;]:mt-1\" dir=\"auto\" tabindex=\"0\" data-message-author-role=\"assistant\" data-message-id=\"fe05cc84-8dbc-497c-b034-b76a2bf7ddc2\" data-message-model-slug=\"gpt-5-5\" data-turn-start-message=\"true\">\n<div class=\"flex w-full flex-col gap-1 empty:hidden\">\n<div class=\"markdown prose dark:prose-invert wrap-break-word w-full light markdown-new-styling\">\n<p data-start=\"40\" data-end=\"370\">\ud83d\udc99 Stilren och mjuk topp i sk\u00f6n bomullskvalitet<br data-start=\"87\" data-end=\"90\" \/>\ud83d\udc5a V-ringad modell med avslappnad passform<br data-start=\"132\" data-end=\"135\" \/>\u2728 Volangdetaljer p\u00e5 \u00e4rmsluten som ger en feminin k\u00e4nsla<br data-start=\"190\" data-end=\"193\" \/>\ud83d\udc5c Dekorativ ficka framtill som blir en fin detalj<br data-start=\"243\" data-end=\"246\" \/>\ud83c\udf3f Ett l\u00e4ttburet plagg som passar perfekt till b\u00e5de jeans, shorts och kjol<br data-start=\"320\" data-end=\"323\" \/>\u2600\ufe0f Perfekt f\u00f6r en enkel men snygg vardagslook<\/p>\n<p data-start=\"372\" data-end=\"390\">\ud83c\udfa8 <strong data-start=\"375\" data-end=\"384\">F\u00e4rg:<\/strong> Bl\u00e5<\/p>\n<p data-start=\"392\" data-end=\"417\">\ud83d\udccf <strong data-start=\"395\" data-end=\"407\">Storlek:<\/strong> Onesize<\/p>\n<p data-start=\"419\" data-end=\"468\" data-is-last-node=\"\" data-is-only-node=\"\">\ud83e\uddf5 <strong data-start=\"422\" data-end=\"435\">Material:<\/strong> 100% bomull<br data-start=\"447\" data-end=\"450\" \/>\ud83e\udee7 <strong data-start=\"453\" data-end=\"463\">Tv\u00e4tt:<\/strong> 30\u00b0C<\/p>\n<\/div>\n<\/div>\n<\/div>\n<\/div>\n<\/div>\n<\/div>\n<\/section>\n<\/div>\n<\/div>\n","protected":false},"excerpt":{"rendered":"<div class=\"\" data-turn-id-container=\"9ae9f5a4-6de3-4491-8883-3273cacf4404\" data-is-intersecting=\"true\">\n<div class=\"relative w-full overflow-visible\">\n<section class=\"text-token-text-primary w-full focus:outline-none [--shadow-height:45px] has-data-writing-block:pointer-events-none has-data-writing-block:-mt-(--shadow-height) has-data-writing-block:pt-(--shadow-height) [&amp;:has([data-writing-block])&gt;*]:pointer-events-auto R6Vx5W_threadScrollVars scroll-mb-[calc(var(--scroll-root-safe-area-inset-bottom,0px)+var(--thread-response-height))] scroll-mt-(--header-height)\" dir=\"auto\" data-turn-id=\"9ae9f5a4-6de3-4491-8883-3273cacf4404\" data-turn-id-container=\"9ae9f5a4-6de3-4491-8883-3273cacf4404\" data-testid=\"conversation-turn-701\" data-scroll-anchor=\"false\" data-turn=\"user\"><\/section>\n<div class=\"contents\"><\/div>\n<\/div>\n<\/div>\n<div class=\"\" data-turn-id-container=\"request-69c67431-7e34-8333-9a36-98c4a980f78b-19\" data-is-intersecting=\"true\">\n<div class=\"relative w-full overflow-visible\">\n<section class=\"text-token-text-primary w-full focus:outline-none [--shadow-height:45px] has-data-writing-block:pointer-events-none has-data-writing-block:-mt-(--shadow-height) has-data-writing-block:pt-(--shadow-height) [&amp;:has([data-writing-block])&gt;*]:pointer-events-auto R6Vx5W_threadScrollVars scroll-mb-[calc(var(--scroll-root-safe-area-inset-bottom,0px)+var(--thread-response-height))] scroll-mt-[calc(var(--header-height)+min(200px,max(70px,20svh)))]\" dir=\"auto\" data-turn-id=\"request-69c67431-7e34-8333-9a36-98c4a980f78b-19\" data-turn-id-container=\"request-69c67431-7e34-8333-9a36-98c4a980f78b-19\" data-testid=\"conversation-turn-702\" data-scroll-anchor=\"false\" data-turn=\"assistant\">\n<div class=\"text-base my-auto mx-auto pb-10 [--thread-content-margin:var(--thread-content-margin-xs,calc(var(--spacing)*4))] @w-sm\/main:[--thread-content-margin:var(--thread-content-margin-sm,calc(var(--spacing)*6))] @w-lg\/main:[--thread-content-margin:var(--thread-content-margin-lg,calc(var(--spacing)*16))] px-(--thread-content-margin)\">\n<div class=\"[--thread-content-max-width:40rem] @w-lg\/main:[--thread-content-max-width:48rem] mx-auto max-w-(--thread-content-max-width) flex-1 group\/turn-messages focus-visible:outline-hidden relative flex w-full min-w-0 flex-col agent-turn\">\n<div class=\"flex max-w-full flex-col gap-4 grow\">\n<div class=\"min-h-8 text-message relative flex w-full flex-col items-end gap-2 text-start break-words whitespace-normal outline-none keyboard-focused:focus-ring [.text-message+&amp;]:mt-1\" dir=\"auto\" tabindex=\"0\" data-message-author-role=\"assistant\" data-message-id=\"fe05cc84-8dbc-497c-b034-b76a2bf7ddc2\" data-message-model-slug=\"gpt-5-5\" data-turn-start-message=\"true\">\n<div class=\"flex w-full flex-col gap-1 empty:hidden\">\n<div class=\"markdown prose dark:prose-invert wrap-break-word w-full light markdown-new-styling\">\n<p data-start=\"0\" data-end=\"38\"><strong data-start=\"0\" data-end=\"38\">\u2728 Mjuk V-ringad topp med volang\u00e4rm<\/strong><\/p>\n<p data-start=\"40\" data-end=\"370\">\ud83d\udc99 Stilren och mjuk topp i sk\u00f6n bomullskvalitet<br data-start=\"87\" data-end=\"90\" \/>\ud83d\udc5a V-ringad modell med avslappnad passform<br data-start=\"132\" data-end=\"135\" \/>\u2728 Volangdetaljer p\u00e5 \u00e4rmsluten som ger en feminin k\u00e4nsla<br data-start=\"190\" data-end=\"193\" \/>\ud83d\udc5c Dekorativ ficka framtill som blir en fin detalj<br data-start=\"243\" data-end=\"246\" \/>\ud83c\udf3f Ett l\u00e4ttburet plagg som passar perfekt till b\u00e5de jeans, shorts och kjol<br data-start=\"320\" data-end=\"323\" \/>\u2600\ufe0f Perfekt f\u00f6r en enkel men snygg vardagslook<\/p>\n<p data-start=\"372\" data-end=\"390\">\ud83c\udfa8 <strong data-start=\"375\" data-end=\"384\">F\u00e4rg:<\/strong> Bl\u00e5<\/p>\n<p data-start=\"392\" data-end=\"417\">\ud83d\udccf <strong data-start=\"395\" data-end=\"407\">Storlek:<\/strong> Onesize<\/p>\n<p data-start=\"419\" data-end=\"468\" data-is-last-node=\"\" data-is-only-node=\"\">\ud83e\uddf5 <strong data-start=\"422\" data-end=\"435\">Material:<\/strong> 100% bomull<br data-start=\"447\" data-end=\"450\" \/>\ud83e\udee7 <strong data-start=\"453\" data-end=\"463\">Tv\u00e4tt:<\/strong> 30\u00b0C<\/p>\n<\/div>\n<\/div>\n<\/div>\n<\/div>\n<\/div>\n<\/div>\n<\/section>\n<\/div>\n<\/div>\n<h1 class=\"product_title entry-title\"><\/h1>\n","protected":false},"featured_media":1076931,"comment_status":"closed","ping_status":"closed","template":"","meta":[],"product_brand":[],"product_cat":[217,222],"product_tag":[],"class_list":{"0":"post-1076932","1":"product","2":"type-product","3":"status-publish","4":"has-post-thumbnail","6":"product_cat-produktnyheter","7":"product_cat-toppar-tischor","9":"first","10":"instock","11":"taxable","12":"shipping-taxable","13":"purchasable","14":"product-type-variable"},"yoast_head":"<!-- This site is optimized with the Yoast SEO Premium plugin v27.4 (Yoast SEO v27.6) - https:\/\/yoast.com\/product\/yoast-seo-premium-wordpress\/ -->\n<title>\u2728 Mjuk V-ringad topp med volang\u00e4rm - Stil &amp; Design<\/title>\n<meta name=\"robots\" content=\"index, follow, max-snippet:-1, max-image-preview:large, max-video-preview:-1\" \/>\n<link rel=\"canonical\" href=\"https:\/\/stilanddesign.se\/en\/product\/\u2728-mjuk-v-ringad-topp-med-volangarm-5\/\" \/>\n<meta property=\"og:locale\" content=\"en_US\" \/>\n<meta property=\"og:type\" content=\"article\" \/>\n<meta property=\"og:title\" content=\"\u2728 Mjuk V-ringad topp med volang\u00e4rm\" \/>\n<meta property=\"og:description\" content=\"\u2728 Mjuk V-ringad topp med volang\u00e4rm \ud83d\udc99 Stilren och mjuk topp i sk\u00f6n bomullskvalitet\ud83d\udc5a V-ringad modell med avslappnad passform\u2728 Volangdetaljer p\u00e5 \u00e4rmsluten som ger en feminin k\u00e4nsla\ud83d\udc5c Dekorativ ficka framtill som blir en fin detalj\ud83c\udf3f Ett l\u00e4ttburet plagg som passar perfekt till b\u00e5de jeans, shorts och kjol\u2600\ufe0f Perfekt f\u00f6r en enkel men snygg vardagslook \ud83c\udfa8 F\u00e4rg: Bl\u00e5 \ud83d\udccf Storlek: Onesize \ud83e\uddf5 Material: 100% bomull\ud83e\udee7 Tv\u00e4tt: 30\u00b0C\" \/>\n<meta property=\"og:url\" content=\"https:\/\/stilanddesign.se\/en\/product\/\u2728-mjuk-v-ringad-topp-med-volangarm-5\/\" \/>\n<meta property=\"og:site_name\" content=\"Stil &amp; Design\" \/>\n<meta property=\"article:modified_time\" content=\"2026-05-15T10:05:16+00:00\" \/>\n<meta property=\"og:image\" content=\"https:\/\/stilanddesign.se\/wp-content\/uploads\/2026\/05\/858589788.jpeg\" \/>\n\t<meta property=\"og:image:width\" content=\"1920\" \/>\n\t<meta property=\"og:image:height\" content=\"2560\" \/>\n\t<meta property=\"og:image:type\" content=\"image\/jpeg\" \/>\n<meta name=\"twitter:card\" content=\"summary_large_image\" \/>\n<meta name=\"twitter:label1\" content=\"Est. reading time\" \/>\n\t<meta name=\"twitter:data1\" content=\"1 minute\" \/>\n<script type=\"application\/ld+json\" class=\"yoast-schema-graph\">{\"@context\":\"https:\\\/\\\/schema.org\",\"@graph\":[{\"@type\":\"WebPage\",\"@id\":\"https:\\\/\\\/stilanddesign.se\\\/produkt\\\/%e2%9c%a8-mjuk-v-ringad-topp-med-volangarm-5\\\/\",\"url\":\"https:\\\/\\\/stilanddesign.se\\\/produkt\\\/%e2%9c%a8-mjuk-v-ringad-topp-med-volangarm-5\\\/\",\"name\":\"\u2728 Mjuk V-ringad topp med volang\u00e4rm - Stil &amp; Design\",\"isPartOf\":{\"@id\":\"https:\\\/\\\/stilanddesign.se\\\/#website\"},\"primaryImageOfPage\":{\"@id\":\"https:\\\/\\\/stilanddesign.se\\\/produkt\\\/%e2%9c%a8-mjuk-v-ringad-topp-med-volangarm-5\\\/#primaryimage\"},\"image\":{\"@id\":\"https:\\\/\\\/stilanddesign.se\\\/produkt\\\/%e2%9c%a8-mjuk-v-ringad-topp-med-volangarm-5\\\/#primaryimage\"},\"thumbnailUrl\":\"https:\\\/\\\/stilanddesign.se\\\/wp-content\\\/uploads\\\/2026\\\/05\\\/858589788.jpeg\",\"datePublished\":\"2026-05-08T06:35:12+00:00\",\"dateModified\":\"2026-05-15T10:05:16+00:00\",\"breadcrumb\":{\"@id\":\"https:\\\/\\\/stilanddesign.se\\\/produkt\\\/%e2%9c%a8-mjuk-v-ringad-topp-med-volangarm-5\\\/#breadcrumb\"},\"inLanguage\":\"en-US\",\"potentialAction\":[{\"@type\":\"ReadAction\",\"target\":[\"https:\\\/\\\/stilanddesign.se\\\/produkt\\\/%e2%9c%a8-mjuk-v-ringad-topp-med-volangarm-5\\\/\"]}]},{\"@type\":\"ImageObject\",\"inLanguage\":\"en-US\",\"@id\":\"https:\\\/\\\/stilanddesign.se\\\/produkt\\\/%e2%9c%a8-mjuk-v-ringad-topp-med-volangarm-5\\\/#primaryimage\",\"url\":\"https:\\\/\\\/stilanddesign.se\\\/wp-content\\\/uploads\\\/2026\\\/05\\\/858589788.jpeg\",\"contentUrl\":\"https:\\\/\\\/stilanddesign.se\\\/wp-content\\\/uploads\\\/2026\\\/05\\\/858589788.jpeg\",\"width\":1920,\"height\":2560,\"caption\":\"V-ringad bomullstopp med volang i \u00e4rmslut i ljusbl\u00e5tt\"},{\"@type\":\"BreadcrumbList\",\"@id\":\"https:\\\/\\\/stilanddesign.se\\\/produkt\\\/%e2%9c%a8-mjuk-v-ringad-topp-med-volangarm-5\\\/#breadcrumb\",\"itemListElement\":[{\"@type\":\"ListItem\",\"position\":1,\"name\":\"Hem\",\"item\":\"https:\\\/\\\/stilanddesign.se\\\/\"},{\"@type\":\"ListItem\",\"position\":2,\"name\":\"Butiken\",\"item\":\"https:\\\/\\\/stilanddesign.se\\\/butiken\\\/\"},{\"@type\":\"ListItem\",\"position\":3,\"name\":\"\u2728 Mjuk V-ringad topp med volang\u00e4rm\"}]},{\"@type\":\"WebSite\",\"@id\":\"https:\\\/\\\/stilanddesign.se\\\/#website\",\"url\":\"https:\\\/\\\/stilanddesign.se\\\/\",\"name\":\"Stil &amp; Design\",\"description\":\"F\u00f6r oss som \u00e4lskar mode!\",\"publisher\":{\"@id\":\"https:\\\/\\\/stilanddesign.se\\\/#organization\"},\"potentialAction\":[{\"@type\":\"SearchAction\",\"target\":{\"@type\":\"EntryPoint\",\"urlTemplate\":\"https:\\\/\\\/stilanddesign.se\\\/?s={search_term_string}\"},\"query-input\":{\"@type\":\"PropertyValueSpecification\",\"valueRequired\":true,\"valueName\":\"search_term_string\"}}],\"inLanguage\":\"en-US\"},{\"@type\":\"Organization\",\"@id\":\"https:\\\/\\\/stilanddesign.se\\\/#organization\",\"name\":\"Stil &amp; Design\",\"url\":\"https:\\\/\\\/stilanddesign.se\\\/\",\"logo\":{\"@type\":\"ImageObject\",\"inLanguage\":\"en-US\",\"@id\":\"https:\\\/\\\/stilanddesign.se\\\/#\\\/schema\\\/logo\\\/image\\\/\",\"url\":\"https:\\\/\\\/stilanddesign.se\\\/wp-content\\\/uploads\\\/2023\\\/12\\\/output-onlinepngtools-e1727784413220.png\",\"contentUrl\":\"https:\\\/\\\/stilanddesign.se\\\/wp-content\\\/uploads\\\/2023\\\/12\\\/output-onlinepngtools-e1727784413220.png\",\"width\":519,\"height\":135,\"caption\":\"Stil &amp; Design\"},\"image\":{\"@id\":\"https:\\\/\\\/stilanddesign.se\\\/#\\\/schema\\\/logo\\\/image\\\/\"}}]}<\/script>\n<!-- \/ Yoast SEO Premium plugin. -->","yoast_head_json":{"title":"\u2728 Mjuk V-ringad topp med volang\u00e4rm - Stil &amp; Design","robots":{"index":"index","follow":"follow","max-snippet":"max-snippet:-1","max-image-preview":"max-image-preview:large","max-video-preview":"max-video-preview:-1"},"canonical":"https:\/\/stilanddesign.se\/en\/product\/\u2728-mjuk-v-ringad-topp-med-volangarm-5\/","og_locale":"en_US","og_type":"article","og_title":"\u2728 Mjuk V-ringad topp med volang\u00e4rm","og_description":"\u2728 Mjuk V-ringad topp med volang\u00e4rm \ud83d\udc99 Stilren och mjuk topp i sk\u00f6n bomullskvalitet\ud83d\udc5a V-ringad modell med avslappnad passform\u2728 Volangdetaljer p\u00e5 \u00e4rmsluten som ger en feminin k\u00e4nsla\ud83d\udc5c Dekorativ ficka framtill som blir en fin detalj\ud83c\udf3f Ett l\u00e4ttburet plagg som passar perfekt till b\u00e5de jeans, shorts och kjol\u2600\ufe0f Perfekt f\u00f6r en enkel men snygg vardagslook \ud83c\udfa8 F\u00e4rg: Bl\u00e5 \ud83d\udccf Storlek: Onesize \ud83e\uddf5 Material: 100% bomull\ud83e\udee7 Tv\u00e4tt: 30\u00b0C","og_url":"https:\/\/stilanddesign.se\/en\/product\/\u2728-mjuk-v-ringad-topp-med-volangarm-5\/","og_site_name":"Stil &amp; Design","article_modified_time":"2026-05-15T10:05:16+00:00","og_image":[{"width":1920,"height":2560,"url":"https:\/\/stilanddesign.se\/wp-content\/uploads\/2026\/05\/858589788.jpeg","type":"image\/jpeg"}],"twitter_card":"summary_large_image","twitter_misc":{"Est. reading time":"1 minute"},"schema":{"@context":"https:\/\/schema.org","@graph":[{"@type":"WebPage","@id":"https:\/\/stilanddesign.se\/produkt\/%e2%9c%a8-mjuk-v-ringad-topp-med-volangarm-5\/","url":"https:\/\/stilanddesign.se\/produkt\/%e2%9c%a8-mjuk-v-ringad-topp-med-volangarm-5\/","name":"\u2728 Mjuk V-ringad topp med volang\u00e4rm - Stil &amp; Design","isPartOf":{"@id":"https:\/\/stilanddesign.se\/#website"},"primaryImageOfPage":{"@id":"https:\/\/stilanddesign.se\/produkt\/%e2%9c%a8-mjuk-v-ringad-topp-med-volangarm-5\/#primaryimage"},"image":{"@id":"https:\/\/stilanddesign.se\/produkt\/%e2%9c%a8-mjuk-v-ringad-topp-med-volangarm-5\/#primaryimage"},"thumbnailUrl":"https:\/\/stilanddesign.se\/wp-content\/uploads\/2026\/05\/858589788.jpeg","datePublished":"2026-05-08T06:35:12+00:00","dateModified":"2026-05-15T10:05:16+00:00","breadcrumb":{"@id":"https:\/\/stilanddesign.se\/produkt\/%e2%9c%a8-mjuk-v-ringad-topp-med-volangarm-5\/#breadcrumb"},"inLanguage":"en-US","potentialAction":[{"@type":"ReadAction","target":["https:\/\/stilanddesign.se\/produkt\/%e2%9c%a8-mjuk-v-ringad-topp-med-volangarm-5\/"]}]},{"@type":"ImageObject","inLanguage":"en-US","@id":"https:\/\/stilanddesign.se\/produkt\/%e2%9c%a8-mjuk-v-ringad-topp-med-volangarm-5\/#primaryimage","url":"https:\/\/stilanddesign.se\/wp-content\/uploads\/2026\/05\/858589788.jpeg","contentUrl":"https:\/\/stilanddesign.se\/wp-content\/uploads\/2026\/05\/858589788.jpeg","width":1920,"height":2560,"caption":"V-ringad bomullstopp med volang i \u00e4rmslut i ljusbl\u00e5tt"},{"@type":"BreadcrumbList","@id":"https:\/\/stilanddesign.se\/produkt\/%e2%9c%a8-mjuk-v-ringad-topp-med-volangarm-5\/#breadcrumb","itemListElement":[{"@type":"ListItem","position":1,"name":"Hem","item":"https:\/\/stilanddesign.se\/"},{"@type":"ListItem","position":2,"name":"Butiken","item":"https:\/\/stilanddesign.se\/butiken\/"},{"@type":"ListItem","position":3,"name":"\u2728 Mjuk V-ringad topp med volang\u00e4rm"}]},{"@type":"WebSite","@id":"https:\/\/stilanddesign.se\/#website","url":"https:\/\/stilanddesign.se\/","name":"Style &amp; Design","description":"For those of us who love fashion!","publisher":{"@id":"https:\/\/stilanddesign.se\/#organization"},"potentialAction":[{"@type":"SearchAction","target":{"@type":"EntryPoint","urlTemplate":"https:\/\/stilanddesign.se\/?s={search_term_string}"},"query-input":{"@type":"PropertyValueSpecification","valueRequired":true,"valueName":"search_term_string"}}],"inLanguage":"en-US"},{"@type":"Organization","@id":"https:\/\/stilanddesign.se\/#organization","name":"Style &amp; Design","url":"https:\/\/stilanddesign.se\/","logo":{"@type":"ImageObject","inLanguage":"en-US","@id":"https:\/\/stilanddesign.se\/#\/schema\/logo\/image\/","url":"https:\/\/stilanddesign.se\/wp-content\/uploads\/2023\/12\/output-onlinepngtools-e1727784413220.png","contentUrl":"https:\/\/stilanddesign.se\/wp-content\/uploads\/2023\/12\/output-onlinepngtools-e1727784413220.png","width":519,"height":135,"caption":"Stil &amp; Design"},"image":{"@id":"https:\/\/stilanddesign.se\/#\/schema\/logo\/image\/"}}]}},"_links":{"self":[{"href":"https:\/\/stilanddesign.se\/en\/wp-json\/wp\/v2\/product\/1076932","targetHints":{"allow":["GET"]}}],"collection":[{"href":"https:\/\/stilanddesign.se\/en\/wp-json\/wp\/v2\/product"}],"about":[{"href":"https:\/\/stilanddesign.se\/en\/wp-json\/wp\/v2\/types\/product"}],"replies":[{"embeddable":true,"href":"https:\/\/stilanddesign.se\/en\/wp-json\/wp\/v2\/comments?post=1076932"}],"wp:featuredmedia":[{"embeddable":true,"href":"https:\/\/stilanddesign.se\/en\/wp-json\/wp\/v2\/media\/1076931"}],"wp:attachment":[{"href":"https:\/\/stilanddesign.se\/en\/wp-json\/wp\/v2\/media?parent=1076932"}],"wp:term":[{"taxonomy":"product_brand","embeddable":true,"href":"https:\/\/stilanddesign.se\/en\/wp-json\/wp\/v2\/product_brand?post=1076932"},{"taxonomy":"product_cat","embeddable":true,"href":"https:\/\/stilanddesign.se\/en\/wp-json\/wp\/v2\/product_cat?post=1076932"},{"taxonomy":"product_tag","embeddable":true,"href":"https:\/\/stilanddesign.se\/en\/wp-json\/wp\/v2\/product_tag?post=1076932"}],"curies":[{"name":"wp","href":"https:\/\/api.w.org\/{rel}","templated":true}]}}