{"id":1076848,"date":"2026-05-07T20:18:49","date_gmt":"2026-05-07T18:18:49","guid":{"rendered":"https:\/\/stilanddesign.se\/?post_type=product&#038;p=1076848"},"modified":"2026-05-08T07:54:31","modified_gmt":"2026-05-08T05:54:31","slug":"%e2%9c%a8-klanning-med-puffarm","status":"publish","type":"product","link":"https:\/\/stilanddesign.se\/en\/product\/%e2%9c%a8-klanning-med-puffarm\/","title":{"rendered":"\u2728 Dress with puff sleeves"},"content":{"rendered":"<p data-start=\"0\" data-end=\"26\"><strong data-start=\"0\" data-end=\"26\">\u2728 Dress with puff sleeves<\/strong><\/p>\n<p data-start=\"28\" data-end=\"281\">\ud83c\udf38 Stylish dress in soft beige tone<br data-start=\"64\" data-end=\"67\" \/>\ud83d\udc5a V-neck model with feminine fit<br data-start=\"106\" data-end=\"109\" \/>\ud83d\udcab Elastic at the front that accentuates the silhouette<br data-start=\"151\" data-end=\"154\" \/>\ud83c\udf3f Puff sleeves that give an elegant and trendy feel<br data-start=\"202\" data-end=\"205\" \/>\ud83d\udc4c Airy and comfortable model that is suitable for both everyday life and more festive occasions<\/p>\n<p data-start=\"283\" data-end=\"303\">\ud83c\udfa8 <strong data-start=\"286\" data-end=\"295\">Paint:<\/strong> Beige<\/p>\n<p data-start=\"305\" data-end=\"332\">\ud83d\udccf <strong data-start=\"308\" data-end=\"320\">Size:<\/strong> S\/M, L\/XL<\/p>\n<p data-start=\"334\" data-end=\"383\" data-is-last-node=\"\" data-is-only-node=\"\">\ud83e\uddf5 <strong data-start=\"337\" data-end=\"350\">Material:<\/strong> 100% viscose<br data-start=\"362\" data-end=\"365\" \/>\ud83e\udee7 <strong data-start=\"368\" data-end=\"378\">Laundry:<\/strong> 30\u00b0C<\/p>\n<h1 class=\"product_title entry-title\"><\/h1>","protected":false},"excerpt":{"rendered":"<p data-start=\"0\" data-end=\"26\"><strong data-start=\"0\" data-end=\"26\">\u2728 Dress with puff sleeves<\/strong><\/p>\n<p data-start=\"28\" data-end=\"281\">\ud83c\udf38 Stylish dress in soft beige tone<br data-start=\"64\" data-end=\"67\" \/>\ud83d\udc5a V-neck model with feminine fit<br data-start=\"106\" data-end=\"109\" \/>\ud83d\udcab Elastic at the front that accentuates the silhouette<br data-start=\"151\" data-end=\"154\" \/>\ud83c\udf3f Puff sleeves that give an elegant and trendy feel<br data-start=\"202\" data-end=\"205\" \/>\ud83d\udc4c Airy and comfortable model that is suitable for both everyday life and more festive occasions<\/p>\n<p data-start=\"283\" data-end=\"303\">\ud83c\udfa8 <strong data-start=\"286\" data-end=\"295\">Paint:<\/strong> Beige<\/p>\n<p data-start=\"305\" data-end=\"332\">\ud83d\udccf <strong data-start=\"308\" data-end=\"320\">Size:<\/strong> S\/M, L\/XL<\/p>\n<p data-start=\"334\" data-end=\"383\" data-is-last-node=\"\" data-is-only-node=\"\">\ud83e\uddf5 <strong data-start=\"337\" data-end=\"350\">Material:<\/strong> 100% viscose<br data-start=\"362\" data-end=\"365\" \/>\ud83e\udee7 <strong data-start=\"368\" data-end=\"378\">Laundry:<\/strong> 30\u00b0C<\/p>\n<h1 class=\"product_title entry-title\"><\/h1>","protected":false},"featured_media":1076846,"comment_status":"closed","ping_status":"closed","template":"","meta":[],"product_brand":[],"product_cat":[215,217],"product_tag":[],"class_list":{"0":"post-1076848","1":"product","2":"type-product","3":"status-publish","4":"has-post-thumbnail","6":"product_cat-klanningar","7":"product_cat-produktnyheter","9":"first","10":"instock","11":"taxable","12":"shipping-taxable","13":"purchasable","14":"product-type-variable"},"yoast_head":"<!-- This site is optimized with the Yoast SEO Premium plugin v27.4 (Yoast SEO v27.6) - https:\/\/yoast.com\/product\/yoast-seo-premium-wordpress\/ -->\n<title>\u2728 Kl\u00e4nning med puff\u00e4rm - Stil &amp; Design<\/title>\n<meta name=\"robots\" content=\"index, follow, max-snippet:-1, max-image-preview:large, max-video-preview:-1\" \/>\n<link rel=\"canonical\" href=\"https:\/\/stilanddesign.se\/en\/product\/\u2728-klanning-med-puffarm\/\" \/>\n<meta property=\"og:locale\" content=\"en_US\" \/>\n<meta property=\"og:type\" content=\"article\" \/>\n<meta property=\"og:title\" content=\"\u2728 Kl\u00e4nning med puff\u00e4rm\" \/>\n<meta property=\"og:description\" content=\"\u2728 Kl\u00e4nning med puff\u00e4rm \ud83c\udf38 Stilren kl\u00e4nning i mjuk beige ton\ud83d\udc5a V-ringad modell med feminin passform\ud83d\udcab Res\u00e5r framtill som framh\u00e4ver silhuetten\ud83c\udf3f Puff\u00e4rm som ger en elegant och trendig k\u00e4nsla\ud83d\udc4c Luftig och sk\u00f6n modell som passar b\u00e5de vardag och festligare tillf\u00e4llen \ud83c\udfa8 F\u00e4rg: Beige \ud83d\udccf Storlek: S\/M, L\/XL \ud83e\uddf5 Material: 100% viskos\ud83e\udee7 Tv\u00e4tt: 30\u00b0C\" \/>\n<meta property=\"og:url\" content=\"https:\/\/stilanddesign.se\/en\/product\/\u2728-klanning-med-puffarm\/\" \/>\n<meta property=\"og:site_name\" content=\"Stil &amp; Design\" \/>\n<meta property=\"article:modified_time\" content=\"2026-05-08T05:54:31+00:00\" \/>\n<meta property=\"og:image\" content=\"https:\/\/stilanddesign.se\/wp-content\/uploads\/2026\/05\/09098777776.jpeg\" \/>\n\t<meta property=\"og:image:width\" content=\"1920\" \/>\n\t<meta property=\"og:image:height\" content=\"2560\" \/>\n\t<meta property=\"og:image:type\" content=\"image\/jpeg\" \/>\n<meta name=\"twitter:card\" content=\"summary_large_image\" \/>\n<meta name=\"twitter:label1\" content=\"Est. reading time\" \/>\n\t<meta name=\"twitter:data1\" content=\"1 minute\" \/>\n<script type=\"application\/ld+json\" class=\"yoast-schema-graph\">{\"@context\":\"https:\\\/\\\/schema.org\",\"@graph\":[{\"@type\":\"WebPage\",\"@id\":\"https:\\\/\\\/stilanddesign.se\\\/produkt\\\/%e2%9c%a8-klanning-med-puffarm\\\/\",\"url\":\"https:\\\/\\\/stilanddesign.se\\\/produkt\\\/%e2%9c%a8-klanning-med-puffarm\\\/\",\"name\":\"\u2728 Kl\u00e4nning med puff\u00e4rm - Stil &amp; Design\",\"isPartOf\":{\"@id\":\"https:\\\/\\\/stilanddesign.se\\\/#website\"},\"primaryImageOfPage\":{\"@id\":\"https:\\\/\\\/stilanddesign.se\\\/produkt\\\/%e2%9c%a8-klanning-med-puffarm\\\/#primaryimage\"},\"image\":{\"@id\":\"https:\\\/\\\/stilanddesign.se\\\/produkt\\\/%e2%9c%a8-klanning-med-puffarm\\\/#primaryimage\"},\"thumbnailUrl\":\"https:\\\/\\\/stilanddesign.se\\\/wp-content\\\/uploads\\\/2026\\\/05\\\/09098777776.jpeg\",\"datePublished\":\"2026-05-07T18:18:49+00:00\",\"dateModified\":\"2026-05-08T05:54:31+00:00\",\"breadcrumb\":{\"@id\":\"https:\\\/\\\/stilanddesign.se\\\/produkt\\\/%e2%9c%a8-klanning-med-puffarm\\\/#breadcrumb\"},\"inLanguage\":\"en-US\",\"potentialAction\":[{\"@type\":\"ReadAction\",\"target\":[\"https:\\\/\\\/stilanddesign.se\\\/produkt\\\/%e2%9c%a8-klanning-med-puffarm\\\/\"]}]},{\"@type\":\"ImageObject\",\"inLanguage\":\"en-US\",\"@id\":\"https:\\\/\\\/stilanddesign.se\\\/produkt\\\/%e2%9c%a8-klanning-med-puffarm\\\/#primaryimage\",\"url\":\"https:\\\/\\\/stilanddesign.se\\\/wp-content\\\/uploads\\\/2026\\\/05\\\/09098777776.jpeg\",\"contentUrl\":\"https:\\\/\\\/stilanddesign.se\\\/wp-content\\\/uploads\\\/2026\\\/05\\\/09098777776.jpeg\",\"width\":1920,\"height\":2560,\"caption\":\"Beige kl\u00e4nning med res\u00e5r framtill och puff\u00e4rm\"},{\"@type\":\"BreadcrumbList\",\"@id\":\"https:\\\/\\\/stilanddesign.se\\\/produkt\\\/%e2%9c%a8-klanning-med-puffarm\\\/#breadcrumb\",\"itemListElement\":[{\"@type\":\"ListItem\",\"position\":1,\"name\":\"Hem\",\"item\":\"https:\\\/\\\/stilanddesign.se\\\/\"},{\"@type\":\"ListItem\",\"position\":2,\"name\":\"Butiken\",\"item\":\"https:\\\/\\\/stilanddesign.se\\\/butiken\\\/\"},{\"@type\":\"ListItem\",\"position\":3,\"name\":\"\u2728 Kl\u00e4nning med puff\u00e4rm\"}]},{\"@type\":\"WebSite\",\"@id\":\"https:\\\/\\\/stilanddesign.se\\\/#website\",\"url\":\"https:\\\/\\\/stilanddesign.se\\\/\",\"name\":\"Stil &amp; Design\",\"description\":\"F\u00f6r oss som \u00e4lskar mode!\",\"publisher\":{\"@id\":\"https:\\\/\\\/stilanddesign.se\\\/#organization\"},\"potentialAction\":[{\"@type\":\"SearchAction\",\"target\":{\"@type\":\"EntryPoint\",\"urlTemplate\":\"https:\\\/\\\/stilanddesign.se\\\/?s={search_term_string}\"},\"query-input\":{\"@type\":\"PropertyValueSpecification\",\"valueRequired\":true,\"valueName\":\"search_term_string\"}}],\"inLanguage\":\"en-US\"},{\"@type\":\"Organization\",\"@id\":\"https:\\\/\\\/stilanddesign.se\\\/#organization\",\"name\":\"Stil &amp; Design\",\"url\":\"https:\\\/\\\/stilanddesign.se\\\/\",\"logo\":{\"@type\":\"ImageObject\",\"inLanguage\":\"en-US\",\"@id\":\"https:\\\/\\\/stilanddesign.se\\\/#\\\/schema\\\/logo\\\/image\\\/\",\"url\":\"https:\\\/\\\/stilanddesign.se\\\/wp-content\\\/uploads\\\/2023\\\/12\\\/output-onlinepngtools-e1727784413220.png\",\"contentUrl\":\"https:\\\/\\\/stilanddesign.se\\\/wp-content\\\/uploads\\\/2023\\\/12\\\/output-onlinepngtools-e1727784413220.png\",\"width\":519,\"height\":135,\"caption\":\"Stil &amp; Design\"},\"image\":{\"@id\":\"https:\\\/\\\/stilanddesign.se\\\/#\\\/schema\\\/logo\\\/image\\\/\"}}]}<\/script>\n<!-- \/ Yoast SEO Premium plugin. -->","yoast_head_json":{"title":"\u2728 Kl\u00e4nning med puff\u00e4rm - Stil &amp; Design","robots":{"index":"index","follow":"follow","max-snippet":"max-snippet:-1","max-image-preview":"max-image-preview:large","max-video-preview":"max-video-preview:-1"},"canonical":"https:\/\/stilanddesign.se\/en\/product\/\u2728-klanning-med-puffarm\/","og_locale":"en_US","og_type":"article","og_title":"\u2728 Kl\u00e4nning med puff\u00e4rm","og_description":"\u2728 Kl\u00e4nning med puff\u00e4rm \ud83c\udf38 Stilren kl\u00e4nning i mjuk beige ton\ud83d\udc5a V-ringad modell med feminin passform\ud83d\udcab Res\u00e5r framtill som framh\u00e4ver silhuetten\ud83c\udf3f Puff\u00e4rm som ger en elegant och trendig k\u00e4nsla\ud83d\udc4c Luftig och sk\u00f6n modell som passar b\u00e5de vardag och festligare tillf\u00e4llen \ud83c\udfa8 F\u00e4rg: Beige \ud83d\udccf Storlek: S\/M, L\/XL \ud83e\uddf5 Material: 100% viskos\ud83e\udee7 Tv\u00e4tt: 30\u00b0C","og_url":"https:\/\/stilanddesign.se\/en\/product\/\u2728-klanning-med-puffarm\/","og_site_name":"Stil &amp; Design","article_modified_time":"2026-05-08T05:54:31+00:00","og_image":[{"width":1920,"height":2560,"url":"https:\/\/stilanddesign.se\/wp-content\/uploads\/2026\/05\/09098777776.jpeg","type":"image\/jpeg"}],"twitter_card":"summary_large_image","twitter_misc":{"Est. reading time":"1 minute"},"schema":{"@context":"https:\/\/schema.org","@graph":[{"@type":"WebPage","@id":"https:\/\/stilanddesign.se\/produkt\/%e2%9c%a8-klanning-med-puffarm\/","url":"https:\/\/stilanddesign.se\/produkt\/%e2%9c%a8-klanning-med-puffarm\/","name":"\u2728 Kl\u00e4nning med puff\u00e4rm - Stil &amp; Design","isPartOf":{"@id":"https:\/\/stilanddesign.se\/#website"},"primaryImageOfPage":{"@id":"https:\/\/stilanddesign.se\/produkt\/%e2%9c%a8-klanning-med-puffarm\/#primaryimage"},"image":{"@id":"https:\/\/stilanddesign.se\/produkt\/%e2%9c%a8-klanning-med-puffarm\/#primaryimage"},"thumbnailUrl":"https:\/\/stilanddesign.se\/wp-content\/uploads\/2026\/05\/09098777776.jpeg","datePublished":"2026-05-07T18:18:49+00:00","dateModified":"2026-05-08T05:54:31+00:00","breadcrumb":{"@id":"https:\/\/stilanddesign.se\/produkt\/%e2%9c%a8-klanning-med-puffarm\/#breadcrumb"},"inLanguage":"en-US","potentialAction":[{"@type":"ReadAction","target":["https:\/\/stilanddesign.se\/produkt\/%e2%9c%a8-klanning-med-puffarm\/"]}]},{"@type":"ImageObject","inLanguage":"en-US","@id":"https:\/\/stilanddesign.se\/produkt\/%e2%9c%a8-klanning-med-puffarm\/#primaryimage","url":"https:\/\/stilanddesign.se\/wp-content\/uploads\/2026\/05\/09098777776.jpeg","contentUrl":"https:\/\/stilanddesign.se\/wp-content\/uploads\/2026\/05\/09098777776.jpeg","width":1920,"height":2560,"caption":"Beige kl\u00e4nning med res\u00e5r framtill och puff\u00e4rm"},{"@type":"BreadcrumbList","@id":"https:\/\/stilanddesign.se\/produkt\/%e2%9c%a8-klanning-med-puffarm\/#breadcrumb","itemListElement":[{"@type":"ListItem","position":1,"name":"Hem","item":"https:\/\/stilanddesign.se\/"},{"@type":"ListItem","position":2,"name":"Butiken","item":"https:\/\/stilanddesign.se\/butiken\/"},{"@type":"ListItem","position":3,"name":"\u2728 Kl\u00e4nning med puff\u00e4rm"}]},{"@type":"WebSite","@id":"https:\/\/stilanddesign.se\/#website","url":"https:\/\/stilanddesign.se\/","name":"Style &amp; Design","description":"For those of us who love fashion!","publisher":{"@id":"https:\/\/stilanddesign.se\/#organization"},"potentialAction":[{"@type":"SearchAction","target":{"@type":"EntryPoint","urlTemplate":"https:\/\/stilanddesign.se\/?s={search_term_string}"},"query-input":{"@type":"PropertyValueSpecification","valueRequired":true,"valueName":"search_term_string"}}],"inLanguage":"en-US"},{"@type":"Organization","@id":"https:\/\/stilanddesign.se\/#organization","name":"Style &amp; Design","url":"https:\/\/stilanddesign.se\/","logo":{"@type":"ImageObject","inLanguage":"en-US","@id":"https:\/\/stilanddesign.se\/#\/schema\/logo\/image\/","url":"https:\/\/stilanddesign.se\/wp-content\/uploads\/2023\/12\/output-onlinepngtools-e1727784413220.png","contentUrl":"https:\/\/stilanddesign.se\/wp-content\/uploads\/2023\/12\/output-onlinepngtools-e1727784413220.png","width":519,"height":135,"caption":"Stil &amp; Design"},"image":{"@id":"https:\/\/stilanddesign.se\/#\/schema\/logo\/image\/"}}]}},"_links":{"self":[{"href":"https:\/\/stilanddesign.se\/en\/wp-json\/wp\/v2\/product\/1076848","targetHints":{"allow":["GET"]}}],"collection":[{"href":"https:\/\/stilanddesign.se\/en\/wp-json\/wp\/v2\/product"}],"about":[{"href":"https:\/\/stilanddesign.se\/en\/wp-json\/wp\/v2\/types\/product"}],"replies":[{"embeddable":true,"href":"https:\/\/stilanddesign.se\/en\/wp-json\/wp\/v2\/comments?post=1076848"}],"wp:featuredmedia":[{"embeddable":true,"href":"https:\/\/stilanddesign.se\/en\/wp-json\/wp\/v2\/media\/1076846"}],"wp:attachment":[{"href":"https:\/\/stilanddesign.se\/en\/wp-json\/wp\/v2\/media?parent=1076848"}],"wp:term":[{"taxonomy":"product_brand","embeddable":true,"href":"https:\/\/stilanddesign.se\/en\/wp-json\/wp\/v2\/product_brand?post=1076848"},{"taxonomy":"product_cat","embeddable":true,"href":"https:\/\/stilanddesign.se\/en\/wp-json\/wp\/v2\/product_cat?post=1076848"},{"taxonomy":"product_tag","embeddable":true,"href":"https:\/\/stilanddesign.se\/en\/wp-json\/wp\/v2\/product_tag?post=1076848"}],"curies":[{"name":"wp","href":"https:\/\/api.w.org\/{rel}","templated":true}]}}