{"id":1076817,"date":"2026-05-07T19:51:09","date_gmt":"2026-05-07T17:51:09","guid":{"rendered":"https:\/\/stilanddesign.se\/?post_type=product&#038;p=1076817"},"modified":"2026-05-12T15:17:01","modified_gmt":"2026-05-12T13:17:01","slug":"%e2%9c%a8-stretchiga-jeans-i-ankelmodell","status":"publish","type":"product","link":"https:\/\/stilanddesign.se\/en\/product\/%e2%9c%a8-stretchiga-jeans-i-ankelmodell\/","title":{"rendered":"\u2728 Stretchy ankle-length jeans"},"content":{"rendered":"<p data-start=\"0\" data-end=\"36\"><strong data-start=\"0\" data-end=\"36\">\u2728 Stretchy ankle-length jeans<\/strong><\/p>\n<p data-start=\"38\" data-end=\"306\">\ud83d\udc56 Stylish jeans model with a slim fit<br data-start=\"76\" data-end=\"79\" \/>\ud83d\udcab Ankle length with trendy fringed edge at the bottom<br data-start=\"125\" data-end=\"128\" \/>\ud83c\udf3f Stretchy material that provides comfort and a nice fit<br data-start=\"188\" data-end=\"191\" \/>\ud83d\udd18 Classic model with button and zipper at the front<br data-start=\"241\" data-end=\"244\" \/>\ud83d\udc4c Perfect for sneakers, boots and summer sandals<\/p>\n<p data-start=\"308\" data-end=\"332\">\ud83c\udfa8 <strong data-start=\"311\" data-end=\"320\">Paint:<\/strong> Light denim<\/p>\n<p data-start=\"334\" data-end=\"406\">\ud83d\udccf <strong data-start=\"337\" data-end=\"349\">Size:<\/strong> S\u2013XL<br data-start=\"354\" data-end=\"357\" \/>\ud83d\udcd0 The model is approx. 164 cm tall and wears size S<\/p>\n<p data-start=\"408\" data-end=\"482\" data-is-last-node=\"\" data-is-only-node=\"\">\ud83e\uddf5 <strong data-start=\"411\" data-end=\"424\">Material:<\/strong> 94% cotton, 5% polyester, 1% elastane<br data-start=\"461\" data-end=\"464\" \/>\ud83e\udee7 <strong data-start=\"467\" data-end=\"477\">Laundry:<\/strong> 30\u00b0C<\/p>\n<p>&nbsp;<\/p>","protected":false},"excerpt":{"rendered":"<p data-start=\"0\" data-end=\"36\"><strong data-start=\"0\" data-end=\"36\">\u2728 Stretchy ankle-length jeans<\/strong><\/p>\n<p data-start=\"38\" data-end=\"306\">\ud83d\udc56 Stylish jeans model with a slim fit<br data-start=\"76\" data-end=\"79\" \/>\ud83d\udcab Ankle length with trendy fringed edge at the bottom<br data-start=\"125\" data-end=\"128\" \/>\ud83c\udf3f Stretchy material that provides comfort and a nice fit<br data-start=\"188\" data-end=\"191\" \/>\ud83d\udd18 Classic model with button and zipper at the front<br data-start=\"241\" data-end=\"244\" \/>\ud83d\udc4c Perfect for sneakers, boots and summer sandals<\/p>\n<p data-start=\"308\" data-end=\"332\">\ud83c\udfa8 <strong data-start=\"311\" data-end=\"320\">Paint:<\/strong> Light denim<\/p>\n<p data-start=\"334\" data-end=\"406\">\ud83d\udccf <strong data-start=\"337\" data-end=\"349\">Size:<\/strong> S\u2013XL<br data-start=\"354\" data-end=\"357\" \/>\ud83d\udcd0 The model is approx. 164 cm tall and wears size S<\/p>\n<p data-start=\"408\" data-end=\"482\" data-is-last-node=\"\" data-is-only-node=\"\">\ud83e\uddf5 <strong data-start=\"411\" data-end=\"424\">Material:<\/strong> 94% cotton, 5% polyester, 1% elastane<br data-start=\"461\" data-end=\"464\" \/>\ud83e\udee7 <strong data-start=\"467\" data-end=\"477\">Laundry:<\/strong> 30\u00b0C<\/p>\n<p>&nbsp;<\/p>","protected":false},"featured_media":1076814,"comment_status":"closed","ping_status":"closed","template":"","meta":[],"product_brand":[],"product_cat":[203,208,217],"product_tag":[],"class_list":{"0":"post-1076817","1":"product","2":"type-product","3":"status-publish","4":"has-post-thumbnail","6":"product_cat-byxor","7":"product_cat-jeans","8":"product_cat-produktnyheter","10":"first","11":"instock","12":"taxable","13":"shipping-taxable","14":"purchasable","15":"product-type-variable"},"yoast_head":"<!-- This site is optimized with the Yoast SEO Premium plugin v27.4 (Yoast SEO v27.6) - https:\/\/yoast.com\/product\/yoast-seo-premium-wordpress\/ -->\n<title>\u2728 Stretchiga jeans i ankelmodell - Stil &amp; Design<\/title>\n<meta name=\"robots\" content=\"index, follow, max-snippet:-1, max-image-preview:large, max-video-preview:-1\" \/>\n<link rel=\"canonical\" href=\"https:\/\/stilanddesign.se\/en\/product\/\u2728-stretchiga-jeans-i-ankelmodell\/\" \/>\n<meta property=\"og:locale\" content=\"en_US\" \/>\n<meta property=\"og:type\" content=\"article\" \/>\n<meta property=\"og:title\" content=\"\u2728 Stretchiga jeans i ankelmodell\" \/>\n<meta property=\"og:description\" content=\"\u2728 Stretchiga jeans i ankelmodell \ud83d\udc56 Snygg jeansmodell med smal passform\ud83d\udcab Ankell\u00e4ngd med trendig fransad kant nertill\ud83c\udf3f Stretchigt material som ger sk\u00f6n komfort och fin passform\ud83d\udd18 Klassisk modell med knapp och blixtl\u00e5s framtill\ud83d\udc4c Perfekta till b\u00e5de sneakers, boots och sommarens sandaler \ud83c\udfa8 F\u00e4rg: Ljusdenim \ud83d\udccf Storlek: S\u2013XL\ud83d\udcd0 Modellen \u00e4r ca 164 cm l\u00e5ng och b\u00e4r storlek S \ud83e\uddf5 Material: 94% bomull, 5% polyester, 1% elastan\ud83e\udee7 Tv\u00e4tt: 30\u00b0C &nbsp;\" \/>\n<meta property=\"og:url\" content=\"https:\/\/stilanddesign.se\/en\/product\/\u2728-stretchiga-jeans-i-ankelmodell\/\" \/>\n<meta property=\"og:site_name\" content=\"Stil &amp; Design\" \/>\n<meta property=\"article:modified_time\" content=\"2026-05-12T13:17:01+00:00\" \/>\n<meta property=\"og:image\" content=\"https:\/\/stilanddesign.se\/wp-content\/uploads\/2026\/05\/76765654444444444444444.jpeg\" \/>\n\t<meta property=\"og:image:width\" content=\"1440\" \/>\n\t<meta property=\"og:image:height\" content=\"1920\" \/>\n\t<meta property=\"og:image:type\" content=\"image\/jpeg\" \/>\n<meta name=\"twitter:card\" content=\"summary_large_image\" \/>\n<meta name=\"twitter:label1\" content=\"Est. reading time\" \/>\n\t<meta name=\"twitter:data1\" content=\"1 minute\" \/>\n<script type=\"application\/ld+json\" class=\"yoast-schema-graph\">{\"@context\":\"https:\\\/\\\/schema.org\",\"@graph\":[{\"@type\":\"WebPage\",\"@id\":\"https:\\\/\\\/stilanddesign.se\\\/produkt\\\/%e2%9c%a8-stretchiga-jeans-i-ankelmodell\\\/\",\"url\":\"https:\\\/\\\/stilanddesign.se\\\/produkt\\\/%e2%9c%a8-stretchiga-jeans-i-ankelmodell\\\/\",\"name\":\"\u2728 Stretchiga jeans i ankelmodell - Stil &amp; Design\",\"isPartOf\":{\"@id\":\"https:\\\/\\\/stilanddesign.se\\\/#website\"},\"primaryImageOfPage\":{\"@id\":\"https:\\\/\\\/stilanddesign.se\\\/produkt\\\/%e2%9c%a8-stretchiga-jeans-i-ankelmodell\\\/#primaryimage\"},\"image\":{\"@id\":\"https:\\\/\\\/stilanddesign.se\\\/produkt\\\/%e2%9c%a8-stretchiga-jeans-i-ankelmodell\\\/#primaryimage\"},\"thumbnailUrl\":\"https:\\\/\\\/stilanddesign.se\\\/wp-content\\\/uploads\\\/2026\\\/05\\\/76765654444444444444444.jpeg\",\"datePublished\":\"2026-05-07T17:51:09+00:00\",\"dateModified\":\"2026-05-12T13:17:01+00:00\",\"breadcrumb\":{\"@id\":\"https:\\\/\\\/stilanddesign.se\\\/produkt\\\/%e2%9c%a8-stretchiga-jeans-i-ankelmodell\\\/#breadcrumb\"},\"inLanguage\":\"en-US\",\"potentialAction\":[{\"@type\":\"ReadAction\",\"target\":[\"https:\\\/\\\/stilanddesign.se\\\/produkt\\\/%e2%9c%a8-stretchiga-jeans-i-ankelmodell\\\/\"]}]},{\"@type\":\"ImageObject\",\"inLanguage\":\"en-US\",\"@id\":\"https:\\\/\\\/stilanddesign.se\\\/produkt\\\/%e2%9c%a8-stretchiga-jeans-i-ankelmodell\\\/#primaryimage\",\"url\":\"https:\\\/\\\/stilanddesign.se\\\/wp-content\\\/uploads\\\/2026\\\/05\\\/76765654444444444444444.jpeg\",\"contentUrl\":\"https:\\\/\\\/stilanddesign.se\\\/wp-content\\\/uploads\\\/2026\\\/05\\\/76765654444444444444444.jpeg\",\"width\":1440,\"height\":1920,\"caption\":\"Stretchiga jeans i ankelmodell med fransad kant nertill\"},{\"@type\":\"BreadcrumbList\",\"@id\":\"https:\\\/\\\/stilanddesign.se\\\/produkt\\\/%e2%9c%a8-stretchiga-jeans-i-ankelmodell\\\/#breadcrumb\",\"itemListElement\":[{\"@type\":\"ListItem\",\"position\":1,\"name\":\"Hem\",\"item\":\"https:\\\/\\\/stilanddesign.se\\\/\"},{\"@type\":\"ListItem\",\"position\":2,\"name\":\"Butiken\",\"item\":\"https:\\\/\\\/stilanddesign.se\\\/butiken\\\/\"},{\"@type\":\"ListItem\",\"position\":3,\"name\":\"\u2728 Stretchiga jeans i ankelmodell\"}]},{\"@type\":\"WebSite\",\"@id\":\"https:\\\/\\\/stilanddesign.se\\\/#website\",\"url\":\"https:\\\/\\\/stilanddesign.se\\\/\",\"name\":\"Stil &amp; Design\",\"description\":\"F\u00f6r oss som \u00e4lskar mode!\",\"publisher\":{\"@id\":\"https:\\\/\\\/stilanddesign.se\\\/#organization\"},\"potentialAction\":[{\"@type\":\"SearchAction\",\"target\":{\"@type\":\"EntryPoint\",\"urlTemplate\":\"https:\\\/\\\/stilanddesign.se\\\/?s={search_term_string}\"},\"query-input\":{\"@type\":\"PropertyValueSpecification\",\"valueRequired\":true,\"valueName\":\"search_term_string\"}}],\"inLanguage\":\"en-US\"},{\"@type\":\"Organization\",\"@id\":\"https:\\\/\\\/stilanddesign.se\\\/#organization\",\"name\":\"Stil &amp; Design\",\"url\":\"https:\\\/\\\/stilanddesign.se\\\/\",\"logo\":{\"@type\":\"ImageObject\",\"inLanguage\":\"en-US\",\"@id\":\"https:\\\/\\\/stilanddesign.se\\\/#\\\/schema\\\/logo\\\/image\\\/\",\"url\":\"https:\\\/\\\/stilanddesign.se\\\/wp-content\\\/uploads\\\/2023\\\/12\\\/output-onlinepngtools-e1727784413220.png\",\"contentUrl\":\"https:\\\/\\\/stilanddesign.se\\\/wp-content\\\/uploads\\\/2023\\\/12\\\/output-onlinepngtools-e1727784413220.png\",\"width\":519,\"height\":135,\"caption\":\"Stil &amp; Design\"},\"image\":{\"@id\":\"https:\\\/\\\/stilanddesign.se\\\/#\\\/schema\\\/logo\\\/image\\\/\"}}]}<\/script>\n<!-- \/ Yoast SEO Premium plugin. -->","yoast_head_json":{"title":"\u2728 Stretchiga jeans i ankelmodell - Stil &amp; Design","robots":{"index":"index","follow":"follow","max-snippet":"max-snippet:-1","max-image-preview":"max-image-preview:large","max-video-preview":"max-video-preview:-1"},"canonical":"https:\/\/stilanddesign.se\/en\/product\/\u2728-stretchiga-jeans-i-ankelmodell\/","og_locale":"en_US","og_type":"article","og_title":"\u2728 Stretchiga jeans i ankelmodell","og_description":"\u2728 Stretchiga jeans i ankelmodell \ud83d\udc56 Snygg jeansmodell med smal passform\ud83d\udcab Ankell\u00e4ngd med trendig fransad kant nertill\ud83c\udf3f Stretchigt material som ger sk\u00f6n komfort och fin passform\ud83d\udd18 Klassisk modell med knapp och blixtl\u00e5s framtill\ud83d\udc4c Perfekta till b\u00e5de sneakers, boots och sommarens sandaler \ud83c\udfa8 F\u00e4rg: Ljusdenim \ud83d\udccf Storlek: S\u2013XL\ud83d\udcd0 Modellen \u00e4r ca 164 cm l\u00e5ng och b\u00e4r storlek S \ud83e\uddf5 Material: 94% bomull, 5% polyester, 1% elastan\ud83e\udee7 Tv\u00e4tt: 30\u00b0C &nbsp;","og_url":"https:\/\/stilanddesign.se\/en\/product\/\u2728-stretchiga-jeans-i-ankelmodell\/","og_site_name":"Stil &amp; Design","article_modified_time":"2026-05-12T13:17:01+00:00","og_image":[{"width":1440,"height":1920,"url":"https:\/\/stilanddesign.se\/wp-content\/uploads\/2026\/05\/76765654444444444444444.jpeg","type":"image\/jpeg"}],"twitter_card":"summary_large_image","twitter_misc":{"Est. reading time":"1 minute"},"schema":{"@context":"https:\/\/schema.org","@graph":[{"@type":"WebPage","@id":"https:\/\/stilanddesign.se\/produkt\/%e2%9c%a8-stretchiga-jeans-i-ankelmodell\/","url":"https:\/\/stilanddesign.se\/produkt\/%e2%9c%a8-stretchiga-jeans-i-ankelmodell\/","name":"\u2728 Stretchiga jeans i ankelmodell - Stil &amp; Design","isPartOf":{"@id":"https:\/\/stilanddesign.se\/#website"},"primaryImageOfPage":{"@id":"https:\/\/stilanddesign.se\/produkt\/%e2%9c%a8-stretchiga-jeans-i-ankelmodell\/#primaryimage"},"image":{"@id":"https:\/\/stilanddesign.se\/produkt\/%e2%9c%a8-stretchiga-jeans-i-ankelmodell\/#primaryimage"},"thumbnailUrl":"https:\/\/stilanddesign.se\/wp-content\/uploads\/2026\/05\/76765654444444444444444.jpeg","datePublished":"2026-05-07T17:51:09+00:00","dateModified":"2026-05-12T13:17:01+00:00","breadcrumb":{"@id":"https:\/\/stilanddesign.se\/produkt\/%e2%9c%a8-stretchiga-jeans-i-ankelmodell\/#breadcrumb"},"inLanguage":"en-US","potentialAction":[{"@type":"ReadAction","target":["https:\/\/stilanddesign.se\/produkt\/%e2%9c%a8-stretchiga-jeans-i-ankelmodell\/"]}]},{"@type":"ImageObject","inLanguage":"en-US","@id":"https:\/\/stilanddesign.se\/produkt\/%e2%9c%a8-stretchiga-jeans-i-ankelmodell\/#primaryimage","url":"https:\/\/stilanddesign.se\/wp-content\/uploads\/2026\/05\/76765654444444444444444.jpeg","contentUrl":"https:\/\/stilanddesign.se\/wp-content\/uploads\/2026\/05\/76765654444444444444444.jpeg","width":1440,"height":1920,"caption":"Stretchiga jeans i ankelmodell med fransad kant nertill"},{"@type":"BreadcrumbList","@id":"https:\/\/stilanddesign.se\/produkt\/%e2%9c%a8-stretchiga-jeans-i-ankelmodell\/#breadcrumb","itemListElement":[{"@type":"ListItem","position":1,"name":"Hem","item":"https:\/\/stilanddesign.se\/"},{"@type":"ListItem","position":2,"name":"Butiken","item":"https:\/\/stilanddesign.se\/butiken\/"},{"@type":"ListItem","position":3,"name":"\u2728 Stretchiga jeans i ankelmodell"}]},{"@type":"WebSite","@id":"https:\/\/stilanddesign.se\/#website","url":"https:\/\/stilanddesign.se\/","name":"Style &amp; Design","description":"For those of us who love fashion!","publisher":{"@id":"https:\/\/stilanddesign.se\/#organization"},"potentialAction":[{"@type":"SearchAction","target":{"@type":"EntryPoint","urlTemplate":"https:\/\/stilanddesign.se\/?s={search_term_string}"},"query-input":{"@type":"PropertyValueSpecification","valueRequired":true,"valueName":"search_term_string"}}],"inLanguage":"en-US"},{"@type":"Organization","@id":"https:\/\/stilanddesign.se\/#organization","name":"Style &amp; Design","url":"https:\/\/stilanddesign.se\/","logo":{"@type":"ImageObject","inLanguage":"en-US","@id":"https:\/\/stilanddesign.se\/#\/schema\/logo\/image\/","url":"https:\/\/stilanddesign.se\/wp-content\/uploads\/2023\/12\/output-onlinepngtools-e1727784413220.png","contentUrl":"https:\/\/stilanddesign.se\/wp-content\/uploads\/2023\/12\/output-onlinepngtools-e1727784413220.png","width":519,"height":135,"caption":"Stil &amp; Design"},"image":{"@id":"https:\/\/stilanddesign.se\/#\/schema\/logo\/image\/"}}]}},"_links":{"self":[{"href":"https:\/\/stilanddesign.se\/en\/wp-json\/wp\/v2\/product\/1076817","targetHints":{"allow":["GET"]}}],"collection":[{"href":"https:\/\/stilanddesign.se\/en\/wp-json\/wp\/v2\/product"}],"about":[{"href":"https:\/\/stilanddesign.se\/en\/wp-json\/wp\/v2\/types\/product"}],"replies":[{"embeddable":true,"href":"https:\/\/stilanddesign.se\/en\/wp-json\/wp\/v2\/comments?post=1076817"}],"wp:featuredmedia":[{"embeddable":true,"href":"https:\/\/stilanddesign.se\/en\/wp-json\/wp\/v2\/media\/1076814"}],"wp:attachment":[{"href":"https:\/\/stilanddesign.se\/en\/wp-json\/wp\/v2\/media?parent=1076817"}],"wp:term":[{"taxonomy":"product_brand","embeddable":true,"href":"https:\/\/stilanddesign.se\/en\/wp-json\/wp\/v2\/product_brand?post=1076817"},{"taxonomy":"product_cat","embeddable":true,"href":"https:\/\/stilanddesign.se\/en\/wp-json\/wp\/v2\/product_cat?post=1076817"},{"taxonomy":"product_tag","embeddable":true,"href":"https:\/\/stilanddesign.se\/en\/wp-json\/wp\/v2\/product_tag?post=1076817"}],"curies":[{"name":"wp","href":"https:\/\/api.w.org\/{rel}","templated":true}]}}