{"id":1076357,"date":"2026-05-10T07:35:29","date_gmt":"2026-05-10T05:35:29","guid":{"rendered":"https:\/\/stilanddesign.se\/?post_type=product&#038;p=1076357"},"modified":"2026-05-11T16:11:12","modified_gmt":"2026-05-11T14:11:12","slug":"%f0%9f%8c%bf-viskosklanning-med-halsband-fickor-stilren-luftig-%e2%9c%a8","status":"publish","type":"product","link":"https:\/\/stilanddesign.se\/en\/product\/%f0%9f%8c%bf-viskosklanning-med-halsband-fickor-stilren-luftig-%e2%9c%a8\/","title":{"rendered":"\ud83c\udf3f Viscose dress with necklace &amp; pockets \u2013 stylish &amp; airy \u2728"},"content":{"rendered":"<section class=\"text-token-text-primary w-full focus:outline-none [--shadow-height:45px] has-data-writing-block:pointer-events-none has-data-writing-block:-mt-(--shadow-height) has-data-writing-block:pt-(--shadow-height) [&amp;:has([data-writing-block])&gt;*]:pointer-events-auto R6Vx5W_threadScrollVars scroll-mb-[calc(var(--scroll-root-safe-area-inset-bottom,0px)+var(--thread-response-height))] scroll-mt-(--header-height)\" dir=\"auto\" data-turn-id=\"90c9dd31-080c-46aa-8950-bdb97e0bc8e1\" data-testid=\"conversation-turn-559\" data-scroll-anchor=\"false\" data-turn=\"user\"><\/section>\n<section class=\"text-token-text-primary w-full focus:outline-none [--shadow-height:45px] has-data-writing-block:pointer-events-none has-data-writing-block:-mt-(--shadow-height) has-data-writing-block:pt-(--shadow-height) [&amp;:has([data-writing-block])&gt;*]:pointer-events-auto [content-visibility:auto] supports-[content-visibility:auto]:[contain-intrinsic-size:auto_100lvh] R6Vx5W_threadScrollVars scroll-mb-[calc(var(--scroll-root-safe-area-inset-bottom,0px)+var(--thread-response-height))] scroll-mt-[calc(var(--header-height)+min(200px,max(70px,20svh)))]\" dir=\"auto\" data-turn-id=\"request-69c67431-7e34-8333-9a36-98c4a980f78b-36\" data-testid=\"conversation-turn-560\" data-scroll-anchor=\"false\" data-turn=\"assistant\">\n<div class=\"text-base my-auto mx-auto pb-10 [--thread-content-margin:var(--thread-content-margin-xs,calc(var(--spacing)*4))] @w-sm\/main:[--thread-content-margin:var(--thread-content-margin-sm,calc(var(--spacing)*6))] @w-lg\/main:[--thread-content-margin:var(--thread-content-margin-lg,calc(var(--spacing)*16))] px-(--thread-content-margin)\">\n<div class=\"[--thread-content-max-width:40rem] @w-lg\/main:[--thread-content-max-width:48rem] mx-auto max-w-(--thread-content-max-width) flex-1 group\/turn-messages focus-visible:outline-hidden relative flex w-full min-w-0 flex-col agent-turn\">\n<div class=\"flex max-w-full flex-col gap-4 grow\">\n<div class=\"min-h-8 text-message relative flex w-full flex-col items-end gap-2 text-start break-words whitespace-normal outline-none keyboard-focused:focus-ring [.text-message+&amp;]:mt-1\" dir=\"auto\" tabindex=\"0\" data-message-author-role=\"assistant\" data-message-id=\"71fa373b-7e53-4534-8189-9c5aeb9bc72c\" data-message-model-slug=\"gpt-5-3\" data-turn-start-message=\"true\">\n<div class=\"flex w-full flex-col gap-1 empty:hidden\">\n<div class=\"markdown prose dark:prose-invert w-full wrap-break-word light markdown-new-styling\">\n<p data-start=\"0\" data-end=\"66\">\ud83c\udf3f <strong data-start=\"3\" data-end=\"62\">Viskoskl\u00e4nning med halsband &amp; fickor \u2013 stilren &amp; luftig<\/strong> \u2728<\/p>\n<p data-start=\"68\" data-end=\"297\">\ud83d\udc57 L\u00e4tt och bekv\u00e4m kl\u00e4nning i mjuk viskos<br data-start=\"109\" data-end=\"112\" \/>\ud83d\udcab Avslappnad, luftig passform som faller fint<br data-start=\"158\" data-end=\"161\" \/>\ud83d\udc5c Praktiska fickor i sidan<br data-start=\"188\" data-end=\"191\" \/>\u2728 Enkel och stilren design som passar alla tillf\u00e4llen<br data-start=\"244\" data-end=\"247\" \/>\ud83d\udcff Matchande halsband ing\u00e5r f\u00f6r en komplett look<\/p>\n<p data-start=\"68\" data-end=\"297\">L\u00e4ngd fr\u00e5n axel och ner \u00e4r: 105 cm<\/p>\n<p data-start=\"299\" data-end=\"367\">\ud83c\udfa8 <strong data-start=\"302\" data-end=\"313\">F\u00e4rger:<\/strong> Beige, bl\u00e5, ljusbl\u00e5, taupe, svart, marin, kaki, vit<\/p>\n<p data-start=\"369\" data-end=\"431\">\ud83d\udccf <strong data-start=\"372\" data-end=\"384\">Storlek:<\/strong> One size (passar uppskattningsvis XS\u2013XL\/XXL)<\/p>\n<p data-start=\"433\" data-end=\"502\">\ud83e\uddf5 <strong data-start=\"436\" data-end=\"449\">Material:<\/strong> 100% viskos<br data-start=\"461\" data-end=\"464\" \/>\ud83e\udee7 <strong data-start=\"467\" data-end=\"477\">Tv\u00e4tt:<\/strong> F\u00f6lj plaggets tv\u00e4ttr\u00e5d<\/p>\n<p data-start=\"504\" data-end=\"615\">\ud83d\udc61 <strong data-start=\"507\" data-end=\"523\">Stylingtips:<\/strong> B\u00e4r med sandaler f\u00f6r en avslappnad sommarstil eller dressa upp med smycken och klackar \ud83d\udc95<\/p>\n<p data-start=\"617\" data-end=\"717\" data-is-last-node=\"\" data-is-only-node=\"\">\ud83d\udc96 En m\u00e5ngsidig kl\u00e4nning som kombinerar komfort och elegans \u2013 perfekt f\u00f6r b\u00e5de vardag och semester \u2728<\/p>\n<\/div>\n<\/div>\n<\/div>\n<\/div>\n<\/div>\n<\/div>\n<\/section>\n","protected":false},"excerpt":{"rendered":"<section class=\"text-token-text-primary w-full focus:outline-none [--shadow-height:45px] has-data-writing-block:pointer-events-none has-data-writing-block:-mt-(--shadow-height) has-data-writing-block:pt-(--shadow-height) [&amp;:has([data-writing-block])&gt;*]:pointer-events-auto R6Vx5W_threadScrollVars scroll-mb-[calc(var(--scroll-root-safe-area-inset-bottom,0px)+var(--thread-response-height))] scroll-mt-(--header-height)\" dir=\"auto\" data-turn-id=\"90c9dd31-080c-46aa-8950-bdb97e0bc8e1\" data-testid=\"conversation-turn-559\" data-scroll-anchor=\"false\" data-turn=\"user\"><\/section>\n<section class=\"text-token-text-primary w-full focus:outline-none [--shadow-height:45px] has-data-writing-block:pointer-events-none has-data-writing-block:-mt-(--shadow-height) has-data-writing-block:pt-(--shadow-height) [&amp;:has([data-writing-block])&gt;*]:pointer-events-auto [content-visibility:auto] supports-[content-visibility:auto]:[contain-intrinsic-size:auto_100lvh] R6Vx5W_threadScrollVars scroll-mb-[calc(var(--scroll-root-safe-area-inset-bottom,0px)+var(--thread-response-height))] scroll-mt-[calc(var(--header-height)+min(200px,max(70px,20svh)))]\" dir=\"auto\" data-turn-id=\"request-69c67431-7e34-8333-9a36-98c4a980f78b-36\" data-testid=\"conversation-turn-560\" data-scroll-anchor=\"false\" data-turn=\"assistant\">\n<div class=\"text-base my-auto mx-auto pb-10 [--thread-content-margin:var(--thread-content-margin-xs,calc(var(--spacing)*4))] @w-sm\/main:[--thread-content-margin:var(--thread-content-margin-sm,calc(var(--spacing)*6))] @w-lg\/main:[--thread-content-margin:var(--thread-content-margin-lg,calc(var(--spacing)*16))] px-(--thread-content-margin)\">\n<div class=\"[--thread-content-max-width:40rem] @w-lg\/main:[--thread-content-max-width:48rem] mx-auto max-w-(--thread-content-max-width) flex-1 group\/turn-messages focus-visible:outline-hidden relative flex w-full min-w-0 flex-col agent-turn\">\n<div class=\"flex max-w-full flex-col gap-4 grow\">\n<div class=\"min-h-8 text-message relative flex w-full flex-col items-end gap-2 text-start break-words whitespace-normal outline-none keyboard-focused:focus-ring [.text-message+&amp;]:mt-1\" dir=\"auto\" tabindex=\"0\" data-message-author-role=\"assistant\" data-message-id=\"71fa373b-7e53-4534-8189-9c5aeb9bc72c\" data-message-model-slug=\"gpt-5-3\" data-turn-start-message=\"true\">\n<div class=\"flex w-full flex-col gap-1 empty:hidden\">\n<div class=\"markdown prose dark:prose-invert w-full wrap-break-word light markdown-new-styling\">\n<p data-start=\"0\" data-end=\"66\">\ud83c\udf3f <strong data-start=\"3\" data-end=\"62\">Viskoskl\u00e4nning med halsband &amp; fickor \u2013 stilren &amp; luftig<\/strong> \u2728<\/p>\n<p data-start=\"68\" data-end=\"297\">\ud83d\udc57 L\u00e4tt och bekv\u00e4m kl\u00e4nning i mjuk viskos<br data-start=\"109\" data-end=\"112\" \/>\ud83d\udcab Avslappnad, luftig passform som faller fint<br data-start=\"158\" data-end=\"161\" \/>\ud83d\udc5c Praktiska fickor i sidan<br data-start=\"188\" data-end=\"191\" \/>\u2728 Enkel och stilren design som passar alla tillf\u00e4llen<br data-start=\"244\" data-end=\"247\" \/>\ud83d\udcff Matchande halsband ing\u00e5r f\u00f6r en komplett look<\/p>\n<p data-start=\"68\" data-end=\"297\">L\u00e4ngd fr\u00e5n axel och ner \u00e4r: 105 cm<\/p>\n<p data-start=\"299\" data-end=\"367\">\ud83c\udfa8 <strong data-start=\"302\" data-end=\"313\">F\u00e4rger:<\/strong> Beige, bl\u00e5, ljusbl\u00e5, taupe, svart, marin, kaki, vit<\/p>\n<p data-start=\"369\" data-end=\"431\">\ud83d\udccf <strong data-start=\"372\" data-end=\"384\">Storlek:<\/strong> One size (passar uppskattningsvis XS\u2013XL\/XXL)<\/p>\n<p data-start=\"433\" data-end=\"502\">\ud83e\uddf5 <strong data-start=\"436\" data-end=\"449\">Material:<\/strong> 100% viskos<br data-start=\"461\" data-end=\"464\" \/>\ud83e\udee7 <strong data-start=\"467\" data-end=\"477\">Tv\u00e4tt:<\/strong> F\u00f6lj plaggets tv\u00e4ttr\u00e5d<\/p>\n<p data-start=\"504\" data-end=\"615\">\ud83d\udc61 <strong data-start=\"507\" data-end=\"523\">Stylingtips:<\/strong> B\u00e4r med sandaler f\u00f6r en avslappnad sommarstil eller dressa upp med smycken och klackar \ud83d\udc95<\/p>\n<p data-start=\"617\" data-end=\"717\" data-is-last-node=\"\" data-is-only-node=\"\">\ud83d\udc96 En m\u00e5ngsidig kl\u00e4nning som kombinerar komfort och elegans \u2013 perfekt f\u00f6r b\u00e5de vardag och semester \u2728<\/p>\n<\/div>\n<\/div>\n<\/div>\n<\/div>\n<\/div>\n<\/div>\n<\/section>\n","protected":false},"featured_media":1077332,"comment_status":"closed","ping_status":"closed","template":"","meta":[],"product_brand":[],"product_cat":[215,217,209],"product_tag":[],"class_list":{"0":"post-1076357","1":"product","2":"type-product","3":"status-publish","4":"has-post-thumbnail","6":"product_cat-klanningar","7":"product_cat-produktnyheter","8":"product_cat-reaprodukter","10":"first","11":"instock","12":"sale","13":"taxable","14":"shipping-taxable","15":"purchasable","16":"product-type-variable"},"yoast_head":"<!-- This site is optimized with the Yoast SEO Premium plugin v27.4 (Yoast SEO v27.5) - https:\/\/yoast.com\/product\/yoast-seo-premium-wordpress\/ -->\n<title>\ud83c\udf3f Viskoskl\u00e4nning med halsband &amp; fickor \u2013 stilren &amp; luftig \u2728 - Stil &amp; Design<\/title>\n<meta name=\"robots\" content=\"index, follow, max-snippet:-1, max-image-preview:large, max-video-preview:-1\" \/>\n<link rel=\"canonical\" href=\"https:\/\/stilanddesign.se\/en\/product\/\ud83c\udf3f-viskosklanning-med-halsband-fickor-stilren-luftig-\u2728\/\" \/>\n<meta property=\"og:locale\" content=\"en_US\" \/>\n<meta property=\"og:type\" content=\"article\" \/>\n<meta property=\"og:title\" content=\"\ud83c\udf3f Viskoskl\u00e4nning med halsband &amp; fickor \u2013 stilren &amp; luftig \u2728\" \/>\n<meta property=\"og:description\" content=\"\ud83c\udf3f Viskoskl\u00e4nning med halsband &amp; fickor \u2013 stilren &amp; luftig \u2728 \ud83d\udc57 L\u00e4tt och bekv\u00e4m kl\u00e4nning i mjuk viskos\ud83d\udcab Avslappnad, luftig passform som faller fint\ud83d\udc5c Praktiska fickor i sidan\u2728 Enkel och stilren design som passar alla tillf\u00e4llen\ud83d\udcff Matchande halsband ing\u00e5r f\u00f6r en komplett look L\u00e4ngd fr\u00e5n axel och ner \u00e4r: 105 cm \ud83c\udfa8 F\u00e4rger: Beige, bl\u00e5, ljusbl\u00e5, taupe, svart, marin, kaki, vit \ud83d\udccf Storlek: One size (passar uppskattningsvis XS\u2013XL\/XXL) \ud83e\uddf5 Material: 100% viskos\ud83e\udee7 Tv\u00e4tt: F\u00f6lj plaggets tv\u00e4ttr\u00e5d \ud83d\udc61 Stylingtips: B\u00e4r med sandaler f\u00f6r en avslappnad sommarstil eller dressa upp med smycken och klackar \ud83d\udc95 \ud83d\udc96 En m\u00e5ngsidig kl\u00e4nning som kombinerar komfort och elegans \u2013 perfekt f\u00f6r b\u00e5de vardag och semester \u2728\" \/>\n<meta property=\"og:url\" content=\"https:\/\/stilanddesign.se\/en\/product\/\ud83c\udf3f-viskosklanning-med-halsband-fickor-stilren-luftig-\u2728\/\" \/>\n<meta property=\"og:site_name\" content=\"Stil &amp; Design\" \/>\n<meta property=\"article:modified_time\" content=\"2026-05-11T14:11:12+00:00\" \/>\n<meta property=\"og:image\" content=\"https:\/\/stilanddesign.se\/wp-content\/uploads\/2026\/05\/IMG_8944-scaled.jpeg\" \/>\n\t<meta property=\"og:image:width\" content=\"1673\" \/>\n\t<meta property=\"og:image:height\" content=\"2560\" \/>\n\t<meta property=\"og:image:type\" content=\"image\/jpeg\" \/>\n<meta name=\"twitter:card\" content=\"summary_large_image\" \/>\n<meta name=\"twitter:label1\" content=\"Est. reading time\" \/>\n\t<meta name=\"twitter:data1\" content=\"1 minute\" \/>\n<script type=\"application\/ld+json\" class=\"yoast-schema-graph\">{\"@context\":\"https:\\\/\\\/schema.org\",\"@graph\":[{\"@type\":\"WebPage\",\"@id\":\"https:\\\/\\\/stilanddesign.se\\\/produkt\\\/%f0%9f%8c%bf-viskosklanning-med-halsband-fickor-stilren-luftig-%e2%9c%a8\\\/\",\"url\":\"https:\\\/\\\/stilanddesign.se\\\/produkt\\\/%f0%9f%8c%bf-viskosklanning-med-halsband-fickor-stilren-luftig-%e2%9c%a8\\\/\",\"name\":\"\ud83c\udf3f Viskoskl\u00e4nning med halsband & fickor \u2013 stilren & luftig \u2728 - Stil &amp; Design\",\"isPartOf\":{\"@id\":\"https:\\\/\\\/stilanddesign.se\\\/#website\"},\"primaryImageOfPage\":{\"@id\":\"https:\\\/\\\/stilanddesign.se\\\/produkt\\\/%f0%9f%8c%bf-viskosklanning-med-halsband-fickor-stilren-luftig-%e2%9c%a8\\\/#primaryimage\"},\"image\":{\"@id\":\"https:\\\/\\\/stilanddesign.se\\\/produkt\\\/%f0%9f%8c%bf-viskosklanning-med-halsband-fickor-stilren-luftig-%e2%9c%a8\\\/#primaryimage\"},\"thumbnailUrl\":\"https:\\\/\\\/stilanddesign.se\\\/wp-content\\\/uploads\\\/2026\\\/05\\\/IMG_8944-scaled.jpeg\",\"datePublished\":\"2026-05-10T05:35:29+00:00\",\"dateModified\":\"2026-05-11T14:11:12+00:00\",\"breadcrumb\":{\"@id\":\"https:\\\/\\\/stilanddesign.se\\\/produkt\\\/%f0%9f%8c%bf-viskosklanning-med-halsband-fickor-stilren-luftig-%e2%9c%a8\\\/#breadcrumb\"},\"inLanguage\":\"en-US\",\"potentialAction\":[{\"@type\":\"ReadAction\",\"target\":[\"https:\\\/\\\/stilanddesign.se\\\/produkt\\\/%f0%9f%8c%bf-viskosklanning-med-halsband-fickor-stilren-luftig-%e2%9c%a8\\\/\"]}]},{\"@type\":\"ImageObject\",\"inLanguage\":\"en-US\",\"@id\":\"https:\\\/\\\/stilanddesign.se\\\/produkt\\\/%f0%9f%8c%bf-viskosklanning-med-halsband-fickor-stilren-luftig-%e2%9c%a8\\\/#primaryimage\",\"url\":\"https:\\\/\\\/stilanddesign.se\\\/wp-content\\\/uploads\\\/2026\\\/05\\\/IMG_8944-scaled.jpeg\",\"contentUrl\":\"https:\\\/\\\/stilanddesign.se\\\/wp-content\\\/uploads\\\/2026\\\/05\\\/IMG_8944-scaled.jpeg\",\"width\":1673,\"height\":2560},{\"@type\":\"BreadcrumbList\",\"@id\":\"https:\\\/\\\/stilanddesign.se\\\/produkt\\\/%f0%9f%8c%bf-viskosklanning-med-halsband-fickor-stilren-luftig-%e2%9c%a8\\\/#breadcrumb\",\"itemListElement\":[{\"@type\":\"ListItem\",\"position\":1,\"name\":\"Hem\",\"item\":\"https:\\\/\\\/stilanddesign.se\\\/\"},{\"@type\":\"ListItem\",\"position\":2,\"name\":\"Butiken\",\"item\":\"https:\\\/\\\/stilanddesign.se\\\/butiken\\\/\"},{\"@type\":\"ListItem\",\"position\":3,\"name\":\"\ud83c\udf3f Viskoskl\u00e4nning med halsband &#038; fickor \u2013 stilren &#038; luftig \u2728\"}]},{\"@type\":\"WebSite\",\"@id\":\"https:\\\/\\\/stilanddesign.se\\\/#website\",\"url\":\"https:\\\/\\\/stilanddesign.se\\\/\",\"name\":\"Stil &amp; Design\",\"description\":\"F\u00f6r oss som \u00e4lskar mode!\",\"publisher\":{\"@id\":\"https:\\\/\\\/stilanddesign.se\\\/#organization\"},\"potentialAction\":[{\"@type\":\"SearchAction\",\"target\":{\"@type\":\"EntryPoint\",\"urlTemplate\":\"https:\\\/\\\/stilanddesign.se\\\/?s={search_term_string}\"},\"query-input\":{\"@type\":\"PropertyValueSpecification\",\"valueRequired\":true,\"valueName\":\"search_term_string\"}}],\"inLanguage\":\"en-US\"},{\"@type\":\"Organization\",\"@id\":\"https:\\\/\\\/stilanddesign.se\\\/#organization\",\"name\":\"Stil &amp; Design\",\"url\":\"https:\\\/\\\/stilanddesign.se\\\/\",\"logo\":{\"@type\":\"ImageObject\",\"inLanguage\":\"en-US\",\"@id\":\"https:\\\/\\\/stilanddesign.se\\\/#\\\/schema\\\/logo\\\/image\\\/\",\"url\":\"https:\\\/\\\/stilanddesign.se\\\/wp-content\\\/uploads\\\/2023\\\/12\\\/output-onlinepngtools-e1727784413220.png\",\"contentUrl\":\"https:\\\/\\\/stilanddesign.se\\\/wp-content\\\/uploads\\\/2023\\\/12\\\/output-onlinepngtools-e1727784413220.png\",\"width\":519,\"height\":135,\"caption\":\"Stil &amp; Design\"},\"image\":{\"@id\":\"https:\\\/\\\/stilanddesign.se\\\/#\\\/schema\\\/logo\\\/image\\\/\"}}]}<\/script>\n<!-- \/ Yoast SEO Premium plugin. -->","yoast_head_json":{"title":"\ud83c\udf3f Viskoskl\u00e4nning med halsband & fickor \u2013 stilren & luftig \u2728 - Stil &amp; Design","robots":{"index":"index","follow":"follow","max-snippet":"max-snippet:-1","max-image-preview":"max-image-preview:large","max-video-preview":"max-video-preview:-1"},"canonical":"https:\/\/stilanddesign.se\/en\/product\/\ud83c\udf3f-viskosklanning-med-halsband-fickor-stilren-luftig-\u2728\/","og_locale":"en_US","og_type":"article","og_title":"\ud83c\udf3f Viskoskl\u00e4nning med halsband & fickor \u2013 stilren & luftig \u2728","og_description":"\ud83c\udf3f Viskoskl\u00e4nning med halsband &amp; fickor \u2013 stilren &amp; luftig \u2728 \ud83d\udc57 L\u00e4tt och bekv\u00e4m kl\u00e4nning i mjuk viskos\ud83d\udcab Avslappnad, luftig passform som faller fint\ud83d\udc5c Praktiska fickor i sidan\u2728 Enkel och stilren design som passar alla tillf\u00e4llen\ud83d\udcff Matchande halsband ing\u00e5r f\u00f6r en komplett look L\u00e4ngd fr\u00e5n axel och ner \u00e4r: 105 cm \ud83c\udfa8 F\u00e4rger: Beige, bl\u00e5, ljusbl\u00e5, taupe, svart, marin, kaki, vit \ud83d\udccf Storlek: One size (passar uppskattningsvis XS\u2013XL\/XXL) \ud83e\uddf5 Material: 100% viskos\ud83e\udee7 Tv\u00e4tt: F\u00f6lj plaggets tv\u00e4ttr\u00e5d \ud83d\udc61 Stylingtips: B\u00e4r med sandaler f\u00f6r en avslappnad sommarstil eller dressa upp med smycken och klackar \ud83d\udc95 \ud83d\udc96 En m\u00e5ngsidig kl\u00e4nning som kombinerar komfort och elegans \u2013 perfekt f\u00f6r b\u00e5de vardag och semester \u2728","og_url":"https:\/\/stilanddesign.se\/en\/product\/\ud83c\udf3f-viskosklanning-med-halsband-fickor-stilren-luftig-\u2728\/","og_site_name":"Stil &amp; Design","article_modified_time":"2026-05-11T14:11:12+00:00","og_image":[{"width":1673,"height":2560,"url":"https:\/\/stilanddesign.se\/wp-content\/uploads\/2026\/05\/IMG_8944-scaled.jpeg","type":"image\/jpeg"}],"twitter_card":"summary_large_image","twitter_misc":{"Est. reading time":"1 minute"},"schema":{"@context":"https:\/\/schema.org","@graph":[{"@type":"WebPage","@id":"https:\/\/stilanddesign.se\/produkt\/%f0%9f%8c%bf-viskosklanning-med-halsband-fickor-stilren-luftig-%e2%9c%a8\/","url":"https:\/\/stilanddesign.se\/produkt\/%f0%9f%8c%bf-viskosklanning-med-halsband-fickor-stilren-luftig-%e2%9c%a8\/","name":"\ud83c\udf3f Viskoskl\u00e4nning med halsband & fickor \u2013 stilren & luftig \u2728 - Stil &amp; Design","isPartOf":{"@id":"https:\/\/stilanddesign.se\/#website"},"primaryImageOfPage":{"@id":"https:\/\/stilanddesign.se\/produkt\/%f0%9f%8c%bf-viskosklanning-med-halsband-fickor-stilren-luftig-%e2%9c%a8\/#primaryimage"},"image":{"@id":"https:\/\/stilanddesign.se\/produkt\/%f0%9f%8c%bf-viskosklanning-med-halsband-fickor-stilren-luftig-%e2%9c%a8\/#primaryimage"},"thumbnailUrl":"https:\/\/stilanddesign.se\/wp-content\/uploads\/2026\/05\/IMG_8944-scaled.jpeg","datePublished":"2026-05-10T05:35:29+00:00","dateModified":"2026-05-11T14:11:12+00:00","breadcrumb":{"@id":"https:\/\/stilanddesign.se\/produkt\/%f0%9f%8c%bf-viskosklanning-med-halsband-fickor-stilren-luftig-%e2%9c%a8\/#breadcrumb"},"inLanguage":"en-US","potentialAction":[{"@type":"ReadAction","target":["https:\/\/stilanddesign.se\/produkt\/%f0%9f%8c%bf-viskosklanning-med-halsband-fickor-stilren-luftig-%e2%9c%a8\/"]}]},{"@type":"ImageObject","inLanguage":"en-US","@id":"https:\/\/stilanddesign.se\/produkt\/%f0%9f%8c%bf-viskosklanning-med-halsband-fickor-stilren-luftig-%e2%9c%a8\/#primaryimage","url":"https:\/\/stilanddesign.se\/wp-content\/uploads\/2026\/05\/IMG_8944-scaled.jpeg","contentUrl":"https:\/\/stilanddesign.se\/wp-content\/uploads\/2026\/05\/IMG_8944-scaled.jpeg","width":1673,"height":2560},{"@type":"BreadcrumbList","@id":"https:\/\/stilanddesign.se\/produkt\/%f0%9f%8c%bf-viskosklanning-med-halsband-fickor-stilren-luftig-%e2%9c%a8\/#breadcrumb","itemListElement":[{"@type":"ListItem","position":1,"name":"Hem","item":"https:\/\/stilanddesign.se\/"},{"@type":"ListItem","position":2,"name":"Butiken","item":"https:\/\/stilanddesign.se\/butiken\/"},{"@type":"ListItem","position":3,"name":"\ud83c\udf3f Viskoskl\u00e4nning med halsband &#038; fickor \u2013 stilren &#038; luftig \u2728"}]},{"@type":"WebSite","@id":"https:\/\/stilanddesign.se\/#website","url":"https:\/\/stilanddesign.se\/","name":"Style &amp; Design","description":"For those of us who love fashion!","publisher":{"@id":"https:\/\/stilanddesign.se\/#organization"},"potentialAction":[{"@type":"SearchAction","target":{"@type":"EntryPoint","urlTemplate":"https:\/\/stilanddesign.se\/?s={search_term_string}"},"query-input":{"@type":"PropertyValueSpecification","valueRequired":true,"valueName":"search_term_string"}}],"inLanguage":"en-US"},{"@type":"Organization","@id":"https:\/\/stilanddesign.se\/#organization","name":"Style &amp; Design","url":"https:\/\/stilanddesign.se\/","logo":{"@type":"ImageObject","inLanguage":"en-US","@id":"https:\/\/stilanddesign.se\/#\/schema\/logo\/image\/","url":"https:\/\/stilanddesign.se\/wp-content\/uploads\/2023\/12\/output-onlinepngtools-e1727784413220.png","contentUrl":"https:\/\/stilanddesign.se\/wp-content\/uploads\/2023\/12\/output-onlinepngtools-e1727784413220.png","width":519,"height":135,"caption":"Stil &amp; Design"},"image":{"@id":"https:\/\/stilanddesign.se\/#\/schema\/logo\/image\/"}}]}},"_links":{"self":[{"href":"https:\/\/stilanddesign.se\/en\/wp-json\/wp\/v2\/product\/1076357","targetHints":{"allow":["GET"]}}],"collection":[{"href":"https:\/\/stilanddesign.se\/en\/wp-json\/wp\/v2\/product"}],"about":[{"href":"https:\/\/stilanddesign.se\/en\/wp-json\/wp\/v2\/types\/product"}],"replies":[{"embeddable":true,"href":"https:\/\/stilanddesign.se\/en\/wp-json\/wp\/v2\/comments?post=1076357"}],"wp:featuredmedia":[{"embeddable":true,"href":"https:\/\/stilanddesign.se\/en\/wp-json\/wp\/v2\/media\/1077332"}],"wp:attachment":[{"href":"https:\/\/stilanddesign.se\/en\/wp-json\/wp\/v2\/media?parent=1076357"}],"wp:term":[{"taxonomy":"product_brand","embeddable":true,"href":"https:\/\/stilanddesign.se\/en\/wp-json\/wp\/v2\/product_brand?post=1076357"},{"taxonomy":"product_cat","embeddable":true,"href":"https:\/\/stilanddesign.se\/en\/wp-json\/wp\/v2\/product_cat?post=1076357"},{"taxonomy":"product_tag","embeddable":true,"href":"https:\/\/stilanddesign.se\/en\/wp-json\/wp\/v2\/product_tag?post=1076357"}],"curies":[{"name":"wp","href":"https:\/\/api.w.org\/{rel}","templated":true}]}}