{"id":1076137,"date":"2026-05-04T15:37:41","date_gmt":"2026-05-04T13:37:41","guid":{"rendered":"https:\/\/stilanddesign.se\/?post_type=product&#038;p=1076137"},"modified":"2026-05-05T10:37:18","modified_gmt":"2026-05-05T08:37:18","slug":"%f0%9f%8c%b8-rosablommig-klanning-somrig-feminin-%e2%9c%a8","status":"publish","type":"product","link":"https:\/\/stilanddesign.se\/en\/product\/%f0%9f%8c%b8-rosablommig-klanning-somrig-feminin-%e2%9c%a8\/","title":{"rendered":"\ud83c\udf38 Pink floral dress \u2013 summery &amp; feminine \u2728"},"content":{"rendered":"<p data-start=\"0\" data-end=\"50\">\ud83c\udf38 <strong data-start=\"3\" data-end=\"46\">Rosablommig kl\u00e4nning \u2013 somrig &amp; feminin<\/strong> \u2728<\/p>\n<p data-start=\"52\" data-end=\"323\">\ud83c\udf3f Vackert blomm\u00f6nster i rosa, beige och gr\u00f6na toner p\u00e5 vit botten<br data-start=\"118\" data-end=\"121\" \/>\ud83d\udc57 \u00c4rml\u00f6s modell som k\u00e4nns sval och luftig<br data-start=\"163\" data-end=\"166\" \/>\ud83d\udcab Smickrande V-ringning framtill<br data-start=\"199\" data-end=\"202\" \/>\u2728 Fint volangavslut nertill som ger ett mjukt och romantiskt fall<br data-start=\"267\" data-end=\"270\" \/>\ud83d\udc4c Perfekt f\u00f6r b\u00e5de vardag och sommarens tillf\u00e4llen<\/p>\n<p data-start=\"325\" data-end=\"417\">\ud83d\udccf <strong data-start=\"328\" data-end=\"340\">Size:<\/strong> One size (fits approx. size 34\u201342)<br data-start=\"371\" data-end=\"374\" \/>\ud83d\udcd0 <strong data-start=\"377\" data-end=\"387\">Length:<\/strong> ca 103 cm fr\u00e5n axel och ner<\/p>\n<p data-start=\"419\" data-end=\"502\">\ud83e\uddf5 <strong data-start=\"422\" data-end=\"435\">Material:<\/strong><br data-start=\"435\" data-end=\"438\" \/>\u2013 Yttertyg: 100% bomull<br data-start=\"461\" data-end=\"464\" \/>\u2013 Innerlinne: 95% viskos, 5% elastan<\/p>\n<p data-start=\"504\" data-end=\"542\">\ud83e\udee7 <strong data-start=\"507\" data-end=\"517\">Laundry:<\/strong> F\u00f6lj plaggets tv\u00e4ttr\u00e5d<\/p>\n<p data-start=\"544\" data-end=\"652\">\ud83d\udc61 <strong data-start=\"547\" data-end=\"563\">Styling tips:<\/strong> Matcha med sandaler f\u00f6r en avslappnad look eller klackar f\u00f6r en mer uppkl\u00e4dd k\u00e4nsla \ud83d\udc95<\/p>\n<p data-start=\"654\" data-end=\"725\" data-is-last-node=\"\" data-is-only-node=\"\">\ud83d\udc96 En l\u00e4tt och somrig kl\u00e4nning som ger en fr\u00e4sch och romantisk stil \ud83c\udf38\u2728<\/p>\n<p>&nbsp;<\/p>","protected":false},"excerpt":{"rendered":"<p data-start=\"0\" data-end=\"50\">\ud83c\udf38 <strong data-start=\"3\" data-end=\"46\">Rosablommig kl\u00e4nning \u2013 somrig &amp; feminin<\/strong> \u2728<\/p>\n<p data-start=\"52\" data-end=\"323\">\ud83c\udf3f Vackert blomm\u00f6nster i rosa, beige och gr\u00f6na toner p\u00e5 vit botten<br data-start=\"118\" data-end=\"121\" \/>\ud83d\udc57 \u00c4rml\u00f6s modell som k\u00e4nns sval och luftig<br data-start=\"163\" data-end=\"166\" \/>\ud83d\udcab Smickrande V-ringning framtill<br data-start=\"199\" data-end=\"202\" \/>\u2728 Fint volangavslut nertill som ger ett mjukt och romantiskt fall<br data-start=\"267\" data-end=\"270\" \/>\ud83d\udc4c Perfekt f\u00f6r b\u00e5de vardag och sommarens tillf\u00e4llen<\/p>\n<p data-start=\"325\" data-end=\"417\">\ud83d\udccf <strong data-start=\"328\" data-end=\"340\">Size:<\/strong> One size (fits approx. size 34\u201342)<br data-start=\"371\" data-end=\"374\" \/>\ud83d\udcd0 <strong data-start=\"377\" data-end=\"387\">Length:<\/strong> ca 103 cm fr\u00e5n axel och ner<\/p>\n<p data-start=\"419\" data-end=\"502\">\ud83e\uddf5 <strong data-start=\"422\" data-end=\"435\">Material:<\/strong><br data-start=\"435\" data-end=\"438\" \/>\u2013 Yttertyg: 100% bomull<br data-start=\"461\" data-end=\"464\" \/>\u2013 Innerlinne: 95% viskos, 5% elastan<\/p>\n<p data-start=\"504\" data-end=\"542\">\ud83e\udee7 <strong data-start=\"507\" data-end=\"517\">Laundry:<\/strong> F\u00f6lj plaggets tv\u00e4ttr\u00e5d<\/p>\n<p data-start=\"544\" data-end=\"652\">\ud83d\udc61 <strong data-start=\"547\" data-end=\"563\">Styling tips:<\/strong> Matcha med sandaler f\u00f6r en avslappnad look eller klackar f\u00f6r en mer uppkl\u00e4dd k\u00e4nsla \ud83d\udc95<\/p>\n<p data-start=\"654\" data-end=\"725\" data-is-last-node=\"\" data-is-only-node=\"\">\ud83d\udc96 En l\u00e4tt och somrig kl\u00e4nning som ger en fr\u00e4sch och romantisk stil \ud83c\udf38\u2728<\/p>","protected":false},"featured_media":1076135,"comment_status":"closed","ping_status":"closed","template":"","meta":[],"product_brand":[],"product_cat":[215,217],"product_tag":[],"class_list":{"0":"post-1076137","1":"product","2":"type-product","3":"status-publish","4":"has-post-thumbnail","6":"product_cat-klanningar","7":"product_cat-produktnyheter","9":"first","10":"instock","11":"taxable","12":"shipping-taxable","13":"purchasable","14":"product-type-variable"},"yoast_head":"<!-- This site is optimized with the Yoast SEO Premium plugin v27.4 (Yoast SEO v27.5) - https:\/\/yoast.com\/product\/yoast-seo-premium-wordpress\/ -->\n<title>\ud83c\udf38 Rosablommig kl\u00e4nning \u2013 somrig &amp; feminin \u2728 - Stil &amp; Design<\/title>\n<meta name=\"robots\" content=\"index, follow, max-snippet:-1, max-image-preview:large, max-video-preview:-1\" \/>\n<link rel=\"canonical\" href=\"https:\/\/stilanddesign.se\/en\/product\/\ud83c\udf38-rosablommig-klanning-somrig-feminin-\u2728\/\" \/>\n<meta property=\"og:locale\" content=\"en_US\" \/>\n<meta property=\"og:type\" content=\"article\" \/>\n<meta property=\"og:title\" content=\"\ud83c\udf38 Rosablommig kl\u00e4nning \u2013 somrig &amp; feminin \u2728\" \/>\n<meta property=\"og:description\" content=\"\ud83c\udf38 Rosablommig kl\u00e4nning \u2013 somrig &amp; feminin \u2728 \ud83c\udf3f Vackert blomm\u00f6nster i rosa, beige och gr\u00f6na toner p\u00e5 vit botten\ud83d\udc57 \u00c4rml\u00f6s modell som k\u00e4nns sval och luftig\ud83d\udcab Smickrande V-ringning framtill\u2728 Fint volangavslut nertill som ger ett mjukt och romantiskt fall\ud83d\udc4c Perfekt f\u00f6r b\u00e5de vardag och sommarens tillf\u00e4llen \ud83d\udccf Storlek: One size (passar ca stl 34\u201342)\ud83d\udcd0 L\u00e4ngd: ca 103 cm fr\u00e5n axel och ner \ud83e\uddf5 Material:\u2013 Yttertyg: 100% bomull\u2013 Innerlinne: 95% viskos, 5% elastan \ud83e\udee7 Tv\u00e4tt: F\u00f6lj plaggets tv\u00e4ttr\u00e5d \ud83d\udc61 Stylingtips: Matcha med sandaler f\u00f6r en avslappnad look eller klackar f\u00f6r en mer uppkl\u00e4dd k\u00e4nsla \ud83d\udc95 \ud83d\udc96 En l\u00e4tt och somrig kl\u00e4nning som ger en fr\u00e4sch och romantisk stil \ud83c\udf38\u2728\" \/>\n<meta property=\"og:url\" content=\"https:\/\/stilanddesign.se\/en\/product\/\ud83c\udf38-rosablommig-klanning-somrig-feminin-\u2728\/\" \/>\n<meta property=\"og:site_name\" content=\"Stil &amp; Design\" \/>\n<meta property=\"article:modified_time\" content=\"2026-05-05T08:37:18+00:00\" \/>\n<meta property=\"og:image\" content=\"https:\/\/stilanddesign.se\/wp-content\/uploads\/2026\/05\/8788954455.png\" \/>\n\t<meta property=\"og:image:width\" content=\"480\" \/>\n\t<meta property=\"og:image:height\" content=\"640\" \/>\n\t<meta property=\"og:image:type\" content=\"image\/png\" \/>\n<meta name=\"twitter:card\" content=\"summary_large_image\" \/>\n<meta name=\"twitter:label1\" content=\"Est. reading time\" \/>\n\t<meta name=\"twitter:data1\" content=\"1 minute\" \/>\n<script type=\"application\/ld+json\" class=\"yoast-schema-graph\">{\"@context\":\"https:\\\/\\\/schema.org\",\"@graph\":[{\"@type\":\"WebPage\",\"@id\":\"https:\\\/\\\/stilanddesign.se\\\/produkt\\\/%f0%9f%8c%b8-rosablommig-klanning-somrig-feminin-%e2%9c%a8\\\/\",\"url\":\"https:\\\/\\\/stilanddesign.se\\\/produkt\\\/%f0%9f%8c%b8-rosablommig-klanning-somrig-feminin-%e2%9c%a8\\\/\",\"name\":\"\ud83c\udf38 Rosablommig kl\u00e4nning \u2013 somrig & feminin \u2728 - Stil &amp; Design\",\"isPartOf\":{\"@id\":\"https:\\\/\\\/stilanddesign.se\\\/#website\"},\"primaryImageOfPage\":{\"@id\":\"https:\\\/\\\/stilanddesign.se\\\/produkt\\\/%f0%9f%8c%b8-rosablommig-klanning-somrig-feminin-%e2%9c%a8\\\/#primaryimage\"},\"image\":{\"@id\":\"https:\\\/\\\/stilanddesign.se\\\/produkt\\\/%f0%9f%8c%b8-rosablommig-klanning-somrig-feminin-%e2%9c%a8\\\/#primaryimage\"},\"thumbnailUrl\":\"https:\\\/\\\/stilanddesign.se\\\/wp-content\\\/uploads\\\/2026\\\/05\\\/8788954455.png\",\"datePublished\":\"2026-05-04T13:37:41+00:00\",\"dateModified\":\"2026-05-05T08:37:18+00:00\",\"breadcrumb\":{\"@id\":\"https:\\\/\\\/stilanddesign.se\\\/produkt\\\/%f0%9f%8c%b8-rosablommig-klanning-somrig-feminin-%e2%9c%a8\\\/#breadcrumb\"},\"inLanguage\":\"en-US\",\"potentialAction\":[{\"@type\":\"ReadAction\",\"target\":[\"https:\\\/\\\/stilanddesign.se\\\/produkt\\\/%f0%9f%8c%b8-rosablommig-klanning-somrig-feminin-%e2%9c%a8\\\/\"]}]},{\"@type\":\"ImageObject\",\"inLanguage\":\"en-US\",\"@id\":\"https:\\\/\\\/stilanddesign.se\\\/produkt\\\/%f0%9f%8c%b8-rosablommig-klanning-somrig-feminin-%e2%9c%a8\\\/#primaryimage\",\"url\":\"https:\\\/\\\/stilanddesign.se\\\/wp-content\\\/uploads\\\/2026\\\/05\\\/8788954455.png\",\"contentUrl\":\"https:\\\/\\\/stilanddesign.se\\\/wp-content\\\/uploads\\\/2026\\\/05\\\/8788954455.png\",\"width\":480,\"height\":640,\"caption\":\"Fin rosablommig \u00e4rml\u00f6s kl\u00e4nning\"},{\"@type\":\"BreadcrumbList\",\"@id\":\"https:\\\/\\\/stilanddesign.se\\\/produkt\\\/%f0%9f%8c%b8-rosablommig-klanning-somrig-feminin-%e2%9c%a8\\\/#breadcrumb\",\"itemListElement\":[{\"@type\":\"ListItem\",\"position\":1,\"name\":\"Hem\",\"item\":\"https:\\\/\\\/stilanddesign.se\\\/\"},{\"@type\":\"ListItem\",\"position\":2,\"name\":\"Butiken\",\"item\":\"https:\\\/\\\/stilanddesign.se\\\/butiken\\\/\"},{\"@type\":\"ListItem\",\"position\":3,\"name\":\"\ud83c\udf38 Rosablommig kl\u00e4nning \u2013 somrig &#038; feminin \u2728\"}]},{\"@type\":\"WebSite\",\"@id\":\"https:\\\/\\\/stilanddesign.se\\\/#website\",\"url\":\"https:\\\/\\\/stilanddesign.se\\\/\",\"name\":\"Stil &amp; Design\",\"description\":\"F\u00f6r oss som \u00e4lskar mode!\",\"publisher\":{\"@id\":\"https:\\\/\\\/stilanddesign.se\\\/#organization\"},\"potentialAction\":[{\"@type\":\"SearchAction\",\"target\":{\"@type\":\"EntryPoint\",\"urlTemplate\":\"https:\\\/\\\/stilanddesign.se\\\/?s={search_term_string}\"},\"query-input\":{\"@type\":\"PropertyValueSpecification\",\"valueRequired\":true,\"valueName\":\"search_term_string\"}}],\"inLanguage\":\"en-US\"},{\"@type\":\"Organization\",\"@id\":\"https:\\\/\\\/stilanddesign.se\\\/#organization\",\"name\":\"Stil &amp; Design\",\"url\":\"https:\\\/\\\/stilanddesign.se\\\/\",\"logo\":{\"@type\":\"ImageObject\",\"inLanguage\":\"en-US\",\"@id\":\"https:\\\/\\\/stilanddesign.se\\\/#\\\/schema\\\/logo\\\/image\\\/\",\"url\":\"https:\\\/\\\/stilanddesign.se\\\/wp-content\\\/uploads\\\/2023\\\/12\\\/output-onlinepngtools-e1727784413220.png\",\"contentUrl\":\"https:\\\/\\\/stilanddesign.se\\\/wp-content\\\/uploads\\\/2023\\\/12\\\/output-onlinepngtools-e1727784413220.png\",\"width\":519,\"height\":135,\"caption\":\"Stil &amp; Design\"},\"image\":{\"@id\":\"https:\\\/\\\/stilanddesign.se\\\/#\\\/schema\\\/logo\\\/image\\\/\"}}]}<\/script>\n<!-- \/ Yoast SEO Premium plugin. -->","yoast_head_json":{"title":"\ud83c\udf38 Rosablommig kl\u00e4nning \u2013 somrig & feminin \u2728 - Stil &amp; Design","robots":{"index":"index","follow":"follow","max-snippet":"max-snippet:-1","max-image-preview":"max-image-preview:large","max-video-preview":"max-video-preview:-1"},"canonical":"https:\/\/stilanddesign.se\/en\/product\/\ud83c\udf38-rosablommig-klanning-somrig-feminin-\u2728\/","og_locale":"en_US","og_type":"article","og_title":"\ud83c\udf38 Rosablommig kl\u00e4nning \u2013 somrig & feminin \u2728","og_description":"\ud83c\udf38 Rosablommig kl\u00e4nning \u2013 somrig &amp; feminin \u2728 \ud83c\udf3f Vackert blomm\u00f6nster i rosa, beige och gr\u00f6na toner p\u00e5 vit botten\ud83d\udc57 \u00c4rml\u00f6s modell som k\u00e4nns sval och luftig\ud83d\udcab Smickrande V-ringning framtill\u2728 Fint volangavslut nertill som ger ett mjukt och romantiskt fall\ud83d\udc4c Perfekt f\u00f6r b\u00e5de vardag och sommarens tillf\u00e4llen \ud83d\udccf Storlek: One size (passar ca stl 34\u201342)\ud83d\udcd0 L\u00e4ngd: ca 103 cm fr\u00e5n axel och ner \ud83e\uddf5 Material:\u2013 Yttertyg: 100% bomull\u2013 Innerlinne: 95% viskos, 5% elastan \ud83e\udee7 Tv\u00e4tt: F\u00f6lj plaggets tv\u00e4ttr\u00e5d \ud83d\udc61 Stylingtips: Matcha med sandaler f\u00f6r en avslappnad look eller klackar f\u00f6r en mer uppkl\u00e4dd k\u00e4nsla \ud83d\udc95 \ud83d\udc96 En l\u00e4tt och somrig kl\u00e4nning som ger en fr\u00e4sch och romantisk stil \ud83c\udf38\u2728","og_url":"https:\/\/stilanddesign.se\/en\/product\/\ud83c\udf38-rosablommig-klanning-somrig-feminin-\u2728\/","og_site_name":"Stil &amp; Design","article_modified_time":"2026-05-05T08:37:18+00:00","og_image":[{"width":480,"height":640,"url":"https:\/\/stilanddesign.se\/wp-content\/uploads\/2026\/05\/8788954455.png","type":"image\/png"}],"twitter_card":"summary_large_image","twitter_misc":{"Est. reading time":"1 minute"},"schema":{"@context":"https:\/\/schema.org","@graph":[{"@type":"WebPage","@id":"https:\/\/stilanddesign.se\/produkt\/%f0%9f%8c%b8-rosablommig-klanning-somrig-feminin-%e2%9c%a8\/","url":"https:\/\/stilanddesign.se\/produkt\/%f0%9f%8c%b8-rosablommig-klanning-somrig-feminin-%e2%9c%a8\/","name":"\ud83c\udf38 Rosablommig kl\u00e4nning \u2013 somrig & feminin \u2728 - Stil &amp; Design","isPartOf":{"@id":"https:\/\/stilanddesign.se\/#website"},"primaryImageOfPage":{"@id":"https:\/\/stilanddesign.se\/produkt\/%f0%9f%8c%b8-rosablommig-klanning-somrig-feminin-%e2%9c%a8\/#primaryimage"},"image":{"@id":"https:\/\/stilanddesign.se\/produkt\/%f0%9f%8c%b8-rosablommig-klanning-somrig-feminin-%e2%9c%a8\/#primaryimage"},"thumbnailUrl":"https:\/\/stilanddesign.se\/wp-content\/uploads\/2026\/05\/8788954455.png","datePublished":"2026-05-04T13:37:41+00:00","dateModified":"2026-05-05T08:37:18+00:00","breadcrumb":{"@id":"https:\/\/stilanddesign.se\/produkt\/%f0%9f%8c%b8-rosablommig-klanning-somrig-feminin-%e2%9c%a8\/#breadcrumb"},"inLanguage":"en-US","potentialAction":[{"@type":"ReadAction","target":["https:\/\/stilanddesign.se\/produkt\/%f0%9f%8c%b8-rosablommig-klanning-somrig-feminin-%e2%9c%a8\/"]}]},{"@type":"ImageObject","inLanguage":"en-US","@id":"https:\/\/stilanddesign.se\/produkt\/%f0%9f%8c%b8-rosablommig-klanning-somrig-feminin-%e2%9c%a8\/#primaryimage","url":"https:\/\/stilanddesign.se\/wp-content\/uploads\/2026\/05\/8788954455.png","contentUrl":"https:\/\/stilanddesign.se\/wp-content\/uploads\/2026\/05\/8788954455.png","width":480,"height":640,"caption":"Fin rosablommig \u00e4rml\u00f6s kl\u00e4nning"},{"@type":"BreadcrumbList","@id":"https:\/\/stilanddesign.se\/produkt\/%f0%9f%8c%b8-rosablommig-klanning-somrig-feminin-%e2%9c%a8\/#breadcrumb","itemListElement":[{"@type":"ListItem","position":1,"name":"Hem","item":"https:\/\/stilanddesign.se\/"},{"@type":"ListItem","position":2,"name":"Butiken","item":"https:\/\/stilanddesign.se\/butiken\/"},{"@type":"ListItem","position":3,"name":"\ud83c\udf38 Rosablommig kl\u00e4nning \u2013 somrig &#038; feminin \u2728"}]},{"@type":"WebSite","@id":"https:\/\/stilanddesign.se\/#website","url":"https:\/\/stilanddesign.se\/","name":"Style &amp; Design","description":"For those of us who love fashion!","publisher":{"@id":"https:\/\/stilanddesign.se\/#organization"},"potentialAction":[{"@type":"SearchAction","target":{"@type":"EntryPoint","urlTemplate":"https:\/\/stilanddesign.se\/?s={search_term_string}"},"query-input":{"@type":"PropertyValueSpecification","valueRequired":true,"valueName":"search_term_string"}}],"inLanguage":"en-US"},{"@type":"Organization","@id":"https:\/\/stilanddesign.se\/#organization","name":"Style &amp; Design","url":"https:\/\/stilanddesign.se\/","logo":{"@type":"ImageObject","inLanguage":"en-US","@id":"https:\/\/stilanddesign.se\/#\/schema\/logo\/image\/","url":"https:\/\/stilanddesign.se\/wp-content\/uploads\/2023\/12\/output-onlinepngtools-e1727784413220.png","contentUrl":"https:\/\/stilanddesign.se\/wp-content\/uploads\/2023\/12\/output-onlinepngtools-e1727784413220.png","width":519,"height":135,"caption":"Stil &amp; Design"},"image":{"@id":"https:\/\/stilanddesign.se\/#\/schema\/logo\/image\/"}}]}},"_links":{"self":[{"href":"https:\/\/stilanddesign.se\/en\/wp-json\/wp\/v2\/product\/1076137","targetHints":{"allow":["GET"]}}],"collection":[{"href":"https:\/\/stilanddesign.se\/en\/wp-json\/wp\/v2\/product"}],"about":[{"href":"https:\/\/stilanddesign.se\/en\/wp-json\/wp\/v2\/types\/product"}],"replies":[{"embeddable":true,"href":"https:\/\/stilanddesign.se\/en\/wp-json\/wp\/v2\/comments?post=1076137"}],"wp:featuredmedia":[{"embeddable":true,"href":"https:\/\/stilanddesign.se\/en\/wp-json\/wp\/v2\/media\/1076135"}],"wp:attachment":[{"href":"https:\/\/stilanddesign.se\/en\/wp-json\/wp\/v2\/media?parent=1076137"}],"wp:term":[{"taxonomy":"product_brand","embeddable":true,"href":"https:\/\/stilanddesign.se\/en\/wp-json\/wp\/v2\/product_brand?post=1076137"},{"taxonomy":"product_cat","embeddable":true,"href":"https:\/\/stilanddesign.se\/en\/wp-json\/wp\/v2\/product_cat?post=1076137"},{"taxonomy":"product_tag","embeddable":true,"href":"https:\/\/stilanddesign.se\/en\/wp-json\/wp\/v2\/product_tag?post=1076137"}],"curies":[{"name":"wp","href":"https:\/\/api.w.org\/{rel}","templated":true}]}}