{"id":1076131,"date":"2026-05-04T15:13:57","date_gmt":"2026-05-04T13:13:57","guid":{"rendered":"https:\/\/stilanddesign.se\/?post_type=product&#038;p=1076131"},"modified":"2026-05-05T13:10:36","modified_gmt":"2026-05-05T11:10:36","slug":"%f0%9f%a4%8d-prickig-chiffongblus-luftig-feminin-%e2%9c%a8","status":"publish","type":"product","link":"https:\/\/stilanddesign.se\/en\/product\/%f0%9f%a4%8d-prickig-chiffongblus-luftig-feminin-%e2%9c%a8\/","title":{"rendered":"\ud83e\udd0d Polka dot chiffon blouse \u2013 airy &amp; feminine \u2728"},"content":{"rendered":"<p data-start=\"0\" data-end=\"50\">\ud83e\udd0d <strong data-start=\"3\" data-end=\"46\">Prickig chiffongblus \u2013 luftig &amp; feminin<\/strong> \u2728<\/p>\n<p data-start=\"52\" data-end=\"315\">\ud83c\udf38 Vit botten med prickar i bruna och rosa toner<br data-start=\"100\" data-end=\"103\" \/>\ud83d\udcab Tunt, skirt chiffongmaterial som ger ett l\u00e4tt och elegant fall<br data-start=\"168\" data-end=\"171\" \/>\ud83d\udc5a Rundad hals f\u00f6r en klassisk look<br data-start=\"206\" data-end=\"209\" \/>\u2728 Kort, skir \u00e4rm med fin volang i \u00e4rmslut<br data-start=\"250\" data-end=\"253\" \/>\ud83d\udc4c Fastsytt innerlinne som g\u00f6r den b\u00e5de bekv\u00e4m och l\u00e4ttburen<\/p>\n<p data-start=\"317\" data-end=\"365\">\ud83d\udccf <strong data-start=\"320\" data-end=\"332\">Size:<\/strong> One size (fits approx. size 34\u201342)<\/p>\n<p data-start=\"367\" data-end=\"453\">\ud83e\uddf5 <strong data-start=\"370\" data-end=\"383\">Material:<\/strong><br data-start=\"383\" data-end=\"386\" \/>\u2013 Yttertyg: 100% polyester<br data-start=\"412\" data-end=\"415\" \/>\u2013 Innerlinne: 95% viskos, 5% elastan<\/p>\n<p data-start=\"455\" data-end=\"493\">\ud83e\udee7 <strong data-start=\"458\" data-end=\"468\">Laundry:<\/strong> F\u00f6lj plaggets tv\u00e4ttr\u00e5d<\/p>\n<p data-start=\"495\" data-end=\"628\">\ud83d\udc56 <strong data-start=\"498\" data-end=\"514\">Styling tips:<\/strong> Matcha med ljusa byxor eller jeans f\u00f6r en fr\u00e4sch vardagslook, eller kl\u00e4 upp med kjol f\u00f6r en mer elegant stil \ud83d\udc95<\/p>\n<p data-start=\"630\" data-end=\"706\" data-is-last-node=\"\" data-is-only-node=\"\">\ud83d\udc96 En l\u00e4tt och romantisk blus som passar perfekt till b\u00e5de vardag och fest \u2728<\/p>\n<p>&nbsp;<\/p>","protected":false},"excerpt":{"rendered":"<p data-start=\"0\" data-end=\"50\">\ud83e\udd0d <strong data-start=\"3\" data-end=\"46\">Prickig chiffongblus \u2013 luftig &amp; feminin<\/strong> \u2728<\/p>\n<p data-start=\"52\" data-end=\"315\">\ud83c\udf38 Vit botten med prickar i bruna och rosa toner<br data-start=\"100\" data-end=\"103\" \/>\ud83d\udcab Tunt, skirt chiffongmaterial som ger ett l\u00e4tt och elegant fall<br data-start=\"168\" data-end=\"171\" \/>\ud83d\udc5a Rundad hals f\u00f6r en klassisk look<br data-start=\"206\" data-end=\"209\" \/>\u2728 Kort, skir \u00e4rm med fin volang i \u00e4rmslut<br data-start=\"250\" data-end=\"253\" \/>\ud83d\udc4c Fastsytt innerlinne som g\u00f6r den b\u00e5de bekv\u00e4m och l\u00e4ttburen<\/p>\n<p data-start=\"317\" data-end=\"365\">\ud83d\udccf <strong data-start=\"320\" data-end=\"332\">Size:<\/strong> One size (fits approx. size 34\u201342)<\/p>\n<p data-start=\"367\" data-end=\"453\">\ud83e\uddf5 <strong data-start=\"370\" data-end=\"383\">Material:<\/strong><br data-start=\"383\" data-end=\"386\" \/>\u2013 Yttertyg: 100% polyester<br data-start=\"412\" data-end=\"415\" \/>\u2013 Innerlinne: 95% viskos, 5% elastan<\/p>\n<p data-start=\"455\" data-end=\"493\">\ud83e\udee7 <strong data-start=\"458\" data-end=\"468\">Laundry:<\/strong> F\u00f6lj plaggets tv\u00e4ttr\u00e5d<\/p>\n<p data-start=\"495\" data-end=\"628\">\ud83d\udc56 <strong data-start=\"498\" data-end=\"514\">Styling tips:<\/strong> Matcha med ljusa byxor eller jeans f\u00f6r en fr\u00e4sch vardagslook, eller kl\u00e4 upp med kjol f\u00f6r en mer elegant stil \ud83d\udc95<\/p>\n<p data-start=\"630\" data-end=\"706\" data-is-last-node=\"\" data-is-only-node=\"\">\ud83d\udc96 En l\u00e4tt och romantisk blus som passar perfekt till b\u00e5de vardag och fest \u2728<\/p>","protected":false},"featured_media":1076129,"comment_status":"closed","ping_status":"closed","template":"","meta":[],"product_brand":[],"product_cat":[211,217],"product_tag":[],"class_list":{"0":"post-1076131","1":"product","2":"type-product","3":"status-publish","4":"has-post-thumbnail","6":"product_cat-blusar","7":"product_cat-produktnyheter","9":"first","10":"instock","11":"taxable","12":"shipping-taxable","13":"purchasable","14":"product-type-variable"},"yoast_head":"<!-- This site is optimized with the Yoast SEO Premium plugin v27.4 (Yoast SEO v27.5) - https:\/\/yoast.com\/product\/yoast-seo-premium-wordpress\/ -->\n<title>\ud83e\udd0d Prickig chiffongblus \u2013 luftig &amp; feminin \u2728 - Stil &amp; Design<\/title>\n<meta name=\"robots\" content=\"index, follow, max-snippet:-1, max-image-preview:large, max-video-preview:-1\" \/>\n<link rel=\"canonical\" href=\"https:\/\/stilanddesign.se\/en\/product\/\ud83e\udd0d-prickig-chiffongblus-luftig-feminin-\u2728\/\" \/>\n<meta property=\"og:locale\" content=\"en_US\" \/>\n<meta property=\"og:type\" content=\"article\" \/>\n<meta property=\"og:title\" content=\"\ud83e\udd0d Prickig chiffongblus \u2013 luftig &amp; feminin \u2728\" \/>\n<meta property=\"og:description\" content=\"\ud83e\udd0d Prickig chiffongblus \u2013 luftig &amp; feminin \u2728 \ud83c\udf38 Vit botten med prickar i bruna och rosa toner\ud83d\udcab Tunt, skirt chiffongmaterial som ger ett l\u00e4tt och elegant fall\ud83d\udc5a Rundad hals f\u00f6r en klassisk look\u2728 Kort, skir \u00e4rm med fin volang i \u00e4rmslut\ud83d\udc4c Fastsytt innerlinne som g\u00f6r den b\u00e5de bekv\u00e4m och l\u00e4ttburen \ud83d\udccf Storlek: One size (passar ca stl 34\u201342) \ud83e\uddf5 Material:\u2013 Yttertyg: 100% polyester\u2013 Innerlinne: 95% viskos, 5% elastan \ud83e\udee7 Tv\u00e4tt: F\u00f6lj plaggets tv\u00e4ttr\u00e5d \ud83d\udc56 Stylingtips: Matcha med ljusa byxor eller jeans f\u00f6r en fr\u00e4sch vardagslook, eller kl\u00e4 upp med kjol f\u00f6r en mer elegant stil \ud83d\udc95 \ud83d\udc96 En l\u00e4tt och romantisk blus som passar perfekt till b\u00e5de vardag och fest \u2728\" \/>\n<meta property=\"og:url\" content=\"https:\/\/stilanddesign.se\/en\/product\/\ud83e\udd0d-prickig-chiffongblus-luftig-feminin-\u2728\/\" \/>\n<meta property=\"og:site_name\" content=\"Stil &amp; Design\" \/>\n<meta property=\"article:modified_time\" content=\"2026-05-05T11:10:36+00:00\" \/>\n<meta property=\"og:image\" content=\"https:\/\/stilanddesign.se\/wp-content\/uploads\/2026\/05\/858586455555555.png\" \/>\n\t<meta property=\"og:image:width\" content=\"480\" \/>\n\t<meta property=\"og:image:height\" content=\"640\" \/>\n\t<meta property=\"og:image:type\" content=\"image\/png\" \/>\n<meta name=\"twitter:card\" content=\"summary_large_image\" \/>\n<meta name=\"twitter:label1\" content=\"Est. reading time\" \/>\n\t<meta name=\"twitter:data1\" content=\"1 minute\" \/>\n<script type=\"application\/ld+json\" class=\"yoast-schema-graph\">{\"@context\":\"https:\\\/\\\/schema.org\",\"@graph\":[{\"@type\":\"WebPage\",\"@id\":\"https:\\\/\\\/stilanddesign.se\\\/produkt\\\/%f0%9f%a4%8d-prickig-chiffongblus-luftig-feminin-%e2%9c%a8\\\/\",\"url\":\"https:\\\/\\\/stilanddesign.se\\\/produkt\\\/%f0%9f%a4%8d-prickig-chiffongblus-luftig-feminin-%e2%9c%a8\\\/\",\"name\":\"\ud83e\udd0d Prickig chiffongblus \u2013 luftig & feminin \u2728 - Stil &amp; Design\",\"isPartOf\":{\"@id\":\"https:\\\/\\\/stilanddesign.se\\\/#website\"},\"primaryImageOfPage\":{\"@id\":\"https:\\\/\\\/stilanddesign.se\\\/produkt\\\/%f0%9f%a4%8d-prickig-chiffongblus-luftig-feminin-%e2%9c%a8\\\/#primaryimage\"},\"image\":{\"@id\":\"https:\\\/\\\/stilanddesign.se\\\/produkt\\\/%f0%9f%a4%8d-prickig-chiffongblus-luftig-feminin-%e2%9c%a8\\\/#primaryimage\"},\"thumbnailUrl\":\"https:\\\/\\\/stilanddesign.se\\\/wp-content\\\/uploads\\\/2026\\\/05\\\/858586455555555.png\",\"datePublished\":\"2026-05-04T13:13:57+00:00\",\"dateModified\":\"2026-05-05T11:10:36+00:00\",\"breadcrumb\":{\"@id\":\"https:\\\/\\\/stilanddesign.se\\\/produkt\\\/%f0%9f%a4%8d-prickig-chiffongblus-luftig-feminin-%e2%9c%a8\\\/#breadcrumb\"},\"inLanguage\":\"en-US\",\"potentialAction\":[{\"@type\":\"ReadAction\",\"target\":[\"https:\\\/\\\/stilanddesign.se\\\/produkt\\\/%f0%9f%a4%8d-prickig-chiffongblus-luftig-feminin-%e2%9c%a8\\\/\"]}]},{\"@type\":\"ImageObject\",\"inLanguage\":\"en-US\",\"@id\":\"https:\\\/\\\/stilanddesign.se\\\/produkt\\\/%f0%9f%a4%8d-prickig-chiffongblus-luftig-feminin-%e2%9c%a8\\\/#primaryimage\",\"url\":\"https:\\\/\\\/stilanddesign.se\\\/wp-content\\\/uploads\\\/2026\\\/05\\\/858586455555555.png\",\"contentUrl\":\"https:\\\/\\\/stilanddesign.se\\\/wp-content\\\/uploads\\\/2026\\\/05\\\/858586455555555.png\",\"width\":480,\"height\":640,\"caption\":\"Vit prickig chiffongblus\"},{\"@type\":\"BreadcrumbList\",\"@id\":\"https:\\\/\\\/stilanddesign.se\\\/produkt\\\/%f0%9f%a4%8d-prickig-chiffongblus-luftig-feminin-%e2%9c%a8\\\/#breadcrumb\",\"itemListElement\":[{\"@type\":\"ListItem\",\"position\":1,\"name\":\"Hem\",\"item\":\"https:\\\/\\\/stilanddesign.se\\\/\"},{\"@type\":\"ListItem\",\"position\":2,\"name\":\"Butiken\",\"item\":\"https:\\\/\\\/stilanddesign.se\\\/butiken\\\/\"},{\"@type\":\"ListItem\",\"position\":3,\"name\":\"\ud83e\udd0d Prickig chiffongblus \u2013 luftig &#038; feminin \u2728\"}]},{\"@type\":\"WebSite\",\"@id\":\"https:\\\/\\\/stilanddesign.se\\\/#website\",\"url\":\"https:\\\/\\\/stilanddesign.se\\\/\",\"name\":\"Stil &amp; Design\",\"description\":\"F\u00f6r oss som \u00e4lskar mode!\",\"publisher\":{\"@id\":\"https:\\\/\\\/stilanddesign.se\\\/#organization\"},\"potentialAction\":[{\"@type\":\"SearchAction\",\"target\":{\"@type\":\"EntryPoint\",\"urlTemplate\":\"https:\\\/\\\/stilanddesign.se\\\/?s={search_term_string}\"},\"query-input\":{\"@type\":\"PropertyValueSpecification\",\"valueRequired\":true,\"valueName\":\"search_term_string\"}}],\"inLanguage\":\"en-US\"},{\"@type\":\"Organization\",\"@id\":\"https:\\\/\\\/stilanddesign.se\\\/#organization\",\"name\":\"Stil &amp; Design\",\"url\":\"https:\\\/\\\/stilanddesign.se\\\/\",\"logo\":{\"@type\":\"ImageObject\",\"inLanguage\":\"en-US\",\"@id\":\"https:\\\/\\\/stilanddesign.se\\\/#\\\/schema\\\/logo\\\/image\\\/\",\"url\":\"https:\\\/\\\/stilanddesign.se\\\/wp-content\\\/uploads\\\/2023\\\/12\\\/output-onlinepngtools-e1727784413220.png\",\"contentUrl\":\"https:\\\/\\\/stilanddesign.se\\\/wp-content\\\/uploads\\\/2023\\\/12\\\/output-onlinepngtools-e1727784413220.png\",\"width\":519,\"height\":135,\"caption\":\"Stil &amp; Design\"},\"image\":{\"@id\":\"https:\\\/\\\/stilanddesign.se\\\/#\\\/schema\\\/logo\\\/image\\\/\"}}]}<\/script>\n<!-- \/ Yoast SEO Premium plugin. -->","yoast_head_json":{"title":"\ud83e\udd0d Prickig chiffongblus \u2013 luftig & feminin \u2728 - Stil &amp; Design","robots":{"index":"index","follow":"follow","max-snippet":"max-snippet:-1","max-image-preview":"max-image-preview:large","max-video-preview":"max-video-preview:-1"},"canonical":"https:\/\/stilanddesign.se\/en\/product\/\ud83e\udd0d-prickig-chiffongblus-luftig-feminin-\u2728\/","og_locale":"en_US","og_type":"article","og_title":"\ud83e\udd0d Prickig chiffongblus \u2013 luftig & feminin \u2728","og_description":"\ud83e\udd0d Prickig chiffongblus \u2013 luftig &amp; feminin \u2728 \ud83c\udf38 Vit botten med prickar i bruna och rosa toner\ud83d\udcab Tunt, skirt chiffongmaterial som ger ett l\u00e4tt och elegant fall\ud83d\udc5a Rundad hals f\u00f6r en klassisk look\u2728 Kort, skir \u00e4rm med fin volang i \u00e4rmslut\ud83d\udc4c Fastsytt innerlinne som g\u00f6r den b\u00e5de bekv\u00e4m och l\u00e4ttburen \ud83d\udccf Storlek: One size (passar ca stl 34\u201342) \ud83e\uddf5 Material:\u2013 Yttertyg: 100% polyester\u2013 Innerlinne: 95% viskos, 5% elastan \ud83e\udee7 Tv\u00e4tt: F\u00f6lj plaggets tv\u00e4ttr\u00e5d \ud83d\udc56 Stylingtips: Matcha med ljusa byxor eller jeans f\u00f6r en fr\u00e4sch vardagslook, eller kl\u00e4 upp med kjol f\u00f6r en mer elegant stil \ud83d\udc95 \ud83d\udc96 En l\u00e4tt och romantisk blus som passar perfekt till b\u00e5de vardag och fest \u2728","og_url":"https:\/\/stilanddesign.se\/en\/product\/\ud83e\udd0d-prickig-chiffongblus-luftig-feminin-\u2728\/","og_site_name":"Stil &amp; Design","article_modified_time":"2026-05-05T11:10:36+00:00","og_image":[{"width":480,"height":640,"url":"https:\/\/stilanddesign.se\/wp-content\/uploads\/2026\/05\/858586455555555.png","type":"image\/png"}],"twitter_card":"summary_large_image","twitter_misc":{"Est. reading time":"1 minute"},"schema":{"@context":"https:\/\/schema.org","@graph":[{"@type":"WebPage","@id":"https:\/\/stilanddesign.se\/produkt\/%f0%9f%a4%8d-prickig-chiffongblus-luftig-feminin-%e2%9c%a8\/","url":"https:\/\/stilanddesign.se\/produkt\/%f0%9f%a4%8d-prickig-chiffongblus-luftig-feminin-%e2%9c%a8\/","name":"\ud83e\udd0d Prickig chiffongblus \u2013 luftig & feminin \u2728 - Stil &amp; Design","isPartOf":{"@id":"https:\/\/stilanddesign.se\/#website"},"primaryImageOfPage":{"@id":"https:\/\/stilanddesign.se\/produkt\/%f0%9f%a4%8d-prickig-chiffongblus-luftig-feminin-%e2%9c%a8\/#primaryimage"},"image":{"@id":"https:\/\/stilanddesign.se\/produkt\/%f0%9f%a4%8d-prickig-chiffongblus-luftig-feminin-%e2%9c%a8\/#primaryimage"},"thumbnailUrl":"https:\/\/stilanddesign.se\/wp-content\/uploads\/2026\/05\/858586455555555.png","datePublished":"2026-05-04T13:13:57+00:00","dateModified":"2026-05-05T11:10:36+00:00","breadcrumb":{"@id":"https:\/\/stilanddesign.se\/produkt\/%f0%9f%a4%8d-prickig-chiffongblus-luftig-feminin-%e2%9c%a8\/#breadcrumb"},"inLanguage":"en-US","potentialAction":[{"@type":"ReadAction","target":["https:\/\/stilanddesign.se\/produkt\/%f0%9f%a4%8d-prickig-chiffongblus-luftig-feminin-%e2%9c%a8\/"]}]},{"@type":"ImageObject","inLanguage":"en-US","@id":"https:\/\/stilanddesign.se\/produkt\/%f0%9f%a4%8d-prickig-chiffongblus-luftig-feminin-%e2%9c%a8\/#primaryimage","url":"https:\/\/stilanddesign.se\/wp-content\/uploads\/2026\/05\/858586455555555.png","contentUrl":"https:\/\/stilanddesign.se\/wp-content\/uploads\/2026\/05\/858586455555555.png","width":480,"height":640,"caption":"Vit prickig chiffongblus"},{"@type":"BreadcrumbList","@id":"https:\/\/stilanddesign.se\/produkt\/%f0%9f%a4%8d-prickig-chiffongblus-luftig-feminin-%e2%9c%a8\/#breadcrumb","itemListElement":[{"@type":"ListItem","position":1,"name":"Hem","item":"https:\/\/stilanddesign.se\/"},{"@type":"ListItem","position":2,"name":"Butiken","item":"https:\/\/stilanddesign.se\/butiken\/"},{"@type":"ListItem","position":3,"name":"\ud83e\udd0d Prickig chiffongblus \u2013 luftig &#038; feminin \u2728"}]},{"@type":"WebSite","@id":"https:\/\/stilanddesign.se\/#website","url":"https:\/\/stilanddesign.se\/","name":"Style &amp; Design","description":"For those of us who love fashion!","publisher":{"@id":"https:\/\/stilanddesign.se\/#organization"},"potentialAction":[{"@type":"SearchAction","target":{"@type":"EntryPoint","urlTemplate":"https:\/\/stilanddesign.se\/?s={search_term_string}"},"query-input":{"@type":"PropertyValueSpecification","valueRequired":true,"valueName":"search_term_string"}}],"inLanguage":"en-US"},{"@type":"Organization","@id":"https:\/\/stilanddesign.se\/#organization","name":"Style &amp; Design","url":"https:\/\/stilanddesign.se\/","logo":{"@type":"ImageObject","inLanguage":"en-US","@id":"https:\/\/stilanddesign.se\/#\/schema\/logo\/image\/","url":"https:\/\/stilanddesign.se\/wp-content\/uploads\/2023\/12\/output-onlinepngtools-e1727784413220.png","contentUrl":"https:\/\/stilanddesign.se\/wp-content\/uploads\/2023\/12\/output-onlinepngtools-e1727784413220.png","width":519,"height":135,"caption":"Stil &amp; Design"},"image":{"@id":"https:\/\/stilanddesign.se\/#\/schema\/logo\/image\/"}}]}},"_links":{"self":[{"href":"https:\/\/stilanddesign.se\/en\/wp-json\/wp\/v2\/product\/1076131","targetHints":{"allow":["GET"]}}],"collection":[{"href":"https:\/\/stilanddesign.se\/en\/wp-json\/wp\/v2\/product"}],"about":[{"href":"https:\/\/stilanddesign.se\/en\/wp-json\/wp\/v2\/types\/product"}],"replies":[{"embeddable":true,"href":"https:\/\/stilanddesign.se\/en\/wp-json\/wp\/v2\/comments?post=1076131"}],"wp:featuredmedia":[{"embeddable":true,"href":"https:\/\/stilanddesign.se\/en\/wp-json\/wp\/v2\/media\/1076129"}],"wp:attachment":[{"href":"https:\/\/stilanddesign.se\/en\/wp-json\/wp\/v2\/media?parent=1076131"}],"wp:term":[{"taxonomy":"product_brand","embeddable":true,"href":"https:\/\/stilanddesign.se\/en\/wp-json\/wp\/v2\/product_brand?post=1076131"},{"taxonomy":"product_cat","embeddable":true,"href":"https:\/\/stilanddesign.se\/en\/wp-json\/wp\/v2\/product_cat?post=1076131"},{"taxonomy":"product_tag","embeddable":true,"href":"https:\/\/stilanddesign.se\/en\/wp-json\/wp\/v2\/product_tag?post=1076131"}],"curies":[{"name":"wp","href":"https:\/\/api.w.org\/{rel}","templated":true}]}}