{"id":1076125,"date":"2026-05-04T15:12:40","date_gmt":"2026-05-04T13:12:40","guid":{"rendered":"https:\/\/stilanddesign.se\/?post_type=product&#038;p=1076125"},"modified":"2026-05-05T10:43:02","modified_gmt":"2026-05-05T08:43:02","slug":"%f0%9f%96%a4-prickig-chiffongblus-elegant-trendig-%e2%9c%a8","status":"publish","type":"product","link":"https:\/\/stilanddesign.se\/en\/product\/%f0%9f%96%a4-prickig-chiffongblus-elegant-trendig-%e2%9c%a8\/","title":{"rendered":"\ud83d\udda4 Prickig chiffongblus \u2013 elegant &#038; trendig \u2728"},"content":{"rendered":"<p data-start=\"0\" data-end=\"51\">\ud83d\udda4 <strong data-start=\"3\" data-end=\"47\">Prickig chiffongblus \u2013 elegant &amp; trendig<\/strong> \u2728<\/p>\n<p data-start=\"53\" data-end=\"326\">\ud83e\udd0e Svart botten med prickar i bruna och beige toner<br data-start=\"104\" data-end=\"107\" \/>\ud83d\udcab Tunt, skirt chiffongmaterial som ger ett l\u00e4tt och luftigt fall<br data-start=\"172\" data-end=\"175\" \/>\ud83d\udc5a Rundad hals f\u00f6r en stilren look<br data-start=\"209\" data-end=\"212\" \/>\u2728 Kort, skir \u00e4rm med fin volang i \u00e4rmslut<br data-start=\"253\" data-end=\"256\" \/>\ud83d\udc4c Fastsytt innerlinne i svart f\u00f6r extra komfort och smidig passform<\/p>\n<p data-start=\"328\" data-end=\"376\">\ud83d\udccf <strong data-start=\"331\" data-end=\"343\">Size:<\/strong> One size (fits approx. size 34\u201342)<\/p>\n<p data-start=\"378\" data-end=\"464\">\ud83e\uddf5 <strong data-start=\"381\" data-end=\"394\">Material:<\/strong><br data-start=\"394\" data-end=\"397\" \/>\u2013 Yttertyg: 100% polyester<br data-start=\"423\" data-end=\"426\" \/>\u2013 Innerlinne: 95% viskos, 5% elastan<\/p>\n<p data-start=\"466\" data-end=\"504\">\ud83e\udee7 <strong data-start=\"469\" data-end=\"479\">Laundry:<\/strong> F\u00f6lj plaggets tv\u00e4ttr\u00e5d<\/p>\n<p data-start=\"506\" data-end=\"619\">\ud83d\udc56 <strong data-start=\"509\" data-end=\"525\">Styling tips:<\/strong> Matcha med svarta byxor f\u00f6r en elegant helhet eller med jeans f\u00f6r en mer avslappnad look \ud83d\udc95<\/p>\n<p data-start=\"621\" data-end=\"689\" data-is-last-node=\"\" data-is-only-node=\"\">\ud83d\udc96 En stilfull blus som passar lika fint till vardag som till fest \u2728<\/p>\n<p>&nbsp;<\/p>","protected":false},"excerpt":{"rendered":"<p data-start=\"0\" data-end=\"51\">\ud83d\udda4 <strong data-start=\"3\" data-end=\"47\">Prickig chiffongblus \u2013 elegant &amp; trendig<\/strong> \u2728<\/p>\n<p data-start=\"53\" data-end=\"326\">\ud83e\udd0e Svart botten med prickar i bruna och beige toner<br data-start=\"104\" data-end=\"107\" \/>\ud83d\udcab Tunt, skirt chiffongmaterial som ger ett l\u00e4tt och luftigt fall<br data-start=\"172\" data-end=\"175\" \/>\ud83d\udc5a Rundad hals f\u00f6r en stilren look<br data-start=\"209\" data-end=\"212\" \/>\u2728 Kort, skir \u00e4rm med fin volang i \u00e4rmslut<br data-start=\"253\" data-end=\"256\" \/>\ud83d\udc4c Fastsytt innerlinne i svart f\u00f6r extra komfort och smidig passform<\/p>\n<p data-start=\"328\" data-end=\"376\">\ud83d\udccf <strong data-start=\"331\" data-end=\"343\">Size:<\/strong> One size (fits approx. size 34\u201342)<\/p>\n<p data-start=\"378\" data-end=\"464\">\ud83e\uddf5 <strong data-start=\"381\" data-end=\"394\">Material:<\/strong><br data-start=\"394\" data-end=\"397\" \/>\u2013 Yttertyg: 100% polyester<br data-start=\"423\" data-end=\"426\" \/>\u2013 Innerlinne: 95% viskos, 5% elastan<\/p>\n<p data-start=\"466\" data-end=\"504\">\ud83e\udee7 <strong data-start=\"469\" data-end=\"479\">Laundry:<\/strong> F\u00f6lj plaggets tv\u00e4ttr\u00e5d<\/p>\n<p data-start=\"506\" data-end=\"619\">\ud83d\udc56 <strong data-start=\"509\" data-end=\"525\">Styling tips:<\/strong> Matcha med svarta byxor f\u00f6r en elegant helhet eller med jeans f\u00f6r en mer avslappnad look \ud83d\udc95<\/p>\n<p data-start=\"621\" data-end=\"689\" data-is-last-node=\"\" data-is-only-node=\"\">\ud83d\udc96 En stilfull blus som passar lika fint till vardag som till fest \u2728<\/p>","protected":false},"featured_media":1076130,"comment_status":"closed","ping_status":"closed","template":"","meta":[],"product_brand":[],"product_cat":[211,217],"product_tag":[],"class_list":{"0":"post-1076125","1":"product","2":"type-product","3":"status-publish","4":"has-post-thumbnail","6":"product_cat-blusar","7":"product_cat-produktnyheter","9":"first","10":"outofstock","11":"taxable","12":"shipping-taxable","13":"product-type-variable"},"yoast_head":"<!-- This site is optimized with the Yoast SEO Premium plugin v27.4 (Yoast SEO v27.5) - https:\/\/yoast.com\/product\/yoast-seo-premium-wordpress\/ -->\n<title>\ud83d\udda4 Prickig chiffongblus \u2013 elegant &amp; trendig \u2728 - Stil &amp; Design<\/title>\n<meta name=\"robots\" content=\"index, follow, max-snippet:-1, max-image-preview:large, max-video-preview:-1\" \/>\n<link rel=\"canonical\" href=\"https:\/\/stilanddesign.se\/en\/product\/\ud83d\udda4-prickig-chiffongblus-elegant-trendig-\u2728\/\" \/>\n<meta property=\"og:locale\" content=\"en_US\" \/>\n<meta property=\"og:type\" content=\"article\" \/>\n<meta property=\"og:title\" content=\"\ud83d\udda4 Prickig chiffongblus \u2013 elegant &amp; trendig \u2728\" \/>\n<meta property=\"og:description\" content=\"\ud83d\udda4 Prickig chiffongblus \u2013 elegant &amp; trendig \u2728 \ud83e\udd0e Svart botten med prickar i bruna och beige toner\ud83d\udcab Tunt, skirt chiffongmaterial som ger ett l\u00e4tt och luftigt fall\ud83d\udc5a Rundad hals f\u00f6r en stilren look\u2728 Kort, skir \u00e4rm med fin volang i \u00e4rmslut\ud83d\udc4c Fastsytt innerlinne i svart f\u00f6r extra komfort och smidig passform \ud83d\udccf Storlek: One size (passar ca stl 34\u201342) \ud83e\uddf5 Material:\u2013 Yttertyg: 100% polyester\u2013 Innerlinne: 95% viskos, 5% elastan \ud83e\udee7 Tv\u00e4tt: F\u00f6lj plaggets tv\u00e4ttr\u00e5d \ud83d\udc56 Stylingtips: Matcha med svarta byxor f\u00f6r en elegant helhet eller med jeans f\u00f6r en mer avslappnad look \ud83d\udc95 \ud83d\udc96 En stilfull blus som passar lika fint till vardag som till fest \u2728\" \/>\n<meta property=\"og:url\" content=\"https:\/\/stilanddesign.se\/en\/product\/\ud83d\udda4-prickig-chiffongblus-elegant-trendig-\u2728\/\" \/>\n<meta property=\"og:site_name\" content=\"Stil &amp; Design\" \/>\n<meta property=\"article:modified_time\" content=\"2026-05-05T08:43:02+00:00\" \/>\n<meta property=\"og:image\" content=\"https:\/\/stilanddesign.se\/wp-content\/uploads\/2026\/05\/98996542222222222222.png\" \/>\n\t<meta property=\"og:image:width\" content=\"480\" \/>\n\t<meta property=\"og:image:height\" content=\"640\" \/>\n\t<meta property=\"og:image:type\" content=\"image\/png\" \/>\n<meta name=\"twitter:card\" content=\"summary_large_image\" \/>\n<meta name=\"twitter:label1\" content=\"Est. reading time\" \/>\n\t<meta name=\"twitter:data1\" content=\"1 minute\" \/>\n<script type=\"application\/ld+json\" class=\"yoast-schema-graph\">{\"@context\":\"https:\\\/\\\/schema.org\",\"@graph\":[{\"@type\":\"WebPage\",\"@id\":\"https:\\\/\\\/stilanddesign.se\\\/produkt\\\/%f0%9f%96%a4-prickig-chiffongblus-elegant-trendig-%e2%9c%a8\\\/\",\"url\":\"https:\\\/\\\/stilanddesign.se\\\/produkt\\\/%f0%9f%96%a4-prickig-chiffongblus-elegant-trendig-%e2%9c%a8\\\/\",\"name\":\"\ud83d\udda4 Prickig chiffongblus \u2013 elegant & trendig \u2728 - Stil &amp; Design\",\"isPartOf\":{\"@id\":\"https:\\\/\\\/stilanddesign.se\\\/#website\"},\"primaryImageOfPage\":{\"@id\":\"https:\\\/\\\/stilanddesign.se\\\/produkt\\\/%f0%9f%96%a4-prickig-chiffongblus-elegant-trendig-%e2%9c%a8\\\/#primaryimage\"},\"image\":{\"@id\":\"https:\\\/\\\/stilanddesign.se\\\/produkt\\\/%f0%9f%96%a4-prickig-chiffongblus-elegant-trendig-%e2%9c%a8\\\/#primaryimage\"},\"thumbnailUrl\":\"https:\\\/\\\/stilanddesign.se\\\/wp-content\\\/uploads\\\/2026\\\/05\\\/98996542222222222222.png\",\"datePublished\":\"2026-05-04T13:12:40+00:00\",\"dateModified\":\"2026-05-05T08:43:02+00:00\",\"breadcrumb\":{\"@id\":\"https:\\\/\\\/stilanddesign.se\\\/produkt\\\/%f0%9f%96%a4-prickig-chiffongblus-elegant-trendig-%e2%9c%a8\\\/#breadcrumb\"},\"inLanguage\":\"en-US\",\"potentialAction\":[{\"@type\":\"ReadAction\",\"target\":[\"https:\\\/\\\/stilanddesign.se\\\/produkt\\\/%f0%9f%96%a4-prickig-chiffongblus-elegant-trendig-%e2%9c%a8\\\/\"]}]},{\"@type\":\"ImageObject\",\"inLanguage\":\"en-US\",\"@id\":\"https:\\\/\\\/stilanddesign.se\\\/produkt\\\/%f0%9f%96%a4-prickig-chiffongblus-elegant-trendig-%e2%9c%a8\\\/#primaryimage\",\"url\":\"https:\\\/\\\/stilanddesign.se\\\/wp-content\\\/uploads\\\/2026\\\/05\\\/98996542222222222222.png\",\"contentUrl\":\"https:\\\/\\\/stilanddesign.se\\\/wp-content\\\/uploads\\\/2026\\\/05\\\/98996542222222222222.png\",\"width\":480,\"height\":640,\"caption\":\"Fin prickig chiffongblus i svart\"},{\"@type\":\"BreadcrumbList\",\"@id\":\"https:\\\/\\\/stilanddesign.se\\\/produkt\\\/%f0%9f%96%a4-prickig-chiffongblus-elegant-trendig-%e2%9c%a8\\\/#breadcrumb\",\"itemListElement\":[{\"@type\":\"ListItem\",\"position\":1,\"name\":\"Hem\",\"item\":\"https:\\\/\\\/stilanddesign.se\\\/\"},{\"@type\":\"ListItem\",\"position\":2,\"name\":\"Butiken\",\"item\":\"https:\\\/\\\/stilanddesign.se\\\/butiken\\\/\"},{\"@type\":\"ListItem\",\"position\":3,\"name\":\"\ud83d\udda4 Prickig chiffongblus \u2013 elegant &#038; trendig \u2728\"}]},{\"@type\":\"WebSite\",\"@id\":\"https:\\\/\\\/stilanddesign.se\\\/#website\",\"url\":\"https:\\\/\\\/stilanddesign.se\\\/\",\"name\":\"Stil &amp; Design\",\"description\":\"F\u00f6r oss som \u00e4lskar mode!\",\"publisher\":{\"@id\":\"https:\\\/\\\/stilanddesign.se\\\/#organization\"},\"potentialAction\":[{\"@type\":\"SearchAction\",\"target\":{\"@type\":\"EntryPoint\",\"urlTemplate\":\"https:\\\/\\\/stilanddesign.se\\\/?s={search_term_string}\"},\"query-input\":{\"@type\":\"PropertyValueSpecification\",\"valueRequired\":true,\"valueName\":\"search_term_string\"}}],\"inLanguage\":\"en-US\"},{\"@type\":\"Organization\",\"@id\":\"https:\\\/\\\/stilanddesign.se\\\/#organization\",\"name\":\"Stil &amp; Design\",\"url\":\"https:\\\/\\\/stilanddesign.se\\\/\",\"logo\":{\"@type\":\"ImageObject\",\"inLanguage\":\"en-US\",\"@id\":\"https:\\\/\\\/stilanddesign.se\\\/#\\\/schema\\\/logo\\\/image\\\/\",\"url\":\"https:\\\/\\\/stilanddesign.se\\\/wp-content\\\/uploads\\\/2023\\\/12\\\/output-onlinepngtools-e1727784413220.png\",\"contentUrl\":\"https:\\\/\\\/stilanddesign.se\\\/wp-content\\\/uploads\\\/2023\\\/12\\\/output-onlinepngtools-e1727784413220.png\",\"width\":519,\"height\":135,\"caption\":\"Stil &amp; Design\"},\"image\":{\"@id\":\"https:\\\/\\\/stilanddesign.se\\\/#\\\/schema\\\/logo\\\/image\\\/\"}}]}<\/script>\n<!-- \/ Yoast SEO Premium plugin. -->","yoast_head_json":{"title":"\ud83d\udda4 Prickig chiffongblus \u2013 elegant & trendig \u2728 - Stil &amp; Design","robots":{"index":"index","follow":"follow","max-snippet":"max-snippet:-1","max-image-preview":"max-image-preview:large","max-video-preview":"max-video-preview:-1"},"canonical":"https:\/\/stilanddesign.se\/en\/product\/\ud83d\udda4-prickig-chiffongblus-elegant-trendig-\u2728\/","og_locale":"en_US","og_type":"article","og_title":"\ud83d\udda4 Prickig chiffongblus \u2013 elegant & trendig \u2728","og_description":"\ud83d\udda4 Prickig chiffongblus \u2013 elegant &amp; trendig \u2728 \ud83e\udd0e Svart botten med prickar i bruna och beige toner\ud83d\udcab Tunt, skirt chiffongmaterial som ger ett l\u00e4tt och luftigt fall\ud83d\udc5a Rundad hals f\u00f6r en stilren look\u2728 Kort, skir \u00e4rm med fin volang i \u00e4rmslut\ud83d\udc4c Fastsytt innerlinne i svart f\u00f6r extra komfort och smidig passform \ud83d\udccf Storlek: One size (passar ca stl 34\u201342) \ud83e\uddf5 Material:\u2013 Yttertyg: 100% polyester\u2013 Innerlinne: 95% viskos, 5% elastan \ud83e\udee7 Tv\u00e4tt: F\u00f6lj plaggets tv\u00e4ttr\u00e5d \ud83d\udc56 Stylingtips: Matcha med svarta byxor f\u00f6r en elegant helhet eller med jeans f\u00f6r en mer avslappnad look \ud83d\udc95 \ud83d\udc96 En stilfull blus som passar lika fint till vardag som till fest \u2728","og_url":"https:\/\/stilanddesign.se\/en\/product\/\ud83d\udda4-prickig-chiffongblus-elegant-trendig-\u2728\/","og_site_name":"Stil &amp; Design","article_modified_time":"2026-05-05T08:43:02+00:00","og_image":[{"width":480,"height":640,"url":"https:\/\/stilanddesign.se\/wp-content\/uploads\/2026\/05\/98996542222222222222.png","type":"image\/png"}],"twitter_card":"summary_large_image","twitter_misc":{"Est. reading time":"1 minute"},"schema":{"@context":"https:\/\/schema.org","@graph":[{"@type":"WebPage","@id":"https:\/\/stilanddesign.se\/produkt\/%f0%9f%96%a4-prickig-chiffongblus-elegant-trendig-%e2%9c%a8\/","url":"https:\/\/stilanddesign.se\/produkt\/%f0%9f%96%a4-prickig-chiffongblus-elegant-trendig-%e2%9c%a8\/","name":"\ud83d\udda4 Prickig chiffongblus \u2013 elegant & trendig \u2728 - Stil &amp; Design","isPartOf":{"@id":"https:\/\/stilanddesign.se\/#website"},"primaryImageOfPage":{"@id":"https:\/\/stilanddesign.se\/produkt\/%f0%9f%96%a4-prickig-chiffongblus-elegant-trendig-%e2%9c%a8\/#primaryimage"},"image":{"@id":"https:\/\/stilanddesign.se\/produkt\/%f0%9f%96%a4-prickig-chiffongblus-elegant-trendig-%e2%9c%a8\/#primaryimage"},"thumbnailUrl":"https:\/\/stilanddesign.se\/wp-content\/uploads\/2026\/05\/98996542222222222222.png","datePublished":"2026-05-04T13:12:40+00:00","dateModified":"2026-05-05T08:43:02+00:00","breadcrumb":{"@id":"https:\/\/stilanddesign.se\/produkt\/%f0%9f%96%a4-prickig-chiffongblus-elegant-trendig-%e2%9c%a8\/#breadcrumb"},"inLanguage":"en-US","potentialAction":[{"@type":"ReadAction","target":["https:\/\/stilanddesign.se\/produkt\/%f0%9f%96%a4-prickig-chiffongblus-elegant-trendig-%e2%9c%a8\/"]}]},{"@type":"ImageObject","inLanguage":"en-US","@id":"https:\/\/stilanddesign.se\/produkt\/%f0%9f%96%a4-prickig-chiffongblus-elegant-trendig-%e2%9c%a8\/#primaryimage","url":"https:\/\/stilanddesign.se\/wp-content\/uploads\/2026\/05\/98996542222222222222.png","contentUrl":"https:\/\/stilanddesign.se\/wp-content\/uploads\/2026\/05\/98996542222222222222.png","width":480,"height":640,"caption":"Fin prickig chiffongblus i svart"},{"@type":"BreadcrumbList","@id":"https:\/\/stilanddesign.se\/produkt\/%f0%9f%96%a4-prickig-chiffongblus-elegant-trendig-%e2%9c%a8\/#breadcrumb","itemListElement":[{"@type":"ListItem","position":1,"name":"Hem","item":"https:\/\/stilanddesign.se\/"},{"@type":"ListItem","position":2,"name":"Butiken","item":"https:\/\/stilanddesign.se\/butiken\/"},{"@type":"ListItem","position":3,"name":"\ud83d\udda4 Prickig chiffongblus \u2013 elegant &#038; trendig \u2728"}]},{"@type":"WebSite","@id":"https:\/\/stilanddesign.se\/#website","url":"https:\/\/stilanddesign.se\/","name":"Style &amp; Design","description":"For those of us who love fashion!","publisher":{"@id":"https:\/\/stilanddesign.se\/#organization"},"potentialAction":[{"@type":"SearchAction","target":{"@type":"EntryPoint","urlTemplate":"https:\/\/stilanddesign.se\/?s={search_term_string}"},"query-input":{"@type":"PropertyValueSpecification","valueRequired":true,"valueName":"search_term_string"}}],"inLanguage":"en-US"},{"@type":"Organization","@id":"https:\/\/stilanddesign.se\/#organization","name":"Style &amp; Design","url":"https:\/\/stilanddesign.se\/","logo":{"@type":"ImageObject","inLanguage":"en-US","@id":"https:\/\/stilanddesign.se\/#\/schema\/logo\/image\/","url":"https:\/\/stilanddesign.se\/wp-content\/uploads\/2023\/12\/output-onlinepngtools-e1727784413220.png","contentUrl":"https:\/\/stilanddesign.se\/wp-content\/uploads\/2023\/12\/output-onlinepngtools-e1727784413220.png","width":519,"height":135,"caption":"Stil &amp; Design"},"image":{"@id":"https:\/\/stilanddesign.se\/#\/schema\/logo\/image\/"}}]}},"_links":{"self":[{"href":"https:\/\/stilanddesign.se\/en\/wp-json\/wp\/v2\/product\/1076125","targetHints":{"allow":["GET"]}}],"collection":[{"href":"https:\/\/stilanddesign.se\/en\/wp-json\/wp\/v2\/product"}],"about":[{"href":"https:\/\/stilanddesign.se\/en\/wp-json\/wp\/v2\/types\/product"}],"replies":[{"embeddable":true,"href":"https:\/\/stilanddesign.se\/en\/wp-json\/wp\/v2\/comments?post=1076125"}],"wp:featuredmedia":[{"embeddable":true,"href":"https:\/\/stilanddesign.se\/en\/wp-json\/wp\/v2\/media\/1076130"}],"wp:attachment":[{"href":"https:\/\/stilanddesign.se\/en\/wp-json\/wp\/v2\/media?parent=1076125"}],"wp:term":[{"taxonomy":"product_brand","embeddable":true,"href":"https:\/\/stilanddesign.se\/en\/wp-json\/wp\/v2\/product_brand?post=1076125"},{"taxonomy":"product_cat","embeddable":true,"href":"https:\/\/stilanddesign.se\/en\/wp-json\/wp\/v2\/product_cat?post=1076125"},{"taxonomy":"product_tag","embeddable":true,"href":"https:\/\/stilanddesign.se\/en\/wp-json\/wp\/v2\/product_tag?post=1076125"}],"curies":[{"name":"wp","href":"https:\/\/api.w.org\/{rel}","templated":true}]}}