{"id":1076101,"date":"2026-05-04T13:07:45","date_gmt":"2026-05-04T11:07:45","guid":{"rendered":"https:\/\/stilanddesign.se\/?post_type=product&#038;p=1076101"},"modified":"2026-05-04T20:41:47","modified_gmt":"2026-05-04T18:41:47","slug":"fin-randig-skjortblus-med-kort-arm-i-beige","status":"publish","type":"product","link":"https:\/\/stilanddesign.se\/en\/product\/fin-randig-skjortblus-med-kort-arm-i-beige\/","title":{"rendered":"Nice striped shirt blouse with short sleeves in beige"},"content":{"rendered":"<p data-start=\"520\" data-end=\"664\">Nice striped shirt blouse with short sleeves<\/p>\n<p data-start=\"520\" data-end=\"664\">The blouse has a beige bottom with nougat stripes.<\/p>\n<p data-start=\"520\" data-end=\"664\">Has a shirt collar and fastens with buttons all the way down the front<\/p>\n<p data-start=\"520\" data-end=\"664\">Has an open pocket on the front left chest<\/p>\n<p data-start=\"520\" data-end=\"664\">Short sleeve with a small turn-up<\/p>\n<p data-start=\"520\" data-end=\"664\">The blouse is a little longer at the back.<\/p>\n<p data-start=\"520\" data-end=\"664\">Normal in size<\/p>\n<p data-start=\"520\" data-end=\"664\">Material: 100% Rayon<\/p>\n<p data-start=\"520\" data-end=\"664\">Washing instructions: 30 degrees<\/p>","protected":false},"excerpt":{"rendered":"<p data-start=\"520\" data-end=\"664\">Nice striped shirt blouse with short sleeves<\/p>\n<p data-start=\"520\" data-end=\"664\">The blouse has a beige bottom with nougat stripes.<\/p>\n<p data-start=\"520\" data-end=\"664\">Has a shirt collar and fastens with buttons all the way down the front<\/p>\n<p data-start=\"520\" data-end=\"664\">Has an open pocket on the front left chest<\/p>\n<p data-start=\"520\" data-end=\"664\">Short sleeve with a small turn-up<\/p>\n<p data-start=\"520\" data-end=\"664\">The blouse is a little longer at the back.<\/p>\n<p data-start=\"520\" data-end=\"664\">Normal in size<\/p>\n<p data-start=\"520\" data-end=\"664\">Material: 100% Rayon<\/p>\n<p data-start=\"520\" data-end=\"664\">Washing instructions: 30 degrees<\/p>","protected":false},"featured_media":1076096,"comment_status":"closed","ping_status":"closed","template":"","meta":[],"product_brand":[],"product_cat":[211,217,214],"product_tag":[],"class_list":{"0":"post-1076101","1":"product","2":"type-product","3":"status-publish","4":"has-post-thumbnail","6":"product_cat-blusar","7":"product_cat-produktnyheter","8":"product_cat-skjorta-langskjorta","10":"first","11":"instock","12":"taxable","13":"shipping-taxable","14":"purchasable","15":"product-type-variable"},"yoast_head":"<!-- This site is optimized with the Yoast SEO Premium plugin v27.4 (Yoast SEO v27.5) - https:\/\/yoast.com\/product\/yoast-seo-premium-wordpress\/ -->\n<title>Fin randig skjortblus med kort \u00e4rm i beige - Stil &amp; Design<\/title>\n<meta name=\"robots\" content=\"index, follow, max-snippet:-1, max-image-preview:large, max-video-preview:-1\" \/>\n<link rel=\"canonical\" href=\"https:\/\/stilanddesign.se\/en\/product\/fin-randig-skjortblus-med-kort-arm-i-beige\/\" \/>\n<meta property=\"og:locale\" content=\"en_US\" \/>\n<meta property=\"og:type\" content=\"article\" \/>\n<meta property=\"og:title\" content=\"Fin randig skjortblus med kort \u00e4rm i beige\" \/>\n<meta property=\"og:description\" content=\"Fin randig skjortblus med kort \u00e4rm Blusen har beige botten med r\u00e4nder i nougat Har skjortkrage och kn\u00e4pps med knappar hela v\u00e4gen framtill Har en \u00f6ppen ficka fram p\u00e5 v\u00e4nster br\u00f6st Kort \u00e4rm med ett litet uppvik Blusen \u00e4r lite l\u00e4ngre baktill Normal i storlek Material: 100% Rayon Tv\u00e4ttr\u00e5d: 30 grader\" \/>\n<meta property=\"og:url\" content=\"https:\/\/stilanddesign.se\/en\/product\/fin-randig-skjortblus-med-kort-arm-i-beige\/\" \/>\n<meta property=\"og:site_name\" content=\"Stil &amp; Design\" \/>\n<meta property=\"article:modified_time\" content=\"2026-05-04T18:41:47+00:00\" \/>\n<meta name=\"twitter:card\" content=\"summary_large_image\" \/>\n<meta name=\"twitter:label1\" content=\"Est. reading time\" \/>\n\t<meta name=\"twitter:data1\" content=\"1 minute\" \/>\n<script type=\"application\/ld+json\" class=\"yoast-schema-graph\">{\"@context\":\"https:\\\/\\\/schema.org\",\"@graph\":[{\"@type\":\"WebPage\",\"@id\":\"https:\\\/\\\/stilanddesign.se\\\/produkt\\\/fin-randig-skjortblus-med-kort-arm-i-beige\\\/\",\"url\":\"https:\\\/\\\/stilanddesign.se\\\/produkt\\\/fin-randig-skjortblus-med-kort-arm-i-beige\\\/\",\"name\":\"Fin randig skjortblus med kort \u00e4rm i beige - Stil &amp; Design\",\"isPartOf\":{\"@id\":\"https:\\\/\\\/stilanddesign.se\\\/#website\"},\"primaryImageOfPage\":{\"@id\":\"https:\\\/\\\/stilanddesign.se\\\/produkt\\\/fin-randig-skjortblus-med-kort-arm-i-beige\\\/#primaryimage\"},\"image\":{\"@id\":\"https:\\\/\\\/stilanddesign.se\\\/produkt\\\/fin-randig-skjortblus-med-kort-arm-i-beige\\\/#primaryimage\"},\"thumbnailUrl\":\"https:\\\/\\\/stilanddesign.se\\\/wp-content\\\/uploads\\\/2026\\\/05\\\/8588558211111.jpg\",\"datePublished\":\"2026-05-04T11:07:45+00:00\",\"dateModified\":\"2026-05-04T18:41:47+00:00\",\"breadcrumb\":{\"@id\":\"https:\\\/\\\/stilanddesign.se\\\/produkt\\\/fin-randig-skjortblus-med-kort-arm-i-beige\\\/#breadcrumb\"},\"inLanguage\":\"en-US\",\"potentialAction\":[{\"@type\":\"ReadAction\",\"target\":[\"https:\\\/\\\/stilanddesign.se\\\/produkt\\\/fin-randig-skjortblus-med-kort-arm-i-beige\\\/\"]}]},{\"@type\":\"ImageObject\",\"inLanguage\":\"en-US\",\"@id\":\"https:\\\/\\\/stilanddesign.se\\\/produkt\\\/fin-randig-skjortblus-med-kort-arm-i-beige\\\/#primaryimage\",\"url\":\"https:\\\/\\\/stilanddesign.se\\\/wp-content\\\/uploads\\\/2026\\\/05\\\/8588558211111.jpg\",\"contentUrl\":\"https:\\\/\\\/stilanddesign.se\\\/wp-content\\\/uploads\\\/2026\\\/05\\\/8588558211111.jpg\",\"width\":396,\"height\":640,\"caption\":\"Fin randig skjortblus med kort \u00e4rm\"},{\"@type\":\"BreadcrumbList\",\"@id\":\"https:\\\/\\\/stilanddesign.se\\\/produkt\\\/fin-randig-skjortblus-med-kort-arm-i-beige\\\/#breadcrumb\",\"itemListElement\":[{\"@type\":\"ListItem\",\"position\":1,\"name\":\"Hem\",\"item\":\"https:\\\/\\\/stilanddesign.se\\\/\"},{\"@type\":\"ListItem\",\"position\":2,\"name\":\"Butiken\",\"item\":\"https:\\\/\\\/stilanddesign.se\\\/butiken\\\/\"},{\"@type\":\"ListItem\",\"position\":3,\"name\":\"Fin randig skjortblus med kort \u00e4rm i beige\"}]},{\"@type\":\"WebSite\",\"@id\":\"https:\\\/\\\/stilanddesign.se\\\/#website\",\"url\":\"https:\\\/\\\/stilanddesign.se\\\/\",\"name\":\"Stil &amp; Design\",\"description\":\"F\u00f6r oss som \u00e4lskar mode!\",\"publisher\":{\"@id\":\"https:\\\/\\\/stilanddesign.se\\\/#organization\"},\"potentialAction\":[{\"@type\":\"SearchAction\",\"target\":{\"@type\":\"EntryPoint\",\"urlTemplate\":\"https:\\\/\\\/stilanddesign.se\\\/?s={search_term_string}\"},\"query-input\":{\"@type\":\"PropertyValueSpecification\",\"valueRequired\":true,\"valueName\":\"search_term_string\"}}],\"inLanguage\":\"en-US\"},{\"@type\":\"Organization\",\"@id\":\"https:\\\/\\\/stilanddesign.se\\\/#organization\",\"name\":\"Stil &amp; Design\",\"url\":\"https:\\\/\\\/stilanddesign.se\\\/\",\"logo\":{\"@type\":\"ImageObject\",\"inLanguage\":\"en-US\",\"@id\":\"https:\\\/\\\/stilanddesign.se\\\/#\\\/schema\\\/logo\\\/image\\\/\",\"url\":\"https:\\\/\\\/stilanddesign.se\\\/wp-content\\\/uploads\\\/2023\\\/12\\\/output-onlinepngtools-e1727784413220.png\",\"contentUrl\":\"https:\\\/\\\/stilanddesign.se\\\/wp-content\\\/uploads\\\/2023\\\/12\\\/output-onlinepngtools-e1727784413220.png\",\"width\":519,\"height\":135,\"caption\":\"Stil &amp; Design\"},\"image\":{\"@id\":\"https:\\\/\\\/stilanddesign.se\\\/#\\\/schema\\\/logo\\\/image\\\/\"}}]}<\/script>\n<!-- \/ Yoast SEO Premium plugin. -->","yoast_head_json":{"title":"Fin randig skjortblus med kort \u00e4rm i beige - Stil &amp; Design","robots":{"index":"index","follow":"follow","max-snippet":"max-snippet:-1","max-image-preview":"max-image-preview:large","max-video-preview":"max-video-preview:-1"},"canonical":"https:\/\/stilanddesign.se\/en\/product\/fin-randig-skjortblus-med-kort-arm-i-beige\/","og_locale":"en_US","og_type":"article","og_title":"Fin randig skjortblus med kort \u00e4rm i beige","og_description":"Fin randig skjortblus med kort \u00e4rm Blusen har beige botten med r\u00e4nder i nougat Har skjortkrage och kn\u00e4pps med knappar hela v\u00e4gen framtill Har en \u00f6ppen ficka fram p\u00e5 v\u00e4nster br\u00f6st Kort \u00e4rm med ett litet uppvik Blusen \u00e4r lite l\u00e4ngre baktill Normal i storlek Material: 100% Rayon Tv\u00e4ttr\u00e5d: 30 grader","og_url":"https:\/\/stilanddesign.se\/en\/product\/fin-randig-skjortblus-med-kort-arm-i-beige\/","og_site_name":"Stil &amp; Design","article_modified_time":"2026-05-04T18:41:47+00:00","twitter_card":"summary_large_image","twitter_misc":{"Est. reading time":"1 minute"},"schema":{"@context":"https:\/\/schema.org","@graph":[{"@type":"WebPage","@id":"https:\/\/stilanddesign.se\/produkt\/fin-randig-skjortblus-med-kort-arm-i-beige\/","url":"https:\/\/stilanddesign.se\/produkt\/fin-randig-skjortblus-med-kort-arm-i-beige\/","name":"Fin randig skjortblus med kort \u00e4rm i beige - Stil &amp; Design","isPartOf":{"@id":"https:\/\/stilanddesign.se\/#website"},"primaryImageOfPage":{"@id":"https:\/\/stilanddesign.se\/produkt\/fin-randig-skjortblus-med-kort-arm-i-beige\/#primaryimage"},"image":{"@id":"https:\/\/stilanddesign.se\/produkt\/fin-randig-skjortblus-med-kort-arm-i-beige\/#primaryimage"},"thumbnailUrl":"https:\/\/stilanddesign.se\/wp-content\/uploads\/2026\/05\/8588558211111.jpg","datePublished":"2026-05-04T11:07:45+00:00","dateModified":"2026-05-04T18:41:47+00:00","breadcrumb":{"@id":"https:\/\/stilanddesign.se\/produkt\/fin-randig-skjortblus-med-kort-arm-i-beige\/#breadcrumb"},"inLanguage":"en-US","potentialAction":[{"@type":"ReadAction","target":["https:\/\/stilanddesign.se\/produkt\/fin-randig-skjortblus-med-kort-arm-i-beige\/"]}]},{"@type":"ImageObject","inLanguage":"en-US","@id":"https:\/\/stilanddesign.se\/produkt\/fin-randig-skjortblus-med-kort-arm-i-beige\/#primaryimage","url":"https:\/\/stilanddesign.se\/wp-content\/uploads\/2026\/05\/8588558211111.jpg","contentUrl":"https:\/\/stilanddesign.se\/wp-content\/uploads\/2026\/05\/8588558211111.jpg","width":396,"height":640,"caption":"Fin randig skjortblus med kort \u00e4rm"},{"@type":"BreadcrumbList","@id":"https:\/\/stilanddesign.se\/produkt\/fin-randig-skjortblus-med-kort-arm-i-beige\/#breadcrumb","itemListElement":[{"@type":"ListItem","position":1,"name":"Hem","item":"https:\/\/stilanddesign.se\/"},{"@type":"ListItem","position":2,"name":"Butiken","item":"https:\/\/stilanddesign.se\/butiken\/"},{"@type":"ListItem","position":3,"name":"Fin randig skjortblus med kort \u00e4rm i beige"}]},{"@type":"WebSite","@id":"https:\/\/stilanddesign.se\/#website","url":"https:\/\/stilanddesign.se\/","name":"Style &amp; Design","description":"For those of us who love fashion!","publisher":{"@id":"https:\/\/stilanddesign.se\/#organization"},"potentialAction":[{"@type":"SearchAction","target":{"@type":"EntryPoint","urlTemplate":"https:\/\/stilanddesign.se\/?s={search_term_string}"},"query-input":{"@type":"PropertyValueSpecification","valueRequired":true,"valueName":"search_term_string"}}],"inLanguage":"en-US"},{"@type":"Organization","@id":"https:\/\/stilanddesign.se\/#organization","name":"Style &amp; Design","url":"https:\/\/stilanddesign.se\/","logo":{"@type":"ImageObject","inLanguage":"en-US","@id":"https:\/\/stilanddesign.se\/#\/schema\/logo\/image\/","url":"https:\/\/stilanddesign.se\/wp-content\/uploads\/2023\/12\/output-onlinepngtools-e1727784413220.png","contentUrl":"https:\/\/stilanddesign.se\/wp-content\/uploads\/2023\/12\/output-onlinepngtools-e1727784413220.png","width":519,"height":135,"caption":"Stil &amp; Design"},"image":{"@id":"https:\/\/stilanddesign.se\/#\/schema\/logo\/image\/"}}]}},"_links":{"self":[{"href":"https:\/\/stilanddesign.se\/en\/wp-json\/wp\/v2\/product\/1076101","targetHints":{"allow":["GET"]}}],"collection":[{"href":"https:\/\/stilanddesign.se\/en\/wp-json\/wp\/v2\/product"}],"about":[{"href":"https:\/\/stilanddesign.se\/en\/wp-json\/wp\/v2\/types\/product"}],"replies":[{"embeddable":true,"href":"https:\/\/stilanddesign.se\/en\/wp-json\/wp\/v2\/comments?post=1076101"}],"wp:featuredmedia":[{"embeddable":true,"href":"https:\/\/stilanddesign.se\/en\/wp-json\/wp\/v2\/media\/1076096"}],"wp:attachment":[{"href":"https:\/\/stilanddesign.se\/en\/wp-json\/wp\/v2\/media?parent=1076101"}],"wp:term":[{"taxonomy":"product_brand","embeddable":true,"href":"https:\/\/stilanddesign.se\/en\/wp-json\/wp\/v2\/product_brand?post=1076101"},{"taxonomy":"product_cat","embeddable":true,"href":"https:\/\/stilanddesign.se\/en\/wp-json\/wp\/v2\/product_cat?post=1076101"},{"taxonomy":"product_tag","embeddable":true,"href":"https:\/\/stilanddesign.se\/en\/wp-json\/wp\/v2\/product_tag?post=1076101"}],"curies":[{"name":"wp","href":"https:\/\/api.w.org\/{rel}","templated":true}]}}