{"id":1076053,"date":"2026-05-08T14:04:36","date_gmt":"2026-05-08T12:04:36","guid":{"rendered":"https:\/\/stilanddesign.se\/?post_type=product&#038;p=1076053"},"modified":"2026-05-13T11:47:42","modified_gmt":"2026-05-13T09:47:42","slug":"%f0%9f%8c%b8-blommonstrad-topp-med-puffarm-fran-sisters-point-feminin-lekfull-%e2%9c%a8","status":"publish","type":"product","link":"https:\/\/stilanddesign.se\/en\/product\/%f0%9f%8c%b8-blommonstrad-topp-med-puffarm-fran-sisters-point-feminin-lekfull-%e2%9c%a8\/","title":{"rendered":"\ud83c\udf38 Floral top with puff sleeves from Sisters Point \u2013 feminine &amp; playful \u2728"},"content":{"rendered":"<section class=\"text-token-text-primary w-full focus:outline-none [--shadow-height:45px] has-data-writing-block:pointer-events-none has-data-writing-block:-mt-(--shadow-height) has-data-writing-block:pt-(--shadow-height) [&amp;:has([data-writing-block])&gt;*]:pointer-events-auto R6Vx5W_threadScrollVars scroll-mb-[calc(var(--scroll-root-safe-area-inset-bottom,0px)+var(--thread-response-height))] scroll-mt-(--header-height)\" dir=\"auto\" data-turn-id=\"3333a964-96bf-402d-8ce7-7d499c3ab223\" data-testid=\"conversation-turn-537\" data-scroll-anchor=\"false\" data-turn=\"user\"><\/section>\n<section class=\"text-token-text-primary w-full focus:outline-none [--shadow-height:45px] has-data-writing-block:pointer-events-none has-data-writing-block:-mt-(--shadow-height) has-data-writing-block:pt-(--shadow-height) [&amp;:has([data-writing-block])&gt;*]:pointer-events-auto [content-visibility:auto] supports-[content-visibility:auto]:[contain-intrinsic-size:auto_100lvh] R6Vx5W_threadScrollVars scroll-mb-[calc(var(--scroll-root-safe-area-inset-bottom,0px)+var(--thread-response-height))] scroll-mt-[calc(var(--header-height)+min(200px,max(70px,20svh)))]\" dir=\"auto\" data-turn-id=\"request-69c67431-7e34-8333-9a36-98c4a980f78b-25\" data-testid=\"conversation-turn-538\" data-scroll-anchor=\"false\" data-turn=\"assistant\">\n<div class=\"text-base my-auto mx-auto pb-10 [--thread-content-margin:var(--thread-content-margin-xs,calc(var(--spacing)*4))] @w-sm\/main:[--thread-content-margin:var(--thread-content-margin-sm,calc(var(--spacing)*6))] @w-lg\/main:[--thread-content-margin:var(--thread-content-margin-lg,calc(var(--spacing)*16))] px-(--thread-content-margin)\">\n<div class=\"[--thread-content-max-width:40rem] @w-lg\/main:[--thread-content-max-width:48rem] mx-auto max-w-(--thread-content-max-width) flex-1 group\/turn-messages focus-visible:outline-hidden relative flex w-full min-w-0 flex-col agent-turn\">\n<div class=\"flex max-w-full flex-col gap-4 grow\">\n<div class=\"min-h-8 text-message relative flex w-full flex-col items-end gap-2 text-start break-words whitespace-normal outline-none keyboard-focused:focus-ring [.text-message+&amp;]:mt-1\" dir=\"auto\" tabindex=\"0\" data-message-author-role=\"assistant\" data-message-id=\"5d2a20ff-a130-4bbd-834e-cf00c4d606d6\" data-message-model-slug=\"gpt-5-3\" data-turn-start-message=\"true\">\n<div class=\"flex w-full flex-col gap-1 empty:hidden\">\n<div class=\"markdown prose dark:prose-invert w-full wrap-break-word light markdown-new-styling\">\n<p data-start=\"0\" data-end=\"79\">\ud83c\udf38 <strong data-start=\"3\" data-end=\"75\">Blomm\u00f6nstrad topp med puff\u00e4rm fr\u00e5n Sisters Point \u2013 feminin &amp; lekfull<\/strong> \u2728<\/p>\n<p data-start=\"81\" data-end=\"331\">\ud83d\udc5a Rosa topp med vackert blomm\u00f6nster<br data-start=\"117\" data-end=\"120\" \/>\ud83d\udcab Trendiga puff\u00e4rmar som ger en fin och mjuk silhuett<br data-start=\"174\" data-end=\"177\" \/>\ud83d\udc96 Smickrande V-ringning framtill<br data-start=\"210\" data-end=\"213\" \/>\ud83c\udf3f Mjuk och f\u00f6ljsam kvalitet som \u00e4r sk\u00f6n att b\u00e4ra hela dagen<br data-start=\"273\" data-end=\"276\" data-is-only-node=\"\" \/>\ud83d\udc4c Perfekt b\u00e5de till vardag och festligare tillf\u00e4llen<\/p>\n<p data-start=\"333\" data-end=\"400\">\ud83d\udccf <strong data-start=\"336\" data-end=\"350\">Storlekar:<\/strong> XS\u2013XL<br data-start=\"356\" data-end=\"359\" \/>\ud83d\udcd0 Modellen \u00e4r 171 cm och b\u00e4r storlek S<\/p>\n<p data-start=\"402\" data-end=\"467\">\ud83e\uddf5 <strong data-start=\"405\" data-end=\"418\">Material:<\/strong> 95% polyester, 5% elastan<br data-start=\"444\" data-end=\"447\" \/>\ud83e\udee7 <strong data-start=\"450\" data-end=\"460\">Tv\u00e4tt:<\/strong> 30\u00b0C<\/p>\n<p data-start=\"469\" data-end=\"584\">\ud83d\udc56 <strong data-start=\"472\" data-end=\"488\">Stylingtips:<\/strong> Matcha med jeans f\u00f6r en avslappnad look eller med kjol f\u00f6r en mer uppkl\u00e4dd och somrig stil \ud83d\udc95<\/p>\n<p data-start=\"586\" data-end=\"642\" data-is-last-node=\"\" data-is-only-node=\"\">\ud83d\udc96 En romantisk topp som ger din outfit f\u00e4rg och liv \ud83c\udf38\u2728<\/p>\n<\/div>\n<\/div>\n<\/div>\n<\/div>\n<\/div>\n<\/div>\n<\/section>\n","protected":false},"excerpt":{"rendered":"<section class=\"text-token-text-primary w-full focus:outline-none [--shadow-height:45px] has-data-writing-block:pointer-events-none has-data-writing-block:-mt-(--shadow-height) has-data-writing-block:pt-(--shadow-height) [&amp;:has([data-writing-block])&gt;*]:pointer-events-auto R6Vx5W_threadScrollVars scroll-mb-[calc(var(--scroll-root-safe-area-inset-bottom,0px)+var(--thread-response-height))] scroll-mt-(--header-height)\" dir=\"auto\" data-turn-id=\"3333a964-96bf-402d-8ce7-7d499c3ab223\" data-testid=\"conversation-turn-537\" data-scroll-anchor=\"false\" data-turn=\"user\"><\/section>\n<section class=\"text-token-text-primary w-full focus:outline-none [--shadow-height:45px] has-data-writing-block:pointer-events-none has-data-writing-block:-mt-(--shadow-height) has-data-writing-block:pt-(--shadow-height) [&amp;:has([data-writing-block])&gt;*]:pointer-events-auto [content-visibility:auto] supports-[content-visibility:auto]:[contain-intrinsic-size:auto_100lvh] R6Vx5W_threadScrollVars scroll-mb-[calc(var(--scroll-root-safe-area-inset-bottom,0px)+var(--thread-response-height))] scroll-mt-[calc(var(--header-height)+min(200px,max(70px,20svh)))]\" dir=\"auto\" data-turn-id=\"request-69c67431-7e34-8333-9a36-98c4a980f78b-25\" data-testid=\"conversation-turn-538\" data-scroll-anchor=\"false\" data-turn=\"assistant\">\n<div class=\"text-base my-auto mx-auto pb-10 [--thread-content-margin:var(--thread-content-margin-xs,calc(var(--spacing)*4))] @w-sm\/main:[--thread-content-margin:var(--thread-content-margin-sm,calc(var(--spacing)*6))] @w-lg\/main:[--thread-content-margin:var(--thread-content-margin-lg,calc(var(--spacing)*16))] px-(--thread-content-margin)\">\n<div class=\"[--thread-content-max-width:40rem] @w-lg\/main:[--thread-content-max-width:48rem] mx-auto max-w-(--thread-content-max-width) flex-1 group\/turn-messages focus-visible:outline-hidden relative flex w-full min-w-0 flex-col agent-turn\">\n<div class=\"flex max-w-full flex-col gap-4 grow\">\n<div class=\"min-h-8 text-message relative flex w-full flex-col items-end gap-2 text-start break-words whitespace-normal outline-none keyboard-focused:focus-ring [.text-message+&amp;]:mt-1\" dir=\"auto\" tabindex=\"0\" data-message-author-role=\"assistant\" data-message-id=\"5d2a20ff-a130-4bbd-834e-cf00c4d606d6\" data-message-model-slug=\"gpt-5-3\" data-turn-start-message=\"true\">\n<div class=\"flex w-full flex-col gap-1 empty:hidden\">\n<div class=\"markdown prose dark:prose-invert w-full wrap-break-word light markdown-new-styling\">\n<p data-start=\"0\" data-end=\"79\">\ud83c\udf38 <strong data-start=\"3\" data-end=\"75\">Blomm\u00f6nstrad topp med puff\u00e4rm fr\u00e5n Sisters Point \u2013 feminin &amp; lekfull<\/strong> \u2728<\/p>\n<p data-start=\"81\" data-end=\"331\">\ud83d\udc5a Rosa topp med vackert blomm\u00f6nster<br data-start=\"117\" data-end=\"120\" \/>\ud83d\udcab Trendiga puff\u00e4rmar som ger en fin och mjuk silhuett<br data-start=\"174\" data-end=\"177\" \/>\ud83d\udc96 Smickrande V-ringning framtill<br data-start=\"210\" data-end=\"213\" \/>\ud83c\udf3f Mjuk och f\u00f6ljsam kvalitet som \u00e4r sk\u00f6n att b\u00e4ra hela dagen<br data-start=\"273\" data-end=\"276\" data-is-only-node=\"\" \/>\ud83d\udc4c Perfekt b\u00e5de till vardag och festligare tillf\u00e4llen<\/p>\n<p data-start=\"333\" data-end=\"400\">\ud83d\udccf <strong data-start=\"336\" data-end=\"350\">Storlekar:<\/strong> XS\u2013XL<br data-start=\"356\" data-end=\"359\" \/>\ud83d\udcd0 Modellen \u00e4r 171 cm och b\u00e4r storlek S<\/p>\n<p data-start=\"402\" data-end=\"467\">\ud83e\uddf5 <strong data-start=\"405\" data-end=\"418\">Material:<\/strong> 95% polyester, 5% elastan<br data-start=\"444\" data-end=\"447\" \/>\ud83e\udee7 <strong data-start=\"450\" data-end=\"460\">Tv\u00e4tt:<\/strong> 30\u00b0C<\/p>\n<p data-start=\"469\" data-end=\"584\">\ud83d\udc56 <strong data-start=\"472\" data-end=\"488\">Stylingtips:<\/strong> Matcha med jeans f\u00f6r en avslappnad look eller med kjol f\u00f6r en mer uppkl\u00e4dd och somrig stil \ud83d\udc95<\/p>\n<p data-start=\"586\" data-end=\"642\" data-is-last-node=\"\" data-is-only-node=\"\">\ud83d\udc96 En romantisk topp som ger din outfit f\u00e4rg och liv \ud83c\udf38\u2728<\/p>\n<\/div>\n<\/div>\n<\/div>\n<\/div>\n<\/div>\n<\/div>\n<\/section>\n","protected":false},"featured_media":1076041,"comment_status":"closed","ping_status":"closed","template":"","meta":[],"product_brand":[],"product_cat":[211,217,222],"product_tag":[],"class_list":{"0":"post-1076053","1":"product","2":"type-product","3":"status-publish","4":"has-post-thumbnail","6":"product_cat-blusar","7":"product_cat-produktnyheter","8":"product_cat-toppar-tischor","10":"first","11":"instock","12":"taxable","13":"shipping-taxable","14":"purchasable","15":"product-type-variable"},"yoast_head":"<!-- This site is optimized with the Yoast SEO Premium plugin v27.4 (Yoast SEO v27.6) - https:\/\/yoast.com\/product\/yoast-seo-premium-wordpress\/ -->\n<title>\ud83c\udf38 Blomm\u00f6nstrad topp med puff\u00e4rm fr\u00e5n Sisters Point \u2013 feminin &amp; lekfull \u2728 - Stil &amp; Design<\/title>\n<meta name=\"robots\" content=\"index, follow, max-snippet:-1, max-image-preview:large, max-video-preview:-1\" \/>\n<link rel=\"canonical\" href=\"https:\/\/stilanddesign.se\/en\/product\/\ud83c\udf38-blommonstrad-topp-med-puffarm-fran-sisters-point-feminin-lekfull-\u2728\/\" \/>\n<meta property=\"og:locale\" content=\"en_US\" \/>\n<meta property=\"og:type\" content=\"article\" \/>\n<meta property=\"og:title\" content=\"\ud83c\udf38 Blomm\u00f6nstrad topp med puff\u00e4rm fr\u00e5n Sisters Point \u2013 feminin &amp; lekfull \u2728\" \/>\n<meta property=\"og:description\" content=\"\ud83c\udf38 Blomm\u00f6nstrad topp med puff\u00e4rm fr\u00e5n Sisters Point \u2013 feminin &amp; lekfull \u2728 \ud83d\udc5a Rosa topp med vackert blomm\u00f6nster\ud83d\udcab Trendiga puff\u00e4rmar som ger en fin och mjuk silhuett\ud83d\udc96 Smickrande V-ringning framtill\ud83c\udf3f Mjuk och f\u00f6ljsam kvalitet som \u00e4r sk\u00f6n att b\u00e4ra hela dagen\ud83d\udc4c Perfekt b\u00e5de till vardag och festligare tillf\u00e4llen \ud83d\udccf Storlekar: XS\u2013XL\ud83d\udcd0 Modellen \u00e4r 171 cm och b\u00e4r storlek S \ud83e\uddf5 Material: 95% polyester, 5% elastan\ud83e\udee7 Tv\u00e4tt: 30\u00b0C \ud83d\udc56 Stylingtips: Matcha med jeans f\u00f6r en avslappnad look eller med kjol f\u00f6r en mer uppkl\u00e4dd och somrig stil \ud83d\udc95 \ud83d\udc96 En romantisk topp som ger din outfit f\u00e4rg och liv \ud83c\udf38\u2728\" \/>\n<meta property=\"og:url\" content=\"https:\/\/stilanddesign.se\/en\/product\/\ud83c\udf38-blommonstrad-topp-med-puffarm-fran-sisters-point-feminin-lekfull-\u2728\/\" \/>\n<meta property=\"og:site_name\" content=\"Stil &amp; Design\" \/>\n<meta property=\"article:modified_time\" content=\"2026-05-13T09:47:42+00:00\" \/>\n<meta property=\"og:image\" content=\"https:\/\/stilanddesign.se\/wp-content\/uploads\/2026\/05\/8987987777777777777.jpg\" \/>\n\t<meta property=\"og:image:width\" content=\"444\" \/>\n\t<meta property=\"og:image:height\" content=\"640\" \/>\n\t<meta property=\"og:image:type\" content=\"image\/jpeg\" \/>\n<meta name=\"twitter:card\" content=\"summary_large_image\" \/>\n<meta name=\"twitter:label1\" content=\"Est. reading time\" \/>\n\t<meta name=\"twitter:data1\" content=\"1 minute\" \/>\n<script type=\"application\/ld+json\" class=\"yoast-schema-graph\">{\"@context\":\"https:\\\/\\\/schema.org\",\"@graph\":[{\"@type\":\"WebPage\",\"@id\":\"https:\\\/\\\/stilanddesign.se\\\/produkt\\\/%f0%9f%8c%b8-blommonstrad-topp-med-puffarm-fran-sisters-point-feminin-lekfull-%e2%9c%a8\\\/\",\"url\":\"https:\\\/\\\/stilanddesign.se\\\/produkt\\\/%f0%9f%8c%b8-blommonstrad-topp-med-puffarm-fran-sisters-point-feminin-lekfull-%e2%9c%a8\\\/\",\"name\":\"\ud83c\udf38 Blomm\u00f6nstrad topp med puff\u00e4rm fr\u00e5n Sisters Point \u2013 feminin & lekfull \u2728 - Stil &amp; Design\",\"isPartOf\":{\"@id\":\"https:\\\/\\\/stilanddesign.se\\\/#website\"},\"primaryImageOfPage\":{\"@id\":\"https:\\\/\\\/stilanddesign.se\\\/produkt\\\/%f0%9f%8c%b8-blommonstrad-topp-med-puffarm-fran-sisters-point-feminin-lekfull-%e2%9c%a8\\\/#primaryimage\"},\"image\":{\"@id\":\"https:\\\/\\\/stilanddesign.se\\\/produkt\\\/%f0%9f%8c%b8-blommonstrad-topp-med-puffarm-fran-sisters-point-feminin-lekfull-%e2%9c%a8\\\/#primaryimage\"},\"thumbnailUrl\":\"https:\\\/\\\/stilanddesign.se\\\/wp-content\\\/uploads\\\/2026\\\/05\\\/8987987777777777777.jpg\",\"datePublished\":\"2026-05-08T12:04:36+00:00\",\"dateModified\":\"2026-05-13T09:47:42+00:00\",\"breadcrumb\":{\"@id\":\"https:\\\/\\\/stilanddesign.se\\\/produkt\\\/%f0%9f%8c%b8-blommonstrad-topp-med-puffarm-fran-sisters-point-feminin-lekfull-%e2%9c%a8\\\/#breadcrumb\"},\"inLanguage\":\"en-US\",\"potentialAction\":[{\"@type\":\"ReadAction\",\"target\":[\"https:\\\/\\\/stilanddesign.se\\\/produkt\\\/%f0%9f%8c%b8-blommonstrad-topp-med-puffarm-fran-sisters-point-feminin-lekfull-%e2%9c%a8\\\/\"]}]},{\"@type\":\"ImageObject\",\"inLanguage\":\"en-US\",\"@id\":\"https:\\\/\\\/stilanddesign.se\\\/produkt\\\/%f0%9f%8c%b8-blommonstrad-topp-med-puffarm-fran-sisters-point-feminin-lekfull-%e2%9c%a8\\\/#primaryimage\",\"url\":\"https:\\\/\\\/stilanddesign.se\\\/wp-content\\\/uploads\\\/2026\\\/05\\\/8987987777777777777.jpg\",\"contentUrl\":\"https:\\\/\\\/stilanddesign.se\\\/wp-content\\\/uploads\\\/2026\\\/05\\\/8987987777777777777.jpg\",\"width\":444,\"height\":640,\"caption\":\"Snygg rosablommig topp fr,Sisters Point\"},{\"@type\":\"BreadcrumbList\",\"@id\":\"https:\\\/\\\/stilanddesign.se\\\/produkt\\\/%f0%9f%8c%b8-blommonstrad-topp-med-puffarm-fran-sisters-point-feminin-lekfull-%e2%9c%a8\\\/#breadcrumb\",\"itemListElement\":[{\"@type\":\"ListItem\",\"position\":1,\"name\":\"Hem\",\"item\":\"https:\\\/\\\/stilanddesign.se\\\/\"},{\"@type\":\"ListItem\",\"position\":2,\"name\":\"Butiken\",\"item\":\"https:\\\/\\\/stilanddesign.se\\\/butiken\\\/\"},{\"@type\":\"ListItem\",\"position\":3,\"name\":\"\ud83c\udf38 Blomm\u00f6nstrad topp med puff\u00e4rm fr\u00e5n Sisters Point \u2013 feminin &#038; lekfull \u2728\"}]},{\"@type\":\"WebSite\",\"@id\":\"https:\\\/\\\/stilanddesign.se\\\/#website\",\"url\":\"https:\\\/\\\/stilanddesign.se\\\/\",\"name\":\"Stil &amp; Design\",\"description\":\"F\u00f6r oss som \u00e4lskar mode!\",\"publisher\":{\"@id\":\"https:\\\/\\\/stilanddesign.se\\\/#organization\"},\"potentialAction\":[{\"@type\":\"SearchAction\",\"target\":{\"@type\":\"EntryPoint\",\"urlTemplate\":\"https:\\\/\\\/stilanddesign.se\\\/?s={search_term_string}\"},\"query-input\":{\"@type\":\"PropertyValueSpecification\",\"valueRequired\":true,\"valueName\":\"search_term_string\"}}],\"inLanguage\":\"en-US\"},{\"@type\":\"Organization\",\"@id\":\"https:\\\/\\\/stilanddesign.se\\\/#organization\",\"name\":\"Stil &amp; Design\",\"url\":\"https:\\\/\\\/stilanddesign.se\\\/\",\"logo\":{\"@type\":\"ImageObject\",\"inLanguage\":\"en-US\",\"@id\":\"https:\\\/\\\/stilanddesign.se\\\/#\\\/schema\\\/logo\\\/image\\\/\",\"url\":\"https:\\\/\\\/stilanddesign.se\\\/wp-content\\\/uploads\\\/2023\\\/12\\\/output-onlinepngtools-e1727784413220.png\",\"contentUrl\":\"https:\\\/\\\/stilanddesign.se\\\/wp-content\\\/uploads\\\/2023\\\/12\\\/output-onlinepngtools-e1727784413220.png\",\"width\":519,\"height\":135,\"caption\":\"Stil &amp; Design\"},\"image\":{\"@id\":\"https:\\\/\\\/stilanddesign.se\\\/#\\\/schema\\\/logo\\\/image\\\/\"}}]}<\/script>\n<!-- \/ Yoast SEO Premium plugin. -->","yoast_head_json":{"title":"\ud83c\udf38 Blomm\u00f6nstrad topp med puff\u00e4rm fr\u00e5n Sisters Point \u2013 feminin & lekfull \u2728 - Stil &amp; Design","robots":{"index":"index","follow":"follow","max-snippet":"max-snippet:-1","max-image-preview":"max-image-preview:large","max-video-preview":"max-video-preview:-1"},"canonical":"https:\/\/stilanddesign.se\/en\/product\/\ud83c\udf38-blommonstrad-topp-med-puffarm-fran-sisters-point-feminin-lekfull-\u2728\/","og_locale":"en_US","og_type":"article","og_title":"\ud83c\udf38 Blomm\u00f6nstrad topp med puff\u00e4rm fr\u00e5n Sisters Point \u2013 feminin & lekfull \u2728","og_description":"\ud83c\udf38 Blomm\u00f6nstrad topp med puff\u00e4rm fr\u00e5n Sisters Point \u2013 feminin &amp; lekfull \u2728 \ud83d\udc5a Rosa topp med vackert blomm\u00f6nster\ud83d\udcab Trendiga puff\u00e4rmar som ger en fin och mjuk silhuett\ud83d\udc96 Smickrande V-ringning framtill\ud83c\udf3f Mjuk och f\u00f6ljsam kvalitet som \u00e4r sk\u00f6n att b\u00e4ra hela dagen\ud83d\udc4c Perfekt b\u00e5de till vardag och festligare tillf\u00e4llen \ud83d\udccf Storlekar: XS\u2013XL\ud83d\udcd0 Modellen \u00e4r 171 cm och b\u00e4r storlek S \ud83e\uddf5 Material: 95% polyester, 5% elastan\ud83e\udee7 Tv\u00e4tt: 30\u00b0C \ud83d\udc56 Stylingtips: Matcha med jeans f\u00f6r en avslappnad look eller med kjol f\u00f6r en mer uppkl\u00e4dd och somrig stil \ud83d\udc95 \ud83d\udc96 En romantisk topp som ger din outfit f\u00e4rg och liv \ud83c\udf38\u2728","og_url":"https:\/\/stilanddesign.se\/en\/product\/\ud83c\udf38-blommonstrad-topp-med-puffarm-fran-sisters-point-feminin-lekfull-\u2728\/","og_site_name":"Stil &amp; Design","article_modified_time":"2026-05-13T09:47:42+00:00","og_image":[{"width":444,"height":640,"url":"https:\/\/stilanddesign.se\/wp-content\/uploads\/2026\/05\/8987987777777777777.jpg","type":"image\/jpeg"}],"twitter_card":"summary_large_image","twitter_misc":{"Est. reading time":"1 minute"},"schema":{"@context":"https:\/\/schema.org","@graph":[{"@type":"WebPage","@id":"https:\/\/stilanddesign.se\/produkt\/%f0%9f%8c%b8-blommonstrad-topp-med-puffarm-fran-sisters-point-feminin-lekfull-%e2%9c%a8\/","url":"https:\/\/stilanddesign.se\/produkt\/%f0%9f%8c%b8-blommonstrad-topp-med-puffarm-fran-sisters-point-feminin-lekfull-%e2%9c%a8\/","name":"\ud83c\udf38 Blomm\u00f6nstrad topp med puff\u00e4rm fr\u00e5n Sisters Point \u2013 feminin & lekfull \u2728 - Stil &amp; Design","isPartOf":{"@id":"https:\/\/stilanddesign.se\/#website"},"primaryImageOfPage":{"@id":"https:\/\/stilanddesign.se\/produkt\/%f0%9f%8c%b8-blommonstrad-topp-med-puffarm-fran-sisters-point-feminin-lekfull-%e2%9c%a8\/#primaryimage"},"image":{"@id":"https:\/\/stilanddesign.se\/produkt\/%f0%9f%8c%b8-blommonstrad-topp-med-puffarm-fran-sisters-point-feminin-lekfull-%e2%9c%a8\/#primaryimage"},"thumbnailUrl":"https:\/\/stilanddesign.se\/wp-content\/uploads\/2026\/05\/8987987777777777777.jpg","datePublished":"2026-05-08T12:04:36+00:00","dateModified":"2026-05-13T09:47:42+00:00","breadcrumb":{"@id":"https:\/\/stilanddesign.se\/produkt\/%f0%9f%8c%b8-blommonstrad-topp-med-puffarm-fran-sisters-point-feminin-lekfull-%e2%9c%a8\/#breadcrumb"},"inLanguage":"en-US","potentialAction":[{"@type":"ReadAction","target":["https:\/\/stilanddesign.se\/produkt\/%f0%9f%8c%b8-blommonstrad-topp-med-puffarm-fran-sisters-point-feminin-lekfull-%e2%9c%a8\/"]}]},{"@type":"ImageObject","inLanguage":"en-US","@id":"https:\/\/stilanddesign.se\/produkt\/%f0%9f%8c%b8-blommonstrad-topp-med-puffarm-fran-sisters-point-feminin-lekfull-%e2%9c%a8\/#primaryimage","url":"https:\/\/stilanddesign.se\/wp-content\/uploads\/2026\/05\/8987987777777777777.jpg","contentUrl":"https:\/\/stilanddesign.se\/wp-content\/uploads\/2026\/05\/8987987777777777777.jpg","width":444,"height":640,"caption":"Snygg rosablommig topp fr,Sisters Point"},{"@type":"BreadcrumbList","@id":"https:\/\/stilanddesign.se\/produkt\/%f0%9f%8c%b8-blommonstrad-topp-med-puffarm-fran-sisters-point-feminin-lekfull-%e2%9c%a8\/#breadcrumb","itemListElement":[{"@type":"ListItem","position":1,"name":"Hem","item":"https:\/\/stilanddesign.se\/"},{"@type":"ListItem","position":2,"name":"Butiken","item":"https:\/\/stilanddesign.se\/butiken\/"},{"@type":"ListItem","position":3,"name":"\ud83c\udf38 Blomm\u00f6nstrad topp med puff\u00e4rm fr\u00e5n Sisters Point \u2013 feminin &#038; lekfull \u2728"}]},{"@type":"WebSite","@id":"https:\/\/stilanddesign.se\/#website","url":"https:\/\/stilanddesign.se\/","name":"Style &amp; Design","description":"For those of us who love fashion!","publisher":{"@id":"https:\/\/stilanddesign.se\/#organization"},"potentialAction":[{"@type":"SearchAction","target":{"@type":"EntryPoint","urlTemplate":"https:\/\/stilanddesign.se\/?s={search_term_string}"},"query-input":{"@type":"PropertyValueSpecification","valueRequired":true,"valueName":"search_term_string"}}],"inLanguage":"en-US"},{"@type":"Organization","@id":"https:\/\/stilanddesign.se\/#organization","name":"Style &amp; Design","url":"https:\/\/stilanddesign.se\/","logo":{"@type":"ImageObject","inLanguage":"en-US","@id":"https:\/\/stilanddesign.se\/#\/schema\/logo\/image\/","url":"https:\/\/stilanddesign.se\/wp-content\/uploads\/2023\/12\/output-onlinepngtools-e1727784413220.png","contentUrl":"https:\/\/stilanddesign.se\/wp-content\/uploads\/2023\/12\/output-onlinepngtools-e1727784413220.png","width":519,"height":135,"caption":"Stil &amp; Design"},"image":{"@id":"https:\/\/stilanddesign.se\/#\/schema\/logo\/image\/"}}]}},"_links":{"self":[{"href":"https:\/\/stilanddesign.se\/en\/wp-json\/wp\/v2\/product\/1076053","targetHints":{"allow":["GET"]}}],"collection":[{"href":"https:\/\/stilanddesign.se\/en\/wp-json\/wp\/v2\/product"}],"about":[{"href":"https:\/\/stilanddesign.se\/en\/wp-json\/wp\/v2\/types\/product"}],"replies":[{"embeddable":true,"href":"https:\/\/stilanddesign.se\/en\/wp-json\/wp\/v2\/comments?post=1076053"}],"wp:featuredmedia":[{"embeddable":true,"href":"https:\/\/stilanddesign.se\/en\/wp-json\/wp\/v2\/media\/1076041"}],"wp:attachment":[{"href":"https:\/\/stilanddesign.se\/en\/wp-json\/wp\/v2\/media?parent=1076053"}],"wp:term":[{"taxonomy":"product_brand","embeddable":true,"href":"https:\/\/stilanddesign.se\/en\/wp-json\/wp\/v2\/product_brand?post=1076053"},{"taxonomy":"product_cat","embeddable":true,"href":"https:\/\/stilanddesign.se\/en\/wp-json\/wp\/v2\/product_cat?post=1076053"},{"taxonomy":"product_tag","embeddable":true,"href":"https:\/\/stilanddesign.se\/en\/wp-json\/wp\/v2\/product_tag?post=1076053"}],"curies":[{"name":"wp","href":"https:\/\/api.w.org\/{rel}","templated":true}]}}