{"id":1075810,"date":"2026-04-30T09:39:33","date_gmt":"2026-04-30T07:39:33","guid":{"rendered":"https:\/\/stilanddesign.se\/?post_type=product&#038;p=1075810"},"modified":"2026-04-30T09:47:28","modified_gmt":"2026-04-30T07:47:28","slug":"vit-genomknappt-bomullsblus-med-blombard-nertill","status":"publish","type":"product","link":"https:\/\/stilanddesign.se\/en\/product\/vit-genomknappt-bomullsblus-med-blombard-nertill\/","title":{"rendered":"Vit genomkn\u00e4ppt bomullsblus med blomb\u00e5rd nertill"},"content":{"rendered":"<p data-start=\"407\" data-end=\"548\">Bomullsblus med blomb\u00e5rd nertill och \u00e4rm med knappsl\u00e5.<\/p>\n<table class=\"woocommerce-product-attributes shop_attributes\">\n<tbody>\n<tr class=\"woocommerce-product-attributes-item woocommerce-product-attributes-item--attribute_pa_farg\">\n<th class=\"woocommerce-product-attributes-item__label\">Paint<\/th>\n<td class=\"woocommerce-product-attributes-item__value\">,\u00a0<a href=\"https:\/\/mixbyheart.se\/farg\/vit\/\" rel=\"tag\">White<\/a><\/td>\n<\/tr>\n<tr class=\"woocommerce-product-attributes-item woocommerce-product-attributes-item--attribute_pa_material\">\n<th class=\"woocommerce-product-attributes-item__label\">Material<\/th>\n<td class=\"woocommerce-product-attributes-item__value\">100% Cotton<\/td>\n<\/tr>\n<tr class=\"woocommerce-product-attributes-item woocommerce-product-attributes-item--attribute_pa_storlek\">\n<th class=\"woocommerce-product-attributes-item__label\">Size<\/th>\n<td class=\"woocommerce-product-attributes-item__value\"><a href=\"https:\/\/mixbyheart.se\/storlek\/onesize\/\" rel=\"tag\">One size<\/a><\/td>\n<\/tr>\n<\/tbody>\n<\/table>\n<p data-start=\"657\" data-end=\"731\" data-is-last-node=\"\" data-is-only-node=\"\">Blusen har knappar hela v\u00e4gen framtill<\/p>\n<p data-start=\"657\" data-end=\"731\" data-is-last-node=\"\" data-is-only-node=\"\">One size, fits approx. size 34-42<\/p>","protected":false},"excerpt":{"rendered":"<p data-start=\"407\" data-end=\"548\">Bomullsblus med blomb\u00e5rd nertill och \u00e4rm med knappsl\u00e5.<\/p>\n<table class=\"woocommerce-product-attributes shop_attributes\">\n<tbody>\n<tr class=\"woocommerce-product-attributes-item woocommerce-product-attributes-item--attribute_pa_farg\">\n<th class=\"woocommerce-product-attributes-item__label\">Paint<\/th>\n<td class=\"woocommerce-product-attributes-item__value\">,\u00a0<a href=\"https:\/\/mixbyheart.se\/farg\/vit\/\" rel=\"tag\">White<\/a><\/td>\n<\/tr>\n<tr class=\"woocommerce-product-attributes-item woocommerce-product-attributes-item--attribute_pa_material\">\n<th class=\"woocommerce-product-attributes-item__label\">Material<\/th>\n<td class=\"woocommerce-product-attributes-item__value\">100% Cotton<\/td>\n<\/tr>\n<tr class=\"woocommerce-product-attributes-item woocommerce-product-attributes-item--attribute_pa_storlek\">\n<th class=\"woocommerce-product-attributes-item__label\">Size<\/th>\n<td class=\"woocommerce-product-attributes-item__value\"><a href=\"https:\/\/mixbyheart.se\/storlek\/onesize\/\" rel=\"tag\">One size<\/a><\/td>\n<\/tr>\n<\/tbody>\n<\/table>\n<p data-start=\"657\" data-end=\"731\" data-is-last-node=\"\" data-is-only-node=\"\">Blusen har knappar hela v\u00e4gen framtill<\/p>\n<p data-start=\"657\" data-end=\"731\" data-is-last-node=\"\" data-is-only-node=\"\">One size, fits approx. size 34-42<\/p>","protected":false},"featured_media":1075804,"comment_status":"closed","ping_status":"closed","template":"","meta":[],"product_brand":[],"product_cat":[211,217,214],"product_tag":[],"class_list":{"0":"post-1075810","1":"product","2":"type-product","3":"status-publish","4":"has-post-thumbnail","6":"product_cat-blusar","7":"product_cat-produktnyheter","8":"product_cat-skjorta-langskjorta","10":"first","11":"instock","12":"taxable","13":"shipping-taxable","14":"purchasable","15":"product-type-variable"},"yoast_head":"<!-- This site is optimized with the Yoast SEO Premium plugin v27.4 (Yoast SEO v27.5) - https:\/\/yoast.com\/product\/yoast-seo-premium-wordpress\/ -->\n<title>Vit genomkn\u00e4ppt bomullsblus med blomb\u00e5rd nertill - Stil &amp; Design<\/title>\n<meta name=\"robots\" content=\"index, follow, max-snippet:-1, max-image-preview:large, max-video-preview:-1\" \/>\n<link rel=\"canonical\" href=\"https:\/\/stilanddesign.se\/en\/product\/vit-genomknappt-bomullsblus-med-blombard-nertill\/\" \/>\n<meta property=\"og:locale\" content=\"en_US\" \/>\n<meta property=\"og:type\" content=\"article\" \/>\n<meta property=\"og:title\" content=\"Vit genomkn\u00e4ppt bomullsblus med blomb\u00e5rd nertill\" \/>\n<meta property=\"og:description\" content=\"Bomullsblus med blomb\u00e5rd nertill och \u00e4rm med knappsl\u00e5.     F\u00e4rg ,\u00a0Vit   Material 100% Bomull   Storlek Onesize    Blusen har knappar hela v\u00e4gen framtill One size,passar ca stl 34-42\" \/>\n<meta property=\"og:url\" content=\"https:\/\/stilanddesign.se\/en\/product\/vit-genomknappt-bomullsblus-med-blombard-nertill\/\" \/>\n<meta property=\"og:site_name\" content=\"Stil &amp; Design\" \/>\n<meta property=\"article:modified_time\" content=\"2026-04-30T07:47:28+00:00\" \/>\n<meta property=\"og:image\" content=\"https:\/\/stilanddesign.se\/wp-content\/uploads\/2026\/04\/858589999.jpeg\" \/>\n\t<meta property=\"og:image:width\" content=\"1920\" \/>\n\t<meta property=\"og:image:height\" content=\"2560\" \/>\n\t<meta property=\"og:image:type\" content=\"image\/jpeg\" \/>\n<meta name=\"twitter:card\" content=\"summary_large_image\" \/>\n<meta name=\"twitter:label1\" content=\"Est. reading time\" \/>\n\t<meta name=\"twitter:data1\" content=\"1 minute\" \/>\n<script type=\"application\/ld+json\" class=\"yoast-schema-graph\">{\"@context\":\"https:\\\/\\\/schema.org\",\"@graph\":[{\"@type\":\"WebPage\",\"@id\":\"https:\\\/\\\/stilanddesign.se\\\/produkt\\\/vit-genomknappt-bomullsblus-med-blombard-nertill\\\/\",\"url\":\"https:\\\/\\\/stilanddesign.se\\\/produkt\\\/vit-genomknappt-bomullsblus-med-blombard-nertill\\\/\",\"name\":\"Vit genomkn\u00e4ppt bomullsblus med blomb\u00e5rd nertill - Stil &amp; Design\",\"isPartOf\":{\"@id\":\"https:\\\/\\\/stilanddesign.se\\\/#website\"},\"primaryImageOfPage\":{\"@id\":\"https:\\\/\\\/stilanddesign.se\\\/produkt\\\/vit-genomknappt-bomullsblus-med-blombard-nertill\\\/#primaryimage\"},\"image\":{\"@id\":\"https:\\\/\\\/stilanddesign.se\\\/produkt\\\/vit-genomknappt-bomullsblus-med-blombard-nertill\\\/#primaryimage\"},\"thumbnailUrl\":\"https:\\\/\\\/stilanddesign.se\\\/wp-content\\\/uploads\\\/2026\\\/04\\\/858589999.jpeg\",\"datePublished\":\"2026-04-30T07:39:33+00:00\",\"dateModified\":\"2026-04-30T07:47:28+00:00\",\"breadcrumb\":{\"@id\":\"https:\\\/\\\/stilanddesign.se\\\/produkt\\\/vit-genomknappt-bomullsblus-med-blombard-nertill\\\/#breadcrumb\"},\"inLanguage\":\"en-US\",\"potentialAction\":[{\"@type\":\"ReadAction\",\"target\":[\"https:\\\/\\\/stilanddesign.se\\\/produkt\\\/vit-genomknappt-bomullsblus-med-blombard-nertill\\\/\"]}]},{\"@type\":\"ImageObject\",\"inLanguage\":\"en-US\",\"@id\":\"https:\\\/\\\/stilanddesign.se\\\/produkt\\\/vit-genomknappt-bomullsblus-med-blombard-nertill\\\/#primaryimage\",\"url\":\"https:\\\/\\\/stilanddesign.se\\\/wp-content\\\/uploads\\\/2026\\\/04\\\/858589999.jpeg\",\"contentUrl\":\"https:\\\/\\\/stilanddesign.se\\\/wp-content\\\/uploads\\\/2026\\\/04\\\/858589999.jpeg\",\"width\":1920,\"height\":2560,\"caption\":\"Vit genomkn\u00e4ppt bomullsblus med blomb\u00e5rd nertill\"},{\"@type\":\"BreadcrumbList\",\"@id\":\"https:\\\/\\\/stilanddesign.se\\\/produkt\\\/vit-genomknappt-bomullsblus-med-blombard-nertill\\\/#breadcrumb\",\"itemListElement\":[{\"@type\":\"ListItem\",\"position\":1,\"name\":\"Hem\",\"item\":\"https:\\\/\\\/stilanddesign.se\\\/\"},{\"@type\":\"ListItem\",\"position\":2,\"name\":\"Butiken\",\"item\":\"https:\\\/\\\/stilanddesign.se\\\/butiken\\\/\"},{\"@type\":\"ListItem\",\"position\":3,\"name\":\"Vit genomkn\u00e4ppt bomullsblus med blomb\u00e5rd nertill\"}]},{\"@type\":\"WebSite\",\"@id\":\"https:\\\/\\\/stilanddesign.se\\\/#website\",\"url\":\"https:\\\/\\\/stilanddesign.se\\\/\",\"name\":\"Stil &amp; Design\",\"description\":\"F\u00f6r oss som \u00e4lskar mode!\",\"publisher\":{\"@id\":\"https:\\\/\\\/stilanddesign.se\\\/#organization\"},\"potentialAction\":[{\"@type\":\"SearchAction\",\"target\":{\"@type\":\"EntryPoint\",\"urlTemplate\":\"https:\\\/\\\/stilanddesign.se\\\/?s={search_term_string}\"},\"query-input\":{\"@type\":\"PropertyValueSpecification\",\"valueRequired\":true,\"valueName\":\"search_term_string\"}}],\"inLanguage\":\"en-US\"},{\"@type\":\"Organization\",\"@id\":\"https:\\\/\\\/stilanddesign.se\\\/#organization\",\"name\":\"Stil &amp; Design\",\"url\":\"https:\\\/\\\/stilanddesign.se\\\/\",\"logo\":{\"@type\":\"ImageObject\",\"inLanguage\":\"en-US\",\"@id\":\"https:\\\/\\\/stilanddesign.se\\\/#\\\/schema\\\/logo\\\/image\\\/\",\"url\":\"https:\\\/\\\/stilanddesign.se\\\/wp-content\\\/uploads\\\/2023\\\/12\\\/output-onlinepngtools-e1727784413220.png\",\"contentUrl\":\"https:\\\/\\\/stilanddesign.se\\\/wp-content\\\/uploads\\\/2023\\\/12\\\/output-onlinepngtools-e1727784413220.png\",\"width\":519,\"height\":135,\"caption\":\"Stil &amp; Design\"},\"image\":{\"@id\":\"https:\\\/\\\/stilanddesign.se\\\/#\\\/schema\\\/logo\\\/image\\\/\"}}]}<\/script>\n<!-- \/ Yoast SEO Premium plugin. -->","yoast_head_json":{"title":"Vit genomkn\u00e4ppt bomullsblus med blomb\u00e5rd nertill - Stil &amp; Design","robots":{"index":"index","follow":"follow","max-snippet":"max-snippet:-1","max-image-preview":"max-image-preview:large","max-video-preview":"max-video-preview:-1"},"canonical":"https:\/\/stilanddesign.se\/en\/product\/vit-genomknappt-bomullsblus-med-blombard-nertill\/","og_locale":"en_US","og_type":"article","og_title":"Vit genomkn\u00e4ppt bomullsblus med blomb\u00e5rd nertill","og_description":"Bomullsblus med blomb\u00e5rd nertill och \u00e4rm med knappsl\u00e5.     F\u00e4rg ,\u00a0Vit   Material 100% Bomull   Storlek Onesize    Blusen har knappar hela v\u00e4gen framtill One size,passar ca stl 34-42","og_url":"https:\/\/stilanddesign.se\/en\/product\/vit-genomknappt-bomullsblus-med-blombard-nertill\/","og_site_name":"Stil &amp; Design","article_modified_time":"2026-04-30T07:47:28+00:00","og_image":[{"width":1920,"height":2560,"url":"https:\/\/stilanddesign.se\/wp-content\/uploads\/2026\/04\/858589999.jpeg","type":"image\/jpeg"}],"twitter_card":"summary_large_image","twitter_misc":{"Est. reading time":"1 minute"},"schema":{"@context":"https:\/\/schema.org","@graph":[{"@type":"WebPage","@id":"https:\/\/stilanddesign.se\/produkt\/vit-genomknappt-bomullsblus-med-blombard-nertill\/","url":"https:\/\/stilanddesign.se\/produkt\/vit-genomknappt-bomullsblus-med-blombard-nertill\/","name":"Vit genomkn\u00e4ppt bomullsblus med blomb\u00e5rd nertill - Stil &amp; Design","isPartOf":{"@id":"https:\/\/stilanddesign.se\/#website"},"primaryImageOfPage":{"@id":"https:\/\/stilanddesign.se\/produkt\/vit-genomknappt-bomullsblus-med-blombard-nertill\/#primaryimage"},"image":{"@id":"https:\/\/stilanddesign.se\/produkt\/vit-genomknappt-bomullsblus-med-blombard-nertill\/#primaryimage"},"thumbnailUrl":"https:\/\/stilanddesign.se\/wp-content\/uploads\/2026\/04\/858589999.jpeg","datePublished":"2026-04-30T07:39:33+00:00","dateModified":"2026-04-30T07:47:28+00:00","breadcrumb":{"@id":"https:\/\/stilanddesign.se\/produkt\/vit-genomknappt-bomullsblus-med-blombard-nertill\/#breadcrumb"},"inLanguage":"en-US","potentialAction":[{"@type":"ReadAction","target":["https:\/\/stilanddesign.se\/produkt\/vit-genomknappt-bomullsblus-med-blombard-nertill\/"]}]},{"@type":"ImageObject","inLanguage":"en-US","@id":"https:\/\/stilanddesign.se\/produkt\/vit-genomknappt-bomullsblus-med-blombard-nertill\/#primaryimage","url":"https:\/\/stilanddesign.se\/wp-content\/uploads\/2026\/04\/858589999.jpeg","contentUrl":"https:\/\/stilanddesign.se\/wp-content\/uploads\/2026\/04\/858589999.jpeg","width":1920,"height":2560,"caption":"Vit genomkn\u00e4ppt bomullsblus med blomb\u00e5rd nertill"},{"@type":"BreadcrumbList","@id":"https:\/\/stilanddesign.se\/produkt\/vit-genomknappt-bomullsblus-med-blombard-nertill\/#breadcrumb","itemListElement":[{"@type":"ListItem","position":1,"name":"Hem","item":"https:\/\/stilanddesign.se\/"},{"@type":"ListItem","position":2,"name":"Butiken","item":"https:\/\/stilanddesign.se\/butiken\/"},{"@type":"ListItem","position":3,"name":"Vit genomkn\u00e4ppt bomullsblus med blomb\u00e5rd nertill"}]},{"@type":"WebSite","@id":"https:\/\/stilanddesign.se\/#website","url":"https:\/\/stilanddesign.se\/","name":"Style &amp; Design","description":"For those of us who love fashion!","publisher":{"@id":"https:\/\/stilanddesign.se\/#organization"},"potentialAction":[{"@type":"SearchAction","target":{"@type":"EntryPoint","urlTemplate":"https:\/\/stilanddesign.se\/?s={search_term_string}"},"query-input":{"@type":"PropertyValueSpecification","valueRequired":true,"valueName":"search_term_string"}}],"inLanguage":"en-US"},{"@type":"Organization","@id":"https:\/\/stilanddesign.se\/#organization","name":"Style &amp; Design","url":"https:\/\/stilanddesign.se\/","logo":{"@type":"ImageObject","inLanguage":"en-US","@id":"https:\/\/stilanddesign.se\/#\/schema\/logo\/image\/","url":"https:\/\/stilanddesign.se\/wp-content\/uploads\/2023\/12\/output-onlinepngtools-e1727784413220.png","contentUrl":"https:\/\/stilanddesign.se\/wp-content\/uploads\/2023\/12\/output-onlinepngtools-e1727784413220.png","width":519,"height":135,"caption":"Stil &amp; Design"},"image":{"@id":"https:\/\/stilanddesign.se\/#\/schema\/logo\/image\/"}}]}},"_links":{"self":[{"href":"https:\/\/stilanddesign.se\/en\/wp-json\/wp\/v2\/product\/1075810","targetHints":{"allow":["GET"]}}],"collection":[{"href":"https:\/\/stilanddesign.se\/en\/wp-json\/wp\/v2\/product"}],"about":[{"href":"https:\/\/stilanddesign.se\/en\/wp-json\/wp\/v2\/types\/product"}],"replies":[{"embeddable":true,"href":"https:\/\/stilanddesign.se\/en\/wp-json\/wp\/v2\/comments?post=1075810"}],"wp:featuredmedia":[{"embeddable":true,"href":"https:\/\/stilanddesign.se\/en\/wp-json\/wp\/v2\/media\/1075804"}],"wp:attachment":[{"href":"https:\/\/stilanddesign.se\/en\/wp-json\/wp\/v2\/media?parent=1075810"}],"wp:term":[{"taxonomy":"product_brand","embeddable":true,"href":"https:\/\/stilanddesign.se\/en\/wp-json\/wp\/v2\/product_brand?post=1075810"},{"taxonomy":"product_cat","embeddable":true,"href":"https:\/\/stilanddesign.se\/en\/wp-json\/wp\/v2\/product_cat?post=1075810"},{"taxonomy":"product_tag","embeddable":true,"href":"https:\/\/stilanddesign.se\/en\/wp-json\/wp\/v2\/product_tag?post=1075810"}],"curies":[{"name":"wp","href":"https:\/\/api.w.org\/{rel}","templated":true}]}}