{"id":1075630,"date":"2026-04-29T14:00:35","date_gmt":"2026-04-29T12:00:35","guid":{"rendered":"https:\/\/stilanddesign.se\/?post_type=product&#038;p=1075630"},"modified":"2026-04-29T14:07:12","modified_gmt":"2026-04-29T12:07:12","slug":"%f0%9f%8c%bc-monstrad-klanning-tunika-fran-zabaione-luftig-somrig-elegans-%e2%9c%a8-2","status":"publish","type":"product","link":"https:\/\/stilanddesign.se\/en\/product\/%f0%9f%8c%bc-monstrad-klanning-tunika-fran-zabaione-luftig-somrig-elegans-%e2%9c%a8-2\/","title":{"rendered":"\ud83c\udf3c Patterned dress\/tunic from Zabaione \u2013 airy &amp; summery elegance \u2728"},"content":{"rendered":"<p data-start=\"0\" data-end=\"75\">\ud83d\udc99 <strong data-start=\"3\" data-end=\"71\">Patterned dress\/tunic from Zabaione \u2013 airy &amp; summery elegance<\/strong> \u2728<\/p>\n<p data-start=\"77\" data-end=\"378\">\ud83d\udc99 Light base with soft blue and beige leaf pattern<br data-start=\"129\" data-end=\"132\" \/>\ud83d\udcab Light and cool quality with a nice, supple fit<br data-start=\"185\" data-end=\"188\" \/>\ud83d\udc57 Loose and comfortable model - perfect as both a dress and a tunic<br data-start=\"251\" data-end=\"254\" \/>\u2728 V-neck with stylish collar<br data-start=\"287\" data-end=\"290\" data-is-only-node=\"\" \/>\ud83d\udd18 Roll-up sleeves with button detail<br data-start=\"328\" data-end=\"331\" \/>\ud83d\udc4c Slightly longer at the back for a flattering silhouette<\/p>\n<p data-start=\"380\" data-end=\"401\">\ud83d\udccf Sizes: S\u2013XXL<\/p>\n<p data-start=\"403\" data-end=\"446\">\ud83e\uddf5 Material: 100% viscose<br data-start=\"427\" data-end=\"430\" \/>\ud83e\udee7 Washing: 30\u00b0C<\/p>\n<p data-start=\"448\" data-end=\"589\">\ud83d\udc56 <strong data-start=\"451\" data-end=\"467\">Styling tips:<\/strong> Wear as a dress with sneakers or sandals, or match with leggings\/jeans for a casual layered look \u2600\ufe0f<\/p>\n<p data-start=\"591\" data-end=\"655\" data-is-last-node=\"\" data-is-only-node=\"\">\ud83d\udc96 A cool and stylish favorite for all summer occasions \ud83d\udc99\u2728<\/p>","protected":false},"excerpt":{"rendered":"<p data-start=\"0\" data-end=\"75\">\ud83d\udc99 <strong data-start=\"3\" data-end=\"71\">Patterned dress\/tunic from Zabaione \u2013 airy &amp; summery elegance<\/strong> \u2728<\/p>\n<p data-start=\"77\" data-end=\"378\">\ud83d\udc99 Light base with soft blue and beige leaf pattern<br data-start=\"129\" data-end=\"132\" \/>\ud83d\udcab Light and cool quality with a nice, supple fit<br data-start=\"185\" data-end=\"188\" \/>\ud83d\udc57 Loose and comfortable model - perfect as both a dress and a tunic<br data-start=\"251\" data-end=\"254\" \/>\u2728 V-neck with stylish collar<br data-start=\"287\" data-end=\"290\" data-is-only-node=\"\" \/>\ud83d\udd18 Roll-up sleeves with button detail<br data-start=\"328\" data-end=\"331\" \/>\ud83d\udc4c Slightly longer at the back for a flattering silhouette<\/p>\n<p data-start=\"380\" data-end=\"401\">\ud83d\udccf Sizes: S\u2013XXL<\/p>\n<p data-start=\"403\" data-end=\"446\">\ud83e\uddf5 Material: 100% viscose<br data-start=\"427\" data-end=\"430\" \/>\ud83e\udee7 Washing: 30\u00b0C<\/p>\n<p data-start=\"448\" data-end=\"589\">\ud83d\udc56 <strong data-start=\"451\" data-end=\"467\">Styling tips:<\/strong> Wear as a dress with sneakers or sandals, or match with leggings\/jeans for a casual layered look \u2600\ufe0f<\/p>\n<p data-start=\"591\" data-end=\"655\" data-is-last-node=\"\" data-is-only-node=\"\">\ud83d\udc96 A cool and stylish favorite for all summer occasions \ud83d\udc99\u2728<\/p>\n<p data-start=\"40\" data-end=\"115\">\u2728<\/p>","protected":false},"featured_media":1075644,"comment_status":"closed","ping_status":"closed","template":"","meta":[],"product_brand":[],"product_cat":[215,217,225],"product_tag":[],"class_list":{"0":"post-1075630","1":"product","2":"type-product","3":"status-publish","4":"has-post-thumbnail","6":"product_cat-klanningar","7":"product_cat-produktnyheter","8":"product_cat-tunikor","10":"first","11":"instock","12":"taxable","13":"shipping-taxable","14":"purchasable","15":"product-type-variable"},"yoast_head":"<!-- This site is optimized with the Yoast SEO Premium plugin v27.4 (Yoast SEO v27.5) - https:\/\/yoast.com\/product\/yoast-seo-premium-wordpress\/ -->\n<title>\ud83c\udf3c M\u00f6nstrad kl\u00e4nning\/tunika fr\u00e5n Zabaione \u2013 luftig &amp; somrig elegans \u2728 - Stil &amp; Design<\/title>\n<meta name=\"robots\" content=\"index, follow, max-snippet:-1, max-image-preview:large, max-video-preview:-1\" \/>\n<link rel=\"canonical\" href=\"https:\/\/stilanddesign.se\/en\/product\/\ud83c\udf3c-monstrad-klanning-tunika-fran-zabaione-luftig-somrig-elegans-\u2728-2\/\" \/>\n<meta property=\"og:locale\" content=\"en_US\" \/>\n<meta property=\"og:type\" content=\"article\" \/>\n<meta property=\"og:title\" content=\"\ud83c\udf3c M\u00f6nstrad kl\u00e4nning\/tunika fr\u00e5n Zabaione \u2013 luftig &amp; somrig elegans \u2728\" \/>\n<meta property=\"og:description\" content=\"\ud83d\udc99 M\u00f6nstrad kl\u00e4nning\/tunika fr\u00e5n Zabaione \u2013 luftig &amp; somrig elegans \u2728 \ud83d\udc99 Ljus botten med mjukt bl\u00e5tt och beige bladm\u00f6nster\ud83d\udcab L\u00e4tt och sval kvalitet med ett fint, f\u00f6ljsamt fall\ud83d\udc57 L\u00f6s och bekv\u00e4m modell \u2013 perfekt som b\u00e5de kl\u00e4nning och tunika\u2728 V-ringad hals med stilren krage\ud83d\udd18 Uppvikbara \u00e4rmar med knappdetalj\ud83d\udc4c N\u00e5got l\u00e4ngre bak f\u00f6r en smickrande siluett \ud83d\udccf Storlekar: S\u2013XXL \ud83e\uddf5 Material: 100% viskos\ud83e\udee7 Tv\u00e4tt: 30\u00b0C \ud83d\udc56 Stylingtips: B\u00e4r som kl\u00e4nning till sneakers eller sandaler, eller matcha med leggings\/jeans f\u00f6r en avslappnad lager-p\u00e5-lager look \u2600\ufe0f \ud83d\udc96 En sval och stilren favorit f\u00f6r sommarens alla tillf\u00e4llen \ud83d\udc99\u2728 \u2728\" \/>\n<meta property=\"og:url\" content=\"https:\/\/stilanddesign.se\/en\/product\/\ud83c\udf3c-monstrad-klanning-tunika-fran-zabaione-luftig-somrig-elegans-\u2728-2\/\" \/>\n<meta property=\"og:site_name\" content=\"Stil &amp; Design\" \/>\n<meta property=\"article:modified_time\" content=\"2026-04-29T12:07:12+00:00\" \/>\n<meta property=\"og:image\" content=\"https:\/\/stilanddesign.se\/wp-content\/uploads\/2026\/04\/ZABAIONE_2026-FS_lblue_BK-108-1018-3.jpg\" \/>\n\t<meta property=\"og:image:width\" content=\"1320\" \/>\n\t<meta property=\"og:image:height\" content=\"1753\" \/>\n\t<meta property=\"og:image:type\" content=\"image\/jpeg\" \/>\n<meta name=\"twitter:card\" content=\"summary_large_image\" \/>\n<meta name=\"twitter:label1\" content=\"Est. reading time\" \/>\n\t<meta name=\"twitter:data1\" content=\"1 minute\" \/>\n<script type=\"application\/ld+json\" class=\"yoast-schema-graph\">{\"@context\":\"https:\\\/\\\/schema.org\",\"@graph\":[{\"@type\":\"WebPage\",\"@id\":\"https:\\\/\\\/stilanddesign.se\\\/produkt\\\/%f0%9f%8c%bc-monstrad-klanning-tunika-fran-zabaione-luftig-somrig-elegans-%e2%9c%a8-2\\\/\",\"url\":\"https:\\\/\\\/stilanddesign.se\\\/produkt\\\/%f0%9f%8c%bc-monstrad-klanning-tunika-fran-zabaione-luftig-somrig-elegans-%e2%9c%a8-2\\\/\",\"name\":\"\ud83c\udf3c M\u00f6nstrad kl\u00e4nning\\\/tunika fr\u00e5n Zabaione \u2013 luftig & somrig elegans \u2728 - Stil &amp; Design\",\"isPartOf\":{\"@id\":\"https:\\\/\\\/stilanddesign.se\\\/#website\"},\"primaryImageOfPage\":{\"@id\":\"https:\\\/\\\/stilanddesign.se\\\/produkt\\\/%f0%9f%8c%bc-monstrad-klanning-tunika-fran-zabaione-luftig-somrig-elegans-%e2%9c%a8-2\\\/#primaryimage\"},\"image\":{\"@id\":\"https:\\\/\\\/stilanddesign.se\\\/produkt\\\/%f0%9f%8c%bc-monstrad-klanning-tunika-fran-zabaione-luftig-somrig-elegans-%e2%9c%a8-2\\\/#primaryimage\"},\"thumbnailUrl\":\"https:\\\/\\\/stilanddesign.se\\\/wp-content\\\/uploads\\\/2026\\\/04\\\/ZABAIONE_2026-FS_lblue_BK-108-1018-3.jpg\",\"datePublished\":\"2026-04-29T12:00:35+00:00\",\"dateModified\":\"2026-04-29T12:07:12+00:00\",\"breadcrumb\":{\"@id\":\"https:\\\/\\\/stilanddesign.se\\\/produkt\\\/%f0%9f%8c%bc-monstrad-klanning-tunika-fran-zabaione-luftig-somrig-elegans-%e2%9c%a8-2\\\/#breadcrumb\"},\"inLanguage\":\"en-US\",\"potentialAction\":[{\"@type\":\"ReadAction\",\"target\":[\"https:\\\/\\\/stilanddesign.se\\\/produkt\\\/%f0%9f%8c%bc-monstrad-klanning-tunika-fran-zabaione-luftig-somrig-elegans-%e2%9c%a8-2\\\/\"]}]},{\"@type\":\"ImageObject\",\"inLanguage\":\"en-US\",\"@id\":\"https:\\\/\\\/stilanddesign.se\\\/produkt\\\/%f0%9f%8c%bc-monstrad-klanning-tunika-fran-zabaione-luftig-somrig-elegans-%e2%9c%a8-2\\\/#primaryimage\",\"url\":\"https:\\\/\\\/stilanddesign.se\\\/wp-content\\\/uploads\\\/2026\\\/04\\\/ZABAIONE_2026-FS_lblue_BK-108-1018-3.jpg\",\"contentUrl\":\"https:\\\/\\\/stilanddesign.se\\\/wp-content\\\/uploads\\\/2026\\\/04\\\/ZABAIONE_2026-FS_lblue_BK-108-1018-3.jpg\",\"width\":1320,\"height\":1753},{\"@type\":\"BreadcrumbList\",\"@id\":\"https:\\\/\\\/stilanddesign.se\\\/produkt\\\/%f0%9f%8c%bc-monstrad-klanning-tunika-fran-zabaione-luftig-somrig-elegans-%e2%9c%a8-2\\\/#breadcrumb\",\"itemListElement\":[{\"@type\":\"ListItem\",\"position\":1,\"name\":\"Hem\",\"item\":\"https:\\\/\\\/stilanddesign.se\\\/\"},{\"@type\":\"ListItem\",\"position\":2,\"name\":\"Butiken\",\"item\":\"https:\\\/\\\/stilanddesign.se\\\/butiken\\\/\"},{\"@type\":\"ListItem\",\"position\":3,\"name\":\"\ud83c\udf3c M\u00f6nstrad kl\u00e4nning\\\/tunika fr\u00e5n Zabaione \u2013 luftig &#038; somrig elegans \u2728\"}]},{\"@type\":\"WebSite\",\"@id\":\"https:\\\/\\\/stilanddesign.se\\\/#website\",\"url\":\"https:\\\/\\\/stilanddesign.se\\\/\",\"name\":\"Stil &amp; Design\",\"description\":\"F\u00f6r oss som \u00e4lskar mode!\",\"publisher\":{\"@id\":\"https:\\\/\\\/stilanddesign.se\\\/#organization\"},\"potentialAction\":[{\"@type\":\"SearchAction\",\"target\":{\"@type\":\"EntryPoint\",\"urlTemplate\":\"https:\\\/\\\/stilanddesign.se\\\/?s={search_term_string}\"},\"query-input\":{\"@type\":\"PropertyValueSpecification\",\"valueRequired\":true,\"valueName\":\"search_term_string\"}}],\"inLanguage\":\"en-US\"},{\"@type\":\"Organization\",\"@id\":\"https:\\\/\\\/stilanddesign.se\\\/#organization\",\"name\":\"Stil &amp; Design\",\"url\":\"https:\\\/\\\/stilanddesign.se\\\/\",\"logo\":{\"@type\":\"ImageObject\",\"inLanguage\":\"en-US\",\"@id\":\"https:\\\/\\\/stilanddesign.se\\\/#\\\/schema\\\/logo\\\/image\\\/\",\"url\":\"https:\\\/\\\/stilanddesign.se\\\/wp-content\\\/uploads\\\/2023\\\/12\\\/output-onlinepngtools-e1727784413220.png\",\"contentUrl\":\"https:\\\/\\\/stilanddesign.se\\\/wp-content\\\/uploads\\\/2023\\\/12\\\/output-onlinepngtools-e1727784413220.png\",\"width\":519,\"height\":135,\"caption\":\"Stil &amp; Design\"},\"image\":{\"@id\":\"https:\\\/\\\/stilanddesign.se\\\/#\\\/schema\\\/logo\\\/image\\\/\"}}]}<\/script>\n<!-- \/ Yoast SEO Premium plugin. -->","yoast_head_json":{"title":"\ud83c\udf3c M\u00f6nstrad kl\u00e4nning\/tunika fr\u00e5n Zabaione \u2013 luftig & somrig elegans \u2728 - Stil &amp; Design","robots":{"index":"index","follow":"follow","max-snippet":"max-snippet:-1","max-image-preview":"max-image-preview:large","max-video-preview":"max-video-preview:-1"},"canonical":"https:\/\/stilanddesign.se\/en\/product\/\ud83c\udf3c-monstrad-klanning-tunika-fran-zabaione-luftig-somrig-elegans-\u2728-2\/","og_locale":"en_US","og_type":"article","og_title":"\ud83c\udf3c M\u00f6nstrad kl\u00e4nning\/tunika fr\u00e5n Zabaione \u2013 luftig & somrig elegans \u2728","og_description":"\ud83d\udc99 M\u00f6nstrad kl\u00e4nning\/tunika fr\u00e5n Zabaione \u2013 luftig &amp; somrig elegans \u2728 \ud83d\udc99 Ljus botten med mjukt bl\u00e5tt och beige bladm\u00f6nster\ud83d\udcab L\u00e4tt och sval kvalitet med ett fint, f\u00f6ljsamt fall\ud83d\udc57 L\u00f6s och bekv\u00e4m modell \u2013 perfekt som b\u00e5de kl\u00e4nning och tunika\u2728 V-ringad hals med stilren krage\ud83d\udd18 Uppvikbara \u00e4rmar med knappdetalj\ud83d\udc4c N\u00e5got l\u00e4ngre bak f\u00f6r en smickrande siluett \ud83d\udccf Storlekar: S\u2013XXL \ud83e\uddf5 Material: 100% viskos\ud83e\udee7 Tv\u00e4tt: 30\u00b0C \ud83d\udc56 Stylingtips: B\u00e4r som kl\u00e4nning till sneakers eller sandaler, eller matcha med leggings\/jeans f\u00f6r en avslappnad lager-p\u00e5-lager look \u2600\ufe0f \ud83d\udc96 En sval och stilren favorit f\u00f6r sommarens alla tillf\u00e4llen \ud83d\udc99\u2728 \u2728","og_url":"https:\/\/stilanddesign.se\/en\/product\/\ud83c\udf3c-monstrad-klanning-tunika-fran-zabaione-luftig-somrig-elegans-\u2728-2\/","og_site_name":"Stil &amp; Design","article_modified_time":"2026-04-29T12:07:12+00:00","og_image":[{"width":1320,"height":1753,"url":"https:\/\/stilanddesign.se\/wp-content\/uploads\/2026\/04\/ZABAIONE_2026-FS_lblue_BK-108-1018-3.jpg","type":"image\/jpeg"}],"twitter_card":"summary_large_image","twitter_misc":{"Est. reading time":"1 minute"},"schema":{"@context":"https:\/\/schema.org","@graph":[{"@type":"WebPage","@id":"https:\/\/stilanddesign.se\/produkt\/%f0%9f%8c%bc-monstrad-klanning-tunika-fran-zabaione-luftig-somrig-elegans-%e2%9c%a8-2\/","url":"https:\/\/stilanddesign.se\/produkt\/%f0%9f%8c%bc-monstrad-klanning-tunika-fran-zabaione-luftig-somrig-elegans-%e2%9c%a8-2\/","name":"\ud83c\udf3c M\u00f6nstrad kl\u00e4nning\/tunika fr\u00e5n Zabaione \u2013 luftig & somrig elegans \u2728 - Stil &amp; Design","isPartOf":{"@id":"https:\/\/stilanddesign.se\/#website"},"primaryImageOfPage":{"@id":"https:\/\/stilanddesign.se\/produkt\/%f0%9f%8c%bc-monstrad-klanning-tunika-fran-zabaione-luftig-somrig-elegans-%e2%9c%a8-2\/#primaryimage"},"image":{"@id":"https:\/\/stilanddesign.se\/produkt\/%f0%9f%8c%bc-monstrad-klanning-tunika-fran-zabaione-luftig-somrig-elegans-%e2%9c%a8-2\/#primaryimage"},"thumbnailUrl":"https:\/\/stilanddesign.se\/wp-content\/uploads\/2026\/04\/ZABAIONE_2026-FS_lblue_BK-108-1018-3.jpg","datePublished":"2026-04-29T12:00:35+00:00","dateModified":"2026-04-29T12:07:12+00:00","breadcrumb":{"@id":"https:\/\/stilanddesign.se\/produkt\/%f0%9f%8c%bc-monstrad-klanning-tunika-fran-zabaione-luftig-somrig-elegans-%e2%9c%a8-2\/#breadcrumb"},"inLanguage":"en-US","potentialAction":[{"@type":"ReadAction","target":["https:\/\/stilanddesign.se\/produkt\/%f0%9f%8c%bc-monstrad-klanning-tunika-fran-zabaione-luftig-somrig-elegans-%e2%9c%a8-2\/"]}]},{"@type":"ImageObject","inLanguage":"en-US","@id":"https:\/\/stilanddesign.se\/produkt\/%f0%9f%8c%bc-monstrad-klanning-tunika-fran-zabaione-luftig-somrig-elegans-%e2%9c%a8-2\/#primaryimage","url":"https:\/\/stilanddesign.se\/wp-content\/uploads\/2026\/04\/ZABAIONE_2026-FS_lblue_BK-108-1018-3.jpg","contentUrl":"https:\/\/stilanddesign.se\/wp-content\/uploads\/2026\/04\/ZABAIONE_2026-FS_lblue_BK-108-1018-3.jpg","width":1320,"height":1753},{"@type":"BreadcrumbList","@id":"https:\/\/stilanddesign.se\/produkt\/%f0%9f%8c%bc-monstrad-klanning-tunika-fran-zabaione-luftig-somrig-elegans-%e2%9c%a8-2\/#breadcrumb","itemListElement":[{"@type":"ListItem","position":1,"name":"Hem","item":"https:\/\/stilanddesign.se\/"},{"@type":"ListItem","position":2,"name":"Butiken","item":"https:\/\/stilanddesign.se\/butiken\/"},{"@type":"ListItem","position":3,"name":"\ud83c\udf3c M\u00f6nstrad kl\u00e4nning\/tunika fr\u00e5n Zabaione \u2013 luftig &#038; somrig elegans \u2728"}]},{"@type":"WebSite","@id":"https:\/\/stilanddesign.se\/#website","url":"https:\/\/stilanddesign.se\/","name":"Style &amp; Design","description":"For those of us who love fashion!","publisher":{"@id":"https:\/\/stilanddesign.se\/#organization"},"potentialAction":[{"@type":"SearchAction","target":{"@type":"EntryPoint","urlTemplate":"https:\/\/stilanddesign.se\/?s={search_term_string}"},"query-input":{"@type":"PropertyValueSpecification","valueRequired":true,"valueName":"search_term_string"}}],"inLanguage":"en-US"},{"@type":"Organization","@id":"https:\/\/stilanddesign.se\/#organization","name":"Style &amp; Design","url":"https:\/\/stilanddesign.se\/","logo":{"@type":"ImageObject","inLanguage":"en-US","@id":"https:\/\/stilanddesign.se\/#\/schema\/logo\/image\/","url":"https:\/\/stilanddesign.se\/wp-content\/uploads\/2023\/12\/output-onlinepngtools-e1727784413220.png","contentUrl":"https:\/\/stilanddesign.se\/wp-content\/uploads\/2023\/12\/output-onlinepngtools-e1727784413220.png","width":519,"height":135,"caption":"Stil &amp; Design"},"image":{"@id":"https:\/\/stilanddesign.se\/#\/schema\/logo\/image\/"}}]}},"_links":{"self":[{"href":"https:\/\/stilanddesign.se\/en\/wp-json\/wp\/v2\/product\/1075630","targetHints":{"allow":["GET"]}}],"collection":[{"href":"https:\/\/stilanddesign.se\/en\/wp-json\/wp\/v2\/product"}],"about":[{"href":"https:\/\/stilanddesign.se\/en\/wp-json\/wp\/v2\/types\/product"}],"replies":[{"embeddable":true,"href":"https:\/\/stilanddesign.se\/en\/wp-json\/wp\/v2\/comments?post=1075630"}],"wp:featuredmedia":[{"embeddable":true,"href":"https:\/\/stilanddesign.se\/en\/wp-json\/wp\/v2\/media\/1075644"}],"wp:attachment":[{"href":"https:\/\/stilanddesign.se\/en\/wp-json\/wp\/v2\/media?parent=1075630"}],"wp:term":[{"taxonomy":"product_brand","embeddable":true,"href":"https:\/\/stilanddesign.se\/en\/wp-json\/wp\/v2\/product_brand?post=1075630"},{"taxonomy":"product_cat","embeddable":true,"href":"https:\/\/stilanddesign.se\/en\/wp-json\/wp\/v2\/product_cat?post=1075630"},{"taxonomy":"product_tag","embeddable":true,"href":"https:\/\/stilanddesign.se\/en\/wp-json\/wp\/v2\/product_tag?post=1075630"}],"curies":[{"name":"wp","href":"https:\/\/api.w.org\/{rel}","templated":true}]}}