{"id":1075620,"date":"2026-04-29T13:43:56","date_gmt":"2026-04-29T11:43:56","guid":{"rendered":"https:\/\/stilanddesign.se\/?post_type=product&#038;p=1075620"},"modified":"2026-04-29T13:43:56","modified_gmt":"2026-04-29T11:43:56","slug":"%f0%9f%8c%bc-monstrad-klanning-tunika-fran-zabaione-luftig-somrig-elegans-%e2%9c%a8","status":"publish","type":"product","link":"https:\/\/stilanddesign.se\/en\/product\/%f0%9f%8c%bc-monstrad-klanning-tunika-fran-zabaione-luftig-somrig-elegans-%e2%9c%a8\/","title":{"rendered":"\ud83c\udf3c Patterned dress\/tunic from Zabaione \u2013 airy &amp; summery elegance \u2728"},"content":{"rendered":"<p data-start=\"40\" data-end=\"115\">\ud83c\udf3c <strong data-start=\"43\" data-end=\"111\">Patterned dress\/tunic from Zabaione \u2013 airy &amp; summery elegance<\/strong> \u2728<\/p>\n<p data-start=\"117\" data-end=\"396\">\ud83d\udc9b Light bottom with soft yellow leaf pattern<br data-start=\"158\" data-end=\"161\" \/>\ud83d\udcab Light and cool quality with a nice fit<br data-start=\"200\" data-end=\"203\" \/>\ud83d\udc57 Loose and comfortable model that can be worn as a dress or tunic<br data-start=\"272\" data-end=\"275\" \/>\u2728 V-neck with stylish collar<br data-start=\"308\" data-end=\"311\" \/>\ud83d\udd18 Roll-up sleeves with button detail<br data-start=\"346\" data-end=\"349\" \/>\ud83d\udc4c Slightly longer at the back for a flattering silhouette<\/p>\n<p data-start=\"398\" data-end=\"419\">\ud83d\udccf Sizes: S\u2013XXL<\/p>\n<p data-start=\"421\" data-end=\"464\">\ud83e\uddf5 Material: 100% viscose<br data-start=\"445\" data-end=\"448\" \/>\ud83e\udee7 Washing: 30\u00b0C<\/p>\n<p data-start=\"466\" data-end=\"589\">\ud83d\udc56 <strong data-start=\"469\" data-end=\"485\">Styling tips:<\/strong> Wear as a dress on warm days or match with leggings\/jeans for a casual layered look \u2600\ufe0f<\/p>\n<p data-start=\"591\" data-end=\"660\" data-is-last-node=\"\" data-is-only-node=\"\">\ud83d\udc96 A feminine and airy favorite that is perfect for the whole summer \ud83c\udf3c\u2728<\/p>","protected":false},"excerpt":{"rendered":"<p data-start=\"40\" data-end=\"115\">\ud83c\udf3c <strong data-start=\"43\" data-end=\"111\">Patterned dress\/tunic from Zabaione \u2013 airy &amp; summery elegance<\/strong> \u2728<\/p>\n<p data-start=\"117\" data-end=\"396\">\ud83d\udc9b Light bottom with soft yellow leaf pattern<br data-start=\"158\" data-end=\"161\" \/>\ud83d\udcab Light and cool quality with a nice fit<br data-start=\"200\" data-end=\"203\" \/>\ud83d\udc57 Loose and comfortable model that can be worn as a dress or tunic<br data-start=\"272\" data-end=\"275\" \/>\u2728 V-neck with stylish collar<br data-start=\"308\" data-end=\"311\" \/>\ud83d\udd18 Roll-up sleeves with button detail<br data-start=\"346\" data-end=\"349\" \/>\ud83d\udc4c Slightly longer at the back for a flattering silhouette<\/p>\n<p data-start=\"398\" data-end=\"419\">\ud83d\udccf Sizes: S\u2013XXL<\/p>\n<p data-start=\"421\" data-end=\"464\">\ud83e\uddf5 Material: 100% viscose<br data-start=\"445\" data-end=\"448\" \/>\ud83e\udee7 Washing: 30\u00b0C<\/p>\n<p data-start=\"466\" data-end=\"589\">\ud83d\udc56 <strong data-start=\"469\" data-end=\"485\">Styling tips:<\/strong> Wear as a dress on warm days or match with leggings\/jeans for a casual layered look \u2600\ufe0f<\/p>\n<p data-start=\"591\" data-end=\"660\" data-is-last-node=\"\" data-is-only-node=\"\">\ud83d\udc96 A feminine and airy favorite that is perfect for the whole summer \ud83c\udf3c\u2728<\/p>","protected":false},"featured_media":1075623,"comment_status":"closed","ping_status":"closed","template":"","meta":[],"product_brand":[],"product_cat":[215,217,225],"product_tag":[],"class_list":{"0":"post-1075620","1":"product","2":"type-product","3":"status-publish","4":"has-post-thumbnail","6":"product_cat-klanningar","7":"product_cat-produktnyheter","8":"product_cat-tunikor","10":"first","11":"instock","12":"taxable","13":"shipping-taxable","14":"purchasable","15":"product-type-variable"},"yoast_head":"<!-- This site is optimized with the Yoast SEO Premium plugin v27.4 (Yoast SEO v27.5) - https:\/\/yoast.com\/product\/yoast-seo-premium-wordpress\/ -->\n<title>\ud83c\udf3c M\u00f6nstrad kl\u00e4nning\/tunika fr\u00e5n Zabaione \u2013 luftig &amp; somrig elegans \u2728 - Stil &amp; Design<\/title>\n<meta name=\"robots\" content=\"index, follow, max-snippet:-1, max-image-preview:large, max-video-preview:-1\" \/>\n<link rel=\"canonical\" href=\"https:\/\/stilanddesign.se\/en\/product\/\ud83c\udf3c-monstrad-klanning-tunika-fran-zabaione-luftig-somrig-elegans-\u2728\/\" \/>\n<meta property=\"og:locale\" content=\"en_US\" \/>\n<meta property=\"og:type\" content=\"article\" \/>\n<meta property=\"og:title\" content=\"\ud83c\udf3c M\u00f6nstrad kl\u00e4nning\/tunika fr\u00e5n Zabaione \u2013 luftig &amp; somrig elegans \u2728\" \/>\n<meta property=\"og:description\" content=\"\ud83c\udf3c M\u00f6nstrad kl\u00e4nning\/tunika fr\u00e5n Zabaione \u2013 luftig &amp; somrig elegans \u2728 \ud83d\udc9b Ljus botten med mjukt gult bladm\u00f6nster\ud83d\udcab L\u00e4tt och sval kvalitet med fint fall\ud83d\udc57 L\u00f6s och bekv\u00e4m modell som kan b\u00e4ras b\u00e5de som kl\u00e4nning eller tunika\u2728 V-ringad hals med stilren krage\ud83d\udd18 Uppvikbara \u00e4rmar med knappdetalj\ud83d\udc4c N\u00e5got l\u00e4ngre bak f\u00f6r en smickrande siluett \ud83d\udccf Storlekar: S\u2013XXL \ud83e\uddf5 Material: 100% viskos\ud83e\udee7 Tv\u00e4tt: 30\u00b0C \ud83d\udc56 Stylingtips: B\u00e4r som kl\u00e4nning varma dagar eller matcha med leggings\/jeans f\u00f6r en avslappnad lager-p\u00e5-lager look \u2600\ufe0f \ud83d\udc96 En feminin och luftig favorit som passar perfekt hela sommaren \ud83c\udf3c\u2728\" \/>\n<meta property=\"og:url\" content=\"https:\/\/stilanddesign.se\/en\/product\/\ud83c\udf3c-monstrad-klanning-tunika-fran-zabaione-luftig-somrig-elegans-\u2728\/\" \/>\n<meta property=\"og:site_name\" content=\"Stil &amp; Design\" \/>\n<meta property=\"og:image\" content=\"https:\/\/stilanddesign.se\/wp-content\/uploads\/2026\/04\/4070709249594_1.jpg\" \/>\n\t<meta property=\"og:image:width\" content=\"889\" \/>\n\t<meta property=\"og:image:height\" content=\"1280\" \/>\n\t<meta property=\"og:image:type\" content=\"image\/jpeg\" \/>\n<meta name=\"twitter:card\" content=\"summary_large_image\" \/>\n<meta name=\"twitter:label1\" content=\"Est. reading time\" \/>\n\t<meta name=\"twitter:data1\" content=\"1 minute\" \/>\n<script type=\"application\/ld+json\" class=\"yoast-schema-graph\">{\"@context\":\"https:\\\/\\\/schema.org\",\"@graph\":[{\"@type\":\"WebPage\",\"@id\":\"https:\\\/\\\/stilanddesign.se\\\/produkt\\\/%f0%9f%8c%bc-monstrad-klanning-tunika-fran-zabaione-luftig-somrig-elegans-%e2%9c%a8\\\/\",\"url\":\"https:\\\/\\\/stilanddesign.se\\\/produkt\\\/%f0%9f%8c%bc-monstrad-klanning-tunika-fran-zabaione-luftig-somrig-elegans-%e2%9c%a8\\\/\",\"name\":\"\ud83c\udf3c M\u00f6nstrad kl\u00e4nning\\\/tunika fr\u00e5n Zabaione \u2013 luftig & somrig elegans \u2728 - Stil &amp; Design\",\"isPartOf\":{\"@id\":\"https:\\\/\\\/stilanddesign.se\\\/#website\"},\"primaryImageOfPage\":{\"@id\":\"https:\\\/\\\/stilanddesign.se\\\/produkt\\\/%f0%9f%8c%bc-monstrad-klanning-tunika-fran-zabaione-luftig-somrig-elegans-%e2%9c%a8\\\/#primaryimage\"},\"image\":{\"@id\":\"https:\\\/\\\/stilanddesign.se\\\/produkt\\\/%f0%9f%8c%bc-monstrad-klanning-tunika-fran-zabaione-luftig-somrig-elegans-%e2%9c%a8\\\/#primaryimage\"},\"thumbnailUrl\":\"https:\\\/\\\/stilanddesign.se\\\/wp-content\\\/uploads\\\/2026\\\/04\\\/4070709249594_1.jpg\",\"datePublished\":\"2026-04-29T11:43:56+00:00\",\"breadcrumb\":{\"@id\":\"https:\\\/\\\/stilanddesign.se\\\/produkt\\\/%f0%9f%8c%bc-monstrad-klanning-tunika-fran-zabaione-luftig-somrig-elegans-%e2%9c%a8\\\/#breadcrumb\"},\"inLanguage\":\"en-US\",\"potentialAction\":[{\"@type\":\"ReadAction\",\"target\":[\"https:\\\/\\\/stilanddesign.se\\\/produkt\\\/%f0%9f%8c%bc-monstrad-klanning-tunika-fran-zabaione-luftig-somrig-elegans-%e2%9c%a8\\\/\"]}]},{\"@type\":\"ImageObject\",\"inLanguage\":\"en-US\",\"@id\":\"https:\\\/\\\/stilanddesign.se\\\/produkt\\\/%f0%9f%8c%bc-monstrad-klanning-tunika-fran-zabaione-luftig-somrig-elegans-%e2%9c%a8\\\/#primaryimage\",\"url\":\"https:\\\/\\\/stilanddesign.se\\\/wp-content\\\/uploads\\\/2026\\\/04\\\/4070709249594_1.jpg\",\"contentUrl\":\"https:\\\/\\\/stilanddesign.se\\\/wp-content\\\/uploads\\\/2026\\\/04\\\/4070709249594_1.jpg\",\"width\":889,\"height\":1280},{\"@type\":\"BreadcrumbList\",\"@id\":\"https:\\\/\\\/stilanddesign.se\\\/produkt\\\/%f0%9f%8c%bc-monstrad-klanning-tunika-fran-zabaione-luftig-somrig-elegans-%e2%9c%a8\\\/#breadcrumb\",\"itemListElement\":[{\"@type\":\"ListItem\",\"position\":1,\"name\":\"Hem\",\"item\":\"https:\\\/\\\/stilanddesign.se\\\/\"},{\"@type\":\"ListItem\",\"position\":2,\"name\":\"Butiken\",\"item\":\"https:\\\/\\\/stilanddesign.se\\\/butiken\\\/\"},{\"@type\":\"ListItem\",\"position\":3,\"name\":\"\ud83c\udf3c M\u00f6nstrad kl\u00e4nning\\\/tunika fr\u00e5n Zabaione \u2013 luftig &#038; somrig elegans \u2728\"}]},{\"@type\":\"WebSite\",\"@id\":\"https:\\\/\\\/stilanddesign.se\\\/#website\",\"url\":\"https:\\\/\\\/stilanddesign.se\\\/\",\"name\":\"Stil &amp; Design\",\"description\":\"F\u00f6r oss som \u00e4lskar mode!\",\"publisher\":{\"@id\":\"https:\\\/\\\/stilanddesign.se\\\/#organization\"},\"potentialAction\":[{\"@type\":\"SearchAction\",\"target\":{\"@type\":\"EntryPoint\",\"urlTemplate\":\"https:\\\/\\\/stilanddesign.se\\\/?s={search_term_string}\"},\"query-input\":{\"@type\":\"PropertyValueSpecification\",\"valueRequired\":true,\"valueName\":\"search_term_string\"}}],\"inLanguage\":\"en-US\"},{\"@type\":\"Organization\",\"@id\":\"https:\\\/\\\/stilanddesign.se\\\/#organization\",\"name\":\"Stil &amp; Design\",\"url\":\"https:\\\/\\\/stilanddesign.se\\\/\",\"logo\":{\"@type\":\"ImageObject\",\"inLanguage\":\"en-US\",\"@id\":\"https:\\\/\\\/stilanddesign.se\\\/#\\\/schema\\\/logo\\\/image\\\/\",\"url\":\"https:\\\/\\\/stilanddesign.se\\\/wp-content\\\/uploads\\\/2023\\\/12\\\/output-onlinepngtools-e1727784413220.png\",\"contentUrl\":\"https:\\\/\\\/stilanddesign.se\\\/wp-content\\\/uploads\\\/2023\\\/12\\\/output-onlinepngtools-e1727784413220.png\",\"width\":519,\"height\":135,\"caption\":\"Stil &amp; Design\"},\"image\":{\"@id\":\"https:\\\/\\\/stilanddesign.se\\\/#\\\/schema\\\/logo\\\/image\\\/\"}}]}<\/script>\n<!-- \/ Yoast SEO Premium plugin. -->","yoast_head_json":{"title":"\ud83c\udf3c M\u00f6nstrad kl\u00e4nning\/tunika fr\u00e5n Zabaione \u2013 luftig & somrig elegans \u2728 - Stil &amp; Design","robots":{"index":"index","follow":"follow","max-snippet":"max-snippet:-1","max-image-preview":"max-image-preview:large","max-video-preview":"max-video-preview:-1"},"canonical":"https:\/\/stilanddesign.se\/en\/product\/\ud83c\udf3c-monstrad-klanning-tunika-fran-zabaione-luftig-somrig-elegans-\u2728\/","og_locale":"en_US","og_type":"article","og_title":"\ud83c\udf3c M\u00f6nstrad kl\u00e4nning\/tunika fr\u00e5n Zabaione \u2013 luftig & somrig elegans \u2728","og_description":"\ud83c\udf3c M\u00f6nstrad kl\u00e4nning\/tunika fr\u00e5n Zabaione \u2013 luftig &amp; somrig elegans \u2728 \ud83d\udc9b Ljus botten med mjukt gult bladm\u00f6nster\ud83d\udcab L\u00e4tt och sval kvalitet med fint fall\ud83d\udc57 L\u00f6s och bekv\u00e4m modell som kan b\u00e4ras b\u00e5de som kl\u00e4nning eller tunika\u2728 V-ringad hals med stilren krage\ud83d\udd18 Uppvikbara \u00e4rmar med knappdetalj\ud83d\udc4c N\u00e5got l\u00e4ngre bak f\u00f6r en smickrande siluett \ud83d\udccf Storlekar: S\u2013XXL \ud83e\uddf5 Material: 100% viskos\ud83e\udee7 Tv\u00e4tt: 30\u00b0C \ud83d\udc56 Stylingtips: B\u00e4r som kl\u00e4nning varma dagar eller matcha med leggings\/jeans f\u00f6r en avslappnad lager-p\u00e5-lager look \u2600\ufe0f \ud83d\udc96 En feminin och luftig favorit som passar perfekt hela sommaren \ud83c\udf3c\u2728","og_url":"https:\/\/stilanddesign.se\/en\/product\/\ud83c\udf3c-monstrad-klanning-tunika-fran-zabaione-luftig-somrig-elegans-\u2728\/","og_site_name":"Stil &amp; Design","og_image":[{"width":889,"height":1280,"url":"https:\/\/stilanddesign.se\/wp-content\/uploads\/2026\/04\/4070709249594_1.jpg","type":"image\/jpeg"}],"twitter_card":"summary_large_image","twitter_misc":{"Est. reading time":"1 minute"},"schema":{"@context":"https:\/\/schema.org","@graph":[{"@type":"WebPage","@id":"https:\/\/stilanddesign.se\/produkt\/%f0%9f%8c%bc-monstrad-klanning-tunika-fran-zabaione-luftig-somrig-elegans-%e2%9c%a8\/","url":"https:\/\/stilanddesign.se\/produkt\/%f0%9f%8c%bc-monstrad-klanning-tunika-fran-zabaione-luftig-somrig-elegans-%e2%9c%a8\/","name":"\ud83c\udf3c M\u00f6nstrad kl\u00e4nning\/tunika fr\u00e5n Zabaione \u2013 luftig & somrig elegans \u2728 - Stil &amp; Design","isPartOf":{"@id":"https:\/\/stilanddesign.se\/#website"},"primaryImageOfPage":{"@id":"https:\/\/stilanddesign.se\/produkt\/%f0%9f%8c%bc-monstrad-klanning-tunika-fran-zabaione-luftig-somrig-elegans-%e2%9c%a8\/#primaryimage"},"image":{"@id":"https:\/\/stilanddesign.se\/produkt\/%f0%9f%8c%bc-monstrad-klanning-tunika-fran-zabaione-luftig-somrig-elegans-%e2%9c%a8\/#primaryimage"},"thumbnailUrl":"https:\/\/stilanddesign.se\/wp-content\/uploads\/2026\/04\/4070709249594_1.jpg","datePublished":"2026-04-29T11:43:56+00:00","breadcrumb":{"@id":"https:\/\/stilanddesign.se\/produkt\/%f0%9f%8c%bc-monstrad-klanning-tunika-fran-zabaione-luftig-somrig-elegans-%e2%9c%a8\/#breadcrumb"},"inLanguage":"en-US","potentialAction":[{"@type":"ReadAction","target":["https:\/\/stilanddesign.se\/produkt\/%f0%9f%8c%bc-monstrad-klanning-tunika-fran-zabaione-luftig-somrig-elegans-%e2%9c%a8\/"]}]},{"@type":"ImageObject","inLanguage":"en-US","@id":"https:\/\/stilanddesign.se\/produkt\/%f0%9f%8c%bc-monstrad-klanning-tunika-fran-zabaione-luftig-somrig-elegans-%e2%9c%a8\/#primaryimage","url":"https:\/\/stilanddesign.se\/wp-content\/uploads\/2026\/04\/4070709249594_1.jpg","contentUrl":"https:\/\/stilanddesign.se\/wp-content\/uploads\/2026\/04\/4070709249594_1.jpg","width":889,"height":1280},{"@type":"BreadcrumbList","@id":"https:\/\/stilanddesign.se\/produkt\/%f0%9f%8c%bc-monstrad-klanning-tunika-fran-zabaione-luftig-somrig-elegans-%e2%9c%a8\/#breadcrumb","itemListElement":[{"@type":"ListItem","position":1,"name":"Hem","item":"https:\/\/stilanddesign.se\/"},{"@type":"ListItem","position":2,"name":"Butiken","item":"https:\/\/stilanddesign.se\/butiken\/"},{"@type":"ListItem","position":3,"name":"\ud83c\udf3c M\u00f6nstrad kl\u00e4nning\/tunika fr\u00e5n Zabaione \u2013 luftig &#038; somrig elegans \u2728"}]},{"@type":"WebSite","@id":"https:\/\/stilanddesign.se\/#website","url":"https:\/\/stilanddesign.se\/","name":"Style &amp; Design","description":"For those of us who love fashion!","publisher":{"@id":"https:\/\/stilanddesign.se\/#organization"},"potentialAction":[{"@type":"SearchAction","target":{"@type":"EntryPoint","urlTemplate":"https:\/\/stilanddesign.se\/?s={search_term_string}"},"query-input":{"@type":"PropertyValueSpecification","valueRequired":true,"valueName":"search_term_string"}}],"inLanguage":"en-US"},{"@type":"Organization","@id":"https:\/\/stilanddesign.se\/#organization","name":"Style &amp; Design","url":"https:\/\/stilanddesign.se\/","logo":{"@type":"ImageObject","inLanguage":"en-US","@id":"https:\/\/stilanddesign.se\/#\/schema\/logo\/image\/","url":"https:\/\/stilanddesign.se\/wp-content\/uploads\/2023\/12\/output-onlinepngtools-e1727784413220.png","contentUrl":"https:\/\/stilanddesign.se\/wp-content\/uploads\/2023\/12\/output-onlinepngtools-e1727784413220.png","width":519,"height":135,"caption":"Stil &amp; Design"},"image":{"@id":"https:\/\/stilanddesign.se\/#\/schema\/logo\/image\/"}}]}},"_links":{"self":[{"href":"https:\/\/stilanddesign.se\/en\/wp-json\/wp\/v2\/product\/1075620","targetHints":{"allow":["GET"]}}],"collection":[{"href":"https:\/\/stilanddesign.se\/en\/wp-json\/wp\/v2\/product"}],"about":[{"href":"https:\/\/stilanddesign.se\/en\/wp-json\/wp\/v2\/types\/product"}],"replies":[{"embeddable":true,"href":"https:\/\/stilanddesign.se\/en\/wp-json\/wp\/v2\/comments?post=1075620"}],"wp:featuredmedia":[{"embeddable":true,"href":"https:\/\/stilanddesign.se\/en\/wp-json\/wp\/v2\/media\/1075623"}],"wp:attachment":[{"href":"https:\/\/stilanddesign.se\/en\/wp-json\/wp\/v2\/media?parent=1075620"}],"wp:term":[{"taxonomy":"product_brand","embeddable":true,"href":"https:\/\/stilanddesign.se\/en\/wp-json\/wp\/v2\/product_brand?post=1075620"},{"taxonomy":"product_cat","embeddable":true,"href":"https:\/\/stilanddesign.se\/en\/wp-json\/wp\/v2\/product_cat?post=1075620"},{"taxonomy":"product_tag","embeddable":true,"href":"https:\/\/stilanddesign.se\/en\/wp-json\/wp\/v2\/product_tag?post=1075620"}],"curies":[{"name":"wp","href":"https:\/\/api.w.org\/{rel}","templated":true}]}}