{"id":1075567,"date":"2026-04-29T11:24:36","date_gmt":"2026-04-29T09:24:36","guid":{"rendered":"https:\/\/stilanddesign.se\/?post_type=product&#038;p=1075567"},"modified":"2026-04-29T14:32:25","modified_gmt":"2026-04-29T12:32:25","slug":"%f0%9f%8c%b8-tunika-med-volanger-feminin-lekfull-%e2%9c%a8","status":"publish","type":"product","link":"https:\/\/stilanddesign.se\/en\/product\/%f0%9f%8c%b8-tunika-med-volanger-feminin-lekfull-%e2%9c%a8\/","title":{"rendered":"\ud83c\udf38 Tunic with ruffles \u2013 feminine &amp; playful \u2728"},"content":{"rendered":"<p data-start=\"0\" data-end=\"50\">\ud83c\udf38 <strong data-start=\"3\" data-end=\"46\">Tunic with ruffles \u2013 feminine &amp; playful<\/strong> \u2728<\/p>\n<p data-start=\"52\" data-end=\"313\">\ud83c\udf38 Salmon pink shade that gives a soft and summery feel<br data-start=\"102\" data-end=\"105\" \/>\ud83d\udcab Beautiful ruffles\/frills around the neck for a romantic look<br data-start=\"162\" data-end=\"165\" \/>\ud83d\udc5a Elastic at the neck \u2013 can be worn both classic or as a singlet<br data-start=\"232\" data-end=\"235\" \/>\u2728 Long sleeves with a slight puff for an elegant silhouette<br data-start=\"282\" data-end=\"285\" data-is-only-node=\"\" \/>\ud83d\udc4c Loose and comfortable fit<\/p>\n<p data-start=\"315\" data-end=\"453\">\ud83d\udccf <strong data-start=\"318\" data-end=\"332\">Sizes:<\/strong><br data-start=\"332\" data-end=\"335\" \/>\u2022 S\/M \u2013 circumference approx. 112 cm | length approx. 67 cm<br data-start=\"377\" data-end=\"380\" \/>\u2022 L\/XL \u2013 circumference approx. 120 cm | length approx. 68 cm<br data-start=\"423\" data-end=\"426\" \/>\u27a1\ufe0f Slightly large in size<\/p>\n<p data-start=\"455\" data-end=\"518\">\ud83e\uddf5 Material: 100% polyester<br data-start=\"482\" data-end=\"485\" \/>\ud83e\udee7 Washing: 30\u00b0C<br data-start=\"499\" data-end=\"502\" \/>\ud83d\udd04 Stretch: Yes<\/p>\n<p data-start=\"520\" data-end=\"664\">\ud83d\udc56 <strong data-start=\"523\" data-end=\"539\">Styling tips:<\/strong> Match with jeans or white pants for a fresh look \u2013 or wear it off the shoulder for a more summery and relaxed style \u2600\ufe0f<\/p>\n<p data-start=\"666\" data-end=\"733\" data-is-last-node=\"\" data-is-only-node=\"\">\ud83d\udc96 A lovely tunic that combines comfort with a feminine twist \ud83c\udf38\u2728<\/p>\n<h1 class=\"alt-font\"><\/h1>","protected":false},"excerpt":{"rendered":"<p data-start=\"0\" data-end=\"50\">\ud83c\udf38 <strong data-start=\"3\" data-end=\"46\">Tunic with ruffles \u2013 feminine &amp; playful<\/strong> \u2728<\/p>\n<p data-start=\"52\" data-end=\"313\">\ud83c\udf38 Salmon pink shade that gives a soft and summery feel<br data-start=\"102\" data-end=\"105\" \/>\ud83d\udcab Beautiful ruffles\/frills around the neck for a romantic look<br data-start=\"162\" data-end=\"165\" \/>\ud83d\udc5a Elastic at the neck \u2013 can be worn both classic or as a singlet<br data-start=\"232\" data-end=\"235\" \/>\u2728 Long sleeves with a slight puff for an elegant silhouette<br data-start=\"282\" data-end=\"285\" data-is-only-node=\"\" \/>\ud83d\udc4c Loose and comfortable fit<\/p>\n<p data-start=\"315\" data-end=\"453\">\ud83d\udccf <strong data-start=\"318\" data-end=\"332\">Sizes:<\/strong><br data-start=\"332\" data-end=\"335\" \/>\u2022 S\/M \u2013 circumference approx. 112 cm | length approx. 67 cm<br data-start=\"377\" data-end=\"380\" \/>\u2022 L\/XL \u2013 circumference approx. 120 cm | length approx. 68 cm<br data-start=\"423\" data-end=\"426\" \/>\u27a1\ufe0f Slightly large in size<\/p>\n<p data-start=\"455\" data-end=\"518\">\ud83e\uddf5 Material: 100% polyester<br data-start=\"482\" data-end=\"485\" \/>\ud83e\udee7 Washing: 30\u00b0C<br data-start=\"499\" data-end=\"502\" \/>\ud83d\udd04 Stretch: Yes<\/p>\n<p data-start=\"520\" data-end=\"664\">\ud83d\udc56 <strong data-start=\"523\" data-end=\"539\">Styling tips:<\/strong> Match with jeans or white pants for a fresh look \u2013 or wear it off the shoulder for a more summery and relaxed style \u2600\ufe0f<\/p>\n<p data-start=\"666\" data-end=\"733\" data-is-last-node=\"\" data-is-only-node=\"\">\ud83d\udc96 A lovely tunic that combines comfort with a feminine twist \ud83c\udf38\u2728<\/p>\n<h1 class=\"alt-font\"><\/h1>","protected":false},"featured_media":1075566,"comment_status":"closed","ping_status":"closed","template":"","meta":[],"product_brand":[],"product_cat":[211,217,225],"product_tag":[],"class_list":{"0":"post-1075567","1":"product","2":"type-product","3":"status-publish","4":"has-post-thumbnail","6":"product_cat-blusar","7":"product_cat-produktnyheter","8":"product_cat-tunikor","10":"first","11":"instock","12":"taxable","13":"shipping-taxable","14":"purchasable","15":"product-type-variable"},"yoast_head":"<!-- This site is optimized with the Yoast SEO Premium plugin v27.4 (Yoast SEO v27.5) - https:\/\/yoast.com\/product\/yoast-seo-premium-wordpress\/ -->\n<title>\ud83c\udf38 Tunika med volanger \u2013 feminin &amp; lekfull \u2728 - Stil &amp; Design<\/title>\n<meta name=\"robots\" content=\"index, follow, max-snippet:-1, max-image-preview:large, max-video-preview:-1\" \/>\n<link rel=\"canonical\" href=\"https:\/\/stilanddesign.se\/en\/product\/\ud83c\udf38-tunika-med-volanger-feminin-lekfull-\u2728\/\" \/>\n<meta property=\"og:locale\" content=\"en_US\" \/>\n<meta property=\"og:type\" content=\"article\" \/>\n<meta property=\"og:title\" content=\"\ud83c\udf38 Tunika med volanger \u2013 feminin &amp; lekfull \u2728\" \/>\n<meta property=\"og:description\" content=\"\ud83c\udf38 Tunika med volanger \u2013 feminin &amp; lekfull \u2728 \ud83c\udf38 Laxrosa nyans som ger en mjuk och somrig k\u00e4nsla\ud83d\udcab Vackra volanger\/kr\u00e5s runt halsen f\u00f6r en romantisk look\ud83d\udc5a Res\u00e5r i halsen \u2013 kan b\u00e4ras b\u00e5de klassiskt eller som en singoalla\u2728 L\u00e5ng \u00e4rm med l\u00e4tt puff f\u00f6r en elegant siluett\ud83d\udc4c L\u00f6s och bekv\u00e4m passform \ud83d\udccf Storlekar:\u2022 S\/M \u2013 omkrets ca 112 cm | l\u00e4ngd ca 67 cm\u2022 L\/XL \u2013 omkrets ca 120 cm | l\u00e4ngd ca 68 cm\u27a1\ufe0f N\u00e5got stor i storleken \ud83e\uddf5 Material: 100% polyester\ud83e\udee7 Tv\u00e4tt: 30\u00b0C\ud83d\udd04 Stretch: Ja \ud83d\udc56 Stylingtips: Matcha med jeans eller vita byxor f\u00f6r en fr\u00e4sch look \u2013 eller b\u00e4r den off shoulder f\u00f6r en mer somrig och avslappnad stil \u2600\ufe0f \ud83d\udc96 En h\u00e4rlig tunika som kombinerar komfort med en feminin twist \ud83c\udf38\u2728\" \/>\n<meta property=\"og:url\" content=\"https:\/\/stilanddesign.se\/en\/product\/\ud83c\udf38-tunika-med-volanger-feminin-lekfull-\u2728\/\" \/>\n<meta property=\"og:site_name\" content=\"Stil &amp; Design\" \/>\n<meta property=\"article:modified_time\" content=\"2026-04-29T12:32:25+00:00\" \/>\n<meta name=\"twitter:card\" content=\"summary_large_image\" \/>\n<meta name=\"twitter:label1\" content=\"Est. reading time\" \/>\n\t<meta name=\"twitter:data1\" content=\"1 minute\" \/>\n<script type=\"application\/ld+json\" class=\"yoast-schema-graph\">{\"@context\":\"https:\\\/\\\/schema.org\",\"@graph\":[{\"@type\":\"WebPage\",\"@id\":\"https:\\\/\\\/stilanddesign.se\\\/produkt\\\/%f0%9f%8c%b8-tunika-med-volanger-feminin-lekfull-%e2%9c%a8\\\/\",\"url\":\"https:\\\/\\\/stilanddesign.se\\\/produkt\\\/%f0%9f%8c%b8-tunika-med-volanger-feminin-lekfull-%e2%9c%a8\\\/\",\"name\":\"\ud83c\udf38 Tunika med volanger \u2013 feminin & lekfull \u2728 - Stil &amp; Design\",\"isPartOf\":{\"@id\":\"https:\\\/\\\/stilanddesign.se\\\/#website\"},\"primaryImageOfPage\":{\"@id\":\"https:\\\/\\\/stilanddesign.se\\\/produkt\\\/%f0%9f%8c%b8-tunika-med-volanger-feminin-lekfull-%e2%9c%a8\\\/#primaryimage\"},\"image\":{\"@id\":\"https:\\\/\\\/stilanddesign.se\\\/produkt\\\/%f0%9f%8c%b8-tunika-med-volanger-feminin-lekfull-%e2%9c%a8\\\/#primaryimage\"},\"thumbnailUrl\":\"https:\\\/\\\/stilanddesign.se\\\/wp-content\\\/uploads\\\/2026\\\/04\\\/85854544444444444.jpg\",\"datePublished\":\"2026-04-29T09:24:36+00:00\",\"dateModified\":\"2026-04-29T12:32:25+00:00\",\"breadcrumb\":{\"@id\":\"https:\\\/\\\/stilanddesign.se\\\/produkt\\\/%f0%9f%8c%b8-tunika-med-volanger-feminin-lekfull-%e2%9c%a8\\\/#breadcrumb\"},\"inLanguage\":\"en-US\",\"potentialAction\":[{\"@type\":\"ReadAction\",\"target\":[\"https:\\\/\\\/stilanddesign.se\\\/produkt\\\/%f0%9f%8c%b8-tunika-med-volanger-feminin-lekfull-%e2%9c%a8\\\/\"]}]},{\"@type\":\"ImageObject\",\"inLanguage\":\"en-US\",\"@id\":\"https:\\\/\\\/stilanddesign.se\\\/produkt\\\/%f0%9f%8c%b8-tunika-med-volanger-feminin-lekfull-%e2%9c%a8\\\/#primaryimage\",\"url\":\"https:\\\/\\\/stilanddesign.se\\\/wp-content\\\/uploads\\\/2026\\\/04\\\/85854544444444444.jpg\",\"contentUrl\":\"https:\\\/\\\/stilanddesign.se\\\/wp-content\\\/uploads\\\/2026\\\/04\\\/85854544444444444.jpg\",\"width\":480,\"height\":640,\"caption\":\"Cool tunika med volanger\\\/kr\u00e5s runt halsen\"},{\"@type\":\"BreadcrumbList\",\"@id\":\"https:\\\/\\\/stilanddesign.se\\\/produkt\\\/%f0%9f%8c%b8-tunika-med-volanger-feminin-lekfull-%e2%9c%a8\\\/#breadcrumb\",\"itemListElement\":[{\"@type\":\"ListItem\",\"position\":1,\"name\":\"Hem\",\"item\":\"https:\\\/\\\/stilanddesign.se\\\/\"},{\"@type\":\"ListItem\",\"position\":2,\"name\":\"Butiken\",\"item\":\"https:\\\/\\\/stilanddesign.se\\\/butiken\\\/\"},{\"@type\":\"ListItem\",\"position\":3,\"name\":\"\ud83c\udf38 Tunika med volanger \u2013 feminin &#038; lekfull \u2728\"}]},{\"@type\":\"WebSite\",\"@id\":\"https:\\\/\\\/stilanddesign.se\\\/#website\",\"url\":\"https:\\\/\\\/stilanddesign.se\\\/\",\"name\":\"Stil &amp; Design\",\"description\":\"F\u00f6r oss som \u00e4lskar mode!\",\"publisher\":{\"@id\":\"https:\\\/\\\/stilanddesign.se\\\/#organization\"},\"potentialAction\":[{\"@type\":\"SearchAction\",\"target\":{\"@type\":\"EntryPoint\",\"urlTemplate\":\"https:\\\/\\\/stilanddesign.se\\\/?s={search_term_string}\"},\"query-input\":{\"@type\":\"PropertyValueSpecification\",\"valueRequired\":true,\"valueName\":\"search_term_string\"}}],\"inLanguage\":\"en-US\"},{\"@type\":\"Organization\",\"@id\":\"https:\\\/\\\/stilanddesign.se\\\/#organization\",\"name\":\"Stil &amp; Design\",\"url\":\"https:\\\/\\\/stilanddesign.se\\\/\",\"logo\":{\"@type\":\"ImageObject\",\"inLanguage\":\"en-US\",\"@id\":\"https:\\\/\\\/stilanddesign.se\\\/#\\\/schema\\\/logo\\\/image\\\/\",\"url\":\"https:\\\/\\\/stilanddesign.se\\\/wp-content\\\/uploads\\\/2023\\\/12\\\/output-onlinepngtools-e1727784413220.png\",\"contentUrl\":\"https:\\\/\\\/stilanddesign.se\\\/wp-content\\\/uploads\\\/2023\\\/12\\\/output-onlinepngtools-e1727784413220.png\",\"width\":519,\"height\":135,\"caption\":\"Stil &amp; Design\"},\"image\":{\"@id\":\"https:\\\/\\\/stilanddesign.se\\\/#\\\/schema\\\/logo\\\/image\\\/\"}}]}<\/script>\n<!-- \/ Yoast SEO Premium plugin. -->","yoast_head_json":{"title":"\ud83c\udf38 Tunika med volanger \u2013 feminin & lekfull \u2728 - Stil &amp; Design","robots":{"index":"index","follow":"follow","max-snippet":"max-snippet:-1","max-image-preview":"max-image-preview:large","max-video-preview":"max-video-preview:-1"},"canonical":"https:\/\/stilanddesign.se\/en\/product\/\ud83c\udf38-tunika-med-volanger-feminin-lekfull-\u2728\/","og_locale":"en_US","og_type":"article","og_title":"\ud83c\udf38 Tunika med volanger \u2013 feminin & lekfull \u2728","og_description":"\ud83c\udf38 Tunika med volanger \u2013 feminin &amp; lekfull \u2728 \ud83c\udf38 Laxrosa nyans som ger en mjuk och somrig k\u00e4nsla\ud83d\udcab Vackra volanger\/kr\u00e5s runt halsen f\u00f6r en romantisk look\ud83d\udc5a Res\u00e5r i halsen \u2013 kan b\u00e4ras b\u00e5de klassiskt eller som en singoalla\u2728 L\u00e5ng \u00e4rm med l\u00e4tt puff f\u00f6r en elegant siluett\ud83d\udc4c L\u00f6s och bekv\u00e4m passform \ud83d\udccf Storlekar:\u2022 S\/M \u2013 omkrets ca 112 cm | l\u00e4ngd ca 67 cm\u2022 L\/XL \u2013 omkrets ca 120 cm | l\u00e4ngd ca 68 cm\u27a1\ufe0f N\u00e5got stor i storleken \ud83e\uddf5 Material: 100% polyester\ud83e\udee7 Tv\u00e4tt: 30\u00b0C\ud83d\udd04 Stretch: Ja \ud83d\udc56 Stylingtips: Matcha med jeans eller vita byxor f\u00f6r en fr\u00e4sch look \u2013 eller b\u00e4r den off shoulder f\u00f6r en mer somrig och avslappnad stil \u2600\ufe0f \ud83d\udc96 En h\u00e4rlig tunika som kombinerar komfort med en feminin twist \ud83c\udf38\u2728","og_url":"https:\/\/stilanddesign.se\/en\/product\/\ud83c\udf38-tunika-med-volanger-feminin-lekfull-\u2728\/","og_site_name":"Stil &amp; Design","article_modified_time":"2026-04-29T12:32:25+00:00","twitter_card":"summary_large_image","twitter_misc":{"Est. reading time":"1 minute"},"schema":{"@context":"https:\/\/schema.org","@graph":[{"@type":"WebPage","@id":"https:\/\/stilanddesign.se\/produkt\/%f0%9f%8c%b8-tunika-med-volanger-feminin-lekfull-%e2%9c%a8\/","url":"https:\/\/stilanddesign.se\/produkt\/%f0%9f%8c%b8-tunika-med-volanger-feminin-lekfull-%e2%9c%a8\/","name":"\ud83c\udf38 Tunika med volanger \u2013 feminin & lekfull \u2728 - Stil &amp; Design","isPartOf":{"@id":"https:\/\/stilanddesign.se\/#website"},"primaryImageOfPage":{"@id":"https:\/\/stilanddesign.se\/produkt\/%f0%9f%8c%b8-tunika-med-volanger-feminin-lekfull-%e2%9c%a8\/#primaryimage"},"image":{"@id":"https:\/\/stilanddesign.se\/produkt\/%f0%9f%8c%b8-tunika-med-volanger-feminin-lekfull-%e2%9c%a8\/#primaryimage"},"thumbnailUrl":"https:\/\/stilanddesign.se\/wp-content\/uploads\/2026\/04\/85854544444444444.jpg","datePublished":"2026-04-29T09:24:36+00:00","dateModified":"2026-04-29T12:32:25+00:00","breadcrumb":{"@id":"https:\/\/stilanddesign.se\/produkt\/%f0%9f%8c%b8-tunika-med-volanger-feminin-lekfull-%e2%9c%a8\/#breadcrumb"},"inLanguage":"en-US","potentialAction":[{"@type":"ReadAction","target":["https:\/\/stilanddesign.se\/produkt\/%f0%9f%8c%b8-tunika-med-volanger-feminin-lekfull-%e2%9c%a8\/"]}]},{"@type":"ImageObject","inLanguage":"en-US","@id":"https:\/\/stilanddesign.se\/produkt\/%f0%9f%8c%b8-tunika-med-volanger-feminin-lekfull-%e2%9c%a8\/#primaryimage","url":"https:\/\/stilanddesign.se\/wp-content\/uploads\/2026\/04\/85854544444444444.jpg","contentUrl":"https:\/\/stilanddesign.se\/wp-content\/uploads\/2026\/04\/85854544444444444.jpg","width":480,"height":640,"caption":"Cool tunika med volanger\/kr\u00e5s runt halsen"},{"@type":"BreadcrumbList","@id":"https:\/\/stilanddesign.se\/produkt\/%f0%9f%8c%b8-tunika-med-volanger-feminin-lekfull-%e2%9c%a8\/#breadcrumb","itemListElement":[{"@type":"ListItem","position":1,"name":"Hem","item":"https:\/\/stilanddesign.se\/"},{"@type":"ListItem","position":2,"name":"Butiken","item":"https:\/\/stilanddesign.se\/butiken\/"},{"@type":"ListItem","position":3,"name":"\ud83c\udf38 Tunika med volanger \u2013 feminin &#038; lekfull \u2728"}]},{"@type":"WebSite","@id":"https:\/\/stilanddesign.se\/#website","url":"https:\/\/stilanddesign.se\/","name":"Style &amp; Design","description":"For those of us who love fashion!","publisher":{"@id":"https:\/\/stilanddesign.se\/#organization"},"potentialAction":[{"@type":"SearchAction","target":{"@type":"EntryPoint","urlTemplate":"https:\/\/stilanddesign.se\/?s={search_term_string}"},"query-input":{"@type":"PropertyValueSpecification","valueRequired":true,"valueName":"search_term_string"}}],"inLanguage":"en-US"},{"@type":"Organization","@id":"https:\/\/stilanddesign.se\/#organization","name":"Style &amp; Design","url":"https:\/\/stilanddesign.se\/","logo":{"@type":"ImageObject","inLanguage":"en-US","@id":"https:\/\/stilanddesign.se\/#\/schema\/logo\/image\/","url":"https:\/\/stilanddesign.se\/wp-content\/uploads\/2023\/12\/output-onlinepngtools-e1727784413220.png","contentUrl":"https:\/\/stilanddesign.se\/wp-content\/uploads\/2023\/12\/output-onlinepngtools-e1727784413220.png","width":519,"height":135,"caption":"Stil &amp; Design"},"image":{"@id":"https:\/\/stilanddesign.se\/#\/schema\/logo\/image\/"}}]}},"_links":{"self":[{"href":"https:\/\/stilanddesign.se\/en\/wp-json\/wp\/v2\/product\/1075567","targetHints":{"allow":["GET"]}}],"collection":[{"href":"https:\/\/stilanddesign.se\/en\/wp-json\/wp\/v2\/product"}],"about":[{"href":"https:\/\/stilanddesign.se\/en\/wp-json\/wp\/v2\/types\/product"}],"replies":[{"embeddable":true,"href":"https:\/\/stilanddesign.se\/en\/wp-json\/wp\/v2\/comments?post=1075567"}],"wp:featuredmedia":[{"embeddable":true,"href":"https:\/\/stilanddesign.se\/en\/wp-json\/wp\/v2\/media\/1075566"}],"wp:attachment":[{"href":"https:\/\/stilanddesign.se\/en\/wp-json\/wp\/v2\/media?parent=1075567"}],"wp:term":[{"taxonomy":"product_brand","embeddable":true,"href":"https:\/\/stilanddesign.se\/en\/wp-json\/wp\/v2\/product_brand?post=1075567"},{"taxonomy":"product_cat","embeddable":true,"href":"https:\/\/stilanddesign.se\/en\/wp-json\/wp\/v2\/product_cat?post=1075567"},{"taxonomy":"product_tag","embeddable":true,"href":"https:\/\/stilanddesign.se\/en\/wp-json\/wp\/v2\/product_tag?post=1075567"}],"curies":[{"name":"wp","href":"https:\/\/api.w.org\/{rel}","templated":true}]}}