{"id":1075502,"date":"2026-05-08T14:36:17","date_gmt":"2026-05-08T12:36:17","guid":{"rendered":"https:\/\/stilanddesign.se\/?post_type=product&#038;p=1075502"},"modified":"2026-05-08T20:21:55","modified_gmt":"2026-05-08T18:21:55","slug":"%f0%9f%91%96-kostymbyxa-i-jeanstyg-bekvam-stilren-%e2%9c%a8","status":"publish","type":"product","link":"https:\/\/stilanddesign.se\/en\/product\/%f0%9f%91%96-kostymbyxa-i-jeanstyg-bekvam-stilren-%e2%9c%a8\/","title":{"rendered":"\ud83d\udc56 Denim suit pants \u2013 comfortable &amp; stylish \u2728"},"content":{"rendered":"<p data-start=\"0\" data-end=\"51\">\ud83d\udc56 <strong data-start=\"3\" data-end=\"47\">Suit trousers in denim fabric \u2013 comfortable &amp; stylish<\/strong> \u2728<\/p>\n<p data-start=\"53\" data-end=\"328\">\ud83d\udda4\ud83e\udd0d\ud83e\udd0e Available in three beautiful colors: black, beige &amp; white<br data-start=\"103\" data-end=\"106\" \/>\ud83d\udcab Soft denim feel with lots of comfortable stretch<br data-start=\"156\" data-end=\"159\" \/>\ud83d\udc56 Classic model with pockets on the side and back<br data-start=\"204\" data-end=\"207\" \/>\u2728 Wide and comfortable elastic at the waist<br data-start=\"239\" data-end=\"242\" data-is-only-node=\"\" \/>\ud83d\udc4c Neatly sewn pleats at the bottom of the legs<br data-start=\"278\" data-end=\"281\" \/>\ud83c\udf80 Matching belt included for a complete look<\/p>\n<p data-start=\"330\" data-end=\"378\">\ud83d\udccf <strong data-start=\"333\" data-end=\"345\">Size:<\/strong> One size (fits approx. size 34\u201342)<\/p>\n<p data-start=\"380\" data-end=\"428\">\ud83e\uddf5 Material: 71% viscose, 26% nylon, 3% spandex<\/p>\n<p data-start=\"430\" data-end=\"551\">\ud83d\udc57 <strong data-start=\"433\" data-end=\"449\">Styling tips:<\/strong> Match with a blouse for a dressy look or with a t-shirt and sneakers for a more casual style \ud83d\udc95<\/p>\n<p data-start=\"553\" data-end=\"644\" data-is-last-node=\"\" data-is-only-node=\"\">\ud83d\udc96 A super comfortable pair of trousers that combine style and comfort - perfect for both everyday life and work \u2728<\/p>","protected":false},"excerpt":{"rendered":"<p data-start=\"0\" data-end=\"51\">\ud83d\udc56 <strong data-start=\"3\" data-end=\"47\">Suit trousers in denim fabric \u2013 comfortable &amp; stylish<\/strong> \u2728<\/p>\n<p data-start=\"53\" data-end=\"328\">\ud83d\udda4\ud83e\udd0d\ud83e\udd0e Available in three beautiful colors: black, beige &amp; white<br data-start=\"103\" data-end=\"106\" \/>\ud83d\udcab Soft denim feel with lots of comfortable stretch<br data-start=\"156\" data-end=\"159\" \/>\ud83d\udc56 Classic model with pockets on the side and back<br data-start=\"204\" data-end=\"207\" \/>\u2728 Wide and comfortable elastic at the waist<br data-start=\"239\" data-end=\"242\" data-is-only-node=\"\" \/>\ud83d\udc4c Neatly sewn pleats at the bottom of the legs<br data-start=\"278\" data-end=\"281\" \/>\ud83c\udf80 Matching belt included for a complete look<\/p>\n<p data-start=\"330\" data-end=\"378\">\ud83d\udccf <strong data-start=\"333\" data-end=\"345\">Size:<\/strong> One size (fits approx. size 34\u201342)<\/p>\n<p data-start=\"380\" data-end=\"428\">\ud83e\uddf5 Material: 71% viscose, 26% nylon, 3% spandex<\/p>\n<p data-start=\"430\" data-end=\"551\">\ud83d\udc57 <strong data-start=\"433\" data-end=\"449\">Styling tips:<\/strong> Match with a blouse for a dressy look or with a t-shirt and sneakers for a more casual style \ud83d\udc95<\/p>\n<p data-start=\"553\" data-end=\"644\" data-is-last-node=\"\" data-is-only-node=\"\">\ud83d\udc96 A super comfortable pair of trousers that combine style and comfort - perfect for both everyday life and work \u2728<\/p>","protected":false},"featured_media":1075492,"comment_status":"closed","ping_status":"closed","template":"","meta":[],"product_brand":[],"product_cat":[203,217],"product_tag":[],"class_list":{"0":"post-1075502","1":"product","2":"type-product","3":"status-publish","4":"has-post-thumbnail","6":"product_cat-byxor","7":"product_cat-produktnyheter","9":"first","10":"instock","11":"taxable","12":"shipping-taxable","13":"purchasable","14":"product-type-variable"},"yoast_head":"<!-- This site is optimized with the Yoast SEO Premium plugin v27.4 (Yoast SEO v27.5) - https:\/\/yoast.com\/product\/yoast-seo-premium-wordpress\/ -->\n<title>\ud83d\udc56 Kostymbyxa i jeanstyg \u2013 bekv\u00e4m &amp; stilren \u2728 - Stil &amp; Design<\/title>\n<meta name=\"robots\" content=\"index, follow, max-snippet:-1, max-image-preview:large, max-video-preview:-1\" \/>\n<link rel=\"canonical\" href=\"https:\/\/stilanddesign.se\/en\/product\/\ud83d\udc56-kostymbyxa-i-jeanstyg-bekvam-stilren-\u2728\/\" \/>\n<meta property=\"og:locale\" content=\"en_US\" \/>\n<meta property=\"og:type\" content=\"article\" \/>\n<meta property=\"og:title\" content=\"\ud83d\udc56 Kostymbyxa i jeanstyg \u2013 bekv\u00e4m &amp; stilren \u2728\" \/>\n<meta property=\"og:description\" content=\"\ud83d\udc56 Kostymbyxa i jeanstyg \u2013 bekv\u00e4m &amp; stilren \u2728 \ud83d\udda4\ud83e\udd0d\ud83e\udd0e Finns i tre fina f\u00e4rger: svart, beige &amp; vit\ud83d\udcab Mjuk jeanstygsk\u00e4nsla med massor av sk\u00f6n stretch\ud83d\udc56 Klassisk modell med fickor i sidan och bak\u2728 Bred och bekv\u00e4m res\u00e5r i midjan\ud83d\udc4c Snyggt sytt veck nertill p\u00e5 benen\ud83c\udf80 Matchande b\u00e4lte ing\u00e5r f\u00f6r en komplett look \ud83d\udccf Storlek: One size (passar ca stl 34\u201342) \ud83e\uddf5 Material: 71% viskos, 26% nylon, 3% spandex \ud83d\udc57 Stylingtips: Matcha med en blus f\u00f6r en dressad look eller med t-shirt och sneakers f\u00f6r en mer avslappnad stil \ud83d\udc95 \ud83d\udc96 En superbekv\u00e4m byxa som kombinerar stil och komfort \u2013 perfekt f\u00f6r b\u00e5de vardag och jobb \u2728\" \/>\n<meta property=\"og:url\" content=\"https:\/\/stilanddesign.se\/en\/product\/\ud83d\udc56-kostymbyxa-i-jeanstyg-bekvam-stilren-\u2728\/\" \/>\n<meta property=\"og:site_name\" content=\"Stil &amp; Design\" \/>\n<meta property=\"article:modified_time\" content=\"2026-05-08T18:21:55+00:00\" \/>\n<meta name=\"twitter:card\" content=\"summary_large_image\" \/>\n<meta name=\"twitter:label1\" content=\"Est. reading time\" \/>\n\t<meta name=\"twitter:data1\" content=\"1 minute\" \/>\n<script type=\"application\/ld+json\" class=\"yoast-schema-graph\">{\"@context\":\"https:\\\/\\\/schema.org\",\"@graph\":[{\"@type\":\"WebPage\",\"@id\":\"https:\\\/\\\/stilanddesign.se\\\/produkt\\\/%f0%9f%91%96-kostymbyxa-i-jeanstyg-bekvam-stilren-%e2%9c%a8\\\/\",\"url\":\"https:\\\/\\\/stilanddesign.se\\\/produkt\\\/%f0%9f%91%96-kostymbyxa-i-jeanstyg-bekvam-stilren-%e2%9c%a8\\\/\",\"name\":\"\ud83d\udc56 Kostymbyxa i jeanstyg \u2013 bekv\u00e4m & stilren \u2728 - Stil &amp; Design\",\"isPartOf\":{\"@id\":\"https:\\\/\\\/stilanddesign.se\\\/#website\"},\"primaryImageOfPage\":{\"@id\":\"https:\\\/\\\/stilanddesign.se\\\/produkt\\\/%f0%9f%91%96-kostymbyxa-i-jeanstyg-bekvam-stilren-%e2%9c%a8\\\/#primaryimage\"},\"image\":{\"@id\":\"https:\\\/\\\/stilanddesign.se\\\/produkt\\\/%f0%9f%91%96-kostymbyxa-i-jeanstyg-bekvam-stilren-%e2%9c%a8\\\/#primaryimage\"},\"thumbnailUrl\":\"https:\\\/\\\/stilanddesign.se\\\/wp-content\\\/uploads\\\/2026\\\/04\\\/85858444.jpg\",\"datePublished\":\"2026-05-08T12:36:17+00:00\",\"dateModified\":\"2026-05-08T18:21:55+00:00\",\"breadcrumb\":{\"@id\":\"https:\\\/\\\/stilanddesign.se\\\/produkt\\\/%f0%9f%91%96-kostymbyxa-i-jeanstyg-bekvam-stilren-%e2%9c%a8\\\/#breadcrumb\"},\"inLanguage\":\"en-US\",\"potentialAction\":[{\"@type\":\"ReadAction\",\"target\":[\"https:\\\/\\\/stilanddesign.se\\\/produkt\\\/%f0%9f%91%96-kostymbyxa-i-jeanstyg-bekvam-stilren-%e2%9c%a8\\\/\"]}]},{\"@type\":\"ImageObject\",\"inLanguage\":\"en-US\",\"@id\":\"https:\\\/\\\/stilanddesign.se\\\/produkt\\\/%f0%9f%91%96-kostymbyxa-i-jeanstyg-bekvam-stilren-%e2%9c%a8\\\/#primaryimage\",\"url\":\"https:\\\/\\\/stilanddesign.se\\\/wp-content\\\/uploads\\\/2026\\\/04\\\/85858444.jpg\",\"contentUrl\":\"https:\\\/\\\/stilanddesign.se\\\/wp-content\\\/uploads\\\/2026\\\/04\\\/85858444.jpg\",\"width\":520,\"height\":640,\"caption\":\"Kostymbyxa i jeanstyg\"},{\"@type\":\"BreadcrumbList\",\"@id\":\"https:\\\/\\\/stilanddesign.se\\\/produkt\\\/%f0%9f%91%96-kostymbyxa-i-jeanstyg-bekvam-stilren-%e2%9c%a8\\\/#breadcrumb\",\"itemListElement\":[{\"@type\":\"ListItem\",\"position\":1,\"name\":\"Hem\",\"item\":\"https:\\\/\\\/stilanddesign.se\\\/\"},{\"@type\":\"ListItem\",\"position\":2,\"name\":\"Butiken\",\"item\":\"https:\\\/\\\/stilanddesign.se\\\/butiken\\\/\"},{\"@type\":\"ListItem\",\"position\":3,\"name\":\"\ud83d\udc56 Kostymbyxa i jeanstyg \u2013 bekv\u00e4m &#038; stilren \u2728\"}]},{\"@type\":\"WebSite\",\"@id\":\"https:\\\/\\\/stilanddesign.se\\\/#website\",\"url\":\"https:\\\/\\\/stilanddesign.se\\\/\",\"name\":\"Stil &amp; Design\",\"description\":\"F\u00f6r oss som \u00e4lskar mode!\",\"publisher\":{\"@id\":\"https:\\\/\\\/stilanddesign.se\\\/#organization\"},\"potentialAction\":[{\"@type\":\"SearchAction\",\"target\":{\"@type\":\"EntryPoint\",\"urlTemplate\":\"https:\\\/\\\/stilanddesign.se\\\/?s={search_term_string}\"},\"query-input\":{\"@type\":\"PropertyValueSpecification\",\"valueRequired\":true,\"valueName\":\"search_term_string\"}}],\"inLanguage\":\"en-US\"},{\"@type\":\"Organization\",\"@id\":\"https:\\\/\\\/stilanddesign.se\\\/#organization\",\"name\":\"Stil &amp; Design\",\"url\":\"https:\\\/\\\/stilanddesign.se\\\/\",\"logo\":{\"@type\":\"ImageObject\",\"inLanguage\":\"en-US\",\"@id\":\"https:\\\/\\\/stilanddesign.se\\\/#\\\/schema\\\/logo\\\/image\\\/\",\"url\":\"https:\\\/\\\/stilanddesign.se\\\/wp-content\\\/uploads\\\/2023\\\/12\\\/output-onlinepngtools-e1727784413220.png\",\"contentUrl\":\"https:\\\/\\\/stilanddesign.se\\\/wp-content\\\/uploads\\\/2023\\\/12\\\/output-onlinepngtools-e1727784413220.png\",\"width\":519,\"height\":135,\"caption\":\"Stil &amp; Design\"},\"image\":{\"@id\":\"https:\\\/\\\/stilanddesign.se\\\/#\\\/schema\\\/logo\\\/image\\\/\"}}]}<\/script>\n<!-- \/ Yoast SEO Premium plugin. -->","yoast_head_json":{"title":"\ud83d\udc56 Kostymbyxa i jeanstyg \u2013 bekv\u00e4m & stilren \u2728 - Stil &amp; Design","robots":{"index":"index","follow":"follow","max-snippet":"max-snippet:-1","max-image-preview":"max-image-preview:large","max-video-preview":"max-video-preview:-1"},"canonical":"https:\/\/stilanddesign.se\/en\/product\/\ud83d\udc56-kostymbyxa-i-jeanstyg-bekvam-stilren-\u2728\/","og_locale":"en_US","og_type":"article","og_title":"\ud83d\udc56 Kostymbyxa i jeanstyg \u2013 bekv\u00e4m & stilren \u2728","og_description":"\ud83d\udc56 Kostymbyxa i jeanstyg \u2013 bekv\u00e4m &amp; stilren \u2728 \ud83d\udda4\ud83e\udd0d\ud83e\udd0e Finns i tre fina f\u00e4rger: svart, beige &amp; vit\ud83d\udcab Mjuk jeanstygsk\u00e4nsla med massor av sk\u00f6n stretch\ud83d\udc56 Klassisk modell med fickor i sidan och bak\u2728 Bred och bekv\u00e4m res\u00e5r i midjan\ud83d\udc4c Snyggt sytt veck nertill p\u00e5 benen\ud83c\udf80 Matchande b\u00e4lte ing\u00e5r f\u00f6r en komplett look \ud83d\udccf Storlek: One size (passar ca stl 34\u201342) \ud83e\uddf5 Material: 71% viskos, 26% nylon, 3% spandex \ud83d\udc57 Stylingtips: Matcha med en blus f\u00f6r en dressad look eller med t-shirt och sneakers f\u00f6r en mer avslappnad stil \ud83d\udc95 \ud83d\udc96 En superbekv\u00e4m byxa som kombinerar stil och komfort \u2013 perfekt f\u00f6r b\u00e5de vardag och jobb \u2728","og_url":"https:\/\/stilanddesign.se\/en\/product\/\ud83d\udc56-kostymbyxa-i-jeanstyg-bekvam-stilren-\u2728\/","og_site_name":"Stil &amp; Design","article_modified_time":"2026-05-08T18:21:55+00:00","twitter_card":"summary_large_image","twitter_misc":{"Est. reading time":"1 minute"},"schema":{"@context":"https:\/\/schema.org","@graph":[{"@type":"WebPage","@id":"https:\/\/stilanddesign.se\/produkt\/%f0%9f%91%96-kostymbyxa-i-jeanstyg-bekvam-stilren-%e2%9c%a8\/","url":"https:\/\/stilanddesign.se\/produkt\/%f0%9f%91%96-kostymbyxa-i-jeanstyg-bekvam-stilren-%e2%9c%a8\/","name":"\ud83d\udc56 Kostymbyxa i jeanstyg \u2013 bekv\u00e4m & stilren \u2728 - Stil &amp; Design","isPartOf":{"@id":"https:\/\/stilanddesign.se\/#website"},"primaryImageOfPage":{"@id":"https:\/\/stilanddesign.se\/produkt\/%f0%9f%91%96-kostymbyxa-i-jeanstyg-bekvam-stilren-%e2%9c%a8\/#primaryimage"},"image":{"@id":"https:\/\/stilanddesign.se\/produkt\/%f0%9f%91%96-kostymbyxa-i-jeanstyg-bekvam-stilren-%e2%9c%a8\/#primaryimage"},"thumbnailUrl":"https:\/\/stilanddesign.se\/wp-content\/uploads\/2026\/04\/85858444.jpg","datePublished":"2026-05-08T12:36:17+00:00","dateModified":"2026-05-08T18:21:55+00:00","breadcrumb":{"@id":"https:\/\/stilanddesign.se\/produkt\/%f0%9f%91%96-kostymbyxa-i-jeanstyg-bekvam-stilren-%e2%9c%a8\/#breadcrumb"},"inLanguage":"en-US","potentialAction":[{"@type":"ReadAction","target":["https:\/\/stilanddesign.se\/produkt\/%f0%9f%91%96-kostymbyxa-i-jeanstyg-bekvam-stilren-%e2%9c%a8\/"]}]},{"@type":"ImageObject","inLanguage":"en-US","@id":"https:\/\/stilanddesign.se\/produkt\/%f0%9f%91%96-kostymbyxa-i-jeanstyg-bekvam-stilren-%e2%9c%a8\/#primaryimage","url":"https:\/\/stilanddesign.se\/wp-content\/uploads\/2026\/04\/85858444.jpg","contentUrl":"https:\/\/stilanddesign.se\/wp-content\/uploads\/2026\/04\/85858444.jpg","width":520,"height":640,"caption":"Kostymbyxa i jeanstyg"},{"@type":"BreadcrumbList","@id":"https:\/\/stilanddesign.se\/produkt\/%f0%9f%91%96-kostymbyxa-i-jeanstyg-bekvam-stilren-%e2%9c%a8\/#breadcrumb","itemListElement":[{"@type":"ListItem","position":1,"name":"Hem","item":"https:\/\/stilanddesign.se\/"},{"@type":"ListItem","position":2,"name":"Butiken","item":"https:\/\/stilanddesign.se\/butiken\/"},{"@type":"ListItem","position":3,"name":"\ud83d\udc56 Kostymbyxa i jeanstyg \u2013 bekv\u00e4m &#038; stilren \u2728"}]},{"@type":"WebSite","@id":"https:\/\/stilanddesign.se\/#website","url":"https:\/\/stilanddesign.se\/","name":"Style &amp; Design","description":"For those of us who love fashion!","publisher":{"@id":"https:\/\/stilanddesign.se\/#organization"},"potentialAction":[{"@type":"SearchAction","target":{"@type":"EntryPoint","urlTemplate":"https:\/\/stilanddesign.se\/?s={search_term_string}"},"query-input":{"@type":"PropertyValueSpecification","valueRequired":true,"valueName":"search_term_string"}}],"inLanguage":"en-US"},{"@type":"Organization","@id":"https:\/\/stilanddesign.se\/#organization","name":"Style &amp; Design","url":"https:\/\/stilanddesign.se\/","logo":{"@type":"ImageObject","inLanguage":"en-US","@id":"https:\/\/stilanddesign.se\/#\/schema\/logo\/image\/","url":"https:\/\/stilanddesign.se\/wp-content\/uploads\/2023\/12\/output-onlinepngtools-e1727784413220.png","contentUrl":"https:\/\/stilanddesign.se\/wp-content\/uploads\/2023\/12\/output-onlinepngtools-e1727784413220.png","width":519,"height":135,"caption":"Stil &amp; Design"},"image":{"@id":"https:\/\/stilanddesign.se\/#\/schema\/logo\/image\/"}}]}},"_links":{"self":[{"href":"https:\/\/stilanddesign.se\/en\/wp-json\/wp\/v2\/product\/1075502","targetHints":{"allow":["GET"]}}],"collection":[{"href":"https:\/\/stilanddesign.se\/en\/wp-json\/wp\/v2\/product"}],"about":[{"href":"https:\/\/stilanddesign.se\/en\/wp-json\/wp\/v2\/types\/product"}],"replies":[{"embeddable":true,"href":"https:\/\/stilanddesign.se\/en\/wp-json\/wp\/v2\/comments?post=1075502"}],"wp:featuredmedia":[{"embeddable":true,"href":"https:\/\/stilanddesign.se\/en\/wp-json\/wp\/v2\/media\/1075492"}],"wp:attachment":[{"href":"https:\/\/stilanddesign.se\/en\/wp-json\/wp\/v2\/media?parent=1075502"}],"wp:term":[{"taxonomy":"product_brand","embeddable":true,"href":"https:\/\/stilanddesign.se\/en\/wp-json\/wp\/v2\/product_brand?post=1075502"},{"taxonomy":"product_cat","embeddable":true,"href":"https:\/\/stilanddesign.se\/en\/wp-json\/wp\/v2\/product_cat?post=1075502"},{"taxonomy":"product_tag","embeddable":true,"href":"https:\/\/stilanddesign.se\/en\/wp-json\/wp\/v2\/product_tag?post=1075502"}],"curies":[{"name":"wp","href":"https:\/\/api.w.org\/{rel}","templated":true}]}}