{"id":1075482,"date":"2026-04-29T10:28:07","date_gmt":"2026-04-29T08:28:07","guid":{"rendered":"https:\/\/stilanddesign.se\/?post_type=product&#038;p=1075482"},"modified":"2026-04-30T12:21:04","modified_gmt":"2026-04-30T10:21:04","slug":"%f0%9f%92%99%e2%98%80%ef%b8%8f-snygga-shorts-fran-zabaione-%e2%98%80%ef%b8%8f%f0%9f%92%99-2","status":"publish","type":"product","link":"https:\/\/stilanddesign.se\/en\/product\/%f0%9f%92%99%e2%98%80%ef%b8%8f-snygga-shorts-fran-zabaione-%e2%98%80%ef%b8%8f%f0%9f%92%99-2\/","title":{"rendered":"\ud83d\udc99\u2600\ufe0f Stylish shorts from Zabaione \u2600\ufe0f\ud83d\udc99"},"content":{"rendered":"<p data-start=\"70\" data-end=\"113\">\ud83d\udc99\u2600\ufe0f <strong data-start=\"75\" data-end=\"106\">Stylish shorts from Zabaione<\/strong> \u2600\ufe0f\ud83d\udc99<\/p>\n<p data-start=\"115\" data-end=\"206\">A pair of stylish and comfortable shorts in a nice denim blue shade - perfect for warm days \ud83d\ude0d<\/p>\n<p data-start=\"208\" data-end=\"413\">The soft cotton quality with stretch makes them incredibly comfortable to wear, while also fitting nicely and comfortably \ud83d\udcab<br data-start=\"327\" data-end=\"330\" \/>The nice pleats at the front give an elegant touch and create a flattering fit \ud83e\udd0d<\/p>\n<p data-start=\"415\" data-end=\"500\">And the best part? <strong data-start=\"430\" data-end=\"457\">The stylish belt is included<\/strong> \ud83e\udd0e\u2728 \u2013 which makes the look complete instantly!<\/p>\n<p data-start=\"502\" data-end=\"597\">Perfect to match with a top, shirt or tank top for a relaxed yet chic summer style \ud83c\udf3f<\/p>\n<p data-start=\"599\" data-end=\"754\">\u2728 <strong data-start=\"601\" data-end=\"614\">Details:<\/strong><br data-start=\"614\" data-end=\"617\" \/>\ud83d\udc99 Elastic waist for a comfortable fit<br data-start=\"652\" data-end=\"655\" \/>\ud83d\udc99 Stylish pleats at the front<br data-start=\"678\" data-end=\"681\" \/>\ud83d\udc99 Belt included \ud83e\udd0e<br data-start=\"698\" data-end=\"701\" \/>\ud83d\udc99 Soft and stretchy quality<br data-start=\"731\" data-end=\"734\" \/>\ud83d\udc99 Easy to style<\/p>\n<p data-start=\"756\" data-end=\"844\">\ud83e\uddf5 <strong data-start=\"759\" data-end=\"772\">Material:<\/strong> 95% cotton, 5% elastane<br data-start=\"795\" data-end=\"798\" \/>\ud83d\udccf <strong data-start=\"801\" data-end=\"813\">Size:<\/strong> S\u2013XXL<br data-start=\"819\" data-end=\"822\" \/>\ud83e\udee7 <strong data-start=\"825\" data-end=\"838\">Washing instructions:<\/strong> 30\u00b0<\/p>\n<p data-start=\"846\" data-end=\"937\">A couple <strong data-start=\"854\" data-end=\"870\">must-have shorts<\/strong> in the wardrobe - both comfortable, stylish and ready for summer \ud83d\ude0d\u2600\ufe0f\ud83d\udc99<\/p>","protected":false},"excerpt":{"rendered":"<p data-start=\"70\" data-end=\"113\">\ud83d\udc99\u2600\ufe0f <strong data-start=\"75\" data-end=\"106\">Stylish shorts from Zabaione<\/strong> \u2600\ufe0f\ud83d\udc99<\/p>\n<p data-start=\"115\" data-end=\"206\">A pair of stylish and comfortable shorts in a nice denim blue shade - perfect for warm days \ud83d\ude0d<\/p>\n<p data-start=\"208\" data-end=\"413\">The soft cotton quality with stretch makes them incredibly comfortable to wear, while also fitting nicely and comfortably \ud83d\udcab<br data-start=\"327\" data-end=\"330\" \/>The nice pleats at the front give an elegant touch and create a flattering fit \ud83e\udd0d<\/p>\n<p data-start=\"415\" data-end=\"500\">And the best part? <strong data-start=\"430\" data-end=\"457\">The stylish belt is included<\/strong> \ud83e\udd0e\u2728 \u2013 which makes the look complete instantly!<\/p>\n<p data-start=\"502\" data-end=\"597\">Perfect to match with a top, shirt or tank top for a relaxed yet chic summer style \ud83c\udf3f<\/p>\n<p data-start=\"599\" data-end=\"754\">\u2728 <strong data-start=\"601\" data-end=\"614\">Details:<\/strong><br data-start=\"614\" data-end=\"617\" \/>\ud83d\udc99 Elastic waist for a comfortable fit<br data-start=\"652\" data-end=\"655\" \/>\ud83d\udc99 Stylish pleats at the front<br data-start=\"678\" data-end=\"681\" \/>\ud83d\udc99 Belt included \ud83e\udd0e<br data-start=\"698\" data-end=\"701\" \/>\ud83d\udc99 Soft and stretchy quality<br data-start=\"731\" data-end=\"734\" \/>\ud83d\udc99 Easy to style<\/p>\n<p data-start=\"756\" data-end=\"844\">\ud83e\uddf5 <strong data-start=\"759\" data-end=\"772\">Material:<\/strong> 95% cotton, 5% elastane<br data-start=\"795\" data-end=\"798\" \/>\ud83d\udccf <strong data-start=\"801\" data-end=\"813\">Size:<\/strong> S\u2013XXL<br data-start=\"819\" data-end=\"822\" \/>\ud83e\udee7 <strong data-start=\"825\" data-end=\"838\">Washing instructions:<\/strong> 30\u00b0<\/p>\n<p data-start=\"846\" data-end=\"937\">A couple <strong data-start=\"854\" data-end=\"870\">must-have shorts<\/strong> in the wardrobe - both comfortable, stylish and ready for summer \ud83d\ude0d\u2600\ufe0f\ud83d\udc99<\/p>","protected":false},"featured_media":1075490,"comment_status":"closed","ping_status":"closed","template":"","meta":[],"product_brand":[],"product_cat":[217,229],"product_tag":[],"class_list":{"0":"post-1075482","1":"product","2":"type-product","3":"status-publish","4":"has-post-thumbnail","6":"product_cat-produktnyheter","7":"product_cat-shorts","9":"first","10":"instock","11":"taxable","12":"shipping-taxable","13":"purchasable","14":"product-type-variable"},"yoast_head":"<!-- This site is optimized with the Yoast SEO Premium plugin v27.4 (Yoast SEO v27.5) - https:\/\/yoast.com\/product\/yoast-seo-premium-wordpress\/ -->\n<title>\ud83d\udc99\u2600\ufe0f Snygga shorts fr\u00e5n Zabaione \u2600\ufe0f\ud83d\udc99 - Stil &amp; Design<\/title>\n<meta name=\"robots\" content=\"index, follow, max-snippet:-1, max-image-preview:large, max-video-preview:-1\" \/>\n<link rel=\"canonical\" href=\"https:\/\/stilanddesign.se\/en\/product\/\ud83d\udc99\u2600\ufe0f-snygga-shorts-fran-zabaione-\u2600\ufe0f\ud83d\udc99-2\/\" \/>\n<meta property=\"og:locale\" content=\"en_US\" \/>\n<meta property=\"og:type\" content=\"article\" \/>\n<meta property=\"og:title\" content=\"\ud83d\udc99\u2600\ufe0f Snygga shorts fr\u00e5n Zabaione \u2600\ufe0f\ud83d\udc99\" \/>\n<meta property=\"og:description\" content=\"\ud83d\udc99\u2600\ufe0f Snygga shorts fr\u00e5n Zabaione \u2600\ufe0f\ud83d\udc99 Ett par stilrena och bekv\u00e4ma shorts i en fin jeansbl\u00e5 nyans \u2013 perfekta f\u00f6r varma dagar \ud83d\ude0d Den mjuka bomullskvaliteten med stretch g\u00f6r dem otroligt sk\u00f6na att b\u00e4ra, samtidigt som de sitter snyggt och f\u00f6ljsamt \ud83d\udcabDe fina vecken framtill ger en elegant touch och skapar en smickrande passform \ud83e\udd0d Och det b\u00e4sta? Det snygga b\u00e4ltet ing\u00e5r \ud83e\udd0e\u2728 \u2013 vilket g\u00f6r looken komplett direkt! Perfekta att matcha med en topp, skjorta eller linne f\u00f6r en avslappnad men chic sommarstil \ud83c\udf3f \u2728 Detaljer:\ud83d\udc99 Res\u00e5r i midjan f\u00f6r sk\u00f6n passform\ud83d\udc99 Snygga veck framtill\ud83d\udc99 B\u00e4lte ing\u00e5r \ud83e\udd0e\ud83d\udc99 Mjuk och stretchig kvalitet\ud83d\udc99 L\u00e4tta att styla \ud83e\uddf5 Material: 95% bomull, 5% elastan\ud83d\udccf Storlek: S\u2013XXL\ud83e\udee7 Tv\u00e4ttr\u00e5d: 30\u00b0 Ett par m\u00e5ste-shorts i garderoben \u2013 b\u00e5de bekv\u00e4ma, snygga och redo f\u00f6r sommaren \ud83d\ude0d\u2600\ufe0f\ud83d\udc99\" \/>\n<meta property=\"og:url\" content=\"https:\/\/stilanddesign.se\/en\/product\/\ud83d\udc99\u2600\ufe0f-snygga-shorts-fran-zabaione-\u2600\ufe0f\ud83d\udc99-2\/\" \/>\n<meta property=\"og:site_name\" content=\"Stil &amp; Design\" \/>\n<meta property=\"article:modified_time\" content=\"2026-04-30T10:21:04+00:00\" \/>\n<meta property=\"og:image\" content=\"https:\/\/stilanddesign.se\/wp-content\/uploads\/2026\/04\/4070709033445_1.jpg\" \/>\n\t<meta property=\"og:image:width\" content=\"889\" \/>\n\t<meta property=\"og:image:height\" content=\"1280\" \/>\n\t<meta property=\"og:image:type\" content=\"image\/jpeg\" \/>\n<meta name=\"twitter:card\" content=\"summary_large_image\" \/>\n<meta name=\"twitter:label1\" content=\"Est. reading time\" \/>\n\t<meta name=\"twitter:data1\" content=\"1 minute\" \/>\n<script type=\"application\/ld+json\" class=\"yoast-schema-graph\">{\"@context\":\"https:\\\/\\\/schema.org\",\"@graph\":[{\"@type\":\"WebPage\",\"@id\":\"https:\\\/\\\/stilanddesign.se\\\/produkt\\\/%f0%9f%92%99%e2%98%80%ef%b8%8f-snygga-shorts-fran-zabaione-%e2%98%80%ef%b8%8f%f0%9f%92%99-2\\\/\",\"url\":\"https:\\\/\\\/stilanddesign.se\\\/produkt\\\/%f0%9f%92%99%e2%98%80%ef%b8%8f-snygga-shorts-fran-zabaione-%e2%98%80%ef%b8%8f%f0%9f%92%99-2\\\/\",\"name\":\"\ud83d\udc99\u2600\ufe0f Snygga shorts fr\u00e5n Zabaione \u2600\ufe0f\ud83d\udc99 - Stil &amp; Design\",\"isPartOf\":{\"@id\":\"https:\\\/\\\/stilanddesign.se\\\/#website\"},\"primaryImageOfPage\":{\"@id\":\"https:\\\/\\\/stilanddesign.se\\\/produkt\\\/%f0%9f%92%99%e2%98%80%ef%b8%8f-snygga-shorts-fran-zabaione-%e2%98%80%ef%b8%8f%f0%9f%92%99-2\\\/#primaryimage\"},\"image\":{\"@id\":\"https:\\\/\\\/stilanddesign.se\\\/produkt\\\/%f0%9f%92%99%e2%98%80%ef%b8%8f-snygga-shorts-fran-zabaione-%e2%98%80%ef%b8%8f%f0%9f%92%99-2\\\/#primaryimage\"},\"thumbnailUrl\":\"https:\\\/\\\/stilanddesign.se\\\/wp-content\\\/uploads\\\/2026\\\/04\\\/4070709033445_1.jpg\",\"datePublished\":\"2026-04-29T08:28:07+00:00\",\"dateModified\":\"2026-04-30T10:21:04+00:00\",\"breadcrumb\":{\"@id\":\"https:\\\/\\\/stilanddesign.se\\\/produkt\\\/%f0%9f%92%99%e2%98%80%ef%b8%8f-snygga-shorts-fran-zabaione-%e2%98%80%ef%b8%8f%f0%9f%92%99-2\\\/#breadcrumb\"},\"inLanguage\":\"en-US\",\"potentialAction\":[{\"@type\":\"ReadAction\",\"target\":[\"https:\\\/\\\/stilanddesign.se\\\/produkt\\\/%f0%9f%92%99%e2%98%80%ef%b8%8f-snygga-shorts-fran-zabaione-%e2%98%80%ef%b8%8f%f0%9f%92%99-2\\\/\"]}]},{\"@type\":\"ImageObject\",\"inLanguage\":\"en-US\",\"@id\":\"https:\\\/\\\/stilanddesign.se\\\/produkt\\\/%f0%9f%92%99%e2%98%80%ef%b8%8f-snygga-shorts-fran-zabaione-%e2%98%80%ef%b8%8f%f0%9f%92%99-2\\\/#primaryimage\",\"url\":\"https:\\\/\\\/stilanddesign.se\\\/wp-content\\\/uploads\\\/2026\\\/04\\\/4070709033445_1.jpg\",\"contentUrl\":\"https:\\\/\\\/stilanddesign.se\\\/wp-content\\\/uploads\\\/2026\\\/04\\\/4070709033445_1.jpg\",\"width\":889,\"height\":1280},{\"@type\":\"BreadcrumbList\",\"@id\":\"https:\\\/\\\/stilanddesign.se\\\/produkt\\\/%f0%9f%92%99%e2%98%80%ef%b8%8f-snygga-shorts-fran-zabaione-%e2%98%80%ef%b8%8f%f0%9f%92%99-2\\\/#breadcrumb\",\"itemListElement\":[{\"@type\":\"ListItem\",\"position\":1,\"name\":\"Hem\",\"item\":\"https:\\\/\\\/stilanddesign.se\\\/\"},{\"@type\":\"ListItem\",\"position\":2,\"name\":\"Butiken\",\"item\":\"https:\\\/\\\/stilanddesign.se\\\/butiken\\\/\"},{\"@type\":\"ListItem\",\"position\":3,\"name\":\"\ud83d\udc99\u2600\ufe0f Snygga shorts fr\u00e5n Zabaione \u2600\ufe0f\ud83d\udc99\"}]},{\"@type\":\"WebSite\",\"@id\":\"https:\\\/\\\/stilanddesign.se\\\/#website\",\"url\":\"https:\\\/\\\/stilanddesign.se\\\/\",\"name\":\"Stil &amp; Design\",\"description\":\"F\u00f6r oss som \u00e4lskar mode!\",\"publisher\":{\"@id\":\"https:\\\/\\\/stilanddesign.se\\\/#organization\"},\"potentialAction\":[{\"@type\":\"SearchAction\",\"target\":{\"@type\":\"EntryPoint\",\"urlTemplate\":\"https:\\\/\\\/stilanddesign.se\\\/?s={search_term_string}\"},\"query-input\":{\"@type\":\"PropertyValueSpecification\",\"valueRequired\":true,\"valueName\":\"search_term_string\"}}],\"inLanguage\":\"en-US\"},{\"@type\":\"Organization\",\"@id\":\"https:\\\/\\\/stilanddesign.se\\\/#organization\",\"name\":\"Stil &amp; Design\",\"url\":\"https:\\\/\\\/stilanddesign.se\\\/\",\"logo\":{\"@type\":\"ImageObject\",\"inLanguage\":\"en-US\",\"@id\":\"https:\\\/\\\/stilanddesign.se\\\/#\\\/schema\\\/logo\\\/image\\\/\",\"url\":\"https:\\\/\\\/stilanddesign.se\\\/wp-content\\\/uploads\\\/2023\\\/12\\\/output-onlinepngtools-e1727784413220.png\",\"contentUrl\":\"https:\\\/\\\/stilanddesign.se\\\/wp-content\\\/uploads\\\/2023\\\/12\\\/output-onlinepngtools-e1727784413220.png\",\"width\":519,\"height\":135,\"caption\":\"Stil &amp; Design\"},\"image\":{\"@id\":\"https:\\\/\\\/stilanddesign.se\\\/#\\\/schema\\\/logo\\\/image\\\/\"}}]}<\/script>\n<!-- \/ Yoast SEO Premium plugin. -->","yoast_head_json":{"title":"\ud83d\udc99\u2600\ufe0f Snygga shorts fr\u00e5n Zabaione \u2600\ufe0f\ud83d\udc99 - Stil &amp; Design","robots":{"index":"index","follow":"follow","max-snippet":"max-snippet:-1","max-image-preview":"max-image-preview:large","max-video-preview":"max-video-preview:-1"},"canonical":"https:\/\/stilanddesign.se\/en\/product\/\ud83d\udc99\u2600\ufe0f-snygga-shorts-fran-zabaione-\u2600\ufe0f\ud83d\udc99-2\/","og_locale":"en_US","og_type":"article","og_title":"\ud83d\udc99\u2600\ufe0f Snygga shorts fr\u00e5n Zabaione \u2600\ufe0f\ud83d\udc99","og_description":"\ud83d\udc99\u2600\ufe0f Snygga shorts fr\u00e5n Zabaione \u2600\ufe0f\ud83d\udc99 Ett par stilrena och bekv\u00e4ma shorts i en fin jeansbl\u00e5 nyans \u2013 perfekta f\u00f6r varma dagar \ud83d\ude0d Den mjuka bomullskvaliteten med stretch g\u00f6r dem otroligt sk\u00f6na att b\u00e4ra, samtidigt som de sitter snyggt och f\u00f6ljsamt \ud83d\udcabDe fina vecken framtill ger en elegant touch och skapar en smickrande passform \ud83e\udd0d Och det b\u00e4sta? Det snygga b\u00e4ltet ing\u00e5r \ud83e\udd0e\u2728 \u2013 vilket g\u00f6r looken komplett direkt! Perfekta att matcha med en topp, skjorta eller linne f\u00f6r en avslappnad men chic sommarstil \ud83c\udf3f \u2728 Detaljer:\ud83d\udc99 Res\u00e5r i midjan f\u00f6r sk\u00f6n passform\ud83d\udc99 Snygga veck framtill\ud83d\udc99 B\u00e4lte ing\u00e5r \ud83e\udd0e\ud83d\udc99 Mjuk och stretchig kvalitet\ud83d\udc99 L\u00e4tta att styla \ud83e\uddf5 Material: 95% bomull, 5% elastan\ud83d\udccf Storlek: S\u2013XXL\ud83e\udee7 Tv\u00e4ttr\u00e5d: 30\u00b0 Ett par m\u00e5ste-shorts i garderoben \u2013 b\u00e5de bekv\u00e4ma, snygga och redo f\u00f6r sommaren \ud83d\ude0d\u2600\ufe0f\ud83d\udc99","og_url":"https:\/\/stilanddesign.se\/en\/product\/\ud83d\udc99\u2600\ufe0f-snygga-shorts-fran-zabaione-\u2600\ufe0f\ud83d\udc99-2\/","og_site_name":"Stil &amp; Design","article_modified_time":"2026-04-30T10:21:04+00:00","og_image":[{"width":889,"height":1280,"url":"https:\/\/stilanddesign.se\/wp-content\/uploads\/2026\/04\/4070709033445_1.jpg","type":"image\/jpeg"}],"twitter_card":"summary_large_image","twitter_misc":{"Est. reading time":"1 minute"},"schema":{"@context":"https:\/\/schema.org","@graph":[{"@type":"WebPage","@id":"https:\/\/stilanddesign.se\/produkt\/%f0%9f%92%99%e2%98%80%ef%b8%8f-snygga-shorts-fran-zabaione-%e2%98%80%ef%b8%8f%f0%9f%92%99-2\/","url":"https:\/\/stilanddesign.se\/produkt\/%f0%9f%92%99%e2%98%80%ef%b8%8f-snygga-shorts-fran-zabaione-%e2%98%80%ef%b8%8f%f0%9f%92%99-2\/","name":"\ud83d\udc99\u2600\ufe0f Snygga shorts fr\u00e5n Zabaione \u2600\ufe0f\ud83d\udc99 - Stil &amp; Design","isPartOf":{"@id":"https:\/\/stilanddesign.se\/#website"},"primaryImageOfPage":{"@id":"https:\/\/stilanddesign.se\/produkt\/%f0%9f%92%99%e2%98%80%ef%b8%8f-snygga-shorts-fran-zabaione-%e2%98%80%ef%b8%8f%f0%9f%92%99-2\/#primaryimage"},"image":{"@id":"https:\/\/stilanddesign.se\/produkt\/%f0%9f%92%99%e2%98%80%ef%b8%8f-snygga-shorts-fran-zabaione-%e2%98%80%ef%b8%8f%f0%9f%92%99-2\/#primaryimage"},"thumbnailUrl":"https:\/\/stilanddesign.se\/wp-content\/uploads\/2026\/04\/4070709033445_1.jpg","datePublished":"2026-04-29T08:28:07+00:00","dateModified":"2026-04-30T10:21:04+00:00","breadcrumb":{"@id":"https:\/\/stilanddesign.se\/produkt\/%f0%9f%92%99%e2%98%80%ef%b8%8f-snygga-shorts-fran-zabaione-%e2%98%80%ef%b8%8f%f0%9f%92%99-2\/#breadcrumb"},"inLanguage":"en-US","potentialAction":[{"@type":"ReadAction","target":["https:\/\/stilanddesign.se\/produkt\/%f0%9f%92%99%e2%98%80%ef%b8%8f-snygga-shorts-fran-zabaione-%e2%98%80%ef%b8%8f%f0%9f%92%99-2\/"]}]},{"@type":"ImageObject","inLanguage":"en-US","@id":"https:\/\/stilanddesign.se\/produkt\/%f0%9f%92%99%e2%98%80%ef%b8%8f-snygga-shorts-fran-zabaione-%e2%98%80%ef%b8%8f%f0%9f%92%99-2\/#primaryimage","url":"https:\/\/stilanddesign.se\/wp-content\/uploads\/2026\/04\/4070709033445_1.jpg","contentUrl":"https:\/\/stilanddesign.se\/wp-content\/uploads\/2026\/04\/4070709033445_1.jpg","width":889,"height":1280},{"@type":"BreadcrumbList","@id":"https:\/\/stilanddesign.se\/produkt\/%f0%9f%92%99%e2%98%80%ef%b8%8f-snygga-shorts-fran-zabaione-%e2%98%80%ef%b8%8f%f0%9f%92%99-2\/#breadcrumb","itemListElement":[{"@type":"ListItem","position":1,"name":"Hem","item":"https:\/\/stilanddesign.se\/"},{"@type":"ListItem","position":2,"name":"Butiken","item":"https:\/\/stilanddesign.se\/butiken\/"},{"@type":"ListItem","position":3,"name":"\ud83d\udc99\u2600\ufe0f Snygga shorts fr\u00e5n Zabaione \u2600\ufe0f\ud83d\udc99"}]},{"@type":"WebSite","@id":"https:\/\/stilanddesign.se\/#website","url":"https:\/\/stilanddesign.se\/","name":"Style &amp; Design","description":"For those of us who love fashion!","publisher":{"@id":"https:\/\/stilanddesign.se\/#organization"},"potentialAction":[{"@type":"SearchAction","target":{"@type":"EntryPoint","urlTemplate":"https:\/\/stilanddesign.se\/?s={search_term_string}"},"query-input":{"@type":"PropertyValueSpecification","valueRequired":true,"valueName":"search_term_string"}}],"inLanguage":"en-US"},{"@type":"Organization","@id":"https:\/\/stilanddesign.se\/#organization","name":"Style &amp; Design","url":"https:\/\/stilanddesign.se\/","logo":{"@type":"ImageObject","inLanguage":"en-US","@id":"https:\/\/stilanddesign.se\/#\/schema\/logo\/image\/","url":"https:\/\/stilanddesign.se\/wp-content\/uploads\/2023\/12\/output-onlinepngtools-e1727784413220.png","contentUrl":"https:\/\/stilanddesign.se\/wp-content\/uploads\/2023\/12\/output-onlinepngtools-e1727784413220.png","width":519,"height":135,"caption":"Stil &amp; Design"},"image":{"@id":"https:\/\/stilanddesign.se\/#\/schema\/logo\/image\/"}}]}},"_links":{"self":[{"href":"https:\/\/stilanddesign.se\/en\/wp-json\/wp\/v2\/product\/1075482","targetHints":{"allow":["GET"]}}],"collection":[{"href":"https:\/\/stilanddesign.se\/en\/wp-json\/wp\/v2\/product"}],"about":[{"href":"https:\/\/stilanddesign.se\/en\/wp-json\/wp\/v2\/types\/product"}],"replies":[{"embeddable":true,"href":"https:\/\/stilanddesign.se\/en\/wp-json\/wp\/v2\/comments?post=1075482"}],"wp:featuredmedia":[{"embeddable":true,"href":"https:\/\/stilanddesign.se\/en\/wp-json\/wp\/v2\/media\/1075490"}],"wp:attachment":[{"href":"https:\/\/stilanddesign.se\/en\/wp-json\/wp\/v2\/media?parent=1075482"}],"wp:term":[{"taxonomy":"product_brand","embeddable":true,"href":"https:\/\/stilanddesign.se\/en\/wp-json\/wp\/v2\/product_brand?post=1075482"},{"taxonomy":"product_cat","embeddable":true,"href":"https:\/\/stilanddesign.se\/en\/wp-json\/wp\/v2\/product_cat?post=1075482"},{"taxonomy":"product_tag","embeddable":true,"href":"https:\/\/stilanddesign.se\/en\/wp-json\/wp\/v2\/product_tag?post=1075482"}],"curies":[{"name":"wp","href":"https:\/\/api.w.org\/{rel}","templated":true}]}}